{"id":80961,"date":"2025-06-23T13:06:02","date_gmt":"2025-06-23T12:06:02","guid":{"rendered":"https:\/\/truusk.store\/product\/gungstol-gungstol-med-hog-ryggstod-cord-look-svangstol-avslappningsstol-med-breda-armstod-traskidor-amningsstol-for-vardagsrum-sovrum-balkong-ljusgra\/"},"modified":"2026-03-12T08:44:53","modified_gmt":"2026-03-12T07:44:53","slug":"truusk-gungstol-med-hog-ryggstod-cord-look-svangstol-med-breda-armstod-traskidor-amningsstol-for-vardagsrum-sovrum","status":"publish","type":"product","link":"https:\/\/truusk.store\/sv\/produkt\/truusk-gungstol-med-hog-ryggstod-cord-look-svangstol-med-breda-armstod-traskidor-amningsstol-for-vardagsrum-sovrum\/","title":{"rendered":"TRUUSK Gungstol med H\u00f6g Ryggst\u00f6d &#8211; Cord-look &#8211; Sv\u00e4ngstol med Breda Armst\u00f6d &#8211; Tr\u00e4skidor &#8211; Amningsstol f\u00f6r Vardagsrum, Sovrum,"},"content":{"rendered":"<p>Njut av avkopplande stunder med den stiliga TRUUSK gungstolen. Den mjuka gungande r\u00f6relsen fr\u00e5n 90\u00b0 till 115\u00b0, den mjuka cordkl\u00e4dseln och det h\u00f6gdensitets skumstoppningen garanterar komfort i en attraktiv retrodesign. Den ergonomiskt formade ryggst\u00f6det och de breda armst\u00f6den p\u00e5 gungstolen st\u00f6der dig kontinuerligt, medan det stabila, mjukt b\u00f6jda ramen erbjuder extra avkoppling. Ett oumb\u00e4rligt element f\u00f6r ditt hem.<\/p>\n<p>Beskrivning:<\/p>\n<ul>\n<li> 90\u00b0 till 115\u00b0 gungande r\u00f6relse lugnar och avkopplar effektivt<\/li>\n<li> Cordtyg med h\u00f6gdensitetsskum f\u00f6r \u00f6verl\u00e4gsen komfort<\/li>\n<li> Ergonomiskt ryggst\u00f6d p\u00e5 gungstolen st\u00f6der l\u00e4ngre sittande<\/li>\n<li> Breda armst\u00f6d \u00f6kar sittkomforten<\/li>\n<li> Stor sits, l\u00e4mplig f\u00f6r olika kroppsstorlekar<\/li>\n<li> Robust ram p\u00e5 gungstolen av gummitr\u00e4 garanterar h\u00e5llbarhet<\/li>\n<li> Anti-glidpads f\u00f6rhindrar skador p\u00e5 golvet<\/li>\n<li> Maximal belastning: 120 kg. Montering kr\u00e4vs<\/li>\n<\/ul>\n<p> Tekniska data:<\/p>\n<ul>\n<li> F\u00e4rg: Ljusgr\u00e5<\/li>\n<li> Material: Cordtyg (100 % polyester), skum, gummitr\u00e4<\/li>\n<li> Totala dimensioner: 72B x 97D x 100H cm<\/li>\n<li> Sitsdimensioner: 50B x 55D x 40-47H cm<\/li>\n<li> Ryggm\u00e5tt: 70B x 70D cm<\/li>\n<li> Ryggtjocklek: 8 cm<\/li>\n<li> Armst\u00f6dsdimensioner: 50L x 10B cm<\/li>\n<li> Armst\u00f6dsh\u00f6jd till sits: 20 cm<\/li>\n<li> Belastningskapacitet: 120 kg<\/li>\n<\/ul>\n<p>Leveransinneh\u00e5ll:<\/p>\n<ul>\n<li> 1 x Gungstol<\/li>\n<li> 1 x Bruksanvisning<\/li>\n<\/ul>\n","protected":false},"excerpt":{"rendered":"<p>Njut av avkopplande stunder med den stiliga TRUUSK gungstolen. Den mjuka gungande r\u00f6relsen fr\u00e5n 90\u00b0 till 115\u00b0, den mjuka cordkl\u00e4dseln&#8230;<\/p>\n","protected":false},"featured_media":80952,"template":"","meta":[],"product_brand":[],"product_cat":[520,871,910],"product_tag":[],"class_list":{"0":"post-80961","1":"product","2":"type-product","3":"status-publish","4":"has-post-thumbnail","6":"product_cat-gungstolar","7":"product_cat-hus-hem","8":"product_cat-vardagsrum","10":"first","11":"instock","12":"sale","13":"taxable","14":"shipping-taxable","15":"purchasable","16":"product-type-simple"},"yoast_head":"<!-- This site is optimized with the Yoast SEO plugin v25.4 - https:\/\/yoast.com\/wordpress\/plugins\/seo\/ -->\n<title>TRUUSK Gungstol med H\u00f6g Ryggst\u00f6d - Cord-look - Sv\u00e4ngstol med Breda Armst\u00f6d - Tr\u00e4skidor - Amningsstol f\u00f6r Vardagsrum, Sovrum, - TRUUSK - Hem, Tr\u00e4dg\u00e5rd &amp; Fritid<\/title>\n<meta name=\"robots\" content=\"index, follow, max-snippet:-1, max-image-preview:large, max-video-preview:-1\" \/>\n<link rel=\"canonical\" href=\"https:\/\/truusk.store\/sv\/produkt\/truusk-gungstol-med-hog-ryggstod-cord-look-svangstol-med-breda-armstod-traskidor-amningsstol-for-vardagsrum-sovrum\/\" \/>\n<meta property=\"og:locale\" content=\"sv_SE\" \/>\n<meta property=\"og:type\" content=\"article\" \/>\n<meta property=\"og:title\" content=\"TRUUSK Gungstol med H\u00f6g Ryggst\u00f6d - Cord-look - Sv\u00e4ngstol med Breda Armst\u00f6d - Tr\u00e4skidor - Amningsstol f\u00f6r Vardagsrum, Sovrum, - TRUUSK - Hem, Tr\u00e4dg\u00e5rd &amp; Fritid\" \/>\n<meta property=\"og:description\" content=\"Njut av avkopplande stunder med den stiliga TRUUSK gungstolen. Den mjuka gungande r\u00f6relsen fr\u00e5n 90\u00b0 till 115\u00b0, den mjuka cordkl\u00e4dseln...\" \/>\n<meta property=\"og:url\" content=\"https:\/\/truusk.store\/sv\/produkt\/truusk-gungstol-med-hog-ryggstod-cord-look-svangstol-med-breda-armstod-traskidor-amningsstol-for-vardagsrum-sovrum\/\" \/>\n<meta property=\"og:site_name\" content=\"TRUUSK - Hem, Tr\u00e4dg\u00e5rd &amp; Fritid\" \/>\n<meta property=\"article:modified_time\" content=\"2026-03-12T07:44:53+00:00\" \/>\n<meta property=\"og:image\" content=\"https:\/\/i0.wp.com\/truusk.se\/wp-content\/uploads\/2025\/06\/gungstol-gungstol-med-hog-ryggstod-cord-look-svangstol-avslappningsstol-med-breda-armstod-traskidor-amningsstol-for-vardagsrum-sovrum-balkong-ljusgra-1.webp?fit=2000%2C2000&ssl=1\" \/>\n\t<meta property=\"og:image:width\" content=\"2000\" \/>\n\t<meta property=\"og:image:height\" content=\"2000\" \/>\n\t<meta property=\"og:image:type\" content=\"image\/webp\" \/>\n<meta name=\"twitter:card\" content=\"summary_large_image\" \/>\n<meta name=\"twitter:label1\" content=\"Ber\u00e4knad l\u00e4stid\" \/>\n\t<meta name=\"twitter:data1\" content=\"1 minut\" \/>\n<!-- \/ Yoast SEO plugin. -->","yoast_head_json":{"title":"TRUUSK Gungstol med H\u00f6g Ryggst\u00f6d - Cord-look - Sv\u00e4ngstol med Breda Armst\u00f6d - Tr\u00e4skidor - Amningsstol f\u00f6r Vardagsrum, Sovrum, - TRUUSK - Hem, Tr\u00e4dg\u00e5rd &amp; Fritid","robots":{"index":"index","follow":"follow","max-snippet":"max-snippet:-1","max-image-preview":"max-image-preview:large","max-video-preview":"max-video-preview:-1"},"canonical":"https:\/\/truusk.store\/sv\/produkt\/truusk-gungstol-med-hog-ryggstod-cord-look-svangstol-med-breda-armstod-traskidor-amningsstol-for-vardagsrum-sovrum\/","og_locale":"sv_SE","og_type":"article","og_title":"TRUUSK Gungstol med H\u00f6g Ryggst\u00f6d - Cord-look - Sv\u00e4ngstol med Breda Armst\u00f6d - Tr\u00e4skidor - Amningsstol f\u00f6r Vardagsrum, Sovrum, - TRUUSK - Hem, Tr\u00e4dg\u00e5rd &amp; Fritid","og_description":"Njut av avkopplande stunder med den stiliga TRUUSK gungstolen. Den mjuka gungande r\u00f6relsen fr\u00e5n 90\u00b0 till 115\u00b0, den mjuka cordkl\u00e4dseln...","og_url":"https:\/\/truusk.store\/sv\/produkt\/truusk-gungstol-med-hog-ryggstod-cord-look-svangstol-med-breda-armstod-traskidor-amningsstol-for-vardagsrum-sovrum\/","og_site_name":"TRUUSK - Hem, Tr\u00e4dg\u00e5rd &amp; Fritid","article_modified_time":"2026-03-12T07:44:53+00:00","og_image":[{"width":2000,"height":2000,"url":"https:\/\/i0.wp.com\/truusk.se\/wp-content\/uploads\/2025\/06\/gungstol-gungstol-med-hog-ryggstod-cord-look-svangstol-avslappningsstol-med-breda-armstod-traskidor-amningsstol-for-vardagsrum-sovrum-balkong-ljusgra-1.webp?fit=2000%2C2000&ssl=1","type":"image\/webp"}],"twitter_card":"summary_large_image","twitter_misc":{"Ber\u00e4knad l\u00e4stid":"1 minut"},"schema":{"@context":"https:\/\/schema.org","@graph":[{"@type":"WebPage","@id":"https:\/\/truusk.store\/sv\/produkt\/truusk-gungstol-med-hog-ryggstod-cord-look-svangstol-med-breda-armstod-traskidor-amningsstol-for-vardagsrum-sovrum\/","url":"https:\/\/truusk.store\/sv\/produkt\/truusk-gungstol-med-hog-ryggstod-cord-look-svangstol-med-breda-armstod-traskidor-amningsstol-for-vardagsrum-sovrum\/","name":"TRUUSK Gungstol med H\u00f6g Ryggst\u00f6d - Cord-look - Sv\u00e4ngstol med Breda Armst\u00f6d - Tr\u00e4skidor - Amningsstol f\u00f6r Vardagsrum, Sovrum, - TRUUSK - Hem, Tr\u00e4dg\u00e5rd &amp; Fritid","isPartOf":{"@id":"https:\/\/truusk.store\/sv\/#website"},"primaryImageOfPage":{"@id":"https:\/\/truusk.store\/sv\/produkt\/truusk-gungstol-med-hog-ryggstod-cord-look-svangstol-med-breda-armstod-traskidor-amningsstol-for-vardagsrum-sovrum\/#primaryimage"},"image":{"@id":"https:\/\/truusk.store\/sv\/produkt\/truusk-gungstol-med-hog-ryggstod-cord-look-svangstol-med-breda-armstod-traskidor-amningsstol-for-vardagsrum-sovrum\/#primaryimage"},"thumbnailUrl":"https:\/\/i0.wp.com\/truusk.store\/wp-content\/uploads\/2025\/06\/gungstol-gungstol-med-hog-ryggstod-cord-look-svangstol-avslappningsstol-med-breda-armstod-traskidor-amningsstol-for-vardagsrum-sovrum-balkong-ljusgra-1.webp?fit=2000%2C2000&ssl=1","datePublished":"2025-06-23T12:06:02+00:00","dateModified":"2026-03-12T07:44:53+00:00","breadcrumb":{"@id":"https:\/\/truusk.store\/sv\/produkt\/truusk-gungstol-med-hog-ryggstod-cord-look-svangstol-med-breda-armstod-traskidor-amningsstol-for-vardagsrum-sovrum\/#breadcrumb"},"inLanguage":"sv-SE","potentialAction":[{"@type":"ReadAction","target":["https:\/\/truusk.store\/sv\/produkt\/truusk-gungstol-med-hog-ryggstod-cord-look-svangstol-med-breda-armstod-traskidor-amningsstol-for-vardagsrum-sovrum\/"]}]},{"@type":"ImageObject","inLanguage":"sv-SE","@id":"https:\/\/truusk.store\/sv\/produkt\/truusk-gungstol-med-hog-ryggstod-cord-look-svangstol-med-breda-armstod-traskidor-amningsstol-for-vardagsrum-sovrum\/#primaryimage","url":"https:\/\/i0.wp.com\/truusk.store\/wp-content\/uploads\/2025\/06\/gungstol-gungstol-med-hog-ryggstod-cord-look-svangstol-avslappningsstol-med-breda-armstod-traskidor-amningsstol-for-vardagsrum-sovrum-balkong-ljusgra-1.webp?fit=2000%2C2000&ssl=1","contentUrl":"https:\/\/i0.wp.com\/truusk.store\/wp-content\/uploads\/2025\/06\/gungstol-gungstol-med-hog-ryggstod-cord-look-svangstol-avslappningsstol-med-breda-armstod-traskidor-amningsstol-for-vardagsrum-sovrum-balkong-ljusgra-1.webp?fit=2000%2C2000&ssl=1","width":2000,"height":2000},{"@type":"BreadcrumbList","@id":"https:\/\/truusk.store\/sv\/produkt\/truusk-gungstol-med-hog-ryggstod-cord-look-svangstol-med-breda-armstod-traskidor-amningsstol-for-vardagsrum-sovrum\/#breadcrumb","itemListElement":[{"@type":"ListItem","position":1,"name":"Home","item":"https:\/\/truusk.store\/sv\/"},{"@type":"ListItem","position":2,"name":"Shop","item":"https:\/\/truusk.store\/shop\/"},{"@type":"ListItem","position":3,"name":"TRUUSK Gungstol med H\u00f6g Ryggst\u00f6d &#8211; Cord-look &#8211; Sv\u00e4ngstol med Breda Armst\u00f6d &#8211; Tr\u00e4skidor &#8211; Amningsstol f\u00f6r Vardagsrum, Sovrum,"}]},{"@type":"WebSite","@id":"https:\/\/truusk.store\/sv\/#website","url":"https:\/\/truusk.store\/sv\/","name":"TRUUSK - Hem, Tr\u00e4dg\u00e5rd & Fritid","description":"","publisher":{"@id":"https:\/\/truusk.store\/sv\/#organization"},"potentialAction":[{"@type":"SearchAction","target":{"@type":"EntryPoint","urlTemplate":"https:\/\/truusk.store\/sv\/?s={search_term_string}"},"query-input":{"@type":"PropertyValueSpecification","valueRequired":true,"valueName":"search_term_string"}}],"inLanguage":"sv-SE"},{"@type":"Organization","@id":"https:\/\/truusk.store\/sv\/#organization","name":"TRUUSK - Hem, Tr\u00e4dg\u00e5rd & Fritid","url":"https:\/\/truusk.store\/sv\/","logo":{"@type":"ImageObject","inLanguage":"sv-SE","@id":"https:\/\/truusk.store\/sv\/#\/schema\/logo\/image\/","url":"https:\/\/i0.wp.com\/truusk.store\/wp-content\/uploads\/2026\/03\/cropped-TRUUSK.png?fit=2032%2C917&ssl=1","contentUrl":"https:\/\/i0.wp.com\/truusk.store\/wp-content\/uploads\/2026\/03\/cropped-TRUUSK.png?fit=2032%2C917&ssl=1","width":2032,"height":917,"caption":"TRUUSK - Hem, Tr\u00e4dg\u00e5rd & Fritid"},"image":{"@id":"https:\/\/truusk.store\/sv\/#\/schema\/logo\/image\/"}}]}},"jetpack_sharing_enabled":true,"_links":{"self":[{"href":"https:\/\/truusk.store\/sv\/wp-json\/wp\/v2\/product\/80961","targetHints":{"allow":["GET"]}}],"collection":[{"href":"https:\/\/truusk.store\/sv\/wp-json\/wp\/v2\/product"}],"about":[{"href":"https:\/\/truusk.store\/sv\/wp-json\/wp\/v2\/types\/product"}],"wp:featuredmedia":[{"embeddable":true,"href":"https:\/\/truusk.store\/sv\/wp-json\/wp\/v2\/media\/80952"}],"wp:attachment":[{"href":"https:\/\/truusk.store\/sv\/wp-json\/wp\/v2\/media?parent=80961"}],"wp:term":[{"taxonomy":"product_brand","embeddable":true,"href":"https:\/\/truusk.store\/sv\/wp-json\/wp\/v2\/product_brand?post=80961"},{"taxonomy":"product_cat","embeddable":true,"href":"https:\/\/truusk.store\/sv\/wp-json\/wp\/v2\/product_cat?post=80961"},{"taxonomy":"product_tag","embeddable":true,"href":"https:\/\/truusk.store\/sv\/wp-json\/wp\/v2\/product_tag?post=80961"}],"curies":[{"name":"wp","href":"https:\/\/api.w.org\/{rel}","templated":true}]}}