{"id":80971,"date":"2025-06-23T13:06:51","date_gmt":"2025-06-23T12:06:51","guid":{"rendered":"https:\/\/truusk.store\/product\/barnhylla-hornhylla-med-3-forvaringslador-barnrum-leksaksforvaring-for-3-12-ar-gamla-barn-vit-574-x-574-x-94-cm\/"},"modified":"2026-03-12T08:44:54","modified_gmt":"2026-03-12T07:44:54","slug":"truusk-barnhylla-med-3-forvaringslador-leksaksforvaring-for-barn-3-12-ar-vit-574-x-574-x-94-cm","status":"publish","type":"product","link":"https:\/\/truusk.store\/sv\/produkt\/truusk-barnhylla-med-3-forvaringslador-leksaksforvaring-for-barn-3-12-ar-vit-574-x-574-x-94-cm\/","title":{"rendered":"TRUUSK Barnhylla med 3 F\u00f6rvaringsl\u00e5dor &#8211; Leksaksf\u00f6rvaring f\u00f6r Barn 3-12 \u00e5r &#8211; Vit &#8211; 57,4 x 57,4 x 94 cm"},"content":{"rendered":"<p>Det \u00e4r aldrig f\u00f6r tidigt att l\u00e4ra dina sm\u00e5 att st\u00e4da upp sitt rum &#8211; med denna \u00f6versk\u00e5dliga f\u00f6rvaringsenhet fr\u00e5n TRUUSK blir det mycket enkelt. Detta kompakta ordningssystem passar f\u00f6r olika f\u00f6rem\u00e5l, fr\u00e5n gosedjur till b\u00f6cker till videospel och f\u00f6r n\u00e4stan alla rum. Du kommer att \u00e4lska hur denna hj\u00e4lpsamma f\u00f6rvaringsenhet kan g\u00f6ra ditt rum mer ordnat och \u00f6versk\u00e5dligt.<\/p>\n<p>Beskrivning:<\/p>\n<ul>\n<li> Passar f\u00f6r barnrum, vardagsrum, lekrum och barnrum<\/li>\n<li> Gott om f\u00f6rvaringsutrymme<\/li>\n<li> 3 l\u00e5dor av non-woven tyg ing\u00e5r<\/li>\n<li> Anti-tip set f\u00f6r barnens s\u00e4kerhet<\/li>\n<li> Robust och h\u00e5llbart MDF-material med slitstarkt melaminpapper<\/li>\n<li> Ergonomisk design som passar ditt barns kroppsstorlek<\/li>\n<li> Montering kr\u00e4vs<\/li>\n<\/ul>\n<p> Tekniska data:<\/p>\n<ul>\n<li> F\u00e4rg: Vit<\/li>\n<li> Material: MDF, melaminpapper, non-woven<\/li>\n<li> Total storlek: 57,4L x 57,4B x 94H cm<\/li>\n<li> Fackstorlekar: 28L x 28B x 25,9H cm (sida), 26,9L x 26,9B x 25,9H cm (mitt)<\/li>\n<li> Storlek p\u00e5 \u00f6vre plattform: 56,2L x 56,2B cm<\/li>\n<li> L\u00e5dstorlek: 27L x 27,5B x 23H cm<\/li>\n<li> Maximal belastningskapacitet: 30 kg<\/li>\n<li> L\u00e4mplig f\u00f6r barn: 3-12 \u00e5r gammal<\/li>\n<\/ul>\n<p>Leverans inneh\u00e5ller:<\/p>\n<ul>\n<li> 1 x Barnf\u00f6rvaringssk\u00e5p<\/li>\n<li> 1 x Instruktioner<\/li>\n<\/ul>\n","protected":false},"excerpt":{"rendered":"<p>Det \u00e4r aldrig f\u00f6r tidigt att l\u00e4ra dina sm\u00e5 att st\u00e4da upp sitt rum &#8211; med denna \u00f6versk\u00e5dliga f\u00f6rvaringsenhet fr\u00e5n&#8230;<\/p>\n","protected":false},"featured_media":80962,"template":"","meta":[],"product_brand":[],"product_cat":[880,636,631],"product_tag":[],"class_list":{"0":"post-80971","1":"product","2":"type-product","3":"status-publish","4":"has-post-thumbnail","6":"product_cat-baby-barn-2","7":"product_cat-barnhyllor-barnskap","8":"product_cat-barnmobler","10":"first","11":"instock","12":"sale","13":"taxable","14":"shipping-taxable","15":"purchasable","16":"product-type-simple"},"yoast_head":"<!-- This site is optimized with the Yoast SEO plugin v25.4 - https:\/\/yoast.com\/wordpress\/plugins\/seo\/ -->\n<title>TRUUSK Barnhylla med 3 F\u00f6rvaringsl\u00e5dor - Leksaksf\u00f6rvaring f\u00f6r Barn 3-12 \u00e5r - Vit - 57,4 x 57,4 x 94 cm - TRUUSK - Hem, Tr\u00e4dg\u00e5rd &amp; Fritid<\/title>\n<meta name=\"robots\" content=\"index, follow, max-snippet:-1, max-image-preview:large, max-video-preview:-1\" \/>\n<link rel=\"canonical\" href=\"https:\/\/truusk.store\/sv\/produkt\/truusk-barnhylla-med-3-forvaringslador-leksaksforvaring-for-barn-3-12-ar-vit-574-x-574-x-94-cm\/\" \/>\n<meta property=\"og:locale\" content=\"sv_SE\" \/>\n<meta property=\"og:type\" content=\"article\" \/>\n<meta property=\"og:title\" content=\"TRUUSK Barnhylla med 3 F\u00f6rvaringsl\u00e5dor - Leksaksf\u00f6rvaring f\u00f6r Barn 3-12 \u00e5r - Vit - 57,4 x 57,4 x 94 cm - TRUUSK - Hem, Tr\u00e4dg\u00e5rd &amp; Fritid\" \/>\n<meta property=\"og:description\" content=\"Det \u00e4r aldrig f\u00f6r tidigt att l\u00e4ra dina sm\u00e5 att st\u00e4da upp sitt rum &#8211; med denna \u00f6versk\u00e5dliga f\u00f6rvaringsenhet fr\u00e5n...\" \/>\n<meta property=\"og:url\" content=\"https:\/\/truusk.store\/sv\/produkt\/truusk-barnhylla-med-3-forvaringslador-leksaksforvaring-for-barn-3-12-ar-vit-574-x-574-x-94-cm\/\" \/>\n<meta property=\"og:site_name\" content=\"TRUUSK - Hem, Tr\u00e4dg\u00e5rd &amp; Fritid\" \/>\n<meta property=\"article:modified_time\" content=\"2026-03-12T07:44:54+00:00\" \/>\n<meta property=\"og:image\" content=\"https:\/\/i0.wp.com\/truusk.se\/wp-content\/uploads\/2025\/06\/barnhylla-hornhylla-med-3-forvaringslador-barnrum-leksaksforvaring-for-3-12-ar-gamla-barn-vit-574-x-574-x-94-cm-1.webp?fit=2000%2C2000&ssl=1\" \/>\n\t<meta property=\"og:image:width\" content=\"2000\" \/>\n\t<meta property=\"og:image:height\" content=\"2000\" \/>\n\t<meta property=\"og:image:type\" content=\"image\/webp\" \/>\n<meta name=\"twitter:card\" content=\"summary_large_image\" \/>\n<meta name=\"twitter:label1\" content=\"Ber\u00e4knad l\u00e4stid\" \/>\n\t<meta name=\"twitter:data1\" content=\"1 minut\" \/>\n<!-- \/ Yoast SEO plugin. -->","yoast_head_json":{"title":"TRUUSK Barnhylla med 3 F\u00f6rvaringsl\u00e5dor - Leksaksf\u00f6rvaring f\u00f6r Barn 3-12 \u00e5r - Vit - 57,4 x 57,4 x 94 cm - TRUUSK - Hem, Tr\u00e4dg\u00e5rd &amp; Fritid","robots":{"index":"index","follow":"follow","max-snippet":"max-snippet:-1","max-image-preview":"max-image-preview:large","max-video-preview":"max-video-preview:-1"},"canonical":"https:\/\/truusk.store\/sv\/produkt\/truusk-barnhylla-med-3-forvaringslador-leksaksforvaring-for-barn-3-12-ar-vit-574-x-574-x-94-cm\/","og_locale":"sv_SE","og_type":"article","og_title":"TRUUSK Barnhylla med 3 F\u00f6rvaringsl\u00e5dor - Leksaksf\u00f6rvaring f\u00f6r Barn 3-12 \u00e5r - Vit - 57,4 x 57,4 x 94 cm - TRUUSK - Hem, Tr\u00e4dg\u00e5rd &amp; Fritid","og_description":"Det \u00e4r aldrig f\u00f6r tidigt att l\u00e4ra dina sm\u00e5 att st\u00e4da upp sitt rum &#8211; med denna \u00f6versk\u00e5dliga f\u00f6rvaringsenhet fr\u00e5n...","og_url":"https:\/\/truusk.store\/sv\/produkt\/truusk-barnhylla-med-3-forvaringslador-leksaksforvaring-for-barn-3-12-ar-vit-574-x-574-x-94-cm\/","og_site_name":"TRUUSK - Hem, Tr\u00e4dg\u00e5rd &amp; Fritid","article_modified_time":"2026-03-12T07:44:54+00:00","og_image":[{"width":2000,"height":2000,"url":"https:\/\/i0.wp.com\/truusk.se\/wp-content\/uploads\/2025\/06\/barnhylla-hornhylla-med-3-forvaringslador-barnrum-leksaksforvaring-for-3-12-ar-gamla-barn-vit-574-x-574-x-94-cm-1.webp?fit=2000%2C2000&ssl=1","type":"image\/webp"}],"twitter_card":"summary_large_image","twitter_misc":{"Ber\u00e4knad l\u00e4stid":"1 minut"},"schema":{"@context":"https:\/\/schema.org","@graph":[{"@type":"WebPage","@id":"https:\/\/truusk.store\/sv\/produkt\/truusk-barnhylla-med-3-forvaringslador-leksaksforvaring-for-barn-3-12-ar-vit-574-x-574-x-94-cm\/","url":"https:\/\/truusk.store\/sv\/produkt\/truusk-barnhylla-med-3-forvaringslador-leksaksforvaring-for-barn-3-12-ar-vit-574-x-574-x-94-cm\/","name":"TRUUSK Barnhylla med 3 F\u00f6rvaringsl\u00e5dor - Leksaksf\u00f6rvaring f\u00f6r Barn 3-12 \u00e5r - Vit - 57,4 x 57,4 x 94 cm - TRUUSK - Hem, Tr\u00e4dg\u00e5rd &amp; Fritid","isPartOf":{"@id":"https:\/\/truusk.store\/sv\/#website"},"primaryImageOfPage":{"@id":"https:\/\/truusk.store\/sv\/produkt\/truusk-barnhylla-med-3-forvaringslador-leksaksforvaring-for-barn-3-12-ar-vit-574-x-574-x-94-cm\/#primaryimage"},"image":{"@id":"https:\/\/truusk.store\/sv\/produkt\/truusk-barnhylla-med-3-forvaringslador-leksaksforvaring-for-barn-3-12-ar-vit-574-x-574-x-94-cm\/#primaryimage"},"thumbnailUrl":"https:\/\/i0.wp.com\/truusk.store\/wp-content\/uploads\/2025\/06\/barnhylla-hornhylla-med-3-forvaringslador-barnrum-leksaksforvaring-for-3-12-ar-gamla-barn-vit-574-x-574-x-94-cm-1.webp?fit=2000%2C2000&ssl=1","datePublished":"2025-06-23T12:06:51+00:00","dateModified":"2026-03-12T07:44:54+00:00","breadcrumb":{"@id":"https:\/\/truusk.store\/sv\/produkt\/truusk-barnhylla-med-3-forvaringslador-leksaksforvaring-for-barn-3-12-ar-vit-574-x-574-x-94-cm\/#breadcrumb"},"inLanguage":"sv-SE","potentialAction":[{"@type":"ReadAction","target":["https:\/\/truusk.store\/sv\/produkt\/truusk-barnhylla-med-3-forvaringslador-leksaksforvaring-for-barn-3-12-ar-vit-574-x-574-x-94-cm\/"]}]},{"@type":"ImageObject","inLanguage":"sv-SE","@id":"https:\/\/truusk.store\/sv\/produkt\/truusk-barnhylla-med-3-forvaringslador-leksaksforvaring-for-barn-3-12-ar-vit-574-x-574-x-94-cm\/#primaryimage","url":"https:\/\/i0.wp.com\/truusk.store\/wp-content\/uploads\/2025\/06\/barnhylla-hornhylla-med-3-forvaringslador-barnrum-leksaksforvaring-for-3-12-ar-gamla-barn-vit-574-x-574-x-94-cm-1.webp?fit=2000%2C2000&ssl=1","contentUrl":"https:\/\/i0.wp.com\/truusk.store\/wp-content\/uploads\/2025\/06\/barnhylla-hornhylla-med-3-forvaringslador-barnrum-leksaksforvaring-for-3-12-ar-gamla-barn-vit-574-x-574-x-94-cm-1.webp?fit=2000%2C2000&ssl=1","width":2000,"height":2000},{"@type":"BreadcrumbList","@id":"https:\/\/truusk.store\/sv\/produkt\/truusk-barnhylla-med-3-forvaringslador-leksaksforvaring-for-barn-3-12-ar-vit-574-x-574-x-94-cm\/#breadcrumb","itemListElement":[{"@type":"ListItem","position":1,"name":"Home","item":"https:\/\/truusk.store\/sv\/"},{"@type":"ListItem","position":2,"name":"Shop","item":"https:\/\/truusk.store\/shop\/"},{"@type":"ListItem","position":3,"name":"TRUUSK Barnhylla med 3 F\u00f6rvaringsl\u00e5dor &#8211; Leksaksf\u00f6rvaring f\u00f6r Barn 3-12 \u00e5r &#8211; Vit &#8211; 57,4 x 57,4 x 94 cm"}]},{"@type":"WebSite","@id":"https:\/\/truusk.store\/sv\/#website","url":"https:\/\/truusk.store\/sv\/","name":"TRUUSK - Hem, Tr\u00e4dg\u00e5rd & Fritid","description":"","publisher":{"@id":"https:\/\/truusk.store\/sv\/#organization"},"potentialAction":[{"@type":"SearchAction","target":{"@type":"EntryPoint","urlTemplate":"https:\/\/truusk.store\/sv\/?s={search_term_string}"},"query-input":{"@type":"PropertyValueSpecification","valueRequired":true,"valueName":"search_term_string"}}],"inLanguage":"sv-SE"},{"@type":"Organization","@id":"https:\/\/truusk.store\/sv\/#organization","name":"TRUUSK - Hem, Tr\u00e4dg\u00e5rd & Fritid","url":"https:\/\/truusk.store\/sv\/","logo":{"@type":"ImageObject","inLanguage":"sv-SE","@id":"https:\/\/truusk.store\/sv\/#\/schema\/logo\/image\/","url":"https:\/\/i0.wp.com\/truusk.store\/wp-content\/uploads\/2026\/03\/cropped-TRUUSK.png?fit=2032%2C917&ssl=1","contentUrl":"https:\/\/i0.wp.com\/truusk.store\/wp-content\/uploads\/2026\/03\/cropped-TRUUSK.png?fit=2032%2C917&ssl=1","width":2032,"height":917,"caption":"TRUUSK - Hem, Tr\u00e4dg\u00e5rd & Fritid"},"image":{"@id":"https:\/\/truusk.store\/sv\/#\/schema\/logo\/image\/"}}]}},"jetpack_sharing_enabled":true,"_links":{"self":[{"href":"https:\/\/truusk.store\/sv\/wp-json\/wp\/v2\/product\/80971","targetHints":{"allow":["GET"]}}],"collection":[{"href":"https:\/\/truusk.store\/sv\/wp-json\/wp\/v2\/product"}],"about":[{"href":"https:\/\/truusk.store\/sv\/wp-json\/wp\/v2\/types\/product"}],"wp:featuredmedia":[{"embeddable":true,"href":"https:\/\/truusk.store\/sv\/wp-json\/wp\/v2\/media\/80962"}],"wp:attachment":[{"href":"https:\/\/truusk.store\/sv\/wp-json\/wp\/v2\/media?parent=80971"}],"wp:term":[{"taxonomy":"product_brand","embeddable":true,"href":"https:\/\/truusk.store\/sv\/wp-json\/wp\/v2\/product_brand?post=80971"},{"taxonomy":"product_cat","embeddable":true,"href":"https:\/\/truusk.store\/sv\/wp-json\/wp\/v2\/product_cat?post=80971"},{"taxonomy":"product_tag","embeddable":true,"href":"https:\/\/truusk.store\/sv\/wp-json\/wp\/v2\/product_tag?post=80971"}],"curies":[{"name":"wp","href":"https:\/\/api.w.org\/{rel}","templated":true}]}}