{"id":81031,"date":"2025-06-23T13:12:51","date_gmt":"2025-06-23T12:12:51","guid":{"rendered":"https:\/\/truusk.store\/product\/motorcykelstall-set-fram-bak-monteringsstall-motorcykelhiss-upp-till-544-kg-motorcykelstall-for-bakhjul-stal-rott\/"},"modified":"2026-03-12T08:45:17","modified_gmt":"2026-03-12T07:45:17","slug":"truusk-motorcykelstall-set-fram-bak-monteringsstall-motorcykelhiss-upp-till-544-kg-stal-rott","status":"publish","type":"product","link":"https:\/\/truusk.store\/sv\/produkt\/truusk-motorcykelstall-set-fram-bak-monteringsstall-motorcykelhiss-upp-till-544-kg-stal-rott\/","title":{"rendered":"TRUUSK Motorcykelst\u00e4ll Set &#8211; Fram\/bak Monteringsst\u00e4ll &#8211; Motorcykelhiss Upp Till 544 Kg &#8211; St\u00e5l &#8211; R\u00f6tt"},"content":{"rendered":"<p>Optimera sk\u00f6tseln av din motorcykel med den robusta TRUUSK motorcykelst\u00e4llet gjord av 35 mm tjocka st\u00e5lr\u00f6r, som st\u00f6der upp till 544 kg. Justerbara svingarm spoladaptrar garanterar en ideal anpassning till olika hjulstorlekar. Fyra solida hjul p\u00e5 motorcykelst\u00e4llet underl\u00e4ttar lyft och skyddar golvet med halkfria dynor. Idealisk f\u00f6r reng\u00f6ring, reparationer eller f\u00f6rvaring, kombinerar detta monteringsst\u00e4ll kraft, stabilitet och komfort i en genomt\u00e4nkt design.<\/p>\n<p>Beskrivning:<\/p>\n<ul>\n<li> 35 mm tjocka st\u00e5lr\u00f6r p\u00e5 monteringsst\u00e4llet ger en b\u00e4rf\u00f6rm\u00e5ga p\u00e5 544 kg<\/li>\n<li> Med en triangul\u00e4r h\u00e5llare f\u00f6r extra stabilitet<\/li>\n<li> 180-270 mm justerbara svingarmsspoladaptrar p\u00e5 monteringsst\u00e4llet passar till olika d\u00e4ckbredder<\/li>\n<li> Fyra hjul fr\u00e4mjar balans och stabilitet, vadderade f\u00f6r att undvika slitage och repor<\/li>\n<li> Stort handtag p\u00e5 motorcykelst\u00e4llet f\u00f6r enkel anv\u00e4ndning<\/li>\n<li> Enkel montering med den medf\u00f6ljande detaljerade instruktionen<\/li>\n<li> Kompakt storlek garanterar enkel transport och f\u00f6rvaring<\/li>\n<\/ul>\n<p> Tekniska data:<\/p>\n<ul>\n<li> F\u00e4rg: R\u00f6d<\/li>\n<li> Material: St\u00e5l<\/li>\n<li> Totala dimensioner: 35L x 38B x 64H cm<\/li>\n<li> B\u00e4rf\u00f6rm\u00e5ga: 544 kg<\/li>\n<li> Adapter f\u00f6r svingarmsspol: 180-270 mm<\/li>\n<li> Passar f\u00f6r hjuldiameter: under 35 cm<\/li>\n<\/ul>\n<p>Leveransinneh\u00e5ll:<\/p>\n<ul>\n<li> 1 x Motorcykelst\u00e4ll<\/li>\n<li> 1 x Bruksanvisning<\/li>\n<\/ul>\n","protected":false},"excerpt":{"rendered":"<p>Optimera sk\u00f6tseln av din motorcykel med den robusta TRUUSK motorcykelst\u00e4llet gjord av 35 mm tjocka st\u00e5lr\u00f6r, som st\u00f6der upp till&#8230;<\/p>\n","protected":false},"featured_media":81022,"template":"","meta":[],"product_brand":[],"product_cat":[652,654,1033,647],"product_tag":[],"class_list":{"0":"post-81031","1":"product","2":"type-product","3":"status-publish","4":"has-post-thumbnail","6":"product_cat-cykel","7":"product_cat-cykeltillbehor","8":"product_cat-fahrrad-montagestander","9":"product_cat-sport-fritid","11":"first","12":"instock","13":"sale","14":"taxable","15":"shipping-taxable","16":"purchasable","17":"product-type-simple"},"yoast_head":"<!-- This site is optimized with the Yoast SEO plugin v25.4 - https:\/\/yoast.com\/wordpress\/plugins\/seo\/ -->\n<title>TRUUSK Motorcykelst\u00e4ll Set - Fram\/bak Monteringsst\u00e4ll - Motorcykelhiss Upp Till 544 Kg - St\u00e5l - R\u00f6tt - TRUUSK - Hem, Tr\u00e4dg\u00e5rd &amp; Fritid<\/title>\n<meta name=\"robots\" content=\"index, follow, max-snippet:-1, max-image-preview:large, max-video-preview:-1\" \/>\n<link rel=\"canonical\" href=\"https:\/\/truusk.store\/sv\/produkt\/truusk-motorcykelstall-set-fram-bak-monteringsstall-motorcykelhiss-upp-till-544-kg-stal-rott\/\" \/>\n<meta property=\"og:locale\" content=\"sv_SE\" \/>\n<meta property=\"og:type\" content=\"article\" \/>\n<meta property=\"og:title\" content=\"TRUUSK Motorcykelst\u00e4ll Set - Fram\/bak Monteringsst\u00e4ll - Motorcykelhiss Upp Till 544 Kg - St\u00e5l - R\u00f6tt - TRUUSK - Hem, Tr\u00e4dg\u00e5rd &amp; Fritid\" \/>\n<meta property=\"og:description\" content=\"Optimera sk\u00f6tseln av din motorcykel med den robusta TRUUSK motorcykelst\u00e4llet gjord av 35 mm tjocka st\u00e5lr\u00f6r, som st\u00f6der upp till...\" \/>\n<meta property=\"og:url\" content=\"https:\/\/truusk.store\/sv\/produkt\/truusk-motorcykelstall-set-fram-bak-monteringsstall-motorcykelhiss-upp-till-544-kg-stal-rott\/\" \/>\n<meta property=\"og:site_name\" content=\"TRUUSK - Hem, Tr\u00e4dg\u00e5rd &amp; Fritid\" \/>\n<meta property=\"article:modified_time\" content=\"2026-03-12T07:45:17+00:00\" \/>\n<meta property=\"og:image\" content=\"https:\/\/i0.wp.com\/truusk.se\/wp-content\/uploads\/2025\/06\/motorcykelstall-set-fram-bak-monteringsstall-motorcykelhiss-upp-till-544-kg-motorcykelstall-for-bakhjul-stal-rott-1.webp?fit=2000%2C2000&ssl=1\" \/>\n\t<meta property=\"og:image:width\" content=\"2000\" \/>\n\t<meta property=\"og:image:height\" content=\"2000\" \/>\n\t<meta property=\"og:image:type\" content=\"image\/webp\" \/>\n<meta name=\"twitter:card\" content=\"summary_large_image\" \/>\n<meta name=\"twitter:label1\" content=\"Ber\u00e4knad l\u00e4stid\" \/>\n\t<meta name=\"twitter:data1\" content=\"1 minut\" \/>\n<!-- \/ Yoast SEO plugin. -->","yoast_head_json":{"title":"TRUUSK Motorcykelst\u00e4ll Set - Fram\/bak Monteringsst\u00e4ll - Motorcykelhiss Upp Till 544 Kg - St\u00e5l - R\u00f6tt - TRUUSK - Hem, Tr\u00e4dg\u00e5rd &amp; Fritid","robots":{"index":"index","follow":"follow","max-snippet":"max-snippet:-1","max-image-preview":"max-image-preview:large","max-video-preview":"max-video-preview:-1"},"canonical":"https:\/\/truusk.store\/sv\/produkt\/truusk-motorcykelstall-set-fram-bak-monteringsstall-motorcykelhiss-upp-till-544-kg-stal-rott\/","og_locale":"sv_SE","og_type":"article","og_title":"TRUUSK Motorcykelst\u00e4ll Set - Fram\/bak Monteringsst\u00e4ll - Motorcykelhiss Upp Till 544 Kg - St\u00e5l - R\u00f6tt - TRUUSK - Hem, Tr\u00e4dg\u00e5rd &amp; Fritid","og_description":"Optimera sk\u00f6tseln av din motorcykel med den robusta TRUUSK motorcykelst\u00e4llet gjord av 35 mm tjocka st\u00e5lr\u00f6r, som st\u00f6der upp till...","og_url":"https:\/\/truusk.store\/sv\/produkt\/truusk-motorcykelstall-set-fram-bak-monteringsstall-motorcykelhiss-upp-till-544-kg-stal-rott\/","og_site_name":"TRUUSK - Hem, Tr\u00e4dg\u00e5rd &amp; Fritid","article_modified_time":"2026-03-12T07:45:17+00:00","og_image":[{"width":2000,"height":2000,"url":"https:\/\/i0.wp.com\/truusk.se\/wp-content\/uploads\/2025\/06\/motorcykelstall-set-fram-bak-monteringsstall-motorcykelhiss-upp-till-544-kg-motorcykelstall-for-bakhjul-stal-rott-1.webp?fit=2000%2C2000&ssl=1","type":"image\/webp"}],"twitter_card":"summary_large_image","twitter_misc":{"Ber\u00e4knad l\u00e4stid":"1 minut"},"schema":{"@context":"https:\/\/schema.org","@graph":[{"@type":"WebPage","@id":"https:\/\/truusk.store\/sv\/produkt\/truusk-motorcykelstall-set-fram-bak-monteringsstall-motorcykelhiss-upp-till-544-kg-stal-rott\/","url":"https:\/\/truusk.store\/sv\/produkt\/truusk-motorcykelstall-set-fram-bak-monteringsstall-motorcykelhiss-upp-till-544-kg-stal-rott\/","name":"TRUUSK Motorcykelst\u00e4ll Set - Fram\/bak Monteringsst\u00e4ll - Motorcykelhiss Upp Till 544 Kg - St\u00e5l - R\u00f6tt - TRUUSK - Hem, Tr\u00e4dg\u00e5rd &amp; Fritid","isPartOf":{"@id":"https:\/\/truusk.store\/sv\/#website"},"primaryImageOfPage":{"@id":"https:\/\/truusk.store\/sv\/produkt\/truusk-motorcykelstall-set-fram-bak-monteringsstall-motorcykelhiss-upp-till-544-kg-stal-rott\/#primaryimage"},"image":{"@id":"https:\/\/truusk.store\/sv\/produkt\/truusk-motorcykelstall-set-fram-bak-monteringsstall-motorcykelhiss-upp-till-544-kg-stal-rott\/#primaryimage"},"thumbnailUrl":"https:\/\/i0.wp.com\/truusk.store\/wp-content\/uploads\/2025\/06\/motorcykelstall-set-fram-bak-monteringsstall-motorcykelhiss-upp-till-544-kg-motorcykelstall-for-bakhjul-stal-rott-1.webp?fit=2000%2C2000&ssl=1","datePublished":"2025-06-23T12:12:51+00:00","dateModified":"2026-03-12T07:45:17+00:00","breadcrumb":{"@id":"https:\/\/truusk.store\/sv\/produkt\/truusk-motorcykelstall-set-fram-bak-monteringsstall-motorcykelhiss-upp-till-544-kg-stal-rott\/#breadcrumb"},"inLanguage":"sv-SE","potentialAction":[{"@type":"ReadAction","target":["https:\/\/truusk.store\/sv\/produkt\/truusk-motorcykelstall-set-fram-bak-monteringsstall-motorcykelhiss-upp-till-544-kg-stal-rott\/"]}]},{"@type":"ImageObject","inLanguage":"sv-SE","@id":"https:\/\/truusk.store\/sv\/produkt\/truusk-motorcykelstall-set-fram-bak-monteringsstall-motorcykelhiss-upp-till-544-kg-stal-rott\/#primaryimage","url":"https:\/\/i0.wp.com\/truusk.store\/wp-content\/uploads\/2025\/06\/motorcykelstall-set-fram-bak-monteringsstall-motorcykelhiss-upp-till-544-kg-motorcykelstall-for-bakhjul-stal-rott-1.webp?fit=2000%2C2000&ssl=1","contentUrl":"https:\/\/i0.wp.com\/truusk.store\/wp-content\/uploads\/2025\/06\/motorcykelstall-set-fram-bak-monteringsstall-motorcykelhiss-upp-till-544-kg-motorcykelstall-for-bakhjul-stal-rott-1.webp?fit=2000%2C2000&ssl=1","width":2000,"height":2000},{"@type":"BreadcrumbList","@id":"https:\/\/truusk.store\/sv\/produkt\/truusk-motorcykelstall-set-fram-bak-monteringsstall-motorcykelhiss-upp-till-544-kg-stal-rott\/#breadcrumb","itemListElement":[{"@type":"ListItem","position":1,"name":"Home","item":"https:\/\/truusk.store\/sv\/"},{"@type":"ListItem","position":2,"name":"Shop","item":"https:\/\/truusk.store\/shop\/"},{"@type":"ListItem","position":3,"name":"TRUUSK Motorcykelst\u00e4ll Set &#8211; Fram\/bak Monteringsst\u00e4ll &#8211; Motorcykelhiss Upp Till 544 Kg &#8211; St\u00e5l &#8211; R\u00f6tt"}]},{"@type":"WebSite","@id":"https:\/\/truusk.store\/sv\/#website","url":"https:\/\/truusk.store\/sv\/","name":"TRUUSK - Hem, Tr\u00e4dg\u00e5rd & Fritid","description":"","publisher":{"@id":"https:\/\/truusk.store\/sv\/#organization"},"potentialAction":[{"@type":"SearchAction","target":{"@type":"EntryPoint","urlTemplate":"https:\/\/truusk.store\/sv\/?s={search_term_string}"},"query-input":{"@type":"PropertyValueSpecification","valueRequired":true,"valueName":"search_term_string"}}],"inLanguage":"sv-SE"},{"@type":"Organization","@id":"https:\/\/truusk.store\/sv\/#organization","name":"TRUUSK - Hem, Tr\u00e4dg\u00e5rd & Fritid","url":"https:\/\/truusk.store\/sv\/","logo":{"@type":"ImageObject","inLanguage":"sv-SE","@id":"https:\/\/truusk.store\/sv\/#\/schema\/logo\/image\/","url":"https:\/\/i0.wp.com\/truusk.store\/wp-content\/uploads\/2026\/03\/cropped-TRUUSK.png?fit=2032%2C917&ssl=1","contentUrl":"https:\/\/i0.wp.com\/truusk.store\/wp-content\/uploads\/2026\/03\/cropped-TRUUSK.png?fit=2032%2C917&ssl=1","width":2032,"height":917,"caption":"TRUUSK - Hem, Tr\u00e4dg\u00e5rd & Fritid"},"image":{"@id":"https:\/\/truusk.store\/sv\/#\/schema\/logo\/image\/"}}]}},"jetpack_sharing_enabled":true,"_links":{"self":[{"href":"https:\/\/truusk.store\/sv\/wp-json\/wp\/v2\/product\/81031","targetHints":{"allow":["GET"]}}],"collection":[{"href":"https:\/\/truusk.store\/sv\/wp-json\/wp\/v2\/product"}],"about":[{"href":"https:\/\/truusk.store\/sv\/wp-json\/wp\/v2\/types\/product"}],"wp:featuredmedia":[{"embeddable":true,"href":"https:\/\/truusk.store\/sv\/wp-json\/wp\/v2\/media\/81022"}],"wp:attachment":[{"href":"https:\/\/truusk.store\/sv\/wp-json\/wp\/v2\/media?parent=81031"}],"wp:term":[{"taxonomy":"product_brand","embeddable":true,"href":"https:\/\/truusk.store\/sv\/wp-json\/wp\/v2\/product_brand?post=81031"},{"taxonomy":"product_cat","embeddable":true,"href":"https:\/\/truusk.store\/sv\/wp-json\/wp\/v2\/product_cat?post=81031"},{"taxonomy":"product_tag","embeddable":true,"href":"https:\/\/truusk.store\/sv\/wp-json\/wp\/v2\/product_tag?post=81031"}],"curies":[{"name":"wp","href":"https:\/\/api.w.org\/{rel}","templated":true}]}}