{"id":81071,"date":"2025-06-23T13:16:45","date_gmt":"2025-06-23T12:16:45","guid":{"rendered":"https:\/\/truusk.store\/product\/bordlampa-bordlampa-med-vagig-lampskarm-e27-sockel-knappstrombrytare-nattbordslampa-for-vardagsrum-lekrum-vit-exkl-glodlampa\/"},"modified":"2026-03-12T08:46:10","modified_gmt":"2026-03-12T07:46:10","slug":"truusk-bordlampa-med-vagig-lampskarm-e27-sockel-knappstrombrytare-vit-for-vardagsrum-och-lekrum","status":"publish","type":"product","link":"https:\/\/truusk.store\/sv\/produkt\/truusk-bordlampa-med-vagig-lampskarm-e27-sockel-knappstrombrytare-vit-for-vardagsrum-och-lekrum\/","title":{"rendered":"TRUUSK Bordlampa med V\u00e5gig Lampsk\u00e4rm &#8211; E27-sockel &#8211; Knappstr\u00f6mbrytare &#8211; Vit &#8211; F\u00f6r Vardagsrum och Lekrum"},"content":{"rendered":"<p>Ge ditt rum en touch av stil med TRUUSK skrivbordslampa. Dess plastsk\u00e4rm visar livliga v\u00e5gkonturer i modern-retro stil. Denna lampa passar f\u00f6r E27-fattningar och \u00e4r l\u00e4mplig f\u00f6r halogen- eller LED-lampor. En enkel knappbrytare p\u00e5 kabeln m\u00f6jligg\u00f6r snabba ljusjusteringar. Designen kompletteras med en stabil metallfot.<\/p>\n<p>Beskrivning:<\/p>\n<ul>\n<li> Rundad sk\u00e4rm med v\u00e5gkonturer f\u00f6rst\u00e4rker den visuella dynamiken<\/li>\n<li> Knappbrytare p\u00e5 kabeln f\u00f6r enkel anv\u00e4ndning<\/li>\n<li> E27 lampfattning kompatibel med olika typer av gl\u00f6dlampor<\/li>\n<li> Plastlampsk\u00e4rm och baklackerad metallst\u00e5ng erbjuder h\u00e5llbarhet<\/li>\n<li> Enkel montering kr\u00e4vs<\/li>\n<\/ul>\n<p> Tekniska data:<\/p>\n<ul>\n<li> F\u00e4rg: Vit<\/li>\n<li> Material: Metall, Plast<\/li>\n<li> Totala dimensioner: \u00d825 x 48,5H cm<\/li>\n<li> Lampsk\u00e4rmstorlek: \u00d824,5 x 18H cm<\/li>\n<li> Basstorlek: \u00d815 x 2,5H cm<\/li>\n<li> Lampst\u00e5ngstorlek: \u00d81,9 x 26H cm<\/li>\n<li> Maximal lampkraft: 40 W<\/li>\n<li> Kabell\u00e4ngd: 1,5 m<\/li>\n<\/ul>\n<p>Leveransinneh\u00e5ll:<\/p>\n<ul>\n<li> 1 x Skrivbordslampa<\/li>\n<li> 1 x Bruksanvisning<\/li>\n<\/ul>\n","protected":false},"excerpt":{"rendered":"<p>Ge ditt rum en touch av stil med TRUUSK skrivbordslampa. Dess plastsk\u00e4rm visar livliga v\u00e5gkonturer i modern-retro stil. Denna lampa&#8230;<\/p>\n","protected":false},"featured_media":81062,"template":"","meta":[],"product_brand":[],"product_cat":[486,960,871],"product_tag":[],"class_list":{"0":"post-81071","1":"product","2":"type-product","3":"status-publish","4":"has-post-thumbnail","6":"product_cat-belysning","7":"product_cat-bordlampor","8":"product_cat-hus-hem","10":"first","11":"instock","12":"sale","13":"taxable","14":"shipping-taxable","15":"purchasable","16":"product-type-simple"},"yoast_head":"<!-- This site is optimized with the Yoast SEO plugin v25.4 - https:\/\/yoast.com\/wordpress\/plugins\/seo\/ -->\n<title>TRUUSK Bordlampa med V\u00e5gig Lampsk\u00e4rm - E27-sockel - Knappstr\u00f6mbrytare - Vit - F\u00f6r Vardagsrum och Lekrum - TRUUSK - Hem, Tr\u00e4dg\u00e5rd &amp; Fritid<\/title>\n<meta name=\"robots\" content=\"index, follow, max-snippet:-1, max-image-preview:large, max-video-preview:-1\" \/>\n<link rel=\"canonical\" href=\"https:\/\/truusk.store\/sv\/produkt\/truusk-bordlampa-med-vagig-lampskarm-e27-sockel-knappstrombrytare-vit-for-vardagsrum-och-lekrum\/\" \/>\n<meta property=\"og:locale\" content=\"sv_SE\" \/>\n<meta property=\"og:type\" content=\"article\" \/>\n<meta property=\"og:title\" content=\"TRUUSK Bordlampa med V\u00e5gig Lampsk\u00e4rm - E27-sockel - Knappstr\u00f6mbrytare - Vit - F\u00f6r Vardagsrum och Lekrum - TRUUSK - Hem, Tr\u00e4dg\u00e5rd &amp; Fritid\" \/>\n<meta property=\"og:description\" content=\"Ge ditt rum en touch av stil med TRUUSK skrivbordslampa. Dess plastsk\u00e4rm visar livliga v\u00e5gkonturer i modern-retro stil. Denna lampa...\" \/>\n<meta property=\"og:url\" content=\"https:\/\/truusk.store\/sv\/produkt\/truusk-bordlampa-med-vagig-lampskarm-e27-sockel-knappstrombrytare-vit-for-vardagsrum-och-lekrum\/\" \/>\n<meta property=\"og:site_name\" content=\"TRUUSK - Hem, Tr\u00e4dg\u00e5rd &amp; Fritid\" \/>\n<meta property=\"article:modified_time\" content=\"2026-03-12T07:46:10+00:00\" \/>\n<meta property=\"og:image\" content=\"https:\/\/i0.wp.com\/truusk.se\/wp-content\/uploads\/2025\/06\/bordlampa-bordlampa-med-vagig-lampskarm-e27-sockel-knappstrombrytare-nattbordslampa-for-vardagsrum-lekrum-vit-exkl-glodlampa-1.webp?fit=2000%2C2000&ssl=1\" \/>\n\t<meta property=\"og:image:width\" content=\"2000\" \/>\n\t<meta property=\"og:image:height\" content=\"2000\" \/>\n\t<meta property=\"og:image:type\" content=\"image\/webp\" \/>\n<meta name=\"twitter:card\" content=\"summary_large_image\" \/>\n<meta name=\"twitter:label1\" content=\"Ber\u00e4knad l\u00e4stid\" \/>\n\t<meta name=\"twitter:data1\" content=\"1 minut\" \/>\n<!-- \/ Yoast SEO plugin. -->","yoast_head_json":{"title":"TRUUSK Bordlampa med V\u00e5gig Lampsk\u00e4rm - E27-sockel - Knappstr\u00f6mbrytare - Vit - F\u00f6r Vardagsrum och Lekrum - TRUUSK - Hem, Tr\u00e4dg\u00e5rd &amp; Fritid","robots":{"index":"index","follow":"follow","max-snippet":"max-snippet:-1","max-image-preview":"max-image-preview:large","max-video-preview":"max-video-preview:-1"},"canonical":"https:\/\/truusk.store\/sv\/produkt\/truusk-bordlampa-med-vagig-lampskarm-e27-sockel-knappstrombrytare-vit-for-vardagsrum-och-lekrum\/","og_locale":"sv_SE","og_type":"article","og_title":"TRUUSK Bordlampa med V\u00e5gig Lampsk\u00e4rm - E27-sockel - Knappstr\u00f6mbrytare - Vit - F\u00f6r Vardagsrum och Lekrum - TRUUSK - Hem, Tr\u00e4dg\u00e5rd &amp; Fritid","og_description":"Ge ditt rum en touch av stil med TRUUSK skrivbordslampa. Dess plastsk\u00e4rm visar livliga v\u00e5gkonturer i modern-retro stil. Denna lampa...","og_url":"https:\/\/truusk.store\/sv\/produkt\/truusk-bordlampa-med-vagig-lampskarm-e27-sockel-knappstrombrytare-vit-for-vardagsrum-och-lekrum\/","og_site_name":"TRUUSK - Hem, Tr\u00e4dg\u00e5rd &amp; Fritid","article_modified_time":"2026-03-12T07:46:10+00:00","og_image":[{"width":2000,"height":2000,"url":"https:\/\/i0.wp.com\/truusk.se\/wp-content\/uploads\/2025\/06\/bordlampa-bordlampa-med-vagig-lampskarm-e27-sockel-knappstrombrytare-nattbordslampa-for-vardagsrum-lekrum-vit-exkl-glodlampa-1.webp?fit=2000%2C2000&ssl=1","type":"image\/webp"}],"twitter_card":"summary_large_image","twitter_misc":{"Ber\u00e4knad l\u00e4stid":"1 minut"},"schema":{"@context":"https:\/\/schema.org","@graph":[{"@type":"WebPage","@id":"https:\/\/truusk.store\/sv\/produkt\/truusk-bordlampa-med-vagig-lampskarm-e27-sockel-knappstrombrytare-vit-for-vardagsrum-och-lekrum\/","url":"https:\/\/truusk.store\/sv\/produkt\/truusk-bordlampa-med-vagig-lampskarm-e27-sockel-knappstrombrytare-vit-for-vardagsrum-och-lekrum\/","name":"TRUUSK Bordlampa med V\u00e5gig Lampsk\u00e4rm - E27-sockel - Knappstr\u00f6mbrytare - Vit - F\u00f6r Vardagsrum och Lekrum - TRUUSK - Hem, Tr\u00e4dg\u00e5rd &amp; Fritid","isPartOf":{"@id":"https:\/\/truusk.store\/sv\/#website"},"primaryImageOfPage":{"@id":"https:\/\/truusk.store\/sv\/produkt\/truusk-bordlampa-med-vagig-lampskarm-e27-sockel-knappstrombrytare-vit-for-vardagsrum-och-lekrum\/#primaryimage"},"image":{"@id":"https:\/\/truusk.store\/sv\/produkt\/truusk-bordlampa-med-vagig-lampskarm-e27-sockel-knappstrombrytare-vit-for-vardagsrum-och-lekrum\/#primaryimage"},"thumbnailUrl":"https:\/\/i0.wp.com\/truusk.store\/wp-content\/uploads\/2025\/06\/bordlampa-bordlampa-med-vagig-lampskarm-e27-sockel-knappstrombrytare-nattbordslampa-for-vardagsrum-lekrum-vit-exkl-glodlampa-1.webp?fit=2000%2C2000&ssl=1","datePublished":"2025-06-23T12:16:45+00:00","dateModified":"2026-03-12T07:46:10+00:00","breadcrumb":{"@id":"https:\/\/truusk.store\/sv\/produkt\/truusk-bordlampa-med-vagig-lampskarm-e27-sockel-knappstrombrytare-vit-for-vardagsrum-och-lekrum\/#breadcrumb"},"inLanguage":"sv-SE","potentialAction":[{"@type":"ReadAction","target":["https:\/\/truusk.store\/sv\/produkt\/truusk-bordlampa-med-vagig-lampskarm-e27-sockel-knappstrombrytare-vit-for-vardagsrum-och-lekrum\/"]}]},{"@type":"ImageObject","inLanguage":"sv-SE","@id":"https:\/\/truusk.store\/sv\/produkt\/truusk-bordlampa-med-vagig-lampskarm-e27-sockel-knappstrombrytare-vit-for-vardagsrum-och-lekrum\/#primaryimage","url":"https:\/\/i0.wp.com\/truusk.store\/wp-content\/uploads\/2025\/06\/bordlampa-bordlampa-med-vagig-lampskarm-e27-sockel-knappstrombrytare-nattbordslampa-for-vardagsrum-lekrum-vit-exkl-glodlampa-1.webp?fit=2000%2C2000&ssl=1","contentUrl":"https:\/\/i0.wp.com\/truusk.store\/wp-content\/uploads\/2025\/06\/bordlampa-bordlampa-med-vagig-lampskarm-e27-sockel-knappstrombrytare-nattbordslampa-for-vardagsrum-lekrum-vit-exkl-glodlampa-1.webp?fit=2000%2C2000&ssl=1","width":2000,"height":2000},{"@type":"BreadcrumbList","@id":"https:\/\/truusk.store\/sv\/produkt\/truusk-bordlampa-med-vagig-lampskarm-e27-sockel-knappstrombrytare-vit-for-vardagsrum-och-lekrum\/#breadcrumb","itemListElement":[{"@type":"ListItem","position":1,"name":"Home","item":"https:\/\/truusk.store\/sv\/"},{"@type":"ListItem","position":2,"name":"Shop","item":"https:\/\/truusk.store\/shop\/"},{"@type":"ListItem","position":3,"name":"TRUUSK Bordlampa med V\u00e5gig Lampsk\u00e4rm &#8211; E27-sockel &#8211; Knappstr\u00f6mbrytare &#8211; Vit &#8211; F\u00f6r Vardagsrum och Lekrum"}]},{"@type":"WebSite","@id":"https:\/\/truusk.store\/sv\/#website","url":"https:\/\/truusk.store\/sv\/","name":"TRUUSK - Hem, Tr\u00e4dg\u00e5rd & Fritid","description":"","publisher":{"@id":"https:\/\/truusk.store\/sv\/#organization"},"potentialAction":[{"@type":"SearchAction","target":{"@type":"EntryPoint","urlTemplate":"https:\/\/truusk.store\/sv\/?s={search_term_string}"},"query-input":{"@type":"PropertyValueSpecification","valueRequired":true,"valueName":"search_term_string"}}],"inLanguage":"sv-SE"},{"@type":"Organization","@id":"https:\/\/truusk.store\/sv\/#organization","name":"TRUUSK - Hem, Tr\u00e4dg\u00e5rd & Fritid","url":"https:\/\/truusk.store\/sv\/","logo":{"@type":"ImageObject","inLanguage":"sv-SE","@id":"https:\/\/truusk.store\/sv\/#\/schema\/logo\/image\/","url":"https:\/\/i0.wp.com\/truusk.store\/wp-content\/uploads\/2026\/03\/cropped-TRUUSK.png?fit=2032%2C917&ssl=1","contentUrl":"https:\/\/i0.wp.com\/truusk.store\/wp-content\/uploads\/2026\/03\/cropped-TRUUSK.png?fit=2032%2C917&ssl=1","width":2032,"height":917,"caption":"TRUUSK - Hem, Tr\u00e4dg\u00e5rd & Fritid"},"image":{"@id":"https:\/\/truusk.store\/sv\/#\/schema\/logo\/image\/"}}]}},"jetpack_sharing_enabled":true,"_links":{"self":[{"href":"https:\/\/truusk.store\/sv\/wp-json\/wp\/v2\/product\/81071","targetHints":{"allow":["GET"]}}],"collection":[{"href":"https:\/\/truusk.store\/sv\/wp-json\/wp\/v2\/product"}],"about":[{"href":"https:\/\/truusk.store\/sv\/wp-json\/wp\/v2\/types\/product"}],"wp:featuredmedia":[{"embeddable":true,"href":"https:\/\/truusk.store\/sv\/wp-json\/wp\/v2\/media\/81062"}],"wp:attachment":[{"href":"https:\/\/truusk.store\/sv\/wp-json\/wp\/v2\/media?parent=81071"}],"wp:term":[{"taxonomy":"product_brand","embeddable":true,"href":"https:\/\/truusk.store\/sv\/wp-json\/wp\/v2\/product_brand?post=81071"},{"taxonomy":"product_cat","embeddable":true,"href":"https:\/\/truusk.store\/sv\/wp-json\/wp\/v2\/product_cat?post=81071"},{"taxonomy":"product_tag","embeddable":true,"href":"https:\/\/truusk.store\/sv\/wp-json\/wp\/v2\/product_tag?post=81071"}],"curies":[{"name":"wp","href":"https:\/\/api.w.org\/{rel}","templated":true}]}}