{"id":81081,"date":"2025-06-23T13:17:43","date_gmt":"2025-06-23T12:17:43","guid":{"rendered":"https:\/\/truusk.store\/product\/golvlampa-vardagsrumsgolvlampa-med-rund-skarm-reflekterande-ljus-fotomkopplare-golvlampa-med-stalstallning-e27-sockel-for-sovrum-kontor-gron\/"},"modified":"2026-03-12T08:46:11","modified_gmt":"2026-03-12T07:46:11","slug":"truusk-golvlampa-rund-skarm-reflekterande-ljus-fotomkopplare-stalstallning-e27-sockel-gron","status":"publish","type":"product","link":"https:\/\/truusk.store\/sv\/produkt\/truusk-golvlampa-rund-skarm-reflekterande-ljus-fotomkopplare-stalstallning-e27-sockel-gron\/","title":{"rendered":"TRUUSK Golvlampa &#8211; Rund Sk\u00e4rm &#8211; Reflekterande Ljus &#8211; Fotomkopplare &#8211; St\u00e5lst\u00e4llning &#8211; E27-sockel &#8211; Gr\u00f6n"},"content":{"rendered":"<p>Vill du ge ditt rum en stilfull touch? Den smala TRUUSK golvlampan ger glans till varje h\u00f6rn. Dess enkla, runda sk\u00e4rm och den eleganta stammen passar perfekt till alla inredningar. Oavsett om det \u00e4r f\u00f6r hyra eller f\u00f6r en mysig atmosf\u00e4r, \u00e4r denna lampa idealisk. Dess sk\u00e5lliknande sk\u00e4rm med spegel inuti ger ett mjukt, varmt ljus, perfekt f\u00f6r filmkv\u00e4llar eller avkoppling efter en stressig dag.<\/p>\n<p>Beskrivning:<\/p>\n<ul>\n<li> Elegant vardagsrumslampa med modernt utseende<\/li>\n<li> Sk\u00e4rm i sk\u00e5lliknande form f\u00f6r mjukt, bl\u00e4ndfritt ljus<\/li>\n<li> Praktisk fotbrytare f\u00f6r enkel p\u00e5- och avst\u00e4ngning \u00f6kar komforten<\/li>\n<li> L\u00e5ng str\u00f6mkabel \u00f6kar flexibiliteten vid placering<\/li>\n<li> E27 lampsockel st\u00f6der olika typer av ljusk\u00e4llor<\/li>\n<li> Enkel montering p\u00e5 15 minuter sparar tid<\/li>\n<\/ul>\n<p> Tekniska data:<\/p>\n<ul>\n<li> F\u00e4rg: Gr\u00f6n<\/li>\n<li> Material: St\u00e5l<\/li>\n<li> Totala dimensioner: \u00d830 x 155H cm<\/li>\n<li> Lampsk\u00e4rmdimensioner: \u00d830 x 14,5H cm<\/li>\n<li> Basdimensioner: \u00d822 x 2,5H cm<\/li>\n<li> Max. effekt f\u00f6r gl\u00f6dlampa: 40 W<\/li>\n<li> Sp\u00e4nning: 220-240V, 50Hz<\/li>\n<li> Kabell\u00e4ngd: 1,8 m<\/li>\n<li> Notera: E27 sockel, gl\u00f6dlampor ing\u00e5r inte<\/li>\n<\/ul>\n<p>Leveransinneh\u00e5ll:<\/p>\n<ul>\n<li> 1 x Golvlampa<\/li>\n<li> 1 x Bruksanvisning<\/li>\n<\/ul>\n","protected":false},"excerpt":{"rendered":"<p>Vill du ge ditt rum en stilfull touch? Den smala TRUUSK golvlampan ger glans till varje h\u00f6rn. Dess enkla, runda&#8230;<\/p>\n","protected":false},"featured_media":81072,"template":"","meta":[],"product_brand":[],"product_cat":[486,907,871],"product_tag":[],"class_list":{"0":"post-81081","1":"product","2":"type-product","3":"status-publish","4":"has-post-thumbnail","6":"product_cat-belysning","7":"product_cat-golvlampor","8":"product_cat-hus-hem","10":"first","11":"instock","12":"sale","13":"taxable","14":"shipping-taxable","15":"purchasable","16":"product-type-simple"},"yoast_head":"<!-- This site is optimized with the Yoast SEO plugin v25.4 - https:\/\/yoast.com\/wordpress\/plugins\/seo\/ -->\n<title>TRUUSK Golvlampa - Rund Sk\u00e4rm - Reflekterande Ljus - Fotomkopplare - St\u00e5lst\u00e4llning - E27-sockel - Gr\u00f6n - TRUUSK - Hem, Tr\u00e4dg\u00e5rd &amp; Fritid<\/title>\n<meta name=\"robots\" content=\"index, follow, max-snippet:-1, max-image-preview:large, max-video-preview:-1\" \/>\n<link rel=\"canonical\" href=\"https:\/\/truusk.store\/sv\/produkt\/truusk-golvlampa-rund-skarm-reflekterande-ljus-fotomkopplare-stalstallning-e27-sockel-gron\/\" \/>\n<meta property=\"og:locale\" content=\"sv_SE\" \/>\n<meta property=\"og:type\" content=\"article\" \/>\n<meta property=\"og:title\" content=\"TRUUSK Golvlampa - Rund Sk\u00e4rm - Reflekterande Ljus - Fotomkopplare - St\u00e5lst\u00e4llning - E27-sockel - Gr\u00f6n - TRUUSK - Hem, Tr\u00e4dg\u00e5rd &amp; Fritid\" \/>\n<meta property=\"og:description\" content=\"Vill du ge ditt rum en stilfull touch? Den smala TRUUSK golvlampan ger glans till varje h\u00f6rn. Dess enkla, runda...\" \/>\n<meta property=\"og:url\" content=\"https:\/\/truusk.store\/sv\/produkt\/truusk-golvlampa-rund-skarm-reflekterande-ljus-fotomkopplare-stalstallning-e27-sockel-gron\/\" \/>\n<meta property=\"og:site_name\" content=\"TRUUSK - Hem, Tr\u00e4dg\u00e5rd &amp; Fritid\" \/>\n<meta property=\"article:modified_time\" content=\"2026-03-12T07:46:11+00:00\" \/>\n<meta property=\"og:image\" content=\"https:\/\/i0.wp.com\/truusk.se\/wp-content\/uploads\/2025\/06\/golvlampa-vardagsrumsgolvlampa-med-rund-skarm-reflekterande-ljus-fotomkopplare-golvlampa-med-stalstallning-e27-sockel-for-sovrum-kontor-gron-1.webp?fit=2000%2C2000&ssl=1\" \/>\n\t<meta property=\"og:image:width\" content=\"2000\" \/>\n\t<meta property=\"og:image:height\" content=\"2000\" \/>\n\t<meta property=\"og:image:type\" content=\"image\/webp\" \/>\n<meta name=\"twitter:card\" content=\"summary_large_image\" \/>\n<meta name=\"twitter:label1\" content=\"Ber\u00e4knad l\u00e4stid\" \/>\n\t<meta name=\"twitter:data1\" content=\"1 minut\" \/>\n<!-- \/ Yoast SEO plugin. -->","yoast_head_json":{"title":"TRUUSK Golvlampa - Rund Sk\u00e4rm - Reflekterande Ljus - Fotomkopplare - St\u00e5lst\u00e4llning - E27-sockel - Gr\u00f6n - TRUUSK - Hem, Tr\u00e4dg\u00e5rd &amp; Fritid","robots":{"index":"index","follow":"follow","max-snippet":"max-snippet:-1","max-image-preview":"max-image-preview:large","max-video-preview":"max-video-preview:-1"},"canonical":"https:\/\/truusk.store\/sv\/produkt\/truusk-golvlampa-rund-skarm-reflekterande-ljus-fotomkopplare-stalstallning-e27-sockel-gron\/","og_locale":"sv_SE","og_type":"article","og_title":"TRUUSK Golvlampa - Rund Sk\u00e4rm - Reflekterande Ljus - Fotomkopplare - St\u00e5lst\u00e4llning - E27-sockel - Gr\u00f6n - TRUUSK - Hem, Tr\u00e4dg\u00e5rd &amp; Fritid","og_description":"Vill du ge ditt rum en stilfull touch? Den smala TRUUSK golvlampan ger glans till varje h\u00f6rn. Dess enkla, runda...","og_url":"https:\/\/truusk.store\/sv\/produkt\/truusk-golvlampa-rund-skarm-reflekterande-ljus-fotomkopplare-stalstallning-e27-sockel-gron\/","og_site_name":"TRUUSK - Hem, Tr\u00e4dg\u00e5rd &amp; Fritid","article_modified_time":"2026-03-12T07:46:11+00:00","og_image":[{"width":2000,"height":2000,"url":"https:\/\/i0.wp.com\/truusk.se\/wp-content\/uploads\/2025\/06\/golvlampa-vardagsrumsgolvlampa-med-rund-skarm-reflekterande-ljus-fotomkopplare-golvlampa-med-stalstallning-e27-sockel-for-sovrum-kontor-gron-1.webp?fit=2000%2C2000&ssl=1","type":"image\/webp"}],"twitter_card":"summary_large_image","twitter_misc":{"Ber\u00e4knad l\u00e4stid":"1 minut"},"schema":{"@context":"https:\/\/schema.org","@graph":[{"@type":"WebPage","@id":"https:\/\/truusk.store\/sv\/produkt\/truusk-golvlampa-rund-skarm-reflekterande-ljus-fotomkopplare-stalstallning-e27-sockel-gron\/","url":"https:\/\/truusk.store\/sv\/produkt\/truusk-golvlampa-rund-skarm-reflekterande-ljus-fotomkopplare-stalstallning-e27-sockel-gron\/","name":"TRUUSK Golvlampa - Rund Sk\u00e4rm - Reflekterande Ljus - Fotomkopplare - St\u00e5lst\u00e4llning - E27-sockel - Gr\u00f6n - TRUUSK - Hem, Tr\u00e4dg\u00e5rd &amp; Fritid","isPartOf":{"@id":"https:\/\/truusk.store\/sv\/#website"},"primaryImageOfPage":{"@id":"https:\/\/truusk.store\/sv\/produkt\/truusk-golvlampa-rund-skarm-reflekterande-ljus-fotomkopplare-stalstallning-e27-sockel-gron\/#primaryimage"},"image":{"@id":"https:\/\/truusk.store\/sv\/produkt\/truusk-golvlampa-rund-skarm-reflekterande-ljus-fotomkopplare-stalstallning-e27-sockel-gron\/#primaryimage"},"thumbnailUrl":"https:\/\/i0.wp.com\/truusk.store\/wp-content\/uploads\/2025\/06\/golvlampa-vardagsrumsgolvlampa-med-rund-skarm-reflekterande-ljus-fotomkopplare-golvlampa-med-stalstallning-e27-sockel-for-sovrum-kontor-gron-1.webp?fit=2000%2C2000&ssl=1","datePublished":"2025-06-23T12:17:43+00:00","dateModified":"2026-03-12T07:46:11+00:00","breadcrumb":{"@id":"https:\/\/truusk.store\/sv\/produkt\/truusk-golvlampa-rund-skarm-reflekterande-ljus-fotomkopplare-stalstallning-e27-sockel-gron\/#breadcrumb"},"inLanguage":"sv-SE","potentialAction":[{"@type":"ReadAction","target":["https:\/\/truusk.store\/sv\/produkt\/truusk-golvlampa-rund-skarm-reflekterande-ljus-fotomkopplare-stalstallning-e27-sockel-gron\/"]}]},{"@type":"ImageObject","inLanguage":"sv-SE","@id":"https:\/\/truusk.store\/sv\/produkt\/truusk-golvlampa-rund-skarm-reflekterande-ljus-fotomkopplare-stalstallning-e27-sockel-gron\/#primaryimage","url":"https:\/\/i0.wp.com\/truusk.store\/wp-content\/uploads\/2025\/06\/golvlampa-vardagsrumsgolvlampa-med-rund-skarm-reflekterande-ljus-fotomkopplare-golvlampa-med-stalstallning-e27-sockel-for-sovrum-kontor-gron-1.webp?fit=2000%2C2000&ssl=1","contentUrl":"https:\/\/i0.wp.com\/truusk.store\/wp-content\/uploads\/2025\/06\/golvlampa-vardagsrumsgolvlampa-med-rund-skarm-reflekterande-ljus-fotomkopplare-golvlampa-med-stalstallning-e27-sockel-for-sovrum-kontor-gron-1.webp?fit=2000%2C2000&ssl=1","width":2000,"height":2000},{"@type":"BreadcrumbList","@id":"https:\/\/truusk.store\/sv\/produkt\/truusk-golvlampa-rund-skarm-reflekterande-ljus-fotomkopplare-stalstallning-e27-sockel-gron\/#breadcrumb","itemListElement":[{"@type":"ListItem","position":1,"name":"Home","item":"https:\/\/truusk.store\/sv\/"},{"@type":"ListItem","position":2,"name":"Shop","item":"https:\/\/truusk.store\/shop\/"},{"@type":"ListItem","position":3,"name":"TRUUSK Golvlampa &#8211; Rund Sk\u00e4rm &#8211; Reflekterande Ljus &#8211; Fotomkopplare &#8211; St\u00e5lst\u00e4llning &#8211; E27-sockel &#8211; Gr\u00f6n"}]},{"@type":"WebSite","@id":"https:\/\/truusk.store\/sv\/#website","url":"https:\/\/truusk.store\/sv\/","name":"TRUUSK - Hem, Tr\u00e4dg\u00e5rd & Fritid","description":"","publisher":{"@id":"https:\/\/truusk.store\/sv\/#organization"},"potentialAction":[{"@type":"SearchAction","target":{"@type":"EntryPoint","urlTemplate":"https:\/\/truusk.store\/sv\/?s={search_term_string}"},"query-input":{"@type":"PropertyValueSpecification","valueRequired":true,"valueName":"search_term_string"}}],"inLanguage":"sv-SE"},{"@type":"Organization","@id":"https:\/\/truusk.store\/sv\/#organization","name":"TRUUSK - Hem, Tr\u00e4dg\u00e5rd & Fritid","url":"https:\/\/truusk.store\/sv\/","logo":{"@type":"ImageObject","inLanguage":"sv-SE","@id":"https:\/\/truusk.store\/sv\/#\/schema\/logo\/image\/","url":"https:\/\/i0.wp.com\/truusk.store\/wp-content\/uploads\/2026\/03\/cropped-TRUUSK.png?fit=2032%2C917&ssl=1","contentUrl":"https:\/\/i0.wp.com\/truusk.store\/wp-content\/uploads\/2026\/03\/cropped-TRUUSK.png?fit=2032%2C917&ssl=1","width":2032,"height":917,"caption":"TRUUSK - Hem, Tr\u00e4dg\u00e5rd & Fritid"},"image":{"@id":"https:\/\/truusk.store\/sv\/#\/schema\/logo\/image\/"}}]}},"jetpack_sharing_enabled":true,"_links":{"self":[{"href":"https:\/\/truusk.store\/sv\/wp-json\/wp\/v2\/product\/81081","targetHints":{"allow":["GET"]}}],"collection":[{"href":"https:\/\/truusk.store\/sv\/wp-json\/wp\/v2\/product"}],"about":[{"href":"https:\/\/truusk.store\/sv\/wp-json\/wp\/v2\/types\/product"}],"wp:featuredmedia":[{"embeddable":true,"href":"https:\/\/truusk.store\/sv\/wp-json\/wp\/v2\/media\/81072"}],"wp:attachment":[{"href":"https:\/\/truusk.store\/sv\/wp-json\/wp\/v2\/media?parent=81081"}],"wp:term":[{"taxonomy":"product_brand","embeddable":true,"href":"https:\/\/truusk.store\/sv\/wp-json\/wp\/v2\/product_brand?post=81081"},{"taxonomy":"product_cat","embeddable":true,"href":"https:\/\/truusk.store\/sv\/wp-json\/wp\/v2\/product_cat?post=81081"},{"taxonomy":"product_tag","embeddable":true,"href":"https:\/\/truusk.store\/sv\/wp-json\/wp\/v2\/product_tag?post=81081"}],"curies":[{"name":"wp","href":"https:\/\/api.w.org\/{rel}","templated":true}]}}