{"id":81091,"date":"2025-06-23T13:18:49","date_gmt":"2025-06-23T12:18:49","guid":{"rendered":"https:\/\/truusk.store\/product\/golvlampa-golvlampa-med-e27-sockel-med-vagskarm-golvlampa-med-fotomkopplare-for-vardagsrum-sovrum-exkl-ljuskalla-vit\/"},"modified":"2026-03-12T08:46:12","modified_gmt":"2026-03-12T07:46:12","slug":"truusk-golvlampa-med-e27-sockel-vagskarm-fotomkopplare-for-vardagsrum-sovrum-exkl-ljuskalla-vit","status":"publish","type":"product","link":"https:\/\/truusk.store\/sv\/produkt\/truusk-golvlampa-med-e27-sockel-vagskarm-fotomkopplare-for-vardagsrum-sovrum-exkl-ljuskalla-vit\/","title":{"rendered":"TRUUSK Golvlampa med E27-sockel &#8211; V\u00e5gsk\u00e4rm &#8211; Fotomkopplare &#8211; F\u00f6r Vardagsrum &#8211; Sovrum &#8211; Exkl. Ljusk\u00e4lla &#8211; Vit"},"content":{"rendered":"<p>Ge ditt rum en stilfull virvel med TRUUSK golvlampa. Plastlampsk\u00e4rmen med livliga v\u00e5gkonturer ger en modern retrocharm. Den \u00e4r l\u00e4mplig f\u00f6r alla E27 gl\u00f6dlampor och utrustad med en praktisk fotbrytare. Kombinera elegans och funktionalitet i din belysning.<\/p>\n<p>Beskrivning:<\/p>\n<ul>\n<li> Rundad sk\u00e4rm med v\u00e5gkonturer f\u00f6rb\u00e4ttrar den visuella dynamiken<\/li>\n<li> Fotbrytare p\u00e5 kabeln m\u00f6jligg\u00f6r enkel anv\u00e4ndning<\/li>\n<li> E27 lampsockel kompatibel med olika typer av gl\u00f6dlampor<\/li>\n<li> Plastlampsk\u00e4rm och metallst\u00e5ng f\u00f6rfinad med baklack garanterar h\u00e5llbarhet<\/li>\n<li> Enkel montering kr\u00e4vs<\/li>\n<\/ul>\n<p> Tekniska data:<\/p>\n<ul>\n<li> F\u00e4rg: Vit<\/li>\n<li> Material: Metall, Plast<\/li>\n<li> Totala dimensioner: \u00d835 x 153H cm<\/li>\n<li> Storlek p\u00e5 lampsk\u00e4rm: \u00d835 x 20B cm<\/li>\n<li> Basstorlek: \u00d822 x 2,5B cm<\/li>\n<li> L\u00e4ngd p\u00e5 str\u00f6mkabel: 1,8 m<\/li>\n<li> Sp\u00e4nning: 220-240V, 50Hz<\/li>\n<li> Max effekt: 40 W<\/li>\n<li> E27 sockel (gl\u00f6dlampa ing\u00e5r inte)<\/li>\n<\/ul>\n<p>Leveransinneh\u00e5ll:<\/p>\n<ul>\n<li> 1 x Golvlampa<\/li>\n<li> 1 x Bruksanvisning<\/li>\n<\/ul>\n","protected":false},"excerpt":{"rendered":"<p>Ge ditt rum en stilfull virvel med TRUUSK golvlampa. Plastlampsk\u00e4rmen med livliga v\u00e5gkonturer ger en modern retrocharm. Den \u00e4r l\u00e4mplig&#8230;<\/p>\n","protected":false},"featured_media":81082,"template":"","meta":[],"product_brand":[],"product_cat":[486,907,871],"product_tag":[],"class_list":{"0":"post-81091","1":"product","2":"type-product","3":"status-publish","4":"has-post-thumbnail","6":"product_cat-belysning","7":"product_cat-golvlampor","8":"product_cat-hus-hem","10":"first","11":"instock","12":"sale","13":"taxable","14":"shipping-taxable","15":"purchasable","16":"product-type-simple"},"yoast_head":"<!-- This site is optimized with the Yoast SEO plugin v25.4 - https:\/\/yoast.com\/wordpress\/plugins\/seo\/ -->\n<title>TRUUSK Golvlampa med E27-sockel - V\u00e5gsk\u00e4rm - Fotomkopplare - F\u00f6r Vardagsrum - Sovrum - Exkl. Ljusk\u00e4lla - Vit - TRUUSK - Hem, Tr\u00e4dg\u00e5rd &amp; Fritid<\/title>\n<meta name=\"robots\" content=\"index, follow, max-snippet:-1, max-image-preview:large, max-video-preview:-1\" \/>\n<link rel=\"canonical\" href=\"https:\/\/truusk.store\/sv\/produkt\/truusk-golvlampa-med-e27-sockel-vagskarm-fotomkopplare-for-vardagsrum-sovrum-exkl-ljuskalla-vit\/\" \/>\n<meta property=\"og:locale\" content=\"sv_SE\" \/>\n<meta property=\"og:type\" content=\"article\" \/>\n<meta property=\"og:title\" content=\"TRUUSK Golvlampa med E27-sockel - V\u00e5gsk\u00e4rm - Fotomkopplare - F\u00f6r Vardagsrum - Sovrum - Exkl. Ljusk\u00e4lla - Vit - TRUUSK - Hem, Tr\u00e4dg\u00e5rd &amp; Fritid\" \/>\n<meta property=\"og:description\" content=\"Ge ditt rum en stilfull virvel med TRUUSK golvlampa. Plastlampsk\u00e4rmen med livliga v\u00e5gkonturer ger en modern retrocharm. Den \u00e4r l\u00e4mplig...\" \/>\n<meta property=\"og:url\" content=\"https:\/\/truusk.store\/sv\/produkt\/truusk-golvlampa-med-e27-sockel-vagskarm-fotomkopplare-for-vardagsrum-sovrum-exkl-ljuskalla-vit\/\" \/>\n<meta property=\"og:site_name\" content=\"TRUUSK - Hem, Tr\u00e4dg\u00e5rd &amp; Fritid\" \/>\n<meta property=\"article:modified_time\" content=\"2026-03-12T07:46:12+00:00\" \/>\n<meta property=\"og:image\" content=\"https:\/\/i0.wp.com\/truusk.se\/wp-content\/uploads\/2025\/06\/golvlampa-golvlampa-med-e27-sockel-med-vagskarm-golvlampa-med-fotomkopplare-for-vardagsrum-sovrum-exkl-ljuskalla-vit-1.webp?fit=2000%2C2000&ssl=1\" \/>\n\t<meta property=\"og:image:width\" content=\"2000\" \/>\n\t<meta property=\"og:image:height\" content=\"2000\" \/>\n\t<meta property=\"og:image:type\" content=\"image\/webp\" \/>\n<meta name=\"twitter:card\" content=\"summary_large_image\" \/>\n<meta name=\"twitter:label1\" content=\"Ber\u00e4knad l\u00e4stid\" \/>\n\t<meta name=\"twitter:data1\" content=\"1 minut\" \/>\n<!-- \/ Yoast SEO plugin. -->","yoast_head_json":{"title":"TRUUSK Golvlampa med E27-sockel - V\u00e5gsk\u00e4rm - Fotomkopplare - F\u00f6r Vardagsrum - Sovrum - Exkl. Ljusk\u00e4lla - Vit - TRUUSK - Hem, Tr\u00e4dg\u00e5rd &amp; Fritid","robots":{"index":"index","follow":"follow","max-snippet":"max-snippet:-1","max-image-preview":"max-image-preview:large","max-video-preview":"max-video-preview:-1"},"canonical":"https:\/\/truusk.store\/sv\/produkt\/truusk-golvlampa-med-e27-sockel-vagskarm-fotomkopplare-for-vardagsrum-sovrum-exkl-ljuskalla-vit\/","og_locale":"sv_SE","og_type":"article","og_title":"TRUUSK Golvlampa med E27-sockel - V\u00e5gsk\u00e4rm - Fotomkopplare - F\u00f6r Vardagsrum - Sovrum - Exkl. Ljusk\u00e4lla - Vit - TRUUSK - Hem, Tr\u00e4dg\u00e5rd &amp; Fritid","og_description":"Ge ditt rum en stilfull virvel med TRUUSK golvlampa. Plastlampsk\u00e4rmen med livliga v\u00e5gkonturer ger en modern retrocharm. Den \u00e4r l\u00e4mplig...","og_url":"https:\/\/truusk.store\/sv\/produkt\/truusk-golvlampa-med-e27-sockel-vagskarm-fotomkopplare-for-vardagsrum-sovrum-exkl-ljuskalla-vit\/","og_site_name":"TRUUSK - Hem, Tr\u00e4dg\u00e5rd &amp; Fritid","article_modified_time":"2026-03-12T07:46:12+00:00","og_image":[{"width":2000,"height":2000,"url":"https:\/\/i0.wp.com\/truusk.se\/wp-content\/uploads\/2025\/06\/golvlampa-golvlampa-med-e27-sockel-med-vagskarm-golvlampa-med-fotomkopplare-for-vardagsrum-sovrum-exkl-ljuskalla-vit-1.webp?fit=2000%2C2000&ssl=1","type":"image\/webp"}],"twitter_card":"summary_large_image","twitter_misc":{"Ber\u00e4knad l\u00e4stid":"1 minut"},"schema":{"@context":"https:\/\/schema.org","@graph":[{"@type":"WebPage","@id":"https:\/\/truusk.store\/sv\/produkt\/truusk-golvlampa-med-e27-sockel-vagskarm-fotomkopplare-for-vardagsrum-sovrum-exkl-ljuskalla-vit\/","url":"https:\/\/truusk.store\/sv\/produkt\/truusk-golvlampa-med-e27-sockel-vagskarm-fotomkopplare-for-vardagsrum-sovrum-exkl-ljuskalla-vit\/","name":"TRUUSK Golvlampa med E27-sockel - V\u00e5gsk\u00e4rm - Fotomkopplare - F\u00f6r Vardagsrum - Sovrum - Exkl. Ljusk\u00e4lla - Vit - TRUUSK - Hem, Tr\u00e4dg\u00e5rd &amp; Fritid","isPartOf":{"@id":"https:\/\/truusk.store\/sv\/#website"},"primaryImageOfPage":{"@id":"https:\/\/truusk.store\/sv\/produkt\/truusk-golvlampa-med-e27-sockel-vagskarm-fotomkopplare-for-vardagsrum-sovrum-exkl-ljuskalla-vit\/#primaryimage"},"image":{"@id":"https:\/\/truusk.store\/sv\/produkt\/truusk-golvlampa-med-e27-sockel-vagskarm-fotomkopplare-for-vardagsrum-sovrum-exkl-ljuskalla-vit\/#primaryimage"},"thumbnailUrl":"https:\/\/i0.wp.com\/truusk.store\/wp-content\/uploads\/2025\/06\/golvlampa-golvlampa-med-e27-sockel-med-vagskarm-golvlampa-med-fotomkopplare-for-vardagsrum-sovrum-exkl-ljuskalla-vit-1.webp?fit=2000%2C2000&ssl=1","datePublished":"2025-06-23T12:18:49+00:00","dateModified":"2026-03-12T07:46:12+00:00","breadcrumb":{"@id":"https:\/\/truusk.store\/sv\/produkt\/truusk-golvlampa-med-e27-sockel-vagskarm-fotomkopplare-for-vardagsrum-sovrum-exkl-ljuskalla-vit\/#breadcrumb"},"inLanguage":"sv-SE","potentialAction":[{"@type":"ReadAction","target":["https:\/\/truusk.store\/sv\/produkt\/truusk-golvlampa-med-e27-sockel-vagskarm-fotomkopplare-for-vardagsrum-sovrum-exkl-ljuskalla-vit\/"]}]},{"@type":"ImageObject","inLanguage":"sv-SE","@id":"https:\/\/truusk.store\/sv\/produkt\/truusk-golvlampa-med-e27-sockel-vagskarm-fotomkopplare-for-vardagsrum-sovrum-exkl-ljuskalla-vit\/#primaryimage","url":"https:\/\/i0.wp.com\/truusk.store\/wp-content\/uploads\/2025\/06\/golvlampa-golvlampa-med-e27-sockel-med-vagskarm-golvlampa-med-fotomkopplare-for-vardagsrum-sovrum-exkl-ljuskalla-vit-1.webp?fit=2000%2C2000&ssl=1","contentUrl":"https:\/\/i0.wp.com\/truusk.store\/wp-content\/uploads\/2025\/06\/golvlampa-golvlampa-med-e27-sockel-med-vagskarm-golvlampa-med-fotomkopplare-for-vardagsrum-sovrum-exkl-ljuskalla-vit-1.webp?fit=2000%2C2000&ssl=1","width":2000,"height":2000},{"@type":"BreadcrumbList","@id":"https:\/\/truusk.store\/sv\/produkt\/truusk-golvlampa-med-e27-sockel-vagskarm-fotomkopplare-for-vardagsrum-sovrum-exkl-ljuskalla-vit\/#breadcrumb","itemListElement":[{"@type":"ListItem","position":1,"name":"Home","item":"https:\/\/truusk.store\/sv\/"},{"@type":"ListItem","position":2,"name":"Shop","item":"https:\/\/truusk.store\/shop\/"},{"@type":"ListItem","position":3,"name":"TRUUSK Golvlampa med E27-sockel &#8211; V\u00e5gsk\u00e4rm &#8211; Fotomkopplare &#8211; F\u00f6r Vardagsrum &#8211; Sovrum &#8211; Exkl. Ljusk\u00e4lla &#8211; Vit"}]},{"@type":"WebSite","@id":"https:\/\/truusk.store\/sv\/#website","url":"https:\/\/truusk.store\/sv\/","name":"TRUUSK - Hem, Tr\u00e4dg\u00e5rd & Fritid","description":"","publisher":{"@id":"https:\/\/truusk.store\/sv\/#organization"},"potentialAction":[{"@type":"SearchAction","target":{"@type":"EntryPoint","urlTemplate":"https:\/\/truusk.store\/sv\/?s={search_term_string}"},"query-input":{"@type":"PropertyValueSpecification","valueRequired":true,"valueName":"search_term_string"}}],"inLanguage":"sv-SE"},{"@type":"Organization","@id":"https:\/\/truusk.store\/sv\/#organization","name":"TRUUSK - Hem, Tr\u00e4dg\u00e5rd & Fritid","url":"https:\/\/truusk.store\/sv\/","logo":{"@type":"ImageObject","inLanguage":"sv-SE","@id":"https:\/\/truusk.store\/sv\/#\/schema\/logo\/image\/","url":"https:\/\/i0.wp.com\/truusk.store\/wp-content\/uploads\/2026\/03\/cropped-TRUUSK.png?fit=2032%2C917&ssl=1","contentUrl":"https:\/\/i0.wp.com\/truusk.store\/wp-content\/uploads\/2026\/03\/cropped-TRUUSK.png?fit=2032%2C917&ssl=1","width":2032,"height":917,"caption":"TRUUSK - Hem, Tr\u00e4dg\u00e5rd & Fritid"},"image":{"@id":"https:\/\/truusk.store\/sv\/#\/schema\/logo\/image\/"}}]}},"jetpack_sharing_enabled":true,"_links":{"self":[{"href":"https:\/\/truusk.store\/sv\/wp-json\/wp\/v2\/product\/81091","targetHints":{"allow":["GET"]}}],"collection":[{"href":"https:\/\/truusk.store\/sv\/wp-json\/wp\/v2\/product"}],"about":[{"href":"https:\/\/truusk.store\/sv\/wp-json\/wp\/v2\/types\/product"}],"wp:featuredmedia":[{"embeddable":true,"href":"https:\/\/truusk.store\/sv\/wp-json\/wp\/v2\/media\/81082"}],"wp:attachment":[{"href":"https:\/\/truusk.store\/sv\/wp-json\/wp\/v2\/media?parent=81091"}],"wp:term":[{"taxonomy":"product_brand","embeddable":true,"href":"https:\/\/truusk.store\/sv\/wp-json\/wp\/v2\/product_brand?post=81091"},{"taxonomy":"product_cat","embeddable":true,"href":"https:\/\/truusk.store\/sv\/wp-json\/wp\/v2\/product_cat?post=81091"},{"taxonomy":"product_tag","embeddable":true,"href":"https:\/\/truusk.store\/sv\/wp-json\/wp\/v2\/product_tag?post=81091"}],"curies":[{"name":"wp","href":"https:\/\/api.w.org\/{rel}","templated":true}]}}