{"id":81098,"date":"2025-06-23T13:19:37","date_gmt":"2025-06-23T12:19:37","guid":{"rendered":"https:\/\/truusk.store\/product\/barns-elektriska-bil-12v-med-24-ghz-fjarrkontroll-2-motorer-barnfordon-med-4-fjadrande-hjul-tuta-stralkastare-musik-mjukstart-hjalp-hjul-for-3-5-ar-gra\/"},"modified":"2026-03-12T08:46:16","modified_gmt":"2026-03-12T07:46:16","slug":"truusk-barns-elektriska-bil-12v-24-ghz-fjarrkontroll-2-motorer-4-fjadrande-hjul-tuta-stralkastare-musik-for-3-5-ar","status":"publish","type":"product","link":"https:\/\/truusk.store\/sv\/produkt\/truusk-barns-elektriska-bil-12v-24-ghz-fjarrkontroll-2-motorer-4-fjadrande-hjul-tuta-stralkastare-musik-for-3-5-ar\/","title":{"rendered":"TRUUSK Barns Elektriska Bil 12V &#8211; 2,4 GHz Fj\u00e4rrkontroll &#8211; 2 Motorer &#8211; 4 Fj\u00e4drande Hjul &#8211; Tuta &#8211; Str\u00e5lkastare &#8211; Musik &#8211; F\u00f6r 3-5 \u00c5r"},"content":{"rendered":"<p>F\u00f6rbered dig p\u00e5 en h\u00e4rlig promenad med ditt barn, medan det k\u00f6r bredvid dig i parken i denna snygga barns elektriska bil och hummar till sin favoritmusik. Tack vare tutan kommer ditt barn att varna fotg\u00e4ngare och susa f\u00f6rbi i en s\u00e4ker hastighet p\u00e5 5 km\/h. Den robusta karossen och s\u00e4kerhetsb\u00e4ltet p\u00e5 den elektriska bilen ger extra s\u00e4kerhet och den mjuka hjulupph\u00e4ngningen ger en mjuk \u00e5ktur p\u00e5 n\u00e4stan alla terr\u00e4nger.<\/p>\n<p>Beskrivning:<\/p>\n<ul>\n<li> Fyrhjulsdesign f\u00f6r s\u00e4ker och lugn k\u00f6rning<\/li>\n<li> Separata knappar p\u00e5 barnets elektriska bil f\u00f6r tut och musik p\u00e5 ratten, f\u00f6r h\u00f6gt och klart ljud<\/li>\n<li> Den l\u00e5ngsamma startmekanismen ger ditt barn maximal s\u00e4kerhet<\/li>\n<li> Energivisning f\u00f6r att \u00f6vervaka \u00e5terst\u00e5ende batteriladdning<\/li>\n<li> AUX-ing\u00e5ng, USB-port och TF-kortplats f\u00f6r att ansluta en musikk\u00e4lla<\/li>\n<li> Inkluderar fj\u00e4rrkontroll f\u00f6r f\u00f6r\u00e4ldrakontroll<\/li>\n<li> Bakre hjul p\u00e5 den elektriska bilen f\u00f6r enkel flyttning n\u00e4r fordonet inte beh\u00f6vs<\/li>\n<li> Tv\u00e5 hastighetsniv\u00e5er (manuellt) eller tre hastighetsniv\u00e5er (fj\u00e4rrkontroll), med en topphastighet p\u00e5 5 km\/h<\/li>\n<li> Enkel montering<\/li>\n<\/ul>\n<p> Tekniska data:<\/p>\n<ul>\n<li> F\u00e4rg: Gr\u00e5<\/li>\n<li> Material: Plast, metall<\/li>\n<li> Totala m\u00e5tt: 103L x 58B x 41H cm<\/li>\n<li> Sitsstorlek: 34B x 19,5T x 13H cm (fr\u00e5n golvet)<\/li>\n<li> Batteri: 12V 4,5 AH<\/li>\n<li> Laddningstid: 8-10 timmar (f\u00f6rsta g\u00e5ngen), 8-12 timmar (regelbundet)<\/li>\n<li> Hastighet: 3-5 km\/h<\/li>\n<li> R\u00e4ckvidd f\u00f6r fj\u00e4rrkontroll: 25 m<\/li>\n<li> B\u00e4rkapacitet: 25 kg<\/li>\n<li> \u00c5ldersrekommendation: 3-5 \u00e5r<\/li>\n<li> OBS: \u00d6vervaka alltid dina barn n\u00e4r de k\u00f6r. 2 x AAA-batterier kr\u00e4vs f\u00f6r fj\u00e4rrkontrollen (ing\u00e5r inte)<\/li>\n<\/ul>\n<p>Leveransinneh\u00e5ll:<\/p>\n<ul>\n<li> 1 x Barnfordon<\/li>\n<li> 1 x Handbok<\/li>\n<\/ul>\n","protected":false},"excerpt":{"rendered":"<p>F\u00f6rbered dig p\u00e5 en h\u00e4rlig promenad med ditt barn, medan det k\u00f6r bredvid dig i parken i denna snygga barns&#8230;<\/p>\n","protected":false},"featured_media":81092,"template":"","meta":[],"product_brand":[],"product_cat":[880,610,925],"product_tag":[],"class_list":{"0":"post-81098","1":"product","2":"type-product","3":"status-publish","4":"has-post-thumbnail","6":"product_cat-baby-barn-2","7":"product_cat-barnfordon","8":"product_cat-barns-elektriska-fordon","10":"first","11":"instock","12":"sale","13":"taxable","14":"shipping-taxable","15":"purchasable","16":"product-type-simple"},"yoast_head":"<!-- This site is optimized with the Yoast SEO plugin v25.4 - https:\/\/yoast.com\/wordpress\/plugins\/seo\/ -->\n<title>TRUUSK Barns Elektriska Bil 12V - 2,4 GHz Fj\u00e4rrkontroll - 2 Motorer - 4 Fj\u00e4drande Hjul - Tuta - Str\u00e5lkastare - Musik - F\u00f6r 3-5 \u00c5r - TRUUSK - Hem, Tr\u00e4dg\u00e5rd &amp; Fritid<\/title>\n<meta name=\"robots\" content=\"index, follow, max-snippet:-1, max-image-preview:large, max-video-preview:-1\" \/>\n<link rel=\"canonical\" href=\"https:\/\/truusk.store\/sv\/produkt\/truusk-barns-elektriska-bil-12v-24-ghz-fjarrkontroll-2-motorer-4-fjadrande-hjul-tuta-stralkastare-musik-for-3-5-ar\/\" \/>\n<meta property=\"og:locale\" content=\"sv_SE\" \/>\n<meta property=\"og:type\" content=\"article\" \/>\n<meta property=\"og:title\" content=\"TRUUSK Barns Elektriska Bil 12V - 2,4 GHz Fj\u00e4rrkontroll - 2 Motorer - 4 Fj\u00e4drande Hjul - Tuta - Str\u00e5lkastare - Musik - F\u00f6r 3-5 \u00c5r - TRUUSK - Hem, Tr\u00e4dg\u00e5rd &amp; Fritid\" \/>\n<meta property=\"og:description\" content=\"F\u00f6rbered dig p\u00e5 en h\u00e4rlig promenad med ditt barn, medan det k\u00f6r bredvid dig i parken i denna snygga barns...\" \/>\n<meta property=\"og:url\" content=\"https:\/\/truusk.store\/sv\/produkt\/truusk-barns-elektriska-bil-12v-24-ghz-fjarrkontroll-2-motorer-4-fjadrande-hjul-tuta-stralkastare-musik-for-3-5-ar\/\" \/>\n<meta property=\"og:site_name\" content=\"TRUUSK - Hem, Tr\u00e4dg\u00e5rd &amp; Fritid\" \/>\n<meta property=\"article:modified_time\" content=\"2026-03-12T07:46:16+00:00\" \/>\n<meta property=\"og:image\" content=\"https:\/\/i0.wp.com\/truusk.se\/wp-content\/uploads\/2025\/06\/barns-elektriska-bil-12v-med-24-ghz-fjarrkontroll-2-motorer-barnfordon-med-4-fjadrande-hjul-tuta-stralkastare-musik-mjukstart-hjalp-hjul-for-3-5-ar-gra-1.webp?fit=2000%2C2000&ssl=1\" \/>\n\t<meta property=\"og:image:width\" content=\"2000\" \/>\n\t<meta property=\"og:image:height\" content=\"2000\" \/>\n\t<meta property=\"og:image:type\" content=\"image\/webp\" \/>\n<meta name=\"twitter:card\" content=\"summary_large_image\" \/>\n<meta name=\"twitter:label1\" content=\"Ber\u00e4knad l\u00e4stid\" \/>\n\t<meta name=\"twitter:data1\" content=\"1 minut\" \/>\n<!-- \/ Yoast SEO plugin. -->","yoast_head_json":{"title":"TRUUSK Barns Elektriska Bil 12V - 2,4 GHz Fj\u00e4rrkontroll - 2 Motorer - 4 Fj\u00e4drande Hjul - Tuta - Str\u00e5lkastare - Musik - F\u00f6r 3-5 \u00c5r - TRUUSK - Hem, Tr\u00e4dg\u00e5rd &amp; Fritid","robots":{"index":"index","follow":"follow","max-snippet":"max-snippet:-1","max-image-preview":"max-image-preview:large","max-video-preview":"max-video-preview:-1"},"canonical":"https:\/\/truusk.store\/sv\/produkt\/truusk-barns-elektriska-bil-12v-24-ghz-fjarrkontroll-2-motorer-4-fjadrande-hjul-tuta-stralkastare-musik-for-3-5-ar\/","og_locale":"sv_SE","og_type":"article","og_title":"TRUUSK Barns Elektriska Bil 12V - 2,4 GHz Fj\u00e4rrkontroll - 2 Motorer - 4 Fj\u00e4drande Hjul - Tuta - Str\u00e5lkastare - Musik - F\u00f6r 3-5 \u00c5r - TRUUSK - Hem, Tr\u00e4dg\u00e5rd &amp; Fritid","og_description":"F\u00f6rbered dig p\u00e5 en h\u00e4rlig promenad med ditt barn, medan det k\u00f6r bredvid dig i parken i denna snygga barns...","og_url":"https:\/\/truusk.store\/sv\/produkt\/truusk-barns-elektriska-bil-12v-24-ghz-fjarrkontroll-2-motorer-4-fjadrande-hjul-tuta-stralkastare-musik-for-3-5-ar\/","og_site_name":"TRUUSK - Hem, Tr\u00e4dg\u00e5rd &amp; Fritid","article_modified_time":"2026-03-12T07:46:16+00:00","og_image":[{"width":2000,"height":2000,"url":"https:\/\/i0.wp.com\/truusk.se\/wp-content\/uploads\/2025\/06\/barns-elektriska-bil-12v-med-24-ghz-fjarrkontroll-2-motorer-barnfordon-med-4-fjadrande-hjul-tuta-stralkastare-musik-mjukstart-hjalp-hjul-for-3-5-ar-gra-1.webp?fit=2000%2C2000&ssl=1","type":"image\/webp"}],"twitter_card":"summary_large_image","twitter_misc":{"Ber\u00e4knad l\u00e4stid":"1 minut"},"schema":{"@context":"https:\/\/schema.org","@graph":[{"@type":"WebPage","@id":"https:\/\/truusk.store\/sv\/produkt\/truusk-barns-elektriska-bil-12v-24-ghz-fjarrkontroll-2-motorer-4-fjadrande-hjul-tuta-stralkastare-musik-for-3-5-ar\/","url":"https:\/\/truusk.store\/sv\/produkt\/truusk-barns-elektriska-bil-12v-24-ghz-fjarrkontroll-2-motorer-4-fjadrande-hjul-tuta-stralkastare-musik-for-3-5-ar\/","name":"TRUUSK Barns Elektriska Bil 12V - 2,4 GHz Fj\u00e4rrkontroll - 2 Motorer - 4 Fj\u00e4drande Hjul - Tuta - Str\u00e5lkastare - Musik - F\u00f6r 3-5 \u00c5r - TRUUSK - Hem, Tr\u00e4dg\u00e5rd &amp; Fritid","isPartOf":{"@id":"https:\/\/truusk.store\/sv\/#website"},"primaryImageOfPage":{"@id":"https:\/\/truusk.store\/sv\/produkt\/truusk-barns-elektriska-bil-12v-24-ghz-fjarrkontroll-2-motorer-4-fjadrande-hjul-tuta-stralkastare-musik-for-3-5-ar\/#primaryimage"},"image":{"@id":"https:\/\/truusk.store\/sv\/produkt\/truusk-barns-elektriska-bil-12v-24-ghz-fjarrkontroll-2-motorer-4-fjadrande-hjul-tuta-stralkastare-musik-for-3-5-ar\/#primaryimage"},"thumbnailUrl":"https:\/\/i0.wp.com\/truusk.store\/wp-content\/uploads\/2025\/06\/barns-elektriska-bil-12v-med-24-ghz-fjarrkontroll-2-motorer-barnfordon-med-4-fjadrande-hjul-tuta-stralkastare-musik-mjukstart-hjalp-hjul-for-3-5-ar-gra-1.webp?fit=2000%2C2000&ssl=1","datePublished":"2025-06-23T12:19:37+00:00","dateModified":"2026-03-12T07:46:16+00:00","breadcrumb":{"@id":"https:\/\/truusk.store\/sv\/produkt\/truusk-barns-elektriska-bil-12v-24-ghz-fjarrkontroll-2-motorer-4-fjadrande-hjul-tuta-stralkastare-musik-for-3-5-ar\/#breadcrumb"},"inLanguage":"sv-SE","potentialAction":[{"@type":"ReadAction","target":["https:\/\/truusk.store\/sv\/produkt\/truusk-barns-elektriska-bil-12v-24-ghz-fjarrkontroll-2-motorer-4-fjadrande-hjul-tuta-stralkastare-musik-for-3-5-ar\/"]}]},{"@type":"ImageObject","inLanguage":"sv-SE","@id":"https:\/\/truusk.store\/sv\/produkt\/truusk-barns-elektriska-bil-12v-24-ghz-fjarrkontroll-2-motorer-4-fjadrande-hjul-tuta-stralkastare-musik-for-3-5-ar\/#primaryimage","url":"https:\/\/i0.wp.com\/truusk.store\/wp-content\/uploads\/2025\/06\/barns-elektriska-bil-12v-med-24-ghz-fjarrkontroll-2-motorer-barnfordon-med-4-fjadrande-hjul-tuta-stralkastare-musik-mjukstart-hjalp-hjul-for-3-5-ar-gra-1.webp?fit=2000%2C2000&ssl=1","contentUrl":"https:\/\/i0.wp.com\/truusk.store\/wp-content\/uploads\/2025\/06\/barns-elektriska-bil-12v-med-24-ghz-fjarrkontroll-2-motorer-barnfordon-med-4-fjadrande-hjul-tuta-stralkastare-musik-mjukstart-hjalp-hjul-for-3-5-ar-gra-1.webp?fit=2000%2C2000&ssl=1","width":2000,"height":2000},{"@type":"BreadcrumbList","@id":"https:\/\/truusk.store\/sv\/produkt\/truusk-barns-elektriska-bil-12v-24-ghz-fjarrkontroll-2-motorer-4-fjadrande-hjul-tuta-stralkastare-musik-for-3-5-ar\/#breadcrumb","itemListElement":[{"@type":"ListItem","position":1,"name":"Home","item":"https:\/\/truusk.store\/sv\/"},{"@type":"ListItem","position":2,"name":"Shop","item":"https:\/\/truusk.store\/shop\/"},{"@type":"ListItem","position":3,"name":"TRUUSK Barns Elektriska Bil 12V &#8211; 2,4 GHz Fj\u00e4rrkontroll &#8211; 2 Motorer &#8211; 4 Fj\u00e4drande Hjul &#8211; Tuta &#8211; Str\u00e5lkastare &#8211; Musik &#8211; F\u00f6r 3-5 \u00c5r"}]},{"@type":"WebSite","@id":"https:\/\/truusk.store\/sv\/#website","url":"https:\/\/truusk.store\/sv\/","name":"TRUUSK - Hem, Tr\u00e4dg\u00e5rd & Fritid","description":"","publisher":{"@id":"https:\/\/truusk.store\/sv\/#organization"},"potentialAction":[{"@type":"SearchAction","target":{"@type":"EntryPoint","urlTemplate":"https:\/\/truusk.store\/sv\/?s={search_term_string}"},"query-input":{"@type":"PropertyValueSpecification","valueRequired":true,"valueName":"search_term_string"}}],"inLanguage":"sv-SE"},{"@type":"Organization","@id":"https:\/\/truusk.store\/sv\/#organization","name":"TRUUSK - Hem, Tr\u00e4dg\u00e5rd & Fritid","url":"https:\/\/truusk.store\/sv\/","logo":{"@type":"ImageObject","inLanguage":"sv-SE","@id":"https:\/\/truusk.store\/sv\/#\/schema\/logo\/image\/","url":"https:\/\/i0.wp.com\/truusk.store\/wp-content\/uploads\/2026\/03\/cropped-TRUUSK.png?fit=2032%2C917&ssl=1","contentUrl":"https:\/\/i0.wp.com\/truusk.store\/wp-content\/uploads\/2026\/03\/cropped-TRUUSK.png?fit=2032%2C917&ssl=1","width":2032,"height":917,"caption":"TRUUSK - Hem, Tr\u00e4dg\u00e5rd & Fritid"},"image":{"@id":"https:\/\/truusk.store\/sv\/#\/schema\/logo\/image\/"}}]}},"jetpack_sharing_enabled":true,"_links":{"self":[{"href":"https:\/\/truusk.store\/sv\/wp-json\/wp\/v2\/product\/81098","targetHints":{"allow":["GET"]}}],"collection":[{"href":"https:\/\/truusk.store\/sv\/wp-json\/wp\/v2\/product"}],"about":[{"href":"https:\/\/truusk.store\/sv\/wp-json\/wp\/v2\/types\/product"}],"wp:featuredmedia":[{"embeddable":true,"href":"https:\/\/truusk.store\/sv\/wp-json\/wp\/v2\/media\/81092"}],"wp:attachment":[{"href":"https:\/\/truusk.store\/sv\/wp-json\/wp\/v2\/media?parent=81098"}],"wp:term":[{"taxonomy":"product_brand","embeddable":true,"href":"https:\/\/truusk.store\/sv\/wp-json\/wp\/v2\/product_brand?post=81098"},{"taxonomy":"product_cat","embeddable":true,"href":"https:\/\/truusk.store\/sv\/wp-json\/wp\/v2\/product_cat?post=81098"},{"taxonomy":"product_tag","embeddable":true,"href":"https:\/\/truusk.store\/sv\/wp-json\/wp\/v2\/product_tag?post=81098"}],"curies":[{"name":"wp","href":"https:\/\/api.w.org\/{rel}","templated":true}]}}