{"id":81118,"date":"2025-06-23T13:21:44","date_gmt":"2025-06-23T12:21:44","guid":{"rendered":"https:\/\/truusk.store\/product\/hemmakontorsstol-ergonomisk-skrivbordsstol-justerbar-hojd-kontorsstol-med-gungfunktion-teddy-sammet-utseende-sminkstol-for-sovrum-arbetsrum-kramvit\/"},"modified":"2026-03-12T08:46:17","modified_gmt":"2026-03-12T07:46:17","slug":"truusk-ergonomisk-hemmakontorsstol-justerbar-hojd-gungfunktion-teddy-sammet-for-sovrum-och-arbetsrum-kramvit","status":"publish","type":"product","link":"https:\/\/truusk.store\/sv\/produkt\/truusk-ergonomisk-hemmakontorsstol-justerbar-hojd-gungfunktion-teddy-sammet-for-sovrum-och-arbetsrum-kramvit\/","title":{"rendered":"TRUUSK Ergonomisk Hemmakontorsstol &#8211; Justerbar H\u00f6jd &#8211; Gungfunktion &#8211; Teddy Sammet &#8211; F\u00f6r Sovrum och Arbetsrum &#8211; Kr\u00e4mvit"},"content":{"rendered":"<p>B\u00f6rja din arbetsdag bekv\u00e4mt i denna TRUUSK kontorsstol med konstgjord p\u00e4ls i Teddy-textur &#8211; underbart mjuk. Sitt h\u00f6jden p\u00e5 den ergonomiska kontorsstolen kan justeras fr\u00e5n 46-56 cm, perfekt f\u00f6r din \u00f6nskade position. Med skumvaddering erbjuder kontorsstolen en h\u00f6g ryggst\u00f6d och armst\u00f6d f\u00f6r optimalt st\u00f6d. Tack vare de fem hjulen kan den enkelt flyttas.<\/p>\n<p>Beskrivning:<\/p>\n<ul>\n<li> Teddybj\u00f6rn-texturen p\u00e5 konstp\u00e4ls\u00f6verdraget \u00e4r supermjuk<\/li>\n<li> H\u00f6g densitet skumfyllning f\u00f6r komfort, med st\u00f6djande ryggst\u00f6d och armst\u00f6d f\u00f6r kroppsst\u00f6d<\/li>\n<li> Kontorsstolens lutningsfunktion m\u00f6jligg\u00f6r en mjuk gungande r\u00f6relse som lugnar<\/li>\n<li> 46-56 cm justerbar sitth\u00f6jd, styrd av den mjuka gaslyften<\/li>\n<li> Den roterande sitsen p\u00e5 hemmakontorsstolen r\u00f6r sig med din kropp. Fem hjul g\u00f6r att stolen kan r\u00f6ra sig p\u00e5 golvet<\/li>\n<li> Maximal belastning 120 kg, montering kr\u00e4vs<\/li>\n<\/ul>\n<p> Tekniska data:<\/p>\n<ul>\n<li> F\u00e4rg: Kr\u00e4m vit<\/li>\n<li> Material: Teddy-fleece (100% polyester), konstl\u00e4der, skum<\/li>\n<li> Totala dimensioner: 56L x 61B x 76-86H cm<\/li>\n<li> Sitsstorlek: 45B x 47T cm<\/li>\n<li> Sitth\u00f6jd: 46-56 cm<\/li>\n<li> Armst\u00f6d till sits: 17 cm<\/li>\n<li> Ryggstorlek: 51B x 37H cm<\/li>\n<li> Belastningskapacitet: 120 kg<\/li>\n<\/ul>\n<p>Leveransinneh\u00e5ll:<\/p>\n<ul>\n<li> 1 x Kontorsstol<\/li>\n<li> 1 x Bruksanvisning<\/li>\n<\/ul>\n","protected":false},"excerpt":{"rendered":"<p>B\u00f6rja din arbetsdag bekv\u00e4mt i denna TRUUSK kontorsstol med konstgjord p\u00e4ls i Teddy-textur &#8211; underbart mjuk. Sitt h\u00f6jden p\u00e5 den&#8230;<\/p>\n","protected":false},"featured_media":81109,"template":"","meta":[],"product_brand":[],"product_cat":[872,871,516],"product_tag":[],"class_list":{"0":"post-81118","1":"product","2":"type-product","3":"status-publish","4":"has-post-thumbnail","6":"product_cat-hemmakontor-arbetsplats","7":"product_cat-hus-hem","8":"product_cat-kontorsstolar","10":"first","11":"instock","12":"sale","13":"taxable","14":"shipping-taxable","15":"purchasable","16":"product-type-simple"},"yoast_head":"<!-- This site is optimized with the Yoast SEO plugin v25.4 - https:\/\/yoast.com\/wordpress\/plugins\/seo\/ -->\n<title>TRUUSK Ergonomisk Hemmakontorsstol - Justerbar H\u00f6jd - Gungfunktion - Teddy Sammet - F\u00f6r Sovrum och Arbetsrum - Kr\u00e4mvit - TRUUSK - Hem, Tr\u00e4dg\u00e5rd &amp; Fritid<\/title>\n<meta name=\"robots\" content=\"index, follow, max-snippet:-1, max-image-preview:large, max-video-preview:-1\" \/>\n<link rel=\"canonical\" href=\"https:\/\/truusk.store\/sv\/produkt\/truusk-ergonomisk-hemmakontorsstol-justerbar-hojd-gungfunktion-teddy-sammet-for-sovrum-och-arbetsrum-kramvit\/\" \/>\n<meta property=\"og:locale\" content=\"sv_SE\" \/>\n<meta property=\"og:type\" content=\"article\" \/>\n<meta property=\"og:title\" content=\"TRUUSK Ergonomisk Hemmakontorsstol - Justerbar H\u00f6jd - Gungfunktion - Teddy Sammet - F\u00f6r Sovrum och Arbetsrum - Kr\u00e4mvit - TRUUSK - Hem, Tr\u00e4dg\u00e5rd &amp; Fritid\" \/>\n<meta property=\"og:description\" content=\"B\u00f6rja din arbetsdag bekv\u00e4mt i denna TRUUSK kontorsstol med konstgjord p\u00e4ls i Teddy-textur &#8211; underbart mjuk. Sitt h\u00f6jden p\u00e5 den...\" \/>\n<meta property=\"og:url\" content=\"https:\/\/truusk.store\/sv\/produkt\/truusk-ergonomisk-hemmakontorsstol-justerbar-hojd-gungfunktion-teddy-sammet-for-sovrum-och-arbetsrum-kramvit\/\" \/>\n<meta property=\"og:site_name\" content=\"TRUUSK - Hem, Tr\u00e4dg\u00e5rd &amp; Fritid\" \/>\n<meta property=\"article:modified_time\" content=\"2026-03-12T07:46:17+00:00\" \/>\n<meta property=\"og:image\" content=\"https:\/\/i0.wp.com\/truusk.se\/wp-content\/uploads\/2025\/06\/hemmakontorsstol-ergonomisk-skrivbordsstol-justerbar-hojd-kontorsstol-med-gungfunktion-teddy-sammet-utseende-sminkstol-for-sovrum-arbetsrum-kramvit-1.webp?fit=2000%2C2000&ssl=1\" \/>\n\t<meta property=\"og:image:width\" content=\"2000\" \/>\n\t<meta property=\"og:image:height\" content=\"2000\" \/>\n\t<meta property=\"og:image:type\" content=\"image\/webp\" \/>\n<meta name=\"twitter:card\" content=\"summary_large_image\" \/>\n<meta name=\"twitter:label1\" content=\"Ber\u00e4knad l\u00e4stid\" \/>\n\t<meta name=\"twitter:data1\" content=\"1 minut\" \/>\n<!-- \/ Yoast SEO plugin. -->","yoast_head_json":{"title":"TRUUSK Ergonomisk Hemmakontorsstol - Justerbar H\u00f6jd - Gungfunktion - Teddy Sammet - F\u00f6r Sovrum och Arbetsrum - Kr\u00e4mvit - TRUUSK - Hem, Tr\u00e4dg\u00e5rd &amp; Fritid","robots":{"index":"index","follow":"follow","max-snippet":"max-snippet:-1","max-image-preview":"max-image-preview:large","max-video-preview":"max-video-preview:-1"},"canonical":"https:\/\/truusk.store\/sv\/produkt\/truusk-ergonomisk-hemmakontorsstol-justerbar-hojd-gungfunktion-teddy-sammet-for-sovrum-och-arbetsrum-kramvit\/","og_locale":"sv_SE","og_type":"article","og_title":"TRUUSK Ergonomisk Hemmakontorsstol - Justerbar H\u00f6jd - Gungfunktion - Teddy Sammet - F\u00f6r Sovrum och Arbetsrum - Kr\u00e4mvit - TRUUSK - Hem, Tr\u00e4dg\u00e5rd &amp; Fritid","og_description":"B\u00f6rja din arbetsdag bekv\u00e4mt i denna TRUUSK kontorsstol med konstgjord p\u00e4ls i Teddy-textur &#8211; underbart mjuk. Sitt h\u00f6jden p\u00e5 den...","og_url":"https:\/\/truusk.store\/sv\/produkt\/truusk-ergonomisk-hemmakontorsstol-justerbar-hojd-gungfunktion-teddy-sammet-for-sovrum-och-arbetsrum-kramvit\/","og_site_name":"TRUUSK - Hem, Tr\u00e4dg\u00e5rd &amp; Fritid","article_modified_time":"2026-03-12T07:46:17+00:00","og_image":[{"width":2000,"height":2000,"url":"https:\/\/i0.wp.com\/truusk.se\/wp-content\/uploads\/2025\/06\/hemmakontorsstol-ergonomisk-skrivbordsstol-justerbar-hojd-kontorsstol-med-gungfunktion-teddy-sammet-utseende-sminkstol-for-sovrum-arbetsrum-kramvit-1.webp?fit=2000%2C2000&ssl=1","type":"image\/webp"}],"twitter_card":"summary_large_image","twitter_misc":{"Ber\u00e4knad l\u00e4stid":"1 minut"},"schema":{"@context":"https:\/\/schema.org","@graph":[{"@type":"WebPage","@id":"https:\/\/truusk.store\/sv\/produkt\/truusk-ergonomisk-hemmakontorsstol-justerbar-hojd-gungfunktion-teddy-sammet-for-sovrum-och-arbetsrum-kramvit\/","url":"https:\/\/truusk.store\/sv\/produkt\/truusk-ergonomisk-hemmakontorsstol-justerbar-hojd-gungfunktion-teddy-sammet-for-sovrum-och-arbetsrum-kramvit\/","name":"TRUUSK Ergonomisk Hemmakontorsstol - Justerbar H\u00f6jd - Gungfunktion - Teddy Sammet - F\u00f6r Sovrum och Arbetsrum - Kr\u00e4mvit - TRUUSK - Hem, Tr\u00e4dg\u00e5rd &amp; Fritid","isPartOf":{"@id":"https:\/\/truusk.store\/sv\/#website"},"primaryImageOfPage":{"@id":"https:\/\/truusk.store\/sv\/produkt\/truusk-ergonomisk-hemmakontorsstol-justerbar-hojd-gungfunktion-teddy-sammet-for-sovrum-och-arbetsrum-kramvit\/#primaryimage"},"image":{"@id":"https:\/\/truusk.store\/sv\/produkt\/truusk-ergonomisk-hemmakontorsstol-justerbar-hojd-gungfunktion-teddy-sammet-for-sovrum-och-arbetsrum-kramvit\/#primaryimage"},"thumbnailUrl":"https:\/\/i0.wp.com\/truusk.store\/wp-content\/uploads\/2025\/06\/hemmakontorsstol-ergonomisk-skrivbordsstol-justerbar-hojd-kontorsstol-med-gungfunktion-teddy-sammet-utseende-sminkstol-for-sovrum-arbetsrum-kramvit-1.webp?fit=2000%2C2000&ssl=1","datePublished":"2025-06-23T12:21:44+00:00","dateModified":"2026-03-12T07:46:17+00:00","breadcrumb":{"@id":"https:\/\/truusk.store\/sv\/produkt\/truusk-ergonomisk-hemmakontorsstol-justerbar-hojd-gungfunktion-teddy-sammet-for-sovrum-och-arbetsrum-kramvit\/#breadcrumb"},"inLanguage":"sv-SE","potentialAction":[{"@type":"ReadAction","target":["https:\/\/truusk.store\/sv\/produkt\/truusk-ergonomisk-hemmakontorsstol-justerbar-hojd-gungfunktion-teddy-sammet-for-sovrum-och-arbetsrum-kramvit\/"]}]},{"@type":"ImageObject","inLanguage":"sv-SE","@id":"https:\/\/truusk.store\/sv\/produkt\/truusk-ergonomisk-hemmakontorsstol-justerbar-hojd-gungfunktion-teddy-sammet-for-sovrum-och-arbetsrum-kramvit\/#primaryimage","url":"https:\/\/i0.wp.com\/truusk.store\/wp-content\/uploads\/2025\/06\/hemmakontorsstol-ergonomisk-skrivbordsstol-justerbar-hojd-kontorsstol-med-gungfunktion-teddy-sammet-utseende-sminkstol-for-sovrum-arbetsrum-kramvit-1.webp?fit=2000%2C2000&ssl=1","contentUrl":"https:\/\/i0.wp.com\/truusk.store\/wp-content\/uploads\/2025\/06\/hemmakontorsstol-ergonomisk-skrivbordsstol-justerbar-hojd-kontorsstol-med-gungfunktion-teddy-sammet-utseende-sminkstol-for-sovrum-arbetsrum-kramvit-1.webp?fit=2000%2C2000&ssl=1","width":2000,"height":2000},{"@type":"BreadcrumbList","@id":"https:\/\/truusk.store\/sv\/produkt\/truusk-ergonomisk-hemmakontorsstol-justerbar-hojd-gungfunktion-teddy-sammet-for-sovrum-och-arbetsrum-kramvit\/#breadcrumb","itemListElement":[{"@type":"ListItem","position":1,"name":"Home","item":"https:\/\/truusk.store\/sv\/"},{"@type":"ListItem","position":2,"name":"Shop","item":"https:\/\/truusk.store\/shop\/"},{"@type":"ListItem","position":3,"name":"TRUUSK Ergonomisk Hemmakontorsstol &#8211; Justerbar H\u00f6jd &#8211; Gungfunktion &#8211; Teddy Sammet &#8211; F\u00f6r Sovrum och Arbetsrum &#8211; Kr\u00e4mvit"}]},{"@type":"WebSite","@id":"https:\/\/truusk.store\/sv\/#website","url":"https:\/\/truusk.store\/sv\/","name":"TRUUSK - Hem, Tr\u00e4dg\u00e5rd & Fritid","description":"","publisher":{"@id":"https:\/\/truusk.store\/sv\/#organization"},"potentialAction":[{"@type":"SearchAction","target":{"@type":"EntryPoint","urlTemplate":"https:\/\/truusk.store\/sv\/?s={search_term_string}"},"query-input":{"@type":"PropertyValueSpecification","valueRequired":true,"valueName":"search_term_string"}}],"inLanguage":"sv-SE"},{"@type":"Organization","@id":"https:\/\/truusk.store\/sv\/#organization","name":"TRUUSK - Hem, Tr\u00e4dg\u00e5rd & Fritid","url":"https:\/\/truusk.store\/sv\/","logo":{"@type":"ImageObject","inLanguage":"sv-SE","@id":"https:\/\/truusk.store\/sv\/#\/schema\/logo\/image\/","url":"https:\/\/i0.wp.com\/truusk.store\/wp-content\/uploads\/2026\/03\/cropped-TRUUSK.png?fit=2032%2C917&ssl=1","contentUrl":"https:\/\/i0.wp.com\/truusk.store\/wp-content\/uploads\/2026\/03\/cropped-TRUUSK.png?fit=2032%2C917&ssl=1","width":2032,"height":917,"caption":"TRUUSK - Hem, Tr\u00e4dg\u00e5rd & Fritid"},"image":{"@id":"https:\/\/truusk.store\/sv\/#\/schema\/logo\/image\/"}}]}},"jetpack_sharing_enabled":true,"_links":{"self":[{"href":"https:\/\/truusk.store\/sv\/wp-json\/wp\/v2\/product\/81118","targetHints":{"allow":["GET"]}}],"collection":[{"href":"https:\/\/truusk.store\/sv\/wp-json\/wp\/v2\/product"}],"about":[{"href":"https:\/\/truusk.store\/sv\/wp-json\/wp\/v2\/types\/product"}],"wp:featuredmedia":[{"embeddable":true,"href":"https:\/\/truusk.store\/sv\/wp-json\/wp\/v2\/media\/81109"}],"wp:attachment":[{"href":"https:\/\/truusk.store\/sv\/wp-json\/wp\/v2\/media?parent=81118"}],"wp:term":[{"taxonomy":"product_brand","embeddable":true,"href":"https:\/\/truusk.store\/sv\/wp-json\/wp\/v2\/product_brand?post=81118"},{"taxonomy":"product_cat","embeddable":true,"href":"https:\/\/truusk.store\/sv\/wp-json\/wp\/v2\/product_cat?post=81118"},{"taxonomy":"product_tag","embeddable":true,"href":"https:\/\/truusk.store\/sv\/wp-json\/wp\/v2\/product_tag?post=81118"}],"curies":[{"name":"wp","href":"https:\/\/api.w.org\/{rel}","templated":true}]}}