{"id":8113,"date":"2024-02-13T09:09:41","date_gmt":"2024-02-13T08:09:41","guid":{"rendered":"https:\/\/truusk.store\/product\/bildskarmsstativ-skarmstall-skrivbordsorganisator-med-lador-natur-l49-x-b255-x-h115-cm\/"},"modified":"2026-03-12T08:55:43","modified_gmt":"2026-03-12T07:55:43","slug":"truusk-skarmstall-med-lador-natur-l49-x-b255-x-h115-cm-organisera-ditt-skrivbord-hall-din-skarm-pa-plats-stilren","status":"publish","type":"product","link":"https:\/\/truusk.store\/sv\/produkt\/truusk-skarmstall-med-lador-natur-l49-x-b255-x-h115-cm-organisera-ditt-skrivbord-hall-din-skarm-pa-plats-stilren\/","title":{"rendered":"TRUUSK Sk\u00e4rmst\u00e4ll Med L\u00e5dor &#8211; Natur &#8211; L49 x B25,5 x H11,5 cm &#8211; Organisera Ditt Skrivbord &#8211; H\u00e5ll Din Sk\u00e4rm P\u00e5 Plats &#8211; Stilren"},"content":{"rendered":"<p>Bambu skrivbordsdynan ser inte bara bra ut, utan erbjuder \u00e4ven extra f\u00f6rvaringsutrymme med en l\u00e5da och ett f\u00f6rvaringsfack. Detta kommer att h\u00e5lla ditt skrivbord snyggt och organiserat. Det finns utrymme under monitorstativet f\u00f6r att f\u00f6rvara tangentbordet n\u00e4r det inte anv\u00e4nds. Bambu anv\u00e4nds som tillverkningsmaterial, som \u00e4r naturligt vattenavvisande och d\u00e4rf\u00f6r l\u00e4tt att reng\u00f6ra. Monitorstativet monteras snabbt och enkelt och kan anv\u00e4ndas direkt.<\/p>\n<h3>Beskrivning:<\/h3>\n<ul>\n<li>F\u00f6r monitorn\/laptopen till \u00f6gonh\u00f6jd<\/li>\n<li>L\u00e5da och f\u00f6rvaringsfack f\u00f6r extra f\u00f6rvaringsutrymme<\/li>\n<li>Ett tangentbord och en mus kan f\u00f6rvaras under monitorstativet<\/li>\n<li>Bambu \u00e4r stabilt, vattenavvisande och l\u00e4tt att reng\u00f6ra<\/li>\n<li>H\u00f6g kvalitet<\/li>\n<li>Snabb och enkel montering<\/li>\n<\/ul>\n<h3>Teknisk data:<\/h3>\n<ul>\n<li>Material: Bambu<\/li>\n<li>F\u00e4rg: Natural Bamboo Color<\/li>\n<li>Vikt: 2,5 kg<\/li>\n<li>\u00d6vergripande m\u00e5tt: L49 x B25,5 x H11,5 cm<\/li>\n<li>M\u00e5tt p\u00e5 b\u00e4nkskiva: L47 x B25,5 cm<\/li>\n<li>M\u00e5tt l\u00e5da: B14 x D14 cm<\/li>\n<li>Lastkapacitet: 10 kg<\/li>\n<li>Montering kr\u00e4vs.<\/li>\n<\/ul>\n<h3>Leveransens omfattning:<\/h3>\n<ul>\n<li>1 x sk\u00e4rmstativ<\/li>\n<li>Instruktioner<\/li>\n<\/ul>\n","protected":false},"excerpt":{"rendered":"<p>Bambu skrivbordsdynan ser inte bara bra ut, utan erbjuder \u00e4ven extra f\u00f6rvaringsutrymme med en l\u00e5da och ett f\u00f6rvaringsfack. Detta kommer&#8230;<\/p>\n","protected":false},"featured_media":8114,"template":"","meta":[],"product_brand":[],"product_cat":[485,497],"product_tag":[],"class_list":{"0":"post-8113","1":"product","2":"type-product","3":"status-publish","4":"has-post-thumbnail","6":"product_cat-hus-bo","7":"product_cat-kontorsmaterial","9":"first","10":"instock","11":"sale","12":"taxable","13":"shipping-taxable","14":"purchasable","15":"product-type-simple"},"yoast_head":"<!-- This site is optimized with the Yoast SEO plugin v25.4 - https:\/\/yoast.com\/wordpress\/plugins\/seo\/ -->\n<title>TRUUSK Sk\u00e4rmst\u00e4ll Med L\u00e5dor - Natur - L49 x B25,5 x H11,5 cm - Organisera Ditt Skrivbord - H\u00e5ll Din Sk\u00e4rm P\u00e5 Plats - Stilren - TRUUSK - Hem, Tr\u00e4dg\u00e5rd &amp; Fritid<\/title>\n<meta name=\"robots\" content=\"index, follow, max-snippet:-1, max-image-preview:large, max-video-preview:-1\" \/>\n<link rel=\"canonical\" href=\"https:\/\/truusk.store\/sv\/produkt\/truusk-skarmstall-med-lador-natur-l49-x-b255-x-h115-cm-organisera-ditt-skrivbord-hall-din-skarm-pa-plats-stilren\/\" \/>\n<meta property=\"og:locale\" content=\"sv_SE\" \/>\n<meta property=\"og:type\" content=\"article\" \/>\n<meta property=\"og:title\" content=\"TRUUSK Sk\u00e4rmst\u00e4ll Med L\u00e5dor - Natur - L49 x B25,5 x H11,5 cm - Organisera Ditt Skrivbord - H\u00e5ll Din Sk\u00e4rm P\u00e5 Plats - Stilren - TRUUSK - Hem, Tr\u00e4dg\u00e5rd &amp; Fritid\" \/>\n<meta property=\"og:description\" content=\"Bambu skrivbordsdynan ser inte bara bra ut, utan erbjuder \u00e4ven extra f\u00f6rvaringsutrymme med en l\u00e5da och ett f\u00f6rvaringsfack. Detta kommer...\" \/>\n<meta property=\"og:url\" content=\"https:\/\/truusk.store\/sv\/produkt\/truusk-skarmstall-med-lador-natur-l49-x-b255-x-h115-cm-organisera-ditt-skrivbord-hall-din-skarm-pa-plats-stilren\/\" \/>\n<meta property=\"og:site_name\" content=\"TRUUSK - Hem, Tr\u00e4dg\u00e5rd &amp; Fritid\" \/>\n<meta property=\"article:modified_time\" content=\"2026-03-12T07:55:43+00:00\" \/>\n<meta property=\"og:image\" content=\"https:\/\/i0.wp.com\/truusk.se\/wp-content\/uploads\/2024\/02\/bildskarmsstativ-skarmstall-skrivbordsorganisator-med-lador-natur-l49-x-b255-x-h115-cm.webp?fit=800%2C800&ssl=1\" \/>\n\t<meta property=\"og:image:width\" content=\"800\" \/>\n\t<meta property=\"og:image:height\" content=\"800\" \/>\n\t<meta property=\"og:image:type\" content=\"image\/webp\" \/>\n<meta name=\"twitter:card\" content=\"summary_large_image\" \/>\n<meta name=\"twitter:label1\" content=\"Ber\u00e4knad l\u00e4stid\" \/>\n\t<meta name=\"twitter:data1\" content=\"1 minut\" \/>\n<!-- \/ Yoast SEO plugin. -->","yoast_head_json":{"title":"TRUUSK Sk\u00e4rmst\u00e4ll Med L\u00e5dor - Natur - L49 x B25,5 x H11,5 cm - Organisera Ditt Skrivbord - H\u00e5ll Din Sk\u00e4rm P\u00e5 Plats - Stilren - TRUUSK - Hem, Tr\u00e4dg\u00e5rd &amp; Fritid","robots":{"index":"index","follow":"follow","max-snippet":"max-snippet:-1","max-image-preview":"max-image-preview:large","max-video-preview":"max-video-preview:-1"},"canonical":"https:\/\/truusk.store\/sv\/produkt\/truusk-skarmstall-med-lador-natur-l49-x-b255-x-h115-cm-organisera-ditt-skrivbord-hall-din-skarm-pa-plats-stilren\/","og_locale":"sv_SE","og_type":"article","og_title":"TRUUSK Sk\u00e4rmst\u00e4ll Med L\u00e5dor - Natur - L49 x B25,5 x H11,5 cm - Organisera Ditt Skrivbord - H\u00e5ll Din Sk\u00e4rm P\u00e5 Plats - Stilren - TRUUSK - Hem, Tr\u00e4dg\u00e5rd &amp; Fritid","og_description":"Bambu skrivbordsdynan ser inte bara bra ut, utan erbjuder \u00e4ven extra f\u00f6rvaringsutrymme med en l\u00e5da och ett f\u00f6rvaringsfack. Detta kommer...","og_url":"https:\/\/truusk.store\/sv\/produkt\/truusk-skarmstall-med-lador-natur-l49-x-b255-x-h115-cm-organisera-ditt-skrivbord-hall-din-skarm-pa-plats-stilren\/","og_site_name":"TRUUSK - Hem, Tr\u00e4dg\u00e5rd &amp; Fritid","article_modified_time":"2026-03-12T07:55:43+00:00","og_image":[{"width":800,"height":800,"url":"https:\/\/i0.wp.com\/truusk.se\/wp-content\/uploads\/2024\/02\/bildskarmsstativ-skarmstall-skrivbordsorganisator-med-lador-natur-l49-x-b255-x-h115-cm.webp?fit=800%2C800&ssl=1","type":"image\/webp"}],"twitter_card":"summary_large_image","twitter_misc":{"Ber\u00e4knad l\u00e4stid":"1 minut"},"schema":{"@context":"https:\/\/schema.org","@graph":[{"@type":"WebPage","@id":"https:\/\/truusk.store\/sv\/produkt\/truusk-skarmstall-med-lador-natur-l49-x-b255-x-h115-cm-organisera-ditt-skrivbord-hall-din-skarm-pa-plats-stilren\/","url":"https:\/\/truusk.store\/sv\/produkt\/truusk-skarmstall-med-lador-natur-l49-x-b255-x-h115-cm-organisera-ditt-skrivbord-hall-din-skarm-pa-plats-stilren\/","name":"TRUUSK Sk\u00e4rmst\u00e4ll Med L\u00e5dor - Natur - L49 x B25,5 x H11,5 cm - Organisera Ditt Skrivbord - H\u00e5ll Din Sk\u00e4rm P\u00e5 Plats - Stilren - TRUUSK - Hem, Tr\u00e4dg\u00e5rd &amp; Fritid","isPartOf":{"@id":"https:\/\/truusk.store\/sv\/#website"},"primaryImageOfPage":{"@id":"https:\/\/truusk.store\/sv\/produkt\/truusk-skarmstall-med-lador-natur-l49-x-b255-x-h115-cm-organisera-ditt-skrivbord-hall-din-skarm-pa-plats-stilren\/#primaryimage"},"image":{"@id":"https:\/\/truusk.store\/sv\/produkt\/truusk-skarmstall-med-lador-natur-l49-x-b255-x-h115-cm-organisera-ditt-skrivbord-hall-din-skarm-pa-plats-stilren\/#primaryimage"},"thumbnailUrl":"https:\/\/i0.wp.com\/truusk.store\/wp-content\/uploads\/2024\/02\/bildskarmsstativ-skarmstall-skrivbordsorganisator-med-lador-natur-l49-x-b255-x-h115-cm.webp?fit=800%2C800&ssl=1","datePublished":"2024-02-13T08:09:41+00:00","dateModified":"2026-03-12T07:55:43+00:00","breadcrumb":{"@id":"https:\/\/truusk.store\/sv\/produkt\/truusk-skarmstall-med-lador-natur-l49-x-b255-x-h115-cm-organisera-ditt-skrivbord-hall-din-skarm-pa-plats-stilren\/#breadcrumb"},"inLanguage":"sv-SE","potentialAction":[{"@type":"ReadAction","target":["https:\/\/truusk.store\/sv\/produkt\/truusk-skarmstall-med-lador-natur-l49-x-b255-x-h115-cm-organisera-ditt-skrivbord-hall-din-skarm-pa-plats-stilren\/"]}]},{"@type":"ImageObject","inLanguage":"sv-SE","@id":"https:\/\/truusk.store\/sv\/produkt\/truusk-skarmstall-med-lador-natur-l49-x-b255-x-h115-cm-organisera-ditt-skrivbord-hall-din-skarm-pa-plats-stilren\/#primaryimage","url":"https:\/\/i0.wp.com\/truusk.store\/wp-content\/uploads\/2024\/02\/bildskarmsstativ-skarmstall-skrivbordsorganisator-med-lador-natur-l49-x-b255-x-h115-cm.webp?fit=800%2C800&ssl=1","contentUrl":"https:\/\/i0.wp.com\/truusk.store\/wp-content\/uploads\/2024\/02\/bildskarmsstativ-skarmstall-skrivbordsorganisator-med-lador-natur-l49-x-b255-x-h115-cm.webp?fit=800%2C800&ssl=1","width":800,"height":800,"caption":"Bildsk\u00e4rmsstativ Sk\u00e4rmst\u00e4ll Skrivbordsorganisat\u00f6r Med L\u00e5dor Natur L49 X B25,5 X H11,5 Cm 1"},{"@type":"BreadcrumbList","@id":"https:\/\/truusk.store\/sv\/produkt\/truusk-skarmstall-med-lador-natur-l49-x-b255-x-h115-cm-organisera-ditt-skrivbord-hall-din-skarm-pa-plats-stilren\/#breadcrumb","itemListElement":[{"@type":"ListItem","position":1,"name":"Home","item":"https:\/\/truusk.store\/sv\/"},{"@type":"ListItem","position":2,"name":"Shop","item":"https:\/\/truusk.store\/shop\/"},{"@type":"ListItem","position":3,"name":"TRUUSK Sk\u00e4rmst\u00e4ll Med L\u00e5dor &#8211; Natur &#8211; L49 x B25,5 x H11,5 cm &#8211; Organisera Ditt Skrivbord &#8211; H\u00e5ll Din Sk\u00e4rm P\u00e5 Plats &#8211; Stilren"}]},{"@type":"WebSite","@id":"https:\/\/truusk.store\/sv\/#website","url":"https:\/\/truusk.store\/sv\/","name":"TRUUSK - Hem, Tr\u00e4dg\u00e5rd & Fritid","description":"","publisher":{"@id":"https:\/\/truusk.store\/sv\/#organization"},"potentialAction":[{"@type":"SearchAction","target":{"@type":"EntryPoint","urlTemplate":"https:\/\/truusk.store\/sv\/?s={search_term_string}"},"query-input":{"@type":"PropertyValueSpecification","valueRequired":true,"valueName":"search_term_string"}}],"inLanguage":"sv-SE"},{"@type":"Organization","@id":"https:\/\/truusk.store\/sv\/#organization","name":"TRUUSK - Hem, Tr\u00e4dg\u00e5rd & Fritid","url":"https:\/\/truusk.store\/sv\/","logo":{"@type":"ImageObject","inLanguage":"sv-SE","@id":"https:\/\/truusk.store\/sv\/#\/schema\/logo\/image\/","url":"https:\/\/i0.wp.com\/truusk.store\/wp-content\/uploads\/2026\/03\/cropped-TRUUSK.png?fit=2032%2C917&ssl=1","contentUrl":"https:\/\/i0.wp.com\/truusk.store\/wp-content\/uploads\/2026\/03\/cropped-TRUUSK.png?fit=2032%2C917&ssl=1","width":2032,"height":917,"caption":"TRUUSK - Hem, Tr\u00e4dg\u00e5rd & Fritid"},"image":{"@id":"https:\/\/truusk.store\/sv\/#\/schema\/logo\/image\/"}}]}},"jetpack_sharing_enabled":true,"_links":{"self":[{"href":"https:\/\/truusk.store\/sv\/wp-json\/wp\/v2\/product\/8113","targetHints":{"allow":["GET"]}}],"collection":[{"href":"https:\/\/truusk.store\/sv\/wp-json\/wp\/v2\/product"}],"about":[{"href":"https:\/\/truusk.store\/sv\/wp-json\/wp\/v2\/types\/product"}],"wp:featuredmedia":[{"embeddable":true,"href":"https:\/\/truusk.store\/sv\/wp-json\/wp\/v2\/media\/8114"}],"wp:attachment":[{"href":"https:\/\/truusk.store\/sv\/wp-json\/wp\/v2\/media?parent=8113"}],"wp:term":[{"taxonomy":"product_brand","embeddable":true,"href":"https:\/\/truusk.store\/sv\/wp-json\/wp\/v2\/product_brand?post=8113"},{"taxonomy":"product_cat","embeddable":true,"href":"https:\/\/truusk.store\/sv\/wp-json\/wp\/v2\/product_cat?post=8113"},{"taxonomy":"product_tag","embeddable":true,"href":"https:\/\/truusk.store\/sv\/wp-json\/wp\/v2\/product_tag?post=8113"}],"curies":[{"name":"wp","href":"https:\/\/api.w.org\/{rel}","templated":true}]}}