{"id":81178,"date":"2025-06-23T13:27:52","date_gmt":"2025-06-23T12:27:52","guid":{"rendered":"https:\/\/truusk.store\/product\/mini-torktumlare-med-6-program-led-touchscreen-4-kg-upp-till-60%e2%84%83-800w-fristaende-vaggmonterbar-avfuktare-med-overhettningsskydd-avfuktare-for-klader-svart\/"},"modified":"2026-03-12T08:46:38","modified_gmt":"2026-03-12T07:46:38","slug":"truusk-mini-torktumlare-6-program-led-touchscreen-4-kg-kapacitet-upp-till-60%e2%84%83-800w-fristaende-vaggmonterbar-2","status":"publish","type":"product","link":"https:\/\/truusk.store\/sv\/produkt\/truusk-mini-torktumlare-6-program-led-touchscreen-4-kg-kapacitet-upp-till-60%e2%84%83-800w-fristaende-vaggmonterbar-2\/","title":{"rendered":"TRUUSK Mini Torktumlare &#8211; 6 Program LED-Touchscreen &#8211; 4 Kg Kapacitet &#8211; Upp Till 60\u2103 &#8211; 800W &#8211; Frist\u00e5ende\/V\u00e4ggmonterbar &#8211;"},"content":{"rendered":"<p>Uppt\u00e4ck TRUUSK torktumlare med ventilation, utrustad med en snabb avodoriseringsinst\u00e4llning p\u00e5 mindre \u00e4n 30 minuter och 60\u2103 f\u00f6r sterilisering av dina kl\u00e4der. Denna kompakta avlufttork passar \u00f6verallt och har en gener\u00f6s kapacitet p\u00e5 4 kg, perfekt f\u00f6r alla tv\u00e4ttlaster. Njut av individuell v\u00e5rd med justerbara timrar och temperaturer, alla styrs via en anv\u00e4ndarv\u00e4nlig display.<\/p>\n<p>Beskrivning:<\/p>\n<ul>\n<li> Stor kapacitet p\u00e5 upp till 4 kg v\u00e5ta kl\u00e4der, avlufttorken rymmer 10 t-shirts eller ett s\u00e4ngkl\u00e4deset<\/li>\n<li> Intelligent funktion v\u00e4ljer automatiskt det optimala torkprogrammet<\/li>\n<li> Justerbar timer fr\u00e5n 20 minuter upp till 3 timmar. Temperaturalternativ f\u00f6r torkmaskinen inkluderar 60\u2103, 50\u2103, 40\u2103, naturlig luft<\/li>\n<li> L\u00e4ttanv\u00e4nd toppdisplaypanel f\u00f6r enkel styrning<\/li>\n<li> S\u00e4kerhetsstopp n\u00e4r d\u00f6rren \u00f6ppnas under drift. Inkluderar barnl\u00e5s<\/li>\n<li> Torkarens kompakta design passar i sm\u00e5 utrymmen<\/li>\n<li> Alternativ f\u00f6r f\u00e4ste eller v\u00e4ggmontering<\/li>\n<\/ul>\n<p> Tekniska data:<\/p>\n<ul>\n<li> F\u00e4rg: Svart<\/li>\n<li> Material: Rostfritt st\u00e5l, pl\u00e5t, plast<\/li>\n<li> Totala dimensioner: 48L x 40B x 56H cm<\/li>\n<li> Trumstorlek: \u00d844 x 22 cm<\/li>\n<li> Ber\u00e4knad energif\u00f6rbrukning: 195 kWh (\u00e5rligen)<\/li>\n<li> Ljudniv\u00e5: 60 db<\/li>\n<li> Sp\u00e4nning: 220-240V, 50\/60Hz<\/li>\n<li> Effekt: 800W<\/li>\n<li> Kabell\u00e4ngd: 1,5 m<\/li>\n<li> Obs: F\u00f6r att p\u00e5skynda torkningen, ladda inte mer \u00e4n 2,5 kg torra kl\u00e4der \u00e5t g\u00e5ngen<\/li>\n<\/ul>\n<p>Leveransinneh\u00e5ll:<\/p>\n<ul>\n<li> 1 x Avlufttork<\/li>\n<li> 1 x Avluftanslutning<\/li>\n<li> 1 x Bruksanvisning<\/li>\n<\/ul>\n","protected":false},"excerpt":{"rendered":"<p>Uppt\u00e4ck TRUUSK torktumlare med ventilation, utrustad med en snabb avodoriseringsinst\u00e4llning p\u00e5 mindre \u00e4n 30 minuter och 60\u2103 f\u00f6r sterilisering av&#8230;<\/p>\n","protected":false},"featured_media":81169,"template":"","meta":[],"product_brand":[],"product_cat":[871,498,500],"product_tag":[],"class_list":{"0":"post-81178","1":"product","2":"type-product","3":"status-publish","4":"has-post-thumbnail","6":"product_cat-hus-hem","7":"product_cat-hushallsapparater","8":"product_cat-tvattvard","10":"first","11":"instock","12":"sale","13":"taxable","14":"shipping-taxable","15":"purchasable","16":"product-type-simple"},"yoast_head":"<!-- This site is optimized with the Yoast SEO plugin v25.4 - https:\/\/yoast.com\/wordpress\/plugins\/seo\/ -->\n<title>TRUUSK Mini Torktumlare - 6 Program LED-Touchscreen - 4 Kg Kapacitet - Upp Till 60\u2103 - 800W - Frist\u00e5ende\/V\u00e4ggmonterbar - TRUUSK - Hem, Tr\u00e4dg\u00e5rd &amp; Fritid<\/title>\n<meta name=\"robots\" content=\"index, follow, max-snippet:-1, max-image-preview:large, max-video-preview:-1\" \/>\n<link rel=\"canonical\" href=\"https:\/\/truusk.store\/sv\/produkt\/truusk-mini-torktumlare-6-program-led-touchscreen-4-kg-kapacitet-upp-till-60%e2%84%83-800w-fristaende-vaggmonterbar-2\/\" \/>\n<meta property=\"og:locale\" content=\"sv_SE\" \/>\n<meta property=\"og:type\" content=\"article\" \/>\n<meta property=\"og:title\" content=\"TRUUSK Mini Torktumlare - 6 Program LED-Touchscreen - 4 Kg Kapacitet - Upp Till 60\u2103 - 800W - Frist\u00e5ende\/V\u00e4ggmonterbar - TRUUSK - Hem, Tr\u00e4dg\u00e5rd &amp; Fritid\" \/>\n<meta property=\"og:description\" content=\"Uppt\u00e4ck TRUUSK torktumlare med ventilation, utrustad med en snabb avodoriseringsinst\u00e4llning p\u00e5 mindre \u00e4n 30 minuter och 60\u2103 f\u00f6r sterilisering av...\" \/>\n<meta property=\"og:url\" content=\"https:\/\/truusk.store\/sv\/produkt\/truusk-mini-torktumlare-6-program-led-touchscreen-4-kg-kapacitet-upp-till-60%e2%84%83-800w-fristaende-vaggmonterbar-2\/\" \/>\n<meta property=\"og:site_name\" content=\"TRUUSK - Hem, Tr\u00e4dg\u00e5rd &amp; Fritid\" \/>\n<meta property=\"article:modified_time\" content=\"2026-03-12T07:46:38+00:00\" \/>\n<meta property=\"og:image\" content=\"https:\/\/i0.wp.com\/truusk.se\/wp-content\/uploads\/2025\/06\/mini-torktumlare-med-6-program-led-touchscreen-4-kg-upp-till-60e28483-800w-fristaende-vaggmonterbar-avfuktare-med-overhettningsskydd-avfuktare-for-klader-svart-1.webp?fit=2000%2C2000&ssl=1\" \/>\n\t<meta property=\"og:image:width\" content=\"2000\" \/>\n\t<meta property=\"og:image:height\" content=\"2000\" \/>\n\t<meta property=\"og:image:type\" content=\"image\/webp\" \/>\n<meta name=\"twitter:card\" content=\"summary_large_image\" \/>\n<meta name=\"twitter:label1\" content=\"Ber\u00e4knad l\u00e4stid\" \/>\n\t<meta name=\"twitter:data1\" content=\"1 minut\" \/>\n<!-- \/ Yoast SEO plugin. -->","yoast_head_json":{"title":"TRUUSK Mini Torktumlare - 6 Program LED-Touchscreen - 4 Kg Kapacitet - Upp Till 60\u2103 - 800W - Frist\u00e5ende\/V\u00e4ggmonterbar - TRUUSK - Hem, Tr\u00e4dg\u00e5rd &amp; Fritid","robots":{"index":"index","follow":"follow","max-snippet":"max-snippet:-1","max-image-preview":"max-image-preview:large","max-video-preview":"max-video-preview:-1"},"canonical":"https:\/\/truusk.store\/sv\/produkt\/truusk-mini-torktumlare-6-program-led-touchscreen-4-kg-kapacitet-upp-till-60%e2%84%83-800w-fristaende-vaggmonterbar-2\/","og_locale":"sv_SE","og_type":"article","og_title":"TRUUSK Mini Torktumlare - 6 Program LED-Touchscreen - 4 Kg Kapacitet - Upp Till 60\u2103 - 800W - Frist\u00e5ende\/V\u00e4ggmonterbar - TRUUSK - Hem, Tr\u00e4dg\u00e5rd &amp; Fritid","og_description":"Uppt\u00e4ck TRUUSK torktumlare med ventilation, utrustad med en snabb avodoriseringsinst\u00e4llning p\u00e5 mindre \u00e4n 30 minuter och 60\u2103 f\u00f6r sterilisering av...","og_url":"https:\/\/truusk.store\/sv\/produkt\/truusk-mini-torktumlare-6-program-led-touchscreen-4-kg-kapacitet-upp-till-60%e2%84%83-800w-fristaende-vaggmonterbar-2\/","og_site_name":"TRUUSK - Hem, Tr\u00e4dg\u00e5rd &amp; Fritid","article_modified_time":"2026-03-12T07:46:38+00:00","og_image":[{"width":2000,"height":2000,"url":"https:\/\/i0.wp.com\/truusk.se\/wp-content\/uploads\/2025\/06\/mini-torktumlare-med-6-program-led-touchscreen-4-kg-upp-till-60e28483-800w-fristaende-vaggmonterbar-avfuktare-med-overhettningsskydd-avfuktare-for-klader-svart-1.webp?fit=2000%2C2000&ssl=1","type":"image\/webp"}],"twitter_card":"summary_large_image","twitter_misc":{"Ber\u00e4knad l\u00e4stid":"1 minut"},"schema":{"@context":"https:\/\/schema.org","@graph":[{"@type":"WebPage","@id":"https:\/\/truusk.store\/sv\/produkt\/truusk-mini-torktumlare-6-program-led-touchscreen-4-kg-kapacitet-upp-till-60%e2%84%83-800w-fristaende-vaggmonterbar-2\/","url":"https:\/\/truusk.store\/sv\/produkt\/truusk-mini-torktumlare-6-program-led-touchscreen-4-kg-kapacitet-upp-till-60%e2%84%83-800w-fristaende-vaggmonterbar-2\/","name":"TRUUSK Mini Torktumlare - 6 Program LED-Touchscreen - 4 Kg Kapacitet - Upp Till 60\u2103 - 800W - Frist\u00e5ende\/V\u00e4ggmonterbar - TRUUSK - Hem, Tr\u00e4dg\u00e5rd &amp; Fritid","isPartOf":{"@id":"https:\/\/truusk.store\/sv\/#website"},"primaryImageOfPage":{"@id":"https:\/\/truusk.store\/sv\/produkt\/truusk-mini-torktumlare-6-program-led-touchscreen-4-kg-kapacitet-upp-till-60%e2%84%83-800w-fristaende-vaggmonterbar-2\/#primaryimage"},"image":{"@id":"https:\/\/truusk.store\/sv\/produkt\/truusk-mini-torktumlare-6-program-led-touchscreen-4-kg-kapacitet-upp-till-60%e2%84%83-800w-fristaende-vaggmonterbar-2\/#primaryimage"},"thumbnailUrl":"https:\/\/i0.wp.com\/truusk.store\/wp-content\/uploads\/2025\/06\/mini-torktumlare-med-6-program-led-touchscreen-4-kg-upp-till-60e28483-800w-fristaende-vaggmonterbar-avfuktare-med-overhettningsskydd-avfuktare-for-klader-svart-1.webp?fit=2000%2C2000&ssl=1","datePublished":"2025-06-23T12:27:52+00:00","dateModified":"2026-03-12T07:46:38+00:00","breadcrumb":{"@id":"https:\/\/truusk.store\/sv\/produkt\/truusk-mini-torktumlare-6-program-led-touchscreen-4-kg-kapacitet-upp-till-60%e2%84%83-800w-fristaende-vaggmonterbar-2\/#breadcrumb"},"inLanguage":"sv-SE","potentialAction":[{"@type":"ReadAction","target":["https:\/\/truusk.store\/sv\/produkt\/truusk-mini-torktumlare-6-program-led-touchscreen-4-kg-kapacitet-upp-till-60%e2%84%83-800w-fristaende-vaggmonterbar-2\/"]}]},{"@type":"ImageObject","inLanguage":"sv-SE","@id":"https:\/\/truusk.store\/sv\/produkt\/truusk-mini-torktumlare-6-program-led-touchscreen-4-kg-kapacitet-upp-till-60%e2%84%83-800w-fristaende-vaggmonterbar-2\/#primaryimage","url":"https:\/\/i0.wp.com\/truusk.store\/wp-content\/uploads\/2025\/06\/mini-torktumlare-med-6-program-led-touchscreen-4-kg-upp-till-60e28483-800w-fristaende-vaggmonterbar-avfuktare-med-overhettningsskydd-avfuktare-for-klader-svart-1.webp?fit=2000%2C2000&ssl=1","contentUrl":"https:\/\/i0.wp.com\/truusk.store\/wp-content\/uploads\/2025\/06\/mini-torktumlare-med-6-program-led-touchscreen-4-kg-upp-till-60e28483-800w-fristaende-vaggmonterbar-avfuktare-med-overhettningsskydd-avfuktare-for-klader-svart-1.webp?fit=2000%2C2000&ssl=1","width":2000,"height":2000},{"@type":"BreadcrumbList","@id":"https:\/\/truusk.store\/sv\/produkt\/truusk-mini-torktumlare-6-program-led-touchscreen-4-kg-kapacitet-upp-till-60%e2%84%83-800w-fristaende-vaggmonterbar-2\/#breadcrumb","itemListElement":[{"@type":"ListItem","position":1,"name":"Home","item":"https:\/\/truusk.store\/sv\/"},{"@type":"ListItem","position":2,"name":"Shop","item":"https:\/\/truusk.store\/shop\/"},{"@type":"ListItem","position":3,"name":"TRUUSK Mini Torktumlare &#8211; 6 Program LED-Touchscreen &#8211; 4 Kg Kapacitet &#8211; Upp Till 60\u2103 &#8211; 800W &#8211; Frist\u00e5ende\/V\u00e4ggmonterbar &#8211;"}]},{"@type":"WebSite","@id":"https:\/\/truusk.store\/sv\/#website","url":"https:\/\/truusk.store\/sv\/","name":"TRUUSK - Hem, Tr\u00e4dg\u00e5rd & Fritid","description":"","publisher":{"@id":"https:\/\/truusk.store\/sv\/#organization"},"potentialAction":[{"@type":"SearchAction","target":{"@type":"EntryPoint","urlTemplate":"https:\/\/truusk.store\/sv\/?s={search_term_string}"},"query-input":{"@type":"PropertyValueSpecification","valueRequired":true,"valueName":"search_term_string"}}],"inLanguage":"sv-SE"},{"@type":"Organization","@id":"https:\/\/truusk.store\/sv\/#organization","name":"TRUUSK - Hem, Tr\u00e4dg\u00e5rd & Fritid","url":"https:\/\/truusk.store\/sv\/","logo":{"@type":"ImageObject","inLanguage":"sv-SE","@id":"https:\/\/truusk.store\/sv\/#\/schema\/logo\/image\/","url":"https:\/\/i0.wp.com\/truusk.store\/wp-content\/uploads\/2026\/03\/cropped-TRUUSK.png?fit=2032%2C917&ssl=1","contentUrl":"https:\/\/i0.wp.com\/truusk.store\/wp-content\/uploads\/2026\/03\/cropped-TRUUSK.png?fit=2032%2C917&ssl=1","width":2032,"height":917,"caption":"TRUUSK - Hem, Tr\u00e4dg\u00e5rd & Fritid"},"image":{"@id":"https:\/\/truusk.store\/sv\/#\/schema\/logo\/image\/"}}]}},"jetpack_sharing_enabled":true,"_links":{"self":[{"href":"https:\/\/truusk.store\/sv\/wp-json\/wp\/v2\/product\/81178","targetHints":{"allow":["GET"]}}],"collection":[{"href":"https:\/\/truusk.store\/sv\/wp-json\/wp\/v2\/product"}],"about":[{"href":"https:\/\/truusk.store\/sv\/wp-json\/wp\/v2\/types\/product"}],"wp:featuredmedia":[{"embeddable":true,"href":"https:\/\/truusk.store\/sv\/wp-json\/wp\/v2\/media\/81169"}],"wp:attachment":[{"href":"https:\/\/truusk.store\/sv\/wp-json\/wp\/v2\/media?parent=81178"}],"wp:term":[{"taxonomy":"product_brand","embeddable":true,"href":"https:\/\/truusk.store\/sv\/wp-json\/wp\/v2\/product_brand?post=81178"},{"taxonomy":"product_cat","embeddable":true,"href":"https:\/\/truusk.store\/sv\/wp-json\/wp\/v2\/product_cat?post=81178"},{"taxonomy":"product_tag","embeddable":true,"href":"https:\/\/truusk.store\/sv\/wp-json\/wp\/v2\/product_tag?post=81178"}],"curies":[{"name":"wp","href":"https:\/\/api.w.org\/{rel}","templated":true}]}}