{"id":81208,"date":"2025-06-23T13:30:49","date_gmt":"2025-06-23T12:30:49","guid":{"rendered":"https:\/\/truusk.store\/product\/gungstol-med-pall-gungstol-med-fleeceoverdrag-armstod-hog-ryggstod-traskidor-vadderad-gungstol-avkopplande-stol-amningsstol-for-vardagsrum-sovrum-vit\/"},"modified":"2026-03-12T08:46:43","modified_gmt":"2026-03-12T07:46:43","slug":"truusk-gungstol-med-pall-med-fleeceoverdrag-armstod-hog-ryggstod-traskidor-vadderad-avkopplande-amningsstol-vit","status":"publish","type":"product","link":"https:\/\/truusk.store\/sv\/produkt\/truusk-gungstol-med-pall-med-fleeceoverdrag-armstod-hog-ryggstod-traskidor-vadderad-avkopplande-amningsstol-vit\/","title":{"rendered":"TRUUSK Gungstol Med Pall &#8211; Med Fleece\u00f6verdrag &#8211; Armst\u00f6d &#8211; H\u00f6g Ryggst\u00f6d &#8211; Tr\u00e4skidor &#8211; Vadderad &#8211; Avkopplande &#8211; Amningsstol &#8211; Vit"},"content":{"rendered":"<p>Upplev TRUUSK gungstolen med pall, d\u00e4r elegant stil m\u00f6ter ultimat komfort. L\u00e4tt justerbar fr\u00e5n 90\u00b0 till 130\u00b0 och perfekt f\u00f6r avkopplande stunder. Den l\u00e4tta designen p\u00e5 l\u00e4sstolen g\u00f6r det enkelt att flytta den. T\u00e4ckt med andningsbart fleece och med ergonomisk design f\u00f6r st\u00f6djande avkoppling. Ideal amningsstol med pall f\u00f6r l\u00e4sning eller avkoppling vid eldstaden &#8211; en stilfull, mysig berikning f\u00f6r alla rum.<\/p>\n<p>Beskrivning:<\/p>\n<ul>\n<li> 90\u00b0-130\u00b0 gungningsr\u00f6relse av gungstolen erbjuder mild avkoppling<\/li>\n<li> Med matchande fotpall<\/li>\n<li> Andningsbart fleece-tyg och tjock skumstoppning av amningsstolen \u00f6kar komforten<\/li>\n<li> H\u00f6g ryggst\u00f6d med armst\u00f6d st\u00f6der din kropp<\/li>\n<li> Avtagbar kudde p\u00e5 amningsstolen f\u00f6r extra komfort<\/li>\n<li> Ben av gummitr\u00e4 erbjuder p\u00e5litligt st\u00f6d<\/li>\n<li> Anti-glid-kit och fotdynor skyddar golvet och \u00f6kar stabiliteten<\/li>\n<li> Montering kr\u00e4vs<\/li>\n<\/ul>\n<p> Tekniska data:<\/p>\n<ul>\n<li> F\u00e4rg: Vit<\/li>\n<li> Material: Fleece (100 % polyester), skum, gummitr\u00e4, flerskiktsplatta<\/li>\n<li> Stolm\u00e5tt: 64,5L x 82B x 99H cm<\/li>\n<li> Pallm\u00e5tt: 45L x 36B x 36H cm<\/li>\n<li> Sittm\u00e5tt: 58B x 56D x 45H cm<\/li>\n<li> Ryggm\u00e5tt: 65L x 58B cm<\/li>\n<li> Ryggtjocklek: 13 cm<\/li>\n<li> Armst\u00f6dsm\u00e5tt: 79L x 3B x 63,5H cm<\/li>\n<li> Kuddm\u00e5tt: 52L x 20B x 9D cm<\/li>\n<li> Belastningskapacitet: 120 kg (stol), 80 kg (pall)<\/li>\n<\/ul>\n<p>Leveransinneh\u00e5ll:<\/p>\n<ul>\n<li> 1 x gungstol<\/li>\n<li> 1 x fotpall<\/li>\n<li> 1 x handbok<\/li>\n<\/ul>\n","protected":false},"excerpt":{"rendered":"<p>Upplev TRUUSK gungstolen med pall, d\u00e4r elegant stil m\u00f6ter ultimat komfort. L\u00e4tt justerbar fr\u00e5n 90\u00b0 till 130\u00b0 och perfekt f\u00f6r&#8230;<\/p>\n","protected":false},"featured_media":81199,"template":"","meta":[],"product_brand":[],"product_cat":[520,871,910],"product_tag":[],"class_list":{"0":"post-81208","1":"product","2":"type-product","3":"status-publish","4":"has-post-thumbnail","6":"product_cat-gungstolar","7":"product_cat-hus-hem","8":"product_cat-vardagsrum","10":"first","11":"instock","12":"sale","13":"taxable","14":"shipping-taxable","15":"purchasable","16":"product-type-simple"},"yoast_head":"<!-- This site is optimized with the Yoast SEO plugin v25.4 - https:\/\/yoast.com\/wordpress\/plugins\/seo\/ -->\n<title>TRUUSK Gungstol Med Pall - Med Fleece\u00f6verdrag - Armst\u00f6d - H\u00f6g Ryggst\u00f6d - Tr\u00e4skidor - Vadderad - Avkopplande - Amningsstol - Vit - TRUUSK - Hem, Tr\u00e4dg\u00e5rd &amp; Fritid<\/title>\n<meta name=\"robots\" content=\"index, follow, max-snippet:-1, max-image-preview:large, max-video-preview:-1\" \/>\n<link rel=\"canonical\" href=\"https:\/\/truusk.store\/sv\/produkt\/truusk-gungstol-med-pall-med-fleeceoverdrag-armstod-hog-ryggstod-traskidor-vadderad-avkopplande-amningsstol-vit\/\" \/>\n<meta property=\"og:locale\" content=\"sv_SE\" \/>\n<meta property=\"og:type\" content=\"article\" \/>\n<meta property=\"og:title\" content=\"TRUUSK Gungstol Med Pall - Med Fleece\u00f6verdrag - Armst\u00f6d - H\u00f6g Ryggst\u00f6d - Tr\u00e4skidor - Vadderad - Avkopplande - Amningsstol - Vit - TRUUSK - Hem, Tr\u00e4dg\u00e5rd &amp; Fritid\" \/>\n<meta property=\"og:description\" content=\"Upplev TRUUSK gungstolen med pall, d\u00e4r elegant stil m\u00f6ter ultimat komfort. L\u00e4tt justerbar fr\u00e5n 90\u00b0 till 130\u00b0 och perfekt f\u00f6r...\" \/>\n<meta property=\"og:url\" content=\"https:\/\/truusk.store\/sv\/produkt\/truusk-gungstol-med-pall-med-fleeceoverdrag-armstod-hog-ryggstod-traskidor-vadderad-avkopplande-amningsstol-vit\/\" \/>\n<meta property=\"og:site_name\" content=\"TRUUSK - Hem, Tr\u00e4dg\u00e5rd &amp; Fritid\" \/>\n<meta property=\"article:modified_time\" content=\"2026-03-12T07:46:43+00:00\" \/>\n<meta property=\"og:image\" content=\"https:\/\/i0.wp.com\/truusk.se\/wp-content\/uploads\/2025\/06\/gungstol-med-pall-gungstol-med-fleeceoverdrag-armstod-hog-ryggstod-traskidor-vadderad-gungstol-avkopplande-stol-amningsstol-for-vardagsrum-sovrum-vit-1.webp?fit=2000%2C2000&ssl=1\" \/>\n\t<meta property=\"og:image:width\" content=\"2000\" \/>\n\t<meta property=\"og:image:height\" content=\"2000\" \/>\n\t<meta property=\"og:image:type\" content=\"image\/webp\" \/>\n<meta name=\"twitter:card\" content=\"summary_large_image\" \/>\n<meta name=\"twitter:label1\" content=\"Ber\u00e4knad l\u00e4stid\" \/>\n\t<meta name=\"twitter:data1\" content=\"1 minut\" \/>\n<!-- \/ Yoast SEO plugin. -->","yoast_head_json":{"title":"TRUUSK Gungstol Med Pall - Med Fleece\u00f6verdrag - Armst\u00f6d - H\u00f6g Ryggst\u00f6d - Tr\u00e4skidor - Vadderad - Avkopplande - Amningsstol - Vit - TRUUSK - Hem, Tr\u00e4dg\u00e5rd &amp; Fritid","robots":{"index":"index","follow":"follow","max-snippet":"max-snippet:-1","max-image-preview":"max-image-preview:large","max-video-preview":"max-video-preview:-1"},"canonical":"https:\/\/truusk.store\/sv\/produkt\/truusk-gungstol-med-pall-med-fleeceoverdrag-armstod-hog-ryggstod-traskidor-vadderad-avkopplande-amningsstol-vit\/","og_locale":"sv_SE","og_type":"article","og_title":"TRUUSK Gungstol Med Pall - Med Fleece\u00f6verdrag - Armst\u00f6d - H\u00f6g Ryggst\u00f6d - Tr\u00e4skidor - Vadderad - Avkopplande - Amningsstol - Vit - TRUUSK - Hem, Tr\u00e4dg\u00e5rd &amp; Fritid","og_description":"Upplev TRUUSK gungstolen med pall, d\u00e4r elegant stil m\u00f6ter ultimat komfort. L\u00e4tt justerbar fr\u00e5n 90\u00b0 till 130\u00b0 och perfekt f\u00f6r...","og_url":"https:\/\/truusk.store\/sv\/produkt\/truusk-gungstol-med-pall-med-fleeceoverdrag-armstod-hog-ryggstod-traskidor-vadderad-avkopplande-amningsstol-vit\/","og_site_name":"TRUUSK - Hem, Tr\u00e4dg\u00e5rd &amp; Fritid","article_modified_time":"2026-03-12T07:46:43+00:00","og_image":[{"width":2000,"height":2000,"url":"https:\/\/i0.wp.com\/truusk.se\/wp-content\/uploads\/2025\/06\/gungstol-med-pall-gungstol-med-fleeceoverdrag-armstod-hog-ryggstod-traskidor-vadderad-gungstol-avkopplande-stol-amningsstol-for-vardagsrum-sovrum-vit-1.webp?fit=2000%2C2000&ssl=1","type":"image\/webp"}],"twitter_card":"summary_large_image","twitter_misc":{"Ber\u00e4knad l\u00e4stid":"1 minut"},"schema":{"@context":"https:\/\/schema.org","@graph":[{"@type":"WebPage","@id":"https:\/\/truusk.store\/sv\/produkt\/truusk-gungstol-med-pall-med-fleeceoverdrag-armstod-hog-ryggstod-traskidor-vadderad-avkopplande-amningsstol-vit\/","url":"https:\/\/truusk.store\/sv\/produkt\/truusk-gungstol-med-pall-med-fleeceoverdrag-armstod-hog-ryggstod-traskidor-vadderad-avkopplande-amningsstol-vit\/","name":"TRUUSK Gungstol Med Pall - Med Fleece\u00f6verdrag - Armst\u00f6d - H\u00f6g Ryggst\u00f6d - Tr\u00e4skidor - Vadderad - Avkopplande - Amningsstol - Vit - TRUUSK - Hem, Tr\u00e4dg\u00e5rd &amp; Fritid","isPartOf":{"@id":"https:\/\/truusk.store\/sv\/#website"},"primaryImageOfPage":{"@id":"https:\/\/truusk.store\/sv\/produkt\/truusk-gungstol-med-pall-med-fleeceoverdrag-armstod-hog-ryggstod-traskidor-vadderad-avkopplande-amningsstol-vit\/#primaryimage"},"image":{"@id":"https:\/\/truusk.store\/sv\/produkt\/truusk-gungstol-med-pall-med-fleeceoverdrag-armstod-hog-ryggstod-traskidor-vadderad-avkopplande-amningsstol-vit\/#primaryimage"},"thumbnailUrl":"https:\/\/i0.wp.com\/truusk.store\/wp-content\/uploads\/2025\/06\/gungstol-med-pall-gungstol-med-fleeceoverdrag-armstod-hog-ryggstod-traskidor-vadderad-gungstol-avkopplande-stol-amningsstol-for-vardagsrum-sovrum-vit-1.webp?fit=2000%2C2000&ssl=1","datePublished":"2025-06-23T12:30:49+00:00","dateModified":"2026-03-12T07:46:43+00:00","breadcrumb":{"@id":"https:\/\/truusk.store\/sv\/produkt\/truusk-gungstol-med-pall-med-fleeceoverdrag-armstod-hog-ryggstod-traskidor-vadderad-avkopplande-amningsstol-vit\/#breadcrumb"},"inLanguage":"sv-SE","potentialAction":[{"@type":"ReadAction","target":["https:\/\/truusk.store\/sv\/produkt\/truusk-gungstol-med-pall-med-fleeceoverdrag-armstod-hog-ryggstod-traskidor-vadderad-avkopplande-amningsstol-vit\/"]}]},{"@type":"ImageObject","inLanguage":"sv-SE","@id":"https:\/\/truusk.store\/sv\/produkt\/truusk-gungstol-med-pall-med-fleeceoverdrag-armstod-hog-ryggstod-traskidor-vadderad-avkopplande-amningsstol-vit\/#primaryimage","url":"https:\/\/i0.wp.com\/truusk.store\/wp-content\/uploads\/2025\/06\/gungstol-med-pall-gungstol-med-fleeceoverdrag-armstod-hog-ryggstod-traskidor-vadderad-gungstol-avkopplande-stol-amningsstol-for-vardagsrum-sovrum-vit-1.webp?fit=2000%2C2000&ssl=1","contentUrl":"https:\/\/i0.wp.com\/truusk.store\/wp-content\/uploads\/2025\/06\/gungstol-med-pall-gungstol-med-fleeceoverdrag-armstod-hog-ryggstod-traskidor-vadderad-gungstol-avkopplande-stol-amningsstol-for-vardagsrum-sovrum-vit-1.webp?fit=2000%2C2000&ssl=1","width":2000,"height":2000},{"@type":"BreadcrumbList","@id":"https:\/\/truusk.store\/sv\/produkt\/truusk-gungstol-med-pall-med-fleeceoverdrag-armstod-hog-ryggstod-traskidor-vadderad-avkopplande-amningsstol-vit\/#breadcrumb","itemListElement":[{"@type":"ListItem","position":1,"name":"Home","item":"https:\/\/truusk.store\/sv\/"},{"@type":"ListItem","position":2,"name":"Shop","item":"https:\/\/truusk.store\/shop\/"},{"@type":"ListItem","position":3,"name":"TRUUSK Gungstol Med Pall &#8211; Med Fleece\u00f6verdrag &#8211; Armst\u00f6d &#8211; H\u00f6g Ryggst\u00f6d &#8211; Tr\u00e4skidor &#8211; Vadderad &#8211; Avkopplande &#8211; Amningsstol &#8211; Vit"}]},{"@type":"WebSite","@id":"https:\/\/truusk.store\/sv\/#website","url":"https:\/\/truusk.store\/sv\/","name":"TRUUSK - Hem, Tr\u00e4dg\u00e5rd & Fritid","description":"","publisher":{"@id":"https:\/\/truusk.store\/sv\/#organization"},"potentialAction":[{"@type":"SearchAction","target":{"@type":"EntryPoint","urlTemplate":"https:\/\/truusk.store\/sv\/?s={search_term_string}"},"query-input":{"@type":"PropertyValueSpecification","valueRequired":true,"valueName":"search_term_string"}}],"inLanguage":"sv-SE"},{"@type":"Organization","@id":"https:\/\/truusk.store\/sv\/#organization","name":"TRUUSK - Hem, Tr\u00e4dg\u00e5rd & Fritid","url":"https:\/\/truusk.store\/sv\/","logo":{"@type":"ImageObject","inLanguage":"sv-SE","@id":"https:\/\/truusk.store\/sv\/#\/schema\/logo\/image\/","url":"https:\/\/i0.wp.com\/truusk.store\/wp-content\/uploads\/2026\/03\/cropped-TRUUSK.png?fit=2032%2C917&ssl=1","contentUrl":"https:\/\/i0.wp.com\/truusk.store\/wp-content\/uploads\/2026\/03\/cropped-TRUUSK.png?fit=2032%2C917&ssl=1","width":2032,"height":917,"caption":"TRUUSK - Hem, Tr\u00e4dg\u00e5rd & Fritid"},"image":{"@id":"https:\/\/truusk.store\/sv\/#\/schema\/logo\/image\/"}}]}},"jetpack_sharing_enabled":true,"_links":{"self":[{"href":"https:\/\/truusk.store\/sv\/wp-json\/wp\/v2\/product\/81208","targetHints":{"allow":["GET"]}}],"collection":[{"href":"https:\/\/truusk.store\/sv\/wp-json\/wp\/v2\/product"}],"about":[{"href":"https:\/\/truusk.store\/sv\/wp-json\/wp\/v2\/types\/product"}],"wp:featuredmedia":[{"embeddable":true,"href":"https:\/\/truusk.store\/sv\/wp-json\/wp\/v2\/media\/81199"}],"wp:attachment":[{"href":"https:\/\/truusk.store\/sv\/wp-json\/wp\/v2\/media?parent=81208"}],"wp:term":[{"taxonomy":"product_brand","embeddable":true,"href":"https:\/\/truusk.store\/sv\/wp-json\/wp\/v2\/product_brand?post=81208"},{"taxonomy":"product_cat","embeddable":true,"href":"https:\/\/truusk.store\/sv\/wp-json\/wp\/v2\/product_cat?post=81208"},{"taxonomy":"product_tag","embeddable":true,"href":"https:\/\/truusk.store\/sv\/wp-json\/wp\/v2\/product_tag?post=81208"}],"curies":[{"name":"wp","href":"https:\/\/api.w.org\/{rel}","templated":true}]}}