{"id":81220,"date":"2025-06-23T13:32:10","date_gmt":"2025-06-23T12:32:10","guid":{"rendered":"https:\/\/truusk.store\/product\/mini-frys-35-l-fryslada-elektrisk-fristaende-161-w-mini-frysbox-minikylskap-14-till-24%e2%84%83-5-stegs-temperaturkontroll-47-x-442-x-488-cm-gra\/"},"modified":"2026-03-12T08:46:48","modified_gmt":"2026-03-12T07:46:48","slug":"truusk-mini-frys-35-l-elektrisk-fryslada-fristaende-161-w-minikylskap-temperaturkontroll-47-x-442-x-488-cm-gra","status":"publish","type":"product","link":"https:\/\/truusk.store\/sv\/produkt\/truusk-mini-frys-35-l-elektrisk-fryslada-fristaende-161-w-minikylskap-temperaturkontroll-47-x-442-x-488-cm-gra\/","title":{"rendered":"TRUUSK Mini-Frys 35 L &#8211; Elektrisk Frysl\u00e5da &#8211; Frist\u00e5ende &#8211; 161 W &#8211; Minikylsk\u00e5p &#8211; Temperaturkontroll &#8211; 47 x 44,2 x 48,8 cm &#8211; Gr\u00e5"},"content":{"rendered":"<p>Letar du efter ett kompakt fryssk\u00e5p f\u00f6r din l\u00e4genhet, husvagn eller kontor? Denna frysen fr\u00e5n TRUUSK har en kapacitet p\u00e5 35 liter, s\u00e5 att du kan lagra m\u00e5nga livsmedel som drycker, fryst mat etc. Med hj\u00e4lp av en termostat kan temperaturen st\u00e4llas in och den medf\u00f6ljande R600a-kompressorn ger en l\u00e5g ljudniv\u00e5 och l\u00e5g str\u00f6mf\u00f6rbrukning. D\u00f6rren kan byggas om s\u00e5 att den \u00f6ppnas \u00e5t andra sidan.<\/p>\n<p>Beskrivning:<\/p>\n<ul>\n<li> 35L kapacitet ger tillr\u00e4ckligt med utrymme f\u00f6r frysta livsmedel, drycker, glass etc.<\/li>\n<li> Den kompakta frysen passar f\u00f6r l\u00e4genheter, husvagnar, studentrum, kontor etc.<\/li>\n<li> Temperaturen kan st\u00e4llas in i 5 steg med termostatknappen<\/li>\n<li> En R600a-kompressor ger l\u00e5g energif\u00f6rbrukning och l\u00e5g ljudniv\u00e5<\/li>\n<li> D\u00f6rren kan byggas om s\u00e5 att den \u00f6ppnas \u00e5t andra sidan<\/li>\n<li> Hyllan kan tas ut och anv\u00e4ndas f\u00f6r olika livsmedel<\/li>\n<li> Inkluderar 1 iskubbeh\u00e5llare och 1 isskopa<\/li>\n<li> 2 justerbara f\u00f6tter s\u00e4kerst\u00e4ller att denna kylbox st\u00e5r stabilt \u00e4ven p\u00e5 oj\u00e4mna golv<\/li>\n<\/ul>\n<p> Tekniska data:<\/p>\n<ul>\n<li> F\u00e4rg: Gr\u00e5<\/li>\n<li> Material: St\u00e5l, plast<\/li>\n<li> Totala m\u00e5tt: 47L x 44,2B x 48,8H cm<\/li>\n<li> Inre m\u00e5tt: 36B x 33,3T x 15H cm (\u00f6ver), 36B x 19T x 20H cm (under)<\/li>\n<li> Temperaturomr\u00e5de: -14 till -24\u2103<\/li>\n<li> Kylmedel: R600a<\/li>\n<li> Sp\u00e4nning: 220-240V, 50Hz<\/li>\n<li> Effekt: 161 W<\/li>\n<li> Energieffektivitetsklass: E<\/li>\n<li> Ljud: 41 db<\/li>\n<li> Kabell\u00e4ngd: 1,5 m<\/li>\n<li> D\u00f6rr\u00f6ppningsvinkel: 115\u00b0<\/li>\n<li> Belastningskapacitet: 4 kg (hylla)<\/li>\n<\/ul>\n<p>Leveransinneh\u00e5ll:<\/p>\n<ul>\n<li> 1 x Mini-frys<\/li>\n<li> 1 x Isskopa<\/li>\n<li> 1 x Iskubbeh\u00e5llare<\/li>\n<li> 1 x Instruktioner<\/li>\n<\/ul>\n","protected":false},"excerpt":{"rendered":"<p>Letar du efter ett kompakt fryssk\u00e5p f\u00f6r din l\u00e4genhet, husvagn eller kontor? Denna frysen fr\u00e5n TRUUSK har en kapacitet p\u00e5&#8230;<\/p>\n","protected":false},"featured_media":81209,"template":"","meta":[],"product_brand":[],"product_cat":[871,498,933,1029],"product_tag":[],"class_list":{"0":"post-81220","1":"product","2":"type-product","3":"status-publish","4":"has-post-thumbnail","6":"product_cat-hus-hem","7":"product_cat-hushallsapparater","8":"product_cat-koksapparater","9":"product_cat-minikuhlschranke","11":"first","12":"instock","13":"sale","14":"taxable","15":"shipping-taxable","16":"purchasable","17":"product-type-simple"},"yoast_head":"<!-- This site is optimized with the Yoast SEO plugin v25.4 - https:\/\/yoast.com\/wordpress\/plugins\/seo\/ -->\n<title>TRUUSK Mini-Frys 35 L - Elektrisk Frysl\u00e5da - Frist\u00e5ende - 161 W - Minikylsk\u00e5p - Temperaturkontroll - 47 x 44,2 x 48,8 cm - Gr\u00e5 - TRUUSK - Hem, Tr\u00e4dg\u00e5rd &amp; Fritid<\/title>\n<meta name=\"robots\" content=\"index, follow, max-snippet:-1, max-image-preview:large, max-video-preview:-1\" \/>\n<link rel=\"canonical\" href=\"https:\/\/truusk.store\/sv\/produkt\/truusk-mini-frys-35-l-elektrisk-fryslada-fristaende-161-w-minikylskap-temperaturkontroll-47-x-442-x-488-cm-gra\/\" \/>\n<meta property=\"og:locale\" content=\"sv_SE\" \/>\n<meta property=\"og:type\" content=\"article\" \/>\n<meta property=\"og:title\" content=\"TRUUSK Mini-Frys 35 L - Elektrisk Frysl\u00e5da - Frist\u00e5ende - 161 W - Minikylsk\u00e5p - Temperaturkontroll - 47 x 44,2 x 48,8 cm - Gr\u00e5 - TRUUSK - Hem, Tr\u00e4dg\u00e5rd &amp; Fritid\" \/>\n<meta property=\"og:description\" content=\"Letar du efter ett kompakt fryssk\u00e5p f\u00f6r din l\u00e4genhet, husvagn eller kontor? Denna frysen fr\u00e5n TRUUSK har en kapacitet p\u00e5...\" \/>\n<meta property=\"og:url\" content=\"https:\/\/truusk.store\/sv\/produkt\/truusk-mini-frys-35-l-elektrisk-fryslada-fristaende-161-w-minikylskap-temperaturkontroll-47-x-442-x-488-cm-gra\/\" \/>\n<meta property=\"og:site_name\" content=\"TRUUSK - Hem, Tr\u00e4dg\u00e5rd &amp; Fritid\" \/>\n<meta property=\"article:modified_time\" content=\"2026-03-12T07:46:48+00:00\" \/>\n<meta property=\"og:image\" content=\"https:\/\/i0.wp.com\/truusk.se\/wp-content\/uploads\/2025\/06\/mini-frys-35-l-fryslada-elektrisk-fristaende-161-w-mini-frysbox-minikylskap-14-till-24e28483-5-stegs-temperaturkontroll-47-x-442-x-488-cm-gra-1.webp?fit=2000%2C2000&ssl=1\" \/>\n\t<meta property=\"og:image:width\" content=\"2000\" \/>\n\t<meta property=\"og:image:height\" content=\"2000\" \/>\n\t<meta property=\"og:image:type\" content=\"image\/webp\" \/>\n<meta name=\"twitter:card\" content=\"summary_large_image\" \/>\n<meta name=\"twitter:label1\" content=\"Ber\u00e4knad l\u00e4stid\" \/>\n\t<meta name=\"twitter:data1\" content=\"1 minut\" \/>\n<!-- \/ Yoast SEO plugin. -->","yoast_head_json":{"title":"TRUUSK Mini-Frys 35 L - Elektrisk Frysl\u00e5da - Frist\u00e5ende - 161 W - Minikylsk\u00e5p - Temperaturkontroll - 47 x 44,2 x 48,8 cm - Gr\u00e5 - TRUUSK - Hem, Tr\u00e4dg\u00e5rd &amp; Fritid","robots":{"index":"index","follow":"follow","max-snippet":"max-snippet:-1","max-image-preview":"max-image-preview:large","max-video-preview":"max-video-preview:-1"},"canonical":"https:\/\/truusk.store\/sv\/produkt\/truusk-mini-frys-35-l-elektrisk-fryslada-fristaende-161-w-minikylskap-temperaturkontroll-47-x-442-x-488-cm-gra\/","og_locale":"sv_SE","og_type":"article","og_title":"TRUUSK Mini-Frys 35 L - Elektrisk Frysl\u00e5da - Frist\u00e5ende - 161 W - Minikylsk\u00e5p - Temperaturkontroll - 47 x 44,2 x 48,8 cm - Gr\u00e5 - TRUUSK - Hem, Tr\u00e4dg\u00e5rd &amp; Fritid","og_description":"Letar du efter ett kompakt fryssk\u00e5p f\u00f6r din l\u00e4genhet, husvagn eller kontor? Denna frysen fr\u00e5n TRUUSK har en kapacitet p\u00e5...","og_url":"https:\/\/truusk.store\/sv\/produkt\/truusk-mini-frys-35-l-elektrisk-fryslada-fristaende-161-w-minikylskap-temperaturkontroll-47-x-442-x-488-cm-gra\/","og_site_name":"TRUUSK - Hem, Tr\u00e4dg\u00e5rd &amp; Fritid","article_modified_time":"2026-03-12T07:46:48+00:00","og_image":[{"width":2000,"height":2000,"url":"https:\/\/i0.wp.com\/truusk.se\/wp-content\/uploads\/2025\/06\/mini-frys-35-l-fryslada-elektrisk-fristaende-161-w-mini-frysbox-minikylskap-14-till-24e28483-5-stegs-temperaturkontroll-47-x-442-x-488-cm-gra-1.webp?fit=2000%2C2000&ssl=1","type":"image\/webp"}],"twitter_card":"summary_large_image","twitter_misc":{"Ber\u00e4knad l\u00e4stid":"1 minut"},"schema":{"@context":"https:\/\/schema.org","@graph":[{"@type":"WebPage","@id":"https:\/\/truusk.store\/sv\/produkt\/truusk-mini-frys-35-l-elektrisk-fryslada-fristaende-161-w-minikylskap-temperaturkontroll-47-x-442-x-488-cm-gra\/","url":"https:\/\/truusk.store\/sv\/produkt\/truusk-mini-frys-35-l-elektrisk-fryslada-fristaende-161-w-minikylskap-temperaturkontroll-47-x-442-x-488-cm-gra\/","name":"TRUUSK Mini-Frys 35 L - Elektrisk Frysl\u00e5da - Frist\u00e5ende - 161 W - Minikylsk\u00e5p - Temperaturkontroll - 47 x 44,2 x 48,8 cm - Gr\u00e5 - TRUUSK - Hem, Tr\u00e4dg\u00e5rd &amp; Fritid","isPartOf":{"@id":"https:\/\/truusk.store\/sv\/#website"},"primaryImageOfPage":{"@id":"https:\/\/truusk.store\/sv\/produkt\/truusk-mini-frys-35-l-elektrisk-fryslada-fristaende-161-w-minikylskap-temperaturkontroll-47-x-442-x-488-cm-gra\/#primaryimage"},"image":{"@id":"https:\/\/truusk.store\/sv\/produkt\/truusk-mini-frys-35-l-elektrisk-fryslada-fristaende-161-w-minikylskap-temperaturkontroll-47-x-442-x-488-cm-gra\/#primaryimage"},"thumbnailUrl":"https:\/\/i0.wp.com\/truusk.store\/wp-content\/uploads\/2025\/06\/mini-frys-35-l-fryslada-elektrisk-fristaende-161-w-mini-frysbox-minikylskap-14-till-24e28483-5-stegs-temperaturkontroll-47-x-442-x-488-cm-gra-1.webp?fit=2000%2C2000&ssl=1","datePublished":"2025-06-23T12:32:10+00:00","dateModified":"2026-03-12T07:46:48+00:00","breadcrumb":{"@id":"https:\/\/truusk.store\/sv\/produkt\/truusk-mini-frys-35-l-elektrisk-fryslada-fristaende-161-w-minikylskap-temperaturkontroll-47-x-442-x-488-cm-gra\/#breadcrumb"},"inLanguage":"sv-SE","potentialAction":[{"@type":"ReadAction","target":["https:\/\/truusk.store\/sv\/produkt\/truusk-mini-frys-35-l-elektrisk-fryslada-fristaende-161-w-minikylskap-temperaturkontroll-47-x-442-x-488-cm-gra\/"]}]},{"@type":"ImageObject","inLanguage":"sv-SE","@id":"https:\/\/truusk.store\/sv\/produkt\/truusk-mini-frys-35-l-elektrisk-fryslada-fristaende-161-w-minikylskap-temperaturkontroll-47-x-442-x-488-cm-gra\/#primaryimage","url":"https:\/\/i0.wp.com\/truusk.store\/wp-content\/uploads\/2025\/06\/mini-frys-35-l-fryslada-elektrisk-fristaende-161-w-mini-frysbox-minikylskap-14-till-24e28483-5-stegs-temperaturkontroll-47-x-442-x-488-cm-gra-1.webp?fit=2000%2C2000&ssl=1","contentUrl":"https:\/\/i0.wp.com\/truusk.store\/wp-content\/uploads\/2025\/06\/mini-frys-35-l-fryslada-elektrisk-fristaende-161-w-mini-frysbox-minikylskap-14-till-24e28483-5-stegs-temperaturkontroll-47-x-442-x-488-cm-gra-1.webp?fit=2000%2C2000&ssl=1","width":2000,"height":2000},{"@type":"BreadcrumbList","@id":"https:\/\/truusk.store\/sv\/produkt\/truusk-mini-frys-35-l-elektrisk-fryslada-fristaende-161-w-minikylskap-temperaturkontroll-47-x-442-x-488-cm-gra\/#breadcrumb","itemListElement":[{"@type":"ListItem","position":1,"name":"Home","item":"https:\/\/truusk.store\/sv\/"},{"@type":"ListItem","position":2,"name":"Shop","item":"https:\/\/truusk.store\/shop\/"},{"@type":"ListItem","position":3,"name":"TRUUSK Mini-Frys 35 L &#8211; Elektrisk Frysl\u00e5da &#8211; Frist\u00e5ende &#8211; 161 W &#8211; Minikylsk\u00e5p &#8211; Temperaturkontroll &#8211; 47 x 44,2 x 48,8 cm &#8211; Gr\u00e5"}]},{"@type":"WebSite","@id":"https:\/\/truusk.store\/sv\/#website","url":"https:\/\/truusk.store\/sv\/","name":"TRUUSK - Hem, Tr\u00e4dg\u00e5rd & Fritid","description":"","publisher":{"@id":"https:\/\/truusk.store\/sv\/#organization"},"potentialAction":[{"@type":"SearchAction","target":{"@type":"EntryPoint","urlTemplate":"https:\/\/truusk.store\/sv\/?s={search_term_string}"},"query-input":{"@type":"PropertyValueSpecification","valueRequired":true,"valueName":"search_term_string"}}],"inLanguage":"sv-SE"},{"@type":"Organization","@id":"https:\/\/truusk.store\/sv\/#organization","name":"TRUUSK - Hem, Tr\u00e4dg\u00e5rd & Fritid","url":"https:\/\/truusk.store\/sv\/","logo":{"@type":"ImageObject","inLanguage":"sv-SE","@id":"https:\/\/truusk.store\/sv\/#\/schema\/logo\/image\/","url":"https:\/\/i0.wp.com\/truusk.store\/wp-content\/uploads\/2026\/03\/cropped-TRUUSK.png?fit=2032%2C917&ssl=1","contentUrl":"https:\/\/i0.wp.com\/truusk.store\/wp-content\/uploads\/2026\/03\/cropped-TRUUSK.png?fit=2032%2C917&ssl=1","width":2032,"height":917,"caption":"TRUUSK - Hem, Tr\u00e4dg\u00e5rd & Fritid"},"image":{"@id":"https:\/\/truusk.store\/sv\/#\/schema\/logo\/image\/"}}]}},"jetpack_sharing_enabled":true,"_links":{"self":[{"href":"https:\/\/truusk.store\/sv\/wp-json\/wp\/v2\/product\/81220","targetHints":{"allow":["GET"]}}],"collection":[{"href":"https:\/\/truusk.store\/sv\/wp-json\/wp\/v2\/product"}],"about":[{"href":"https:\/\/truusk.store\/sv\/wp-json\/wp\/v2\/types\/product"}],"wp:featuredmedia":[{"embeddable":true,"href":"https:\/\/truusk.store\/sv\/wp-json\/wp\/v2\/media\/81209"}],"wp:attachment":[{"href":"https:\/\/truusk.store\/sv\/wp-json\/wp\/v2\/media?parent=81220"}],"wp:term":[{"taxonomy":"product_brand","embeddable":true,"href":"https:\/\/truusk.store\/sv\/wp-json\/wp\/v2\/product_brand?post=81220"},{"taxonomy":"product_cat","embeddable":true,"href":"https:\/\/truusk.store\/sv\/wp-json\/wp\/v2\/product_cat?post=81220"},{"taxonomy":"product_tag","embeddable":true,"href":"https:\/\/truusk.store\/sv\/wp-json\/wp\/v2\/product_tag?post=81220"}],"curies":[{"name":"wp","href":"https:\/\/api.w.org\/{rel}","templated":true}]}}