{"id":81248,"date":"2025-06-23T13:34:51","date_gmt":"2025-06-23T12:34:51","guid":{"rendered":"https:\/\/truusk.store\/product\/rullpall-hojdjusterbar-vridpall-50-66-cm-arbetspall-360-roterande-kontorspall-pall-for-kontor-salong-massage-spa-rosa\/"},"modified":"2026-03-12T08:46:51","modified_gmt":"2026-03-12T07:46:51","slug":"truusk-justerbar-roterande-arbetspall-50-66-cm-kontorspall-i-rosa-for-kontor-salong-massage-spa","status":"publish","type":"product","link":"https:\/\/truusk.store\/sv\/produkt\/truusk-justerbar-roterande-arbetspall-50-66-cm-kontorspall-i-rosa-for-kontor-salong-massage-spa\/","title":{"rendered":"TRUUSK Justerbar Roterande Arbetspall 50-66 cm &#8211; Kontorspall i Rosa &#8211; F\u00f6r Kontor, Salong, Massage, Spa"},"content":{"rendered":"<p>Dyk in i den lyxiga komforten av TRUUSKs roterande pall med mjuk, luftgenomsl\u00e4pplig fleecekl\u00e4dsel. Justera h\u00f6jden p\u00e5 denna roterande pall mellan 50 och 66 cm, passande f\u00f6r varje fris\u00f6rbord eller verkstad. Den rullar smidigt p\u00e5 sin 360-graders runt-om-fem-hjulsbas. Perfekt f\u00f6r upptagna fris\u00f6rsalonger eller avkopplande sk\u00f6nhetssalonger, kombinerar denna h\u00f6jdjusterbara rullpall elegans med funktionalitet.<\/p>\n<p>Beskrivning:<\/p>\n<ul>\n<li> Den tjocka skumfyllningen i rullpallen ger \u00f6kad komfort \u00e4ven vid l\u00e5nga sittperioder<\/li>\n<li> Fleece-tyget p\u00e5 rullpallen ger en mjuk, andningsbar k\u00e4nsla<\/li>\n<li> Den justerbara sitth\u00f6jden p\u00e5 arbetspallen anpassar sig till olika arbetsplatskrav<\/li>\n<li> Fem universella konstl\u00e4derhjul m\u00f6jligg\u00f6r en mjuk 360-graders r\u00f6relse<\/li>\n<li> Pulverlackerad metallram \u00f6kar stabiliteten och h\u00e5llbarheten<\/li>\n<li> Idealisk f\u00f6r fris\u00f6rsalonger, pubar och som tatueringsstol<\/li>\n<li> Enkel montering kr\u00e4vs<\/li>\n<\/ul>\n<p> Tekniska data:<\/p>\n<ul>\n<li> F\u00e4rg: Rosa<\/li>\n<li> Material: Fleece (100% polyester), skum, metall<\/li>\n<li> Totala dimensioner: \u00d850 x 50-66H cm<\/li>\n<li> Sitsstorlek: 35B x 35T cm<\/li>\n<li> Sitstjocklek: 8 cm<\/li>\n<li> Hjuldiameter: \u00d85 cm<\/li>\n<li> B\u00e4rkapacitet: 120 kg<\/li>\n<\/ul>\n<p>Leveransinneh\u00e5ll:<\/p>\n<ul>\n<li> 1 x Rullpall<\/li>\n<li> 1 x Handbok<\/li>\n<\/ul>\n","protected":false},"excerpt":{"rendered":"<p>Dyk in i den lyxiga komforten av TRUUSKs roterande pall med mjuk, luftgenomsl\u00e4pplig fleecekl\u00e4dsel. Justera h\u00f6jden p\u00e5 denna roterande pall&#8230;<\/p>\n","protected":false},"featured_media":81239,"template":"","meta":[],"product_brand":[],"product_cat":[872,871,961],"product_tag":[],"class_list":{"0":"post-81248","1":"product","2":"type-product","3":"status-publish","4":"has-post-thumbnail","6":"product_cat-hemmakontor-arbetsplats","7":"product_cat-hus-hem","8":"product_cat-rullpallar","10":"first","11":"instock","12":"sale","13":"taxable","14":"shipping-taxable","15":"purchasable","16":"product-type-simple"},"yoast_head":"<!-- This site is optimized with the Yoast SEO plugin v25.4 - https:\/\/yoast.com\/wordpress\/plugins\/seo\/ -->\n<title>TRUUSK Justerbar Roterande Arbetspall 50-66 cm - Kontorspall i Rosa - F\u00f6r Kontor, Salong, Massage, Spa - TRUUSK - Hem, Tr\u00e4dg\u00e5rd &amp; Fritid<\/title>\n<meta name=\"robots\" content=\"index, follow, max-snippet:-1, max-image-preview:large, max-video-preview:-1\" \/>\n<link rel=\"canonical\" href=\"https:\/\/truusk.store\/sv\/produkt\/truusk-justerbar-roterande-arbetspall-50-66-cm-kontorspall-i-rosa-for-kontor-salong-massage-spa\/\" \/>\n<meta property=\"og:locale\" content=\"sv_SE\" \/>\n<meta property=\"og:type\" content=\"article\" \/>\n<meta property=\"og:title\" content=\"TRUUSK Justerbar Roterande Arbetspall 50-66 cm - Kontorspall i Rosa - F\u00f6r Kontor, Salong, Massage, Spa - TRUUSK - Hem, Tr\u00e4dg\u00e5rd &amp; Fritid\" \/>\n<meta property=\"og:description\" content=\"Dyk in i den lyxiga komforten av TRUUSKs roterande pall med mjuk, luftgenomsl\u00e4pplig fleecekl\u00e4dsel. Justera h\u00f6jden p\u00e5 denna roterande pall...\" \/>\n<meta property=\"og:url\" content=\"https:\/\/truusk.store\/sv\/produkt\/truusk-justerbar-roterande-arbetspall-50-66-cm-kontorspall-i-rosa-for-kontor-salong-massage-spa\/\" \/>\n<meta property=\"og:site_name\" content=\"TRUUSK - Hem, Tr\u00e4dg\u00e5rd &amp; Fritid\" \/>\n<meta property=\"article:modified_time\" content=\"2026-03-12T07:46:51+00:00\" \/>\n<meta property=\"og:image\" content=\"https:\/\/i0.wp.com\/truusk.se\/wp-content\/uploads\/2025\/06\/rullpall-hojdjusterbar-vridpall-50-66-cm-arbetspall-360-roterande-kontorspall-pall-for-kontor-salong-massage-spa-rosa-1.webp?fit=2000%2C2000&ssl=1\" \/>\n\t<meta property=\"og:image:width\" content=\"2000\" \/>\n\t<meta property=\"og:image:height\" content=\"2000\" \/>\n\t<meta property=\"og:image:type\" content=\"image\/webp\" \/>\n<meta name=\"twitter:card\" content=\"summary_large_image\" \/>\n<meta name=\"twitter:label1\" content=\"Ber\u00e4knad l\u00e4stid\" \/>\n\t<meta name=\"twitter:data1\" content=\"1 minut\" \/>\n<!-- \/ Yoast SEO plugin. -->","yoast_head_json":{"title":"TRUUSK Justerbar Roterande Arbetspall 50-66 cm - Kontorspall i Rosa - F\u00f6r Kontor, Salong, Massage, Spa - TRUUSK - Hem, Tr\u00e4dg\u00e5rd &amp; Fritid","robots":{"index":"index","follow":"follow","max-snippet":"max-snippet:-1","max-image-preview":"max-image-preview:large","max-video-preview":"max-video-preview:-1"},"canonical":"https:\/\/truusk.store\/sv\/produkt\/truusk-justerbar-roterande-arbetspall-50-66-cm-kontorspall-i-rosa-for-kontor-salong-massage-spa\/","og_locale":"sv_SE","og_type":"article","og_title":"TRUUSK Justerbar Roterande Arbetspall 50-66 cm - Kontorspall i Rosa - F\u00f6r Kontor, Salong, Massage, Spa - TRUUSK - Hem, Tr\u00e4dg\u00e5rd &amp; Fritid","og_description":"Dyk in i den lyxiga komforten av TRUUSKs roterande pall med mjuk, luftgenomsl\u00e4pplig fleecekl\u00e4dsel. Justera h\u00f6jden p\u00e5 denna roterande pall...","og_url":"https:\/\/truusk.store\/sv\/produkt\/truusk-justerbar-roterande-arbetspall-50-66-cm-kontorspall-i-rosa-for-kontor-salong-massage-spa\/","og_site_name":"TRUUSK - Hem, Tr\u00e4dg\u00e5rd &amp; Fritid","article_modified_time":"2026-03-12T07:46:51+00:00","og_image":[{"width":2000,"height":2000,"url":"https:\/\/i0.wp.com\/truusk.se\/wp-content\/uploads\/2025\/06\/rullpall-hojdjusterbar-vridpall-50-66-cm-arbetspall-360-roterande-kontorspall-pall-for-kontor-salong-massage-spa-rosa-1.webp?fit=2000%2C2000&ssl=1","type":"image\/webp"}],"twitter_card":"summary_large_image","twitter_misc":{"Ber\u00e4knad l\u00e4stid":"1 minut"},"schema":{"@context":"https:\/\/schema.org","@graph":[{"@type":"WebPage","@id":"https:\/\/truusk.store\/sv\/produkt\/truusk-justerbar-roterande-arbetspall-50-66-cm-kontorspall-i-rosa-for-kontor-salong-massage-spa\/","url":"https:\/\/truusk.store\/sv\/produkt\/truusk-justerbar-roterande-arbetspall-50-66-cm-kontorspall-i-rosa-for-kontor-salong-massage-spa\/","name":"TRUUSK Justerbar Roterande Arbetspall 50-66 cm - Kontorspall i Rosa - F\u00f6r Kontor, Salong, Massage, Spa - TRUUSK - Hem, Tr\u00e4dg\u00e5rd &amp; Fritid","isPartOf":{"@id":"https:\/\/truusk.store\/sv\/#website"},"primaryImageOfPage":{"@id":"https:\/\/truusk.store\/sv\/produkt\/truusk-justerbar-roterande-arbetspall-50-66-cm-kontorspall-i-rosa-for-kontor-salong-massage-spa\/#primaryimage"},"image":{"@id":"https:\/\/truusk.store\/sv\/produkt\/truusk-justerbar-roterande-arbetspall-50-66-cm-kontorspall-i-rosa-for-kontor-salong-massage-spa\/#primaryimage"},"thumbnailUrl":"https:\/\/i0.wp.com\/truusk.store\/wp-content\/uploads\/2025\/06\/rullpall-hojdjusterbar-vridpall-50-66-cm-arbetspall-360-roterande-kontorspall-pall-for-kontor-salong-massage-spa-rosa-1.webp?fit=2000%2C2000&ssl=1","datePublished":"2025-06-23T12:34:51+00:00","dateModified":"2026-03-12T07:46:51+00:00","breadcrumb":{"@id":"https:\/\/truusk.store\/sv\/produkt\/truusk-justerbar-roterande-arbetspall-50-66-cm-kontorspall-i-rosa-for-kontor-salong-massage-spa\/#breadcrumb"},"inLanguage":"sv-SE","potentialAction":[{"@type":"ReadAction","target":["https:\/\/truusk.store\/sv\/produkt\/truusk-justerbar-roterande-arbetspall-50-66-cm-kontorspall-i-rosa-for-kontor-salong-massage-spa\/"]}]},{"@type":"ImageObject","inLanguage":"sv-SE","@id":"https:\/\/truusk.store\/sv\/produkt\/truusk-justerbar-roterande-arbetspall-50-66-cm-kontorspall-i-rosa-for-kontor-salong-massage-spa\/#primaryimage","url":"https:\/\/i0.wp.com\/truusk.store\/wp-content\/uploads\/2025\/06\/rullpall-hojdjusterbar-vridpall-50-66-cm-arbetspall-360-roterande-kontorspall-pall-for-kontor-salong-massage-spa-rosa-1.webp?fit=2000%2C2000&ssl=1","contentUrl":"https:\/\/i0.wp.com\/truusk.store\/wp-content\/uploads\/2025\/06\/rullpall-hojdjusterbar-vridpall-50-66-cm-arbetspall-360-roterande-kontorspall-pall-for-kontor-salong-massage-spa-rosa-1.webp?fit=2000%2C2000&ssl=1","width":2000,"height":2000},{"@type":"BreadcrumbList","@id":"https:\/\/truusk.store\/sv\/produkt\/truusk-justerbar-roterande-arbetspall-50-66-cm-kontorspall-i-rosa-for-kontor-salong-massage-spa\/#breadcrumb","itemListElement":[{"@type":"ListItem","position":1,"name":"Home","item":"https:\/\/truusk.store\/sv\/"},{"@type":"ListItem","position":2,"name":"Shop","item":"https:\/\/truusk.store\/shop\/"},{"@type":"ListItem","position":3,"name":"TRUUSK Justerbar Roterande Arbetspall 50-66 cm &#8211; Kontorspall i Rosa &#8211; F\u00f6r Kontor, Salong, Massage, Spa"}]},{"@type":"WebSite","@id":"https:\/\/truusk.store\/sv\/#website","url":"https:\/\/truusk.store\/sv\/","name":"TRUUSK - Hem, Tr\u00e4dg\u00e5rd & Fritid","description":"","publisher":{"@id":"https:\/\/truusk.store\/sv\/#organization"},"potentialAction":[{"@type":"SearchAction","target":{"@type":"EntryPoint","urlTemplate":"https:\/\/truusk.store\/sv\/?s={search_term_string}"},"query-input":{"@type":"PropertyValueSpecification","valueRequired":true,"valueName":"search_term_string"}}],"inLanguage":"sv-SE"},{"@type":"Organization","@id":"https:\/\/truusk.store\/sv\/#organization","name":"TRUUSK - Hem, Tr\u00e4dg\u00e5rd & Fritid","url":"https:\/\/truusk.store\/sv\/","logo":{"@type":"ImageObject","inLanguage":"sv-SE","@id":"https:\/\/truusk.store\/sv\/#\/schema\/logo\/image\/","url":"https:\/\/i0.wp.com\/truusk.store\/wp-content\/uploads\/2026\/03\/cropped-TRUUSK.png?fit=2032%2C917&ssl=1","contentUrl":"https:\/\/i0.wp.com\/truusk.store\/wp-content\/uploads\/2026\/03\/cropped-TRUUSK.png?fit=2032%2C917&ssl=1","width":2032,"height":917,"caption":"TRUUSK - Hem, Tr\u00e4dg\u00e5rd & Fritid"},"image":{"@id":"https:\/\/truusk.store\/sv\/#\/schema\/logo\/image\/"}}]}},"jetpack_sharing_enabled":true,"_links":{"self":[{"href":"https:\/\/truusk.store\/sv\/wp-json\/wp\/v2\/product\/81248","targetHints":{"allow":["GET"]}}],"collection":[{"href":"https:\/\/truusk.store\/sv\/wp-json\/wp\/v2\/product"}],"about":[{"href":"https:\/\/truusk.store\/sv\/wp-json\/wp\/v2\/types\/product"}],"wp:featuredmedia":[{"embeddable":true,"href":"https:\/\/truusk.store\/sv\/wp-json\/wp\/v2\/media\/81239"}],"wp:attachment":[{"href":"https:\/\/truusk.store\/sv\/wp-json\/wp\/v2\/media?parent=81248"}],"wp:term":[{"taxonomy":"product_brand","embeddable":true,"href":"https:\/\/truusk.store\/sv\/wp-json\/wp\/v2\/product_brand?post=81248"},{"taxonomy":"product_cat","embeddable":true,"href":"https:\/\/truusk.store\/sv\/wp-json\/wp\/v2\/product_cat?post=81248"},{"taxonomy":"product_tag","embeddable":true,"href":"https:\/\/truusk.store\/sv\/wp-json\/wp\/v2\/product_tag?post=81248"}],"curies":[{"name":"wp","href":"https:\/\/api.w.org\/{rel}","templated":true}]}}