{"id":81268,"date":"2025-06-23T13:36:42","date_gmt":"2025-06-23T12:36:42","guid":{"rendered":"https:\/\/truusk.store\/product\/kontorsstol-ergonomisk-skrivbordsstol-med-justerbar-fotring-hojdjusterbar-datorstol-med-natbelaggning-kontorsstol-svangstol-svart\/"},"modified":"2026-03-12T08:47:01","modified_gmt":"2026-03-12T07:47:01","slug":"truusk-ergonomisk-kontorsstol-justerbar-fotring-hojdjusterbar-natbelaggning-svangstol-svart","status":"publish","type":"product","link":"https:\/\/truusk.store\/sv\/produkt\/truusk-ergonomisk-kontorsstol-justerbar-fotring-hojdjusterbar-natbelaggning-svangstol-svart\/","title":{"rendered":"TRUUSK Ergonomisk Kontorsstol &#8211; Justerbar Fotring &#8211; H\u00f6jdjusterbar &#8211; N\u00e4tbel\u00e4ggning &#8211; Sv\u00e4ngstol Svart"},"content":{"rendered":"<p>Hitta den perfekta stolen f\u00f6r h\u00f6ga arbetsbord med TRUUSK kontorsstol. Sitsens h\u00f6jd kan justeras fr\u00e5n 68-88 cm f\u00f6r att s\u00e4kerst\u00e4lla en optimal sittst\u00e4llning och undvika kroppsstress. Komfort erbjuds av den vadderade sitsen och den h\u00f6ga ryggst\u00f6det. Den armfria designen och den roterande sitsen p\u00e5 skrivbordsstolen \u00f6kar din r\u00f6relsefrihet. Inklusive justerbart fotst\u00f6d.<\/p>\n<p>Beskrivning:<\/p>\n<ul>\n<li> Sitsens h\u00f6jd kan justeras fr\u00e5n 68-88 cm och fotringens h\u00f6jd (upp till sitsen) kan justeras fr\u00e5n 21-49 cm<\/li>\n<li> Vadderad sits f\u00f6r komfort, ryggst\u00f6d ger st\u00f6d<\/li>\n<li> Armfri design och 360\u00b0 roterande sits p\u00e5 datorstolen ger mycket frihet och r\u00f6relse<\/li>\n<li> Ryggen p\u00e5 den roterande stolen \u00e4r gjord av n\u00e4ttyg och \u00e4r andningsbar<\/li>\n<li> Maximal belastning 120 kg, montering kr\u00e4vs.<\/li>\n<\/ul>\n<p> Tekniska data:<\/p>\n<ul>\n<li> F\u00e4rg: Svart<\/li>\n<li> Material: Mesh-tyg (100% polyester), skum, nylon, st\u00e5l<\/li>\n<li> Totala dimensioner: 59B x 59T x 106-126H cm<\/li>\n<li> Sitsm\u00e5tt: 45B x 42T x 68-88H cm<\/li>\n<li> Ryggst\u00f6dets storlek: 42B x 45H cm<\/li>\n<li> Fotst\u00f6dets h\u00f6jd (upp till sitsen): 21-49 cm<\/li>\n<li> Total belastningskapacitet: 120 kg<\/li>\n<\/ul>\n<p>Leveransinneh\u00e5ll:<\/p>\n<ul>\n<li> 1 x ritstol<\/li>\n<li> 1 x handbok<\/li>\n<\/ul>\n","protected":false},"excerpt":{"rendered":"<p>Hitta den perfekta stolen f\u00f6r h\u00f6ga arbetsbord med TRUUSK kontorsstol. Sitsens h\u00f6jd kan justeras fr\u00e5n 68-88 cm f\u00f6r att s\u00e4kerst\u00e4lla&#8230;<\/p>\n","protected":false},"featured_media":81259,"template":"","meta":[],"product_brand":[],"product_cat":[872,871,516],"product_tag":[],"class_list":{"0":"post-81268","1":"product","2":"type-product","3":"status-publish","4":"has-post-thumbnail","6":"product_cat-hemmakontor-arbetsplats","7":"product_cat-hus-hem","8":"product_cat-kontorsstolar","10":"first","11":"instock","12":"sale","13":"taxable","14":"shipping-taxable","15":"purchasable","16":"product-type-simple"},"yoast_head":"<!-- This site is optimized with the Yoast SEO plugin v25.4 - https:\/\/yoast.com\/wordpress\/plugins\/seo\/ -->\n<title>TRUUSK Ergonomisk Kontorsstol - Justerbar Fotring - H\u00f6jdjusterbar - N\u00e4tbel\u00e4ggning - Sv\u00e4ngstol Svart - TRUUSK - Hem, Tr\u00e4dg\u00e5rd &amp; Fritid<\/title>\n<meta name=\"robots\" content=\"index, follow, max-snippet:-1, max-image-preview:large, max-video-preview:-1\" \/>\n<link rel=\"canonical\" href=\"https:\/\/truusk.store\/sv\/produkt\/truusk-ergonomisk-kontorsstol-justerbar-fotring-hojdjusterbar-natbelaggning-svangstol-svart\/\" \/>\n<meta property=\"og:locale\" content=\"sv_SE\" \/>\n<meta property=\"og:type\" content=\"article\" \/>\n<meta property=\"og:title\" content=\"TRUUSK Ergonomisk Kontorsstol - Justerbar Fotring - H\u00f6jdjusterbar - N\u00e4tbel\u00e4ggning - Sv\u00e4ngstol Svart - TRUUSK - Hem, Tr\u00e4dg\u00e5rd &amp; Fritid\" \/>\n<meta property=\"og:description\" content=\"Hitta den perfekta stolen f\u00f6r h\u00f6ga arbetsbord med TRUUSK kontorsstol. Sitsens h\u00f6jd kan justeras fr\u00e5n 68-88 cm f\u00f6r att s\u00e4kerst\u00e4lla...\" \/>\n<meta property=\"og:url\" content=\"https:\/\/truusk.store\/sv\/produkt\/truusk-ergonomisk-kontorsstol-justerbar-fotring-hojdjusterbar-natbelaggning-svangstol-svart\/\" \/>\n<meta property=\"og:site_name\" content=\"TRUUSK - Hem, Tr\u00e4dg\u00e5rd &amp; Fritid\" \/>\n<meta property=\"article:modified_time\" content=\"2026-03-12T07:47:01+00:00\" \/>\n<meta property=\"og:image\" content=\"https:\/\/i0.wp.com\/truusk.se\/wp-content\/uploads\/2025\/06\/kontorsstol-ergonomisk-skrivbordsstol-med-justerbar-fotring-hojdjusterbar-datorstol-med-natbelaggning-kontorsstol-svangstol-svart-1.webp?fit=2000%2C2000&ssl=1\" \/>\n\t<meta property=\"og:image:width\" content=\"2000\" \/>\n\t<meta property=\"og:image:height\" content=\"2000\" \/>\n\t<meta property=\"og:image:type\" content=\"image\/webp\" \/>\n<meta name=\"twitter:card\" content=\"summary_large_image\" \/>\n<meta name=\"twitter:label1\" content=\"Ber\u00e4knad l\u00e4stid\" \/>\n\t<meta name=\"twitter:data1\" content=\"1 minut\" \/>\n<!-- \/ Yoast SEO plugin. -->","yoast_head_json":{"title":"TRUUSK Ergonomisk Kontorsstol - Justerbar Fotring - H\u00f6jdjusterbar - N\u00e4tbel\u00e4ggning - Sv\u00e4ngstol Svart - TRUUSK - Hem, Tr\u00e4dg\u00e5rd &amp; Fritid","robots":{"index":"index","follow":"follow","max-snippet":"max-snippet:-1","max-image-preview":"max-image-preview:large","max-video-preview":"max-video-preview:-1"},"canonical":"https:\/\/truusk.store\/sv\/produkt\/truusk-ergonomisk-kontorsstol-justerbar-fotring-hojdjusterbar-natbelaggning-svangstol-svart\/","og_locale":"sv_SE","og_type":"article","og_title":"TRUUSK Ergonomisk Kontorsstol - Justerbar Fotring - H\u00f6jdjusterbar - N\u00e4tbel\u00e4ggning - Sv\u00e4ngstol Svart - TRUUSK - Hem, Tr\u00e4dg\u00e5rd &amp; Fritid","og_description":"Hitta den perfekta stolen f\u00f6r h\u00f6ga arbetsbord med TRUUSK kontorsstol. Sitsens h\u00f6jd kan justeras fr\u00e5n 68-88 cm f\u00f6r att s\u00e4kerst\u00e4lla...","og_url":"https:\/\/truusk.store\/sv\/produkt\/truusk-ergonomisk-kontorsstol-justerbar-fotring-hojdjusterbar-natbelaggning-svangstol-svart\/","og_site_name":"TRUUSK - Hem, Tr\u00e4dg\u00e5rd &amp; Fritid","article_modified_time":"2026-03-12T07:47:01+00:00","og_image":[{"width":2000,"height":2000,"url":"https:\/\/i0.wp.com\/truusk.se\/wp-content\/uploads\/2025\/06\/kontorsstol-ergonomisk-skrivbordsstol-med-justerbar-fotring-hojdjusterbar-datorstol-med-natbelaggning-kontorsstol-svangstol-svart-1.webp?fit=2000%2C2000&ssl=1","type":"image\/webp"}],"twitter_card":"summary_large_image","twitter_misc":{"Ber\u00e4knad l\u00e4stid":"1 minut"},"schema":{"@context":"https:\/\/schema.org","@graph":[{"@type":"WebPage","@id":"https:\/\/truusk.store\/sv\/produkt\/truusk-ergonomisk-kontorsstol-justerbar-fotring-hojdjusterbar-natbelaggning-svangstol-svart\/","url":"https:\/\/truusk.store\/sv\/produkt\/truusk-ergonomisk-kontorsstol-justerbar-fotring-hojdjusterbar-natbelaggning-svangstol-svart\/","name":"TRUUSK Ergonomisk Kontorsstol - Justerbar Fotring - H\u00f6jdjusterbar - N\u00e4tbel\u00e4ggning - Sv\u00e4ngstol Svart - TRUUSK - Hem, Tr\u00e4dg\u00e5rd &amp; Fritid","isPartOf":{"@id":"https:\/\/truusk.store\/sv\/#website"},"primaryImageOfPage":{"@id":"https:\/\/truusk.store\/sv\/produkt\/truusk-ergonomisk-kontorsstol-justerbar-fotring-hojdjusterbar-natbelaggning-svangstol-svart\/#primaryimage"},"image":{"@id":"https:\/\/truusk.store\/sv\/produkt\/truusk-ergonomisk-kontorsstol-justerbar-fotring-hojdjusterbar-natbelaggning-svangstol-svart\/#primaryimage"},"thumbnailUrl":"https:\/\/i0.wp.com\/truusk.store\/wp-content\/uploads\/2025\/06\/kontorsstol-ergonomisk-skrivbordsstol-med-justerbar-fotring-hojdjusterbar-datorstol-med-natbelaggning-kontorsstol-svangstol-svart-1.webp?fit=2000%2C2000&ssl=1","datePublished":"2025-06-23T12:36:42+00:00","dateModified":"2026-03-12T07:47:01+00:00","breadcrumb":{"@id":"https:\/\/truusk.store\/sv\/produkt\/truusk-ergonomisk-kontorsstol-justerbar-fotring-hojdjusterbar-natbelaggning-svangstol-svart\/#breadcrumb"},"inLanguage":"sv-SE","potentialAction":[{"@type":"ReadAction","target":["https:\/\/truusk.store\/sv\/produkt\/truusk-ergonomisk-kontorsstol-justerbar-fotring-hojdjusterbar-natbelaggning-svangstol-svart\/"]}]},{"@type":"ImageObject","inLanguage":"sv-SE","@id":"https:\/\/truusk.store\/sv\/produkt\/truusk-ergonomisk-kontorsstol-justerbar-fotring-hojdjusterbar-natbelaggning-svangstol-svart\/#primaryimage","url":"https:\/\/i0.wp.com\/truusk.store\/wp-content\/uploads\/2025\/06\/kontorsstol-ergonomisk-skrivbordsstol-med-justerbar-fotring-hojdjusterbar-datorstol-med-natbelaggning-kontorsstol-svangstol-svart-1.webp?fit=2000%2C2000&ssl=1","contentUrl":"https:\/\/i0.wp.com\/truusk.store\/wp-content\/uploads\/2025\/06\/kontorsstol-ergonomisk-skrivbordsstol-med-justerbar-fotring-hojdjusterbar-datorstol-med-natbelaggning-kontorsstol-svangstol-svart-1.webp?fit=2000%2C2000&ssl=1","width":2000,"height":2000},{"@type":"BreadcrumbList","@id":"https:\/\/truusk.store\/sv\/produkt\/truusk-ergonomisk-kontorsstol-justerbar-fotring-hojdjusterbar-natbelaggning-svangstol-svart\/#breadcrumb","itemListElement":[{"@type":"ListItem","position":1,"name":"Home","item":"https:\/\/truusk.store\/sv\/"},{"@type":"ListItem","position":2,"name":"Shop","item":"https:\/\/truusk.store\/shop\/"},{"@type":"ListItem","position":3,"name":"TRUUSK Ergonomisk Kontorsstol &#8211; Justerbar Fotring &#8211; H\u00f6jdjusterbar &#8211; N\u00e4tbel\u00e4ggning &#8211; Sv\u00e4ngstol Svart"}]},{"@type":"WebSite","@id":"https:\/\/truusk.store\/sv\/#website","url":"https:\/\/truusk.store\/sv\/","name":"TRUUSK - Hem, Tr\u00e4dg\u00e5rd & Fritid","description":"","publisher":{"@id":"https:\/\/truusk.store\/sv\/#organization"},"potentialAction":[{"@type":"SearchAction","target":{"@type":"EntryPoint","urlTemplate":"https:\/\/truusk.store\/sv\/?s={search_term_string}"},"query-input":{"@type":"PropertyValueSpecification","valueRequired":true,"valueName":"search_term_string"}}],"inLanguage":"sv-SE"},{"@type":"Organization","@id":"https:\/\/truusk.store\/sv\/#organization","name":"TRUUSK - Hem, Tr\u00e4dg\u00e5rd & Fritid","url":"https:\/\/truusk.store\/sv\/","logo":{"@type":"ImageObject","inLanguage":"sv-SE","@id":"https:\/\/truusk.store\/sv\/#\/schema\/logo\/image\/","url":"https:\/\/i0.wp.com\/truusk.store\/wp-content\/uploads\/2026\/03\/cropped-TRUUSK.png?fit=2032%2C917&ssl=1","contentUrl":"https:\/\/i0.wp.com\/truusk.store\/wp-content\/uploads\/2026\/03\/cropped-TRUUSK.png?fit=2032%2C917&ssl=1","width":2032,"height":917,"caption":"TRUUSK - Hem, Tr\u00e4dg\u00e5rd & Fritid"},"image":{"@id":"https:\/\/truusk.store\/sv\/#\/schema\/logo\/image\/"}}]}},"jetpack_sharing_enabled":true,"_links":{"self":[{"href":"https:\/\/truusk.store\/sv\/wp-json\/wp\/v2\/product\/81268","targetHints":{"allow":["GET"]}}],"collection":[{"href":"https:\/\/truusk.store\/sv\/wp-json\/wp\/v2\/product"}],"about":[{"href":"https:\/\/truusk.store\/sv\/wp-json\/wp\/v2\/types\/product"}],"wp:featuredmedia":[{"embeddable":true,"href":"https:\/\/truusk.store\/sv\/wp-json\/wp\/v2\/media\/81259"}],"wp:attachment":[{"href":"https:\/\/truusk.store\/sv\/wp-json\/wp\/v2\/media?parent=81268"}],"wp:term":[{"taxonomy":"product_brand","embeddable":true,"href":"https:\/\/truusk.store\/sv\/wp-json\/wp\/v2\/product_brand?post=81268"},{"taxonomy":"product_cat","embeddable":true,"href":"https:\/\/truusk.store\/sv\/wp-json\/wp\/v2\/product_cat?post=81268"},{"taxonomy":"product_tag","embeddable":true,"href":"https:\/\/truusk.store\/sv\/wp-json\/wp\/v2\/product_tag?post=81268"}],"curies":[{"name":"wp","href":"https:\/\/api.w.org\/{rel}","templated":true}]}}