{"id":81288,"date":"2025-06-23T13:38:50","date_gmt":"2025-06-23T12:38:50","guid":{"rendered":"https:\/\/truusk.store\/product\/kontorsstol-ergonomisk-skrivbordsstol-med-huvudstod-hojdjusterbar-datorstol-med-linneutseende-svangstol-for-hemmakontor-beige\/"},"modified":"2026-03-12T08:47:02","modified_gmt":"2026-03-12T07:47:02","slug":"truusk-kontorsstol-med-ergonomisk-design-justerbar-hojd-och-huvudstod-svangstol-i-linneutseende-for-hemmakontor-beige","status":"publish","type":"product","link":"https:\/\/truusk.store\/sv\/produkt\/truusk-kontorsstol-med-ergonomisk-design-justerbar-hojd-och-huvudstod-svangstol-i-linneutseende-for-hemmakontor-beige\/","title":{"rendered":"TRUUSK Kontorsstol med Ergonomisk Design &#8211; Justerbar H\u00f6jd och Huvudst\u00f6d &#8211; Sv\u00e4ngstol i Linneutseende &#8211; F\u00f6r Hemmakontor &#8211; Beige"},"content":{"rendered":"<p>Den h\u00e4r moderna kontorsstolen fr\u00e5n TRUUSK \u00e4r inte bara bekv\u00e4m, utan ocks\u00e5 praktisk. Tack vare dess h\u00f6ga ryggst\u00f6d kan du sitta l\u00e4nge och bekv\u00e4mt. Den inbyggda gungfunktionen g\u00f6r att du kan ta en liten paus n\u00e4r som helst. Sitt h\u00f6jden kan justeras individuellt efter dina behov och de 5 plasthjulen g\u00f6r det enkelt att glida fram och tillbaka. Denna kontorsstol fr\u00e5n TRUUSK erbjuder perfekt sittkomfort.<\/p>\n<p>Beskrivning:<\/p>\n<ul>\n<li> Modern design<\/li>\n<li> Andningsbart tyg i linneutseende<\/li>\n<li> En robust st\u00e5lfot f\u00f6r mycket stabilitet<\/li>\n<li> Sitsen \u00e4r h\u00f6j- och s\u00e4nkbar<\/li>\n<li> Inbyggd gungfunktion f\u00f6r sm\u00e5 pauser<\/li>\n<li> Ett h\u00f6gt ryggst\u00f6d f\u00f6r en avslappnad sittst\u00e4llning<\/li>\n<li> Stolen kan rotera 360\u00b0<\/li>\n<li> 5 PU-hjul f\u00f6r \u00f6kad r\u00f6rlighet<\/li>\n<li> High-end gaslift och hjul f\u00f6r en mjuk och tyst drift<\/li>\n<li> Montering kr\u00e4vs<\/li>\n<\/ul>\n<p> Tekniska data:<\/p>\n<ul>\n<li> F\u00e4rg: Beige<\/li>\n<li> Material: Linneimitation (100% polyester), skum, st\u00e5l<\/li>\n<li> Totala m\u00e5tt: 62B x 76D x 110-119H cm<\/li>\n<li> Sitsstorlek: 50B x 53D cm<\/li>\n<li> Sitt h\u00f6jd: 46-55 cm<\/li>\n<li> Ryggst\u00f6dets storlek: 48B x 69H cm (upp till s\u00e4tet)<\/li>\n<li> Armst\u00f6dets h\u00f6jd: 67-76 cm<\/li>\n<li> Maximal belastningskapacitet: 120 kg<\/li>\n<\/ul>\n<p>Leverans inneh\u00e5ller:<\/p>\n<ul>\n<li> 1 x Kontorsstol<\/li>\n<li> 1 x Installationsmanual<\/li>\n<\/ul>\n","protected":false},"excerpt":{"rendered":"<p>Den h\u00e4r moderna kontorsstolen fr\u00e5n TRUUSK \u00e4r inte bara bekv\u00e4m, utan ocks\u00e5 praktisk. Tack vare dess h\u00f6ga ryggst\u00f6d kan du&#8230;<\/p>\n","protected":false},"featured_media":81279,"template":"","meta":[],"product_brand":[],"product_cat":[872,871,516],"product_tag":[],"class_list":{"0":"post-81288","1":"product","2":"type-product","3":"status-publish","4":"has-post-thumbnail","6":"product_cat-hemmakontor-arbetsplats","7":"product_cat-hus-hem","8":"product_cat-kontorsstolar","10":"first","11":"instock","12":"sale","13":"taxable","14":"shipping-taxable","15":"purchasable","16":"product-type-simple"},"yoast_head":"<!-- This site is optimized with the Yoast SEO plugin v25.4 - https:\/\/yoast.com\/wordpress\/plugins\/seo\/ -->\n<title>TRUUSK Kontorsstol med Ergonomisk Design - Justerbar H\u00f6jd och Huvudst\u00f6d - Sv\u00e4ngstol i Linneutseende - F\u00f6r Hemmakontor - Beige - TRUUSK - Hem, Tr\u00e4dg\u00e5rd &amp; Fritid<\/title>\n<meta name=\"robots\" content=\"index, follow, max-snippet:-1, max-image-preview:large, max-video-preview:-1\" \/>\n<link rel=\"canonical\" href=\"https:\/\/truusk.store\/sv\/produkt\/truusk-kontorsstol-med-ergonomisk-design-justerbar-hojd-och-huvudstod-svangstol-i-linneutseende-for-hemmakontor-beige\/\" \/>\n<meta property=\"og:locale\" content=\"sv_SE\" \/>\n<meta property=\"og:type\" content=\"article\" \/>\n<meta property=\"og:title\" content=\"TRUUSK Kontorsstol med Ergonomisk Design - Justerbar H\u00f6jd och Huvudst\u00f6d - Sv\u00e4ngstol i Linneutseende - F\u00f6r Hemmakontor - Beige - TRUUSK - Hem, Tr\u00e4dg\u00e5rd &amp; Fritid\" \/>\n<meta property=\"og:description\" content=\"Den h\u00e4r moderna kontorsstolen fr\u00e5n TRUUSK \u00e4r inte bara bekv\u00e4m, utan ocks\u00e5 praktisk. Tack vare dess h\u00f6ga ryggst\u00f6d kan du...\" \/>\n<meta property=\"og:url\" content=\"https:\/\/truusk.store\/sv\/produkt\/truusk-kontorsstol-med-ergonomisk-design-justerbar-hojd-och-huvudstod-svangstol-i-linneutseende-for-hemmakontor-beige\/\" \/>\n<meta property=\"og:site_name\" content=\"TRUUSK - Hem, Tr\u00e4dg\u00e5rd &amp; Fritid\" \/>\n<meta property=\"article:modified_time\" content=\"2026-03-12T07:47:02+00:00\" \/>\n<meta property=\"og:image\" content=\"https:\/\/i0.wp.com\/truusk.se\/wp-content\/uploads\/2025\/06\/kontorsstol-ergonomisk-skrivbordsstol-med-huvudstod-hojdjusterbar-datorstol-med-linneutseende-svangstol-for-hemmakontor-beige-1.webp?fit=2000%2C2000&ssl=1\" \/>\n\t<meta property=\"og:image:width\" content=\"2000\" \/>\n\t<meta property=\"og:image:height\" content=\"2000\" \/>\n\t<meta property=\"og:image:type\" content=\"image\/webp\" \/>\n<meta name=\"twitter:card\" content=\"summary_large_image\" \/>\n<meta name=\"twitter:label1\" content=\"Ber\u00e4knad l\u00e4stid\" \/>\n\t<meta name=\"twitter:data1\" content=\"1 minut\" \/>\n<!-- \/ Yoast SEO plugin. -->","yoast_head_json":{"title":"TRUUSK Kontorsstol med Ergonomisk Design - Justerbar H\u00f6jd och Huvudst\u00f6d - Sv\u00e4ngstol i Linneutseende - F\u00f6r Hemmakontor - Beige - TRUUSK - Hem, Tr\u00e4dg\u00e5rd &amp; Fritid","robots":{"index":"index","follow":"follow","max-snippet":"max-snippet:-1","max-image-preview":"max-image-preview:large","max-video-preview":"max-video-preview:-1"},"canonical":"https:\/\/truusk.store\/sv\/produkt\/truusk-kontorsstol-med-ergonomisk-design-justerbar-hojd-och-huvudstod-svangstol-i-linneutseende-for-hemmakontor-beige\/","og_locale":"sv_SE","og_type":"article","og_title":"TRUUSK Kontorsstol med Ergonomisk Design - Justerbar H\u00f6jd och Huvudst\u00f6d - Sv\u00e4ngstol i Linneutseende - F\u00f6r Hemmakontor - Beige - TRUUSK - Hem, Tr\u00e4dg\u00e5rd &amp; Fritid","og_description":"Den h\u00e4r moderna kontorsstolen fr\u00e5n TRUUSK \u00e4r inte bara bekv\u00e4m, utan ocks\u00e5 praktisk. Tack vare dess h\u00f6ga ryggst\u00f6d kan du...","og_url":"https:\/\/truusk.store\/sv\/produkt\/truusk-kontorsstol-med-ergonomisk-design-justerbar-hojd-och-huvudstod-svangstol-i-linneutseende-for-hemmakontor-beige\/","og_site_name":"TRUUSK - Hem, Tr\u00e4dg\u00e5rd &amp; Fritid","article_modified_time":"2026-03-12T07:47:02+00:00","og_image":[{"width":2000,"height":2000,"url":"https:\/\/i0.wp.com\/truusk.se\/wp-content\/uploads\/2025\/06\/kontorsstol-ergonomisk-skrivbordsstol-med-huvudstod-hojdjusterbar-datorstol-med-linneutseende-svangstol-for-hemmakontor-beige-1.webp?fit=2000%2C2000&ssl=1","type":"image\/webp"}],"twitter_card":"summary_large_image","twitter_misc":{"Ber\u00e4knad l\u00e4stid":"1 minut"},"schema":{"@context":"https:\/\/schema.org","@graph":[{"@type":"WebPage","@id":"https:\/\/truusk.store\/sv\/produkt\/truusk-kontorsstol-med-ergonomisk-design-justerbar-hojd-och-huvudstod-svangstol-i-linneutseende-for-hemmakontor-beige\/","url":"https:\/\/truusk.store\/sv\/produkt\/truusk-kontorsstol-med-ergonomisk-design-justerbar-hojd-och-huvudstod-svangstol-i-linneutseende-for-hemmakontor-beige\/","name":"TRUUSK Kontorsstol med Ergonomisk Design - Justerbar H\u00f6jd och Huvudst\u00f6d - Sv\u00e4ngstol i Linneutseende - F\u00f6r Hemmakontor - Beige - TRUUSK - Hem, Tr\u00e4dg\u00e5rd &amp; Fritid","isPartOf":{"@id":"https:\/\/truusk.store\/sv\/#website"},"primaryImageOfPage":{"@id":"https:\/\/truusk.store\/sv\/produkt\/truusk-kontorsstol-med-ergonomisk-design-justerbar-hojd-och-huvudstod-svangstol-i-linneutseende-for-hemmakontor-beige\/#primaryimage"},"image":{"@id":"https:\/\/truusk.store\/sv\/produkt\/truusk-kontorsstol-med-ergonomisk-design-justerbar-hojd-och-huvudstod-svangstol-i-linneutseende-for-hemmakontor-beige\/#primaryimage"},"thumbnailUrl":"https:\/\/i0.wp.com\/truusk.store\/wp-content\/uploads\/2025\/06\/kontorsstol-ergonomisk-skrivbordsstol-med-huvudstod-hojdjusterbar-datorstol-med-linneutseende-svangstol-for-hemmakontor-beige-1.webp?fit=2000%2C2000&ssl=1","datePublished":"2025-06-23T12:38:50+00:00","dateModified":"2026-03-12T07:47:02+00:00","breadcrumb":{"@id":"https:\/\/truusk.store\/sv\/produkt\/truusk-kontorsstol-med-ergonomisk-design-justerbar-hojd-och-huvudstod-svangstol-i-linneutseende-for-hemmakontor-beige\/#breadcrumb"},"inLanguage":"sv-SE","potentialAction":[{"@type":"ReadAction","target":["https:\/\/truusk.store\/sv\/produkt\/truusk-kontorsstol-med-ergonomisk-design-justerbar-hojd-och-huvudstod-svangstol-i-linneutseende-for-hemmakontor-beige\/"]}]},{"@type":"ImageObject","inLanguage":"sv-SE","@id":"https:\/\/truusk.store\/sv\/produkt\/truusk-kontorsstol-med-ergonomisk-design-justerbar-hojd-och-huvudstod-svangstol-i-linneutseende-for-hemmakontor-beige\/#primaryimage","url":"https:\/\/i0.wp.com\/truusk.store\/wp-content\/uploads\/2025\/06\/kontorsstol-ergonomisk-skrivbordsstol-med-huvudstod-hojdjusterbar-datorstol-med-linneutseende-svangstol-for-hemmakontor-beige-1.webp?fit=2000%2C2000&ssl=1","contentUrl":"https:\/\/i0.wp.com\/truusk.store\/wp-content\/uploads\/2025\/06\/kontorsstol-ergonomisk-skrivbordsstol-med-huvudstod-hojdjusterbar-datorstol-med-linneutseende-svangstol-for-hemmakontor-beige-1.webp?fit=2000%2C2000&ssl=1","width":2000,"height":2000},{"@type":"BreadcrumbList","@id":"https:\/\/truusk.store\/sv\/produkt\/truusk-kontorsstol-med-ergonomisk-design-justerbar-hojd-och-huvudstod-svangstol-i-linneutseende-for-hemmakontor-beige\/#breadcrumb","itemListElement":[{"@type":"ListItem","position":1,"name":"Home","item":"https:\/\/truusk.store\/sv\/"},{"@type":"ListItem","position":2,"name":"Shop","item":"https:\/\/truusk.store\/shop\/"},{"@type":"ListItem","position":3,"name":"TRUUSK Kontorsstol med Ergonomisk Design &#8211; Justerbar H\u00f6jd och Huvudst\u00f6d &#8211; Sv\u00e4ngstol i Linneutseende &#8211; F\u00f6r Hemmakontor &#8211; Beige"}]},{"@type":"WebSite","@id":"https:\/\/truusk.store\/sv\/#website","url":"https:\/\/truusk.store\/sv\/","name":"TRUUSK - Hem, Tr\u00e4dg\u00e5rd & Fritid","description":"","publisher":{"@id":"https:\/\/truusk.store\/sv\/#organization"},"potentialAction":[{"@type":"SearchAction","target":{"@type":"EntryPoint","urlTemplate":"https:\/\/truusk.store\/sv\/?s={search_term_string}"},"query-input":{"@type":"PropertyValueSpecification","valueRequired":true,"valueName":"search_term_string"}}],"inLanguage":"sv-SE"},{"@type":"Organization","@id":"https:\/\/truusk.store\/sv\/#organization","name":"TRUUSK - Hem, Tr\u00e4dg\u00e5rd & Fritid","url":"https:\/\/truusk.store\/sv\/","logo":{"@type":"ImageObject","inLanguage":"sv-SE","@id":"https:\/\/truusk.store\/sv\/#\/schema\/logo\/image\/","url":"https:\/\/i0.wp.com\/truusk.store\/wp-content\/uploads\/2026\/03\/cropped-TRUUSK.png?fit=2032%2C917&ssl=1","contentUrl":"https:\/\/i0.wp.com\/truusk.store\/wp-content\/uploads\/2026\/03\/cropped-TRUUSK.png?fit=2032%2C917&ssl=1","width":2032,"height":917,"caption":"TRUUSK - Hem, Tr\u00e4dg\u00e5rd & Fritid"},"image":{"@id":"https:\/\/truusk.store\/sv\/#\/schema\/logo\/image\/"}}]}},"jetpack_sharing_enabled":true,"_links":{"self":[{"href":"https:\/\/truusk.store\/sv\/wp-json\/wp\/v2\/product\/81288","targetHints":{"allow":["GET"]}}],"collection":[{"href":"https:\/\/truusk.store\/sv\/wp-json\/wp\/v2\/product"}],"about":[{"href":"https:\/\/truusk.store\/sv\/wp-json\/wp\/v2\/types\/product"}],"wp:featuredmedia":[{"embeddable":true,"href":"https:\/\/truusk.store\/sv\/wp-json\/wp\/v2\/media\/81279"}],"wp:attachment":[{"href":"https:\/\/truusk.store\/sv\/wp-json\/wp\/v2\/media?parent=81288"}],"wp:term":[{"taxonomy":"product_brand","embeddable":true,"href":"https:\/\/truusk.store\/sv\/wp-json\/wp\/v2\/product_brand?post=81288"},{"taxonomy":"product_cat","embeddable":true,"href":"https:\/\/truusk.store\/sv\/wp-json\/wp\/v2\/product_cat?post=81288"},{"taxonomy":"product_tag","embeddable":true,"href":"https:\/\/truusk.store\/sv\/wp-json\/wp\/v2\/product_tag?post=81288"}],"curies":[{"name":"wp","href":"https:\/\/api.w.org\/{rel}","templated":true}]}}