{"id":8132,"date":"2024-02-13T09:10:08","date_gmt":"2024-02-13T08:10:08","guid":{"rendered":"https:\/\/truusk.store\/product\/baddsoffa-baddsoffa-enkelsoffa-tvattbart-overdrag-2-sidfickor-kudde-metallgra-70-x-76-x-77-cm\/"},"modified":"2026-03-12T08:55:44","modified_gmt":"2026-03-12T07:55:44","slug":"truusk-hundsoffa-i-metallgratt-tvattbart-overdrag-2-sidfickor-kudde-70-x-76-x-77-cm","status":"publish","type":"product","link":"https:\/\/truusk.store\/sv\/produkt\/truusk-hundsoffa-i-metallgratt-tvattbart-overdrag-2-sidfickor-kudde-70-x-76-x-77-cm\/","title":{"rendered":"TRUUSK Hundsoffa i Metallgr\u00e5tt &#8211; Tv\u00e4ttbart \u00f6verdrag &#8211; 2 Sidfickor &#8211; Kudde &#8211; 70 x 76 x 77 cm"},"content":{"rendered":"<p>Mysig som en f\u00e5t\u00f6lj, superbekv\u00e4m som en s\u00e4ng: sovstolen \u00e4r en vacker och platsbesparande detalj f\u00f6r vardagsrummet, arbetsrummet eller barnrummet. Omvandlingen fr\u00e5n en sits till en s\u00e4ng \u00e4r enkel och tar bara n\u00e5gra f\u00e5 steg. Det finns tv\u00e5 fickor p\u00e5 utsidan av armst\u00f6den, till exempel f\u00f6r l\u00e4smaterial. Sovstolen \u00e4r baserad p\u00e5 en robust metallram. Vadderingen \u00e4r gjord av tjockt skum och det avtagbara och tv\u00e4ttbara \u00f6verdraget \u00e4r gjord av mockaimitation. Ryggkudden kan \u00e4ven anv\u00e4ndas som kudde. B\u00e4ddsoffan \u00e4r en allround som \u00e4ven din \u00f6vernattande bes\u00f6kare blir glad \u00f6ver.<\/p>\n<h3>Beskrivning:<\/h3>\n<ul>\n<li>Konvertering fr\u00e5n f\u00e5t\u00f6lj till s\u00e4ng p\u00e5 n\u00e5gra sekunder<\/li>\n<li>Slitstark metallram<\/li>\n<li>Vadderad med 15 cm tjockt skum<\/li>\n<li>Med 1 kudde f\u00f6r extra komfort<\/li>\n<li>Polyester (mockaimitation) \u00f6verdrag \u00e4r avtagbart och tv\u00e4ttbart<\/li>\n<li>B\u00e5da armst\u00f6den med ytterfickor<\/li>\n<li>Platsbesparande, l\u00e4tt och l\u00e4tt att transportera<\/li>\n<li>Passar till exempel f\u00f6r vardagsrum, arbetsrum, sovrum, barnrum<\/li>\n<\/ul>\n<h3>Teknisk data:<\/h3>\n<ul>\n<li>Material: Mockaimitation (100% polyester), metallram, skum<\/li>\n<li>F\u00e4rg gr\u00e5<\/li>\n<li>Soffa: B70 x D76 x H77 cm<\/li>\n<li>S\u00e4ngstorlek: L182 x B65 x H13 cm<\/li>\n<li>Kuddens m\u00e5tt: L60 x B35 x H17 cm<\/li>\n<li>Armst\u00f6dsstorlek: B70 x H56 cm<\/li>\n<li>Fickor: L25 x B25 cm<\/li>\n<li>Vikt: 18 kg<\/li>\n<li>Max lastkapacitet: 150 kg<\/li>\n<\/ul>\n<h3>Leveransens omfattning:<\/h3>\n<ul>\n<li>1 x Sovstol<\/li>\n<li>1 x bruksanvisning<\/li>\n<\/ul>\n","protected":false},"excerpt":{"rendered":"<p>Mysig som en f\u00e5t\u00f6lj, superbekv\u00e4m som en s\u00e4ng: sovstolen \u00e4r en vacker och platsbesparande detalj f\u00f6r vardagsrummet, arbetsrummet eller barnrummet&#8230;.<\/p>\n","protected":false},"featured_media":8133,"template":"","meta":[],"product_brand":[],"product_cat":[521,485,525],"product_tag":[],"class_list":{"0":"post-8132","1":"product","2":"type-product","3":"status-publish","4":"has-post-thumbnail","6":"product_cat-fatolj","7":"product_cat-hus-bo","8":"product_cat-sovstol","10":"first","11":"instock","12":"sale","13":"taxable","14":"shipping-taxable","15":"purchasable","16":"product-type-simple"},"yoast_head":"<!-- This site is optimized with the Yoast SEO plugin v25.4 - https:\/\/yoast.com\/wordpress\/plugins\/seo\/ -->\n<title>TRUUSK Hundsoffa i Metallgr\u00e5tt - Tv\u00e4ttbart \u00f6verdrag - 2 Sidfickor - Kudde - 70 x 76 x 77 cm - TRUUSK - Hem, Tr\u00e4dg\u00e5rd &amp; Fritid<\/title>\n<meta name=\"robots\" content=\"index, follow, max-snippet:-1, max-image-preview:large, max-video-preview:-1\" \/>\n<link rel=\"canonical\" href=\"https:\/\/truusk.store\/sv\/produkt\/truusk-hundsoffa-i-metallgratt-tvattbart-overdrag-2-sidfickor-kudde-70-x-76-x-77-cm\/\" \/>\n<meta property=\"og:locale\" content=\"sv_SE\" \/>\n<meta property=\"og:type\" content=\"article\" \/>\n<meta property=\"og:title\" content=\"TRUUSK Hundsoffa i Metallgr\u00e5tt - Tv\u00e4ttbart \u00f6verdrag - 2 Sidfickor - Kudde - 70 x 76 x 77 cm - TRUUSK - Hem, Tr\u00e4dg\u00e5rd &amp; Fritid\" \/>\n<meta property=\"og:description\" content=\"Mysig som en f\u00e5t\u00f6lj, superbekv\u00e4m som en s\u00e4ng: sovstolen \u00e4r en vacker och platsbesparande detalj f\u00f6r vardagsrummet, arbetsrummet eller barnrummet....\" \/>\n<meta property=\"og:url\" content=\"https:\/\/truusk.store\/sv\/produkt\/truusk-hundsoffa-i-metallgratt-tvattbart-overdrag-2-sidfickor-kudde-70-x-76-x-77-cm\/\" \/>\n<meta property=\"og:site_name\" content=\"TRUUSK - Hem, Tr\u00e4dg\u00e5rd &amp; Fritid\" \/>\n<meta property=\"article:modified_time\" content=\"2026-03-12T07:55:44+00:00\" \/>\n<meta property=\"og:image\" content=\"https:\/\/i0.wp.com\/truusk.se\/wp-content\/uploads\/2024\/02\/baddsoffa-baddsoffa-enkelsoffa-tvattbart-overdrag-2-sidfickor-kudde-metallgra-70-x-76-x-77-cm.webp?fit=800%2C800&ssl=1\" \/>\n\t<meta property=\"og:image:width\" content=\"800\" \/>\n\t<meta property=\"og:image:height\" content=\"800\" \/>\n\t<meta property=\"og:image:type\" content=\"image\/webp\" \/>\n<meta name=\"twitter:card\" content=\"summary_large_image\" \/>\n<meta name=\"twitter:label1\" content=\"Ber\u00e4knad l\u00e4stid\" \/>\n\t<meta name=\"twitter:data1\" content=\"1 minut\" \/>\n<!-- \/ Yoast SEO plugin. -->","yoast_head_json":{"title":"TRUUSK Hundsoffa i Metallgr\u00e5tt - Tv\u00e4ttbart \u00f6verdrag - 2 Sidfickor - Kudde - 70 x 76 x 77 cm - TRUUSK - Hem, Tr\u00e4dg\u00e5rd &amp; Fritid","robots":{"index":"index","follow":"follow","max-snippet":"max-snippet:-1","max-image-preview":"max-image-preview:large","max-video-preview":"max-video-preview:-1"},"canonical":"https:\/\/truusk.store\/sv\/produkt\/truusk-hundsoffa-i-metallgratt-tvattbart-overdrag-2-sidfickor-kudde-70-x-76-x-77-cm\/","og_locale":"sv_SE","og_type":"article","og_title":"TRUUSK Hundsoffa i Metallgr\u00e5tt - Tv\u00e4ttbart \u00f6verdrag - 2 Sidfickor - Kudde - 70 x 76 x 77 cm - TRUUSK - Hem, Tr\u00e4dg\u00e5rd &amp; Fritid","og_description":"Mysig som en f\u00e5t\u00f6lj, superbekv\u00e4m som en s\u00e4ng: sovstolen \u00e4r en vacker och platsbesparande detalj f\u00f6r vardagsrummet, arbetsrummet eller barnrummet....","og_url":"https:\/\/truusk.store\/sv\/produkt\/truusk-hundsoffa-i-metallgratt-tvattbart-overdrag-2-sidfickor-kudde-70-x-76-x-77-cm\/","og_site_name":"TRUUSK - Hem, Tr\u00e4dg\u00e5rd &amp; Fritid","article_modified_time":"2026-03-12T07:55:44+00:00","og_image":[{"width":800,"height":800,"url":"https:\/\/i0.wp.com\/truusk.se\/wp-content\/uploads\/2024\/02\/baddsoffa-baddsoffa-enkelsoffa-tvattbart-overdrag-2-sidfickor-kudde-metallgra-70-x-76-x-77-cm.webp?fit=800%2C800&ssl=1","type":"image\/webp"}],"twitter_card":"summary_large_image","twitter_misc":{"Ber\u00e4knad l\u00e4stid":"1 minut"},"schema":{"@context":"https:\/\/schema.org","@graph":[{"@type":"WebPage","@id":"https:\/\/truusk.store\/sv\/produkt\/truusk-hundsoffa-i-metallgratt-tvattbart-overdrag-2-sidfickor-kudde-70-x-76-x-77-cm\/","url":"https:\/\/truusk.store\/sv\/produkt\/truusk-hundsoffa-i-metallgratt-tvattbart-overdrag-2-sidfickor-kudde-70-x-76-x-77-cm\/","name":"TRUUSK Hundsoffa i Metallgr\u00e5tt - Tv\u00e4ttbart \u00f6verdrag - 2 Sidfickor - Kudde - 70 x 76 x 77 cm - TRUUSK - Hem, Tr\u00e4dg\u00e5rd &amp; Fritid","isPartOf":{"@id":"https:\/\/truusk.store\/sv\/#website"},"primaryImageOfPage":{"@id":"https:\/\/truusk.store\/sv\/produkt\/truusk-hundsoffa-i-metallgratt-tvattbart-overdrag-2-sidfickor-kudde-70-x-76-x-77-cm\/#primaryimage"},"image":{"@id":"https:\/\/truusk.store\/sv\/produkt\/truusk-hundsoffa-i-metallgratt-tvattbart-overdrag-2-sidfickor-kudde-70-x-76-x-77-cm\/#primaryimage"},"thumbnailUrl":"https:\/\/i0.wp.com\/truusk.store\/wp-content\/uploads\/2024\/02\/baddsoffa-baddsoffa-enkelsoffa-tvattbart-overdrag-2-sidfickor-kudde-metallgra-70-x-76-x-77-cm.webp?fit=800%2C800&ssl=1","datePublished":"2024-02-13T08:10:08+00:00","dateModified":"2026-03-12T07:55:44+00:00","breadcrumb":{"@id":"https:\/\/truusk.store\/sv\/produkt\/truusk-hundsoffa-i-metallgratt-tvattbart-overdrag-2-sidfickor-kudde-70-x-76-x-77-cm\/#breadcrumb"},"inLanguage":"sv-SE","potentialAction":[{"@type":"ReadAction","target":["https:\/\/truusk.store\/sv\/produkt\/truusk-hundsoffa-i-metallgratt-tvattbart-overdrag-2-sidfickor-kudde-70-x-76-x-77-cm\/"]}]},{"@type":"ImageObject","inLanguage":"sv-SE","@id":"https:\/\/truusk.store\/sv\/produkt\/truusk-hundsoffa-i-metallgratt-tvattbart-overdrag-2-sidfickor-kudde-70-x-76-x-77-cm\/#primaryimage","url":"https:\/\/i0.wp.com\/truusk.store\/wp-content\/uploads\/2024\/02\/baddsoffa-baddsoffa-enkelsoffa-tvattbart-overdrag-2-sidfickor-kudde-metallgra-70-x-76-x-77-cm.webp?fit=800%2C800&ssl=1","contentUrl":"https:\/\/i0.wp.com\/truusk.store\/wp-content\/uploads\/2024\/02\/baddsoffa-baddsoffa-enkelsoffa-tvattbart-overdrag-2-sidfickor-kudde-metallgra-70-x-76-x-77-cm.webp?fit=800%2C800&ssl=1","width":800,"height":800,"caption":"B\u00e4ddsoffa B\u00e4ddsoffa Enkelsoffa Tv\u00e4ttbart \u00f6verdrag 2 Sidfickor Kudde Metallgr\u00e5 70 X 76 X 77 Cm 1"},{"@type":"BreadcrumbList","@id":"https:\/\/truusk.store\/sv\/produkt\/truusk-hundsoffa-i-metallgratt-tvattbart-overdrag-2-sidfickor-kudde-70-x-76-x-77-cm\/#breadcrumb","itemListElement":[{"@type":"ListItem","position":1,"name":"Home","item":"https:\/\/truusk.store\/sv\/"},{"@type":"ListItem","position":2,"name":"Shop","item":"https:\/\/truusk.store\/shop\/"},{"@type":"ListItem","position":3,"name":"TRUUSK Hundsoffa i Metallgr\u00e5tt &#8211; Tv\u00e4ttbart \u00f6verdrag &#8211; 2 Sidfickor &#8211; Kudde &#8211; 70 x 76 x 77 cm"}]},{"@type":"WebSite","@id":"https:\/\/truusk.store\/sv\/#website","url":"https:\/\/truusk.store\/sv\/","name":"TRUUSK - Hem, Tr\u00e4dg\u00e5rd & Fritid","description":"","publisher":{"@id":"https:\/\/truusk.store\/sv\/#organization"},"potentialAction":[{"@type":"SearchAction","target":{"@type":"EntryPoint","urlTemplate":"https:\/\/truusk.store\/sv\/?s={search_term_string}"},"query-input":{"@type":"PropertyValueSpecification","valueRequired":true,"valueName":"search_term_string"}}],"inLanguage":"sv-SE"},{"@type":"Organization","@id":"https:\/\/truusk.store\/sv\/#organization","name":"TRUUSK - Hem, Tr\u00e4dg\u00e5rd & Fritid","url":"https:\/\/truusk.store\/sv\/","logo":{"@type":"ImageObject","inLanguage":"sv-SE","@id":"https:\/\/truusk.store\/sv\/#\/schema\/logo\/image\/","url":"https:\/\/i0.wp.com\/truusk.store\/wp-content\/uploads\/2026\/03\/cropped-TRUUSK.png?fit=2032%2C917&ssl=1","contentUrl":"https:\/\/i0.wp.com\/truusk.store\/wp-content\/uploads\/2026\/03\/cropped-TRUUSK.png?fit=2032%2C917&ssl=1","width":2032,"height":917,"caption":"TRUUSK - Hem, Tr\u00e4dg\u00e5rd & Fritid"},"image":{"@id":"https:\/\/truusk.store\/sv\/#\/schema\/logo\/image\/"}}]}},"jetpack_sharing_enabled":true,"_links":{"self":[{"href":"https:\/\/truusk.store\/sv\/wp-json\/wp\/v2\/product\/8132","targetHints":{"allow":["GET"]}}],"collection":[{"href":"https:\/\/truusk.store\/sv\/wp-json\/wp\/v2\/product"}],"about":[{"href":"https:\/\/truusk.store\/sv\/wp-json\/wp\/v2\/types\/product"}],"wp:featuredmedia":[{"embeddable":true,"href":"https:\/\/truusk.store\/sv\/wp-json\/wp\/v2\/media\/8133"}],"wp:attachment":[{"href":"https:\/\/truusk.store\/sv\/wp-json\/wp\/v2\/media?parent=8132"}],"wp:term":[{"taxonomy":"product_brand","embeddable":true,"href":"https:\/\/truusk.store\/sv\/wp-json\/wp\/v2\/product_brand?post=8132"},{"taxonomy":"product_cat","embeddable":true,"href":"https:\/\/truusk.store\/sv\/wp-json\/wp\/v2\/product_cat?post=8132"},{"taxonomy":"product_tag","embeddable":true,"href":"https:\/\/truusk.store\/sv\/wp-json\/wp\/v2\/product_tag?post=8132"}],"curies":[{"name":"wp","href":"https:\/\/api.w.org\/{rel}","templated":true}]}}