{"id":81345,"date":"2025-06-23T20:10:57","date_gmt":"2025-06-23T19:10:57","guid":{"rendered":"https:\/\/truusk.store\/product\/avslappningsstol-massagesstol-med-pall-och-forvaringsutrymme-tv-stol-med-liggfunktion-360-roterbar-med-sidoficka-konstlader-80-x-86-x-99cm-kramvit\/"},"modified":"2026-03-12T09:41:37","modified_gmt":"2026-03-12T08:41:37","slug":"truusk-avslappningsstol-massagesstol-med-pall-forvaringsutrymme-liggfunktion-360-roterbar-sidoficka-konstlader","status":"publish","type":"product","link":"https:\/\/truusk.store\/sv\/produkt\/truusk-avslappningsstol-massagesstol-med-pall-forvaringsutrymme-liggfunktion-360-roterbar-sidoficka-konstlader\/","title":{"rendered":"TRUUSK Avslappningsstol Massagesstol med Pall &#8211; F\u00f6rvaringsutrymme &#8211; Liggfunktion &#8211; 360\u00b0 Roterbar &#8211; Sidoficka &#8211; Konstl\u00e4der &#8211;"},"content":{"rendered":"<p>Den h\u00e4r massagestolen fr\u00e5n TRUUSK \u00e4r inte bara en visuell h\u00f6jdpunkt, utan \u00f6vertygar ocks\u00e5 med sin integrerade massagefunktion. Njut av en avkopplande massage och berika dina avkopplande pauser. En justerbar ryggst\u00f6d och en fotpall p\u00e5 massagestolen ger extra komfort. Kl\u00e4dseln p\u00e5 relaxstolen i polyester med linneutseende ger stolen ett elegant utseende. S\u00e4rskilt praktiskt: fotpallen har ett f\u00f6rvaringsutrymme inuti.<\/p>\n<p>Beskrivning:<\/p>\n<ul>\n<li> 10-punktsmassage med 5 l\u00e4gen (puls, tryck, v\u00e5g, auto, normal) eller individuella inst\u00e4llningsm\u00f6jligheter<\/li>\n<li> 2 intensitetsniv\u00e5er i massagestolen<\/li>\n<li> Lutningsvinkel p\u00e5 relaxstolen upp till 145\u00b0<\/li>\n<li> Fotpall med f\u00f6rvaringsutrymme<\/li>\n<li> Stabil tr\u00e4ram under massagestolen<\/li>\n<li> Mjuk stoppning av h\u00f6gdensitetsskum<\/li>\n<li> Enkel montering<\/li>\n<li> Obs: Massagestolen har en mikrol\u00e5sfunktion (ryggst\u00f6det kan inte l\u00e5sas helt)<\/li>\n<\/ul>\n<p>Tekniska data:<\/p>\n<ul>\n<li> Material: Polyester, skum, tr\u00e4<\/li>\n<li> F\u00e4rg: Kr\u00e4mvit<\/li>\n<li> Totala m\u00e5tt p\u00e5 stolen: 80L x 86B x 99H cm (i sittl\u00e4ge), 80L x 118B x 83H cm (i liggande l\u00e4ge)<\/li>\n<li> Sittm\u00e5tt: 50B x 52T cm<\/li>\n<li> Sitth\u00f6jd: 43 cm<\/li>\n<li> Armst\u00f6dsh\u00f6jd: 56 cm<\/li>\n<li> Lutningsvinkel: 145\u00b0<\/li>\n<li> M\u00e5tt p\u00e5 fotpallen: 47L x 42B x 45H cm<\/li>\n<li> Utg\u00e5ngssp\u00e4nning DC: 12V<\/li>\n<li> Maximal belastningskapacitet: 120 kg (stol), 100 kg (fotpall)<\/li>\n<\/ul>\n<p>Leveransinneh\u00e5ll:<\/p>\n<ul>\n<li> 1 x Massagestol<\/li>\n<li> 1 x Pall<\/li>\n<li> 1 x Fj\u00e4rrkontroll<\/li>\n<li> 1 x Monteringsanvisning<\/li>\n<\/ul>\n","protected":false},"excerpt":{"rendered":"<p>Den h\u00e4r massagestolen fr\u00e5n TRUUSK \u00e4r inte bara en visuell h\u00f6jdpunkt, utan \u00f6vertygar ocks\u00e5 med sin integrerade massagefunktion. Njut av&#8230;<\/p>\n","protected":false},"featured_media":81336,"template":"","meta":[],"product_brand":[],"product_cat":[521,871,920,910],"product_tag":[],"class_list":{"0":"post-81345","1":"product","2":"type-product","3":"status-publish","4":"has-post-thumbnail","6":"product_cat-fatolj","7":"product_cat-hus-hem","8":"product_cat-relaxsessel-mit-hocker","9":"product_cat-vardagsrum","11":"first","12":"instock","13":"sale","14":"taxable","15":"shipping-taxable","16":"purchasable","17":"product-type-simple"},"yoast_head":"<!-- This site is optimized with the Yoast SEO plugin v25.4 - https:\/\/yoast.com\/wordpress\/plugins\/seo\/ -->\n<title>TRUUSK Avslappningsstol Massagesstol med Pall - F\u00f6rvaringsutrymme - Liggfunktion - 360\u00b0 Roterbar - Sidoficka - Konstl\u00e4der - TRUUSK - Hem, Tr\u00e4dg\u00e5rd &amp; Fritid<\/title>\n<meta name=\"robots\" content=\"index, follow, max-snippet:-1, max-image-preview:large, max-video-preview:-1\" \/>\n<link rel=\"canonical\" href=\"https:\/\/truusk.store\/sv\/produkt\/truusk-avslappningsstol-massagesstol-med-pall-forvaringsutrymme-liggfunktion-360-roterbar-sidoficka-konstlader\/\" \/>\n<meta property=\"og:locale\" content=\"sv_SE\" \/>\n<meta property=\"og:type\" content=\"article\" \/>\n<meta property=\"og:title\" content=\"TRUUSK Avslappningsstol Massagesstol med Pall - F\u00f6rvaringsutrymme - Liggfunktion - 360\u00b0 Roterbar - Sidoficka - Konstl\u00e4der - TRUUSK - Hem, Tr\u00e4dg\u00e5rd &amp; Fritid\" \/>\n<meta property=\"og:description\" content=\"Den h\u00e4r massagestolen fr\u00e5n TRUUSK \u00e4r inte bara en visuell h\u00f6jdpunkt, utan \u00f6vertygar ocks\u00e5 med sin integrerade massagefunktion. Njut av...\" \/>\n<meta property=\"og:url\" content=\"https:\/\/truusk.store\/sv\/produkt\/truusk-avslappningsstol-massagesstol-med-pall-forvaringsutrymme-liggfunktion-360-roterbar-sidoficka-konstlader\/\" \/>\n<meta property=\"og:site_name\" content=\"TRUUSK - Hem, Tr\u00e4dg\u00e5rd &amp; Fritid\" \/>\n<meta property=\"article:modified_time\" content=\"2026-03-12T08:41:37+00:00\" \/>\n<meta property=\"og:image\" content=\"https:\/\/i0.wp.com\/truusk.se\/wp-content\/uploads\/2025\/06\/avslappningsstol-massagesstol-med-pall-och-forvaringsutrymme-tv-stol-med-liggfunktion-360-roterbar-med-sidoficka-konstlader-80-x-86-x-99cm-kramvit-1.webp?fit=2000%2C2000&ssl=1\" \/>\n\t<meta property=\"og:image:width\" content=\"2000\" \/>\n\t<meta property=\"og:image:height\" content=\"2000\" \/>\n\t<meta property=\"og:image:type\" content=\"image\/webp\" \/>\n<meta name=\"twitter:card\" content=\"summary_large_image\" \/>\n<meta name=\"twitter:label1\" content=\"Ber\u00e4knad l\u00e4stid\" \/>\n\t<meta name=\"twitter:data1\" content=\"1 minut\" \/>\n<!-- \/ Yoast SEO plugin. -->","yoast_head_json":{"title":"TRUUSK Avslappningsstol Massagesstol med Pall - F\u00f6rvaringsutrymme - Liggfunktion - 360\u00b0 Roterbar - Sidoficka - Konstl\u00e4der - TRUUSK - Hem, Tr\u00e4dg\u00e5rd &amp; Fritid","robots":{"index":"index","follow":"follow","max-snippet":"max-snippet:-1","max-image-preview":"max-image-preview:large","max-video-preview":"max-video-preview:-1"},"canonical":"https:\/\/truusk.store\/sv\/produkt\/truusk-avslappningsstol-massagesstol-med-pall-forvaringsutrymme-liggfunktion-360-roterbar-sidoficka-konstlader\/","og_locale":"sv_SE","og_type":"article","og_title":"TRUUSK Avslappningsstol Massagesstol med Pall - F\u00f6rvaringsutrymme - Liggfunktion - 360\u00b0 Roterbar - Sidoficka - Konstl\u00e4der - TRUUSK - Hem, Tr\u00e4dg\u00e5rd &amp; Fritid","og_description":"Den h\u00e4r massagestolen fr\u00e5n TRUUSK \u00e4r inte bara en visuell h\u00f6jdpunkt, utan \u00f6vertygar ocks\u00e5 med sin integrerade massagefunktion. Njut av...","og_url":"https:\/\/truusk.store\/sv\/produkt\/truusk-avslappningsstol-massagesstol-med-pall-forvaringsutrymme-liggfunktion-360-roterbar-sidoficka-konstlader\/","og_site_name":"TRUUSK - Hem, Tr\u00e4dg\u00e5rd &amp; Fritid","article_modified_time":"2026-03-12T08:41:37+00:00","og_image":[{"width":2000,"height":2000,"url":"https:\/\/i0.wp.com\/truusk.se\/wp-content\/uploads\/2025\/06\/avslappningsstol-massagesstol-med-pall-och-forvaringsutrymme-tv-stol-med-liggfunktion-360-roterbar-med-sidoficka-konstlader-80-x-86-x-99cm-kramvit-1.webp?fit=2000%2C2000&ssl=1","type":"image\/webp"}],"twitter_card":"summary_large_image","twitter_misc":{"Ber\u00e4knad l\u00e4stid":"1 minut"},"schema":{"@context":"https:\/\/schema.org","@graph":[{"@type":"WebPage","@id":"https:\/\/truusk.store\/sv\/produkt\/truusk-avslappningsstol-massagesstol-med-pall-forvaringsutrymme-liggfunktion-360-roterbar-sidoficka-konstlader\/","url":"https:\/\/truusk.store\/sv\/produkt\/truusk-avslappningsstol-massagesstol-med-pall-forvaringsutrymme-liggfunktion-360-roterbar-sidoficka-konstlader\/","name":"TRUUSK Avslappningsstol Massagesstol med Pall - F\u00f6rvaringsutrymme - Liggfunktion - 360\u00b0 Roterbar - Sidoficka - Konstl\u00e4der - TRUUSK - Hem, Tr\u00e4dg\u00e5rd &amp; Fritid","isPartOf":{"@id":"https:\/\/truusk.store\/sv\/#website"},"primaryImageOfPage":{"@id":"https:\/\/truusk.store\/sv\/produkt\/truusk-avslappningsstol-massagesstol-med-pall-forvaringsutrymme-liggfunktion-360-roterbar-sidoficka-konstlader\/#primaryimage"},"image":{"@id":"https:\/\/truusk.store\/sv\/produkt\/truusk-avslappningsstol-massagesstol-med-pall-forvaringsutrymme-liggfunktion-360-roterbar-sidoficka-konstlader\/#primaryimage"},"thumbnailUrl":"https:\/\/i0.wp.com\/truusk.store\/wp-content\/uploads\/2025\/06\/avslappningsstol-massagesstol-med-pall-och-forvaringsutrymme-tv-stol-med-liggfunktion-360-roterbar-med-sidoficka-konstlader-80-x-86-x-99cm-kramvit-1.webp?fit=2000%2C2000&ssl=1","datePublished":"2025-06-23T19:10:57+00:00","dateModified":"2026-03-12T08:41:37+00:00","breadcrumb":{"@id":"https:\/\/truusk.store\/sv\/produkt\/truusk-avslappningsstol-massagesstol-med-pall-forvaringsutrymme-liggfunktion-360-roterbar-sidoficka-konstlader\/#breadcrumb"},"inLanguage":"sv-SE","potentialAction":[{"@type":"ReadAction","target":["https:\/\/truusk.store\/sv\/produkt\/truusk-avslappningsstol-massagesstol-med-pall-forvaringsutrymme-liggfunktion-360-roterbar-sidoficka-konstlader\/"]}]},{"@type":"ImageObject","inLanguage":"sv-SE","@id":"https:\/\/truusk.store\/sv\/produkt\/truusk-avslappningsstol-massagesstol-med-pall-forvaringsutrymme-liggfunktion-360-roterbar-sidoficka-konstlader\/#primaryimage","url":"https:\/\/i0.wp.com\/truusk.store\/wp-content\/uploads\/2025\/06\/avslappningsstol-massagesstol-med-pall-och-forvaringsutrymme-tv-stol-med-liggfunktion-360-roterbar-med-sidoficka-konstlader-80-x-86-x-99cm-kramvit-1.webp?fit=2000%2C2000&ssl=1","contentUrl":"https:\/\/i0.wp.com\/truusk.store\/wp-content\/uploads\/2025\/06\/avslappningsstol-massagesstol-med-pall-och-forvaringsutrymme-tv-stol-med-liggfunktion-360-roterbar-med-sidoficka-konstlader-80-x-86-x-99cm-kramvit-1.webp?fit=2000%2C2000&ssl=1","width":2000,"height":2000},{"@type":"BreadcrumbList","@id":"https:\/\/truusk.store\/sv\/produkt\/truusk-avslappningsstol-massagesstol-med-pall-forvaringsutrymme-liggfunktion-360-roterbar-sidoficka-konstlader\/#breadcrumb","itemListElement":[{"@type":"ListItem","position":1,"name":"Home","item":"https:\/\/truusk.store\/sv\/"},{"@type":"ListItem","position":2,"name":"Shop","item":"https:\/\/truusk.store\/shop\/"},{"@type":"ListItem","position":3,"name":"TRUUSK Avslappningsstol Massagesstol med Pall &#8211; F\u00f6rvaringsutrymme &#8211; Liggfunktion &#8211; 360\u00b0 Roterbar &#8211; Sidoficka &#8211; Konstl\u00e4der &#8211;"}]},{"@type":"WebSite","@id":"https:\/\/truusk.store\/sv\/#website","url":"https:\/\/truusk.store\/sv\/","name":"TRUUSK - Hem, Tr\u00e4dg\u00e5rd & Fritid","description":"","publisher":{"@id":"https:\/\/truusk.store\/sv\/#organization"},"potentialAction":[{"@type":"SearchAction","target":{"@type":"EntryPoint","urlTemplate":"https:\/\/truusk.store\/sv\/?s={search_term_string}"},"query-input":{"@type":"PropertyValueSpecification","valueRequired":true,"valueName":"search_term_string"}}],"inLanguage":"sv-SE"},{"@type":"Organization","@id":"https:\/\/truusk.store\/sv\/#organization","name":"TRUUSK - Hem, Tr\u00e4dg\u00e5rd & Fritid","url":"https:\/\/truusk.store\/sv\/","logo":{"@type":"ImageObject","inLanguage":"sv-SE","@id":"https:\/\/truusk.store\/sv\/#\/schema\/logo\/image\/","url":"https:\/\/i0.wp.com\/truusk.store\/wp-content\/uploads\/2026\/03\/cropped-TRUUSK.png?fit=2032%2C917&ssl=1","contentUrl":"https:\/\/i0.wp.com\/truusk.store\/wp-content\/uploads\/2026\/03\/cropped-TRUUSK.png?fit=2032%2C917&ssl=1","width":2032,"height":917,"caption":"TRUUSK - Hem, Tr\u00e4dg\u00e5rd & Fritid"},"image":{"@id":"https:\/\/truusk.store\/sv\/#\/schema\/logo\/image\/"}}]}},"jetpack_sharing_enabled":true,"_links":{"self":[{"href":"https:\/\/truusk.store\/sv\/wp-json\/wp\/v2\/product\/81345","targetHints":{"allow":["GET"]}}],"collection":[{"href":"https:\/\/truusk.store\/sv\/wp-json\/wp\/v2\/product"}],"about":[{"href":"https:\/\/truusk.store\/sv\/wp-json\/wp\/v2\/types\/product"}],"wp:featuredmedia":[{"embeddable":true,"href":"https:\/\/truusk.store\/sv\/wp-json\/wp\/v2\/media\/81336"}],"wp:attachment":[{"href":"https:\/\/truusk.store\/sv\/wp-json\/wp\/v2\/media?parent=81345"}],"wp:term":[{"taxonomy":"product_brand","embeddable":true,"href":"https:\/\/truusk.store\/sv\/wp-json\/wp\/v2\/product_brand?post=81345"},{"taxonomy":"product_cat","embeddable":true,"href":"https:\/\/truusk.store\/sv\/wp-json\/wp\/v2\/product_cat?post=81345"},{"taxonomy":"product_tag","embeddable":true,"href":"https:\/\/truusk.store\/sv\/wp-json\/wp\/v2\/product_tag?post=81345"}],"curies":[{"name":"wp","href":"https:\/\/api.w.org\/{rel}","templated":true}]}}