{"id":81396,"date":"2025-06-24T04:00:51","date_gmt":"2025-06-24T03:00:51","guid":{"rendered":"https:\/\/truusk.store\/product\/koksskap-hogt-skap-med-mikrovagshylla-2-skap-2-lador-vitrinskap-med-justerbara-hyllor-kippskydd-buffeskap-for-vardagsrum-matsal-vit\/"},"modified":"2026-03-12T09:42:31","modified_gmt":"2026-03-12T08:42:31","slug":"truusk-koksskap-hogt-skap-med-mikrovagshylla-2-skap-2-lador-vitrinskap-med-justerbara-hyllor-kippskydd-buffeskap-for","status":"publish","type":"product","link":"https:\/\/truusk.store\/sv\/produkt\/truusk-koksskap-hogt-skap-med-mikrovagshylla-2-skap-2-lador-vitrinskap-med-justerbara-hyllor-kippskydd-buffeskap-for\/","title":{"rendered":"TRUUSK K\u00f6kssk\u00e5p &#8211; H\u00f6gt Sk\u00e5p med Mikrov\u00e5gshylla &#8211; 2 Sk\u00e5p, 2 L\u00e5dor &#8211; Vitrinsk\u00e5p med Justerbara Hyllor &#8211; Kippskydd &#8211; Buff\u00e9sk\u00e5p f\u00f6r"},"content":{"rendered":"<p>Med TRUUSK Vitrinsk\u00e5p skapar du en \u00f6versk\u00e5dlig ordning. Detta rymliga hallsk\u00e5p har tv\u00e5 dubbeld\u00f6rrsk\u00e5p och tv\u00e5 l\u00e5dor, vilket underl\u00e4ttar organiseringen av dina k\u00f6ksredskap. P\u00e5 den stora arbetsytan finns plats f\u00f6r mikrov\u00e5gsugn eller kaffemaskin, och det finns ocks\u00e5 en anv\u00e4ndbar \u00f6ppning f\u00f6r str\u00f6mkablar. H\u00f6jden p\u00e5 hyllorna kan ocks\u00e5 anpassas individuellt!<\/p>\n<p>Beskrivning:<\/p>\n<ul>\n<li> Stor kapacitet p\u00e5 flerfunktionssk\u00e5pet ger gott om plats f\u00f6r mat, bestick och k\u00f6ksredskap<\/li>\n<li> Glasd\u00f6rrdesignen p\u00e5 mikrov\u00e5gssk\u00e5pet kan visa dekorativa f\u00f6rem\u00e5l<\/li>\n<li> Arbetsytan passar f\u00f6r mikrov\u00e5gsugn eller kaffemaskin, inklusive h\u00e5l f\u00f6r str\u00f6mkabel<\/li>\n<li> Hyllh\u00f6jderna \u00e4r justerbara<\/li>\n<li> Melaminbelagd sp\u00e5nskiva p\u00e5 f\u00f6rvaringssk\u00e5pet garanterar enkel reng\u00f6ring<\/li>\n<li> Stiliga svarta handtag p\u00e5 d\u00f6rrarna f\u00f6rh\u00f6jer atmosf\u00e4ren<\/li>\n<li> Montering kr\u00e4vs<\/li>\n<\/ul>\n<p> Tekniska data:<\/p>\n<ul>\n<li> F\u00e4rg: Vit<\/li>\n<li> Material: Sp\u00e5nskiva, H\u00e4rdat glas<\/li>\n<li> Totala m\u00e5tt: 74,5B x 40D x 172H cm<\/li>\n<li> Inre m\u00e5tt \u00f6vre fack: 68,5B x 19D x 20H cm<\/li>\n<li> H\u00f6jdjusterbar: Trestegsjusterbar, varje steg 6,4 cm<\/li>\n<li> Arbetsytans storlek: 74,5B x 40D x 35H cm<\/li>\n<li> Inre m\u00e5tt l\u00e5da: 29B x 29D x 10H cm<\/li>\n<li> Inre m\u00e5tt nedre fack: 66B x 35D x 30H cm<\/li>\n<li> H\u00f6jdjusterbar: Trestegsjusterbar, varje steg 6,4 cm<\/li>\n<li> Golv till golv h\u00f6jd: 10 cm<\/li>\n<li> B\u00e4rkapacitet: 50 kg (totalt), 10 kg (arbetsyta), 5 kg (hylla, l\u00e5da)<\/li>\n<\/ul>\n<p> Leveransinneh\u00e5ll:<\/p>\n<ul>\n<li> 1 x K\u00f6kssk\u00e5p<\/li>\n<li> 1 x Instruktioner<\/li>\n<\/ul>\n","protected":false},"excerpt":{"rendered":"<p>Med TRUUSK Vitrinsk\u00e5p skapar du en \u00f6versk\u00e5dlig ordning. Detta rymliga hallsk\u00e5p har tv\u00e5 dubbeld\u00f6rrsk\u00e5p och tv\u00e5 l\u00e5dor, vilket underl\u00e4ttar organiseringen&#8230;<\/p>\n","protected":false},"featured_media":81385,"template":"","meta":[],"product_brand":[],"product_cat":[871,889,534],"product_tag":[],"class_list":{"0":"post-81396","1":"product","2":"type-product","3":"status-publish","4":"has-post-thumbnail","6":"product_cat-hus-hem","7":"product_cat-kok-matsal","8":"product_cat-koksskap","10":"first","11":"instock","12":"sale","13":"taxable","14":"shipping-taxable","15":"purchasable","16":"product-type-simple"},"yoast_head":"<!-- This site is optimized with the Yoast SEO plugin v25.4 - https:\/\/yoast.com\/wordpress\/plugins\/seo\/ -->\n<title>TRUUSK K\u00f6kssk\u00e5p - H\u00f6gt Sk\u00e5p med Mikrov\u00e5gshylla - 2 Sk\u00e5p, 2 L\u00e5dor - Vitrinsk\u00e5p med Justerbara Hyllor - Kippskydd - Buff\u00e9sk\u00e5p f\u00f6r - TRUUSK - Hem, Tr\u00e4dg\u00e5rd &amp; Fritid<\/title>\n<meta name=\"robots\" content=\"index, follow, max-snippet:-1, max-image-preview:large, max-video-preview:-1\" \/>\n<link rel=\"canonical\" href=\"https:\/\/truusk.store\/sv\/produkt\/truusk-koksskap-hogt-skap-med-mikrovagshylla-2-skap-2-lador-vitrinskap-med-justerbara-hyllor-kippskydd-buffeskap-for\/\" \/>\n<meta property=\"og:locale\" content=\"sv_SE\" \/>\n<meta property=\"og:type\" content=\"article\" \/>\n<meta property=\"og:title\" content=\"TRUUSK K\u00f6kssk\u00e5p - H\u00f6gt Sk\u00e5p med Mikrov\u00e5gshylla - 2 Sk\u00e5p, 2 L\u00e5dor - Vitrinsk\u00e5p med Justerbara Hyllor - Kippskydd - Buff\u00e9sk\u00e5p f\u00f6r - TRUUSK - Hem, Tr\u00e4dg\u00e5rd &amp; Fritid\" \/>\n<meta property=\"og:description\" content=\"Med TRUUSK Vitrinsk\u00e5p skapar du en \u00f6versk\u00e5dlig ordning. Detta rymliga hallsk\u00e5p har tv\u00e5 dubbeld\u00f6rrsk\u00e5p och tv\u00e5 l\u00e5dor, vilket underl\u00e4ttar organiseringen...\" \/>\n<meta property=\"og:url\" content=\"https:\/\/truusk.store\/sv\/produkt\/truusk-koksskap-hogt-skap-med-mikrovagshylla-2-skap-2-lador-vitrinskap-med-justerbara-hyllor-kippskydd-buffeskap-for\/\" \/>\n<meta property=\"og:site_name\" content=\"TRUUSK - Hem, Tr\u00e4dg\u00e5rd &amp; Fritid\" \/>\n<meta property=\"article:modified_time\" content=\"2026-03-12T08:42:31+00:00\" \/>\n<meta property=\"og:image\" content=\"https:\/\/i0.wp.com\/truusk.se\/wp-content\/uploads\/2025\/06\/koksskap-hogt-skap-med-mikrovagshylla-2-skap-2-lador-vitrinskap-med-justerbara-hyllor-kippskydd-buffeskap-for-vardagsrum-matsal-vit-1.webp?fit=2000%2C2000&ssl=1\" \/>\n\t<meta property=\"og:image:width\" content=\"2000\" \/>\n\t<meta property=\"og:image:height\" content=\"2000\" \/>\n\t<meta property=\"og:image:type\" content=\"image\/webp\" \/>\n<meta name=\"twitter:card\" content=\"summary_large_image\" \/>\n<meta name=\"twitter:label1\" content=\"Ber\u00e4knad l\u00e4stid\" \/>\n\t<meta name=\"twitter:data1\" content=\"1 minut\" \/>\n<!-- \/ Yoast SEO plugin. -->","yoast_head_json":{"title":"TRUUSK K\u00f6kssk\u00e5p - H\u00f6gt Sk\u00e5p med Mikrov\u00e5gshylla - 2 Sk\u00e5p, 2 L\u00e5dor - Vitrinsk\u00e5p med Justerbara Hyllor - Kippskydd - Buff\u00e9sk\u00e5p f\u00f6r - TRUUSK - Hem, Tr\u00e4dg\u00e5rd &amp; Fritid","robots":{"index":"index","follow":"follow","max-snippet":"max-snippet:-1","max-image-preview":"max-image-preview:large","max-video-preview":"max-video-preview:-1"},"canonical":"https:\/\/truusk.store\/sv\/produkt\/truusk-koksskap-hogt-skap-med-mikrovagshylla-2-skap-2-lador-vitrinskap-med-justerbara-hyllor-kippskydd-buffeskap-for\/","og_locale":"sv_SE","og_type":"article","og_title":"TRUUSK K\u00f6kssk\u00e5p - H\u00f6gt Sk\u00e5p med Mikrov\u00e5gshylla - 2 Sk\u00e5p, 2 L\u00e5dor - Vitrinsk\u00e5p med Justerbara Hyllor - Kippskydd - Buff\u00e9sk\u00e5p f\u00f6r - TRUUSK - Hem, Tr\u00e4dg\u00e5rd &amp; Fritid","og_description":"Med TRUUSK Vitrinsk\u00e5p skapar du en \u00f6versk\u00e5dlig ordning. Detta rymliga hallsk\u00e5p har tv\u00e5 dubbeld\u00f6rrsk\u00e5p och tv\u00e5 l\u00e5dor, vilket underl\u00e4ttar organiseringen...","og_url":"https:\/\/truusk.store\/sv\/produkt\/truusk-koksskap-hogt-skap-med-mikrovagshylla-2-skap-2-lador-vitrinskap-med-justerbara-hyllor-kippskydd-buffeskap-for\/","og_site_name":"TRUUSK - Hem, Tr\u00e4dg\u00e5rd &amp; Fritid","article_modified_time":"2026-03-12T08:42:31+00:00","og_image":[{"width":2000,"height":2000,"url":"https:\/\/i0.wp.com\/truusk.se\/wp-content\/uploads\/2025\/06\/koksskap-hogt-skap-med-mikrovagshylla-2-skap-2-lador-vitrinskap-med-justerbara-hyllor-kippskydd-buffeskap-for-vardagsrum-matsal-vit-1.webp?fit=2000%2C2000&ssl=1","type":"image\/webp"}],"twitter_card":"summary_large_image","twitter_misc":{"Ber\u00e4knad l\u00e4stid":"1 minut"},"schema":{"@context":"https:\/\/schema.org","@graph":[{"@type":"WebPage","@id":"https:\/\/truusk.store\/sv\/produkt\/truusk-koksskap-hogt-skap-med-mikrovagshylla-2-skap-2-lador-vitrinskap-med-justerbara-hyllor-kippskydd-buffeskap-for\/","url":"https:\/\/truusk.store\/sv\/produkt\/truusk-koksskap-hogt-skap-med-mikrovagshylla-2-skap-2-lador-vitrinskap-med-justerbara-hyllor-kippskydd-buffeskap-for\/","name":"TRUUSK K\u00f6kssk\u00e5p - H\u00f6gt Sk\u00e5p med Mikrov\u00e5gshylla - 2 Sk\u00e5p, 2 L\u00e5dor - Vitrinsk\u00e5p med Justerbara Hyllor - Kippskydd - Buff\u00e9sk\u00e5p f\u00f6r - TRUUSK - Hem, Tr\u00e4dg\u00e5rd &amp; Fritid","isPartOf":{"@id":"https:\/\/truusk.store\/sv\/#website"},"primaryImageOfPage":{"@id":"https:\/\/truusk.store\/sv\/produkt\/truusk-koksskap-hogt-skap-med-mikrovagshylla-2-skap-2-lador-vitrinskap-med-justerbara-hyllor-kippskydd-buffeskap-for\/#primaryimage"},"image":{"@id":"https:\/\/truusk.store\/sv\/produkt\/truusk-koksskap-hogt-skap-med-mikrovagshylla-2-skap-2-lador-vitrinskap-med-justerbara-hyllor-kippskydd-buffeskap-for\/#primaryimage"},"thumbnailUrl":"https:\/\/i0.wp.com\/truusk.store\/wp-content\/uploads\/2025\/06\/koksskap-hogt-skap-med-mikrovagshylla-2-skap-2-lador-vitrinskap-med-justerbara-hyllor-kippskydd-buffeskap-for-vardagsrum-matsal-vit-1.webp?fit=2000%2C2000&ssl=1","datePublished":"2025-06-24T03:00:51+00:00","dateModified":"2026-03-12T08:42:31+00:00","breadcrumb":{"@id":"https:\/\/truusk.store\/sv\/produkt\/truusk-koksskap-hogt-skap-med-mikrovagshylla-2-skap-2-lador-vitrinskap-med-justerbara-hyllor-kippskydd-buffeskap-for\/#breadcrumb"},"inLanguage":"sv-SE","potentialAction":[{"@type":"ReadAction","target":["https:\/\/truusk.store\/sv\/produkt\/truusk-koksskap-hogt-skap-med-mikrovagshylla-2-skap-2-lador-vitrinskap-med-justerbara-hyllor-kippskydd-buffeskap-for\/"]}]},{"@type":"ImageObject","inLanguage":"sv-SE","@id":"https:\/\/truusk.store\/sv\/produkt\/truusk-koksskap-hogt-skap-med-mikrovagshylla-2-skap-2-lador-vitrinskap-med-justerbara-hyllor-kippskydd-buffeskap-for\/#primaryimage","url":"https:\/\/i0.wp.com\/truusk.store\/wp-content\/uploads\/2025\/06\/koksskap-hogt-skap-med-mikrovagshylla-2-skap-2-lador-vitrinskap-med-justerbara-hyllor-kippskydd-buffeskap-for-vardagsrum-matsal-vit-1.webp?fit=2000%2C2000&ssl=1","contentUrl":"https:\/\/i0.wp.com\/truusk.store\/wp-content\/uploads\/2025\/06\/koksskap-hogt-skap-med-mikrovagshylla-2-skap-2-lador-vitrinskap-med-justerbara-hyllor-kippskydd-buffeskap-for-vardagsrum-matsal-vit-1.webp?fit=2000%2C2000&ssl=1","width":2000,"height":2000},{"@type":"BreadcrumbList","@id":"https:\/\/truusk.store\/sv\/produkt\/truusk-koksskap-hogt-skap-med-mikrovagshylla-2-skap-2-lador-vitrinskap-med-justerbara-hyllor-kippskydd-buffeskap-for\/#breadcrumb","itemListElement":[{"@type":"ListItem","position":1,"name":"Home","item":"https:\/\/truusk.store\/sv\/"},{"@type":"ListItem","position":2,"name":"Shop","item":"https:\/\/truusk.store\/shop\/"},{"@type":"ListItem","position":3,"name":"TRUUSK K\u00f6kssk\u00e5p &#8211; H\u00f6gt Sk\u00e5p med Mikrov\u00e5gshylla &#8211; 2 Sk\u00e5p, 2 L\u00e5dor &#8211; Vitrinsk\u00e5p med Justerbara Hyllor &#8211; Kippskydd &#8211; Buff\u00e9sk\u00e5p f\u00f6r"}]},{"@type":"WebSite","@id":"https:\/\/truusk.store\/sv\/#website","url":"https:\/\/truusk.store\/sv\/","name":"TRUUSK - Hem, Tr\u00e4dg\u00e5rd & Fritid","description":"","publisher":{"@id":"https:\/\/truusk.store\/sv\/#organization"},"potentialAction":[{"@type":"SearchAction","target":{"@type":"EntryPoint","urlTemplate":"https:\/\/truusk.store\/sv\/?s={search_term_string}"},"query-input":{"@type":"PropertyValueSpecification","valueRequired":true,"valueName":"search_term_string"}}],"inLanguage":"sv-SE"},{"@type":"Organization","@id":"https:\/\/truusk.store\/sv\/#organization","name":"TRUUSK - Hem, Tr\u00e4dg\u00e5rd & Fritid","url":"https:\/\/truusk.store\/sv\/","logo":{"@type":"ImageObject","inLanguage":"sv-SE","@id":"https:\/\/truusk.store\/sv\/#\/schema\/logo\/image\/","url":"https:\/\/i0.wp.com\/truusk.store\/wp-content\/uploads\/2026\/03\/cropped-TRUUSK.png?fit=2032%2C917&ssl=1","contentUrl":"https:\/\/i0.wp.com\/truusk.store\/wp-content\/uploads\/2026\/03\/cropped-TRUUSK.png?fit=2032%2C917&ssl=1","width":2032,"height":917,"caption":"TRUUSK - Hem, Tr\u00e4dg\u00e5rd & Fritid"},"image":{"@id":"https:\/\/truusk.store\/sv\/#\/schema\/logo\/image\/"}}]}},"jetpack_sharing_enabled":true,"_links":{"self":[{"href":"https:\/\/truusk.store\/sv\/wp-json\/wp\/v2\/product\/81396","targetHints":{"allow":["GET"]}}],"collection":[{"href":"https:\/\/truusk.store\/sv\/wp-json\/wp\/v2\/product"}],"about":[{"href":"https:\/\/truusk.store\/sv\/wp-json\/wp\/v2\/types\/product"}],"wp:featuredmedia":[{"embeddable":true,"href":"https:\/\/truusk.store\/sv\/wp-json\/wp\/v2\/media\/81385"}],"wp:attachment":[{"href":"https:\/\/truusk.store\/sv\/wp-json\/wp\/v2\/media?parent=81396"}],"wp:term":[{"taxonomy":"product_brand","embeddable":true,"href":"https:\/\/truusk.store\/sv\/wp-json\/wp\/v2\/product_brand?post=81396"},{"taxonomy":"product_cat","embeddable":true,"href":"https:\/\/truusk.store\/sv\/wp-json\/wp\/v2\/product_cat?post=81396"},{"taxonomy":"product_tag","embeddable":true,"href":"https:\/\/truusk.store\/sv\/wp-json\/wp\/v2\/product_tag?post=81396"}],"curies":[{"name":"wp","href":"https:\/\/api.w.org\/{rel}","templated":true}]}}