{"id":8142,"date":"2024-02-13T09:10:23","date_gmt":"2024-02-13T08:10:23","guid":{"rendered":"https:\/\/truusk.store\/product\/3-i-1-baddsoffa-gastsang-fatolj-inklusive-kuddar-svart\/"},"modified":"2026-03-12T08:55:44","modified_gmt":"2026-03-12T07:55:44","slug":"truusk-3-i-1-baddsoffa-gastsang-fatolj-inklusive-kuddar-svart","status":"publish","type":"product","link":"https:\/\/truusk.store\/sv\/produkt\/truusk-3-i-1-baddsoffa-gastsang-fatolj-inklusive-kuddar-svart\/","title":{"rendered":"TRUUSK 3-i-1 B\u00e4ddsoffa, G\u00e4sts\u00e4ng, F\u00e5t\u00f6lj &#8211; Inklusive Kuddar &#8211; Svart"},"content":{"rendered":"<p>Denna b\u00e4ddsoffa \u00e4r perfekt f\u00f6r ditt vardagsrum, arbetsrum eller sovrum. Det femv\u00e4gsjusterbara ryggst\u00f6det erbjuder en m\u00e4ngd olika justeringsm\u00f6jligheter f\u00f6r att hitta den perfekta, avslappnade sittst\u00e4llningen. Denna stol f\u00f6rvandlas snabbt och enkelt fr\u00e5n en f\u00e5t\u00f6lj till en s\u00e4ng, perfekt f\u00f6r tupplurar eller underh\u00e5llning. En robust metallram och en yta i mjuk velourlook s\u00e4kerst\u00e4ller bekv\u00e4m sitt- och sovkomfort.<\/p>\n<h3>Beskrivning:<\/h3>\n<ul>\n<li>Kan anv\u00e4ndas som soffstol, solstol och s\u00e4ng<\/li>\n<li>Ryggst\u00f6dets lutning kan justeras till 5 niv\u00e5er<\/li>\n<li>Tjock vaddering f\u00f6r mycket komfort<\/li>\n<li>Metallram f\u00f6r h\u00f6g stabilitet och l\u00e5ng livsl\u00e4ngd<\/li>\n<li>Inkluderar en kudde f\u00f6r att du ska k\u00e4nna dig mer bekv\u00e4m<\/li>\n<li>Armst\u00f6d i metall f\u00f6r extra komfort<\/li>\n<li>Kuddfodralet \u00e4r avtagbart f\u00f6r bekv\u00e4m tv\u00e4tt<\/li>\n<\/ul>\n<h3>Teknisk data:<\/h3>\n<ul>\n<li>Svart f\u00e4rg<\/li>\n<li>Material: sammet (100% polyester), j\u00e4rn, skum<\/li>\n<li>M\u00e5tt p\u00e5 soffa: 65L x 77W x 80H cm<\/li>\n<li>M\u00e5tt p\u00e5 s\u00e4ng: 185,5L x 60W x 25H cm<\/li>\n<li>Sitsstorlek: 60L x 60W cm<\/li>\n<li>H\u00f6jd p\u00e5 ryggst\u00f6d: 25-80 cm<\/li>\n<li>Kuddstorlek: 60L x 40W x 20H cm<\/li>\n<li>Max lastkapacitet: 100 kg<\/li>\n<\/ul>\n<h3>Leveransens omfattning:<\/h3>\n<ul>\n<li>1 x b\u00e4ddsoffa<\/li>\n<li>1 x Monteringsanvisning<\/li>\n<\/ul>\n","protected":false},"excerpt":{"rendered":"<p>Denna b\u00e4ddsoffa \u00e4r perfekt f\u00f6r ditt vardagsrum, arbetsrum eller sovrum. Det femv\u00e4gsjusterbara ryggst\u00f6det erbjuder en m\u00e4ngd olika justeringsm\u00f6jligheter f\u00f6r att&#8230;<\/p>\n","protected":false},"featured_media":8143,"template":"","meta":[],"product_brand":[],"product_cat":[521,485,525],"product_tag":[],"class_list":{"0":"post-8142","1":"product","2":"type-product","3":"status-publish","4":"has-post-thumbnail","6":"product_cat-fatolj","7":"product_cat-hus-bo","8":"product_cat-sovstol","10":"first","11":"instock","12":"sale","13":"taxable","14":"shipping-taxable","15":"purchasable","16":"product-type-simple"},"yoast_head":"<!-- This site is optimized with the Yoast SEO plugin v25.4 - https:\/\/yoast.com\/wordpress\/plugins\/seo\/ -->\n<title>TRUUSK 3-i-1 B\u00e4ddsoffa, G\u00e4sts\u00e4ng, F\u00e5t\u00f6lj - Inklusive Kuddar - Svart - TRUUSK - Hem, Tr\u00e4dg\u00e5rd &amp; Fritid<\/title>\n<meta name=\"robots\" content=\"index, follow, max-snippet:-1, max-image-preview:large, max-video-preview:-1\" \/>\n<link rel=\"canonical\" href=\"https:\/\/truusk.store\/sv\/produkt\/truusk-3-i-1-baddsoffa-gastsang-fatolj-inklusive-kuddar-svart\/\" \/>\n<meta property=\"og:locale\" content=\"sv_SE\" \/>\n<meta property=\"og:type\" content=\"article\" \/>\n<meta property=\"og:title\" content=\"TRUUSK 3-i-1 B\u00e4ddsoffa, G\u00e4sts\u00e4ng, F\u00e5t\u00f6lj - Inklusive Kuddar - Svart - TRUUSK - Hem, Tr\u00e4dg\u00e5rd &amp; Fritid\" \/>\n<meta property=\"og:description\" content=\"Denna b\u00e4ddsoffa \u00e4r perfekt f\u00f6r ditt vardagsrum, arbetsrum eller sovrum. Det femv\u00e4gsjusterbara ryggst\u00f6det erbjuder en m\u00e4ngd olika justeringsm\u00f6jligheter f\u00f6r att...\" \/>\n<meta property=\"og:url\" content=\"https:\/\/truusk.store\/sv\/produkt\/truusk-3-i-1-baddsoffa-gastsang-fatolj-inklusive-kuddar-svart\/\" \/>\n<meta property=\"og:site_name\" content=\"TRUUSK - Hem, Tr\u00e4dg\u00e5rd &amp; Fritid\" \/>\n<meta property=\"article:modified_time\" content=\"2026-03-12T07:55:44+00:00\" \/>\n<meta property=\"og:image\" content=\"https:\/\/i0.wp.com\/truusk.se\/wp-content\/uploads\/2024\/02\/3-i-1-baddsoffa-gastsang-fatolj-inklusive-kuddar-svart.webp?fit=800%2C800&ssl=1\" \/>\n\t<meta property=\"og:image:width\" content=\"800\" \/>\n\t<meta property=\"og:image:height\" content=\"800\" \/>\n\t<meta property=\"og:image:type\" content=\"image\/webp\" \/>\n<meta name=\"twitter:card\" content=\"summary_large_image\" \/>\n<meta name=\"twitter:label1\" content=\"Ber\u00e4knad l\u00e4stid\" \/>\n\t<meta name=\"twitter:data1\" content=\"1 minut\" \/>\n<!-- \/ Yoast SEO plugin. -->","yoast_head_json":{"title":"TRUUSK 3-i-1 B\u00e4ddsoffa, G\u00e4sts\u00e4ng, F\u00e5t\u00f6lj - Inklusive Kuddar - Svart - TRUUSK - Hem, Tr\u00e4dg\u00e5rd &amp; Fritid","robots":{"index":"index","follow":"follow","max-snippet":"max-snippet:-1","max-image-preview":"max-image-preview:large","max-video-preview":"max-video-preview:-1"},"canonical":"https:\/\/truusk.store\/sv\/produkt\/truusk-3-i-1-baddsoffa-gastsang-fatolj-inklusive-kuddar-svart\/","og_locale":"sv_SE","og_type":"article","og_title":"TRUUSK 3-i-1 B\u00e4ddsoffa, G\u00e4sts\u00e4ng, F\u00e5t\u00f6lj - Inklusive Kuddar - Svart - TRUUSK - Hem, Tr\u00e4dg\u00e5rd &amp; Fritid","og_description":"Denna b\u00e4ddsoffa \u00e4r perfekt f\u00f6r ditt vardagsrum, arbetsrum eller sovrum. Det femv\u00e4gsjusterbara ryggst\u00f6det erbjuder en m\u00e4ngd olika justeringsm\u00f6jligheter f\u00f6r att...","og_url":"https:\/\/truusk.store\/sv\/produkt\/truusk-3-i-1-baddsoffa-gastsang-fatolj-inklusive-kuddar-svart\/","og_site_name":"TRUUSK - Hem, Tr\u00e4dg\u00e5rd &amp; Fritid","article_modified_time":"2026-03-12T07:55:44+00:00","og_image":[{"width":800,"height":800,"url":"https:\/\/i0.wp.com\/truusk.se\/wp-content\/uploads\/2024\/02\/3-i-1-baddsoffa-gastsang-fatolj-inklusive-kuddar-svart.webp?fit=800%2C800&ssl=1","type":"image\/webp"}],"twitter_card":"summary_large_image","twitter_misc":{"Ber\u00e4knad l\u00e4stid":"1 minut"},"schema":{"@context":"https:\/\/schema.org","@graph":[{"@type":"WebPage","@id":"https:\/\/truusk.store\/sv\/produkt\/truusk-3-i-1-baddsoffa-gastsang-fatolj-inklusive-kuddar-svart\/","url":"https:\/\/truusk.store\/sv\/produkt\/truusk-3-i-1-baddsoffa-gastsang-fatolj-inklusive-kuddar-svart\/","name":"TRUUSK 3-i-1 B\u00e4ddsoffa, G\u00e4sts\u00e4ng, F\u00e5t\u00f6lj - Inklusive Kuddar - Svart - TRUUSK - Hem, Tr\u00e4dg\u00e5rd &amp; Fritid","isPartOf":{"@id":"https:\/\/truusk.store\/sv\/#website"},"primaryImageOfPage":{"@id":"https:\/\/truusk.store\/sv\/produkt\/truusk-3-i-1-baddsoffa-gastsang-fatolj-inklusive-kuddar-svart\/#primaryimage"},"image":{"@id":"https:\/\/truusk.store\/sv\/produkt\/truusk-3-i-1-baddsoffa-gastsang-fatolj-inklusive-kuddar-svart\/#primaryimage"},"thumbnailUrl":"https:\/\/i0.wp.com\/truusk.store\/wp-content\/uploads\/2024\/02\/3-i-1-baddsoffa-gastsang-fatolj-inklusive-kuddar-svart.webp?fit=800%2C800&ssl=1","datePublished":"2024-02-13T08:10:23+00:00","dateModified":"2026-03-12T07:55:44+00:00","breadcrumb":{"@id":"https:\/\/truusk.store\/sv\/produkt\/truusk-3-i-1-baddsoffa-gastsang-fatolj-inklusive-kuddar-svart\/#breadcrumb"},"inLanguage":"sv-SE","potentialAction":[{"@type":"ReadAction","target":["https:\/\/truusk.store\/sv\/produkt\/truusk-3-i-1-baddsoffa-gastsang-fatolj-inklusive-kuddar-svart\/"]}]},{"@type":"ImageObject","inLanguage":"sv-SE","@id":"https:\/\/truusk.store\/sv\/produkt\/truusk-3-i-1-baddsoffa-gastsang-fatolj-inklusive-kuddar-svart\/#primaryimage","url":"https:\/\/i0.wp.com\/truusk.store\/wp-content\/uploads\/2024\/02\/3-i-1-baddsoffa-gastsang-fatolj-inklusive-kuddar-svart.webp?fit=800%2C800&ssl=1","contentUrl":"https:\/\/i0.wp.com\/truusk.store\/wp-content\/uploads\/2024\/02\/3-i-1-baddsoffa-gastsang-fatolj-inklusive-kuddar-svart.webp?fit=800%2C800&ssl=1","width":800,"height":800,"caption":"3-i-1 B\u00e4ddsoffa, G\u00e4sts\u00e4ng, F\u00e5t\u00f6lj Inklusive Kuddar, Svart 1"},{"@type":"BreadcrumbList","@id":"https:\/\/truusk.store\/sv\/produkt\/truusk-3-i-1-baddsoffa-gastsang-fatolj-inklusive-kuddar-svart\/#breadcrumb","itemListElement":[{"@type":"ListItem","position":1,"name":"Home","item":"https:\/\/truusk.store\/sv\/"},{"@type":"ListItem","position":2,"name":"Shop","item":"https:\/\/truusk.store\/shop\/"},{"@type":"ListItem","position":3,"name":"TRUUSK 3-i-1 B\u00e4ddsoffa, G\u00e4sts\u00e4ng, F\u00e5t\u00f6lj &#8211; Inklusive Kuddar &#8211; Svart"}]},{"@type":"WebSite","@id":"https:\/\/truusk.store\/sv\/#website","url":"https:\/\/truusk.store\/sv\/","name":"TRUUSK - Hem, Tr\u00e4dg\u00e5rd & Fritid","description":"","publisher":{"@id":"https:\/\/truusk.store\/sv\/#organization"},"potentialAction":[{"@type":"SearchAction","target":{"@type":"EntryPoint","urlTemplate":"https:\/\/truusk.store\/sv\/?s={search_term_string}"},"query-input":{"@type":"PropertyValueSpecification","valueRequired":true,"valueName":"search_term_string"}}],"inLanguage":"sv-SE"},{"@type":"Organization","@id":"https:\/\/truusk.store\/sv\/#organization","name":"TRUUSK - Hem, Tr\u00e4dg\u00e5rd & Fritid","url":"https:\/\/truusk.store\/sv\/","logo":{"@type":"ImageObject","inLanguage":"sv-SE","@id":"https:\/\/truusk.store\/sv\/#\/schema\/logo\/image\/","url":"https:\/\/i0.wp.com\/truusk.store\/wp-content\/uploads\/2026\/03\/cropped-TRUUSK.png?fit=2032%2C917&ssl=1","contentUrl":"https:\/\/i0.wp.com\/truusk.store\/wp-content\/uploads\/2026\/03\/cropped-TRUUSK.png?fit=2032%2C917&ssl=1","width":2032,"height":917,"caption":"TRUUSK - Hem, Tr\u00e4dg\u00e5rd & Fritid"},"image":{"@id":"https:\/\/truusk.store\/sv\/#\/schema\/logo\/image\/"}}]}},"jetpack_sharing_enabled":true,"_links":{"self":[{"href":"https:\/\/truusk.store\/sv\/wp-json\/wp\/v2\/product\/8142","targetHints":{"allow":["GET"]}}],"collection":[{"href":"https:\/\/truusk.store\/sv\/wp-json\/wp\/v2\/product"}],"about":[{"href":"https:\/\/truusk.store\/sv\/wp-json\/wp\/v2\/types\/product"}],"wp:featuredmedia":[{"embeddable":true,"href":"https:\/\/truusk.store\/sv\/wp-json\/wp\/v2\/media\/8143"}],"wp:attachment":[{"href":"https:\/\/truusk.store\/sv\/wp-json\/wp\/v2\/media?parent=8142"}],"wp:term":[{"taxonomy":"product_brand","embeddable":true,"href":"https:\/\/truusk.store\/sv\/wp-json\/wp\/v2\/product_brand?post=8142"},{"taxonomy":"product_cat","embeddable":true,"href":"https:\/\/truusk.store\/sv\/wp-json\/wp\/v2\/product_cat?post=8142"},{"taxonomy":"product_tag","embeddable":true,"href":"https:\/\/truusk.store\/sv\/wp-json\/wp\/v2\/product_tag?post=8142"}],"curies":[{"name":"wp","href":"https:\/\/api.w.org\/{rel}","templated":true}]}}