{"id":81436,"date":"2025-06-24T20:07:24","date_gmt":"2025-06-24T19:07:24","guid":{"rendered":"https:\/\/truusk.store\/product\/avslappningsstol-med-pall-360-roterande-tv-stol-med-liggfunktion-tv-stol-med-cord-optik-vilostol-for-vardagsrum-sovrum-beige\/"},"modified":"2026-03-12T09:44:22","modified_gmt":"2026-03-12T08:44:22","slug":"truusk-avslappningsstol-med-pall-360-roterande-liggfunktion-cord-optik-beige-for-vardagsrum-sovrum","status":"publish","type":"product","link":"https:\/\/truusk.store\/sv\/produkt\/truusk-avslappningsstol-med-pall-360-roterande-liggfunktion-cord-optik-beige-for-vardagsrum-sovrum\/","title":{"rendered":"TRUUSK Avslappningsstol med Pall &#8211; 360\u00b0 Roterande &#8211; Liggfunktion &#8211; Cord-optik &#8211; Beige &#8211; F\u00f6r Vardagsrum, Sovrum"},"content":{"rendered":"<p>Upplev ren komfort med TRUUSK TV-stolen inklusive fotpall. Dra nytta av en 360\u00b0 vridbarhet och en 130\u00b0 lutande ryggst\u00f6d f\u00f6r individuell avkoppling. Den t\u00e4ta skummet i TV-stolen med liggl\u00e4ge ger h\u00f6gsta komfort och cord\u00f6verdraget l\u00e4gger till mjuk, modig slitstyrka. Idealisk f\u00f6r alla milj\u00f6er och olika rum.<\/p>\n<p>Beskrivning:<\/p>\n<ul>\n<li> 360-graders rotation av TV-stolen med liggl\u00e4ge m\u00f6jligg\u00f6r enkel rotation i alla riktningar<\/li>\n<li> 130-graders lutning f\u00f6r personlig komfort i olika vinklar<\/li>\n<li> H\u00f6g densitet skum och dubbla kuddlager garanterar \u00f6verl\u00e4gsen sittkomfort<\/li>\n<li> H\u00f6g ryggst\u00f6d p\u00e5 liggstolen st\u00f6der hela ryggraden<\/li>\n<li> Den lutande ytan p\u00e5 fotpallen fr\u00e4mjar en h\u00e4lsosam kn\u00e4rr\u00f6relse<\/li>\n<li> Cord\u00f6verdraget p\u00e5 biostolen \u00e4r mjukt och erbjuder h\u00f6g slitstyrka<\/li>\n<li> Idealisk f\u00f6r avkoppling i vardagsrummet eller sovrummet<\/li>\n<li> Montering kr\u00e4vs<\/li>\n<\/ul>\n<p> Tekniska data:<\/p>\n<ul>\n<li> F\u00e4rg: Beige<\/li>\n<li> Material: Cord (100% Polyester), skum, metall<\/li>\n<li> Stolm\u00e5tt: (uppr\u00e4tt) 74B x 85T x 104H cm<\/li>\n<li> Stolm\u00e5tt: (lutad) 78B x 99T x 94H cm<\/li>\n<li> Pallm\u00e5tt: 50B x 51T x 41H cm<\/li>\n<li> Sitsstorlek: 40B x 51T x 46H cm<\/li>\n<li> Ryggstorlek: 54B x 67H cm<\/li>\n<li> Sits- och rygg tjocklek: 9 cm<\/li>\n<li> Armst\u00f6dsh\u00f6jd till sits: 20 cm<\/li>\n<li> Belastningskapacitet: 120 kg (stol), 50 kg (pall)<\/li>\n<\/ul>\n<p>Leveransinneh\u00e5ll:<\/p>\n<ul>\n<li> 1 x Relaxstol<\/li>\n<li> 1 x Fotpall<\/li>\n<li> 1 x Handbok<\/li>\n<\/ul>\n","protected":false},"excerpt":{"rendered":"<p>Upplev ren komfort med TRUUSK TV-stolen inklusive fotpall. Dra nytta av en 360\u00b0 vridbarhet och en 130\u00b0 lutande ryggst\u00f6d f\u00f6r&#8230;<\/p>\n","protected":false},"featured_media":81427,"template":"","meta":[],"product_brand":[],"product_cat":[521,936,920,910],"product_tag":[],"class_list":{"0":"post-81436","1":"product","2":"type-product","3":"status-publish","4":"has-post-thumbnail","6":"product_cat-fatolj","7":"product_cat-hem-boende","8":"product_cat-relaxsessel-mit-hocker","9":"product_cat-vardagsrum","11":"first","12":"instock","13":"sale","14":"taxable","15":"shipping-taxable","16":"purchasable","17":"product-type-simple"},"yoast_head":"<!-- This site is optimized with the Yoast SEO plugin v25.4 - https:\/\/yoast.com\/wordpress\/plugins\/seo\/ -->\n<title>TRUUSK Avslappningsstol med Pall - 360\u00b0 Roterande - Liggfunktion - Cord-optik - Beige - F\u00f6r Vardagsrum, Sovrum - TRUUSK - Hem, Tr\u00e4dg\u00e5rd &amp; Fritid<\/title>\n<meta name=\"robots\" content=\"index, follow, max-snippet:-1, max-image-preview:large, max-video-preview:-1\" \/>\n<link rel=\"canonical\" href=\"https:\/\/truusk.store\/sv\/produkt\/truusk-avslappningsstol-med-pall-360-roterande-liggfunktion-cord-optik-beige-for-vardagsrum-sovrum\/\" \/>\n<meta property=\"og:locale\" content=\"sv_SE\" \/>\n<meta property=\"og:type\" content=\"article\" \/>\n<meta property=\"og:title\" content=\"TRUUSK Avslappningsstol med Pall - 360\u00b0 Roterande - Liggfunktion - Cord-optik - Beige - F\u00f6r Vardagsrum, Sovrum - TRUUSK - Hem, Tr\u00e4dg\u00e5rd &amp; Fritid\" \/>\n<meta property=\"og:description\" content=\"Upplev ren komfort med TRUUSK TV-stolen inklusive fotpall. Dra nytta av en 360\u00b0 vridbarhet och en 130\u00b0 lutande ryggst\u00f6d f\u00f6r...\" \/>\n<meta property=\"og:url\" content=\"https:\/\/truusk.store\/sv\/produkt\/truusk-avslappningsstol-med-pall-360-roterande-liggfunktion-cord-optik-beige-for-vardagsrum-sovrum\/\" \/>\n<meta property=\"og:site_name\" content=\"TRUUSK - Hem, Tr\u00e4dg\u00e5rd &amp; Fritid\" \/>\n<meta property=\"article:modified_time\" content=\"2026-03-12T08:44:22+00:00\" \/>\n<meta property=\"og:image\" content=\"https:\/\/i0.wp.com\/truusk.se\/wp-content\/uploads\/2025\/06\/avslappningsstol-med-pall-360-roterande-tv-stol-med-liggfunktion-tv-stol-med-cord-optik-vilostol-for-vardagsrum-sovrum-beige-1.webp?fit=2000%2C2000&ssl=1\" \/>\n\t<meta property=\"og:image:width\" content=\"2000\" \/>\n\t<meta property=\"og:image:height\" content=\"2000\" \/>\n\t<meta property=\"og:image:type\" content=\"image\/webp\" \/>\n<meta name=\"twitter:card\" content=\"summary_large_image\" \/>\n<meta name=\"twitter:label1\" content=\"Ber\u00e4knad l\u00e4stid\" \/>\n\t<meta name=\"twitter:data1\" content=\"1 minut\" \/>\n<!-- \/ Yoast SEO plugin. -->","yoast_head_json":{"title":"TRUUSK Avslappningsstol med Pall - 360\u00b0 Roterande - Liggfunktion - Cord-optik - Beige - F\u00f6r Vardagsrum, Sovrum - TRUUSK - Hem, Tr\u00e4dg\u00e5rd &amp; Fritid","robots":{"index":"index","follow":"follow","max-snippet":"max-snippet:-1","max-image-preview":"max-image-preview:large","max-video-preview":"max-video-preview:-1"},"canonical":"https:\/\/truusk.store\/sv\/produkt\/truusk-avslappningsstol-med-pall-360-roterande-liggfunktion-cord-optik-beige-for-vardagsrum-sovrum\/","og_locale":"sv_SE","og_type":"article","og_title":"TRUUSK Avslappningsstol med Pall - 360\u00b0 Roterande - Liggfunktion - Cord-optik - Beige - F\u00f6r Vardagsrum, Sovrum - TRUUSK - Hem, Tr\u00e4dg\u00e5rd &amp; Fritid","og_description":"Upplev ren komfort med TRUUSK TV-stolen inklusive fotpall. Dra nytta av en 360\u00b0 vridbarhet och en 130\u00b0 lutande ryggst\u00f6d f\u00f6r...","og_url":"https:\/\/truusk.store\/sv\/produkt\/truusk-avslappningsstol-med-pall-360-roterande-liggfunktion-cord-optik-beige-for-vardagsrum-sovrum\/","og_site_name":"TRUUSK - Hem, Tr\u00e4dg\u00e5rd &amp; Fritid","article_modified_time":"2026-03-12T08:44:22+00:00","og_image":[{"width":2000,"height":2000,"url":"https:\/\/i0.wp.com\/truusk.se\/wp-content\/uploads\/2025\/06\/avslappningsstol-med-pall-360-roterande-tv-stol-med-liggfunktion-tv-stol-med-cord-optik-vilostol-for-vardagsrum-sovrum-beige-1.webp?fit=2000%2C2000&ssl=1","type":"image\/webp"}],"twitter_card":"summary_large_image","twitter_misc":{"Ber\u00e4knad l\u00e4stid":"1 minut"},"schema":{"@context":"https:\/\/schema.org","@graph":[{"@type":"WebPage","@id":"https:\/\/truusk.store\/sv\/produkt\/truusk-avslappningsstol-med-pall-360-roterande-liggfunktion-cord-optik-beige-for-vardagsrum-sovrum\/","url":"https:\/\/truusk.store\/sv\/produkt\/truusk-avslappningsstol-med-pall-360-roterande-liggfunktion-cord-optik-beige-for-vardagsrum-sovrum\/","name":"TRUUSK Avslappningsstol med Pall - 360\u00b0 Roterande - Liggfunktion - Cord-optik - Beige - F\u00f6r Vardagsrum, Sovrum - TRUUSK - Hem, Tr\u00e4dg\u00e5rd &amp; Fritid","isPartOf":{"@id":"https:\/\/truusk.store\/sv\/#website"},"primaryImageOfPage":{"@id":"https:\/\/truusk.store\/sv\/produkt\/truusk-avslappningsstol-med-pall-360-roterande-liggfunktion-cord-optik-beige-for-vardagsrum-sovrum\/#primaryimage"},"image":{"@id":"https:\/\/truusk.store\/sv\/produkt\/truusk-avslappningsstol-med-pall-360-roterande-liggfunktion-cord-optik-beige-for-vardagsrum-sovrum\/#primaryimage"},"thumbnailUrl":"https:\/\/i0.wp.com\/truusk.store\/wp-content\/uploads\/2025\/06\/avslappningsstol-med-pall-360-roterande-tv-stol-med-liggfunktion-tv-stol-med-cord-optik-vilostol-for-vardagsrum-sovrum-beige-1.webp?fit=2000%2C2000&ssl=1","datePublished":"2025-06-24T19:07:24+00:00","dateModified":"2026-03-12T08:44:22+00:00","breadcrumb":{"@id":"https:\/\/truusk.store\/sv\/produkt\/truusk-avslappningsstol-med-pall-360-roterande-liggfunktion-cord-optik-beige-for-vardagsrum-sovrum\/#breadcrumb"},"inLanguage":"sv-SE","potentialAction":[{"@type":"ReadAction","target":["https:\/\/truusk.store\/sv\/produkt\/truusk-avslappningsstol-med-pall-360-roterande-liggfunktion-cord-optik-beige-for-vardagsrum-sovrum\/"]}]},{"@type":"ImageObject","inLanguage":"sv-SE","@id":"https:\/\/truusk.store\/sv\/produkt\/truusk-avslappningsstol-med-pall-360-roterande-liggfunktion-cord-optik-beige-for-vardagsrum-sovrum\/#primaryimage","url":"https:\/\/i0.wp.com\/truusk.store\/wp-content\/uploads\/2025\/06\/avslappningsstol-med-pall-360-roterande-tv-stol-med-liggfunktion-tv-stol-med-cord-optik-vilostol-for-vardagsrum-sovrum-beige-1.webp?fit=2000%2C2000&ssl=1","contentUrl":"https:\/\/i0.wp.com\/truusk.store\/wp-content\/uploads\/2025\/06\/avslappningsstol-med-pall-360-roterande-tv-stol-med-liggfunktion-tv-stol-med-cord-optik-vilostol-for-vardagsrum-sovrum-beige-1.webp?fit=2000%2C2000&ssl=1","width":2000,"height":2000},{"@type":"BreadcrumbList","@id":"https:\/\/truusk.store\/sv\/produkt\/truusk-avslappningsstol-med-pall-360-roterande-liggfunktion-cord-optik-beige-for-vardagsrum-sovrum\/#breadcrumb","itemListElement":[{"@type":"ListItem","position":1,"name":"Home","item":"https:\/\/truusk.store\/sv\/"},{"@type":"ListItem","position":2,"name":"Shop","item":"https:\/\/truusk.store\/shop\/"},{"@type":"ListItem","position":3,"name":"TRUUSK Avslappningsstol med Pall &#8211; 360\u00b0 Roterande &#8211; Liggfunktion &#8211; Cord-optik &#8211; Beige &#8211; F\u00f6r Vardagsrum, Sovrum"}]},{"@type":"WebSite","@id":"https:\/\/truusk.store\/sv\/#website","url":"https:\/\/truusk.store\/sv\/","name":"TRUUSK - Hem, Tr\u00e4dg\u00e5rd & Fritid","description":"","publisher":{"@id":"https:\/\/truusk.store\/sv\/#organization"},"potentialAction":[{"@type":"SearchAction","target":{"@type":"EntryPoint","urlTemplate":"https:\/\/truusk.store\/sv\/?s={search_term_string}"},"query-input":{"@type":"PropertyValueSpecification","valueRequired":true,"valueName":"search_term_string"}}],"inLanguage":"sv-SE"},{"@type":"Organization","@id":"https:\/\/truusk.store\/sv\/#organization","name":"TRUUSK - Hem, Tr\u00e4dg\u00e5rd & Fritid","url":"https:\/\/truusk.store\/sv\/","logo":{"@type":"ImageObject","inLanguage":"sv-SE","@id":"https:\/\/truusk.store\/sv\/#\/schema\/logo\/image\/","url":"https:\/\/i0.wp.com\/truusk.store\/wp-content\/uploads\/2026\/03\/cropped-TRUUSK.png?fit=2032%2C917&ssl=1","contentUrl":"https:\/\/i0.wp.com\/truusk.store\/wp-content\/uploads\/2026\/03\/cropped-TRUUSK.png?fit=2032%2C917&ssl=1","width":2032,"height":917,"caption":"TRUUSK - Hem, Tr\u00e4dg\u00e5rd & Fritid"},"image":{"@id":"https:\/\/truusk.store\/sv\/#\/schema\/logo\/image\/"}}]}},"jetpack_sharing_enabled":true,"_links":{"self":[{"href":"https:\/\/truusk.store\/sv\/wp-json\/wp\/v2\/product\/81436","targetHints":{"allow":["GET"]}}],"collection":[{"href":"https:\/\/truusk.store\/sv\/wp-json\/wp\/v2\/product"}],"about":[{"href":"https:\/\/truusk.store\/sv\/wp-json\/wp\/v2\/types\/product"}],"wp:featuredmedia":[{"embeddable":true,"href":"https:\/\/truusk.store\/sv\/wp-json\/wp\/v2\/media\/81427"}],"wp:attachment":[{"href":"https:\/\/truusk.store\/sv\/wp-json\/wp\/v2\/media?parent=81436"}],"wp:term":[{"taxonomy":"product_brand","embeddable":true,"href":"https:\/\/truusk.store\/sv\/wp-json\/wp\/v2\/product_brand?post=81436"},{"taxonomy":"product_cat","embeddable":true,"href":"https:\/\/truusk.store\/sv\/wp-json\/wp\/v2\/product_cat?post=81436"},{"taxonomy":"product_tag","embeddable":true,"href":"https:\/\/truusk.store\/sv\/wp-json\/wp\/v2\/product_tag?post=81436"}],"curies":[{"name":"wp","href":"https:\/\/api.w.org\/{rel}","templated":true}]}}