{"id":81459,"date":"2025-06-25T19:58:48","date_gmt":"2025-06-25T18:58:48","guid":{"rendered":"https:\/\/truusk.store\/product\/skivstangsbank-traningsbank-med-forvaringslada-motstandsband-justerbar-fitnessbank-for-viktlyftning-styrketraning-massivt-tra\/"},"modified":"2026-03-12T09:14:29","modified_gmt":"2026-03-12T08:14:29","slug":"truusk-skivstangsbank-traningsbank-med-forvaringslada-motstandsband-justerbar-fitnessbank-for-viktlyftning","status":"publish","type":"product","link":"https:\/\/truusk.store\/sv\/produkt\/truusk-skivstangsbank-traningsbank-med-forvaringslada-motstandsband-justerbar-fitnessbank-for-viktlyftning\/","title":{"rendered":"TRUUSK Skivst\u00e5ngsb\u00e4nk &#8211; Tr\u00e4ningsb\u00e4nk Med F\u00f6rvaringsl\u00e5da &#8211; Motst\u00e5ndsband &#8211; Justerbar Fitnessb\u00e4nk &#8211; F\u00f6r Viktlyftning &#8211;"},"content":{"rendered":"<p>Uppt\u00e4ck det perfekta komplementet till din hemtr\u00e4ning med TRUUSK tr\u00e4ningsb\u00e4nken. Denna m\u00e5ngsidiga b\u00e4nk g\u00f6r det m\u00f6jligt f\u00f6r dig att utf\u00f6ra en omfattande styrketr\u00e4ning f\u00f6r armar, br\u00f6st och rygg p\u00e5 minsta m\u00f6jliga utrymme. Den inbyggda hantelst\u00e4llet ger ordning och s\u00e4kerhet, medan den vadderade s\u00e4tet och den 6-stegs justerbara ryggst\u00f6det erbjuder optimal komfort. Idealisk f\u00f6r fitnessentusiaster som vill g\u00f6ra sin tr\u00e4ningsrutin hemma effektiv och uppn\u00e5 sina styrkem\u00e5l. Upplev kvalitet och funktionalitet i varje tr\u00e4ning.<\/p>\n<p>Beskrivning:<\/p>\n<ul>\n<li> Vackert och robust massivt tr\u00e4<\/li>\n<li> Inbyggt hantelst\u00e4ll och f\u00f6rvaringsl\u00e5da f\u00f6r extra komfort<\/li>\n<li> Motst\u00e5ndsband f\u00f6r extra armtr\u00e4ning<\/li>\n<li> Med sex inst\u00e4llningar f\u00f6r olika tr\u00e4ningsintensiteter<\/li>\n<li> Vadderad tr\u00e4ningsb\u00e4nk, f\u00f6r en bekv\u00e4m tr\u00e4ning<\/li>\n<li> L\u00e4mplig f\u00f6r tr\u00e4ning hemma eller p\u00e5 kontoret<\/li>\n<li> Maximal belastning 120 kg, montering kr\u00e4vs<\/li>\n<\/ul>\n<p>Tekniska data:<\/p>\n<ul>\n<li> F\u00e4rg: Natur<\/li>\n<li> Material: Bok, konstl\u00e4der<\/li>\n<li> Totala dimensioner: 110L x 35B x 43-107H cm<\/li>\n<li> Sitsdimensioner: 33L x 33B cm<\/li>\n<li> Ryggst\u00f6dsdimensioner: 67L x 33B cm<\/li>\n<li> Justerbar vinkel p\u00e5 ryggst\u00f6det: 90\u00b0, 110\u00b0, 125\u00b0, 145\u00b0, 165\u00b0, 180\u00b0<\/li>\n<li> Nedre f\u00f6rvaringsfacksdimensioner: 27L x 27B cm<\/li>\n<li> H\u00f6jd p\u00e5 hantelst\u00e4llet: 25 cm<\/li>\n<li> B\u00e4rkapacitet: 120 kg<\/li>\n<\/ul>\n<p>Leveransinneh\u00e5ll:<\/p>\n<ul>\n<li> 1 x Kort hantelb\u00e4nk<\/li>\n<li> 2 x Motst\u00e5ndsband<\/li>\n<li> 1 x Handbok<\/li>\n<\/ul>\n","protected":false},"excerpt":{"rendered":"<p>Uppt\u00e4ck det perfekta komplementet till din hemtr\u00e4ning med TRUUSK tr\u00e4ningsb\u00e4nken. Denna m\u00e5ngsidiga b\u00e4nk g\u00f6r det m\u00f6jligt f\u00f6r dig att utf\u00f6ra&#8230;<\/p>\n","protected":false},"featured_media":81450,"template":"","meta":[],"product_brand":[],"product_cat":[873,647,665],"product_tag":[],"class_list":{"0":"post-81459","1":"product","2":"type-product","3":"status-publish","4":"has-post-thumbnail","6":"product_cat-fitness-styrketraning","7":"product_cat-sport-fritid","8":"product_cat-styrketraning","10":"first","11":"instock","12":"sale","13":"taxable","14":"shipping-taxable","15":"purchasable","16":"product-type-simple"},"yoast_head":"<!-- This site is optimized with the Yoast SEO plugin v25.4 - https:\/\/yoast.com\/wordpress\/plugins\/seo\/ -->\n<title>TRUUSK Skivst\u00e5ngsb\u00e4nk - Tr\u00e4ningsb\u00e4nk Med F\u00f6rvaringsl\u00e5da - Motst\u00e5ndsband - Justerbar Fitnessb\u00e4nk - F\u00f6r Viktlyftning - TRUUSK - Hem, Tr\u00e4dg\u00e5rd &amp; Fritid<\/title>\n<meta name=\"robots\" content=\"index, follow, max-snippet:-1, max-image-preview:large, max-video-preview:-1\" \/>\n<link rel=\"canonical\" href=\"https:\/\/truusk.store\/sv\/produkt\/truusk-skivstangsbank-traningsbank-med-forvaringslada-motstandsband-justerbar-fitnessbank-for-viktlyftning\/\" \/>\n<meta property=\"og:locale\" content=\"sv_SE\" \/>\n<meta property=\"og:type\" content=\"article\" \/>\n<meta property=\"og:title\" content=\"TRUUSK Skivst\u00e5ngsb\u00e4nk - Tr\u00e4ningsb\u00e4nk Med F\u00f6rvaringsl\u00e5da - Motst\u00e5ndsband - Justerbar Fitnessb\u00e4nk - F\u00f6r Viktlyftning - TRUUSK - Hem, Tr\u00e4dg\u00e5rd &amp; Fritid\" \/>\n<meta property=\"og:description\" content=\"Uppt\u00e4ck det perfekta komplementet till din hemtr\u00e4ning med TRUUSK tr\u00e4ningsb\u00e4nken. Denna m\u00e5ngsidiga b\u00e4nk g\u00f6r det m\u00f6jligt f\u00f6r dig att utf\u00f6ra...\" \/>\n<meta property=\"og:url\" content=\"https:\/\/truusk.store\/sv\/produkt\/truusk-skivstangsbank-traningsbank-med-forvaringslada-motstandsband-justerbar-fitnessbank-for-viktlyftning\/\" \/>\n<meta property=\"og:site_name\" content=\"TRUUSK - Hem, Tr\u00e4dg\u00e5rd &amp; Fritid\" \/>\n<meta property=\"article:modified_time\" content=\"2026-03-12T08:14:29+00:00\" \/>\n<meta property=\"og:image\" content=\"https:\/\/i0.wp.com\/truusk.se\/wp-content\/uploads\/2025\/06\/skivstangsbank-traningsbank-med-forvaringslada-motstandsband-justerbar-fitnessbank-for-viktlyftning-styrketraning-massivt-tra-1.webp?fit=2000%2C2000&ssl=1\" \/>\n\t<meta property=\"og:image:width\" content=\"2000\" \/>\n\t<meta property=\"og:image:height\" content=\"2000\" \/>\n\t<meta property=\"og:image:type\" content=\"image\/webp\" \/>\n<meta name=\"twitter:card\" content=\"summary_large_image\" \/>\n<meta name=\"twitter:label1\" content=\"Ber\u00e4knad l\u00e4stid\" \/>\n\t<meta name=\"twitter:data1\" content=\"1 minut\" \/>\n<!-- \/ Yoast SEO plugin. -->","yoast_head_json":{"title":"TRUUSK Skivst\u00e5ngsb\u00e4nk - Tr\u00e4ningsb\u00e4nk Med F\u00f6rvaringsl\u00e5da - Motst\u00e5ndsband - Justerbar Fitnessb\u00e4nk - F\u00f6r Viktlyftning - TRUUSK - Hem, Tr\u00e4dg\u00e5rd &amp; Fritid","robots":{"index":"index","follow":"follow","max-snippet":"max-snippet:-1","max-image-preview":"max-image-preview:large","max-video-preview":"max-video-preview:-1"},"canonical":"https:\/\/truusk.store\/sv\/produkt\/truusk-skivstangsbank-traningsbank-med-forvaringslada-motstandsband-justerbar-fitnessbank-for-viktlyftning\/","og_locale":"sv_SE","og_type":"article","og_title":"TRUUSK Skivst\u00e5ngsb\u00e4nk - Tr\u00e4ningsb\u00e4nk Med F\u00f6rvaringsl\u00e5da - Motst\u00e5ndsband - Justerbar Fitnessb\u00e4nk - F\u00f6r Viktlyftning - TRUUSK - Hem, Tr\u00e4dg\u00e5rd &amp; Fritid","og_description":"Uppt\u00e4ck det perfekta komplementet till din hemtr\u00e4ning med TRUUSK tr\u00e4ningsb\u00e4nken. Denna m\u00e5ngsidiga b\u00e4nk g\u00f6r det m\u00f6jligt f\u00f6r dig att utf\u00f6ra...","og_url":"https:\/\/truusk.store\/sv\/produkt\/truusk-skivstangsbank-traningsbank-med-forvaringslada-motstandsband-justerbar-fitnessbank-for-viktlyftning\/","og_site_name":"TRUUSK - Hem, Tr\u00e4dg\u00e5rd &amp; Fritid","article_modified_time":"2026-03-12T08:14:29+00:00","og_image":[{"width":2000,"height":2000,"url":"https:\/\/i0.wp.com\/truusk.se\/wp-content\/uploads\/2025\/06\/skivstangsbank-traningsbank-med-forvaringslada-motstandsband-justerbar-fitnessbank-for-viktlyftning-styrketraning-massivt-tra-1.webp?fit=2000%2C2000&ssl=1","type":"image\/webp"}],"twitter_card":"summary_large_image","twitter_misc":{"Ber\u00e4knad l\u00e4stid":"1 minut"},"schema":{"@context":"https:\/\/schema.org","@graph":[{"@type":"WebPage","@id":"https:\/\/truusk.store\/sv\/produkt\/truusk-skivstangsbank-traningsbank-med-forvaringslada-motstandsband-justerbar-fitnessbank-for-viktlyftning\/","url":"https:\/\/truusk.store\/sv\/produkt\/truusk-skivstangsbank-traningsbank-med-forvaringslada-motstandsband-justerbar-fitnessbank-for-viktlyftning\/","name":"TRUUSK Skivst\u00e5ngsb\u00e4nk - Tr\u00e4ningsb\u00e4nk Med F\u00f6rvaringsl\u00e5da - Motst\u00e5ndsband - Justerbar Fitnessb\u00e4nk - F\u00f6r Viktlyftning - TRUUSK - Hem, Tr\u00e4dg\u00e5rd &amp; Fritid","isPartOf":{"@id":"https:\/\/truusk.store\/sv\/#website"},"primaryImageOfPage":{"@id":"https:\/\/truusk.store\/sv\/produkt\/truusk-skivstangsbank-traningsbank-med-forvaringslada-motstandsband-justerbar-fitnessbank-for-viktlyftning\/#primaryimage"},"image":{"@id":"https:\/\/truusk.store\/sv\/produkt\/truusk-skivstangsbank-traningsbank-med-forvaringslada-motstandsband-justerbar-fitnessbank-for-viktlyftning\/#primaryimage"},"thumbnailUrl":"https:\/\/i0.wp.com\/truusk.store\/wp-content\/uploads\/2025\/06\/skivstangsbank-traningsbank-med-forvaringslada-motstandsband-justerbar-fitnessbank-for-viktlyftning-styrketraning-massivt-tra-1.webp?fit=2000%2C2000&ssl=1","datePublished":"2025-06-25T18:58:48+00:00","dateModified":"2026-03-12T08:14:29+00:00","breadcrumb":{"@id":"https:\/\/truusk.store\/sv\/produkt\/truusk-skivstangsbank-traningsbank-med-forvaringslada-motstandsband-justerbar-fitnessbank-for-viktlyftning\/#breadcrumb"},"inLanguage":"sv-SE","potentialAction":[{"@type":"ReadAction","target":["https:\/\/truusk.store\/sv\/produkt\/truusk-skivstangsbank-traningsbank-med-forvaringslada-motstandsband-justerbar-fitnessbank-for-viktlyftning\/"]}]},{"@type":"ImageObject","inLanguage":"sv-SE","@id":"https:\/\/truusk.store\/sv\/produkt\/truusk-skivstangsbank-traningsbank-med-forvaringslada-motstandsband-justerbar-fitnessbank-for-viktlyftning\/#primaryimage","url":"https:\/\/i0.wp.com\/truusk.store\/wp-content\/uploads\/2025\/06\/skivstangsbank-traningsbank-med-forvaringslada-motstandsband-justerbar-fitnessbank-for-viktlyftning-styrketraning-massivt-tra-1.webp?fit=2000%2C2000&ssl=1","contentUrl":"https:\/\/i0.wp.com\/truusk.store\/wp-content\/uploads\/2025\/06\/skivstangsbank-traningsbank-med-forvaringslada-motstandsband-justerbar-fitnessbank-for-viktlyftning-styrketraning-massivt-tra-1.webp?fit=2000%2C2000&ssl=1","width":2000,"height":2000},{"@type":"BreadcrumbList","@id":"https:\/\/truusk.store\/sv\/produkt\/truusk-skivstangsbank-traningsbank-med-forvaringslada-motstandsband-justerbar-fitnessbank-for-viktlyftning\/#breadcrumb","itemListElement":[{"@type":"ListItem","position":1,"name":"Home","item":"https:\/\/truusk.store\/sv\/"},{"@type":"ListItem","position":2,"name":"Shop","item":"https:\/\/truusk.store\/shop\/"},{"@type":"ListItem","position":3,"name":"TRUUSK Skivst\u00e5ngsb\u00e4nk &#8211; Tr\u00e4ningsb\u00e4nk Med F\u00f6rvaringsl\u00e5da &#8211; Motst\u00e5ndsband &#8211; Justerbar Fitnessb\u00e4nk &#8211; F\u00f6r Viktlyftning &#8211;"}]},{"@type":"WebSite","@id":"https:\/\/truusk.store\/sv\/#website","url":"https:\/\/truusk.store\/sv\/","name":"TRUUSK - Hem, Tr\u00e4dg\u00e5rd & Fritid","description":"","publisher":{"@id":"https:\/\/truusk.store\/sv\/#organization"},"potentialAction":[{"@type":"SearchAction","target":{"@type":"EntryPoint","urlTemplate":"https:\/\/truusk.store\/sv\/?s={search_term_string}"},"query-input":{"@type":"PropertyValueSpecification","valueRequired":true,"valueName":"search_term_string"}}],"inLanguage":"sv-SE"},{"@type":"Organization","@id":"https:\/\/truusk.store\/sv\/#organization","name":"TRUUSK - Hem, Tr\u00e4dg\u00e5rd & Fritid","url":"https:\/\/truusk.store\/sv\/","logo":{"@type":"ImageObject","inLanguage":"sv-SE","@id":"https:\/\/truusk.store\/sv\/#\/schema\/logo\/image\/","url":"https:\/\/i0.wp.com\/truusk.store\/wp-content\/uploads\/2026\/03\/cropped-TRUUSK.png?fit=2032%2C917&ssl=1","contentUrl":"https:\/\/i0.wp.com\/truusk.store\/wp-content\/uploads\/2026\/03\/cropped-TRUUSK.png?fit=2032%2C917&ssl=1","width":2032,"height":917,"caption":"TRUUSK - Hem, Tr\u00e4dg\u00e5rd & Fritid"},"image":{"@id":"https:\/\/truusk.store\/sv\/#\/schema\/logo\/image\/"}}]}},"jetpack_sharing_enabled":true,"_links":{"self":[{"href":"https:\/\/truusk.store\/sv\/wp-json\/wp\/v2\/product\/81459","targetHints":{"allow":["GET"]}}],"collection":[{"href":"https:\/\/truusk.store\/sv\/wp-json\/wp\/v2\/product"}],"about":[{"href":"https:\/\/truusk.store\/sv\/wp-json\/wp\/v2\/types\/product"}],"wp:featuredmedia":[{"embeddable":true,"href":"https:\/\/truusk.store\/sv\/wp-json\/wp\/v2\/media\/81450"}],"wp:attachment":[{"href":"https:\/\/truusk.store\/sv\/wp-json\/wp\/v2\/media?parent=81459"}],"wp:term":[{"taxonomy":"product_brand","embeddable":true,"href":"https:\/\/truusk.store\/sv\/wp-json\/wp\/v2\/product_brand?post=81459"},{"taxonomy":"product_cat","embeddable":true,"href":"https:\/\/truusk.store\/sv\/wp-json\/wp\/v2\/product_cat?post=81459"},{"taxonomy":"product_tag","embeddable":true,"href":"https:\/\/truusk.store\/sv\/wp-json\/wp\/v2\/product_tag?post=81459"}],"curies":[{"name":"wp","href":"https:\/\/api.w.org\/{rel}","templated":true}]}}