{"id":81491,"date":"2025-06-26T12:35:35","date_gmt":"2025-06-26T11:35:35","guid":{"rendered":"https:\/\/truusk.store\/product\/handdukstegen-49-x-1675-cm-handduksstall-med-4-stanger-utrymmesbesparande-for-badlakan-klader-filtar-tidningar-av-stal-svart\/"},"modified":"2026-03-12T09:40:35","modified_gmt":"2026-03-12T08:40:35","slug":"truusk-handdukstegen-49x1675-cm-handduksstall-med-4-stanger-utrymmesbesparande-for-badlakan-klader-filtar-av-stal","status":"publish","type":"product","link":"https:\/\/truusk.store\/sv\/produkt\/truusk-handdukstegen-49x1675-cm-handduksstall-med-4-stanger-utrymmesbesparande-for-badlakan-klader-filtar-av-stal\/","title":{"rendered":"TRUUSK Handdukstegen 49&#215;167,5 cm &#8211; Handduksst\u00e4ll med 4 st\u00e4nger &#8211; Utrymmesbesparande &#8211; F\u00f6r badlakan, kl\u00e4der, filtar &#8211; Av st\u00e5l &#8211;"},"content":{"rendered":"<p>Ge ditt badrum mer stil och funktionalitet med den frist\u00e5ende handduksh\u00e5llaren fr\u00e5n TRUUSK. Denna eleganta handduksst\u00e4ll kombinerar st\u00e5l med bambu och erbjuder s\u00e5ledes en perfekt blandning av modern design och naturlig estetik. Tack vare de optimala avst\u00e5nden mellan de fyra st\u00e4ngerna kan du h\u00e4nga upp flera handdukar samtidigt och effektivt. L\u00e4tt och utrymmesbesparande, passar den perfekt bredvid din dusch eller badkar f\u00f6r ett hygieniskt &amp; harmoniskt badrum.<\/p>\n<p>Beskrivning:<\/p>\n<ul>\n<li> Robust elegans genom kombinationen av pulverlackerat st\u00e5l och lackerad bambu<\/li>\n<li> Fyra stegar m\u00f6jligg\u00f6r snabb torkning av handdukar<\/li>\n<li> Utrymmesbesparande design f\u00f6r att luta mot v\u00e4ggen, idealisk f\u00f6r h\u00f6rnrum<\/li>\n<li> M\u00e5ngsidigt anv\u00e4ndbar f\u00f6r handdukar, filtar, lakan, halsdukar och mer<\/li>\n<li> L\u00e4tt konstruktion, enkel att flytta mellan olika rum<\/li>\n<li> Enkel montering<\/li>\n<\/ul>\n<p>Tekniska data:<\/p>\n<ul>\n<li> F\u00e4rg: Svart+Naturtr\u00e4<\/li>\n<li> Material: St\u00e5l, Bambu<\/li>\n<li> Totala dimensioner: 49L x 5,5B x 167,5H cm<\/li>\n<li> St\u00e5ngdimensioner: 45L x 159\/119\/79\/39H cm<\/li>\n<li> B\u00e4rkapacitet: 10 kg (totalt), 2,5 kg (per st\u00e5ng)<\/li>\n<\/ul>\n<p>Leveransinneh\u00e5ll:<\/p>\n<ul>\n<li> 1 x Handduksh\u00e5llare<\/li>\n<li> 1 x Handbok<\/li>\n<\/ul>\n","protected":false},"excerpt":{"rendered":"<p>Ge ditt badrum mer stil och funktionalitet med den frist\u00e5ende handduksh\u00e5llaren fr\u00e5n TRUUSK. Denna eleganta handduksst\u00e4ll kombinerar st\u00e5l med bambu&#8230;<\/p>\n","protected":false},"featured_media":81480,"template":"","meta":[],"product_brand":[],"product_cat":[915,930,871],"product_tag":[],"class_list":{"0":"post-81491","1":"product","2":"type-product","3":"status-publish","4":"has-post-thumbnail","6":"product_cat-badrum","7":"product_cat-handdukshallare","8":"product_cat-hus-hem","10":"first","11":"instock","12":"sale","13":"taxable","14":"shipping-taxable","15":"purchasable","16":"product-type-simple"},"yoast_head":"<!-- This site is optimized with the Yoast SEO plugin v25.4 - https:\/\/yoast.com\/wordpress\/plugins\/seo\/ -->\n<title>TRUUSK Handdukstegen 49x167,5 cm - Handduksst\u00e4ll med 4 st\u00e4nger - Utrymmesbesparande - F\u00f6r badlakan, kl\u00e4der, filtar - Av st\u00e5l - TRUUSK - Hem, Tr\u00e4dg\u00e5rd &amp; Fritid<\/title>\n<meta name=\"robots\" content=\"index, follow, max-snippet:-1, max-image-preview:large, max-video-preview:-1\" \/>\n<link rel=\"canonical\" href=\"https:\/\/truusk.store\/sv\/produkt\/truusk-handdukstegen-49x1675-cm-handduksstall-med-4-stanger-utrymmesbesparande-for-badlakan-klader-filtar-av-stal\/\" \/>\n<meta property=\"og:locale\" content=\"sv_SE\" \/>\n<meta property=\"og:type\" content=\"article\" \/>\n<meta property=\"og:title\" content=\"TRUUSK Handdukstegen 49x167,5 cm - Handduksst\u00e4ll med 4 st\u00e4nger - Utrymmesbesparande - F\u00f6r badlakan, kl\u00e4der, filtar - Av st\u00e5l - TRUUSK - Hem, Tr\u00e4dg\u00e5rd &amp; Fritid\" \/>\n<meta property=\"og:description\" content=\"Ge ditt badrum mer stil och funktionalitet med den frist\u00e5ende handduksh\u00e5llaren fr\u00e5n TRUUSK. Denna eleganta handduksst\u00e4ll kombinerar st\u00e5l med bambu...\" \/>\n<meta property=\"og:url\" content=\"https:\/\/truusk.store\/sv\/produkt\/truusk-handdukstegen-49x1675-cm-handduksstall-med-4-stanger-utrymmesbesparande-for-badlakan-klader-filtar-av-stal\/\" \/>\n<meta property=\"og:site_name\" content=\"TRUUSK - Hem, Tr\u00e4dg\u00e5rd &amp; Fritid\" \/>\n<meta property=\"article:modified_time\" content=\"2026-03-12T08:40:35+00:00\" \/>\n<meta property=\"og:image\" content=\"https:\/\/i0.wp.com\/truusk.se\/wp-content\/uploads\/2025\/06\/handdukstegen-49-x-1675-cm-handduksstall-med-4-stanger-utrymmesbesparande-for-badlakan-klader-filtar-tidningar-av-stal-svart-1.webp?fit=2000%2C2000&ssl=1\" \/>\n\t<meta property=\"og:image:width\" content=\"2000\" \/>\n\t<meta property=\"og:image:height\" content=\"2000\" \/>\n\t<meta property=\"og:image:type\" content=\"image\/webp\" \/>\n<meta name=\"twitter:card\" content=\"summary_large_image\" \/>\n<meta name=\"twitter:label1\" content=\"Ber\u00e4knad l\u00e4stid\" \/>\n\t<meta name=\"twitter:data1\" content=\"1 minut\" \/>\n<!-- \/ Yoast SEO plugin. -->","yoast_head_json":{"title":"TRUUSK Handdukstegen 49x167,5 cm - Handduksst\u00e4ll med 4 st\u00e4nger - Utrymmesbesparande - F\u00f6r badlakan, kl\u00e4der, filtar - Av st\u00e5l - TRUUSK - Hem, Tr\u00e4dg\u00e5rd &amp; Fritid","robots":{"index":"index","follow":"follow","max-snippet":"max-snippet:-1","max-image-preview":"max-image-preview:large","max-video-preview":"max-video-preview:-1"},"canonical":"https:\/\/truusk.store\/sv\/produkt\/truusk-handdukstegen-49x1675-cm-handduksstall-med-4-stanger-utrymmesbesparande-for-badlakan-klader-filtar-av-stal\/","og_locale":"sv_SE","og_type":"article","og_title":"TRUUSK Handdukstegen 49x167,5 cm - Handduksst\u00e4ll med 4 st\u00e4nger - Utrymmesbesparande - F\u00f6r badlakan, kl\u00e4der, filtar - Av st\u00e5l - TRUUSK - Hem, Tr\u00e4dg\u00e5rd &amp; Fritid","og_description":"Ge ditt badrum mer stil och funktionalitet med den frist\u00e5ende handduksh\u00e5llaren fr\u00e5n TRUUSK. Denna eleganta handduksst\u00e4ll kombinerar st\u00e5l med bambu...","og_url":"https:\/\/truusk.store\/sv\/produkt\/truusk-handdukstegen-49x1675-cm-handduksstall-med-4-stanger-utrymmesbesparande-for-badlakan-klader-filtar-av-stal\/","og_site_name":"TRUUSK - Hem, Tr\u00e4dg\u00e5rd &amp; Fritid","article_modified_time":"2026-03-12T08:40:35+00:00","og_image":[{"width":2000,"height":2000,"url":"https:\/\/i0.wp.com\/truusk.se\/wp-content\/uploads\/2025\/06\/handdukstegen-49-x-1675-cm-handduksstall-med-4-stanger-utrymmesbesparande-for-badlakan-klader-filtar-tidningar-av-stal-svart-1.webp?fit=2000%2C2000&ssl=1","type":"image\/webp"}],"twitter_card":"summary_large_image","twitter_misc":{"Ber\u00e4knad l\u00e4stid":"1 minut"},"schema":{"@context":"https:\/\/schema.org","@graph":[{"@type":"WebPage","@id":"https:\/\/truusk.store\/sv\/produkt\/truusk-handdukstegen-49x1675-cm-handduksstall-med-4-stanger-utrymmesbesparande-for-badlakan-klader-filtar-av-stal\/","url":"https:\/\/truusk.store\/sv\/produkt\/truusk-handdukstegen-49x1675-cm-handduksstall-med-4-stanger-utrymmesbesparande-for-badlakan-klader-filtar-av-stal\/","name":"TRUUSK Handdukstegen 49x167,5 cm - Handduksst\u00e4ll med 4 st\u00e4nger - Utrymmesbesparande - F\u00f6r badlakan, kl\u00e4der, filtar - Av st\u00e5l - TRUUSK - Hem, Tr\u00e4dg\u00e5rd &amp; Fritid","isPartOf":{"@id":"https:\/\/truusk.store\/sv\/#website"},"primaryImageOfPage":{"@id":"https:\/\/truusk.store\/sv\/produkt\/truusk-handdukstegen-49x1675-cm-handduksstall-med-4-stanger-utrymmesbesparande-for-badlakan-klader-filtar-av-stal\/#primaryimage"},"image":{"@id":"https:\/\/truusk.store\/sv\/produkt\/truusk-handdukstegen-49x1675-cm-handduksstall-med-4-stanger-utrymmesbesparande-for-badlakan-klader-filtar-av-stal\/#primaryimage"},"thumbnailUrl":"https:\/\/i0.wp.com\/truusk.store\/wp-content\/uploads\/2025\/06\/handdukstegen-49-x-1675-cm-handduksstall-med-4-stanger-utrymmesbesparande-for-badlakan-klader-filtar-tidningar-av-stal-svart-1.webp?fit=2000%2C2000&ssl=1","datePublished":"2025-06-26T11:35:35+00:00","dateModified":"2026-03-12T08:40:35+00:00","breadcrumb":{"@id":"https:\/\/truusk.store\/sv\/produkt\/truusk-handdukstegen-49x1675-cm-handduksstall-med-4-stanger-utrymmesbesparande-for-badlakan-klader-filtar-av-stal\/#breadcrumb"},"inLanguage":"sv-SE","potentialAction":[{"@type":"ReadAction","target":["https:\/\/truusk.store\/sv\/produkt\/truusk-handdukstegen-49x1675-cm-handduksstall-med-4-stanger-utrymmesbesparande-for-badlakan-klader-filtar-av-stal\/"]}]},{"@type":"ImageObject","inLanguage":"sv-SE","@id":"https:\/\/truusk.store\/sv\/produkt\/truusk-handdukstegen-49x1675-cm-handduksstall-med-4-stanger-utrymmesbesparande-for-badlakan-klader-filtar-av-stal\/#primaryimage","url":"https:\/\/i0.wp.com\/truusk.store\/wp-content\/uploads\/2025\/06\/handdukstegen-49-x-1675-cm-handduksstall-med-4-stanger-utrymmesbesparande-for-badlakan-klader-filtar-tidningar-av-stal-svart-1.webp?fit=2000%2C2000&ssl=1","contentUrl":"https:\/\/i0.wp.com\/truusk.store\/wp-content\/uploads\/2025\/06\/handdukstegen-49-x-1675-cm-handduksstall-med-4-stanger-utrymmesbesparande-for-badlakan-klader-filtar-tidningar-av-stal-svart-1.webp?fit=2000%2C2000&ssl=1","width":2000,"height":2000},{"@type":"BreadcrumbList","@id":"https:\/\/truusk.store\/sv\/produkt\/truusk-handdukstegen-49x1675-cm-handduksstall-med-4-stanger-utrymmesbesparande-for-badlakan-klader-filtar-av-stal\/#breadcrumb","itemListElement":[{"@type":"ListItem","position":1,"name":"Home","item":"https:\/\/truusk.store\/sv\/"},{"@type":"ListItem","position":2,"name":"Shop","item":"https:\/\/truusk.store\/shop\/"},{"@type":"ListItem","position":3,"name":"TRUUSK Handdukstegen 49&#215;167,5 cm &#8211; Handduksst\u00e4ll med 4 st\u00e4nger &#8211; Utrymmesbesparande &#8211; F\u00f6r badlakan, kl\u00e4der, filtar &#8211; Av st\u00e5l &#8211;"}]},{"@type":"WebSite","@id":"https:\/\/truusk.store\/sv\/#website","url":"https:\/\/truusk.store\/sv\/","name":"TRUUSK - Hem, Tr\u00e4dg\u00e5rd & Fritid","description":"","publisher":{"@id":"https:\/\/truusk.store\/sv\/#organization"},"potentialAction":[{"@type":"SearchAction","target":{"@type":"EntryPoint","urlTemplate":"https:\/\/truusk.store\/sv\/?s={search_term_string}"},"query-input":{"@type":"PropertyValueSpecification","valueRequired":true,"valueName":"search_term_string"}}],"inLanguage":"sv-SE"},{"@type":"Organization","@id":"https:\/\/truusk.store\/sv\/#organization","name":"TRUUSK - Hem, Tr\u00e4dg\u00e5rd & Fritid","url":"https:\/\/truusk.store\/sv\/","logo":{"@type":"ImageObject","inLanguage":"sv-SE","@id":"https:\/\/truusk.store\/sv\/#\/schema\/logo\/image\/","url":"https:\/\/i0.wp.com\/truusk.store\/wp-content\/uploads\/2026\/03\/cropped-TRUUSK.png?fit=2032%2C917&ssl=1","contentUrl":"https:\/\/i0.wp.com\/truusk.store\/wp-content\/uploads\/2026\/03\/cropped-TRUUSK.png?fit=2032%2C917&ssl=1","width":2032,"height":917,"caption":"TRUUSK - Hem, Tr\u00e4dg\u00e5rd & Fritid"},"image":{"@id":"https:\/\/truusk.store\/sv\/#\/schema\/logo\/image\/"}}]}},"jetpack_sharing_enabled":true,"_links":{"self":[{"href":"https:\/\/truusk.store\/sv\/wp-json\/wp\/v2\/product\/81491","targetHints":{"allow":["GET"]}}],"collection":[{"href":"https:\/\/truusk.store\/sv\/wp-json\/wp\/v2\/product"}],"about":[{"href":"https:\/\/truusk.store\/sv\/wp-json\/wp\/v2\/types\/product"}],"wp:featuredmedia":[{"embeddable":true,"href":"https:\/\/truusk.store\/sv\/wp-json\/wp\/v2\/media\/81480"}],"wp:attachment":[{"href":"https:\/\/truusk.store\/sv\/wp-json\/wp\/v2\/media?parent=81491"}],"wp:term":[{"taxonomy":"product_brand","embeddable":true,"href":"https:\/\/truusk.store\/sv\/wp-json\/wp\/v2\/product_brand?post=81491"},{"taxonomy":"product_cat","embeddable":true,"href":"https:\/\/truusk.store\/sv\/wp-json\/wp\/v2\/product_cat?post=81491"},{"taxonomy":"product_tag","embeddable":true,"href":"https:\/\/truusk.store\/sv\/wp-json\/wp\/v2\/product_tag?post=81491"}],"curies":[{"name":"wp","href":"https:\/\/api.w.org\/{rel}","templated":true}]}}