{"id":81561,"date":"2025-06-27T12:39:56","date_gmt":"2025-06-27T11:39:56","guid":{"rendered":"https:\/\/truusk.store\/product\/fatolj-loungefatolj-med-armstod-360-roteringsfunktion-linneutseende-svangstol-med-metallben-for-vardagsrum-sovrum-kramvit\/"},"modified":"2026-03-12T09:44:39","modified_gmt":"2026-03-12T08:44:39","slug":"truusk-loungefatolj-med-armstod-360-roteringsfunktion-linneutseende-metallben-vardagsrum-sovrum-kramvit","status":"publish","type":"product","link":"https:\/\/truusk.store\/sv\/produkt\/truusk-loungefatolj-med-armstod-360-roteringsfunktion-linneutseende-metallben-vardagsrum-sovrum-kramvit\/","title":{"rendered":"TRUUSK Loungef\u00e5t\u00f6lj med Armst\u00f6d &#8211; 360\u00b0 Roteringsfunktion &#8211; Linneutseende &#8211; Metallben &#8211; Vardagsrum &#8211; Sovrum &#8211; Kr\u00e4mvit"},"content":{"rendered":"<p>I denna roterande relaxstol fr\u00e5n TRUUSK m\u00f6ter mysighet ultimat r\u00f6relsefrihet. Den otroligt bekv\u00e4ma sittsk\u00e5len f\u00e5ngar dig bekv\u00e4mt medan du sjunker in i komfort. Mysigt mjukt kl\u00e4dd, kombinerar denna stoppade stol stil och komfort p\u00e5 ett perfekt s\u00e4tt. Robusta metallben med golvskydd skyddar ditt golv fr\u00e5n repor. Idealisk f\u00f6r att ge varje rum en modern och stilfull accent!<\/p>\n<p>Beskrivning:<\/p>\n<ul>\n<li> 360-graders rotation av sv\u00e4ngstolen f\u00f6r enkel r\u00f6relse i alla positioner<\/li>\n<li> Bekv\u00e4m sittsk\u00e5l \u00f6kar komfort och st\u00f6d<\/li>\n<li> Mysigt, mjukt kl\u00e4dd l\u00e4sstol f\u00f6r bekv\u00e4mt sittande<\/li>\n<li> Pulverlackerade metallben p\u00e5 sminkstolen f\u00f6r h\u00e5llbarhet och stabilitet<\/li>\n<li> Golvskydd f\u00f6rhindrar skador p\u00e5 golvet<\/li>\n<li> Mycket m\u00e5ngsidig, l\u00e4mplig f\u00f6r olika rum<\/li>\n<li> Montering kr\u00e4vs<\/li>\n<\/ul>\n<p> Tekniska data:<\/p>\n<ul>\n<li> F\u00e4rg: Kr\u00e4m vit + Svart<\/li>\n<li> Material: Polyester, skum, metall<\/li>\n<li> Totala dimensioner: 58,5B x 59T x 78,5H cm<\/li>\n<li> Sitsstorlek: 46,5B x 42T x 48,5H cm<\/li>\n<li> Storlek p\u00e5 ryggst\u00f6d: 61B x 28H cm<\/li>\n<li> Armst\u00f6dsh\u00f6jd: 21 cm<\/li>\n<li> Kuddtjocklek: 9 cm (sits), 5 cm (rygg)<\/li>\n<li> B\u00e4rkapacitet: 120 kg<\/li>\n<\/ul>\n<p> Leveransinneh\u00e5ll:<\/p>\n<ul>\n<li> 1 x F\u00e5t\u00f6lj<\/li>\n<li> 1 x Instruktioner<\/li>\n<\/ul>\n","protected":false},"excerpt":{"rendered":"<p>I denna roterande relaxstol fr\u00e5n TRUUSK m\u00f6ter mysighet ultimat r\u00f6relsefrihet. Den otroligt bekv\u00e4ma sittsk\u00e5len f\u00e5ngar dig bekv\u00e4mt medan du sjunker&#8230;<\/p>\n","protected":false},"featured_media":81552,"template":"","meta":[],"product_brand":[],"product_cat":[871,519,910],"product_tag":[],"class_list":{"0":"post-81561","1":"product","2":"type-product","3":"status-publish","4":"has-post-thumbnail","6":"product_cat-hus-hem","7":"product_cat-stoppade-stolar","8":"product_cat-vardagsrum","10":"first","11":"instock","12":"sale","13":"taxable","14":"shipping-taxable","15":"purchasable","16":"product-type-simple"},"yoast_head":"<!-- This site is optimized with the Yoast SEO plugin v25.4 - https:\/\/yoast.com\/wordpress\/plugins\/seo\/ -->\n<title>TRUUSK Loungef\u00e5t\u00f6lj med Armst\u00f6d - 360\u00b0 Roteringsfunktion - Linneutseende - Metallben - Vardagsrum - Sovrum - Kr\u00e4mvit - TRUUSK - Hem, Tr\u00e4dg\u00e5rd &amp; Fritid<\/title>\n<meta name=\"robots\" content=\"index, follow, max-snippet:-1, max-image-preview:large, max-video-preview:-1\" \/>\n<link rel=\"canonical\" href=\"https:\/\/truusk.store\/sv\/produkt\/truusk-loungefatolj-med-armstod-360-roteringsfunktion-linneutseende-metallben-vardagsrum-sovrum-kramvit\/\" \/>\n<meta property=\"og:locale\" content=\"sv_SE\" \/>\n<meta property=\"og:type\" content=\"article\" \/>\n<meta property=\"og:title\" content=\"TRUUSK Loungef\u00e5t\u00f6lj med Armst\u00f6d - 360\u00b0 Roteringsfunktion - Linneutseende - Metallben - Vardagsrum - Sovrum - Kr\u00e4mvit - TRUUSK - Hem, Tr\u00e4dg\u00e5rd &amp; Fritid\" \/>\n<meta property=\"og:description\" content=\"I denna roterande relaxstol fr\u00e5n TRUUSK m\u00f6ter mysighet ultimat r\u00f6relsefrihet. Den otroligt bekv\u00e4ma sittsk\u00e5len f\u00e5ngar dig bekv\u00e4mt medan du sjunker...\" \/>\n<meta property=\"og:url\" content=\"https:\/\/truusk.store\/sv\/produkt\/truusk-loungefatolj-med-armstod-360-roteringsfunktion-linneutseende-metallben-vardagsrum-sovrum-kramvit\/\" \/>\n<meta property=\"og:site_name\" content=\"TRUUSK - Hem, Tr\u00e4dg\u00e5rd &amp; Fritid\" \/>\n<meta property=\"article:modified_time\" content=\"2026-03-12T08:44:39+00:00\" \/>\n<meta property=\"og:image\" content=\"https:\/\/i0.wp.com\/truusk.se\/wp-content\/uploads\/2025\/06\/fatolj-loungefatolj-med-armstod-360-roteringsfunktion-linneutseende-svangstol-med-metallben-for-vardagsrum-sovrum-kramvit-1.webp?fit=2000%2C2000&ssl=1\" \/>\n\t<meta property=\"og:image:width\" content=\"2000\" \/>\n\t<meta property=\"og:image:height\" content=\"2000\" \/>\n\t<meta property=\"og:image:type\" content=\"image\/webp\" \/>\n<meta name=\"twitter:card\" content=\"summary_large_image\" \/>\n<meta name=\"twitter:label1\" content=\"Ber\u00e4knad l\u00e4stid\" \/>\n\t<meta name=\"twitter:data1\" content=\"1 minut\" \/>\n<!-- \/ Yoast SEO plugin. -->","yoast_head_json":{"title":"TRUUSK Loungef\u00e5t\u00f6lj med Armst\u00f6d - 360\u00b0 Roteringsfunktion - Linneutseende - Metallben - Vardagsrum - Sovrum - Kr\u00e4mvit - TRUUSK - Hem, Tr\u00e4dg\u00e5rd &amp; Fritid","robots":{"index":"index","follow":"follow","max-snippet":"max-snippet:-1","max-image-preview":"max-image-preview:large","max-video-preview":"max-video-preview:-1"},"canonical":"https:\/\/truusk.store\/sv\/produkt\/truusk-loungefatolj-med-armstod-360-roteringsfunktion-linneutseende-metallben-vardagsrum-sovrum-kramvit\/","og_locale":"sv_SE","og_type":"article","og_title":"TRUUSK Loungef\u00e5t\u00f6lj med Armst\u00f6d - 360\u00b0 Roteringsfunktion - Linneutseende - Metallben - Vardagsrum - Sovrum - Kr\u00e4mvit - TRUUSK - Hem, Tr\u00e4dg\u00e5rd &amp; Fritid","og_description":"I denna roterande relaxstol fr\u00e5n TRUUSK m\u00f6ter mysighet ultimat r\u00f6relsefrihet. Den otroligt bekv\u00e4ma sittsk\u00e5len f\u00e5ngar dig bekv\u00e4mt medan du sjunker...","og_url":"https:\/\/truusk.store\/sv\/produkt\/truusk-loungefatolj-med-armstod-360-roteringsfunktion-linneutseende-metallben-vardagsrum-sovrum-kramvit\/","og_site_name":"TRUUSK - Hem, Tr\u00e4dg\u00e5rd &amp; Fritid","article_modified_time":"2026-03-12T08:44:39+00:00","og_image":[{"width":2000,"height":2000,"url":"https:\/\/i0.wp.com\/truusk.se\/wp-content\/uploads\/2025\/06\/fatolj-loungefatolj-med-armstod-360-roteringsfunktion-linneutseende-svangstol-med-metallben-for-vardagsrum-sovrum-kramvit-1.webp?fit=2000%2C2000&ssl=1","type":"image\/webp"}],"twitter_card":"summary_large_image","twitter_misc":{"Ber\u00e4knad l\u00e4stid":"1 minut"},"schema":{"@context":"https:\/\/schema.org","@graph":[{"@type":"WebPage","@id":"https:\/\/truusk.store\/sv\/produkt\/truusk-loungefatolj-med-armstod-360-roteringsfunktion-linneutseende-metallben-vardagsrum-sovrum-kramvit\/","url":"https:\/\/truusk.store\/sv\/produkt\/truusk-loungefatolj-med-armstod-360-roteringsfunktion-linneutseende-metallben-vardagsrum-sovrum-kramvit\/","name":"TRUUSK Loungef\u00e5t\u00f6lj med Armst\u00f6d - 360\u00b0 Roteringsfunktion - Linneutseende - Metallben - Vardagsrum - Sovrum - Kr\u00e4mvit - TRUUSK - Hem, Tr\u00e4dg\u00e5rd &amp; Fritid","isPartOf":{"@id":"https:\/\/truusk.store\/sv\/#website"},"primaryImageOfPage":{"@id":"https:\/\/truusk.store\/sv\/produkt\/truusk-loungefatolj-med-armstod-360-roteringsfunktion-linneutseende-metallben-vardagsrum-sovrum-kramvit\/#primaryimage"},"image":{"@id":"https:\/\/truusk.store\/sv\/produkt\/truusk-loungefatolj-med-armstod-360-roteringsfunktion-linneutseende-metallben-vardagsrum-sovrum-kramvit\/#primaryimage"},"thumbnailUrl":"https:\/\/i0.wp.com\/truusk.store\/wp-content\/uploads\/2025\/06\/fatolj-loungefatolj-med-armstod-360-roteringsfunktion-linneutseende-svangstol-med-metallben-for-vardagsrum-sovrum-kramvit-1.webp?fit=2000%2C2000&ssl=1","datePublished":"2025-06-27T11:39:56+00:00","dateModified":"2026-03-12T08:44:39+00:00","breadcrumb":{"@id":"https:\/\/truusk.store\/sv\/produkt\/truusk-loungefatolj-med-armstod-360-roteringsfunktion-linneutseende-metallben-vardagsrum-sovrum-kramvit\/#breadcrumb"},"inLanguage":"sv-SE","potentialAction":[{"@type":"ReadAction","target":["https:\/\/truusk.store\/sv\/produkt\/truusk-loungefatolj-med-armstod-360-roteringsfunktion-linneutseende-metallben-vardagsrum-sovrum-kramvit\/"]}]},{"@type":"ImageObject","inLanguage":"sv-SE","@id":"https:\/\/truusk.store\/sv\/produkt\/truusk-loungefatolj-med-armstod-360-roteringsfunktion-linneutseende-metallben-vardagsrum-sovrum-kramvit\/#primaryimage","url":"https:\/\/i0.wp.com\/truusk.store\/wp-content\/uploads\/2025\/06\/fatolj-loungefatolj-med-armstod-360-roteringsfunktion-linneutseende-svangstol-med-metallben-for-vardagsrum-sovrum-kramvit-1.webp?fit=2000%2C2000&ssl=1","contentUrl":"https:\/\/i0.wp.com\/truusk.store\/wp-content\/uploads\/2025\/06\/fatolj-loungefatolj-med-armstod-360-roteringsfunktion-linneutseende-svangstol-med-metallben-for-vardagsrum-sovrum-kramvit-1.webp?fit=2000%2C2000&ssl=1","width":2000,"height":2000},{"@type":"BreadcrumbList","@id":"https:\/\/truusk.store\/sv\/produkt\/truusk-loungefatolj-med-armstod-360-roteringsfunktion-linneutseende-metallben-vardagsrum-sovrum-kramvit\/#breadcrumb","itemListElement":[{"@type":"ListItem","position":1,"name":"Home","item":"https:\/\/truusk.store\/sv\/"},{"@type":"ListItem","position":2,"name":"Shop","item":"https:\/\/truusk.store\/shop\/"},{"@type":"ListItem","position":3,"name":"TRUUSK Loungef\u00e5t\u00f6lj med Armst\u00f6d &#8211; 360\u00b0 Roteringsfunktion &#8211; Linneutseende &#8211; Metallben &#8211; Vardagsrum &#8211; Sovrum &#8211; Kr\u00e4mvit"}]},{"@type":"WebSite","@id":"https:\/\/truusk.store\/sv\/#website","url":"https:\/\/truusk.store\/sv\/","name":"TRUUSK - Hem, Tr\u00e4dg\u00e5rd & Fritid","description":"","publisher":{"@id":"https:\/\/truusk.store\/sv\/#organization"},"potentialAction":[{"@type":"SearchAction","target":{"@type":"EntryPoint","urlTemplate":"https:\/\/truusk.store\/sv\/?s={search_term_string}"},"query-input":{"@type":"PropertyValueSpecification","valueRequired":true,"valueName":"search_term_string"}}],"inLanguage":"sv-SE"},{"@type":"Organization","@id":"https:\/\/truusk.store\/sv\/#organization","name":"TRUUSK - Hem, Tr\u00e4dg\u00e5rd & Fritid","url":"https:\/\/truusk.store\/sv\/","logo":{"@type":"ImageObject","inLanguage":"sv-SE","@id":"https:\/\/truusk.store\/sv\/#\/schema\/logo\/image\/","url":"https:\/\/i0.wp.com\/truusk.store\/wp-content\/uploads\/2026\/03\/cropped-TRUUSK.png?fit=2032%2C917&ssl=1","contentUrl":"https:\/\/i0.wp.com\/truusk.store\/wp-content\/uploads\/2026\/03\/cropped-TRUUSK.png?fit=2032%2C917&ssl=1","width":2032,"height":917,"caption":"TRUUSK - Hem, Tr\u00e4dg\u00e5rd & Fritid"},"image":{"@id":"https:\/\/truusk.store\/sv\/#\/schema\/logo\/image\/"}}]}},"jetpack_sharing_enabled":true,"_links":{"self":[{"href":"https:\/\/truusk.store\/sv\/wp-json\/wp\/v2\/product\/81561","targetHints":{"allow":["GET"]}}],"collection":[{"href":"https:\/\/truusk.store\/sv\/wp-json\/wp\/v2\/product"}],"about":[{"href":"https:\/\/truusk.store\/sv\/wp-json\/wp\/v2\/types\/product"}],"wp:featuredmedia":[{"embeddable":true,"href":"https:\/\/truusk.store\/sv\/wp-json\/wp\/v2\/media\/81552"}],"wp:attachment":[{"href":"https:\/\/truusk.store\/sv\/wp-json\/wp\/v2\/media?parent=81561"}],"wp:term":[{"taxonomy":"product_brand","embeddable":true,"href":"https:\/\/truusk.store\/sv\/wp-json\/wp\/v2\/product_brand?post=81561"},{"taxonomy":"product_cat","embeddable":true,"href":"https:\/\/truusk.store\/sv\/wp-json\/wp\/v2\/product_cat?post=81561"},{"taxonomy":"product_tag","embeddable":true,"href":"https:\/\/truusk.store\/sv\/wp-json\/wp\/v2\/product_tag?post=81561"}],"curies":[{"name":"wp","href":"https:\/\/api.w.org\/{rel}","templated":true}]}}