{"id":81612,"date":"2025-07-02T20:14:39","date_gmt":"2025-07-02T19:14:39","guid":{"rendered":"https:\/\/truusk.store\/product\/katt-hus-katt-paradis-med-plattformar-hangbro-och-kattgrottor-lamplig-for-upp-till-2-katter-tra\/"},"modified":"2026-03-12T09:37:11","modified_gmt":"2026-03-12T08:37:11","slug":"truusk-katt-hus-med-plattformar-och-hangbro-katt-paradis-med-kattgrottor-for-upp-till-2-katter-tra","status":"publish","type":"product","link":"https:\/\/truusk.store\/sv\/produkt\/truusk-katt-hus-med-plattformar-och-hangbro-katt-paradis-med-kattgrottor-for-upp-till-2-katter-tra\/","title":{"rendered":"TRUUSK Katt Hus med Plattformar och H\u00e4ngbro &#8211; Katt Paradis med Kattgrottor &#8211; F\u00f6r Upp Till 2 Katter &#8211; Tr\u00e4"},"content":{"rendered":"<p>Detta utomhuskattshus erbjuder fyra niv\u00e5er, en sv\u00e4ngande h\u00e4ngbro, balkongutsiktsplatser och mysiga g\u00f6mst\u00e4llen. Det uppmuntrar din katt att kl\u00e4ttra, hoppa och inbjuder till en mysig vila. Flera ing\u00e5ngar och den robusta grantr\u00e4konstruktionen av kattgrottan garanterar ocks\u00e5 enkel utforskning och s\u00e4kerhet.<\/p>\n<p>Beskrivning:<\/p>\n<ul>\n<li> Ett rymligt kattshus med plattformar, en bro och tillbakadrag<\/li>\n<li> Flera ing\u00e5ngar f\u00f6r l\u00e4tt tillg\u00e5ng<\/li>\n<li> Tr\u00e4ramen p\u00e5 sm\u00e5djurshuset f\u00f6r stabilitet<\/li>\n<li> Vattenbaserad f\u00e4rg p\u00e5 ett lutande tak ger v\u00e4derskydd<\/li>\n<li> En upph\u00f6jd bas f\u00f6rhindrar fuktintr\u00e5ng<\/li>\n<li> L\u00e4mplig f\u00f6r upp till tv\u00e5 katter, varje upp till 5 kg tung<\/li>\n<li> Montering kr\u00e4vs<\/li>\n<\/ul>\n<p> Tekniska data:<\/p>\n<ul>\n<li> F\u00e4rg: Gul+Svart+R\u00f6d<\/li>\n<li> Material: Talltr\u00e4, Grantr\u00e4<\/li>\n<li> Totala dimensioner: 84L x 60B x 116H cm<\/li>\n<li> Huvudbyggnad: 53L x 30B x 28H cm \/ 53L x 40B x 25H cm<\/li>\n<li> Ing\u00e5ng: \u00d815 cm\/ 16B x 22H cm<\/li>\n<li> Plattform: 26L x 20B cm<\/li>\n<li> Bro: 53L x 21B cm<\/li>\n<li> Sold\u00e4ck: 49L x 36B cm\/75L x 49B cm<\/li>\n<li> R\u00e4ckesh\u00f6jd: 15 cm\/12 cm<\/li>\n<li> Markfrig\u00e5ng: 7 cm<\/li>\n<\/ul>\n<p>Leveransinneh\u00e5ll:<\/p>\n<ul>\n<li> 1 x Kattshus<\/li>\n<li> 1 x Bruksanvisning<\/li>\n<\/ul>\n","protected":false},"excerpt":{"rendered":"<p>Detta utomhuskattshus erbjuder fyra niv\u00e5er, en sv\u00e4ngande h\u00e4ngbro, balkongutsiktsplatser och mysiga g\u00f6mst\u00e4llen. Det uppmuntrar din katt att kl\u00e4ttra, hoppa och&#8230;<\/p>\n","protected":false},"featured_media":81603,"template":"","meta":[],"product_brand":[],"product_cat":[878,890,588],"product_tag":[],"class_list":{"0":"post-81612","1":"product","2":"type-product","3":"status-publish","4":"has-post-thumbnail","6":"product_cat-djurbehov","7":"product_cat-katt-hus","8":"product_cat-katttillbehor","10":"first","11":"instock","12":"sale","13":"taxable","14":"shipping-taxable","15":"purchasable","16":"product-type-simple"},"yoast_head":"<!-- This site is optimized with the Yoast SEO plugin v25.4 - https:\/\/yoast.com\/wordpress\/plugins\/seo\/ -->\n<title>TRUUSK Katt Hus med Plattformar och H\u00e4ngbro - Katt Paradis med Kattgrottor - F\u00f6r Upp Till 2 Katter - Tr\u00e4 - TRUUSK - Hem, Tr\u00e4dg\u00e5rd &amp; Fritid<\/title>\n<meta name=\"robots\" content=\"index, follow, max-snippet:-1, max-image-preview:large, max-video-preview:-1\" \/>\n<link rel=\"canonical\" href=\"https:\/\/truusk.store\/sv\/produkt\/truusk-katt-hus-med-plattformar-och-hangbro-katt-paradis-med-kattgrottor-for-upp-till-2-katter-tra\/\" \/>\n<meta property=\"og:locale\" content=\"sv_SE\" \/>\n<meta property=\"og:type\" content=\"article\" \/>\n<meta property=\"og:title\" content=\"TRUUSK Katt Hus med Plattformar och H\u00e4ngbro - Katt Paradis med Kattgrottor - F\u00f6r Upp Till 2 Katter - Tr\u00e4 - TRUUSK - Hem, Tr\u00e4dg\u00e5rd &amp; Fritid\" \/>\n<meta property=\"og:description\" content=\"Detta utomhuskattshus erbjuder fyra niv\u00e5er, en sv\u00e4ngande h\u00e4ngbro, balkongutsiktsplatser och mysiga g\u00f6mst\u00e4llen. Det uppmuntrar din katt att kl\u00e4ttra, hoppa och...\" \/>\n<meta property=\"og:url\" content=\"https:\/\/truusk.store\/sv\/produkt\/truusk-katt-hus-med-plattformar-och-hangbro-katt-paradis-med-kattgrottor-for-upp-till-2-katter-tra\/\" \/>\n<meta property=\"og:site_name\" content=\"TRUUSK - Hem, Tr\u00e4dg\u00e5rd &amp; Fritid\" \/>\n<meta property=\"article:modified_time\" content=\"2026-03-12T08:37:11+00:00\" \/>\n<meta property=\"og:image\" content=\"https:\/\/i0.wp.com\/truusk.se\/wp-content\/uploads\/2025\/07\/katt-hus-katt-paradis-med-plattformar-hangbro-och-kattgrottor-lamplig-for-upp-till-2-katter-tra-1.webp?fit=2000%2C2000&ssl=1\" \/>\n\t<meta property=\"og:image:width\" content=\"2000\" \/>\n\t<meta property=\"og:image:height\" content=\"2000\" \/>\n\t<meta property=\"og:image:type\" content=\"image\/webp\" \/>\n<meta name=\"twitter:card\" content=\"summary_large_image\" \/>\n<meta name=\"twitter:label1\" content=\"Ber\u00e4knad l\u00e4stid\" \/>\n\t<meta name=\"twitter:data1\" content=\"1 minut\" \/>\n<!-- \/ Yoast SEO plugin. -->","yoast_head_json":{"title":"TRUUSK Katt Hus med Plattformar och H\u00e4ngbro - Katt Paradis med Kattgrottor - F\u00f6r Upp Till 2 Katter - Tr\u00e4 - TRUUSK - Hem, Tr\u00e4dg\u00e5rd &amp; Fritid","robots":{"index":"index","follow":"follow","max-snippet":"max-snippet:-1","max-image-preview":"max-image-preview:large","max-video-preview":"max-video-preview:-1"},"canonical":"https:\/\/truusk.store\/sv\/produkt\/truusk-katt-hus-med-plattformar-och-hangbro-katt-paradis-med-kattgrottor-for-upp-till-2-katter-tra\/","og_locale":"sv_SE","og_type":"article","og_title":"TRUUSK Katt Hus med Plattformar och H\u00e4ngbro - Katt Paradis med Kattgrottor - F\u00f6r Upp Till 2 Katter - Tr\u00e4 - TRUUSK - Hem, Tr\u00e4dg\u00e5rd &amp; Fritid","og_description":"Detta utomhuskattshus erbjuder fyra niv\u00e5er, en sv\u00e4ngande h\u00e4ngbro, balkongutsiktsplatser och mysiga g\u00f6mst\u00e4llen. Det uppmuntrar din katt att kl\u00e4ttra, hoppa och...","og_url":"https:\/\/truusk.store\/sv\/produkt\/truusk-katt-hus-med-plattformar-och-hangbro-katt-paradis-med-kattgrottor-for-upp-till-2-katter-tra\/","og_site_name":"TRUUSK - Hem, Tr\u00e4dg\u00e5rd &amp; Fritid","article_modified_time":"2026-03-12T08:37:11+00:00","og_image":[{"width":2000,"height":2000,"url":"https:\/\/i0.wp.com\/truusk.se\/wp-content\/uploads\/2025\/07\/katt-hus-katt-paradis-med-plattformar-hangbro-och-kattgrottor-lamplig-for-upp-till-2-katter-tra-1.webp?fit=2000%2C2000&ssl=1","type":"image\/webp"}],"twitter_card":"summary_large_image","twitter_misc":{"Ber\u00e4knad l\u00e4stid":"1 minut"},"schema":{"@context":"https:\/\/schema.org","@graph":[{"@type":"WebPage","@id":"https:\/\/truusk.store\/sv\/produkt\/truusk-katt-hus-med-plattformar-och-hangbro-katt-paradis-med-kattgrottor-for-upp-till-2-katter-tra\/","url":"https:\/\/truusk.store\/sv\/produkt\/truusk-katt-hus-med-plattformar-och-hangbro-katt-paradis-med-kattgrottor-for-upp-till-2-katter-tra\/","name":"TRUUSK Katt Hus med Plattformar och H\u00e4ngbro - Katt Paradis med Kattgrottor - F\u00f6r Upp Till 2 Katter - Tr\u00e4 - TRUUSK - Hem, Tr\u00e4dg\u00e5rd &amp; Fritid","isPartOf":{"@id":"https:\/\/truusk.store\/sv\/#website"},"primaryImageOfPage":{"@id":"https:\/\/truusk.store\/sv\/produkt\/truusk-katt-hus-med-plattformar-och-hangbro-katt-paradis-med-kattgrottor-for-upp-till-2-katter-tra\/#primaryimage"},"image":{"@id":"https:\/\/truusk.store\/sv\/produkt\/truusk-katt-hus-med-plattformar-och-hangbro-katt-paradis-med-kattgrottor-for-upp-till-2-katter-tra\/#primaryimage"},"thumbnailUrl":"https:\/\/i0.wp.com\/truusk.store\/wp-content\/uploads\/2025\/07\/katt-hus-katt-paradis-med-plattformar-hangbro-och-kattgrottor-lamplig-for-upp-till-2-katter-tra-1.webp?fit=2000%2C2000&ssl=1","datePublished":"2025-07-02T19:14:39+00:00","dateModified":"2026-03-12T08:37:11+00:00","breadcrumb":{"@id":"https:\/\/truusk.store\/sv\/produkt\/truusk-katt-hus-med-plattformar-och-hangbro-katt-paradis-med-kattgrottor-for-upp-till-2-katter-tra\/#breadcrumb"},"inLanguage":"sv-SE","potentialAction":[{"@type":"ReadAction","target":["https:\/\/truusk.store\/sv\/produkt\/truusk-katt-hus-med-plattformar-och-hangbro-katt-paradis-med-kattgrottor-for-upp-till-2-katter-tra\/"]}]},{"@type":"ImageObject","inLanguage":"sv-SE","@id":"https:\/\/truusk.store\/sv\/produkt\/truusk-katt-hus-med-plattformar-och-hangbro-katt-paradis-med-kattgrottor-for-upp-till-2-katter-tra\/#primaryimage","url":"https:\/\/i0.wp.com\/truusk.store\/wp-content\/uploads\/2025\/07\/katt-hus-katt-paradis-med-plattformar-hangbro-och-kattgrottor-lamplig-for-upp-till-2-katter-tra-1.webp?fit=2000%2C2000&ssl=1","contentUrl":"https:\/\/i0.wp.com\/truusk.store\/wp-content\/uploads\/2025\/07\/katt-hus-katt-paradis-med-plattformar-hangbro-och-kattgrottor-lamplig-for-upp-till-2-katter-tra-1.webp?fit=2000%2C2000&ssl=1","width":2000,"height":2000},{"@type":"BreadcrumbList","@id":"https:\/\/truusk.store\/sv\/produkt\/truusk-katt-hus-med-plattformar-och-hangbro-katt-paradis-med-kattgrottor-for-upp-till-2-katter-tra\/#breadcrumb","itemListElement":[{"@type":"ListItem","position":1,"name":"Home","item":"https:\/\/truusk.store\/sv\/"},{"@type":"ListItem","position":2,"name":"Shop","item":"https:\/\/truusk.store\/shop\/"},{"@type":"ListItem","position":3,"name":"TRUUSK Katt Hus med Plattformar och H\u00e4ngbro &#8211; Katt Paradis med Kattgrottor &#8211; F\u00f6r Upp Till 2 Katter &#8211; Tr\u00e4"}]},{"@type":"WebSite","@id":"https:\/\/truusk.store\/sv\/#website","url":"https:\/\/truusk.store\/sv\/","name":"TRUUSK - Hem, Tr\u00e4dg\u00e5rd & Fritid","description":"","publisher":{"@id":"https:\/\/truusk.store\/sv\/#organization"},"potentialAction":[{"@type":"SearchAction","target":{"@type":"EntryPoint","urlTemplate":"https:\/\/truusk.store\/sv\/?s={search_term_string}"},"query-input":{"@type":"PropertyValueSpecification","valueRequired":true,"valueName":"search_term_string"}}],"inLanguage":"sv-SE"},{"@type":"Organization","@id":"https:\/\/truusk.store\/sv\/#organization","name":"TRUUSK - Hem, Tr\u00e4dg\u00e5rd & Fritid","url":"https:\/\/truusk.store\/sv\/","logo":{"@type":"ImageObject","inLanguage":"sv-SE","@id":"https:\/\/truusk.store\/sv\/#\/schema\/logo\/image\/","url":"https:\/\/i0.wp.com\/truusk.store\/wp-content\/uploads\/2026\/03\/cropped-TRUUSK.png?fit=2032%2C917&ssl=1","contentUrl":"https:\/\/i0.wp.com\/truusk.store\/wp-content\/uploads\/2026\/03\/cropped-TRUUSK.png?fit=2032%2C917&ssl=1","width":2032,"height":917,"caption":"TRUUSK - Hem, Tr\u00e4dg\u00e5rd & Fritid"},"image":{"@id":"https:\/\/truusk.store\/sv\/#\/schema\/logo\/image\/"}}]}},"jetpack_sharing_enabled":true,"_links":{"self":[{"href":"https:\/\/truusk.store\/sv\/wp-json\/wp\/v2\/product\/81612","targetHints":{"allow":["GET"]}}],"collection":[{"href":"https:\/\/truusk.store\/sv\/wp-json\/wp\/v2\/product"}],"about":[{"href":"https:\/\/truusk.store\/sv\/wp-json\/wp\/v2\/types\/product"}],"wp:featuredmedia":[{"embeddable":true,"href":"https:\/\/truusk.store\/sv\/wp-json\/wp\/v2\/media\/81603"}],"wp:attachment":[{"href":"https:\/\/truusk.store\/sv\/wp-json\/wp\/v2\/media?parent=81612"}],"wp:term":[{"taxonomy":"product_brand","embeddable":true,"href":"https:\/\/truusk.store\/sv\/wp-json\/wp\/v2\/product_brand?post=81612"},{"taxonomy":"product_cat","embeddable":true,"href":"https:\/\/truusk.store\/sv\/wp-json\/wp\/v2\/product_cat?post=81612"},{"taxonomy":"product_tag","embeddable":true,"href":"https:\/\/truusk.store\/sv\/wp-json\/wp\/v2\/product_tag?post=81612"}],"curies":[{"name":"wp","href":"https:\/\/api.w.org\/{rel}","templated":true}]}}