{"id":81632,"date":"2025-07-02T20:20:06","date_gmt":"2025-07-02T19:20:06","guid":{"rendered":"https:\/\/truusk.store\/product\/3-i-1-klostrad-med-lekrals-lekboll-sisal-upp-till-5-kg-34-x-34-x-67-cm-ek-creme\/"},"modified":"2026-03-12T09:44:15","modified_gmt":"2026-03-12T08:44:15","slug":"truusk-3-i-1-klostrad-lekrals-lekboll-sisal-upp-till-5-kg-34-x-34-x-67-cm-ek-creme","status":"publish","type":"product","link":"https:\/\/truusk.store\/sv\/produkt\/truusk-3-i-1-klostrad-lekrals-lekboll-sisal-upp-till-5-kg-34-x-34-x-67-cm-ek-creme\/","title":{"rendered":"TRUUSK 3-i-1 Kl\u00f6str\u00e4d &#8211; Lekr\u00e4ls &#8211; Lekboll &#8211; Sisal &#8211; Upp Till 5 Kg &#8211; 34 X 34 X 67 Cm &#8211; Ek\/Creme"},"content":{"rendered":"<p>Uppt\u00e4ck TRUUSK kl\u00f6str\u00e4d &#8211; det ultimata lekparadiset f\u00f6r din katt! Med sin smarta 3-i-1-design kombinerar den en robust sisal-t\u00e4ckt kl\u00f6spelare, en sp\u00e4nnande lekr\u00e4ls med tv\u00e5 bollar och en dinglande lekboll. H\u00e5ll din katt aktiv och glad, samtidigt som dina m\u00f6bler skyddas mot repor. Idealisk f\u00f6r innekatter, ger detta kl\u00f6str\u00e4d din katt en artl\u00e4mplig m\u00f6jlighet att sk\u00f6ta kl\u00f6sv\u00e5rden.<\/p>\n<p>Beskrivning:<\/p>\n<ul>\n<li> Kl\u00f6spelarens 3-i-1-design erbjuder m\u00e5ngsidiga funktioner f\u00f6r kattunderh\u00e5llning<\/li>\n<li> Inneh\u00e5ller ett kl\u00f6str\u00e4d, en roterande skena och en lekboll f\u00f6r lek<\/li>\n<li> Kl\u00f6spelaren \u00e4r t\u00e4ckt med sisal<\/li>\n<li> Tillverkad av MDF med en stor bas f\u00f6r stabilitet<\/li>\n<li> Skyddar m\u00f6bler genom att kl\u00f6spelaren uppfyller kattens naturliga kl\u00f6sinriktningar<\/li>\n<li> Monteringen kr\u00e4vs<\/li>\n<\/ul>\n<p>Tekniska data:<\/p>\n<ul>\n<li> F\u00e4rg: Ek + Kr\u00e4mvit<\/li>\n<li> Material: MDF, Sisal<\/li>\n<li> Totala dimensioner: 34L x 34B x 67H cm<\/li>\n<li> Bas: 34L x 34B cm<\/li>\n<li> Varje post: 14,5L x 14,5B x 30H cm<\/li>\n<li> Topp: 18L x 18B x 1,5H cm<\/li>\n<li> Roterande skenor: 34L x 34B cm (nedtill), 27L x 27B cm (upptill)<\/li>\n<li> Boll p\u00e5 banan: \u00d8 2,5 cm<\/li>\n<li> Maximal belastning: 5 kg<\/li>\n<\/ul>\n<p>Leveransinneh\u00e5ll:<\/p>\n<ul>\n<li> 1 x Kl\u00f6str\u00e4d<\/li>\n<li> 1 x Bruksanvisning<\/li>\n<\/ul>\n","protected":false},"excerpt":{"rendered":"<p>Uppt\u00e4ck TRUUSK kl\u00f6str\u00e4d &#8211; det ultimata lekparadiset f\u00f6r din katt! Med sin smarta 3-i-1-design kombinerar den en robust sisal-t\u00e4ckt kl\u00f6spelare,&#8230;<\/p>\n","protected":false},"featured_media":81623,"template":"","meta":[],"product_brand":[],"product_cat":[878,588,879],"product_tag":[],"class_list":{"0":"post-81632","1":"product","2":"type-product","3":"status-publish","4":"has-post-thumbnail","6":"product_cat-djurbehov","7":"product_cat-katttillbehor","8":"product_cat-klostrad","10":"first","11":"instock","12":"sale","13":"taxable","14":"shipping-taxable","15":"purchasable","16":"product-type-simple"},"yoast_head":"<!-- This site is optimized with the Yoast SEO plugin v25.4 - https:\/\/yoast.com\/wordpress\/plugins\/seo\/ -->\n<title>TRUUSK 3-i-1 Kl\u00f6str\u00e4d - Lekr\u00e4ls - Lekboll - Sisal - Upp Till 5 Kg - 34 X 34 X 67 Cm - Ek\/Creme - TRUUSK - Hem, Tr\u00e4dg\u00e5rd &amp; Fritid<\/title>\n<meta name=\"robots\" content=\"index, follow, max-snippet:-1, max-image-preview:large, max-video-preview:-1\" \/>\n<link rel=\"canonical\" href=\"https:\/\/truusk.store\/sv\/produkt\/truusk-3-i-1-klostrad-lekrals-lekboll-sisal-upp-till-5-kg-34-x-34-x-67-cm-ek-creme\/\" \/>\n<meta property=\"og:locale\" content=\"sv_SE\" \/>\n<meta property=\"og:type\" content=\"article\" \/>\n<meta property=\"og:title\" content=\"TRUUSK 3-i-1 Kl\u00f6str\u00e4d - Lekr\u00e4ls - Lekboll - Sisal - Upp Till 5 Kg - 34 X 34 X 67 Cm - Ek\/Creme - TRUUSK - Hem, Tr\u00e4dg\u00e5rd &amp; Fritid\" \/>\n<meta property=\"og:description\" content=\"Uppt\u00e4ck TRUUSK kl\u00f6str\u00e4d &#8211; det ultimata lekparadiset f\u00f6r din katt! Med sin smarta 3-i-1-design kombinerar den en robust sisal-t\u00e4ckt kl\u00f6spelare,...\" \/>\n<meta property=\"og:url\" content=\"https:\/\/truusk.store\/sv\/produkt\/truusk-3-i-1-klostrad-lekrals-lekboll-sisal-upp-till-5-kg-34-x-34-x-67-cm-ek-creme\/\" \/>\n<meta property=\"og:site_name\" content=\"TRUUSK - Hem, Tr\u00e4dg\u00e5rd &amp; Fritid\" \/>\n<meta property=\"article:modified_time\" content=\"2026-03-12T08:44:15+00:00\" \/>\n<meta property=\"og:image\" content=\"https:\/\/i0.wp.com\/truusk.se\/wp-content\/uploads\/2025\/07\/3-i-1-klostrad-med-lekrals-lekboll-sisal-upp-till-5-kg-34-x-34-x-67-cm-ek-creme-1.webp?fit=2000%2C2000&ssl=1\" \/>\n\t<meta property=\"og:image:width\" content=\"2000\" \/>\n\t<meta property=\"og:image:height\" content=\"2000\" \/>\n\t<meta property=\"og:image:type\" content=\"image\/webp\" \/>\n<meta name=\"twitter:card\" content=\"summary_large_image\" \/>\n<meta name=\"twitter:label1\" content=\"Ber\u00e4knad l\u00e4stid\" \/>\n\t<meta name=\"twitter:data1\" content=\"1 minut\" \/>\n<!-- \/ Yoast SEO plugin. -->","yoast_head_json":{"title":"TRUUSK 3-i-1 Kl\u00f6str\u00e4d - Lekr\u00e4ls - Lekboll - Sisal - Upp Till 5 Kg - 34 X 34 X 67 Cm - Ek\/Creme - TRUUSK - Hem, Tr\u00e4dg\u00e5rd &amp; Fritid","robots":{"index":"index","follow":"follow","max-snippet":"max-snippet:-1","max-image-preview":"max-image-preview:large","max-video-preview":"max-video-preview:-1"},"canonical":"https:\/\/truusk.store\/sv\/produkt\/truusk-3-i-1-klostrad-lekrals-lekboll-sisal-upp-till-5-kg-34-x-34-x-67-cm-ek-creme\/","og_locale":"sv_SE","og_type":"article","og_title":"TRUUSK 3-i-1 Kl\u00f6str\u00e4d - Lekr\u00e4ls - Lekboll - Sisal - Upp Till 5 Kg - 34 X 34 X 67 Cm - Ek\/Creme - TRUUSK - Hem, Tr\u00e4dg\u00e5rd &amp; Fritid","og_description":"Uppt\u00e4ck TRUUSK kl\u00f6str\u00e4d &#8211; det ultimata lekparadiset f\u00f6r din katt! Med sin smarta 3-i-1-design kombinerar den en robust sisal-t\u00e4ckt kl\u00f6spelare,...","og_url":"https:\/\/truusk.store\/sv\/produkt\/truusk-3-i-1-klostrad-lekrals-lekboll-sisal-upp-till-5-kg-34-x-34-x-67-cm-ek-creme\/","og_site_name":"TRUUSK - Hem, Tr\u00e4dg\u00e5rd &amp; Fritid","article_modified_time":"2026-03-12T08:44:15+00:00","og_image":[{"width":2000,"height":2000,"url":"https:\/\/i0.wp.com\/truusk.se\/wp-content\/uploads\/2025\/07\/3-i-1-klostrad-med-lekrals-lekboll-sisal-upp-till-5-kg-34-x-34-x-67-cm-ek-creme-1.webp?fit=2000%2C2000&ssl=1","type":"image\/webp"}],"twitter_card":"summary_large_image","twitter_misc":{"Ber\u00e4knad l\u00e4stid":"1 minut"},"schema":{"@context":"https:\/\/schema.org","@graph":[{"@type":"WebPage","@id":"https:\/\/truusk.store\/sv\/produkt\/truusk-3-i-1-klostrad-lekrals-lekboll-sisal-upp-till-5-kg-34-x-34-x-67-cm-ek-creme\/","url":"https:\/\/truusk.store\/sv\/produkt\/truusk-3-i-1-klostrad-lekrals-lekboll-sisal-upp-till-5-kg-34-x-34-x-67-cm-ek-creme\/","name":"TRUUSK 3-i-1 Kl\u00f6str\u00e4d - Lekr\u00e4ls - Lekboll - Sisal - Upp Till 5 Kg - 34 X 34 X 67 Cm - Ek\/Creme - TRUUSK - Hem, Tr\u00e4dg\u00e5rd &amp; Fritid","isPartOf":{"@id":"https:\/\/truusk.store\/sv\/#website"},"primaryImageOfPage":{"@id":"https:\/\/truusk.store\/sv\/produkt\/truusk-3-i-1-klostrad-lekrals-lekboll-sisal-upp-till-5-kg-34-x-34-x-67-cm-ek-creme\/#primaryimage"},"image":{"@id":"https:\/\/truusk.store\/sv\/produkt\/truusk-3-i-1-klostrad-lekrals-lekboll-sisal-upp-till-5-kg-34-x-34-x-67-cm-ek-creme\/#primaryimage"},"thumbnailUrl":"https:\/\/i0.wp.com\/truusk.store\/wp-content\/uploads\/2025\/07\/3-i-1-klostrad-med-lekrals-lekboll-sisal-upp-till-5-kg-34-x-34-x-67-cm-ek-creme-1.webp?fit=2000%2C2000&ssl=1","datePublished":"2025-07-02T19:20:06+00:00","dateModified":"2026-03-12T08:44:15+00:00","breadcrumb":{"@id":"https:\/\/truusk.store\/sv\/produkt\/truusk-3-i-1-klostrad-lekrals-lekboll-sisal-upp-till-5-kg-34-x-34-x-67-cm-ek-creme\/#breadcrumb"},"inLanguage":"sv-SE","potentialAction":[{"@type":"ReadAction","target":["https:\/\/truusk.store\/sv\/produkt\/truusk-3-i-1-klostrad-lekrals-lekboll-sisal-upp-till-5-kg-34-x-34-x-67-cm-ek-creme\/"]}]},{"@type":"ImageObject","inLanguage":"sv-SE","@id":"https:\/\/truusk.store\/sv\/produkt\/truusk-3-i-1-klostrad-lekrals-lekboll-sisal-upp-till-5-kg-34-x-34-x-67-cm-ek-creme\/#primaryimage","url":"https:\/\/i0.wp.com\/truusk.store\/wp-content\/uploads\/2025\/07\/3-i-1-klostrad-med-lekrals-lekboll-sisal-upp-till-5-kg-34-x-34-x-67-cm-ek-creme-1.webp?fit=2000%2C2000&ssl=1","contentUrl":"https:\/\/i0.wp.com\/truusk.store\/wp-content\/uploads\/2025\/07\/3-i-1-klostrad-med-lekrals-lekboll-sisal-upp-till-5-kg-34-x-34-x-67-cm-ek-creme-1.webp?fit=2000%2C2000&ssl=1","width":2000,"height":2000},{"@type":"BreadcrumbList","@id":"https:\/\/truusk.store\/sv\/produkt\/truusk-3-i-1-klostrad-lekrals-lekboll-sisal-upp-till-5-kg-34-x-34-x-67-cm-ek-creme\/#breadcrumb","itemListElement":[{"@type":"ListItem","position":1,"name":"Home","item":"https:\/\/truusk.store\/sv\/"},{"@type":"ListItem","position":2,"name":"Shop","item":"https:\/\/truusk.store\/shop\/"},{"@type":"ListItem","position":3,"name":"TRUUSK 3-i-1 Kl\u00f6str\u00e4d &#8211; Lekr\u00e4ls &#8211; Lekboll &#8211; Sisal &#8211; Upp Till 5 Kg &#8211; 34 X 34 X 67 Cm &#8211; Ek\/Creme"}]},{"@type":"WebSite","@id":"https:\/\/truusk.store\/sv\/#website","url":"https:\/\/truusk.store\/sv\/","name":"TRUUSK - Hem, Tr\u00e4dg\u00e5rd & Fritid","description":"","publisher":{"@id":"https:\/\/truusk.store\/sv\/#organization"},"potentialAction":[{"@type":"SearchAction","target":{"@type":"EntryPoint","urlTemplate":"https:\/\/truusk.store\/sv\/?s={search_term_string}"},"query-input":{"@type":"PropertyValueSpecification","valueRequired":true,"valueName":"search_term_string"}}],"inLanguage":"sv-SE"},{"@type":"Organization","@id":"https:\/\/truusk.store\/sv\/#organization","name":"TRUUSK - Hem, Tr\u00e4dg\u00e5rd & Fritid","url":"https:\/\/truusk.store\/sv\/","logo":{"@type":"ImageObject","inLanguage":"sv-SE","@id":"https:\/\/truusk.store\/sv\/#\/schema\/logo\/image\/","url":"https:\/\/i0.wp.com\/truusk.store\/wp-content\/uploads\/2026\/03\/cropped-TRUUSK.png?fit=2032%2C917&ssl=1","contentUrl":"https:\/\/i0.wp.com\/truusk.store\/wp-content\/uploads\/2026\/03\/cropped-TRUUSK.png?fit=2032%2C917&ssl=1","width":2032,"height":917,"caption":"TRUUSK - Hem, Tr\u00e4dg\u00e5rd & Fritid"},"image":{"@id":"https:\/\/truusk.store\/sv\/#\/schema\/logo\/image\/"}}]}},"jetpack_sharing_enabled":true,"_links":{"self":[{"href":"https:\/\/truusk.store\/sv\/wp-json\/wp\/v2\/product\/81632","targetHints":{"allow":["GET"]}}],"collection":[{"href":"https:\/\/truusk.store\/sv\/wp-json\/wp\/v2\/product"}],"about":[{"href":"https:\/\/truusk.store\/sv\/wp-json\/wp\/v2\/types\/product"}],"wp:featuredmedia":[{"embeddable":true,"href":"https:\/\/truusk.store\/sv\/wp-json\/wp\/v2\/media\/81623"}],"wp:attachment":[{"href":"https:\/\/truusk.store\/sv\/wp-json\/wp\/v2\/media?parent=81632"}],"wp:term":[{"taxonomy":"product_brand","embeddable":true,"href":"https:\/\/truusk.store\/sv\/wp-json\/wp\/v2\/product_brand?post=81632"},{"taxonomy":"product_cat","embeddable":true,"href":"https:\/\/truusk.store\/sv\/wp-json\/wp\/v2\/product_cat?post=81632"},{"taxonomy":"product_tag","embeddable":true,"href":"https:\/\/truusk.store\/sv\/wp-json\/wp\/v2\/product_tag?post=81632"}],"curies":[{"name":"wp","href":"https:\/\/api.w.org\/{rel}","templated":true}]}}