{"id":81663,"date":"2025-07-03T12:04:40","date_gmt":"2025-07-03T11:04:40","guid":{"rendered":"https:\/\/truusk.store\/product\/kattregal-vaggmontering-mjuk-liggyta-upp-till-10kg-41x28x21cm-vit\/"},"modified":"2026-03-12T08:58:10","modified_gmt":"2026-03-12T07:58:10","slug":"truusk-kattregal-vaggmontering-mjuk-liggyta-upp-till-10-kg-41x28x21cm-vit","status":"publish","type":"product","link":"https:\/\/truusk.store\/sv\/produkt\/truusk-kattregal-vaggmontering-mjuk-liggyta-upp-till-10-kg-41x28x21cm-vit\/","title":{"rendered":"TRUUSK Kattregal &#8211; V\u00e4ggmontering &#8211; Mjuk Liggyta &#8211; Upp Till 10 kg &#8211; 41x28x21cm &#8211; Vit"},"content":{"rendered":"<p>V\u00e4ck din katts nyfikenhet och \u00e4ventyrslust med katt hyllan fr\u00e5n TRUUSK. Denna robusta hylla b\u00e4r l\u00e4tt upp till 10 kg och har en kurvad design som ger din fyrbenta v\u00e4n en mysig viloplats och f\u00f6rhindrar fall. T\u00e4ckt med mjukt fleece, ger det komfort och v\u00e4rme. Montering \u00e4r klar p\u00e5 n\u00e5gra minuter tack vare de medf\u00f6ljande f\u00e4stelementen och den nedre anslutningsplattan.<\/p>\n<p>Beskrivning:<\/p>\n<ul>\n<li> V\u00e4ggmonterad design av kattloungen sparar golvutrymme och ger din katt en egen avkopplingsplats<\/li>\n<li> Tillverkad av h\u00f6gkvalitativ sp\u00e5nskiva, garanterar det styrka och h\u00e5llbarhet i ditt hem<\/li>\n<li> Kurvad design av katt kl\u00e4tterv\u00e4gg med en fleece\u00f6verdrag f\u00f6r maximal s\u00e4kerhet och komfort<\/li>\n<li> Kan kombineras med en annan hylla f\u00f6r att skapa flera plattformar f\u00f6r din katt<\/li>\n<li> Montering kr\u00e4vs<\/li>\n<\/ul>\n<p> Tekniska data:<\/p>\n<ul>\n<li> F\u00e4rg: Vit<\/li>\n<li> Material: MDF, skum, fleece<\/li>\n<li> Totala dimensioner: 41L x 28B x 21H cm<\/li>\n<li> Maximal belastning: 10 kg<\/li>\n<\/ul>\n<p> Leverans inneh\u00e5ller:<\/p>\n<ul>\n<li> 1 x Katt hylla<\/li>\n<li> 1 x Bruksanvisning<\/li>\n<\/ul>\n","protected":false},"excerpt":{"rendered":"<p>V\u00e4ck din katts nyfikenhet och \u00e4ventyrslust med katt hyllan fr\u00e5n TRUUSK. Denna robusta hylla b\u00e4r l\u00e4tt upp till 10 kg&#8230;<\/p>\n","protected":false},"featured_media":81654,"template":"","meta":[],"product_brand":[],"product_cat":[878,590,588],"product_tag":[],"class_list":{"0":"post-81663","1":"product","2":"type-product","3":"status-publish","4":"has-post-thumbnail","6":"product_cat-djurbehov","7":"product_cat-kattgrottor-kattsangar","8":"product_cat-katttillbehor","10":"first","11":"instock","12":"sale","13":"taxable","14":"shipping-taxable","15":"purchasable","16":"product-type-simple"},"yoast_head":"<!-- This site is optimized with the Yoast SEO plugin v25.4 - https:\/\/yoast.com\/wordpress\/plugins\/seo\/ -->\n<title>TRUUSK Kattregal - V\u00e4ggmontering - Mjuk Liggyta - Upp Till 10 kg - 41x28x21cm - Vit - TRUUSK - Hem, Tr\u00e4dg\u00e5rd &amp; Fritid<\/title>\n<meta name=\"robots\" content=\"index, follow, max-snippet:-1, max-image-preview:large, max-video-preview:-1\" \/>\n<link rel=\"canonical\" href=\"https:\/\/truusk.store\/sv\/produkt\/truusk-kattregal-vaggmontering-mjuk-liggyta-upp-till-10-kg-41x28x21cm-vit\/\" \/>\n<meta property=\"og:locale\" content=\"sv_SE\" \/>\n<meta property=\"og:type\" content=\"article\" \/>\n<meta property=\"og:title\" content=\"TRUUSK Kattregal - V\u00e4ggmontering - Mjuk Liggyta - Upp Till 10 kg - 41x28x21cm - Vit - TRUUSK - Hem, Tr\u00e4dg\u00e5rd &amp; Fritid\" \/>\n<meta property=\"og:description\" content=\"V\u00e4ck din katts nyfikenhet och \u00e4ventyrslust med katt hyllan fr\u00e5n TRUUSK. Denna robusta hylla b\u00e4r l\u00e4tt upp till 10 kg...\" \/>\n<meta property=\"og:url\" content=\"https:\/\/truusk.store\/sv\/produkt\/truusk-kattregal-vaggmontering-mjuk-liggyta-upp-till-10-kg-41x28x21cm-vit\/\" \/>\n<meta property=\"og:site_name\" content=\"TRUUSK - Hem, Tr\u00e4dg\u00e5rd &amp; Fritid\" \/>\n<meta property=\"article:modified_time\" content=\"2026-03-12T07:58:10+00:00\" \/>\n<meta property=\"og:image\" content=\"https:\/\/i0.wp.com\/truusk.se\/wp-content\/uploads\/2025\/07\/kattregal-vaggmontering-mjuk-liggyta-upp-till-10kg-41x28x21cm-vit-1.webp?fit=2000%2C2000&ssl=1\" \/>\n\t<meta property=\"og:image:width\" content=\"2000\" \/>\n\t<meta property=\"og:image:height\" content=\"2000\" \/>\n\t<meta property=\"og:image:type\" content=\"image\/webp\" \/>\n<meta name=\"twitter:card\" content=\"summary_large_image\" \/>\n<meta name=\"twitter:label1\" content=\"Ber\u00e4knad l\u00e4stid\" \/>\n\t<meta name=\"twitter:data1\" content=\"1 minut\" \/>\n<!-- \/ Yoast SEO plugin. -->","yoast_head_json":{"title":"TRUUSK Kattregal - V\u00e4ggmontering - Mjuk Liggyta - Upp Till 10 kg - 41x28x21cm - Vit - TRUUSK - Hem, Tr\u00e4dg\u00e5rd &amp; Fritid","robots":{"index":"index","follow":"follow","max-snippet":"max-snippet:-1","max-image-preview":"max-image-preview:large","max-video-preview":"max-video-preview:-1"},"canonical":"https:\/\/truusk.store\/sv\/produkt\/truusk-kattregal-vaggmontering-mjuk-liggyta-upp-till-10-kg-41x28x21cm-vit\/","og_locale":"sv_SE","og_type":"article","og_title":"TRUUSK Kattregal - V\u00e4ggmontering - Mjuk Liggyta - Upp Till 10 kg - 41x28x21cm - Vit - TRUUSK - Hem, Tr\u00e4dg\u00e5rd &amp; Fritid","og_description":"V\u00e4ck din katts nyfikenhet och \u00e4ventyrslust med katt hyllan fr\u00e5n TRUUSK. Denna robusta hylla b\u00e4r l\u00e4tt upp till 10 kg...","og_url":"https:\/\/truusk.store\/sv\/produkt\/truusk-kattregal-vaggmontering-mjuk-liggyta-upp-till-10-kg-41x28x21cm-vit\/","og_site_name":"TRUUSK - Hem, Tr\u00e4dg\u00e5rd &amp; Fritid","article_modified_time":"2026-03-12T07:58:10+00:00","og_image":[{"width":2000,"height":2000,"url":"https:\/\/i0.wp.com\/truusk.se\/wp-content\/uploads\/2025\/07\/kattregal-vaggmontering-mjuk-liggyta-upp-till-10kg-41x28x21cm-vit-1.webp?fit=2000%2C2000&ssl=1","type":"image\/webp"}],"twitter_card":"summary_large_image","twitter_misc":{"Ber\u00e4knad l\u00e4stid":"1 minut"},"schema":{"@context":"https:\/\/schema.org","@graph":[{"@type":"WebPage","@id":"https:\/\/truusk.store\/sv\/produkt\/truusk-kattregal-vaggmontering-mjuk-liggyta-upp-till-10-kg-41x28x21cm-vit\/","url":"https:\/\/truusk.store\/sv\/produkt\/truusk-kattregal-vaggmontering-mjuk-liggyta-upp-till-10-kg-41x28x21cm-vit\/","name":"TRUUSK Kattregal - V\u00e4ggmontering - Mjuk Liggyta - Upp Till 10 kg - 41x28x21cm - Vit - TRUUSK - Hem, Tr\u00e4dg\u00e5rd &amp; Fritid","isPartOf":{"@id":"https:\/\/truusk.store\/sv\/#website"},"primaryImageOfPage":{"@id":"https:\/\/truusk.store\/sv\/produkt\/truusk-kattregal-vaggmontering-mjuk-liggyta-upp-till-10-kg-41x28x21cm-vit\/#primaryimage"},"image":{"@id":"https:\/\/truusk.store\/sv\/produkt\/truusk-kattregal-vaggmontering-mjuk-liggyta-upp-till-10-kg-41x28x21cm-vit\/#primaryimage"},"thumbnailUrl":"https:\/\/i0.wp.com\/truusk.store\/wp-content\/uploads\/2025\/07\/kattregal-vaggmontering-mjuk-liggyta-upp-till-10kg-41x28x21cm-vit-1.webp?fit=2000%2C2000&ssl=1","datePublished":"2025-07-03T11:04:40+00:00","dateModified":"2026-03-12T07:58:10+00:00","breadcrumb":{"@id":"https:\/\/truusk.store\/sv\/produkt\/truusk-kattregal-vaggmontering-mjuk-liggyta-upp-till-10-kg-41x28x21cm-vit\/#breadcrumb"},"inLanguage":"sv-SE","potentialAction":[{"@type":"ReadAction","target":["https:\/\/truusk.store\/sv\/produkt\/truusk-kattregal-vaggmontering-mjuk-liggyta-upp-till-10-kg-41x28x21cm-vit\/"]}]},{"@type":"ImageObject","inLanguage":"sv-SE","@id":"https:\/\/truusk.store\/sv\/produkt\/truusk-kattregal-vaggmontering-mjuk-liggyta-upp-till-10-kg-41x28x21cm-vit\/#primaryimage","url":"https:\/\/i0.wp.com\/truusk.store\/wp-content\/uploads\/2025\/07\/kattregal-vaggmontering-mjuk-liggyta-upp-till-10kg-41x28x21cm-vit-1.webp?fit=2000%2C2000&ssl=1","contentUrl":"https:\/\/i0.wp.com\/truusk.store\/wp-content\/uploads\/2025\/07\/kattregal-vaggmontering-mjuk-liggyta-upp-till-10kg-41x28x21cm-vit-1.webp?fit=2000%2C2000&ssl=1","width":2000,"height":2000},{"@type":"BreadcrumbList","@id":"https:\/\/truusk.store\/sv\/produkt\/truusk-kattregal-vaggmontering-mjuk-liggyta-upp-till-10-kg-41x28x21cm-vit\/#breadcrumb","itemListElement":[{"@type":"ListItem","position":1,"name":"Home","item":"https:\/\/truusk.store\/sv\/"},{"@type":"ListItem","position":2,"name":"Shop","item":"https:\/\/truusk.store\/shop\/"},{"@type":"ListItem","position":3,"name":"TRUUSK Kattregal &#8211; V\u00e4ggmontering &#8211; Mjuk Liggyta &#8211; Upp Till 10 kg &#8211; 41x28x21cm &#8211; Vit"}]},{"@type":"WebSite","@id":"https:\/\/truusk.store\/sv\/#website","url":"https:\/\/truusk.store\/sv\/","name":"TRUUSK - Hem, Tr\u00e4dg\u00e5rd & Fritid","description":"","publisher":{"@id":"https:\/\/truusk.store\/sv\/#organization"},"potentialAction":[{"@type":"SearchAction","target":{"@type":"EntryPoint","urlTemplate":"https:\/\/truusk.store\/sv\/?s={search_term_string}"},"query-input":{"@type":"PropertyValueSpecification","valueRequired":true,"valueName":"search_term_string"}}],"inLanguage":"sv-SE"},{"@type":"Organization","@id":"https:\/\/truusk.store\/sv\/#organization","name":"TRUUSK - Hem, Tr\u00e4dg\u00e5rd & Fritid","url":"https:\/\/truusk.store\/sv\/","logo":{"@type":"ImageObject","inLanguage":"sv-SE","@id":"https:\/\/truusk.store\/sv\/#\/schema\/logo\/image\/","url":"https:\/\/i0.wp.com\/truusk.store\/wp-content\/uploads\/2026\/03\/cropped-TRUUSK.png?fit=2032%2C917&ssl=1","contentUrl":"https:\/\/i0.wp.com\/truusk.store\/wp-content\/uploads\/2026\/03\/cropped-TRUUSK.png?fit=2032%2C917&ssl=1","width":2032,"height":917,"caption":"TRUUSK - Hem, Tr\u00e4dg\u00e5rd & Fritid"},"image":{"@id":"https:\/\/truusk.store\/sv\/#\/schema\/logo\/image\/"}}]}},"jetpack_sharing_enabled":true,"_links":{"self":[{"href":"https:\/\/truusk.store\/sv\/wp-json\/wp\/v2\/product\/81663","targetHints":{"allow":["GET"]}}],"collection":[{"href":"https:\/\/truusk.store\/sv\/wp-json\/wp\/v2\/product"}],"about":[{"href":"https:\/\/truusk.store\/sv\/wp-json\/wp\/v2\/types\/product"}],"wp:featuredmedia":[{"embeddable":true,"href":"https:\/\/truusk.store\/sv\/wp-json\/wp\/v2\/media\/81654"}],"wp:attachment":[{"href":"https:\/\/truusk.store\/sv\/wp-json\/wp\/v2\/media?parent=81663"}],"wp:term":[{"taxonomy":"product_brand","embeddable":true,"href":"https:\/\/truusk.store\/sv\/wp-json\/wp\/v2\/product_brand?post=81663"},{"taxonomy":"product_cat","embeddable":true,"href":"https:\/\/truusk.store\/sv\/wp-json\/wp\/v2\/product_cat?post=81663"},{"taxonomy":"product_tag","embeddable":true,"href":"https:\/\/truusk.store\/sv\/wp-json\/wp\/v2\/product_tag?post=81663"}],"curies":[{"name":"wp","href":"https:\/\/api.w.org\/{rel}","templated":true}]}}