{"id":81703,"date":"2025-07-03T12:21:14","date_gmt":"2025-07-03T11:21:14","guid":{"rendered":"https:\/\/truusk.store\/product\/massagestol-med-fotpall-ergonomisk-stol-med-10-vibrationspunkter-konstlader-76-x-81-x-105-cm-kramvit\/"},"modified":"2026-03-12T09:41:37","modified_gmt":"2026-03-12T08:41:37","slug":"truusk-massagestol-med-fotpall-ergonomisk-design-10-vibrationspunkter-konstlader-76-x-81-x-105-cm-kramvit","status":"publish","type":"product","link":"https:\/\/truusk.store\/sv\/produkt\/truusk-massagestol-med-fotpall-ergonomisk-design-10-vibrationspunkter-konstlader-76-x-81-x-105-cm-kramvit\/","title":{"rendered":"TRUUSK Massagestol med Fotpall &#8211; Ergonomisk design &#8211; 10 vibrationspunkter &#8211; Konstl\u00e4der &#8211; 76 x 81 x 105 cm &#8211; Kr\u00e4mvit"},"content":{"rendered":"<p>I denna TRUUSK relaxstol gl\u00f6mmer du snabbt vardagens stress. Tack vare dess tio massagepunkter (justerbara med fj\u00e4rrkontroll) slappnar du av hela din kropp. Biof\u00e5t\u00f6ljens lutningsvinkel \u00e4r upp till 145\u00b0. Ryggst\u00f6d, sittdyna, armst\u00f6d och fotpallen \u00e4r vadderade med h\u00f6gdensitetsskum \u2013 perfekt f\u00f6r en trevlig kv\u00e4ll, oavsett om du tittar p\u00e5 TV, l\u00e4ser en bok eller tar en tupplur.<\/p>\n<p>Beskrivning:<\/p>\n<ul>\n<li> Massagestol med fotpall och fj\u00e4rrkontroll<\/li>\n<li> Lutningsvinkel p\u00e5 TV-stolen upp till 145\u00b0 \u2013 perfekt f\u00f6r att titta p\u00e5 TV, l\u00e4sa, vila<\/li>\n<li> Ryggst\u00f6d, sittplats och fotpall p\u00e5 TV-stolen \u00e4r vadderade med h\u00f6gdensitetsskum<\/li>\n<li> 360\u00b0 roterbar<\/li>\n<li> Kan b\u00e4ra upp till 160 kg kroppsvikt<\/li>\n<li> Enkel montering<\/li>\n<li> Obs: Massagestolen har en mikrol\u00e5sfunktion (ryggst\u00f6det kan inte l\u00e5sas helt)<\/li>\n<\/ul>\n<p>Tekniska data:<\/p>\n<ul>\n<li> Material: Konstl\u00e4der, st\u00e5l, skum<\/li>\n<li> F\u00e4rg: Kr\u00e4mvit<\/li>\n<li> Totala m\u00e5tt stol: 76B x 81D x 105H cm (i sittl\u00e4ge), 81B x 112D x 91H cm (i liggande l\u00e4ge)<\/li>\n<li> Sittstorlek: 50B x 51,5D cm<\/li>\n<li> Sitth\u00f6jd: 45 cm<\/li>\n<li> M\u00e5tt fotpall: 47B x 40D x 43H cm<\/li>\n<li> Maximal belastningskapacitet: 160 kg (massagestol), 20 kg (fotpall)<\/li>\n<\/ul>\n<p>Leveransinneh\u00e5ll:<\/p>\n<ul>\n<li> 1 x Massagestol<\/li>\n<li> 1 x Fotpall<\/li>\n<li> 1 x Fj\u00e4rrkontroll<\/li>\n<li> 1 x Instruktioner<\/li>\n<\/ul>\n","protected":false},"excerpt":{"rendered":"<p>I denna TRUUSK relaxstol gl\u00f6mmer du snabbt vardagens stress. Tack vare dess tio massagepunkter (justerbara med fj\u00e4rrkontroll) slappnar du av&#8230;<\/p>\n","protected":false},"featured_media":81694,"template":"","meta":[],"product_brand":[],"product_cat":[521,871,920,910],"product_tag":[],"class_list":{"0":"post-81703","1":"product","2":"type-product","3":"status-publish","4":"has-post-thumbnail","6":"product_cat-fatolj","7":"product_cat-hus-hem","8":"product_cat-relaxsessel-mit-hocker","9":"product_cat-vardagsrum","11":"first","12":"instock","13":"sale","14":"taxable","15":"shipping-taxable","16":"purchasable","17":"product-type-simple"},"yoast_head":"<!-- This site is optimized with the Yoast SEO plugin v25.4 - https:\/\/yoast.com\/wordpress\/plugins\/seo\/ -->\n<title>TRUUSK Massagestol med Fotpall - Ergonomisk design - 10 vibrationspunkter - Konstl\u00e4der - 76 x 81 x 105 cm - Kr\u00e4mvit - TRUUSK - Hem, Tr\u00e4dg\u00e5rd &amp; Fritid<\/title>\n<meta name=\"robots\" content=\"index, follow, max-snippet:-1, max-image-preview:large, max-video-preview:-1\" \/>\n<link rel=\"canonical\" href=\"https:\/\/truusk.store\/sv\/produkt\/truusk-massagestol-med-fotpall-ergonomisk-design-10-vibrationspunkter-konstlader-76-x-81-x-105-cm-kramvit\/\" \/>\n<meta property=\"og:locale\" content=\"sv_SE\" \/>\n<meta property=\"og:type\" content=\"article\" \/>\n<meta property=\"og:title\" content=\"TRUUSK Massagestol med Fotpall - Ergonomisk design - 10 vibrationspunkter - Konstl\u00e4der - 76 x 81 x 105 cm - Kr\u00e4mvit - TRUUSK - Hem, Tr\u00e4dg\u00e5rd &amp; Fritid\" \/>\n<meta property=\"og:description\" content=\"I denna TRUUSK relaxstol gl\u00f6mmer du snabbt vardagens stress. Tack vare dess tio massagepunkter (justerbara med fj\u00e4rrkontroll) slappnar du av...\" \/>\n<meta property=\"og:url\" content=\"https:\/\/truusk.store\/sv\/produkt\/truusk-massagestol-med-fotpall-ergonomisk-design-10-vibrationspunkter-konstlader-76-x-81-x-105-cm-kramvit\/\" \/>\n<meta property=\"og:site_name\" content=\"TRUUSK - Hem, Tr\u00e4dg\u00e5rd &amp; Fritid\" \/>\n<meta property=\"article:modified_time\" content=\"2026-03-12T08:41:37+00:00\" \/>\n<meta property=\"og:image\" content=\"https:\/\/i0.wp.com\/truusk.se\/wp-content\/uploads\/2025\/07\/massagestol-med-fotpall-ergonomisk-stol-med-10-vibrationspunkter-konstlader-76-x-81-x-105-cm-kramvit-1.webp?fit=2000%2C2000&ssl=1\" \/>\n\t<meta property=\"og:image:width\" content=\"2000\" \/>\n\t<meta property=\"og:image:height\" content=\"2000\" \/>\n\t<meta property=\"og:image:type\" content=\"image\/webp\" \/>\n<meta name=\"twitter:card\" content=\"summary_large_image\" \/>\n<meta name=\"twitter:label1\" content=\"Ber\u00e4knad l\u00e4stid\" \/>\n\t<meta name=\"twitter:data1\" content=\"1 minut\" \/>\n<!-- \/ Yoast SEO plugin. -->","yoast_head_json":{"title":"TRUUSK Massagestol med Fotpall - Ergonomisk design - 10 vibrationspunkter - Konstl\u00e4der - 76 x 81 x 105 cm - Kr\u00e4mvit - TRUUSK - Hem, Tr\u00e4dg\u00e5rd &amp; Fritid","robots":{"index":"index","follow":"follow","max-snippet":"max-snippet:-1","max-image-preview":"max-image-preview:large","max-video-preview":"max-video-preview:-1"},"canonical":"https:\/\/truusk.store\/sv\/produkt\/truusk-massagestol-med-fotpall-ergonomisk-design-10-vibrationspunkter-konstlader-76-x-81-x-105-cm-kramvit\/","og_locale":"sv_SE","og_type":"article","og_title":"TRUUSK Massagestol med Fotpall - Ergonomisk design - 10 vibrationspunkter - Konstl\u00e4der - 76 x 81 x 105 cm - Kr\u00e4mvit - TRUUSK - Hem, Tr\u00e4dg\u00e5rd &amp; Fritid","og_description":"I denna TRUUSK relaxstol gl\u00f6mmer du snabbt vardagens stress. Tack vare dess tio massagepunkter (justerbara med fj\u00e4rrkontroll) slappnar du av...","og_url":"https:\/\/truusk.store\/sv\/produkt\/truusk-massagestol-med-fotpall-ergonomisk-design-10-vibrationspunkter-konstlader-76-x-81-x-105-cm-kramvit\/","og_site_name":"TRUUSK - Hem, Tr\u00e4dg\u00e5rd &amp; Fritid","article_modified_time":"2026-03-12T08:41:37+00:00","og_image":[{"width":2000,"height":2000,"url":"https:\/\/i0.wp.com\/truusk.se\/wp-content\/uploads\/2025\/07\/massagestol-med-fotpall-ergonomisk-stol-med-10-vibrationspunkter-konstlader-76-x-81-x-105-cm-kramvit-1.webp?fit=2000%2C2000&ssl=1","type":"image\/webp"}],"twitter_card":"summary_large_image","twitter_misc":{"Ber\u00e4knad l\u00e4stid":"1 minut"},"schema":{"@context":"https:\/\/schema.org","@graph":[{"@type":"WebPage","@id":"https:\/\/truusk.store\/sv\/produkt\/truusk-massagestol-med-fotpall-ergonomisk-design-10-vibrationspunkter-konstlader-76-x-81-x-105-cm-kramvit\/","url":"https:\/\/truusk.store\/sv\/produkt\/truusk-massagestol-med-fotpall-ergonomisk-design-10-vibrationspunkter-konstlader-76-x-81-x-105-cm-kramvit\/","name":"TRUUSK Massagestol med Fotpall - Ergonomisk design - 10 vibrationspunkter - Konstl\u00e4der - 76 x 81 x 105 cm - Kr\u00e4mvit - TRUUSK - Hem, Tr\u00e4dg\u00e5rd &amp; Fritid","isPartOf":{"@id":"https:\/\/truusk.store\/sv\/#website"},"primaryImageOfPage":{"@id":"https:\/\/truusk.store\/sv\/produkt\/truusk-massagestol-med-fotpall-ergonomisk-design-10-vibrationspunkter-konstlader-76-x-81-x-105-cm-kramvit\/#primaryimage"},"image":{"@id":"https:\/\/truusk.store\/sv\/produkt\/truusk-massagestol-med-fotpall-ergonomisk-design-10-vibrationspunkter-konstlader-76-x-81-x-105-cm-kramvit\/#primaryimage"},"thumbnailUrl":"https:\/\/i0.wp.com\/truusk.store\/wp-content\/uploads\/2025\/07\/massagestol-med-fotpall-ergonomisk-stol-med-10-vibrationspunkter-konstlader-76-x-81-x-105-cm-kramvit-1.webp?fit=2000%2C2000&ssl=1","datePublished":"2025-07-03T11:21:14+00:00","dateModified":"2026-03-12T08:41:37+00:00","breadcrumb":{"@id":"https:\/\/truusk.store\/sv\/produkt\/truusk-massagestol-med-fotpall-ergonomisk-design-10-vibrationspunkter-konstlader-76-x-81-x-105-cm-kramvit\/#breadcrumb"},"inLanguage":"sv-SE","potentialAction":[{"@type":"ReadAction","target":["https:\/\/truusk.store\/sv\/produkt\/truusk-massagestol-med-fotpall-ergonomisk-design-10-vibrationspunkter-konstlader-76-x-81-x-105-cm-kramvit\/"]}]},{"@type":"ImageObject","inLanguage":"sv-SE","@id":"https:\/\/truusk.store\/sv\/produkt\/truusk-massagestol-med-fotpall-ergonomisk-design-10-vibrationspunkter-konstlader-76-x-81-x-105-cm-kramvit\/#primaryimage","url":"https:\/\/i0.wp.com\/truusk.store\/wp-content\/uploads\/2025\/07\/massagestol-med-fotpall-ergonomisk-stol-med-10-vibrationspunkter-konstlader-76-x-81-x-105-cm-kramvit-1.webp?fit=2000%2C2000&ssl=1","contentUrl":"https:\/\/i0.wp.com\/truusk.store\/wp-content\/uploads\/2025\/07\/massagestol-med-fotpall-ergonomisk-stol-med-10-vibrationspunkter-konstlader-76-x-81-x-105-cm-kramvit-1.webp?fit=2000%2C2000&ssl=1","width":2000,"height":2000},{"@type":"BreadcrumbList","@id":"https:\/\/truusk.store\/sv\/produkt\/truusk-massagestol-med-fotpall-ergonomisk-design-10-vibrationspunkter-konstlader-76-x-81-x-105-cm-kramvit\/#breadcrumb","itemListElement":[{"@type":"ListItem","position":1,"name":"Home","item":"https:\/\/truusk.store\/sv\/"},{"@type":"ListItem","position":2,"name":"Shop","item":"https:\/\/truusk.store\/shop\/"},{"@type":"ListItem","position":3,"name":"TRUUSK Massagestol med Fotpall &#8211; Ergonomisk design &#8211; 10 vibrationspunkter &#8211; Konstl\u00e4der &#8211; 76 x 81 x 105 cm &#8211; Kr\u00e4mvit"}]},{"@type":"WebSite","@id":"https:\/\/truusk.store\/sv\/#website","url":"https:\/\/truusk.store\/sv\/","name":"TRUUSK - Hem, Tr\u00e4dg\u00e5rd & Fritid","description":"","publisher":{"@id":"https:\/\/truusk.store\/sv\/#organization"},"potentialAction":[{"@type":"SearchAction","target":{"@type":"EntryPoint","urlTemplate":"https:\/\/truusk.store\/sv\/?s={search_term_string}"},"query-input":{"@type":"PropertyValueSpecification","valueRequired":true,"valueName":"search_term_string"}}],"inLanguage":"sv-SE"},{"@type":"Organization","@id":"https:\/\/truusk.store\/sv\/#organization","name":"TRUUSK - Hem, Tr\u00e4dg\u00e5rd & Fritid","url":"https:\/\/truusk.store\/sv\/","logo":{"@type":"ImageObject","inLanguage":"sv-SE","@id":"https:\/\/truusk.store\/sv\/#\/schema\/logo\/image\/","url":"https:\/\/i0.wp.com\/truusk.store\/wp-content\/uploads\/2026\/03\/cropped-TRUUSK.png?fit=2032%2C917&ssl=1","contentUrl":"https:\/\/i0.wp.com\/truusk.store\/wp-content\/uploads\/2026\/03\/cropped-TRUUSK.png?fit=2032%2C917&ssl=1","width":2032,"height":917,"caption":"TRUUSK - Hem, Tr\u00e4dg\u00e5rd & Fritid"},"image":{"@id":"https:\/\/truusk.store\/sv\/#\/schema\/logo\/image\/"}}]}},"jetpack_sharing_enabled":true,"_links":{"self":[{"href":"https:\/\/truusk.store\/sv\/wp-json\/wp\/v2\/product\/81703","targetHints":{"allow":["GET"]}}],"collection":[{"href":"https:\/\/truusk.store\/sv\/wp-json\/wp\/v2\/product"}],"about":[{"href":"https:\/\/truusk.store\/sv\/wp-json\/wp\/v2\/types\/product"}],"wp:featuredmedia":[{"embeddable":true,"href":"https:\/\/truusk.store\/sv\/wp-json\/wp\/v2\/media\/81694"}],"wp:attachment":[{"href":"https:\/\/truusk.store\/sv\/wp-json\/wp\/v2\/media?parent=81703"}],"wp:term":[{"taxonomy":"product_brand","embeddable":true,"href":"https:\/\/truusk.store\/sv\/wp-json\/wp\/v2\/product_brand?post=81703"},{"taxonomy":"product_cat","embeddable":true,"href":"https:\/\/truusk.store\/sv\/wp-json\/wp\/v2\/product_cat?post=81703"},{"taxonomy":"product_tag","embeddable":true,"href":"https:\/\/truusk.store\/sv\/wp-json\/wp\/v2\/product_tag?post=81703"}],"curies":[{"name":"wp","href":"https:\/\/api.w.org\/{rel}","templated":true}]}}