{"id":81733,"date":"2025-07-03T12:24:50","date_gmt":"2025-07-03T11:24:50","guid":{"rendered":"https:\/\/truusk.store\/product\/nattduksbord-med-2-lador-oppen-hylla-40x30x60-cm-vit\/"},"modified":"2026-03-12T09:45:36","modified_gmt":"2026-03-12T08:45:36","slug":"truusk-nattduksbord-med-2-lador-oppen-hylla-matt-40x30x60-cm-farg-vit","status":"publish","type":"product","link":"https:\/\/truusk.store\/sv\/produkt\/truusk-nattduksbord-med-2-lador-oppen-hylla-matt-40x30x60-cm-farg-vit\/","title":{"rendered":"TRUUSK Nattduksbord med 2 l\u00e5dor &#8211; \u00d6ppen hylla &#8211; M\u00e5tt 40x30x60 cm &#8211; F\u00e4rg: Vit"},"content":{"rendered":"<p>Uppt\u00e4ck den stiliga sidobordet fr\u00e5n TRUUSK, som ger ett fr\u00e4scht inslag i ditt hem. Detta nattduksbord kombinerar elegans och funktionalitet och erbjuder dig m\u00e5ngsidig f\u00f6rvaringsutrymme f\u00f6r v\u00e4ckarklockor, b\u00f6cker och v\u00e4xter. De tv\u00e5 praktiska l\u00e5dorna i nattduksbordet \u00e4r idealiska f\u00f6r personliga f\u00f6rem\u00e5l och bidrar till ordning. Ge ditt rum en touch av sofistikering och njut av den perfekta f\u00f6rvaringsl\u00f6sningen som \u00e4r b\u00e5de praktisk och estetiskt tilltalande.<\/p>\n<p>Beskrivning:<\/p>\n<ul>\n<li> Elegant och enkel stil p\u00e5 nattduksbordet, passar perfekt till alla heminredningar<\/li>\n<li> V\u00e4l l\u00e4mpad som nattduksbord, nattbord eller f\u00f6rvaringsorganisator<\/li>\n<li> 2 utdragbara l\u00e5dor och \u00f6ppna hyllor i nattduksbordet erbjuder gott om f\u00f6rvaringsutrymme f\u00f6r olika f\u00f6rem\u00e5l<\/li>\n<li> Tillverkad av sp\u00e5nskiva f\u00f6r l\u00e5ngvarig anv\u00e4ndning<\/li>\n<li> Rundade h\u00f6rn p\u00e5 sidobordet s\u00e4kerst\u00e4ller en s\u00e4ker anv\u00e4ndning<\/li>\n<li> Med handtagsutsk\u00e4rning, du kan l\u00e4tt dra ut l\u00e5dan<\/li>\n<li> Montering kr\u00e4vs<\/li>\n<\/ul>\n<p> Tekniska data:<\/p>\n<ul>\n<li> F\u00e4rg: Vit<\/li>\n<li> Material: Sp\u00e5nskiva<\/li>\n<li> Totala m\u00e5tt: 40L x 30B x 60H cm<\/li>\n<li> Inre l\u00e5dstorlek: 16,5L x 23,5B x 5,5H cm<\/li>\n<li> \u00d6vre hyllstorlek: 18L x 10B x 10H cm (varje)<\/li>\n<li> Nedre hylla: 13,5L x 28B x 23,5H cm<\/li>\n<li> B\u00e4rkapacitet: 30 kg (totalt), 5 kg (hylla), 5 kg (l\u00e5da)<\/li>\n<\/ul>\n<p> Leveransinneh\u00e5ll:<\/p>\n<ul>\n<li> 1 x Nattduksbord<\/li>\n<li> 1 x Instruktioner<\/li>\n<\/ul>\n","protected":false},"excerpt":{"rendered":"<p>Uppt\u00e4ck den stiliga sidobordet fr\u00e5n TRUUSK, som ger ett fr\u00e4scht inslag i ditt hem. Detta nattduksbord kombinerar elegans och funktionalitet&#8230;<\/p>\n","protected":false},"featured_media":81724,"template":"","meta":[],"product_brand":[],"product_cat":[871,506,897],"product_tag":[],"class_list":{"0":"post-81733","1":"product","2":"type-product","3":"status-publish","4":"has-post-thumbnail","6":"product_cat-hus-hem","7":"product_cat-nattduksbord","8":"product_cat-sovrum","10":"first","11":"instock","12":"sale","13":"taxable","14":"shipping-taxable","15":"purchasable","16":"product-type-simple"},"yoast_head":"<!-- This site is optimized with the Yoast SEO plugin v25.4 - https:\/\/yoast.com\/wordpress\/plugins\/seo\/ -->\n<title>TRUUSK Nattduksbord med 2 l\u00e5dor - \u00d6ppen hylla - M\u00e5tt 40x30x60 cm - F\u00e4rg: Vit - TRUUSK - Hem, Tr\u00e4dg\u00e5rd &amp; Fritid<\/title>\n<meta name=\"robots\" content=\"index, follow, max-snippet:-1, max-image-preview:large, max-video-preview:-1\" \/>\n<link rel=\"canonical\" href=\"https:\/\/truusk.store\/sv\/produkt\/truusk-nattduksbord-med-2-lador-oppen-hylla-matt-40x30x60-cm-farg-vit\/\" \/>\n<meta property=\"og:locale\" content=\"sv_SE\" \/>\n<meta property=\"og:type\" content=\"article\" \/>\n<meta property=\"og:title\" content=\"TRUUSK Nattduksbord med 2 l\u00e5dor - \u00d6ppen hylla - M\u00e5tt 40x30x60 cm - F\u00e4rg: Vit - TRUUSK - Hem, Tr\u00e4dg\u00e5rd &amp; Fritid\" \/>\n<meta property=\"og:description\" content=\"Uppt\u00e4ck den stiliga sidobordet fr\u00e5n TRUUSK, som ger ett fr\u00e4scht inslag i ditt hem. Detta nattduksbord kombinerar elegans och funktionalitet...\" \/>\n<meta property=\"og:url\" content=\"https:\/\/truusk.store\/sv\/produkt\/truusk-nattduksbord-med-2-lador-oppen-hylla-matt-40x30x60-cm-farg-vit\/\" \/>\n<meta property=\"og:site_name\" content=\"TRUUSK - Hem, Tr\u00e4dg\u00e5rd &amp; Fritid\" \/>\n<meta property=\"article:modified_time\" content=\"2026-03-12T08:45:36+00:00\" \/>\n<meta property=\"og:image\" content=\"https:\/\/i0.wp.com\/truusk.se\/wp-content\/uploads\/2025\/07\/nattduksbord-med-2-lador-oppen-hylla-40x30x60-cm-vit-1.webp?fit=2000%2C2000&ssl=1\" \/>\n\t<meta property=\"og:image:width\" content=\"2000\" \/>\n\t<meta property=\"og:image:height\" content=\"2000\" \/>\n\t<meta property=\"og:image:type\" content=\"image\/webp\" \/>\n<meta name=\"twitter:card\" content=\"summary_large_image\" \/>\n<meta name=\"twitter:label1\" content=\"Ber\u00e4knad l\u00e4stid\" \/>\n\t<meta name=\"twitter:data1\" content=\"1 minut\" \/>\n<!-- \/ Yoast SEO plugin. -->","yoast_head_json":{"title":"TRUUSK Nattduksbord med 2 l\u00e5dor - \u00d6ppen hylla - M\u00e5tt 40x30x60 cm - F\u00e4rg: Vit - TRUUSK - Hem, Tr\u00e4dg\u00e5rd &amp; Fritid","robots":{"index":"index","follow":"follow","max-snippet":"max-snippet:-1","max-image-preview":"max-image-preview:large","max-video-preview":"max-video-preview:-1"},"canonical":"https:\/\/truusk.store\/sv\/produkt\/truusk-nattduksbord-med-2-lador-oppen-hylla-matt-40x30x60-cm-farg-vit\/","og_locale":"sv_SE","og_type":"article","og_title":"TRUUSK Nattduksbord med 2 l\u00e5dor - \u00d6ppen hylla - M\u00e5tt 40x30x60 cm - F\u00e4rg: Vit - TRUUSK - Hem, Tr\u00e4dg\u00e5rd &amp; Fritid","og_description":"Uppt\u00e4ck den stiliga sidobordet fr\u00e5n TRUUSK, som ger ett fr\u00e4scht inslag i ditt hem. Detta nattduksbord kombinerar elegans och funktionalitet...","og_url":"https:\/\/truusk.store\/sv\/produkt\/truusk-nattduksbord-med-2-lador-oppen-hylla-matt-40x30x60-cm-farg-vit\/","og_site_name":"TRUUSK - Hem, Tr\u00e4dg\u00e5rd &amp; Fritid","article_modified_time":"2026-03-12T08:45:36+00:00","og_image":[{"width":2000,"height":2000,"url":"https:\/\/i0.wp.com\/truusk.se\/wp-content\/uploads\/2025\/07\/nattduksbord-med-2-lador-oppen-hylla-40x30x60-cm-vit-1.webp?fit=2000%2C2000&ssl=1","type":"image\/webp"}],"twitter_card":"summary_large_image","twitter_misc":{"Ber\u00e4knad l\u00e4stid":"1 minut"},"schema":{"@context":"https:\/\/schema.org","@graph":[{"@type":"WebPage","@id":"https:\/\/truusk.store\/sv\/produkt\/truusk-nattduksbord-med-2-lador-oppen-hylla-matt-40x30x60-cm-farg-vit\/","url":"https:\/\/truusk.store\/sv\/produkt\/truusk-nattduksbord-med-2-lador-oppen-hylla-matt-40x30x60-cm-farg-vit\/","name":"TRUUSK Nattduksbord med 2 l\u00e5dor - \u00d6ppen hylla - M\u00e5tt 40x30x60 cm - F\u00e4rg: Vit - TRUUSK - Hem, Tr\u00e4dg\u00e5rd &amp; Fritid","isPartOf":{"@id":"https:\/\/truusk.store\/sv\/#website"},"primaryImageOfPage":{"@id":"https:\/\/truusk.store\/sv\/produkt\/truusk-nattduksbord-med-2-lador-oppen-hylla-matt-40x30x60-cm-farg-vit\/#primaryimage"},"image":{"@id":"https:\/\/truusk.store\/sv\/produkt\/truusk-nattduksbord-med-2-lador-oppen-hylla-matt-40x30x60-cm-farg-vit\/#primaryimage"},"thumbnailUrl":"https:\/\/i0.wp.com\/truusk.store\/wp-content\/uploads\/2025\/07\/nattduksbord-med-2-lador-oppen-hylla-40x30x60-cm-vit-1.webp?fit=2000%2C2000&ssl=1","datePublished":"2025-07-03T11:24:50+00:00","dateModified":"2026-03-12T08:45:36+00:00","breadcrumb":{"@id":"https:\/\/truusk.store\/sv\/produkt\/truusk-nattduksbord-med-2-lador-oppen-hylla-matt-40x30x60-cm-farg-vit\/#breadcrumb"},"inLanguage":"sv-SE","potentialAction":[{"@type":"ReadAction","target":["https:\/\/truusk.store\/sv\/produkt\/truusk-nattduksbord-med-2-lador-oppen-hylla-matt-40x30x60-cm-farg-vit\/"]}]},{"@type":"ImageObject","inLanguage":"sv-SE","@id":"https:\/\/truusk.store\/sv\/produkt\/truusk-nattduksbord-med-2-lador-oppen-hylla-matt-40x30x60-cm-farg-vit\/#primaryimage","url":"https:\/\/i0.wp.com\/truusk.store\/wp-content\/uploads\/2025\/07\/nattduksbord-med-2-lador-oppen-hylla-40x30x60-cm-vit-1.webp?fit=2000%2C2000&ssl=1","contentUrl":"https:\/\/i0.wp.com\/truusk.store\/wp-content\/uploads\/2025\/07\/nattduksbord-med-2-lador-oppen-hylla-40x30x60-cm-vit-1.webp?fit=2000%2C2000&ssl=1","width":2000,"height":2000},{"@type":"BreadcrumbList","@id":"https:\/\/truusk.store\/sv\/produkt\/truusk-nattduksbord-med-2-lador-oppen-hylla-matt-40x30x60-cm-farg-vit\/#breadcrumb","itemListElement":[{"@type":"ListItem","position":1,"name":"Home","item":"https:\/\/truusk.store\/sv\/"},{"@type":"ListItem","position":2,"name":"Shop","item":"https:\/\/truusk.store\/shop\/"},{"@type":"ListItem","position":3,"name":"TRUUSK Nattduksbord med 2 l\u00e5dor &#8211; \u00d6ppen hylla &#8211; M\u00e5tt 40x30x60 cm &#8211; F\u00e4rg: Vit"}]},{"@type":"WebSite","@id":"https:\/\/truusk.store\/sv\/#website","url":"https:\/\/truusk.store\/sv\/","name":"TRUUSK - Hem, Tr\u00e4dg\u00e5rd & Fritid","description":"","publisher":{"@id":"https:\/\/truusk.store\/sv\/#organization"},"potentialAction":[{"@type":"SearchAction","target":{"@type":"EntryPoint","urlTemplate":"https:\/\/truusk.store\/sv\/?s={search_term_string}"},"query-input":{"@type":"PropertyValueSpecification","valueRequired":true,"valueName":"search_term_string"}}],"inLanguage":"sv-SE"},{"@type":"Organization","@id":"https:\/\/truusk.store\/sv\/#organization","name":"TRUUSK - Hem, Tr\u00e4dg\u00e5rd & Fritid","url":"https:\/\/truusk.store\/sv\/","logo":{"@type":"ImageObject","inLanguage":"sv-SE","@id":"https:\/\/truusk.store\/sv\/#\/schema\/logo\/image\/","url":"https:\/\/i0.wp.com\/truusk.store\/wp-content\/uploads\/2026\/03\/cropped-TRUUSK.png?fit=2032%2C917&ssl=1","contentUrl":"https:\/\/i0.wp.com\/truusk.store\/wp-content\/uploads\/2026\/03\/cropped-TRUUSK.png?fit=2032%2C917&ssl=1","width":2032,"height":917,"caption":"TRUUSK - Hem, Tr\u00e4dg\u00e5rd & Fritid"},"image":{"@id":"https:\/\/truusk.store\/sv\/#\/schema\/logo\/image\/"}}]}},"jetpack_sharing_enabled":true,"_links":{"self":[{"href":"https:\/\/truusk.store\/sv\/wp-json\/wp\/v2\/product\/81733","targetHints":{"allow":["GET"]}}],"collection":[{"href":"https:\/\/truusk.store\/sv\/wp-json\/wp\/v2\/product"}],"about":[{"href":"https:\/\/truusk.store\/sv\/wp-json\/wp\/v2\/types\/product"}],"wp:featuredmedia":[{"embeddable":true,"href":"https:\/\/truusk.store\/sv\/wp-json\/wp\/v2\/media\/81724"}],"wp:attachment":[{"href":"https:\/\/truusk.store\/sv\/wp-json\/wp\/v2\/media?parent=81733"}],"wp:term":[{"taxonomy":"product_brand","embeddable":true,"href":"https:\/\/truusk.store\/sv\/wp-json\/wp\/v2\/product_brand?post=81733"},{"taxonomy":"product_cat","embeddable":true,"href":"https:\/\/truusk.store\/sv\/wp-json\/wp\/v2\/product_cat?post=81733"},{"taxonomy":"product_tag","embeddable":true,"href":"https:\/\/truusk.store\/sv\/wp-json\/wp\/v2\/product_tag?post=81733"}],"curies":[{"name":"wp","href":"https:\/\/api.w.org\/{rel}","templated":true}]}}