{"id":81743,"date":"2025-07-03T20:06:44","date_gmt":"2025-07-03T19:06:44","guid":{"rendered":"https:\/\/truusk.store\/product\/fagelbur-i-tra-med-4-sittstanger-asfalttak-vattentat-112-x-68-x-154-cm\/"},"modified":"2026-03-12T09:24:22","modified_gmt":"2026-03-12T08:24:22","slug":"truusk-fagelbur-i-tra-4-sittstanger-asfalttak-vattentat-112-x-68-x-154-cm","status":"publish","type":"product","link":"https:\/\/truusk.store\/sv\/produkt\/truusk-fagelbur-i-tra-4-sittstanger-asfalttak-vattentat-112-x-68-x-154-cm\/","title":{"rendered":"TRUUSK F\u00e5gelbur i tr\u00e4 &#8211; 4 sittst\u00e4nger &#8211; Asfalttak &#8211; Vattent\u00e4t &#8211; 112 x 68 x 154 cm"},"content":{"rendered":"<p>Sk\u00e4m bort dina fj\u00e4derkl\u00e4dda v\u00e4nner med ett nytt, vackert hem. Denna m\u00e5ngsidiga f\u00e5gelbur fr\u00e5n TRUUSK \u00e4r idealisk f\u00f6r kanarief\u00e5glar och l\u00e4mplig b\u00e5de f\u00f6r inomhus- och utomhusbruk. Flera sittst\u00e4nger, en matbricka och en h\u00e4ckningsplats f\u00e5r dina sm\u00e5f\u00e5glar att omedelbart k\u00e4nna sig hemma. Den uttagbara bottenbrickan g\u00f6r reng\u00f6ringen snabb och enkel. Ge dina f\u00e5glar ett hem d\u00e4r de kan k\u00e4nna sig helt bekv\u00e4ma!<\/p>\n<p>Beskrivning:<\/p>\n<ul>\n<li> F\u00e5gelbur l\u00e4mplig f\u00f6r kanarief\u00e5glar och undulater<\/li>\n<li> 4 sittst\u00e4nger f\u00f6r lek och ett bo f\u00f6r h\u00e4ckning<\/li>\n<li> Tillverkad av robust grantr\u00e4 och st\u00e5ltr\u00e5d<\/li>\n<li> En utdragbar bottenbricka f\u00f6r att samla upp f\u00e5gelspillning, med ett tr\u00e5dn\u00e4t som f\u00f6rhindrar att djuren flyr<\/li>\n<li> 2 d\u00f6rrar f\u00f6r enkel tillg\u00e5ng till burinredningen<\/li>\n<li> L\u00e5sbar d\u00f6rr<\/li>\n<li> Montering kr\u00e4vs<\/li>\n<\/ul>\n<p> Tekniska data:<\/p>\n<ul>\n<li> F\u00e4rg: Vit+Gr\u00e5+Svart<\/li>\n<li> Material: Grantr\u00e4, St\u00e5l<\/li>\n<li> Totala m\u00e5tt: 112L x 68B x 154H cm<\/li>\n<li> Inre m\u00e5tt: 97L x 55B x 145H cm<\/li>\n<li> D\u00f6rrm\u00e5tt: 25L x 60B cm (stor), 19L x 25B cm(liten)<\/li>\n<li> M\u00e5tt bo: 36L x 25B x 26H cm<\/li>\n<li> M\u00e5tt bricka: 40L x 22B x 3,2H cm<\/li>\n<li> M\u00e5tt bottenbricka: 92,5L x 53B cm<\/li>\n<\/ul>\n<p> Leveransinneh\u00e5ll:<\/p>\n<ul>\n<li>1 x F\u00e5gelbur<\/li>\n<li>1 x Instruktioner<\/li>\n<\/ul>\n","protected":false},"excerpt":{"rendered":"<p>Sk\u00e4m bort dina fj\u00e4derkl\u00e4dda v\u00e4nner med ett nytt, vackert hem. Denna m\u00e5ngsidiga f\u00e5gelbur fr\u00e5n TRUUSK \u00e4r idealisk f\u00f6r kanarief\u00e5glar och&#8230;<\/p>\n","protected":false},"featured_media":81734,"template":"","meta":[],"product_brand":[],"product_cat":[878,604,601],"product_tag":[],"class_list":{"0":"post-81743","1":"product","2":"type-product","3":"status-publish","4":"has-post-thumbnail","6":"product_cat-djurbehov","7":"product_cat-fagelburar","8":"product_cat-fageltillbehor","10":"first","11":"instock","12":"sale","13":"taxable","14":"shipping-taxable","15":"purchasable","16":"product-type-simple"},"yoast_head":"<!-- This site is optimized with the Yoast SEO plugin v25.4 - https:\/\/yoast.com\/wordpress\/plugins\/seo\/ -->\n<title>TRUUSK F\u00e5gelbur i tr\u00e4 - 4 sittst\u00e4nger - Asfalttak - Vattent\u00e4t - 112 x 68 x 154 cm - TRUUSK - Hem, Tr\u00e4dg\u00e5rd &amp; Fritid<\/title>\n<meta name=\"robots\" content=\"index, follow, max-snippet:-1, max-image-preview:large, max-video-preview:-1\" \/>\n<link rel=\"canonical\" href=\"https:\/\/truusk.store\/sv\/produkt\/truusk-fagelbur-i-tra-4-sittstanger-asfalttak-vattentat-112-x-68-x-154-cm\/\" \/>\n<meta property=\"og:locale\" content=\"sv_SE\" \/>\n<meta property=\"og:type\" content=\"article\" \/>\n<meta property=\"og:title\" content=\"TRUUSK F\u00e5gelbur i tr\u00e4 - 4 sittst\u00e4nger - Asfalttak - Vattent\u00e4t - 112 x 68 x 154 cm - TRUUSK - Hem, Tr\u00e4dg\u00e5rd &amp; Fritid\" \/>\n<meta property=\"og:description\" content=\"Sk\u00e4m bort dina fj\u00e4derkl\u00e4dda v\u00e4nner med ett nytt, vackert hem. Denna m\u00e5ngsidiga f\u00e5gelbur fr\u00e5n TRUUSK \u00e4r idealisk f\u00f6r kanarief\u00e5glar och...\" \/>\n<meta property=\"og:url\" content=\"https:\/\/truusk.store\/sv\/produkt\/truusk-fagelbur-i-tra-4-sittstanger-asfalttak-vattentat-112-x-68-x-154-cm\/\" \/>\n<meta property=\"og:site_name\" content=\"TRUUSK - Hem, Tr\u00e4dg\u00e5rd &amp; Fritid\" \/>\n<meta property=\"article:modified_time\" content=\"2026-03-12T08:24:22+00:00\" \/>\n<meta property=\"og:image\" content=\"https:\/\/i0.wp.com\/truusk.se\/wp-content\/uploads\/2025\/07\/fagelbur-i-tra-med-4-sittstanger-asfalttak-vattentat-112-x-68-x-154-cm-1.webp?fit=2000%2C2000&ssl=1\" \/>\n\t<meta property=\"og:image:width\" content=\"2000\" \/>\n\t<meta property=\"og:image:height\" content=\"2000\" \/>\n\t<meta property=\"og:image:type\" content=\"image\/webp\" \/>\n<meta name=\"twitter:card\" content=\"summary_large_image\" \/>\n<meta name=\"twitter:label1\" content=\"Ber\u00e4knad l\u00e4stid\" \/>\n\t<meta name=\"twitter:data1\" content=\"1 minut\" \/>\n<!-- \/ Yoast SEO plugin. -->","yoast_head_json":{"title":"TRUUSK F\u00e5gelbur i tr\u00e4 - 4 sittst\u00e4nger - Asfalttak - Vattent\u00e4t - 112 x 68 x 154 cm - TRUUSK - Hem, Tr\u00e4dg\u00e5rd &amp; Fritid","robots":{"index":"index","follow":"follow","max-snippet":"max-snippet:-1","max-image-preview":"max-image-preview:large","max-video-preview":"max-video-preview:-1"},"canonical":"https:\/\/truusk.store\/sv\/produkt\/truusk-fagelbur-i-tra-4-sittstanger-asfalttak-vattentat-112-x-68-x-154-cm\/","og_locale":"sv_SE","og_type":"article","og_title":"TRUUSK F\u00e5gelbur i tr\u00e4 - 4 sittst\u00e4nger - Asfalttak - Vattent\u00e4t - 112 x 68 x 154 cm - TRUUSK - Hem, Tr\u00e4dg\u00e5rd &amp; Fritid","og_description":"Sk\u00e4m bort dina fj\u00e4derkl\u00e4dda v\u00e4nner med ett nytt, vackert hem. Denna m\u00e5ngsidiga f\u00e5gelbur fr\u00e5n TRUUSK \u00e4r idealisk f\u00f6r kanarief\u00e5glar och...","og_url":"https:\/\/truusk.store\/sv\/produkt\/truusk-fagelbur-i-tra-4-sittstanger-asfalttak-vattentat-112-x-68-x-154-cm\/","og_site_name":"TRUUSK - Hem, Tr\u00e4dg\u00e5rd &amp; Fritid","article_modified_time":"2026-03-12T08:24:22+00:00","og_image":[{"width":2000,"height":2000,"url":"https:\/\/i0.wp.com\/truusk.se\/wp-content\/uploads\/2025\/07\/fagelbur-i-tra-med-4-sittstanger-asfalttak-vattentat-112-x-68-x-154-cm-1.webp?fit=2000%2C2000&ssl=1","type":"image\/webp"}],"twitter_card":"summary_large_image","twitter_misc":{"Ber\u00e4knad l\u00e4stid":"1 minut"},"schema":{"@context":"https:\/\/schema.org","@graph":[{"@type":"WebPage","@id":"https:\/\/truusk.store\/sv\/produkt\/truusk-fagelbur-i-tra-4-sittstanger-asfalttak-vattentat-112-x-68-x-154-cm\/","url":"https:\/\/truusk.store\/sv\/produkt\/truusk-fagelbur-i-tra-4-sittstanger-asfalttak-vattentat-112-x-68-x-154-cm\/","name":"TRUUSK F\u00e5gelbur i tr\u00e4 - 4 sittst\u00e4nger - Asfalttak - Vattent\u00e4t - 112 x 68 x 154 cm - TRUUSK - Hem, Tr\u00e4dg\u00e5rd &amp; Fritid","isPartOf":{"@id":"https:\/\/truusk.store\/sv\/#website"},"primaryImageOfPage":{"@id":"https:\/\/truusk.store\/sv\/produkt\/truusk-fagelbur-i-tra-4-sittstanger-asfalttak-vattentat-112-x-68-x-154-cm\/#primaryimage"},"image":{"@id":"https:\/\/truusk.store\/sv\/produkt\/truusk-fagelbur-i-tra-4-sittstanger-asfalttak-vattentat-112-x-68-x-154-cm\/#primaryimage"},"thumbnailUrl":"https:\/\/i0.wp.com\/truusk.store\/wp-content\/uploads\/2025\/07\/fagelbur-i-tra-med-4-sittstanger-asfalttak-vattentat-112-x-68-x-154-cm-1.webp?fit=2000%2C2000&ssl=1","datePublished":"2025-07-03T19:06:44+00:00","dateModified":"2026-03-12T08:24:22+00:00","breadcrumb":{"@id":"https:\/\/truusk.store\/sv\/produkt\/truusk-fagelbur-i-tra-4-sittstanger-asfalttak-vattentat-112-x-68-x-154-cm\/#breadcrumb"},"inLanguage":"sv-SE","potentialAction":[{"@type":"ReadAction","target":["https:\/\/truusk.store\/sv\/produkt\/truusk-fagelbur-i-tra-4-sittstanger-asfalttak-vattentat-112-x-68-x-154-cm\/"]}]},{"@type":"ImageObject","inLanguage":"sv-SE","@id":"https:\/\/truusk.store\/sv\/produkt\/truusk-fagelbur-i-tra-4-sittstanger-asfalttak-vattentat-112-x-68-x-154-cm\/#primaryimage","url":"https:\/\/i0.wp.com\/truusk.store\/wp-content\/uploads\/2025\/07\/fagelbur-i-tra-med-4-sittstanger-asfalttak-vattentat-112-x-68-x-154-cm-1.webp?fit=2000%2C2000&ssl=1","contentUrl":"https:\/\/i0.wp.com\/truusk.store\/wp-content\/uploads\/2025\/07\/fagelbur-i-tra-med-4-sittstanger-asfalttak-vattentat-112-x-68-x-154-cm-1.webp?fit=2000%2C2000&ssl=1","width":2000,"height":2000},{"@type":"BreadcrumbList","@id":"https:\/\/truusk.store\/sv\/produkt\/truusk-fagelbur-i-tra-4-sittstanger-asfalttak-vattentat-112-x-68-x-154-cm\/#breadcrumb","itemListElement":[{"@type":"ListItem","position":1,"name":"Home","item":"https:\/\/truusk.store\/sv\/"},{"@type":"ListItem","position":2,"name":"Shop","item":"https:\/\/truusk.store\/shop\/"},{"@type":"ListItem","position":3,"name":"TRUUSK F\u00e5gelbur i tr\u00e4 &#8211; 4 sittst\u00e4nger &#8211; Asfalttak &#8211; Vattent\u00e4t &#8211; 112 x 68 x 154 cm"}]},{"@type":"WebSite","@id":"https:\/\/truusk.store\/sv\/#website","url":"https:\/\/truusk.store\/sv\/","name":"TRUUSK - Hem, Tr\u00e4dg\u00e5rd & Fritid","description":"","publisher":{"@id":"https:\/\/truusk.store\/sv\/#organization"},"potentialAction":[{"@type":"SearchAction","target":{"@type":"EntryPoint","urlTemplate":"https:\/\/truusk.store\/sv\/?s={search_term_string}"},"query-input":{"@type":"PropertyValueSpecification","valueRequired":true,"valueName":"search_term_string"}}],"inLanguage":"sv-SE"},{"@type":"Organization","@id":"https:\/\/truusk.store\/sv\/#organization","name":"TRUUSK - Hem, Tr\u00e4dg\u00e5rd & Fritid","url":"https:\/\/truusk.store\/sv\/","logo":{"@type":"ImageObject","inLanguage":"sv-SE","@id":"https:\/\/truusk.store\/sv\/#\/schema\/logo\/image\/","url":"https:\/\/i0.wp.com\/truusk.store\/wp-content\/uploads\/2026\/03\/cropped-TRUUSK.png?fit=2032%2C917&ssl=1","contentUrl":"https:\/\/i0.wp.com\/truusk.store\/wp-content\/uploads\/2026\/03\/cropped-TRUUSK.png?fit=2032%2C917&ssl=1","width":2032,"height":917,"caption":"TRUUSK - Hem, Tr\u00e4dg\u00e5rd & Fritid"},"image":{"@id":"https:\/\/truusk.store\/sv\/#\/schema\/logo\/image\/"}}]}},"jetpack_sharing_enabled":true,"_links":{"self":[{"href":"https:\/\/truusk.store\/sv\/wp-json\/wp\/v2\/product\/81743","targetHints":{"allow":["GET"]}}],"collection":[{"href":"https:\/\/truusk.store\/sv\/wp-json\/wp\/v2\/product"}],"about":[{"href":"https:\/\/truusk.store\/sv\/wp-json\/wp\/v2\/types\/product"}],"wp:featuredmedia":[{"embeddable":true,"href":"https:\/\/truusk.store\/sv\/wp-json\/wp\/v2\/media\/81734"}],"wp:attachment":[{"href":"https:\/\/truusk.store\/sv\/wp-json\/wp\/v2\/media?parent=81743"}],"wp:term":[{"taxonomy":"product_brand","embeddable":true,"href":"https:\/\/truusk.store\/sv\/wp-json\/wp\/v2\/product_brand?post=81743"},{"taxonomy":"product_cat","embeddable":true,"href":"https:\/\/truusk.store\/sv\/wp-json\/wp\/v2\/product_cat?post=81743"},{"taxonomy":"product_tag","embeddable":true,"href":"https:\/\/truusk.store\/sv\/wp-json\/wp\/v2\/product_tag?post=81743"}],"curies":[{"name":"wp","href":"https:\/\/api.w.org\/{rel}","templated":true}]}}