{"id":81753,"date":"2025-07-03T20:15:15","date_gmt":"2025-07-03T19:15:15","guid":{"rendered":"https:\/\/truusk.store\/product\/honshus-med-nastlada-for-4-6-hons-vattentatt-tak-grantra-plast-100-x-86-x-100-cm-ljusgra\/"},"modified":"2026-03-12T09:46:38","modified_gmt":"2026-03-12T08:46:38","slug":"truusk-honshus-med-nastlada-vattentatt-tak-grantra-plast-100-x-86-x-100-cm-ljusgra","status":"publish","type":"product","link":"https:\/\/truusk.store\/sv\/produkt\/truusk-honshus-med-nastlada-vattentatt-tak-grantra-plast-100-x-86-x-100-cm-ljusgra\/","title":{"rendered":"TRUUSK H\u00f6nshus Med N\u00e4stl\u00e5da &#8211; Vattent\u00e4tt Tak &#8211; Grantr\u00e4 &#8211; Plast &#8211; 100 x 86 x 100 cm &#8211; Ljusgr\u00e5"},"content":{"rendered":"<p>Uppt\u00e4ck Pawhuts stora h\u00f6nshus: Ett rymligt tillflyktsort med en huvudbyggnad och en tredelad n\u00e4stl\u00e5da med s\u00e4kra l\u00e5s. Genom dubbla d\u00f6rrar och en anpassningsbar ramp kan dina h\u00f6ns s\u00e4kert och fritt komma in och ut. Tillverkad av vattent\u00e4t lackerat grantr\u00e4 och byggd p\u00e5 h\u00f6jden, erbjuder detta lilla hus komfort f\u00f6r 4-6 h\u00f6ns.<\/p>\n<p>Beskrivning:<\/p>\n<ul>\n<li> Den stora bostadsomr\u00e5det erbjuder mycket utrymme f\u00f6r h\u00f6nsens v\u00e4lbefinnande<\/li>\n<li> N\u00e4stl\u00e5dan med l\u00e5s skyddar \u00e4ggen<\/li>\n<li> D\u00f6rrar och en omvandlingsbar ramp underl\u00e4ttar h\u00f6nsens fria r\u00f6relse<\/li>\n<li> Vattent\u00e4t f\u00e4rg och en upph\u00f6jd design f\u00f6rb\u00e4ttrar h\u00e5llbarheten<\/li>\n<li> Enkel reng\u00f6ring tack vare den utdragbara l\u00e5dan<\/li>\n<li> Med inbyggda f\u00f6nster<\/li>\n<li> Sittst\u00e4nger erbjuder en bekv\u00e4m sovplats<\/li>\n<li> L\u00e4mplig f\u00f6r att h\u00e5lla 4-6 h\u00f6ns<\/li>\n<\/ul>\n<p>Tekniska data:<\/p>\n<ul>\n<li> F\u00e4rg: Ljusgr\u00e5<\/li>\n<li> Material: Grantr\u00e4, plast<\/li>\n<li> Totala dimensioner: 100L x 86B x 100H cm<\/li>\n<li> Huvudhus: 92 x 50B x 90,5H cm, 0,40 \u33a1<\/li>\n<li> N\u00e4stl\u00e5da: 86L x 30B x 35,5H cm, 0,23 \u33a1<\/li>\n<li> Framd\u00f6rr: 28,5B x 38,5H cm<\/li>\n<li> Sidod\u00f6rr: 43,5B x 46,5H cm<\/li>\n<li> F\u00f6nster: 27B x 35H cm<\/li>\n<li> Bricka: 90L x 43,5B cm<\/li>\n<li> Sittst\u00e5ng: 30B x 23T cm<\/li>\n<li> Fotens h\u00f6jd: 6 cm<\/li>\n<\/ul>\n<p>Leveransinneh\u00e5ll:<\/p>\n<ul>\n<li> 1 x H\u00f6nshus<\/li>\n<li> 1 x N\u00e4stl\u00e5da<\/li>\n<li> 1 x Bricka<\/li>\n<li> 1 x Sittst\u00e4nger<\/li>\n<li> 1 x Handbok<\/li>\n<\/ul>\n","protected":false},"excerpt":{"rendered":"<p>Uppt\u00e4ck Pawhuts stora h\u00f6nshus: Ett rymligt tillflyktsort med en huvudbyggnad och en tredelad n\u00e4stl\u00e5da med s\u00e4kra l\u00e5s. Genom dubbla d\u00f6rrar&#8230;<\/p>\n","protected":false},"featured_media":81744,"template":"","meta":[],"product_brand":[],"product_cat":[878,601,602],"product_tag":[],"class_list":{"0":"post-81753","1":"product","2":"type-product","3":"status-publish","4":"has-post-thumbnail","6":"product_cat-djurbehov","7":"product_cat-fageltillbehor","8":"product_cat-honshus","10":"first","11":"instock","12":"sale","13":"taxable","14":"shipping-taxable","15":"purchasable","16":"product-type-simple"},"yoast_head":"<!-- This site is optimized with the Yoast SEO plugin v25.4 - https:\/\/yoast.com\/wordpress\/plugins\/seo\/ -->\n<title>TRUUSK H\u00f6nshus Med N\u00e4stl\u00e5da - Vattent\u00e4tt Tak - Grantr\u00e4 - Plast - 100 x 86 x 100 cm - Ljusgr\u00e5 - TRUUSK - Hem, Tr\u00e4dg\u00e5rd &amp; Fritid<\/title>\n<meta name=\"robots\" content=\"index, follow, max-snippet:-1, max-image-preview:large, max-video-preview:-1\" \/>\n<link rel=\"canonical\" href=\"https:\/\/truusk.store\/sv\/produkt\/truusk-honshus-med-nastlada-vattentatt-tak-grantra-plast-100-x-86-x-100-cm-ljusgra\/\" \/>\n<meta property=\"og:locale\" content=\"sv_SE\" \/>\n<meta property=\"og:type\" content=\"article\" \/>\n<meta property=\"og:title\" content=\"TRUUSK H\u00f6nshus Med N\u00e4stl\u00e5da - Vattent\u00e4tt Tak - Grantr\u00e4 - Plast - 100 x 86 x 100 cm - Ljusgr\u00e5 - TRUUSK - Hem, Tr\u00e4dg\u00e5rd &amp; Fritid\" \/>\n<meta property=\"og:description\" content=\"Uppt\u00e4ck Pawhuts stora h\u00f6nshus: Ett rymligt tillflyktsort med en huvudbyggnad och en tredelad n\u00e4stl\u00e5da med s\u00e4kra l\u00e5s. Genom dubbla d\u00f6rrar...\" \/>\n<meta property=\"og:url\" content=\"https:\/\/truusk.store\/sv\/produkt\/truusk-honshus-med-nastlada-vattentatt-tak-grantra-plast-100-x-86-x-100-cm-ljusgra\/\" \/>\n<meta property=\"og:site_name\" content=\"TRUUSK - Hem, Tr\u00e4dg\u00e5rd &amp; Fritid\" \/>\n<meta property=\"article:modified_time\" content=\"2026-03-12T08:46:38+00:00\" \/>\n<meta property=\"og:image\" content=\"https:\/\/i0.wp.com\/truusk.se\/wp-content\/uploads\/2025\/07\/honshus-med-nastlada-for-4-6-hons-vattentatt-tak-grantra-plast-100-x-86-x-100-cm-ljusgra-1.webp?fit=2000%2C2000&ssl=1\" \/>\n\t<meta property=\"og:image:width\" content=\"2000\" \/>\n\t<meta property=\"og:image:height\" content=\"2000\" \/>\n\t<meta property=\"og:image:type\" content=\"image\/webp\" \/>\n<meta name=\"twitter:card\" content=\"summary_large_image\" \/>\n<meta name=\"twitter:label1\" content=\"Ber\u00e4knad l\u00e4stid\" \/>\n\t<meta name=\"twitter:data1\" content=\"1 minut\" \/>\n<!-- \/ Yoast SEO plugin. -->","yoast_head_json":{"title":"TRUUSK H\u00f6nshus Med N\u00e4stl\u00e5da - Vattent\u00e4tt Tak - Grantr\u00e4 - Plast - 100 x 86 x 100 cm - Ljusgr\u00e5 - TRUUSK - Hem, Tr\u00e4dg\u00e5rd &amp; Fritid","robots":{"index":"index","follow":"follow","max-snippet":"max-snippet:-1","max-image-preview":"max-image-preview:large","max-video-preview":"max-video-preview:-1"},"canonical":"https:\/\/truusk.store\/sv\/produkt\/truusk-honshus-med-nastlada-vattentatt-tak-grantra-plast-100-x-86-x-100-cm-ljusgra\/","og_locale":"sv_SE","og_type":"article","og_title":"TRUUSK H\u00f6nshus Med N\u00e4stl\u00e5da - Vattent\u00e4tt Tak - Grantr\u00e4 - Plast - 100 x 86 x 100 cm - Ljusgr\u00e5 - TRUUSK - Hem, Tr\u00e4dg\u00e5rd &amp; Fritid","og_description":"Uppt\u00e4ck Pawhuts stora h\u00f6nshus: Ett rymligt tillflyktsort med en huvudbyggnad och en tredelad n\u00e4stl\u00e5da med s\u00e4kra l\u00e5s. Genom dubbla d\u00f6rrar...","og_url":"https:\/\/truusk.store\/sv\/produkt\/truusk-honshus-med-nastlada-vattentatt-tak-grantra-plast-100-x-86-x-100-cm-ljusgra\/","og_site_name":"TRUUSK - Hem, Tr\u00e4dg\u00e5rd &amp; Fritid","article_modified_time":"2026-03-12T08:46:38+00:00","og_image":[{"width":2000,"height":2000,"url":"https:\/\/i0.wp.com\/truusk.se\/wp-content\/uploads\/2025\/07\/honshus-med-nastlada-for-4-6-hons-vattentatt-tak-grantra-plast-100-x-86-x-100-cm-ljusgra-1.webp?fit=2000%2C2000&ssl=1","type":"image\/webp"}],"twitter_card":"summary_large_image","twitter_misc":{"Ber\u00e4knad l\u00e4stid":"1 minut"},"schema":{"@context":"https:\/\/schema.org","@graph":[{"@type":"WebPage","@id":"https:\/\/truusk.store\/sv\/produkt\/truusk-honshus-med-nastlada-vattentatt-tak-grantra-plast-100-x-86-x-100-cm-ljusgra\/","url":"https:\/\/truusk.store\/sv\/produkt\/truusk-honshus-med-nastlada-vattentatt-tak-grantra-plast-100-x-86-x-100-cm-ljusgra\/","name":"TRUUSK H\u00f6nshus Med N\u00e4stl\u00e5da - Vattent\u00e4tt Tak - Grantr\u00e4 - Plast - 100 x 86 x 100 cm - Ljusgr\u00e5 - TRUUSK - Hem, Tr\u00e4dg\u00e5rd &amp; Fritid","isPartOf":{"@id":"https:\/\/truusk.store\/sv\/#website"},"primaryImageOfPage":{"@id":"https:\/\/truusk.store\/sv\/produkt\/truusk-honshus-med-nastlada-vattentatt-tak-grantra-plast-100-x-86-x-100-cm-ljusgra\/#primaryimage"},"image":{"@id":"https:\/\/truusk.store\/sv\/produkt\/truusk-honshus-med-nastlada-vattentatt-tak-grantra-plast-100-x-86-x-100-cm-ljusgra\/#primaryimage"},"thumbnailUrl":"https:\/\/i0.wp.com\/truusk.store\/wp-content\/uploads\/2025\/07\/honshus-med-nastlada-for-4-6-hons-vattentatt-tak-grantra-plast-100-x-86-x-100-cm-ljusgra-1.webp?fit=2000%2C2000&ssl=1","datePublished":"2025-07-03T19:15:15+00:00","dateModified":"2026-03-12T08:46:38+00:00","breadcrumb":{"@id":"https:\/\/truusk.store\/sv\/produkt\/truusk-honshus-med-nastlada-vattentatt-tak-grantra-plast-100-x-86-x-100-cm-ljusgra\/#breadcrumb"},"inLanguage":"sv-SE","potentialAction":[{"@type":"ReadAction","target":["https:\/\/truusk.store\/sv\/produkt\/truusk-honshus-med-nastlada-vattentatt-tak-grantra-plast-100-x-86-x-100-cm-ljusgra\/"]}]},{"@type":"ImageObject","inLanguage":"sv-SE","@id":"https:\/\/truusk.store\/sv\/produkt\/truusk-honshus-med-nastlada-vattentatt-tak-grantra-plast-100-x-86-x-100-cm-ljusgra\/#primaryimage","url":"https:\/\/i0.wp.com\/truusk.store\/wp-content\/uploads\/2025\/07\/honshus-med-nastlada-for-4-6-hons-vattentatt-tak-grantra-plast-100-x-86-x-100-cm-ljusgra-1.webp?fit=2000%2C2000&ssl=1","contentUrl":"https:\/\/i0.wp.com\/truusk.store\/wp-content\/uploads\/2025\/07\/honshus-med-nastlada-for-4-6-hons-vattentatt-tak-grantra-plast-100-x-86-x-100-cm-ljusgra-1.webp?fit=2000%2C2000&ssl=1","width":2000,"height":2000},{"@type":"BreadcrumbList","@id":"https:\/\/truusk.store\/sv\/produkt\/truusk-honshus-med-nastlada-vattentatt-tak-grantra-plast-100-x-86-x-100-cm-ljusgra\/#breadcrumb","itemListElement":[{"@type":"ListItem","position":1,"name":"Home","item":"https:\/\/truusk.store\/sv\/"},{"@type":"ListItem","position":2,"name":"Shop","item":"https:\/\/truusk.store\/shop\/"},{"@type":"ListItem","position":3,"name":"TRUUSK H\u00f6nshus Med N\u00e4stl\u00e5da &#8211; Vattent\u00e4tt Tak &#8211; Grantr\u00e4 &#8211; Plast &#8211; 100 x 86 x 100 cm &#8211; Ljusgr\u00e5"}]},{"@type":"WebSite","@id":"https:\/\/truusk.store\/sv\/#website","url":"https:\/\/truusk.store\/sv\/","name":"TRUUSK - Hem, Tr\u00e4dg\u00e5rd & Fritid","description":"","publisher":{"@id":"https:\/\/truusk.store\/sv\/#organization"},"potentialAction":[{"@type":"SearchAction","target":{"@type":"EntryPoint","urlTemplate":"https:\/\/truusk.store\/sv\/?s={search_term_string}"},"query-input":{"@type":"PropertyValueSpecification","valueRequired":true,"valueName":"search_term_string"}}],"inLanguage":"sv-SE"},{"@type":"Organization","@id":"https:\/\/truusk.store\/sv\/#organization","name":"TRUUSK - Hem, Tr\u00e4dg\u00e5rd & Fritid","url":"https:\/\/truusk.store\/sv\/","logo":{"@type":"ImageObject","inLanguage":"sv-SE","@id":"https:\/\/truusk.store\/sv\/#\/schema\/logo\/image\/","url":"https:\/\/i0.wp.com\/truusk.store\/wp-content\/uploads\/2026\/03\/cropped-TRUUSK.png?fit=2032%2C917&ssl=1","contentUrl":"https:\/\/i0.wp.com\/truusk.store\/wp-content\/uploads\/2026\/03\/cropped-TRUUSK.png?fit=2032%2C917&ssl=1","width":2032,"height":917,"caption":"TRUUSK - Hem, Tr\u00e4dg\u00e5rd & Fritid"},"image":{"@id":"https:\/\/truusk.store\/sv\/#\/schema\/logo\/image\/"}}]}},"jetpack_sharing_enabled":true,"_links":{"self":[{"href":"https:\/\/truusk.store\/sv\/wp-json\/wp\/v2\/product\/81753","targetHints":{"allow":["GET"]}}],"collection":[{"href":"https:\/\/truusk.store\/sv\/wp-json\/wp\/v2\/product"}],"about":[{"href":"https:\/\/truusk.store\/sv\/wp-json\/wp\/v2\/types\/product"}],"wp:featuredmedia":[{"embeddable":true,"href":"https:\/\/truusk.store\/sv\/wp-json\/wp\/v2\/media\/81744"}],"wp:attachment":[{"href":"https:\/\/truusk.store\/sv\/wp-json\/wp\/v2\/media?parent=81753"}],"wp:term":[{"taxonomy":"product_brand","embeddable":true,"href":"https:\/\/truusk.store\/sv\/wp-json\/wp\/v2\/product_brand?post=81753"},{"taxonomy":"product_cat","embeddable":true,"href":"https:\/\/truusk.store\/sv\/wp-json\/wp\/v2\/product_cat?post=81753"},{"taxonomy":"product_tag","embeddable":true,"href":"https:\/\/truusk.store\/sv\/wp-json\/wp\/v2\/product_tag?post=81753"}],"curies":[{"name":"wp","href":"https:\/\/api.w.org\/{rel}","templated":true}]}}