{"id":81773,"date":"2025-07-04T12:25:57","date_gmt":"2025-07-04T11:25:57","guid":{"rendered":"https:\/\/truusk.store\/product\/barnkok-med-tillbehor-dromkok-lekkok-leksakskok-for-barn-fran-3-ar-tall-mdf-vit-74-x-30-x-81-cm\/"},"modified":"2026-03-12T09:04:07","modified_gmt":"2026-03-12T08:04:07","slug":"truusk-barnkok-med-tillbehor-dromkok-for-barn-fran-3-ar-leksakskok-i-vit-mdf-74-x-30-x-81-cm","status":"publish","type":"product","link":"https:\/\/truusk.store\/sv\/produkt\/truusk-barnkok-med-tillbehor-dromkok-for-barn-fran-3-ar-leksakskok-i-vit-mdf-74-x-30-x-81-cm\/","title":{"rendered":"TRUUSK Barnk\u00f6k Med Tillbeh\u00f6r &#8211; Dr\u00f6mk\u00f6k f\u00f6r Barn Fr\u00e5n 3 \u00e5r &#8211; Leksaksk\u00f6k i Vit MDF &#8211; 74 x 30 x 81 cm"},"content":{"rendered":"<p>Detta barnk\u00f6kset fr\u00e5n TRUUSK \u00e4r perfekt f\u00f6r unga pojkar och flickor. Barn kan skapa sin egen fantasifulla kock som den riktiga och l\u00e4ra sig att utveckla sina finmotoriska f\u00e4rdigheter, kognitiva f\u00e4rdigheter och r\u00e4knef\u00e4rdigheter n\u00e4r de leker. H\u00f6gkvalitativt material f\u00f6r hela tr\u00e4k\u00f6ket s\u00e4kerst\u00e4ller l\u00e5ngvarig anv\u00e4ndning. Vad v\u00e4ntar du p\u00e5? Kom bara f\u00f6rbi och njut av f\u00f6r\u00e4ldra-barn-tiden som detta leksaksk\u00f6k ger med ditt barn!<\/p>\n<p>Beskrivning:<\/p>\n<ul>\n<li> Stilfull design med rik struktur<\/li>\n<li> Gott om f\u00f6rvaringsutrymme med hyllor, l\u00e5dor, sk\u00e5p och ugnar<\/li>\n<li> Lek som en kock<\/li>\n<li> 2 kastruller och 3 gafflar<\/li>\n<li> Diskb\u00e4nk, induktionsh\u00e4llar, telefon och elektroniska ismaskiner<\/li>\n<li> H\u00f6gkvalitativt material av furubenen och MDF-plattan f\u00f6r l\u00e5ngvarig anv\u00e4ndning<\/li>\n<li> Rostfria st\u00e5l-simulationsk\u00f6ksapparater<\/li>\n<li> Vridknapp f\u00f6r induktionsh\u00e4llen<\/li>\n<li> F\u00f6rb\u00e4ttring av barns fingerf\u00e4rdighet och andra f\u00e4rdigheter<\/li>\n<li> L\u00e4mplig f\u00f6r barn fr\u00e5n 3 \u00e5r<\/li>\n<\/ul>\n<p> Tekniska data:<\/p>\n<ul>\n<li> Material: Fur, MDF<\/li>\n<li> F\u00e4rg: Vit<\/li>\n<li> Totala m\u00e5tt: 74L x 30B x 81H cm<\/li>\n<li> Mikrov\u00e5gsugnsd\u00f6rrstorlek: 23L x 13B cm<\/li>\n<li> Storlek p\u00e5 den nedre v\u00e4nstra d\u00f6rren: 24B x 27H cm<\/li>\n<li> \u00d6vre d\u00f6rrstorlek: 24B x 49H cm<\/li>\n<li> Storlek p\u00e5 den nedre d\u00f6rren: 24B x 27H cm<\/li>\n<li> Storlek p\u00e5 den mellersta l\u00e5dan: 26L x 24B cm<\/li>\n<li> 2 x kastruller, 3 x gafflar<\/li>\n<li> L\u00e4mplig f\u00f6r personer fr\u00e5n 3 \u00e5r<\/li>\n<\/ul>\n<p> Leveransinneh\u00e5ll:<\/p>\n<ul>\n<li> 1 x Barnk\u00f6k<\/li>\n<li> 2 x Kastruller<\/li>\n<li> 3 x Gafflar<\/li>\n<\/ul>\n","protected":false},"excerpt":{"rendered":"<p>Detta barnk\u00f6kset fr\u00e5n TRUUSK \u00e4r perfekt f\u00f6r unga pojkar och flickor. Barn kan skapa sin egen fantasifulla kock som den&#8230;<\/p>\n","protected":false},"featured_media":81764,"template":"","meta":[],"product_brand":[],"product_cat":[880,626,918],"product_tag":[],"class_list":{"0":"post-81773","1":"product","2":"type-product","3":"status-publish","4":"has-post-thumbnail","6":"product_cat-baby-barn-2","7":"product_cat-barns-rollspel","8":"product_cat-leksaker","10":"first","11":"instock","12":"sale","13":"taxable","14":"shipping-taxable","15":"purchasable","16":"product-type-simple"},"yoast_head":"<!-- This site is optimized with the Yoast SEO plugin v25.4 - https:\/\/yoast.com\/wordpress\/plugins\/seo\/ -->\n<title>TRUUSK Barnk\u00f6k Med Tillbeh\u00f6r - Dr\u00f6mk\u00f6k f\u00f6r Barn Fr\u00e5n 3 \u00e5r - Leksaksk\u00f6k i Vit MDF - 74 x 30 x 81 cm - TRUUSK - Hem, Tr\u00e4dg\u00e5rd &amp; Fritid<\/title>\n<meta name=\"robots\" content=\"index, follow, max-snippet:-1, max-image-preview:large, max-video-preview:-1\" \/>\n<link rel=\"canonical\" href=\"https:\/\/truusk.store\/sv\/produkt\/truusk-barnkok-med-tillbehor-dromkok-for-barn-fran-3-ar-leksakskok-i-vit-mdf-74-x-30-x-81-cm\/\" \/>\n<meta property=\"og:locale\" content=\"sv_SE\" \/>\n<meta property=\"og:type\" content=\"article\" \/>\n<meta property=\"og:title\" content=\"TRUUSK Barnk\u00f6k Med Tillbeh\u00f6r - Dr\u00f6mk\u00f6k f\u00f6r Barn Fr\u00e5n 3 \u00e5r - Leksaksk\u00f6k i Vit MDF - 74 x 30 x 81 cm - TRUUSK - Hem, Tr\u00e4dg\u00e5rd &amp; Fritid\" \/>\n<meta property=\"og:description\" content=\"Detta barnk\u00f6kset fr\u00e5n TRUUSK \u00e4r perfekt f\u00f6r unga pojkar och flickor. Barn kan skapa sin egen fantasifulla kock som den...\" \/>\n<meta property=\"og:url\" content=\"https:\/\/truusk.store\/sv\/produkt\/truusk-barnkok-med-tillbehor-dromkok-for-barn-fran-3-ar-leksakskok-i-vit-mdf-74-x-30-x-81-cm\/\" \/>\n<meta property=\"og:site_name\" content=\"TRUUSK - Hem, Tr\u00e4dg\u00e5rd &amp; Fritid\" \/>\n<meta property=\"article:modified_time\" content=\"2026-03-12T08:04:07+00:00\" \/>\n<meta property=\"og:image\" content=\"https:\/\/i0.wp.com\/truusk.se\/wp-content\/uploads\/2025\/07\/barnkok-med-tillbehor-dromkok-lekkok-leksakskok-for-barn-fran-3-ar-tall-mdf-vit-74-x-30-x-81-cm-1.webp?fit=2000%2C2000&ssl=1\" \/>\n\t<meta property=\"og:image:width\" content=\"2000\" \/>\n\t<meta property=\"og:image:height\" content=\"2000\" \/>\n\t<meta property=\"og:image:type\" content=\"image\/webp\" \/>\n<meta name=\"twitter:card\" content=\"summary_large_image\" \/>\n<meta name=\"twitter:label1\" content=\"Ber\u00e4knad l\u00e4stid\" \/>\n\t<meta name=\"twitter:data1\" content=\"1 minut\" \/>\n<!-- \/ Yoast SEO plugin. -->","yoast_head_json":{"title":"TRUUSK Barnk\u00f6k Med Tillbeh\u00f6r - Dr\u00f6mk\u00f6k f\u00f6r Barn Fr\u00e5n 3 \u00e5r - Leksaksk\u00f6k i Vit MDF - 74 x 30 x 81 cm - TRUUSK - Hem, Tr\u00e4dg\u00e5rd &amp; Fritid","robots":{"index":"index","follow":"follow","max-snippet":"max-snippet:-1","max-image-preview":"max-image-preview:large","max-video-preview":"max-video-preview:-1"},"canonical":"https:\/\/truusk.store\/sv\/produkt\/truusk-barnkok-med-tillbehor-dromkok-for-barn-fran-3-ar-leksakskok-i-vit-mdf-74-x-30-x-81-cm\/","og_locale":"sv_SE","og_type":"article","og_title":"TRUUSK Barnk\u00f6k Med Tillbeh\u00f6r - Dr\u00f6mk\u00f6k f\u00f6r Barn Fr\u00e5n 3 \u00e5r - Leksaksk\u00f6k i Vit MDF - 74 x 30 x 81 cm - TRUUSK - Hem, Tr\u00e4dg\u00e5rd &amp; Fritid","og_description":"Detta barnk\u00f6kset fr\u00e5n TRUUSK \u00e4r perfekt f\u00f6r unga pojkar och flickor. Barn kan skapa sin egen fantasifulla kock som den...","og_url":"https:\/\/truusk.store\/sv\/produkt\/truusk-barnkok-med-tillbehor-dromkok-for-barn-fran-3-ar-leksakskok-i-vit-mdf-74-x-30-x-81-cm\/","og_site_name":"TRUUSK - Hem, Tr\u00e4dg\u00e5rd &amp; Fritid","article_modified_time":"2026-03-12T08:04:07+00:00","og_image":[{"width":2000,"height":2000,"url":"https:\/\/i0.wp.com\/truusk.se\/wp-content\/uploads\/2025\/07\/barnkok-med-tillbehor-dromkok-lekkok-leksakskok-for-barn-fran-3-ar-tall-mdf-vit-74-x-30-x-81-cm-1.webp?fit=2000%2C2000&ssl=1","type":"image\/webp"}],"twitter_card":"summary_large_image","twitter_misc":{"Ber\u00e4knad l\u00e4stid":"1 minut"},"schema":{"@context":"https:\/\/schema.org","@graph":[{"@type":"WebPage","@id":"https:\/\/truusk.store\/sv\/produkt\/truusk-barnkok-med-tillbehor-dromkok-for-barn-fran-3-ar-leksakskok-i-vit-mdf-74-x-30-x-81-cm\/","url":"https:\/\/truusk.store\/sv\/produkt\/truusk-barnkok-med-tillbehor-dromkok-for-barn-fran-3-ar-leksakskok-i-vit-mdf-74-x-30-x-81-cm\/","name":"TRUUSK Barnk\u00f6k Med Tillbeh\u00f6r - Dr\u00f6mk\u00f6k f\u00f6r Barn Fr\u00e5n 3 \u00e5r - Leksaksk\u00f6k i Vit MDF - 74 x 30 x 81 cm - TRUUSK - Hem, Tr\u00e4dg\u00e5rd &amp; Fritid","isPartOf":{"@id":"https:\/\/truusk.store\/sv\/#website"},"primaryImageOfPage":{"@id":"https:\/\/truusk.store\/sv\/produkt\/truusk-barnkok-med-tillbehor-dromkok-for-barn-fran-3-ar-leksakskok-i-vit-mdf-74-x-30-x-81-cm\/#primaryimage"},"image":{"@id":"https:\/\/truusk.store\/sv\/produkt\/truusk-barnkok-med-tillbehor-dromkok-for-barn-fran-3-ar-leksakskok-i-vit-mdf-74-x-30-x-81-cm\/#primaryimage"},"thumbnailUrl":"https:\/\/i0.wp.com\/truusk.store\/wp-content\/uploads\/2025\/07\/barnkok-med-tillbehor-dromkok-lekkok-leksakskok-for-barn-fran-3-ar-tall-mdf-vit-74-x-30-x-81-cm-1.webp?fit=2000%2C2000&ssl=1","datePublished":"2025-07-04T11:25:57+00:00","dateModified":"2026-03-12T08:04:07+00:00","breadcrumb":{"@id":"https:\/\/truusk.store\/sv\/produkt\/truusk-barnkok-med-tillbehor-dromkok-for-barn-fran-3-ar-leksakskok-i-vit-mdf-74-x-30-x-81-cm\/#breadcrumb"},"inLanguage":"sv-SE","potentialAction":[{"@type":"ReadAction","target":["https:\/\/truusk.store\/sv\/produkt\/truusk-barnkok-med-tillbehor-dromkok-for-barn-fran-3-ar-leksakskok-i-vit-mdf-74-x-30-x-81-cm\/"]}]},{"@type":"ImageObject","inLanguage":"sv-SE","@id":"https:\/\/truusk.store\/sv\/produkt\/truusk-barnkok-med-tillbehor-dromkok-for-barn-fran-3-ar-leksakskok-i-vit-mdf-74-x-30-x-81-cm\/#primaryimage","url":"https:\/\/i0.wp.com\/truusk.store\/wp-content\/uploads\/2025\/07\/barnkok-med-tillbehor-dromkok-lekkok-leksakskok-for-barn-fran-3-ar-tall-mdf-vit-74-x-30-x-81-cm-1.webp?fit=2000%2C2000&ssl=1","contentUrl":"https:\/\/i0.wp.com\/truusk.store\/wp-content\/uploads\/2025\/07\/barnkok-med-tillbehor-dromkok-lekkok-leksakskok-for-barn-fran-3-ar-tall-mdf-vit-74-x-30-x-81-cm-1.webp?fit=2000%2C2000&ssl=1","width":2000,"height":2000},{"@type":"BreadcrumbList","@id":"https:\/\/truusk.store\/sv\/produkt\/truusk-barnkok-med-tillbehor-dromkok-for-barn-fran-3-ar-leksakskok-i-vit-mdf-74-x-30-x-81-cm\/#breadcrumb","itemListElement":[{"@type":"ListItem","position":1,"name":"Home","item":"https:\/\/truusk.store\/sv\/"},{"@type":"ListItem","position":2,"name":"Shop","item":"https:\/\/truusk.store\/shop\/"},{"@type":"ListItem","position":3,"name":"TRUUSK Barnk\u00f6k Med Tillbeh\u00f6r &#8211; Dr\u00f6mk\u00f6k f\u00f6r Barn Fr\u00e5n 3 \u00e5r &#8211; Leksaksk\u00f6k i Vit MDF &#8211; 74 x 30 x 81 cm"}]},{"@type":"WebSite","@id":"https:\/\/truusk.store\/sv\/#website","url":"https:\/\/truusk.store\/sv\/","name":"TRUUSK - Hem, Tr\u00e4dg\u00e5rd & Fritid","description":"","publisher":{"@id":"https:\/\/truusk.store\/sv\/#organization"},"potentialAction":[{"@type":"SearchAction","target":{"@type":"EntryPoint","urlTemplate":"https:\/\/truusk.store\/sv\/?s={search_term_string}"},"query-input":{"@type":"PropertyValueSpecification","valueRequired":true,"valueName":"search_term_string"}}],"inLanguage":"sv-SE"},{"@type":"Organization","@id":"https:\/\/truusk.store\/sv\/#organization","name":"TRUUSK - Hem, Tr\u00e4dg\u00e5rd & Fritid","url":"https:\/\/truusk.store\/sv\/","logo":{"@type":"ImageObject","inLanguage":"sv-SE","@id":"https:\/\/truusk.store\/sv\/#\/schema\/logo\/image\/","url":"https:\/\/i0.wp.com\/truusk.store\/wp-content\/uploads\/2026\/03\/cropped-TRUUSK.png?fit=2032%2C917&ssl=1","contentUrl":"https:\/\/i0.wp.com\/truusk.store\/wp-content\/uploads\/2026\/03\/cropped-TRUUSK.png?fit=2032%2C917&ssl=1","width":2032,"height":917,"caption":"TRUUSK - Hem, Tr\u00e4dg\u00e5rd & Fritid"},"image":{"@id":"https:\/\/truusk.store\/sv\/#\/schema\/logo\/image\/"}}]}},"jetpack_sharing_enabled":true,"_links":{"self":[{"href":"https:\/\/truusk.store\/sv\/wp-json\/wp\/v2\/product\/81773","targetHints":{"allow":["GET"]}}],"collection":[{"href":"https:\/\/truusk.store\/sv\/wp-json\/wp\/v2\/product"}],"about":[{"href":"https:\/\/truusk.store\/sv\/wp-json\/wp\/v2\/types\/product"}],"wp:featuredmedia":[{"embeddable":true,"href":"https:\/\/truusk.store\/sv\/wp-json\/wp\/v2\/media\/81764"}],"wp:attachment":[{"href":"https:\/\/truusk.store\/sv\/wp-json\/wp\/v2\/media?parent=81773"}],"wp:term":[{"taxonomy":"product_brand","embeddable":true,"href":"https:\/\/truusk.store\/sv\/wp-json\/wp\/v2\/product_brand?post=81773"},{"taxonomy":"product_cat","embeddable":true,"href":"https:\/\/truusk.store\/sv\/wp-json\/wp\/v2\/product_cat?post=81773"},{"taxonomy":"product_tag","embeddable":true,"href":"https:\/\/truusk.store\/sv\/wp-json\/wp\/v2\/product_tag?post=81773"}],"curies":[{"name":"wp","href":"https:\/\/api.w.org\/{rel}","templated":true}]}}