{"id":81783,"date":"2025-07-04T12:36:06","date_gmt":"2025-07-04T11:36:06","guid":{"rendered":"https:\/\/truusk.store\/product\/hundkoja-med-takterrass-vaderbestandig-tra-121x77x78cm-svart-gul\/"},"modified":"2026-03-12T09:36:19","modified_gmt":"2026-03-12T08:36:19","slug":"truusk-hundkoja-med-takterrass-vaderbestandig-tra-121x77x78cm-svart-gul","status":"publish","type":"product","link":"https:\/\/truusk.store\/sv\/produkt\/truusk-hundkoja-med-takterrass-vaderbestandig-tra-121x77x78cm-svart-gul\/","title":{"rendered":"TRUUSK Hundkoja med takterrass &#8211; V\u00e4derbest\u00e4ndig &#8211; Tr\u00e4 &#8211; 121x77x78cm &#8211; Svart\/Gul"},"content":{"rendered":"<p>V\u00e5r hundkoja fr\u00e5n TRUUSK ger din hund h\u00f6gsta m\u00f6jliga trygghet och avkoppling. Tack vare den praktiska takterrassen och stegen f\u00e5r din skyddsling en extra, underbar viloplats i solen. Hundhuset \u00e4r rymligt, sl\u00e4pper inte in n\u00e5got regn och ger din p\u00e4lsiga v\u00e4n gott om r\u00f6relsefrihet. Tack vare det praktiska avst\u00e5ndet fr\u00e5n golvet h\u00e5lls markfuktighet och kyla borta. F\u00f6nstret och d\u00f6rren ger optimal luftcirkulation.<\/p>\n<p>Beskrivning:<\/p>\n<ul>\n<li> Takterrass med trappa och r\u00e4cke<\/li>\n<li> Vattenavvisande lack p\u00e5 hundkojan st\u00e5r emot l\u00e4tt regn<\/li>\n<li> F\u00f6nster f\u00f6r en fri utsikt ut\u00e5t och d\u00f6rr f\u00f6r enkel \u00e5tkomst<\/li>\n<li> Golvet p\u00e5 sm\u00e5djurshuset skyddar mot fukt<\/li>\n<li> Attraktivt tillskott till din tr\u00e4dg\u00e5rd, terrass eller andra utomhusomr\u00e5den<\/li>\n<li> L\u00e4mplig f\u00f6r sm\u00e5 och medelstora hundar upp till 20 kg, 65 cm kroppsl\u00e4ngd, som Corgi, Beagle, Harrier etc.<\/li>\n<li> Montering kr\u00e4vs<\/li>\n<\/ul>\n<p> Tekniska data:<\/p>\n<ul>\n<li> F\u00e4rg: Gul<\/li>\n<li> Material: Grantr\u00e4<\/li>\n<li> Totala m\u00e5tt: 121L x 77B x 78H cm<\/li>\n<li> M\u00e5tt huvudhus: 79B x 67,5T x 53H cm<\/li>\n<li> F\u00f6nsterm\u00e5tt: 18,5B x 16H cm<\/li>\n<li> D\u00f6rrm\u00e5tt: 30B x 40H cm<\/li>\n<li> M\u00e5tt takterrass: 69B x 64T cm<\/li>\n<li> H\u00f6jd r\u00e4cke: 20 cm<\/li>\n<li> M\u00e5tt trappa: 40L x 30B x 51H cm. H\u00f6jd per steg: 17 cm<\/li>\n<li> H\u00f6jd ben: 3,5 cm<\/li>\n<\/ul>\n<p> Leverans inneh\u00e5ller:<\/p>\n<ul>\n<li> 1 x Hundkoja<\/li>\n<li> 1 x Instruktioner<\/li>\n<\/ul>\n","protected":false},"excerpt":{"rendered":"<p>V\u00e5r hundkoja fr\u00e5n TRUUSK ger din hund h\u00f6gsta m\u00f6jliga trygghet och avkoppling. Tack vare den praktiska takterrassen och stegen f\u00e5r&#8230;<\/p>\n","protected":false},"featured_media":81774,"template":"","meta":[],"product_brand":[],"product_cat":[878,584,574],"product_tag":[],"class_list":{"0":"post-81783","1":"product","2":"type-product","3":"status-publish","4":"has-post-thumbnail","6":"product_cat-djurbehov","7":"product_cat-hundkojor","8":"product_cat-hundtillbehor","10":"first","11":"instock","12":"sale","13":"taxable","14":"shipping-taxable","15":"purchasable","16":"product-type-simple"},"yoast_head":"<!-- This site is optimized with the Yoast SEO plugin v25.4 - https:\/\/yoast.com\/wordpress\/plugins\/seo\/ -->\n<title>TRUUSK Hundkoja med takterrass - V\u00e4derbest\u00e4ndig - Tr\u00e4 - 121x77x78cm - Svart\/Gul - TRUUSK - Hem, Tr\u00e4dg\u00e5rd &amp; Fritid<\/title>\n<meta name=\"robots\" content=\"index, follow, max-snippet:-1, max-image-preview:large, max-video-preview:-1\" \/>\n<link rel=\"canonical\" href=\"https:\/\/truusk.store\/sv\/produkt\/truusk-hundkoja-med-takterrass-vaderbestandig-tra-121x77x78cm-svart-gul\/\" \/>\n<meta property=\"og:locale\" content=\"sv_SE\" \/>\n<meta property=\"og:type\" content=\"article\" \/>\n<meta property=\"og:title\" content=\"TRUUSK Hundkoja med takterrass - V\u00e4derbest\u00e4ndig - Tr\u00e4 - 121x77x78cm - Svart\/Gul - TRUUSK - Hem, Tr\u00e4dg\u00e5rd &amp; Fritid\" \/>\n<meta property=\"og:description\" content=\"V\u00e5r hundkoja fr\u00e5n TRUUSK ger din hund h\u00f6gsta m\u00f6jliga trygghet och avkoppling. Tack vare den praktiska takterrassen och stegen f\u00e5r...\" \/>\n<meta property=\"og:url\" content=\"https:\/\/truusk.store\/sv\/produkt\/truusk-hundkoja-med-takterrass-vaderbestandig-tra-121x77x78cm-svart-gul\/\" \/>\n<meta property=\"og:site_name\" content=\"TRUUSK - Hem, Tr\u00e4dg\u00e5rd &amp; Fritid\" \/>\n<meta property=\"article:modified_time\" content=\"2026-03-12T08:36:19+00:00\" \/>\n<meta property=\"og:image\" content=\"https:\/\/i0.wp.com\/truusk.se\/wp-content\/uploads\/2025\/07\/hundkoja-med-takterrass-vaderbestandig-tra-121x77x78cm-svart-gul-1.webp?fit=2000%2C2000&ssl=1\" \/>\n\t<meta property=\"og:image:width\" content=\"2000\" \/>\n\t<meta property=\"og:image:height\" content=\"2000\" \/>\n\t<meta property=\"og:image:type\" content=\"image\/webp\" \/>\n<meta name=\"twitter:card\" content=\"summary_large_image\" \/>\n<meta name=\"twitter:label1\" content=\"Ber\u00e4knad l\u00e4stid\" \/>\n\t<meta name=\"twitter:data1\" content=\"1 minut\" \/>\n<!-- \/ Yoast SEO plugin. -->","yoast_head_json":{"title":"TRUUSK Hundkoja med takterrass - V\u00e4derbest\u00e4ndig - Tr\u00e4 - 121x77x78cm - Svart\/Gul - TRUUSK - Hem, Tr\u00e4dg\u00e5rd &amp; Fritid","robots":{"index":"index","follow":"follow","max-snippet":"max-snippet:-1","max-image-preview":"max-image-preview:large","max-video-preview":"max-video-preview:-1"},"canonical":"https:\/\/truusk.store\/sv\/produkt\/truusk-hundkoja-med-takterrass-vaderbestandig-tra-121x77x78cm-svart-gul\/","og_locale":"sv_SE","og_type":"article","og_title":"TRUUSK Hundkoja med takterrass - V\u00e4derbest\u00e4ndig - Tr\u00e4 - 121x77x78cm - Svart\/Gul - TRUUSK - Hem, Tr\u00e4dg\u00e5rd &amp; Fritid","og_description":"V\u00e5r hundkoja fr\u00e5n TRUUSK ger din hund h\u00f6gsta m\u00f6jliga trygghet och avkoppling. Tack vare den praktiska takterrassen och stegen f\u00e5r...","og_url":"https:\/\/truusk.store\/sv\/produkt\/truusk-hundkoja-med-takterrass-vaderbestandig-tra-121x77x78cm-svart-gul\/","og_site_name":"TRUUSK - Hem, Tr\u00e4dg\u00e5rd &amp; Fritid","article_modified_time":"2026-03-12T08:36:19+00:00","og_image":[{"width":2000,"height":2000,"url":"https:\/\/i0.wp.com\/truusk.se\/wp-content\/uploads\/2025\/07\/hundkoja-med-takterrass-vaderbestandig-tra-121x77x78cm-svart-gul-1.webp?fit=2000%2C2000&ssl=1","type":"image\/webp"}],"twitter_card":"summary_large_image","twitter_misc":{"Ber\u00e4knad l\u00e4stid":"1 minut"},"schema":{"@context":"https:\/\/schema.org","@graph":[{"@type":"WebPage","@id":"https:\/\/truusk.store\/sv\/produkt\/truusk-hundkoja-med-takterrass-vaderbestandig-tra-121x77x78cm-svart-gul\/","url":"https:\/\/truusk.store\/sv\/produkt\/truusk-hundkoja-med-takterrass-vaderbestandig-tra-121x77x78cm-svart-gul\/","name":"TRUUSK Hundkoja med takterrass - V\u00e4derbest\u00e4ndig - Tr\u00e4 - 121x77x78cm - Svart\/Gul - TRUUSK - Hem, Tr\u00e4dg\u00e5rd &amp; Fritid","isPartOf":{"@id":"https:\/\/truusk.store\/sv\/#website"},"primaryImageOfPage":{"@id":"https:\/\/truusk.store\/sv\/produkt\/truusk-hundkoja-med-takterrass-vaderbestandig-tra-121x77x78cm-svart-gul\/#primaryimage"},"image":{"@id":"https:\/\/truusk.store\/sv\/produkt\/truusk-hundkoja-med-takterrass-vaderbestandig-tra-121x77x78cm-svart-gul\/#primaryimage"},"thumbnailUrl":"https:\/\/i0.wp.com\/truusk.store\/wp-content\/uploads\/2025\/07\/hundkoja-med-takterrass-vaderbestandig-tra-121x77x78cm-svart-gul-1.webp?fit=2000%2C2000&ssl=1","datePublished":"2025-07-04T11:36:06+00:00","dateModified":"2026-03-12T08:36:19+00:00","breadcrumb":{"@id":"https:\/\/truusk.store\/sv\/produkt\/truusk-hundkoja-med-takterrass-vaderbestandig-tra-121x77x78cm-svart-gul\/#breadcrumb"},"inLanguage":"sv-SE","potentialAction":[{"@type":"ReadAction","target":["https:\/\/truusk.store\/sv\/produkt\/truusk-hundkoja-med-takterrass-vaderbestandig-tra-121x77x78cm-svart-gul\/"]}]},{"@type":"ImageObject","inLanguage":"sv-SE","@id":"https:\/\/truusk.store\/sv\/produkt\/truusk-hundkoja-med-takterrass-vaderbestandig-tra-121x77x78cm-svart-gul\/#primaryimage","url":"https:\/\/i0.wp.com\/truusk.store\/wp-content\/uploads\/2025\/07\/hundkoja-med-takterrass-vaderbestandig-tra-121x77x78cm-svart-gul-1.webp?fit=2000%2C2000&ssl=1","contentUrl":"https:\/\/i0.wp.com\/truusk.store\/wp-content\/uploads\/2025\/07\/hundkoja-med-takterrass-vaderbestandig-tra-121x77x78cm-svart-gul-1.webp?fit=2000%2C2000&ssl=1","width":2000,"height":2000},{"@type":"BreadcrumbList","@id":"https:\/\/truusk.store\/sv\/produkt\/truusk-hundkoja-med-takterrass-vaderbestandig-tra-121x77x78cm-svart-gul\/#breadcrumb","itemListElement":[{"@type":"ListItem","position":1,"name":"Home","item":"https:\/\/truusk.store\/sv\/"},{"@type":"ListItem","position":2,"name":"Shop","item":"https:\/\/truusk.store\/shop\/"},{"@type":"ListItem","position":3,"name":"TRUUSK Hundkoja med takterrass &#8211; V\u00e4derbest\u00e4ndig &#8211; Tr\u00e4 &#8211; 121x77x78cm &#8211; Svart\/Gul"}]},{"@type":"WebSite","@id":"https:\/\/truusk.store\/sv\/#website","url":"https:\/\/truusk.store\/sv\/","name":"TRUUSK - Hem, Tr\u00e4dg\u00e5rd & Fritid","description":"","publisher":{"@id":"https:\/\/truusk.store\/sv\/#organization"},"potentialAction":[{"@type":"SearchAction","target":{"@type":"EntryPoint","urlTemplate":"https:\/\/truusk.store\/sv\/?s={search_term_string}"},"query-input":{"@type":"PropertyValueSpecification","valueRequired":true,"valueName":"search_term_string"}}],"inLanguage":"sv-SE"},{"@type":"Organization","@id":"https:\/\/truusk.store\/sv\/#organization","name":"TRUUSK - Hem, Tr\u00e4dg\u00e5rd & Fritid","url":"https:\/\/truusk.store\/sv\/","logo":{"@type":"ImageObject","inLanguage":"sv-SE","@id":"https:\/\/truusk.store\/sv\/#\/schema\/logo\/image\/","url":"https:\/\/i0.wp.com\/truusk.store\/wp-content\/uploads\/2026\/03\/cropped-TRUUSK.png?fit=2032%2C917&ssl=1","contentUrl":"https:\/\/i0.wp.com\/truusk.store\/wp-content\/uploads\/2026\/03\/cropped-TRUUSK.png?fit=2032%2C917&ssl=1","width":2032,"height":917,"caption":"TRUUSK - Hem, Tr\u00e4dg\u00e5rd & Fritid"},"image":{"@id":"https:\/\/truusk.store\/sv\/#\/schema\/logo\/image\/"}}]}},"jetpack_sharing_enabled":true,"_links":{"self":[{"href":"https:\/\/truusk.store\/sv\/wp-json\/wp\/v2\/product\/81783","targetHints":{"allow":["GET"]}}],"collection":[{"href":"https:\/\/truusk.store\/sv\/wp-json\/wp\/v2\/product"}],"about":[{"href":"https:\/\/truusk.store\/sv\/wp-json\/wp\/v2\/types\/product"}],"wp:featuredmedia":[{"embeddable":true,"href":"https:\/\/truusk.store\/sv\/wp-json\/wp\/v2\/media\/81774"}],"wp:attachment":[{"href":"https:\/\/truusk.store\/sv\/wp-json\/wp\/v2\/media?parent=81783"}],"wp:term":[{"taxonomy":"product_brand","embeddable":true,"href":"https:\/\/truusk.store\/sv\/wp-json\/wp\/v2\/product_brand?post=81783"},{"taxonomy":"product_cat","embeddable":true,"href":"https:\/\/truusk.store\/sv\/wp-json\/wp\/v2\/product_cat?post=81783"},{"taxonomy":"product_tag","embeddable":true,"href":"https:\/\/truusk.store\/sv\/wp-json\/wp\/v2\/product_tag?post=81783"}],"curies":[{"name":"wp","href":"https:\/\/api.w.org\/{rel}","templated":true}]}}