{"id":81813,"date":"2025-07-04T12:46:42","date_gmt":"2025-07-04T11:46:42","guid":{"rendered":"https:\/\/truusk.store\/product\/svangstol-hojdjusterbar-kontorsstol-linne-liknande-polyester-metall-60-x-60-x-79-91-cm-svart\/"},"modified":"2026-03-12T08:42:35","modified_gmt":"2026-03-12T07:42:35","slug":"truusk-svangstol-justerbar-hojd-linne-liknande-polyester-metall-60-x-60-x-79-91-cm-svart","status":"publish","type":"product","link":"https:\/\/truusk.store\/sv\/produkt\/truusk-svangstol-justerbar-hojd-linne-liknande-polyester-metall-60-x-60-x-79-91-cm-svart\/","title":{"rendered":"TRUUSK Sv\u00e4ngstol &#8211; Justerbar H\u00f6jd &#8211; Linne-liknande Polyester &#8211; Metall &#8211; 60 x 60 x 79-91 cm &#8211; Svart"},"content":{"rendered":"<p>F\u00f6r alla som uppskattar komfort och stil i sin arbetsmilj\u00f6, erbjuder den h\u00f6jdjusterbara snurrstolen fr\u00e5n TRUUSK den perfekta l\u00f6sningen. I ett modernt kontor i hj\u00e4rtat av staden, d\u00e4r l\u00e5nga arbetstimmar \u00e4r normen, ger denna stol med sin U-formade ryggst\u00f6d och mjuka skumdynor o\u00f6vertr\u00e4ffad komfort och st\u00f6d. Dess enkla design passar in i alla kontorsinredningar och erbjuder den flexibilitet som beh\u00f6vs i dynamiska arbetsmilj\u00f6er.<\/p>\n<p>Beskrivning:<\/p>\n<ul>\n<li> Modern snurrstol i enkel design, idealisk f\u00f6r vardagsrum, sovrum eller kontor<\/li>\n<li> Sitsens h\u00f6jd kan justeras fr\u00e5n 45 cm till 57 cm<\/li>\n<li> 360\u00b0-snurrfunktionen p\u00e5 den bekv\u00e4ma stolen ut\u00f6kar r\u00f6relseomr\u00e5det<\/li>\n<li> L\u00e4tt och kompakt design p\u00e5 snurrstolen, perfekt f\u00f6r sm\u00e5 utrymmen<\/li>\n<li> Skumfylld sitsdyna f\u00f6r utm\u00e4rkt komfort<\/li>\n<li> Med l\u00e4ndryggsst\u00f6d och armst\u00f6d<\/li>\n<li> Yta i linneutseende<\/li>\n<li> Montering kr\u00e4vs<\/li>\n<\/ul>\n<p> Tekniska data:<\/p>\n<ul>\n<li> F\u00e4rg: Svart<\/li>\n<li> Material: Linneimitation (100% polyester), skum, metall<\/li>\n<li> Totala dimensioner: 60B x 60D x 79-91H cm<\/li>\n<li> Sitsstorlek: 47B x 46D cm<\/li>\n<li> Sitth\u00f6jd: 45-57 cm<\/li>\n<li> Armst\u00f6dsh\u00f6jd: 65-77 cm<\/li>\n<li> Ryggst\u00f6dsstorlek: 46B x 35,5H cm<\/li>\n<li> B\u00e4rkapacitet: 136 kg<\/li>\n<\/ul>\n<p>Leveransinneh\u00e5ll:<\/p>\n<ul>\n<li> 1 x Snurrstol<\/li>\n<li> 1 x Instruktioner<\/li>\n<\/ul>\n","protected":false},"excerpt":{"rendered":"<p>F\u00f6r alla som uppskattar komfort och stil i sin arbetsmilj\u00f6, erbjuder den h\u00f6jdjusterbara snurrstolen fr\u00e5n TRUUSK den perfekta l\u00f6sningen. I&#8230;<\/p>\n","protected":false},"featured_media":81804,"template":"","meta":[],"product_brand":[],"product_cat":[872,871,516],"product_tag":[],"class_list":{"0":"post-81813","1":"product","2":"type-product","3":"status-publish","4":"has-post-thumbnail","6":"product_cat-hemmakontor-arbetsplats","7":"product_cat-hus-hem","8":"product_cat-kontorsstolar","10":"first","11":"instock","12":"sale","13":"taxable","14":"shipping-taxable","15":"purchasable","16":"product-type-simple"},"yoast_head":"<!-- This site is optimized with the Yoast SEO plugin v25.4 - https:\/\/yoast.com\/wordpress\/plugins\/seo\/ -->\n<title>TRUUSK Sv\u00e4ngstol - Justerbar H\u00f6jd - Linne-liknande Polyester - Metall - 60 x 60 x 79-91 cm - Svart - TRUUSK - Hem, Tr\u00e4dg\u00e5rd &amp; Fritid<\/title>\n<meta name=\"robots\" content=\"index, follow, max-snippet:-1, max-image-preview:large, max-video-preview:-1\" \/>\n<link rel=\"canonical\" href=\"https:\/\/truusk.store\/sv\/produkt\/truusk-svangstol-justerbar-hojd-linne-liknande-polyester-metall-60-x-60-x-79-91-cm-svart\/\" \/>\n<meta property=\"og:locale\" content=\"sv_SE\" \/>\n<meta property=\"og:type\" content=\"article\" \/>\n<meta property=\"og:title\" content=\"TRUUSK Sv\u00e4ngstol - Justerbar H\u00f6jd - Linne-liknande Polyester - Metall - 60 x 60 x 79-91 cm - Svart - TRUUSK - Hem, Tr\u00e4dg\u00e5rd &amp; Fritid\" \/>\n<meta property=\"og:description\" content=\"F\u00f6r alla som uppskattar komfort och stil i sin arbetsmilj\u00f6, erbjuder den h\u00f6jdjusterbara snurrstolen fr\u00e5n TRUUSK den perfekta l\u00f6sningen. I...\" \/>\n<meta property=\"og:url\" content=\"https:\/\/truusk.store\/sv\/produkt\/truusk-svangstol-justerbar-hojd-linne-liknande-polyester-metall-60-x-60-x-79-91-cm-svart\/\" \/>\n<meta property=\"og:site_name\" content=\"TRUUSK - Hem, Tr\u00e4dg\u00e5rd &amp; Fritid\" \/>\n<meta property=\"article:modified_time\" content=\"2026-03-12T07:42:35+00:00\" \/>\n<meta property=\"og:image\" content=\"https:\/\/i0.wp.com\/truusk.se\/wp-content\/uploads\/2025\/07\/svangstol-hojdjusterbar-kontorsstol-linne-liknande-polyester-metall-60-x-60-x-79-91-cm-svart-1.webp?fit=2000%2C2000&ssl=1\" \/>\n\t<meta property=\"og:image:width\" content=\"2000\" \/>\n\t<meta property=\"og:image:height\" content=\"2000\" \/>\n\t<meta property=\"og:image:type\" content=\"image\/webp\" \/>\n<meta name=\"twitter:card\" content=\"summary_large_image\" \/>\n<meta name=\"twitter:label1\" content=\"Ber\u00e4knad l\u00e4stid\" \/>\n\t<meta name=\"twitter:data1\" content=\"1 minut\" \/>\n<!-- \/ Yoast SEO plugin. -->","yoast_head_json":{"title":"TRUUSK Sv\u00e4ngstol - Justerbar H\u00f6jd - Linne-liknande Polyester - Metall - 60 x 60 x 79-91 cm - Svart - TRUUSK - Hem, Tr\u00e4dg\u00e5rd &amp; Fritid","robots":{"index":"index","follow":"follow","max-snippet":"max-snippet:-1","max-image-preview":"max-image-preview:large","max-video-preview":"max-video-preview:-1"},"canonical":"https:\/\/truusk.store\/sv\/produkt\/truusk-svangstol-justerbar-hojd-linne-liknande-polyester-metall-60-x-60-x-79-91-cm-svart\/","og_locale":"sv_SE","og_type":"article","og_title":"TRUUSK Sv\u00e4ngstol - Justerbar H\u00f6jd - Linne-liknande Polyester - Metall - 60 x 60 x 79-91 cm - Svart - TRUUSK - Hem, Tr\u00e4dg\u00e5rd &amp; Fritid","og_description":"F\u00f6r alla som uppskattar komfort och stil i sin arbetsmilj\u00f6, erbjuder den h\u00f6jdjusterbara snurrstolen fr\u00e5n TRUUSK den perfekta l\u00f6sningen. I...","og_url":"https:\/\/truusk.store\/sv\/produkt\/truusk-svangstol-justerbar-hojd-linne-liknande-polyester-metall-60-x-60-x-79-91-cm-svart\/","og_site_name":"TRUUSK - Hem, Tr\u00e4dg\u00e5rd &amp; Fritid","article_modified_time":"2026-03-12T07:42:35+00:00","og_image":[{"width":2000,"height":2000,"url":"https:\/\/i0.wp.com\/truusk.se\/wp-content\/uploads\/2025\/07\/svangstol-hojdjusterbar-kontorsstol-linne-liknande-polyester-metall-60-x-60-x-79-91-cm-svart-1.webp?fit=2000%2C2000&ssl=1","type":"image\/webp"}],"twitter_card":"summary_large_image","twitter_misc":{"Ber\u00e4knad l\u00e4stid":"1 minut"},"schema":{"@context":"https:\/\/schema.org","@graph":[{"@type":"WebPage","@id":"https:\/\/truusk.store\/sv\/produkt\/truusk-svangstol-justerbar-hojd-linne-liknande-polyester-metall-60-x-60-x-79-91-cm-svart\/","url":"https:\/\/truusk.store\/sv\/produkt\/truusk-svangstol-justerbar-hojd-linne-liknande-polyester-metall-60-x-60-x-79-91-cm-svart\/","name":"TRUUSK Sv\u00e4ngstol - Justerbar H\u00f6jd - Linne-liknande Polyester - Metall - 60 x 60 x 79-91 cm - Svart - TRUUSK - Hem, Tr\u00e4dg\u00e5rd &amp; Fritid","isPartOf":{"@id":"https:\/\/truusk.store\/sv\/#website"},"primaryImageOfPage":{"@id":"https:\/\/truusk.store\/sv\/produkt\/truusk-svangstol-justerbar-hojd-linne-liknande-polyester-metall-60-x-60-x-79-91-cm-svart\/#primaryimage"},"image":{"@id":"https:\/\/truusk.store\/sv\/produkt\/truusk-svangstol-justerbar-hojd-linne-liknande-polyester-metall-60-x-60-x-79-91-cm-svart\/#primaryimage"},"thumbnailUrl":"https:\/\/i0.wp.com\/truusk.store\/wp-content\/uploads\/2025\/07\/svangstol-hojdjusterbar-kontorsstol-linne-liknande-polyester-metall-60-x-60-x-79-91-cm-svart-1.webp?fit=2000%2C2000&ssl=1","datePublished":"2025-07-04T11:46:42+00:00","dateModified":"2026-03-12T07:42:35+00:00","breadcrumb":{"@id":"https:\/\/truusk.store\/sv\/produkt\/truusk-svangstol-justerbar-hojd-linne-liknande-polyester-metall-60-x-60-x-79-91-cm-svart\/#breadcrumb"},"inLanguage":"sv-SE","potentialAction":[{"@type":"ReadAction","target":["https:\/\/truusk.store\/sv\/produkt\/truusk-svangstol-justerbar-hojd-linne-liknande-polyester-metall-60-x-60-x-79-91-cm-svart\/"]}]},{"@type":"ImageObject","inLanguage":"sv-SE","@id":"https:\/\/truusk.store\/sv\/produkt\/truusk-svangstol-justerbar-hojd-linne-liknande-polyester-metall-60-x-60-x-79-91-cm-svart\/#primaryimage","url":"https:\/\/i0.wp.com\/truusk.store\/wp-content\/uploads\/2025\/07\/svangstol-hojdjusterbar-kontorsstol-linne-liknande-polyester-metall-60-x-60-x-79-91-cm-svart-1.webp?fit=2000%2C2000&ssl=1","contentUrl":"https:\/\/i0.wp.com\/truusk.store\/wp-content\/uploads\/2025\/07\/svangstol-hojdjusterbar-kontorsstol-linne-liknande-polyester-metall-60-x-60-x-79-91-cm-svart-1.webp?fit=2000%2C2000&ssl=1","width":2000,"height":2000},{"@type":"BreadcrumbList","@id":"https:\/\/truusk.store\/sv\/produkt\/truusk-svangstol-justerbar-hojd-linne-liknande-polyester-metall-60-x-60-x-79-91-cm-svart\/#breadcrumb","itemListElement":[{"@type":"ListItem","position":1,"name":"Home","item":"https:\/\/truusk.store\/sv\/"},{"@type":"ListItem","position":2,"name":"Shop","item":"https:\/\/truusk.store\/shop\/"},{"@type":"ListItem","position":3,"name":"TRUUSK Sv\u00e4ngstol &#8211; Justerbar H\u00f6jd &#8211; Linne-liknande Polyester &#8211; Metall &#8211; 60 x 60 x 79-91 cm &#8211; Svart"}]},{"@type":"WebSite","@id":"https:\/\/truusk.store\/sv\/#website","url":"https:\/\/truusk.store\/sv\/","name":"TRUUSK - Hem, Tr\u00e4dg\u00e5rd & Fritid","description":"","publisher":{"@id":"https:\/\/truusk.store\/sv\/#organization"},"potentialAction":[{"@type":"SearchAction","target":{"@type":"EntryPoint","urlTemplate":"https:\/\/truusk.store\/sv\/?s={search_term_string}"},"query-input":{"@type":"PropertyValueSpecification","valueRequired":true,"valueName":"search_term_string"}}],"inLanguage":"sv-SE"},{"@type":"Organization","@id":"https:\/\/truusk.store\/sv\/#organization","name":"TRUUSK - Hem, Tr\u00e4dg\u00e5rd & Fritid","url":"https:\/\/truusk.store\/sv\/","logo":{"@type":"ImageObject","inLanguage":"sv-SE","@id":"https:\/\/truusk.store\/sv\/#\/schema\/logo\/image\/","url":"https:\/\/i0.wp.com\/truusk.store\/wp-content\/uploads\/2026\/03\/cropped-TRUUSK.png?fit=2032%2C917&ssl=1","contentUrl":"https:\/\/i0.wp.com\/truusk.store\/wp-content\/uploads\/2026\/03\/cropped-TRUUSK.png?fit=2032%2C917&ssl=1","width":2032,"height":917,"caption":"TRUUSK - Hem, Tr\u00e4dg\u00e5rd & Fritid"},"image":{"@id":"https:\/\/truusk.store\/sv\/#\/schema\/logo\/image\/"}}]}},"jetpack_sharing_enabled":true,"_links":{"self":[{"href":"https:\/\/truusk.store\/sv\/wp-json\/wp\/v2\/product\/81813","targetHints":{"allow":["GET"]}}],"collection":[{"href":"https:\/\/truusk.store\/sv\/wp-json\/wp\/v2\/product"}],"about":[{"href":"https:\/\/truusk.store\/sv\/wp-json\/wp\/v2\/types\/product"}],"wp:featuredmedia":[{"embeddable":true,"href":"https:\/\/truusk.store\/sv\/wp-json\/wp\/v2\/media\/81804"}],"wp:attachment":[{"href":"https:\/\/truusk.store\/sv\/wp-json\/wp\/v2\/media?parent=81813"}],"wp:term":[{"taxonomy":"product_brand","embeddable":true,"href":"https:\/\/truusk.store\/sv\/wp-json\/wp\/v2\/product_brand?post=81813"},{"taxonomy":"product_cat","embeddable":true,"href":"https:\/\/truusk.store\/sv\/wp-json\/wp\/v2\/product_cat?post=81813"},{"taxonomy":"product_tag","embeddable":true,"href":"https:\/\/truusk.store\/sv\/wp-json\/wp\/v2\/product_tag?post=81813"}],"curies":[{"name":"wp","href":"https:\/\/api.w.org\/{rel}","templated":true}]}}