{"id":81832,"date":"2025-07-04T20:15:01","date_gmt":"2025-07-04T19:15:01","guid":{"rendered":"https:\/\/truusk.store\/product\/klattertrad-takhogt-justerbart-225-255-cm-plattformar-hangmattor-tippskydd-vit\/"},"modified":"2026-03-12T09:44:17","modified_gmt":"2026-03-12T08:44:17","slug":"truusk-klattertrad-for-katter-justerbar-hojd-225-255-cm-plattformar-hangmattor-tippskydd-vit","status":"publish","type":"product","link":"https:\/\/truusk.store\/sv\/produkt\/truusk-klattertrad-for-katter-justerbar-hojd-225-255-cm-plattformar-hangmattor-tippskydd-vit\/","title":{"rendered":"TRUUSK Kl\u00e4ttertr\u00e4d f\u00f6r Katter &#8211; Justerbar h\u00f6jd 225-255 cm &#8211; Plattformar &amp; H\u00e4ngmattor &#8211; Tippskydd &#8211; Vit"},"content":{"rendered":"<p>F\u00f6rvandla ditt hem till ett katt paradis med TRUUSK takh\u00f6ga kl\u00f6str\u00e4d! Detta imponerande kattr\u00e4d str\u00e4cker sig fr\u00e5n 225 till 255 cm och utnyttjar det vertikala utrymmet optimalt, medan ett tippskydd garanterar stabilitet. Med mysiga h\u00e4ngmattor och flera liggytor erbjuder kattr\u00e4det en perfekt blandning av lek och avkoppling. Den mjuka plysch\u00f6verdraget passar harmoniskt in i alla inredningar och ser till att din katt alltid \u00e4r underh\u00e5llen och avslappnad.<\/p>\n<p>Beskrivning:<\/p>\n<ul>\n<li> Justerbar h\u00f6jd fr\u00e5n 225 till 255 cm anpassar sig till olika takh\u00f6jder<\/li>\n<li> Vertikal, utrymmesbesparande design av kattr\u00e4det optimerar anv\u00e4ndningen av bostadsutrymmet<\/li>\n<li> Tillverkad av sp\u00e5nskiva, tv\u00e5 \u00f6vre plattor ger stabilitet<\/li>\n<li> Inkluderar tippskydd f\u00f6r \u00f6kad stabilitet och s\u00e4kerhet<\/li>\n<li> Olika konfigurationer av kattkl\u00f6str\u00e4det f\u00f6r katter att koppla av, kl\u00f6sa och kl\u00e4ttra<\/li>\n<li> Mjukt plysch\u00f6verdrag p\u00e5 kattr\u00e4det ger komfort och stil till din inredning<\/li>\n<li> Utvecklad f\u00f6r 1-2 katter under 5 kg, montering kr\u00e4vs<\/li>\n<\/ul>\n<p>Tekniska data:<\/p>\n<ul>\n<li> F\u00e4rg: Vit+Gr\u00e5<\/li>\n<li> Material: Sp\u00e5nskiva, Polyester, Bomullsrep<\/li>\n<li> Totala dimensioner: 60L x 44B x 225-255H cm<\/li>\n<li> Runda plattformar: \u00d830 cm<\/li>\n<li> Andra\/Fj\u00e4rde plattform: \u00d848 cm<\/li>\n<li> Tredje plattform: 48L x 24B cm<\/li>\n<li> Stolpar: \u00d88,4 cm<\/li>\n<li> H\u00e4ngmatta: \u00d830 x 8H cm (Rund), 42L x 18B x 13H cm (Tyg)<\/li>\n<li> Bas: 60L x 44B cm<\/li>\n<li> Maximal belastning: 10 kg<\/li>\n<\/ul>\n<p>Leverans inneh\u00e5ller:<\/p>\n<ul>\n<li> 1 x Kl\u00f6str\u00e4d<\/li>\n<li> 1 x Bruksanvisning<\/li>\n<\/ul>\n","protected":false},"excerpt":{"rendered":"<p>F\u00f6rvandla ditt hem till ett katt paradis med TRUUSK takh\u00f6ga kl\u00f6str\u00e4d! Detta imponerande kattr\u00e4d str\u00e4cker sig fr\u00e5n 225 till 255&#8230;<\/p>\n","protected":false},"featured_media":81823,"template":"","meta":[],"product_brand":[],"product_cat":[895,588,879],"product_tag":[],"class_list":{"0":"post-81832","1":"product","2":"type-product","3":"status-publish","4":"has-post-thumbnail","6":"product_cat-djurutrustning","7":"product_cat-katttillbehor","8":"product_cat-klostrad","10":"first","11":"instock","12":"sale","13":"taxable","14":"shipping-taxable","15":"purchasable","16":"product-type-simple"},"yoast_head":"<!-- This site is optimized with the Yoast SEO plugin v25.4 - https:\/\/yoast.com\/wordpress\/plugins\/seo\/ -->\n<title>TRUUSK Kl\u00e4ttertr\u00e4d f\u00f6r Katter - Justerbar h\u00f6jd 225-255 cm - Plattformar &amp; H\u00e4ngmattor - Tippskydd - Vit - TRUUSK - Hem, Tr\u00e4dg\u00e5rd &amp; Fritid<\/title>\n<meta name=\"robots\" content=\"index, follow, max-snippet:-1, max-image-preview:large, max-video-preview:-1\" \/>\n<link rel=\"canonical\" href=\"https:\/\/truusk.store\/sv\/produkt\/truusk-klattertrad-for-katter-justerbar-hojd-225-255-cm-plattformar-hangmattor-tippskydd-vit\/\" \/>\n<meta property=\"og:locale\" content=\"sv_SE\" \/>\n<meta property=\"og:type\" content=\"article\" \/>\n<meta property=\"og:title\" content=\"TRUUSK Kl\u00e4ttertr\u00e4d f\u00f6r Katter - Justerbar h\u00f6jd 225-255 cm - Plattformar &amp; H\u00e4ngmattor - Tippskydd - Vit - TRUUSK - Hem, Tr\u00e4dg\u00e5rd &amp; Fritid\" \/>\n<meta property=\"og:description\" content=\"F\u00f6rvandla ditt hem till ett katt paradis med TRUUSK takh\u00f6ga kl\u00f6str\u00e4d! Detta imponerande kattr\u00e4d str\u00e4cker sig fr\u00e5n 225 till 255...\" \/>\n<meta property=\"og:url\" content=\"https:\/\/truusk.store\/sv\/produkt\/truusk-klattertrad-for-katter-justerbar-hojd-225-255-cm-plattformar-hangmattor-tippskydd-vit\/\" \/>\n<meta property=\"og:site_name\" content=\"TRUUSK - Hem, Tr\u00e4dg\u00e5rd &amp; Fritid\" \/>\n<meta property=\"article:modified_time\" content=\"2026-03-12T08:44:17+00:00\" \/>\n<meta property=\"og:image\" content=\"https:\/\/i0.wp.com\/truusk.se\/wp-content\/uploads\/2025\/07\/klattertrad-takhogt-justerbart-225-255-cm-plattformar-hangmattor-tippskydd-vit-1.webp?fit=2000%2C2000&ssl=1\" \/>\n\t<meta property=\"og:image:width\" content=\"2000\" \/>\n\t<meta property=\"og:image:height\" content=\"2000\" \/>\n\t<meta property=\"og:image:type\" content=\"image\/webp\" \/>\n<meta name=\"twitter:card\" content=\"summary_large_image\" \/>\n<meta name=\"twitter:label1\" content=\"Ber\u00e4knad l\u00e4stid\" \/>\n\t<meta name=\"twitter:data1\" content=\"1 minut\" \/>\n<!-- \/ Yoast SEO plugin. -->","yoast_head_json":{"title":"TRUUSK Kl\u00e4ttertr\u00e4d f\u00f6r Katter - Justerbar h\u00f6jd 225-255 cm - Plattformar &amp; H\u00e4ngmattor - Tippskydd - Vit - TRUUSK - Hem, Tr\u00e4dg\u00e5rd &amp; Fritid","robots":{"index":"index","follow":"follow","max-snippet":"max-snippet:-1","max-image-preview":"max-image-preview:large","max-video-preview":"max-video-preview:-1"},"canonical":"https:\/\/truusk.store\/sv\/produkt\/truusk-klattertrad-for-katter-justerbar-hojd-225-255-cm-plattformar-hangmattor-tippskydd-vit\/","og_locale":"sv_SE","og_type":"article","og_title":"TRUUSK Kl\u00e4ttertr\u00e4d f\u00f6r Katter - Justerbar h\u00f6jd 225-255 cm - Plattformar &amp; H\u00e4ngmattor - Tippskydd - Vit - TRUUSK - Hem, Tr\u00e4dg\u00e5rd &amp; Fritid","og_description":"F\u00f6rvandla ditt hem till ett katt paradis med TRUUSK takh\u00f6ga kl\u00f6str\u00e4d! Detta imponerande kattr\u00e4d str\u00e4cker sig fr\u00e5n 225 till 255...","og_url":"https:\/\/truusk.store\/sv\/produkt\/truusk-klattertrad-for-katter-justerbar-hojd-225-255-cm-plattformar-hangmattor-tippskydd-vit\/","og_site_name":"TRUUSK - Hem, Tr\u00e4dg\u00e5rd &amp; Fritid","article_modified_time":"2026-03-12T08:44:17+00:00","og_image":[{"width":2000,"height":2000,"url":"https:\/\/i0.wp.com\/truusk.se\/wp-content\/uploads\/2025\/07\/klattertrad-takhogt-justerbart-225-255-cm-plattformar-hangmattor-tippskydd-vit-1.webp?fit=2000%2C2000&ssl=1","type":"image\/webp"}],"twitter_card":"summary_large_image","twitter_misc":{"Ber\u00e4knad l\u00e4stid":"1 minut"},"schema":{"@context":"https:\/\/schema.org","@graph":[{"@type":"WebPage","@id":"https:\/\/truusk.store\/sv\/produkt\/truusk-klattertrad-for-katter-justerbar-hojd-225-255-cm-plattformar-hangmattor-tippskydd-vit\/","url":"https:\/\/truusk.store\/sv\/produkt\/truusk-klattertrad-for-katter-justerbar-hojd-225-255-cm-plattformar-hangmattor-tippskydd-vit\/","name":"TRUUSK Kl\u00e4ttertr\u00e4d f\u00f6r Katter - Justerbar h\u00f6jd 225-255 cm - Plattformar &amp; H\u00e4ngmattor - Tippskydd - Vit - TRUUSK - Hem, Tr\u00e4dg\u00e5rd &amp; Fritid","isPartOf":{"@id":"https:\/\/truusk.store\/sv\/#website"},"primaryImageOfPage":{"@id":"https:\/\/truusk.store\/sv\/produkt\/truusk-klattertrad-for-katter-justerbar-hojd-225-255-cm-plattformar-hangmattor-tippskydd-vit\/#primaryimage"},"image":{"@id":"https:\/\/truusk.store\/sv\/produkt\/truusk-klattertrad-for-katter-justerbar-hojd-225-255-cm-plattformar-hangmattor-tippskydd-vit\/#primaryimage"},"thumbnailUrl":"https:\/\/i0.wp.com\/truusk.store\/wp-content\/uploads\/2025\/07\/klattertrad-takhogt-justerbart-225-255-cm-plattformar-hangmattor-tippskydd-vit-1.webp?fit=2000%2C2000&ssl=1","datePublished":"2025-07-04T19:15:01+00:00","dateModified":"2026-03-12T08:44:17+00:00","breadcrumb":{"@id":"https:\/\/truusk.store\/sv\/produkt\/truusk-klattertrad-for-katter-justerbar-hojd-225-255-cm-plattformar-hangmattor-tippskydd-vit\/#breadcrumb"},"inLanguage":"sv-SE","potentialAction":[{"@type":"ReadAction","target":["https:\/\/truusk.store\/sv\/produkt\/truusk-klattertrad-for-katter-justerbar-hojd-225-255-cm-plattformar-hangmattor-tippskydd-vit\/"]}]},{"@type":"ImageObject","inLanguage":"sv-SE","@id":"https:\/\/truusk.store\/sv\/produkt\/truusk-klattertrad-for-katter-justerbar-hojd-225-255-cm-plattformar-hangmattor-tippskydd-vit\/#primaryimage","url":"https:\/\/i0.wp.com\/truusk.store\/wp-content\/uploads\/2025\/07\/klattertrad-takhogt-justerbart-225-255-cm-plattformar-hangmattor-tippskydd-vit-1.webp?fit=2000%2C2000&ssl=1","contentUrl":"https:\/\/i0.wp.com\/truusk.store\/wp-content\/uploads\/2025\/07\/klattertrad-takhogt-justerbart-225-255-cm-plattformar-hangmattor-tippskydd-vit-1.webp?fit=2000%2C2000&ssl=1","width":2000,"height":2000},{"@type":"BreadcrumbList","@id":"https:\/\/truusk.store\/sv\/produkt\/truusk-klattertrad-for-katter-justerbar-hojd-225-255-cm-plattformar-hangmattor-tippskydd-vit\/#breadcrumb","itemListElement":[{"@type":"ListItem","position":1,"name":"Home","item":"https:\/\/truusk.store\/sv\/"},{"@type":"ListItem","position":2,"name":"Shop","item":"https:\/\/truusk.store\/shop\/"},{"@type":"ListItem","position":3,"name":"TRUUSK Kl\u00e4ttertr\u00e4d f\u00f6r Katter &#8211; Justerbar h\u00f6jd 225-255 cm &#8211; Plattformar &amp; H\u00e4ngmattor &#8211; Tippskydd &#8211; Vit"}]},{"@type":"WebSite","@id":"https:\/\/truusk.store\/sv\/#website","url":"https:\/\/truusk.store\/sv\/","name":"TRUUSK - Hem, Tr\u00e4dg\u00e5rd & Fritid","description":"","publisher":{"@id":"https:\/\/truusk.store\/sv\/#organization"},"potentialAction":[{"@type":"SearchAction","target":{"@type":"EntryPoint","urlTemplate":"https:\/\/truusk.store\/sv\/?s={search_term_string}"},"query-input":{"@type":"PropertyValueSpecification","valueRequired":true,"valueName":"search_term_string"}}],"inLanguage":"sv-SE"},{"@type":"Organization","@id":"https:\/\/truusk.store\/sv\/#organization","name":"TRUUSK - Hem, Tr\u00e4dg\u00e5rd & Fritid","url":"https:\/\/truusk.store\/sv\/","logo":{"@type":"ImageObject","inLanguage":"sv-SE","@id":"https:\/\/truusk.store\/sv\/#\/schema\/logo\/image\/","url":"https:\/\/i0.wp.com\/truusk.store\/wp-content\/uploads\/2026\/03\/cropped-TRUUSK.png?fit=2032%2C917&ssl=1","contentUrl":"https:\/\/i0.wp.com\/truusk.store\/wp-content\/uploads\/2026\/03\/cropped-TRUUSK.png?fit=2032%2C917&ssl=1","width":2032,"height":917,"caption":"TRUUSK - Hem, Tr\u00e4dg\u00e5rd & Fritid"},"image":{"@id":"https:\/\/truusk.store\/sv\/#\/schema\/logo\/image\/"}}]}},"jetpack_sharing_enabled":true,"_links":{"self":[{"href":"https:\/\/truusk.store\/sv\/wp-json\/wp\/v2\/product\/81832","targetHints":{"allow":["GET"]}}],"collection":[{"href":"https:\/\/truusk.store\/sv\/wp-json\/wp\/v2\/product"}],"about":[{"href":"https:\/\/truusk.store\/sv\/wp-json\/wp\/v2\/types\/product"}],"wp:featuredmedia":[{"embeddable":true,"href":"https:\/\/truusk.store\/sv\/wp-json\/wp\/v2\/media\/81823"}],"wp:attachment":[{"href":"https:\/\/truusk.store\/sv\/wp-json\/wp\/v2\/media?parent=81832"}],"wp:term":[{"taxonomy":"product_brand","embeddable":true,"href":"https:\/\/truusk.store\/sv\/wp-json\/wp\/v2\/product_brand?post=81832"},{"taxonomy":"product_cat","embeddable":true,"href":"https:\/\/truusk.store\/sv\/wp-json\/wp\/v2\/product_cat?post=81832"},{"taxonomy":"product_tag","embeddable":true,"href":"https:\/\/truusk.store\/sv\/wp-json\/wp\/v2\/product_tag?post=81832"}],"curies":[{"name":"wp","href":"https:\/\/api.w.org\/{rel}","templated":true}]}}