{"id":81842,"date":"2025-07-04T20:16:01","date_gmt":"2025-07-04T19:16:01","guid":{"rendered":"https:\/\/truusk.store\/product\/132-cm-kattrad-med-klospelare-sang-hus-hoppplattformar-vardande-borste-ljusgra\/"},"modified":"2026-03-12T09:44:18","modified_gmt":"2026-03-12T08:44:18","slug":"truusk-kattrad-132-cm-klospelare-sang-hus-hoppplattformar-borste-ljusgra","status":"publish","type":"product","link":"https:\/\/truusk.store\/sv\/produkt\/truusk-kattrad-132-cm-klospelare-sang-hus-hoppplattformar-borste-ljusgra\/","title":{"rendered":"TRUUSK Kattr\u00e4d &#8211; 132 cm &#8211; Kl\u00f6spelare &#8211; S\u00e4ng &#8211; Hus &#8211; Hoppplattformar &#8211; Borste &#8211; Ljusgr\u00e5"},"content":{"rendered":"<p>Berika din katts vardag med TRUUSK kattr\u00e4det! Ett omfattande lekcenter med en mysig katts\u00e4ng, ett hus samt flera kl\u00f6spelare av kattr\u00e4det gjorda av fast sisal, perfekt f\u00f6r klov\u00e5rd. T\u00e4ckt med mjuk plysch, integrerar denna aktivitetskl\u00f6str\u00e4d perfekt i ditt hem och skyddar m\u00f6bler fr\u00e5n repor. L\u00e4mplig f\u00f6r 1-2 katter, var och en upp till 6 kg.<\/p>\n<p>Beskrivning:<\/p>\n<ul>\n<li> Kattr\u00e4dets lekstruktur h\u00e5ller katterna aktiva<\/li>\n<li> Kl\u00f6spelare av kattm\u00f6bler f\u00f6rhindrar skador p\u00e5 m\u00f6bler<\/li>\n<li> Mjukt plysch\u00f6verdrag erbjuder mysig komfort<\/li>\n<li> Konstruktionen av aktivitetskl\u00f6str\u00e4det av sp\u00e5nskiva och sisal garanterar h\u00e5llbarhet<\/li>\n<li> Integreras s\u00f6ml\u00f6st i rummets dekoration<\/li>\n<li> Erbjuder plats f\u00f6r 1-2 katter, var och en upp till 6 kg<\/li>\n<li> Montering kr\u00e4vs<\/li>\n<\/ul>\n<p>Tekniska data:<\/p>\n<ul>\n<li> F\u00e4rg: Ljusgr\u00e5+Cremevit<\/li>\n<li> Material: Sp\u00e5nskiva, Polyester, Plast, Sisal<\/li>\n<li> Totala dimensioner: 55L x 44B x 132H cm<\/li>\n<li> Katts\u00e4ng: 58L x 32B x 7H cm (totalt), 48L x 26B x 6H cm (inuti)<\/li>\n<li> Katt hus: 33,5L x 30B x 30H cm<\/li>\n<li> Ing\u00e5ngs\u00f6ppning: 16B x 19H cm<\/li>\n<li> Plattformar: 24L x 44B cm, 55,5L x 44B cm, 33,5L x 30B cm (fr\u00e5n botten till topp)<\/li>\n<li> Pelare: \u00d87 cm<\/li>\n<li> V\u00e5rd borstpelare: \u00d810 x 25H cm<\/li>\n<li> Kl\u00f6smatta: 16B x 43H cm<\/li>\n<li> Bas: 55B x 44T cm<\/li>\n<li> Maximal belastning: 12 kg<\/li>\n<\/ul>\n<p>Leverans inneh\u00e5ll:<\/p>\n<ul>\n<li> 1 x Kl\u00f6str\u00e4d<\/li>\n<li> 1 x Bruksanvisning<\/li>\n<\/ul>\n","protected":false},"excerpt":{"rendered":"<p>Berika din katts vardag med TRUUSK kattr\u00e4det! Ett omfattande lekcenter med en mysig katts\u00e4ng, ett hus samt flera kl\u00f6spelare av&#8230;<\/p>\n","protected":false},"featured_media":81833,"template":"","meta":[],"product_brand":[],"product_cat":[878,588,879],"product_tag":[],"class_list":{"0":"post-81842","1":"product","2":"type-product","3":"status-publish","4":"has-post-thumbnail","6":"product_cat-djurbehov","7":"product_cat-katttillbehor","8":"product_cat-klostrad","10":"first","11":"instock","12":"sale","13":"taxable","14":"shipping-taxable","15":"purchasable","16":"product-type-simple"},"yoast_head":"<!-- This site is optimized with the Yoast SEO plugin v25.4 - https:\/\/yoast.com\/wordpress\/plugins\/seo\/ -->\n<title>TRUUSK Kattr\u00e4d - 132 cm - Kl\u00f6spelare - S\u00e4ng - Hus - Hoppplattformar - Borste - Ljusgr\u00e5 - TRUUSK - Hem, Tr\u00e4dg\u00e5rd &amp; Fritid<\/title>\n<meta name=\"robots\" content=\"index, follow, max-snippet:-1, max-image-preview:large, max-video-preview:-1\" \/>\n<link rel=\"canonical\" href=\"https:\/\/truusk.store\/sv\/produkt\/truusk-kattrad-132-cm-klospelare-sang-hus-hoppplattformar-borste-ljusgra\/\" \/>\n<meta property=\"og:locale\" content=\"sv_SE\" \/>\n<meta property=\"og:type\" content=\"article\" \/>\n<meta property=\"og:title\" content=\"TRUUSK Kattr\u00e4d - 132 cm - Kl\u00f6spelare - S\u00e4ng - Hus - Hoppplattformar - Borste - Ljusgr\u00e5 - TRUUSK - Hem, Tr\u00e4dg\u00e5rd &amp; Fritid\" \/>\n<meta property=\"og:description\" content=\"Berika din katts vardag med TRUUSK kattr\u00e4det! Ett omfattande lekcenter med en mysig katts\u00e4ng, ett hus samt flera kl\u00f6spelare av...\" \/>\n<meta property=\"og:url\" content=\"https:\/\/truusk.store\/sv\/produkt\/truusk-kattrad-132-cm-klospelare-sang-hus-hoppplattformar-borste-ljusgra\/\" \/>\n<meta property=\"og:site_name\" content=\"TRUUSK - Hem, Tr\u00e4dg\u00e5rd &amp; Fritid\" \/>\n<meta property=\"article:modified_time\" content=\"2026-03-12T08:44:18+00:00\" \/>\n<meta property=\"og:image\" content=\"https:\/\/i0.wp.com\/truusk.se\/wp-content\/uploads\/2025\/07\/132-cm-kattrad-med-klospelare-sang-hus-hoppplattformar-vardande-borste-ljusgra-1.webp?fit=2000%2C2000&ssl=1\" \/>\n\t<meta property=\"og:image:width\" content=\"2000\" \/>\n\t<meta property=\"og:image:height\" content=\"2000\" \/>\n\t<meta property=\"og:image:type\" content=\"image\/webp\" \/>\n<meta name=\"twitter:card\" content=\"summary_large_image\" \/>\n<meta name=\"twitter:label1\" content=\"Ber\u00e4knad l\u00e4stid\" \/>\n\t<meta name=\"twitter:data1\" content=\"1 minut\" \/>\n<!-- \/ Yoast SEO plugin. -->","yoast_head_json":{"title":"TRUUSK Kattr\u00e4d - 132 cm - Kl\u00f6spelare - S\u00e4ng - Hus - Hoppplattformar - Borste - Ljusgr\u00e5 - TRUUSK - Hem, Tr\u00e4dg\u00e5rd &amp; Fritid","robots":{"index":"index","follow":"follow","max-snippet":"max-snippet:-1","max-image-preview":"max-image-preview:large","max-video-preview":"max-video-preview:-1"},"canonical":"https:\/\/truusk.store\/sv\/produkt\/truusk-kattrad-132-cm-klospelare-sang-hus-hoppplattformar-borste-ljusgra\/","og_locale":"sv_SE","og_type":"article","og_title":"TRUUSK Kattr\u00e4d - 132 cm - Kl\u00f6spelare - S\u00e4ng - Hus - Hoppplattformar - Borste - Ljusgr\u00e5 - TRUUSK - Hem, Tr\u00e4dg\u00e5rd &amp; Fritid","og_description":"Berika din katts vardag med TRUUSK kattr\u00e4det! Ett omfattande lekcenter med en mysig katts\u00e4ng, ett hus samt flera kl\u00f6spelare av...","og_url":"https:\/\/truusk.store\/sv\/produkt\/truusk-kattrad-132-cm-klospelare-sang-hus-hoppplattformar-borste-ljusgra\/","og_site_name":"TRUUSK - Hem, Tr\u00e4dg\u00e5rd &amp; Fritid","article_modified_time":"2026-03-12T08:44:18+00:00","og_image":[{"width":2000,"height":2000,"url":"https:\/\/i0.wp.com\/truusk.se\/wp-content\/uploads\/2025\/07\/132-cm-kattrad-med-klospelare-sang-hus-hoppplattformar-vardande-borste-ljusgra-1.webp?fit=2000%2C2000&ssl=1","type":"image\/webp"}],"twitter_card":"summary_large_image","twitter_misc":{"Ber\u00e4knad l\u00e4stid":"1 minut"},"schema":{"@context":"https:\/\/schema.org","@graph":[{"@type":"WebPage","@id":"https:\/\/truusk.store\/sv\/produkt\/truusk-kattrad-132-cm-klospelare-sang-hus-hoppplattformar-borste-ljusgra\/","url":"https:\/\/truusk.store\/sv\/produkt\/truusk-kattrad-132-cm-klospelare-sang-hus-hoppplattformar-borste-ljusgra\/","name":"TRUUSK Kattr\u00e4d - 132 cm - Kl\u00f6spelare - S\u00e4ng - Hus - Hoppplattformar - Borste - Ljusgr\u00e5 - TRUUSK - Hem, Tr\u00e4dg\u00e5rd &amp; Fritid","isPartOf":{"@id":"https:\/\/truusk.store\/sv\/#website"},"primaryImageOfPage":{"@id":"https:\/\/truusk.store\/sv\/produkt\/truusk-kattrad-132-cm-klospelare-sang-hus-hoppplattformar-borste-ljusgra\/#primaryimage"},"image":{"@id":"https:\/\/truusk.store\/sv\/produkt\/truusk-kattrad-132-cm-klospelare-sang-hus-hoppplattformar-borste-ljusgra\/#primaryimage"},"thumbnailUrl":"https:\/\/i0.wp.com\/truusk.store\/wp-content\/uploads\/2025\/07\/132-cm-kattrad-med-klospelare-sang-hus-hoppplattformar-vardande-borste-ljusgra-1.webp?fit=2000%2C2000&ssl=1","datePublished":"2025-07-04T19:16:01+00:00","dateModified":"2026-03-12T08:44:18+00:00","breadcrumb":{"@id":"https:\/\/truusk.store\/sv\/produkt\/truusk-kattrad-132-cm-klospelare-sang-hus-hoppplattformar-borste-ljusgra\/#breadcrumb"},"inLanguage":"sv-SE","potentialAction":[{"@type":"ReadAction","target":["https:\/\/truusk.store\/sv\/produkt\/truusk-kattrad-132-cm-klospelare-sang-hus-hoppplattformar-borste-ljusgra\/"]}]},{"@type":"ImageObject","inLanguage":"sv-SE","@id":"https:\/\/truusk.store\/sv\/produkt\/truusk-kattrad-132-cm-klospelare-sang-hus-hoppplattformar-borste-ljusgra\/#primaryimage","url":"https:\/\/i0.wp.com\/truusk.store\/wp-content\/uploads\/2025\/07\/132-cm-kattrad-med-klospelare-sang-hus-hoppplattformar-vardande-borste-ljusgra-1.webp?fit=2000%2C2000&ssl=1","contentUrl":"https:\/\/i0.wp.com\/truusk.store\/wp-content\/uploads\/2025\/07\/132-cm-kattrad-med-klospelare-sang-hus-hoppplattformar-vardande-borste-ljusgra-1.webp?fit=2000%2C2000&ssl=1","width":2000,"height":2000},{"@type":"BreadcrumbList","@id":"https:\/\/truusk.store\/sv\/produkt\/truusk-kattrad-132-cm-klospelare-sang-hus-hoppplattformar-borste-ljusgra\/#breadcrumb","itemListElement":[{"@type":"ListItem","position":1,"name":"Home","item":"https:\/\/truusk.store\/sv\/"},{"@type":"ListItem","position":2,"name":"Shop","item":"https:\/\/truusk.store\/shop\/"},{"@type":"ListItem","position":3,"name":"TRUUSK Kattr\u00e4d &#8211; 132 cm &#8211; Kl\u00f6spelare &#8211; S\u00e4ng &#8211; Hus &#8211; Hoppplattformar &#8211; Borste &#8211; Ljusgr\u00e5"}]},{"@type":"WebSite","@id":"https:\/\/truusk.store\/sv\/#website","url":"https:\/\/truusk.store\/sv\/","name":"TRUUSK - Hem, Tr\u00e4dg\u00e5rd & Fritid","description":"","publisher":{"@id":"https:\/\/truusk.store\/sv\/#organization"},"potentialAction":[{"@type":"SearchAction","target":{"@type":"EntryPoint","urlTemplate":"https:\/\/truusk.store\/sv\/?s={search_term_string}"},"query-input":{"@type":"PropertyValueSpecification","valueRequired":true,"valueName":"search_term_string"}}],"inLanguage":"sv-SE"},{"@type":"Organization","@id":"https:\/\/truusk.store\/sv\/#organization","name":"TRUUSK - Hem, Tr\u00e4dg\u00e5rd & Fritid","url":"https:\/\/truusk.store\/sv\/","logo":{"@type":"ImageObject","inLanguage":"sv-SE","@id":"https:\/\/truusk.store\/sv\/#\/schema\/logo\/image\/","url":"https:\/\/i0.wp.com\/truusk.store\/wp-content\/uploads\/2026\/03\/cropped-TRUUSK.png?fit=2032%2C917&ssl=1","contentUrl":"https:\/\/i0.wp.com\/truusk.store\/wp-content\/uploads\/2026\/03\/cropped-TRUUSK.png?fit=2032%2C917&ssl=1","width":2032,"height":917,"caption":"TRUUSK - Hem, Tr\u00e4dg\u00e5rd & Fritid"},"image":{"@id":"https:\/\/truusk.store\/sv\/#\/schema\/logo\/image\/"}}]}},"jetpack_sharing_enabled":true,"_links":{"self":[{"href":"https:\/\/truusk.store\/sv\/wp-json\/wp\/v2\/product\/81842","targetHints":{"allow":["GET"]}}],"collection":[{"href":"https:\/\/truusk.store\/sv\/wp-json\/wp\/v2\/product"}],"about":[{"href":"https:\/\/truusk.store\/sv\/wp-json\/wp\/v2\/types\/product"}],"wp:featuredmedia":[{"embeddable":true,"href":"https:\/\/truusk.store\/sv\/wp-json\/wp\/v2\/media\/81833"}],"wp:attachment":[{"href":"https:\/\/truusk.store\/sv\/wp-json\/wp\/v2\/media?parent=81842"}],"wp:term":[{"taxonomy":"product_brand","embeddable":true,"href":"https:\/\/truusk.store\/sv\/wp-json\/wp\/v2\/product_brand?post=81842"},{"taxonomy":"product_cat","embeddable":true,"href":"https:\/\/truusk.store\/sv\/wp-json\/wp\/v2\/product_cat?post=81842"},{"taxonomy":"product_tag","embeddable":true,"href":"https:\/\/truusk.store\/sv\/wp-json\/wp\/v2\/product_tag?post=81842"}],"curies":[{"name":"wp","href":"https:\/\/api.w.org\/{rel}","templated":true}]}}