{"id":81873,"date":"2025-07-07T12:02:53","date_gmt":"2025-07-07T11:02:53","guid":{"rendered":"https:\/\/truusk.store\/product\/handduksstall-fristaende-3-stanger-bambu-rostfritt-stal-505x31x90cm\/"},"modified":"2026-03-12T09:41:09","modified_gmt":"2026-03-12T08:41:09","slug":"truusk-handdukstall-fristaende-3-stanger-bambu-och-rostfritt-stal-505x31x90cm","status":"publish","type":"product","link":"https:\/\/truusk.store\/sv\/produkt\/truusk-handdukstall-fristaende-3-stanger-bambu-och-rostfritt-stal-505x31x90cm\/","title":{"rendered":"TRUUSK Handdukst\u00e4ll &#8211; Frist\u00e5ende &#8211; 3 St\u00e4nger &#8211; Bambu och Rostfritt St\u00e5l &#8211; 50,5x31x90cm"},"content":{"rendered":"<p>Ge ditt hem en touch av elegans med den stiliga handduksh\u00e5llaren fr\u00e5n TRUUSK i bambu. Denna frist\u00e5ende handduksh\u00e5llare med sin 3-st\u00e5ngsdesign i olika h\u00f6jder och ett avst\u00e5nd p\u00e5 12 cm g\u00f6r att du kan organisera dina handdukar snyggt. Oavsett om det \u00e4r i tv\u00e4ttstugan f\u00f6r lakan, i vardagsrummet f\u00f6r filtar eller i sovrummet f\u00f6r halsdukar &#8211; denna l\u00e4tta st\u00e5ende handduksh\u00e5llare hj\u00e4lper dig att skapa ordning och hygienisk harmoni.<\/p>\n<p>Beskrivning:<\/p>\n<ul>\n<li> Tre rostfria st\u00e4nger i f\u00f6rskjuten ordning ger optimal lufttillf\u00f6rsel<\/li>\n<li> Ytterligare f\u00f6rvaringsutrymme p\u00e5 handduksh\u00e5llaren genom en nedre hylla och fyra krokar<\/li>\n<li> Ram av lackerad bambu: l\u00e4tt och stabil<\/li>\n<li> Lamellhylla och upph\u00f6jda f\u00f6tter p\u00e5 handduksh\u00e5llaren fr\u00e4mjar snabb torkning<\/li>\n<li> Idealisk f\u00f6r att h\u00e4nga handdukar, filtar, lakan, halsdukar och mer<\/li>\n<li> Enkel montering<\/li>\n<\/ul>\n<p>Tekniska data:<\/p>\n<ul>\n<li> F\u00e4rg: Naturtr\u00e4<\/li>\n<li> Material: Bambu, rostfritt st\u00e5l<\/li>\n<li> Totala dimensioner: 50,5B x 31T x 90H cm<\/li>\n<li> St\u00e5ngstorlek: \u00d81,5 x 48L cm, 63\/73\/79H cm(till hylla)<\/li>\n<li> St\u00e5ngavst\u00e5nd: 12 cm<\/li>\n<li> Hyllstorlek: 47B x 31T cm<\/li>\n<li> Avst\u00e5nd till golvet: 9 cm<\/li>\n<li> B\u00e4rkapacitet: 20 kg (totalt), 10 kg (hylla), 2 kg (st\u00e5ng), 1 kg (krok)<\/li>\n<\/ul>\n<p>Leveransinneh\u00e5ll:<\/p>\n<ul>\n<li> 1 x Handduksh\u00e5llare<\/li>\n<li> 1 x Manual<\/li>\n<\/ul>\n","protected":false},"excerpt":{"rendered":"<p>Ge ditt hem en touch av elegans med den stiliga handduksh\u00e5llaren fr\u00e5n TRUUSK i bambu. Denna frist\u00e5ende handduksh\u00e5llare med sin&#8230;<\/p>\n","protected":false},"featured_media":81863,"template":"","meta":[],"product_brand":[],"product_cat":[915,972,871],"product_tag":[],"class_list":{"0":"post-81873","1":"product","2":"type-product","3":"status-publish","4":"has-post-thumbnail","6":"product_cat-badrum","7":"product_cat-handduksstall","8":"product_cat-hus-hem","10":"first","11":"instock","12":"sale","13":"taxable","14":"shipping-taxable","15":"purchasable","16":"product-type-simple"},"yoast_head":"<!-- This site is optimized with the Yoast SEO plugin v25.4 - https:\/\/yoast.com\/wordpress\/plugins\/seo\/ -->\n<title>TRUUSK Handdukst\u00e4ll - Frist\u00e5ende - 3 St\u00e4nger - Bambu och Rostfritt St\u00e5l - 50,5x31x90cm - TRUUSK - Hem, Tr\u00e4dg\u00e5rd &amp; Fritid<\/title>\n<meta name=\"robots\" content=\"index, follow, max-snippet:-1, max-image-preview:large, max-video-preview:-1\" \/>\n<link rel=\"canonical\" href=\"https:\/\/truusk.store\/sv\/produkt\/truusk-handdukstall-fristaende-3-stanger-bambu-och-rostfritt-stal-505x31x90cm\/\" \/>\n<meta property=\"og:locale\" content=\"sv_SE\" \/>\n<meta property=\"og:type\" content=\"article\" \/>\n<meta property=\"og:title\" content=\"TRUUSK Handdukst\u00e4ll - Frist\u00e5ende - 3 St\u00e4nger - Bambu och Rostfritt St\u00e5l - 50,5x31x90cm - TRUUSK - Hem, Tr\u00e4dg\u00e5rd &amp; Fritid\" \/>\n<meta property=\"og:description\" content=\"Ge ditt hem en touch av elegans med den stiliga handduksh\u00e5llaren fr\u00e5n TRUUSK i bambu. Denna frist\u00e5ende handduksh\u00e5llare med sin...\" \/>\n<meta property=\"og:url\" content=\"https:\/\/truusk.store\/sv\/produkt\/truusk-handdukstall-fristaende-3-stanger-bambu-och-rostfritt-stal-505x31x90cm\/\" \/>\n<meta property=\"og:site_name\" content=\"TRUUSK - Hem, Tr\u00e4dg\u00e5rd &amp; Fritid\" \/>\n<meta property=\"article:modified_time\" content=\"2026-03-12T08:41:09+00:00\" \/>\n<meta property=\"og:image\" content=\"https:\/\/i0.wp.com\/truusk.se\/wp-content\/uploads\/2025\/07\/handduksstall-fristaende-3-stanger-bambu-rostfritt-stal-505x31x90cm-1.webp?fit=2000%2C2000&ssl=1\" \/>\n\t<meta property=\"og:image:width\" content=\"2000\" \/>\n\t<meta property=\"og:image:height\" content=\"2000\" \/>\n\t<meta property=\"og:image:type\" content=\"image\/webp\" \/>\n<meta name=\"twitter:card\" content=\"summary_large_image\" \/>\n<meta name=\"twitter:label1\" content=\"Ber\u00e4knad l\u00e4stid\" \/>\n\t<meta name=\"twitter:data1\" content=\"1 minut\" \/>\n<!-- \/ Yoast SEO plugin. -->","yoast_head_json":{"title":"TRUUSK Handdukst\u00e4ll - Frist\u00e5ende - 3 St\u00e4nger - Bambu och Rostfritt St\u00e5l - 50,5x31x90cm - TRUUSK - Hem, Tr\u00e4dg\u00e5rd &amp; Fritid","robots":{"index":"index","follow":"follow","max-snippet":"max-snippet:-1","max-image-preview":"max-image-preview:large","max-video-preview":"max-video-preview:-1"},"canonical":"https:\/\/truusk.store\/sv\/produkt\/truusk-handdukstall-fristaende-3-stanger-bambu-och-rostfritt-stal-505x31x90cm\/","og_locale":"sv_SE","og_type":"article","og_title":"TRUUSK Handdukst\u00e4ll - Frist\u00e5ende - 3 St\u00e4nger - Bambu och Rostfritt St\u00e5l - 50,5x31x90cm - TRUUSK - Hem, Tr\u00e4dg\u00e5rd &amp; Fritid","og_description":"Ge ditt hem en touch av elegans med den stiliga handduksh\u00e5llaren fr\u00e5n TRUUSK i bambu. Denna frist\u00e5ende handduksh\u00e5llare med sin...","og_url":"https:\/\/truusk.store\/sv\/produkt\/truusk-handdukstall-fristaende-3-stanger-bambu-och-rostfritt-stal-505x31x90cm\/","og_site_name":"TRUUSK - Hem, Tr\u00e4dg\u00e5rd &amp; Fritid","article_modified_time":"2026-03-12T08:41:09+00:00","og_image":[{"width":2000,"height":2000,"url":"https:\/\/i0.wp.com\/truusk.se\/wp-content\/uploads\/2025\/07\/handduksstall-fristaende-3-stanger-bambu-rostfritt-stal-505x31x90cm-1.webp?fit=2000%2C2000&ssl=1","type":"image\/webp"}],"twitter_card":"summary_large_image","twitter_misc":{"Ber\u00e4knad l\u00e4stid":"1 minut"},"schema":{"@context":"https:\/\/schema.org","@graph":[{"@type":"WebPage","@id":"https:\/\/truusk.store\/sv\/produkt\/truusk-handdukstall-fristaende-3-stanger-bambu-och-rostfritt-stal-505x31x90cm\/","url":"https:\/\/truusk.store\/sv\/produkt\/truusk-handdukstall-fristaende-3-stanger-bambu-och-rostfritt-stal-505x31x90cm\/","name":"TRUUSK Handdukst\u00e4ll - Frist\u00e5ende - 3 St\u00e4nger - Bambu och Rostfritt St\u00e5l - 50,5x31x90cm - TRUUSK - Hem, Tr\u00e4dg\u00e5rd &amp; Fritid","isPartOf":{"@id":"https:\/\/truusk.store\/sv\/#website"},"primaryImageOfPage":{"@id":"https:\/\/truusk.store\/sv\/produkt\/truusk-handdukstall-fristaende-3-stanger-bambu-och-rostfritt-stal-505x31x90cm\/#primaryimage"},"image":{"@id":"https:\/\/truusk.store\/sv\/produkt\/truusk-handdukstall-fristaende-3-stanger-bambu-och-rostfritt-stal-505x31x90cm\/#primaryimage"},"thumbnailUrl":"https:\/\/i0.wp.com\/truusk.store\/wp-content\/uploads\/2025\/07\/handduksstall-fristaende-3-stanger-bambu-rostfritt-stal-505x31x90cm-1.webp?fit=2000%2C2000&ssl=1","datePublished":"2025-07-07T11:02:53+00:00","dateModified":"2026-03-12T08:41:09+00:00","breadcrumb":{"@id":"https:\/\/truusk.store\/sv\/produkt\/truusk-handdukstall-fristaende-3-stanger-bambu-och-rostfritt-stal-505x31x90cm\/#breadcrumb"},"inLanguage":"sv-SE","potentialAction":[{"@type":"ReadAction","target":["https:\/\/truusk.store\/sv\/produkt\/truusk-handdukstall-fristaende-3-stanger-bambu-och-rostfritt-stal-505x31x90cm\/"]}]},{"@type":"ImageObject","inLanguage":"sv-SE","@id":"https:\/\/truusk.store\/sv\/produkt\/truusk-handdukstall-fristaende-3-stanger-bambu-och-rostfritt-stal-505x31x90cm\/#primaryimage","url":"https:\/\/i0.wp.com\/truusk.store\/wp-content\/uploads\/2025\/07\/handduksstall-fristaende-3-stanger-bambu-rostfritt-stal-505x31x90cm-1.webp?fit=2000%2C2000&ssl=1","contentUrl":"https:\/\/i0.wp.com\/truusk.store\/wp-content\/uploads\/2025\/07\/handduksstall-fristaende-3-stanger-bambu-rostfritt-stal-505x31x90cm-1.webp?fit=2000%2C2000&ssl=1","width":2000,"height":2000},{"@type":"BreadcrumbList","@id":"https:\/\/truusk.store\/sv\/produkt\/truusk-handdukstall-fristaende-3-stanger-bambu-och-rostfritt-stal-505x31x90cm\/#breadcrumb","itemListElement":[{"@type":"ListItem","position":1,"name":"Home","item":"https:\/\/truusk.store\/sv\/"},{"@type":"ListItem","position":2,"name":"Shop","item":"https:\/\/truusk.store\/shop\/"},{"@type":"ListItem","position":3,"name":"TRUUSK Handdukst\u00e4ll &#8211; Frist\u00e5ende &#8211; 3 St\u00e4nger &#8211; Bambu och Rostfritt St\u00e5l &#8211; 50,5x31x90cm"}]},{"@type":"WebSite","@id":"https:\/\/truusk.store\/sv\/#website","url":"https:\/\/truusk.store\/sv\/","name":"TRUUSK - Hem, Tr\u00e4dg\u00e5rd & Fritid","description":"","publisher":{"@id":"https:\/\/truusk.store\/sv\/#organization"},"potentialAction":[{"@type":"SearchAction","target":{"@type":"EntryPoint","urlTemplate":"https:\/\/truusk.store\/sv\/?s={search_term_string}"},"query-input":{"@type":"PropertyValueSpecification","valueRequired":true,"valueName":"search_term_string"}}],"inLanguage":"sv-SE"},{"@type":"Organization","@id":"https:\/\/truusk.store\/sv\/#organization","name":"TRUUSK - Hem, Tr\u00e4dg\u00e5rd & Fritid","url":"https:\/\/truusk.store\/sv\/","logo":{"@type":"ImageObject","inLanguage":"sv-SE","@id":"https:\/\/truusk.store\/sv\/#\/schema\/logo\/image\/","url":"https:\/\/i0.wp.com\/truusk.store\/wp-content\/uploads\/2026\/03\/cropped-TRUUSK.png?fit=2032%2C917&ssl=1","contentUrl":"https:\/\/i0.wp.com\/truusk.store\/wp-content\/uploads\/2026\/03\/cropped-TRUUSK.png?fit=2032%2C917&ssl=1","width":2032,"height":917,"caption":"TRUUSK - Hem, Tr\u00e4dg\u00e5rd & Fritid"},"image":{"@id":"https:\/\/truusk.store\/sv\/#\/schema\/logo\/image\/"}}]}},"jetpack_sharing_enabled":true,"_links":{"self":[{"href":"https:\/\/truusk.store\/sv\/wp-json\/wp\/v2\/product\/81873","targetHints":{"allow":["GET"]}}],"collection":[{"href":"https:\/\/truusk.store\/sv\/wp-json\/wp\/v2\/product"}],"about":[{"href":"https:\/\/truusk.store\/sv\/wp-json\/wp\/v2\/types\/product"}],"wp:featuredmedia":[{"embeddable":true,"href":"https:\/\/truusk.store\/sv\/wp-json\/wp\/v2\/media\/81863"}],"wp:attachment":[{"href":"https:\/\/truusk.store\/sv\/wp-json\/wp\/v2\/media?parent=81873"}],"wp:term":[{"taxonomy":"product_brand","embeddable":true,"href":"https:\/\/truusk.store\/sv\/wp-json\/wp\/v2\/product_brand?post=81873"},{"taxonomy":"product_cat","embeddable":true,"href":"https:\/\/truusk.store\/sv\/wp-json\/wp\/v2\/product_cat?post=81873"},{"taxonomy":"product_tag","embeddable":true,"href":"https:\/\/truusk.store\/sv\/wp-json\/wp\/v2\/product_tag?post=81873"}],"curies":[{"name":"wp","href":"https:\/\/api.w.org\/{rel}","templated":true}]}}