{"id":81883,"date":"2025-07-07T19:48:59","date_gmt":"2025-07-07T18:48:59","guid":{"rendered":"https:\/\/truusk.store\/product\/tradgardslada-kuddlada-forvaringslada-tradgardskista-vaderbestandig-massivt-tra-127-x-56-x-60-cm-gul\/"},"modified":"2026-03-12T09:01:44","modified_gmt":"2026-03-12T08:01:44","slug":"truusk-tradgardslada-kuddlada-forvaringslada-tradgardskista-vaderbestandig-massivt-tra-127-x-56-x-60-cm-gul","status":"publish","type":"product","link":"https:\/\/truusk.store\/sv\/produkt\/truusk-tradgardslada-kuddlada-forvaringslada-tradgardskista-vaderbestandig-massivt-tra-127-x-56-x-60-cm-gul\/","title":{"rendered":"TRUUSK Tr\u00e4dg\u00e5rdsl\u00e5da &#8211; Kuddl\u00e5da &#8211; F\u00f6rvaringsl\u00e5da &#8211; Tr\u00e4dg\u00e5rdskista &#8211; V\u00e4derbest\u00e4ndig &#8211; Massivt Tr\u00e4 &#8211; 127 x 56 x 60 cm &#8211; Gul"},"content":{"rendered":"<p>Uppt\u00e4ck den m\u00e5ngsidiga TRUUSK tr\u00e4dg\u00e5rdsl\u00e5dan &#8211; din ultimata f\u00f6rvaringsl\u00f6sning! Denna robusta tr\u00e4box med vattenavvisande bel\u00e4ggning erbjuder s\u00e4ker f\u00f6rvaring f\u00f6r verktyg, kuddar och mer. Den fungerar ocks\u00e5 som en praktisk arbetsb\u00e4nk eller en mysig sittb\u00e4nk. Med stilfull design och h\u00e5llbar kvalitet \u00e4r den den perfekta f\u00f6ljeslagaren f\u00f6r din tr\u00e4dg\u00e5rd. Skapa ordning och komfort och upplev den o\u00f6vertr\u00e4ffade potentialen hos denna multifunktionella f\u00f6rvaringsl\u00f6sning.<\/p>\n<p>Beskrivning:<\/p>\n<ul>\n<li> Mycket f\u00f6rvaringsutrymme f\u00f6r att f\u00f6rvara tr\u00e4dg\u00e5rdsverktyg, kuddar etc.<\/li>\n<li> Konstruerad av massivt grantr\u00e4 med vattent\u00e4t lack f\u00f6r l\u00e5ng h\u00e5llbarhet<\/li>\n<li> Spj\u00e4ldesign erbjuder god ventilation och f\u00f6rhindrar vattenansamling<\/li>\n<li> Tv\u00e5 kedjor kan fixera locket<\/li>\n<li>alla f\u00f6tter har halkskydd<\/li>\n<li> Kan ocks\u00e5 anv\u00e4ndas som arbetsb\u00e4nk eller bara som en sittb\u00e4nk<\/li>\n<li> Montering kr\u00e4vs<\/li>\n<\/ul>\n<p>Tekniska data:<\/p>\n<ul>\n<li> F\u00e4rg: Gul<\/li>\n<li> Material: Grantr\u00e4<\/li>\n<li> Totala m\u00e5tt: 127L x 56B x 60H cm<\/li>\n<li> Inre m\u00e5tt: 119L x 48B x 49,6H cm<\/li>\n<li> B\u00e4rkapacitet: ca. 86 kg<\/li>\n<\/ul>\n<p>Leveransinneh\u00e5ll:<\/p>\n<ul>\n<li> 1 x Tr\u00e4dg\u00e5rdsl\u00e5da<\/li>\n<li> 1 x Instruktioner<\/li>\n<\/ul>\n","protected":false},"excerpt":{"rendered":"<p>Uppt\u00e4ck den m\u00e5ngsidiga TRUUSK tr\u00e4dg\u00e5rdsl\u00e5dan &#8211; din ultimata f\u00f6rvaringsl\u00f6sning! Denna robusta tr\u00e4box med vattenavvisande bel\u00e4ggning erbjuder s\u00e4ker f\u00f6rvaring f\u00f6r verktyg,&#8230;<\/p>\n","protected":false},"featured_media":81874,"template":"","meta":[],"product_brand":[],"product_cat":[901,858,437],"product_tag":[],"class_list":{"0":"post-81883","1":"product","2":"type-product","3":"status-publish","4":"has-post-thumbnail","6":"product_cat-ordning-i-tradgarden","7":"product_cat-tradgard-terrass","8":"product_cat-tradgardsskap","10":"first","11":"instock","12":"sale","13":"taxable","14":"shipping-taxable","15":"purchasable","16":"product-type-simple"},"yoast_head":"<!-- This site is optimized with the Yoast SEO plugin v25.4 - https:\/\/yoast.com\/wordpress\/plugins\/seo\/ -->\n<title>TRUUSK Tr\u00e4dg\u00e5rdsl\u00e5da - Kuddl\u00e5da - F\u00f6rvaringsl\u00e5da - Tr\u00e4dg\u00e5rdskista - V\u00e4derbest\u00e4ndig - Massivt Tr\u00e4 - 127 x 56 x 60 cm - Gul - TRUUSK - Hem, Tr\u00e4dg\u00e5rd &amp; Fritid<\/title>\n<meta name=\"robots\" content=\"index, follow, max-snippet:-1, max-image-preview:large, max-video-preview:-1\" \/>\n<link rel=\"canonical\" href=\"https:\/\/truusk.store\/sv\/produkt\/truusk-tradgardslada-kuddlada-forvaringslada-tradgardskista-vaderbestandig-massivt-tra-127-x-56-x-60-cm-gul\/\" \/>\n<meta property=\"og:locale\" content=\"sv_SE\" \/>\n<meta property=\"og:type\" content=\"article\" \/>\n<meta property=\"og:title\" content=\"TRUUSK Tr\u00e4dg\u00e5rdsl\u00e5da - Kuddl\u00e5da - F\u00f6rvaringsl\u00e5da - Tr\u00e4dg\u00e5rdskista - V\u00e4derbest\u00e4ndig - Massivt Tr\u00e4 - 127 x 56 x 60 cm - Gul - TRUUSK - Hem, Tr\u00e4dg\u00e5rd &amp; Fritid\" \/>\n<meta property=\"og:description\" content=\"Uppt\u00e4ck den m\u00e5ngsidiga TRUUSK tr\u00e4dg\u00e5rdsl\u00e5dan &#8211; din ultimata f\u00f6rvaringsl\u00f6sning! Denna robusta tr\u00e4box med vattenavvisande bel\u00e4ggning erbjuder s\u00e4ker f\u00f6rvaring f\u00f6r verktyg,...\" \/>\n<meta property=\"og:url\" content=\"https:\/\/truusk.store\/sv\/produkt\/truusk-tradgardslada-kuddlada-forvaringslada-tradgardskista-vaderbestandig-massivt-tra-127-x-56-x-60-cm-gul\/\" \/>\n<meta property=\"og:site_name\" content=\"TRUUSK - Hem, Tr\u00e4dg\u00e5rd &amp; Fritid\" \/>\n<meta property=\"article:modified_time\" content=\"2026-03-12T08:01:44+00:00\" \/>\n<meta property=\"og:image\" content=\"https:\/\/i0.wp.com\/truusk.se\/wp-content\/uploads\/2025\/07\/tradgardslada-kuddlada-forvaringslada-tradgardskista-vaderbestandig-massivt-tra-127-x-56-x-60-cm-gul-1.webp?fit=2000%2C2000&ssl=1\" \/>\n\t<meta property=\"og:image:width\" content=\"2000\" \/>\n\t<meta property=\"og:image:height\" content=\"2000\" \/>\n\t<meta property=\"og:image:type\" content=\"image\/webp\" \/>\n<meta name=\"twitter:card\" content=\"summary_large_image\" \/>\n<meta name=\"twitter:label1\" content=\"Ber\u00e4knad l\u00e4stid\" \/>\n\t<meta name=\"twitter:data1\" content=\"1 minut\" \/>\n<!-- \/ Yoast SEO plugin. -->","yoast_head_json":{"title":"TRUUSK Tr\u00e4dg\u00e5rdsl\u00e5da - Kuddl\u00e5da - F\u00f6rvaringsl\u00e5da - Tr\u00e4dg\u00e5rdskista - V\u00e4derbest\u00e4ndig - Massivt Tr\u00e4 - 127 x 56 x 60 cm - Gul - TRUUSK - Hem, Tr\u00e4dg\u00e5rd &amp; Fritid","robots":{"index":"index","follow":"follow","max-snippet":"max-snippet:-1","max-image-preview":"max-image-preview:large","max-video-preview":"max-video-preview:-1"},"canonical":"https:\/\/truusk.store\/sv\/produkt\/truusk-tradgardslada-kuddlada-forvaringslada-tradgardskista-vaderbestandig-massivt-tra-127-x-56-x-60-cm-gul\/","og_locale":"sv_SE","og_type":"article","og_title":"TRUUSK Tr\u00e4dg\u00e5rdsl\u00e5da - Kuddl\u00e5da - F\u00f6rvaringsl\u00e5da - Tr\u00e4dg\u00e5rdskista - V\u00e4derbest\u00e4ndig - Massivt Tr\u00e4 - 127 x 56 x 60 cm - Gul - TRUUSK - Hem, Tr\u00e4dg\u00e5rd &amp; Fritid","og_description":"Uppt\u00e4ck den m\u00e5ngsidiga TRUUSK tr\u00e4dg\u00e5rdsl\u00e5dan &#8211; din ultimata f\u00f6rvaringsl\u00f6sning! Denna robusta tr\u00e4box med vattenavvisande bel\u00e4ggning erbjuder s\u00e4ker f\u00f6rvaring f\u00f6r verktyg,...","og_url":"https:\/\/truusk.store\/sv\/produkt\/truusk-tradgardslada-kuddlada-forvaringslada-tradgardskista-vaderbestandig-massivt-tra-127-x-56-x-60-cm-gul\/","og_site_name":"TRUUSK - Hem, Tr\u00e4dg\u00e5rd &amp; Fritid","article_modified_time":"2026-03-12T08:01:44+00:00","og_image":[{"width":2000,"height":2000,"url":"https:\/\/i0.wp.com\/truusk.se\/wp-content\/uploads\/2025\/07\/tradgardslada-kuddlada-forvaringslada-tradgardskista-vaderbestandig-massivt-tra-127-x-56-x-60-cm-gul-1.webp?fit=2000%2C2000&ssl=1","type":"image\/webp"}],"twitter_card":"summary_large_image","twitter_misc":{"Ber\u00e4knad l\u00e4stid":"1 minut"},"schema":{"@context":"https:\/\/schema.org","@graph":[{"@type":"WebPage","@id":"https:\/\/truusk.store\/sv\/produkt\/truusk-tradgardslada-kuddlada-forvaringslada-tradgardskista-vaderbestandig-massivt-tra-127-x-56-x-60-cm-gul\/","url":"https:\/\/truusk.store\/sv\/produkt\/truusk-tradgardslada-kuddlada-forvaringslada-tradgardskista-vaderbestandig-massivt-tra-127-x-56-x-60-cm-gul\/","name":"TRUUSK Tr\u00e4dg\u00e5rdsl\u00e5da - Kuddl\u00e5da - F\u00f6rvaringsl\u00e5da - Tr\u00e4dg\u00e5rdskista - V\u00e4derbest\u00e4ndig - Massivt Tr\u00e4 - 127 x 56 x 60 cm - Gul - TRUUSK - Hem, Tr\u00e4dg\u00e5rd &amp; Fritid","isPartOf":{"@id":"https:\/\/truusk.store\/sv\/#website"},"primaryImageOfPage":{"@id":"https:\/\/truusk.store\/sv\/produkt\/truusk-tradgardslada-kuddlada-forvaringslada-tradgardskista-vaderbestandig-massivt-tra-127-x-56-x-60-cm-gul\/#primaryimage"},"image":{"@id":"https:\/\/truusk.store\/sv\/produkt\/truusk-tradgardslada-kuddlada-forvaringslada-tradgardskista-vaderbestandig-massivt-tra-127-x-56-x-60-cm-gul\/#primaryimage"},"thumbnailUrl":"https:\/\/i0.wp.com\/truusk.store\/wp-content\/uploads\/2025\/07\/tradgardslada-kuddlada-forvaringslada-tradgardskista-vaderbestandig-massivt-tra-127-x-56-x-60-cm-gul-1.webp?fit=2000%2C2000&ssl=1","datePublished":"2025-07-07T18:48:59+00:00","dateModified":"2026-03-12T08:01:44+00:00","breadcrumb":{"@id":"https:\/\/truusk.store\/sv\/produkt\/truusk-tradgardslada-kuddlada-forvaringslada-tradgardskista-vaderbestandig-massivt-tra-127-x-56-x-60-cm-gul\/#breadcrumb"},"inLanguage":"sv-SE","potentialAction":[{"@type":"ReadAction","target":["https:\/\/truusk.store\/sv\/produkt\/truusk-tradgardslada-kuddlada-forvaringslada-tradgardskista-vaderbestandig-massivt-tra-127-x-56-x-60-cm-gul\/"]}]},{"@type":"ImageObject","inLanguage":"sv-SE","@id":"https:\/\/truusk.store\/sv\/produkt\/truusk-tradgardslada-kuddlada-forvaringslada-tradgardskista-vaderbestandig-massivt-tra-127-x-56-x-60-cm-gul\/#primaryimage","url":"https:\/\/i0.wp.com\/truusk.store\/wp-content\/uploads\/2025\/07\/tradgardslada-kuddlada-forvaringslada-tradgardskista-vaderbestandig-massivt-tra-127-x-56-x-60-cm-gul-1.webp?fit=2000%2C2000&ssl=1","contentUrl":"https:\/\/i0.wp.com\/truusk.store\/wp-content\/uploads\/2025\/07\/tradgardslada-kuddlada-forvaringslada-tradgardskista-vaderbestandig-massivt-tra-127-x-56-x-60-cm-gul-1.webp?fit=2000%2C2000&ssl=1","width":2000,"height":2000},{"@type":"BreadcrumbList","@id":"https:\/\/truusk.store\/sv\/produkt\/truusk-tradgardslada-kuddlada-forvaringslada-tradgardskista-vaderbestandig-massivt-tra-127-x-56-x-60-cm-gul\/#breadcrumb","itemListElement":[{"@type":"ListItem","position":1,"name":"Home","item":"https:\/\/truusk.store\/sv\/"},{"@type":"ListItem","position":2,"name":"Shop","item":"https:\/\/truusk.store\/shop\/"},{"@type":"ListItem","position":3,"name":"TRUUSK Tr\u00e4dg\u00e5rdsl\u00e5da &#8211; Kuddl\u00e5da &#8211; F\u00f6rvaringsl\u00e5da &#8211; Tr\u00e4dg\u00e5rdskista &#8211; V\u00e4derbest\u00e4ndig &#8211; Massivt Tr\u00e4 &#8211; 127 x 56 x 60 cm &#8211; Gul"}]},{"@type":"WebSite","@id":"https:\/\/truusk.store\/sv\/#website","url":"https:\/\/truusk.store\/sv\/","name":"TRUUSK - Hem, Tr\u00e4dg\u00e5rd & Fritid","description":"","publisher":{"@id":"https:\/\/truusk.store\/sv\/#organization"},"potentialAction":[{"@type":"SearchAction","target":{"@type":"EntryPoint","urlTemplate":"https:\/\/truusk.store\/sv\/?s={search_term_string}"},"query-input":{"@type":"PropertyValueSpecification","valueRequired":true,"valueName":"search_term_string"}}],"inLanguage":"sv-SE"},{"@type":"Organization","@id":"https:\/\/truusk.store\/sv\/#organization","name":"TRUUSK - Hem, Tr\u00e4dg\u00e5rd & Fritid","url":"https:\/\/truusk.store\/sv\/","logo":{"@type":"ImageObject","inLanguage":"sv-SE","@id":"https:\/\/truusk.store\/sv\/#\/schema\/logo\/image\/","url":"https:\/\/i0.wp.com\/truusk.store\/wp-content\/uploads\/2026\/03\/cropped-TRUUSK.png?fit=2032%2C917&ssl=1","contentUrl":"https:\/\/i0.wp.com\/truusk.store\/wp-content\/uploads\/2026\/03\/cropped-TRUUSK.png?fit=2032%2C917&ssl=1","width":2032,"height":917,"caption":"TRUUSK - Hem, Tr\u00e4dg\u00e5rd & Fritid"},"image":{"@id":"https:\/\/truusk.store\/sv\/#\/schema\/logo\/image\/"}}]}},"jetpack_sharing_enabled":true,"_links":{"self":[{"href":"https:\/\/truusk.store\/sv\/wp-json\/wp\/v2\/product\/81883","targetHints":{"allow":["GET"]}}],"collection":[{"href":"https:\/\/truusk.store\/sv\/wp-json\/wp\/v2\/product"}],"about":[{"href":"https:\/\/truusk.store\/sv\/wp-json\/wp\/v2\/types\/product"}],"wp:featuredmedia":[{"embeddable":true,"href":"https:\/\/truusk.store\/sv\/wp-json\/wp\/v2\/media\/81874"}],"wp:attachment":[{"href":"https:\/\/truusk.store\/sv\/wp-json\/wp\/v2\/media?parent=81883"}],"wp:term":[{"taxonomy":"product_brand","embeddable":true,"href":"https:\/\/truusk.store\/sv\/wp-json\/wp\/v2\/product_brand?post=81883"},{"taxonomy":"product_cat","embeddable":true,"href":"https:\/\/truusk.store\/sv\/wp-json\/wp\/v2\/product_cat?post=81883"},{"taxonomy":"product_tag","embeddable":true,"href":"https:\/\/truusk.store\/sv\/wp-json\/wp\/v2\/product_tag?post=81883"}],"curies":[{"name":"wp","href":"https:\/\/api.w.org\/{rel}","templated":true}]}}