{"id":81903,"date":"2025-07-08T04:20:37","date_gmt":"2025-07-08T03:20:37","guid":{"rendered":"https:\/\/truusk.store\/product\/rullbar-kladstallning-hojdjusterbar-med-nedre-hylla-4-hjul-vit\/"},"modified":"2026-03-12T09:01:12","modified_gmt":"2026-03-12T08:01:12","slug":"truusk-rullbar-kladstallning-hojdjusterbar-nedre-hylla-4-hjul-vit","status":"publish","type":"product","link":"https:\/\/truusk.store\/sv\/produkt\/truusk-rullbar-kladstallning-hojdjusterbar-nedre-hylla-4-hjul-vit\/","title":{"rendered":"TRUUSK Rullbar Kl\u00e4dst\u00e4llning &#8211; H\u00f6jdjusterbar &#8211; Nedre Hylla &#8211; 4 Hjul &#8211; Vit"},"content":{"rendered":"<p>Mobil och justerbar TRUUSK kl\u00e4dst\u00e4llning med 4 hjul, varav 2 \u00e4r bromsade. H\u00f6jdjustering enligt kl\u00e4dstorlek och rumsstorlek. Perfekt f\u00f6r att optimera utrymmesanv\u00e4ndningen i sm\u00e5 butiker och hemma. Med extra krokar och hylla nedtill f\u00f6r extra f\u00f6rvaringsutrymme.<\/p>\n<p>Beskrivning:<\/p>\n<ul>\n<li> Kl\u00e4dst\u00e4llning gjord av robust rostfritt st\u00e5l och h\u00f6gkvalitativ ABS<\/li>\n<li> Tjockleken p\u00e5 st\u00e5lr\u00f6ret i dess struktur g\u00f6r det m\u00f6jligt att b\u00e4ra upp till 15 kg kl\u00e4der<\/li>\n<li> Denna robusta kl\u00e4dst\u00e4llning \u00e4r h\u00f6jdjusterbar f\u00f6r att anpassa sig till olika kl\u00e4dstorlekar<\/li>\n<li> Den nedre hyllan ligger 9 cm \u00f6ver golvet och kan f\u00f6rvara skor och andra f\u00f6rem\u00e5l<\/li>\n<li> 4 vita PP-hjul p\u00e5 kl\u00e4dst\u00e4llningen underl\u00e4ttar betydligt flyttning fr\u00e5n ett rum till ett annat. Tv\u00e5 av dessa hjul \u00e4r utrustade med bromsar f\u00f6r att fixera den n\u00e4r du inte vill flytta den<\/li>\n<\/ul>\n<p> Tekniska data:<\/p>\n<ul>\n<li> F\u00e4rg: Silver+Vit<\/li>\n<li> Material: Rostfritt st\u00e5l, Metall, ABS, Plast<\/li>\n<li> Totala dimensioner: 68,5L x 42B x 87-145H cm<\/li>\n<li> Dimensioner p\u00e5 nedre hyllan: 62L x 17,5B cm<\/li>\n<li> Avst\u00e5nd till golvet: (fr\u00e5n golvet)9 cm<\/li>\n<li> Hjuldiameter: \u00d8 3,8 cm<\/li>\n<li> Max. rekommenderad belastningskapacitet: 15 kg<\/li>\n<\/ul>\n<p>Leveransinneh\u00e5ll:<\/p>\n<ul>\n<li> 1 x Kl\u00e4dst\u00e4llning<\/li>\n<li> 1 x Instruktioner<\/li>\n<\/ul>\n","protected":false},"excerpt":{"rendered":"<p>Mobil och justerbar TRUUSK kl\u00e4dst\u00e4llning med 4 hjul, varav 2 \u00e4r bromsade. H\u00f6jdjustering enligt kl\u00e4dstorlek och rumsstorlek. Perfekt f\u00f6r att&#8230;<\/p>\n","protected":false},"featured_media":81894,"template":"","meta":[],"product_brand":[],"product_cat":[871,975,897],"product_tag":[],"class_list":{"0":"post-81903","1":"product","2":"type-product","3":"status-publish","4":"has-post-thumbnail","6":"product_cat-hus-hem","7":"product_cat-kladstallningar","8":"product_cat-sovrum","10":"first","11":"instock","12":"sale","13":"taxable","14":"shipping-taxable","15":"purchasable","16":"product-type-simple"},"yoast_head":"<!-- This site is optimized with the Yoast SEO plugin v25.4 - https:\/\/yoast.com\/wordpress\/plugins\/seo\/ -->\n<title>TRUUSK Rullbar Kl\u00e4dst\u00e4llning - H\u00f6jdjusterbar - Nedre Hylla - 4 Hjul - Vit - TRUUSK - Hem, Tr\u00e4dg\u00e5rd &amp; Fritid<\/title>\n<meta name=\"robots\" content=\"index, follow, max-snippet:-1, max-image-preview:large, max-video-preview:-1\" \/>\n<link rel=\"canonical\" href=\"https:\/\/truusk.store\/sv\/produkt\/truusk-rullbar-kladstallning-hojdjusterbar-nedre-hylla-4-hjul-vit\/\" \/>\n<meta property=\"og:locale\" content=\"sv_SE\" \/>\n<meta property=\"og:type\" content=\"article\" \/>\n<meta property=\"og:title\" content=\"TRUUSK Rullbar Kl\u00e4dst\u00e4llning - H\u00f6jdjusterbar - Nedre Hylla - 4 Hjul - Vit - TRUUSK - Hem, Tr\u00e4dg\u00e5rd &amp; Fritid\" \/>\n<meta property=\"og:description\" content=\"Mobil och justerbar TRUUSK kl\u00e4dst\u00e4llning med 4 hjul, varav 2 \u00e4r bromsade. H\u00f6jdjustering enligt kl\u00e4dstorlek och rumsstorlek. Perfekt f\u00f6r att...\" \/>\n<meta property=\"og:url\" content=\"https:\/\/truusk.store\/sv\/produkt\/truusk-rullbar-kladstallning-hojdjusterbar-nedre-hylla-4-hjul-vit\/\" \/>\n<meta property=\"og:site_name\" content=\"TRUUSK - Hem, Tr\u00e4dg\u00e5rd &amp; Fritid\" \/>\n<meta property=\"article:modified_time\" content=\"2026-03-12T08:01:12+00:00\" \/>\n<meta property=\"og:image\" content=\"https:\/\/i0.wp.com\/truusk.se\/wp-content\/uploads\/2025\/07\/rullbar-kladstallning-hojdjusterbar-med-nedre-hylla-4-hjul-vit-1.webp?fit=1600%2C1600&ssl=1\" \/>\n\t<meta property=\"og:image:width\" content=\"1600\" \/>\n\t<meta property=\"og:image:height\" content=\"1600\" \/>\n\t<meta property=\"og:image:type\" content=\"image\/webp\" \/>\n<meta name=\"twitter:card\" content=\"summary_large_image\" \/>\n<meta name=\"twitter:label1\" content=\"Ber\u00e4knad l\u00e4stid\" \/>\n\t<meta name=\"twitter:data1\" content=\"1 minut\" \/>\n<!-- \/ Yoast SEO plugin. -->","yoast_head_json":{"title":"TRUUSK Rullbar Kl\u00e4dst\u00e4llning - H\u00f6jdjusterbar - Nedre Hylla - 4 Hjul - Vit - TRUUSK - Hem, Tr\u00e4dg\u00e5rd &amp; Fritid","robots":{"index":"index","follow":"follow","max-snippet":"max-snippet:-1","max-image-preview":"max-image-preview:large","max-video-preview":"max-video-preview:-1"},"canonical":"https:\/\/truusk.store\/sv\/produkt\/truusk-rullbar-kladstallning-hojdjusterbar-nedre-hylla-4-hjul-vit\/","og_locale":"sv_SE","og_type":"article","og_title":"TRUUSK Rullbar Kl\u00e4dst\u00e4llning - H\u00f6jdjusterbar - Nedre Hylla - 4 Hjul - Vit - TRUUSK - Hem, Tr\u00e4dg\u00e5rd &amp; Fritid","og_description":"Mobil och justerbar TRUUSK kl\u00e4dst\u00e4llning med 4 hjul, varav 2 \u00e4r bromsade. H\u00f6jdjustering enligt kl\u00e4dstorlek och rumsstorlek. Perfekt f\u00f6r att...","og_url":"https:\/\/truusk.store\/sv\/produkt\/truusk-rullbar-kladstallning-hojdjusterbar-nedre-hylla-4-hjul-vit\/","og_site_name":"TRUUSK - Hem, Tr\u00e4dg\u00e5rd &amp; Fritid","article_modified_time":"2026-03-12T08:01:12+00:00","og_image":[{"width":1600,"height":1600,"url":"https:\/\/i0.wp.com\/truusk.se\/wp-content\/uploads\/2025\/07\/rullbar-kladstallning-hojdjusterbar-med-nedre-hylla-4-hjul-vit-1.webp?fit=1600%2C1600&ssl=1","type":"image\/webp"}],"twitter_card":"summary_large_image","twitter_misc":{"Ber\u00e4knad l\u00e4stid":"1 minut"},"schema":{"@context":"https:\/\/schema.org","@graph":[{"@type":"WebPage","@id":"https:\/\/truusk.store\/sv\/produkt\/truusk-rullbar-kladstallning-hojdjusterbar-nedre-hylla-4-hjul-vit\/","url":"https:\/\/truusk.store\/sv\/produkt\/truusk-rullbar-kladstallning-hojdjusterbar-nedre-hylla-4-hjul-vit\/","name":"TRUUSK Rullbar Kl\u00e4dst\u00e4llning - H\u00f6jdjusterbar - Nedre Hylla - 4 Hjul - Vit - TRUUSK - Hem, Tr\u00e4dg\u00e5rd &amp; Fritid","isPartOf":{"@id":"https:\/\/truusk.store\/sv\/#website"},"primaryImageOfPage":{"@id":"https:\/\/truusk.store\/sv\/produkt\/truusk-rullbar-kladstallning-hojdjusterbar-nedre-hylla-4-hjul-vit\/#primaryimage"},"image":{"@id":"https:\/\/truusk.store\/sv\/produkt\/truusk-rullbar-kladstallning-hojdjusterbar-nedre-hylla-4-hjul-vit\/#primaryimage"},"thumbnailUrl":"https:\/\/i0.wp.com\/truusk.store\/wp-content\/uploads\/2025\/07\/rullbar-kladstallning-hojdjusterbar-med-nedre-hylla-4-hjul-vit-1.webp?fit=1600%2C1600&ssl=1","datePublished":"2025-07-08T03:20:37+00:00","dateModified":"2026-03-12T08:01:12+00:00","breadcrumb":{"@id":"https:\/\/truusk.store\/sv\/produkt\/truusk-rullbar-kladstallning-hojdjusterbar-nedre-hylla-4-hjul-vit\/#breadcrumb"},"inLanguage":"sv-SE","potentialAction":[{"@type":"ReadAction","target":["https:\/\/truusk.store\/sv\/produkt\/truusk-rullbar-kladstallning-hojdjusterbar-nedre-hylla-4-hjul-vit\/"]}]},{"@type":"ImageObject","inLanguage":"sv-SE","@id":"https:\/\/truusk.store\/sv\/produkt\/truusk-rullbar-kladstallning-hojdjusterbar-nedre-hylla-4-hjul-vit\/#primaryimage","url":"https:\/\/i0.wp.com\/truusk.store\/wp-content\/uploads\/2025\/07\/rullbar-kladstallning-hojdjusterbar-med-nedre-hylla-4-hjul-vit-1.webp?fit=1600%2C1600&ssl=1","contentUrl":"https:\/\/i0.wp.com\/truusk.store\/wp-content\/uploads\/2025\/07\/rullbar-kladstallning-hojdjusterbar-med-nedre-hylla-4-hjul-vit-1.webp?fit=1600%2C1600&ssl=1","width":1600,"height":1600},{"@type":"BreadcrumbList","@id":"https:\/\/truusk.store\/sv\/produkt\/truusk-rullbar-kladstallning-hojdjusterbar-nedre-hylla-4-hjul-vit\/#breadcrumb","itemListElement":[{"@type":"ListItem","position":1,"name":"Home","item":"https:\/\/truusk.store\/sv\/"},{"@type":"ListItem","position":2,"name":"Shop","item":"https:\/\/truusk.store\/shop\/"},{"@type":"ListItem","position":3,"name":"TRUUSK Rullbar Kl\u00e4dst\u00e4llning &#8211; H\u00f6jdjusterbar &#8211; Nedre Hylla &#8211; 4 Hjul &#8211; Vit"}]},{"@type":"WebSite","@id":"https:\/\/truusk.store\/sv\/#website","url":"https:\/\/truusk.store\/sv\/","name":"TRUUSK - Hem, Tr\u00e4dg\u00e5rd & Fritid","description":"","publisher":{"@id":"https:\/\/truusk.store\/sv\/#organization"},"potentialAction":[{"@type":"SearchAction","target":{"@type":"EntryPoint","urlTemplate":"https:\/\/truusk.store\/sv\/?s={search_term_string}"},"query-input":{"@type":"PropertyValueSpecification","valueRequired":true,"valueName":"search_term_string"}}],"inLanguage":"sv-SE"},{"@type":"Organization","@id":"https:\/\/truusk.store\/sv\/#organization","name":"TRUUSK - Hem, Tr\u00e4dg\u00e5rd & Fritid","url":"https:\/\/truusk.store\/sv\/","logo":{"@type":"ImageObject","inLanguage":"sv-SE","@id":"https:\/\/truusk.store\/sv\/#\/schema\/logo\/image\/","url":"https:\/\/i0.wp.com\/truusk.store\/wp-content\/uploads\/2026\/03\/cropped-TRUUSK.png?fit=2032%2C917&ssl=1","contentUrl":"https:\/\/i0.wp.com\/truusk.store\/wp-content\/uploads\/2026\/03\/cropped-TRUUSK.png?fit=2032%2C917&ssl=1","width":2032,"height":917,"caption":"TRUUSK - Hem, Tr\u00e4dg\u00e5rd & Fritid"},"image":{"@id":"https:\/\/truusk.store\/sv\/#\/schema\/logo\/image\/"}}]}},"jetpack_sharing_enabled":true,"_links":{"self":[{"href":"https:\/\/truusk.store\/sv\/wp-json\/wp\/v2\/product\/81903","targetHints":{"allow":["GET"]}}],"collection":[{"href":"https:\/\/truusk.store\/sv\/wp-json\/wp\/v2\/product"}],"about":[{"href":"https:\/\/truusk.store\/sv\/wp-json\/wp\/v2\/types\/product"}],"wp:featuredmedia":[{"embeddable":true,"href":"https:\/\/truusk.store\/sv\/wp-json\/wp\/v2\/media\/81894"}],"wp:attachment":[{"href":"https:\/\/truusk.store\/sv\/wp-json\/wp\/v2\/media?parent=81903"}],"wp:term":[{"taxonomy":"product_brand","embeddable":true,"href":"https:\/\/truusk.store\/sv\/wp-json\/wp\/v2\/product_brand?post=81903"},{"taxonomy":"product_cat","embeddable":true,"href":"https:\/\/truusk.store\/sv\/wp-json\/wp\/v2\/product_cat?post=81903"},{"taxonomy":"product_tag","embeddable":true,"href":"https:\/\/truusk.store\/sv\/wp-json\/wp\/v2\/product_tag?post=81903"}],"curies":[{"name":"wp","href":"https:\/\/api.w.org\/{rel}","templated":true}]}}