{"id":81963,"date":"2025-07-08T04:35:15","date_gmt":"2025-07-08T03:35:15","guid":{"rendered":"https:\/\/truusk.store\/product\/matstolar-4-set-koksstolar-med-ryggstod-sammetseffekt-stoppade-stolar-med-metallben-for-matbord-gra\/"},"modified":"2026-03-12T09:39:32","modified_gmt":"2026-03-12T08:39:32","slug":"truusk-4-pack-matstolar-med-ryggstod-sammetseffekt-metallben-gra","status":"publish","type":"product","link":"https:\/\/truusk.store\/sv\/produkt\/truusk-4-pack-matstolar-med-ryggstod-sammetseffekt-metallben-gra\/","title":{"rendered":"TRUUSK 4-pack Matstolar &#8211; Med Ryggst\u00f6d &#8211; Sammetseffekt &#8211; Metallben &#8211; Gr\u00e5"},"content":{"rendered":"<p>Upplev en perfekt blandning av komfort och stil med TRUUSK matstolar. Den lyxiga, sammetsmjuka tyget och den stabila ryggst\u00f6det med stoppad sits garanterar h\u00f6gsta sittkomfort. Den robusta konstruktionen av den stoppade stolen med pulverlackerad st\u00e5lram och golvskydd skyddar dina golv fr\u00e5n repor och dess enkla, moderna design med fin quiltning g\u00f6r den till en elegant blickf\u00e5ng i varje rum.<\/p>\n<p>Beskrivning:<\/p>\n<ul>\n<li> Levereras som ett 4-delat set, perfekt f\u00f6r familjehem<\/li>\n<li> Mjukt tyg i sammetlook, en stoppad sits och en fast ryggst\u00f6d ger h\u00f6g komfort<\/li>\n<li> Pulverlackerade st\u00e5lramar p\u00e5 matstolen garanterar h\u00e5llbarhet och stabilitet<\/li>\n<li> Skyddande fotdynor p\u00e5 k\u00f6ksstolen f\u00f6rhindrar repor p\u00e5 golv<\/li>\n<li> M\u00e5ngsidig design, l\u00e4mplig f\u00f6r matsal, k\u00f6k eller vardagsrum<\/li>\n<li> Montering kr\u00e4vs<\/li>\n<\/ul>\n<p> Tekniska data:<\/p>\n<ul>\n<li> F\u00e4rg: Gr\u00e5<\/li>\n<li> Material: Tyg i sammetlook (100 % polyester), skum, st\u00e5l<\/li>\n<li> Totala dimensioner: 45B x 54D x 87H cm<\/li>\n<li> Sitsstorlek: 46B x 39D x 47H cm<\/li>\n<li> Ryggstorlek: 41B x 41H cm<\/li>\n<li> Tjocklek: (Sits) 5 cm, (Rygg) 4 cm<\/li>\n<li> B\u00e4rkapacitet: 120 kg<\/li>\n<\/ul>\n<p>Leveransinneh\u00e5ll:<\/p>\n<ul>\n<li> 4 x Matstol<\/li>\n<li> 1 x Handbok<\/li>\n<\/ul>\n","protected":false},"excerpt":{"rendered":"<p>Upplev en perfekt blandning av komfort och stil med TRUUSK matstolar. Den lyxiga, sammetsmjuka tyget och den stabila ryggst\u00f6det med&#8230;<\/p>\n","protected":false},"featured_media":81954,"template":"","meta":[],"product_brand":[],"product_cat":[871,889,518],"product_tag":[],"class_list":{"0":"post-81963","1":"product","2":"type-product","3":"status-publish","4":"has-post-thumbnail","6":"product_cat-hus-hem","7":"product_cat-kok-matsal","8":"product_cat-matsalsstolar","10":"first","11":"instock","12":"sale","13":"taxable","14":"shipping-taxable","15":"purchasable","16":"product-type-simple"},"yoast_head":"<!-- This site is optimized with the Yoast SEO plugin v25.4 - https:\/\/yoast.com\/wordpress\/plugins\/seo\/ -->\n<title>TRUUSK 4-pack Matstolar - Med Ryggst\u00f6d - Sammetseffekt - Metallben - Gr\u00e5 - TRUUSK - Hem, Tr\u00e4dg\u00e5rd &amp; Fritid<\/title>\n<meta name=\"robots\" content=\"index, follow, max-snippet:-1, max-image-preview:large, max-video-preview:-1\" \/>\n<link rel=\"canonical\" href=\"https:\/\/truusk.store\/sv\/produkt\/truusk-4-pack-matstolar-med-ryggstod-sammetseffekt-metallben-gra\/\" \/>\n<meta property=\"og:locale\" content=\"sv_SE\" \/>\n<meta property=\"og:type\" content=\"article\" \/>\n<meta property=\"og:title\" content=\"TRUUSK 4-pack Matstolar - Med Ryggst\u00f6d - Sammetseffekt - Metallben - Gr\u00e5 - TRUUSK - Hem, Tr\u00e4dg\u00e5rd &amp; Fritid\" \/>\n<meta property=\"og:description\" content=\"Upplev en perfekt blandning av komfort och stil med TRUUSK matstolar. Den lyxiga, sammetsmjuka tyget och den stabila ryggst\u00f6det med...\" \/>\n<meta property=\"og:url\" content=\"https:\/\/truusk.store\/sv\/produkt\/truusk-4-pack-matstolar-med-ryggstod-sammetseffekt-metallben-gra\/\" \/>\n<meta property=\"og:site_name\" content=\"TRUUSK - Hem, Tr\u00e4dg\u00e5rd &amp; Fritid\" \/>\n<meta property=\"article:modified_time\" content=\"2026-03-12T08:39:32+00:00\" \/>\n<meta property=\"og:image\" content=\"https:\/\/i0.wp.com\/truusk.se\/wp-content\/uploads\/2025\/07\/matstolar-4-set-koksstolar-med-ryggstod-sammetseffekt-stoppade-stolar-med-metallben-for-matbord-gra-1.webp?fit=2000%2C2000&ssl=1\" \/>\n\t<meta property=\"og:image:width\" content=\"2000\" \/>\n\t<meta property=\"og:image:height\" content=\"2000\" \/>\n\t<meta property=\"og:image:type\" content=\"image\/webp\" \/>\n<meta name=\"twitter:card\" content=\"summary_large_image\" \/>\n<meta name=\"twitter:label1\" content=\"Ber\u00e4knad l\u00e4stid\" \/>\n\t<meta name=\"twitter:data1\" content=\"1 minut\" \/>\n<!-- \/ Yoast SEO plugin. -->","yoast_head_json":{"title":"TRUUSK 4-pack Matstolar - Med Ryggst\u00f6d - Sammetseffekt - Metallben - Gr\u00e5 - TRUUSK - Hem, Tr\u00e4dg\u00e5rd &amp; Fritid","robots":{"index":"index","follow":"follow","max-snippet":"max-snippet:-1","max-image-preview":"max-image-preview:large","max-video-preview":"max-video-preview:-1"},"canonical":"https:\/\/truusk.store\/sv\/produkt\/truusk-4-pack-matstolar-med-ryggstod-sammetseffekt-metallben-gra\/","og_locale":"sv_SE","og_type":"article","og_title":"TRUUSK 4-pack Matstolar - Med Ryggst\u00f6d - Sammetseffekt - Metallben - Gr\u00e5 - TRUUSK - Hem, Tr\u00e4dg\u00e5rd &amp; Fritid","og_description":"Upplev en perfekt blandning av komfort och stil med TRUUSK matstolar. Den lyxiga, sammetsmjuka tyget och den stabila ryggst\u00f6det med...","og_url":"https:\/\/truusk.store\/sv\/produkt\/truusk-4-pack-matstolar-med-ryggstod-sammetseffekt-metallben-gra\/","og_site_name":"TRUUSK - Hem, Tr\u00e4dg\u00e5rd &amp; Fritid","article_modified_time":"2026-03-12T08:39:32+00:00","og_image":[{"width":2000,"height":2000,"url":"https:\/\/i0.wp.com\/truusk.se\/wp-content\/uploads\/2025\/07\/matstolar-4-set-koksstolar-med-ryggstod-sammetseffekt-stoppade-stolar-med-metallben-for-matbord-gra-1.webp?fit=2000%2C2000&ssl=1","type":"image\/webp"}],"twitter_card":"summary_large_image","twitter_misc":{"Ber\u00e4knad l\u00e4stid":"1 minut"},"schema":{"@context":"https:\/\/schema.org","@graph":[{"@type":"WebPage","@id":"https:\/\/truusk.store\/sv\/produkt\/truusk-4-pack-matstolar-med-ryggstod-sammetseffekt-metallben-gra\/","url":"https:\/\/truusk.store\/sv\/produkt\/truusk-4-pack-matstolar-med-ryggstod-sammetseffekt-metallben-gra\/","name":"TRUUSK 4-pack Matstolar - Med Ryggst\u00f6d - Sammetseffekt - Metallben - Gr\u00e5 - TRUUSK - Hem, Tr\u00e4dg\u00e5rd &amp; Fritid","isPartOf":{"@id":"https:\/\/truusk.store\/sv\/#website"},"primaryImageOfPage":{"@id":"https:\/\/truusk.store\/sv\/produkt\/truusk-4-pack-matstolar-med-ryggstod-sammetseffekt-metallben-gra\/#primaryimage"},"image":{"@id":"https:\/\/truusk.store\/sv\/produkt\/truusk-4-pack-matstolar-med-ryggstod-sammetseffekt-metallben-gra\/#primaryimage"},"thumbnailUrl":"https:\/\/i0.wp.com\/truusk.store\/wp-content\/uploads\/2025\/07\/matstolar-4-set-koksstolar-med-ryggstod-sammetseffekt-stoppade-stolar-med-metallben-for-matbord-gra-1.webp?fit=2000%2C2000&ssl=1","datePublished":"2025-07-08T03:35:15+00:00","dateModified":"2026-03-12T08:39:32+00:00","breadcrumb":{"@id":"https:\/\/truusk.store\/sv\/produkt\/truusk-4-pack-matstolar-med-ryggstod-sammetseffekt-metallben-gra\/#breadcrumb"},"inLanguage":"sv-SE","potentialAction":[{"@type":"ReadAction","target":["https:\/\/truusk.store\/sv\/produkt\/truusk-4-pack-matstolar-med-ryggstod-sammetseffekt-metallben-gra\/"]}]},{"@type":"ImageObject","inLanguage":"sv-SE","@id":"https:\/\/truusk.store\/sv\/produkt\/truusk-4-pack-matstolar-med-ryggstod-sammetseffekt-metallben-gra\/#primaryimage","url":"https:\/\/i0.wp.com\/truusk.store\/wp-content\/uploads\/2025\/07\/matstolar-4-set-koksstolar-med-ryggstod-sammetseffekt-stoppade-stolar-med-metallben-for-matbord-gra-1.webp?fit=2000%2C2000&ssl=1","contentUrl":"https:\/\/i0.wp.com\/truusk.store\/wp-content\/uploads\/2025\/07\/matstolar-4-set-koksstolar-med-ryggstod-sammetseffekt-stoppade-stolar-med-metallben-for-matbord-gra-1.webp?fit=2000%2C2000&ssl=1","width":2000,"height":2000},{"@type":"BreadcrumbList","@id":"https:\/\/truusk.store\/sv\/produkt\/truusk-4-pack-matstolar-med-ryggstod-sammetseffekt-metallben-gra\/#breadcrumb","itemListElement":[{"@type":"ListItem","position":1,"name":"Home","item":"https:\/\/truusk.store\/sv\/"},{"@type":"ListItem","position":2,"name":"Shop","item":"https:\/\/truusk.store\/shop\/"},{"@type":"ListItem","position":3,"name":"TRUUSK 4-pack Matstolar &#8211; Med Ryggst\u00f6d &#8211; Sammetseffekt &#8211; Metallben &#8211; Gr\u00e5"}]},{"@type":"WebSite","@id":"https:\/\/truusk.store\/sv\/#website","url":"https:\/\/truusk.store\/sv\/","name":"TRUUSK - Hem, Tr\u00e4dg\u00e5rd & Fritid","description":"","publisher":{"@id":"https:\/\/truusk.store\/sv\/#organization"},"potentialAction":[{"@type":"SearchAction","target":{"@type":"EntryPoint","urlTemplate":"https:\/\/truusk.store\/sv\/?s={search_term_string}"},"query-input":{"@type":"PropertyValueSpecification","valueRequired":true,"valueName":"search_term_string"}}],"inLanguage":"sv-SE"},{"@type":"Organization","@id":"https:\/\/truusk.store\/sv\/#organization","name":"TRUUSK - Hem, Tr\u00e4dg\u00e5rd & Fritid","url":"https:\/\/truusk.store\/sv\/","logo":{"@type":"ImageObject","inLanguage":"sv-SE","@id":"https:\/\/truusk.store\/sv\/#\/schema\/logo\/image\/","url":"https:\/\/i0.wp.com\/truusk.store\/wp-content\/uploads\/2026\/03\/cropped-TRUUSK.png?fit=2032%2C917&ssl=1","contentUrl":"https:\/\/i0.wp.com\/truusk.store\/wp-content\/uploads\/2026\/03\/cropped-TRUUSK.png?fit=2032%2C917&ssl=1","width":2032,"height":917,"caption":"TRUUSK - Hem, Tr\u00e4dg\u00e5rd & Fritid"},"image":{"@id":"https:\/\/truusk.store\/sv\/#\/schema\/logo\/image\/"}}]}},"jetpack_sharing_enabled":true,"_links":{"self":[{"href":"https:\/\/truusk.store\/sv\/wp-json\/wp\/v2\/product\/81963","targetHints":{"allow":["GET"]}}],"collection":[{"href":"https:\/\/truusk.store\/sv\/wp-json\/wp\/v2\/product"}],"about":[{"href":"https:\/\/truusk.store\/sv\/wp-json\/wp\/v2\/types\/product"}],"wp:featuredmedia":[{"embeddable":true,"href":"https:\/\/truusk.store\/sv\/wp-json\/wp\/v2\/media\/81954"}],"wp:attachment":[{"href":"https:\/\/truusk.store\/sv\/wp-json\/wp\/v2\/media?parent=81963"}],"wp:term":[{"taxonomy":"product_brand","embeddable":true,"href":"https:\/\/truusk.store\/sv\/wp-json\/wp\/v2\/product_brand?post=81963"},{"taxonomy":"product_cat","embeddable":true,"href":"https:\/\/truusk.store\/sv\/wp-json\/wp\/v2\/product_cat?post=81963"},{"taxonomy":"product_tag","embeddable":true,"href":"https:\/\/truusk.store\/sv\/wp-json\/wp\/v2\/product_tag?post=81963"}],"curies":[{"name":"wp","href":"https:\/\/api.w.org\/{rel}","templated":true}]}}