{"id":81974,"date":"2025-07-08T04:36:35","date_gmt":"2025-07-08T03:36:35","guid":{"rendered":"https:\/\/truusk.store\/product\/6-delad-rumsavdelare-vikbar-insynsskydd-insynsskyddsvagg-for-vardagsrum-sovrum-hemmakontor-svart\/"},"modified":"2026-03-12T09:39:36","modified_gmt":"2026-03-12T08:39:36","slug":"truusk-6-delad-rumsavdelare-vikbar-insynsskydd-insynsskyddsvagg-for-vardagsrum-sovrum-hemmakontor-svart","status":"publish","type":"product","link":"https:\/\/truusk.store\/sv\/produkt\/truusk-6-delad-rumsavdelare-vikbar-insynsskydd-insynsskyddsvagg-for-vardagsrum-sovrum-hemmakontor-svart\/","title":{"rendered":"TRUUSK 6-delad Rumsavdelare &#8211; Vikbar Insynsskydd &#8211; Insynsskyddsv\u00e4gg &#8211; F\u00f6r Vardagsrum, Sovrum, Hemmakontor &#8211; Svart"},"content":{"rendered":"<p>Forma om dina utrymmen med rumsdelaren fr\u00e5n TRUUSK. Polypropylenmaterialet garanterar mer privatliv och h\u00e5llbarhet \u00e4n traditionella papperfibrer. Den mobila sk\u00e4rmv\u00e4ggen kombinerar stil och funktionalitet med en elegant, sexdelad vikdesign och 15 metallg\u00e5ngj\u00e4rn. Den sv\u00e4ngda ramen av furutr\u00e4 och polypropylenv\u00e4ven ger denna vikbara paravent en elegant touch.<\/p>\n<p>Beskrivning:<\/p>\n<ul>\n<li> Har ett v\u00e4vm\u00f6nster med en elegant, b\u00e5gformad topp<\/li>\n<li> Skapa privata omr\u00e5den eller anv\u00e4nd paraventen som en dekorativ bakgrund i vilket rum som helst<\/li>\n<li> Ramen f\u00f6r rumsdelaren av massivt furutr\u00e4 ger starkt st\u00f6d<\/li>\n<li> Polypropylen garanterar h\u00e5llbarhet<\/li>\n<li> Sexdelad vikdesign med 15 metallg\u00e5ngj\u00e4rn m\u00f6jligg\u00f6r enkel lagring<\/li>\n<li> En l\u00e4tt konstruktion av rumsdelaren underl\u00e4ttar omplacering<\/li>\n<li> Ingen montering kr\u00e4vs<\/li>\n<\/ul>\n<p> Tekniska data:<\/p>\n<ul>\n<li> F\u00e4rg: Svart<\/li>\n<li> Material: Polypropylen, furutr\u00e4<\/li>\n<li> Totala dimensioner: 240B x 1,6T x 170H cm<\/li>\n<li> Vikta dimensioner: 40B x 12,5T x 170H cm<\/li>\n<li> Enskild panelstorlek: 40B x 1,6T x 170H cm<\/li>\n<li> Fotens h\u00f6jd: 6,5 cm<\/li>\n<\/ul>\n<p>Leveransinneh\u00e5ll:<\/p>\n<ul>\n<li> 1 x Rumsdelare<\/li>\n<li> 1 x Bruksanvisning<\/li>\n<\/ul>\n","protected":false},"excerpt":{"rendered":"<p>Forma om dina utrymmen med rumsdelaren fr\u00e5n TRUUSK. Polypropylenmaterialet garanterar mer privatliv och h\u00e5llbarhet \u00e4n traditionella papperfibrer. Den mobila sk\u00e4rmv\u00e4ggen&#8230;<\/p>\n","protected":false},"featured_media":81965,"template":"","meta":[],"product_brand":[],"product_cat":[962,871,1018],"product_tag":[],"class_list":{"0":"post-81974","1":"product","2":"type-product","3":"status-publish","4":"has-post-thumbnail","6":"product_cat-dekoration","7":"product_cat-hus-hem","8":"product_cat-rumsdelare-paravent","10":"first","11":"instock","12":"sale","13":"taxable","14":"shipping-taxable","15":"purchasable","16":"product-type-simple"},"yoast_head":"<!-- This site is optimized with the Yoast SEO plugin v25.4 - https:\/\/yoast.com\/wordpress\/plugins\/seo\/ -->\n<title>TRUUSK 6-delad Rumsavdelare - Vikbar Insynsskydd - Insynsskyddsv\u00e4gg - F\u00f6r Vardagsrum, Sovrum, Hemmakontor - Svart - TRUUSK - Hem, Tr\u00e4dg\u00e5rd &amp; Fritid<\/title>\n<meta name=\"robots\" content=\"index, follow, max-snippet:-1, max-image-preview:large, max-video-preview:-1\" \/>\n<link rel=\"canonical\" href=\"https:\/\/truusk.store\/sv\/produkt\/truusk-6-delad-rumsavdelare-vikbar-insynsskydd-insynsskyddsvagg-for-vardagsrum-sovrum-hemmakontor-svart\/\" \/>\n<meta property=\"og:locale\" content=\"sv_SE\" \/>\n<meta property=\"og:type\" content=\"article\" \/>\n<meta property=\"og:title\" content=\"TRUUSK 6-delad Rumsavdelare - Vikbar Insynsskydd - Insynsskyddsv\u00e4gg - F\u00f6r Vardagsrum, Sovrum, Hemmakontor - Svart - TRUUSK - Hem, Tr\u00e4dg\u00e5rd &amp; Fritid\" \/>\n<meta property=\"og:description\" content=\"Forma om dina utrymmen med rumsdelaren fr\u00e5n TRUUSK. Polypropylenmaterialet garanterar mer privatliv och h\u00e5llbarhet \u00e4n traditionella papperfibrer. Den mobila sk\u00e4rmv\u00e4ggen...\" \/>\n<meta property=\"og:url\" content=\"https:\/\/truusk.store\/sv\/produkt\/truusk-6-delad-rumsavdelare-vikbar-insynsskydd-insynsskyddsvagg-for-vardagsrum-sovrum-hemmakontor-svart\/\" \/>\n<meta property=\"og:site_name\" content=\"TRUUSK - Hem, Tr\u00e4dg\u00e5rd &amp; Fritid\" \/>\n<meta property=\"article:modified_time\" content=\"2026-03-12T08:39:36+00:00\" \/>\n<meta property=\"og:image\" content=\"https:\/\/i0.wp.com\/truusk.se\/wp-content\/uploads\/2025\/07\/6-delad-rumsavdelare-vikbar-insynsskydd-insynsskyddsvagg-for-vardagsrum-sovrum-hemmakontor-svart-1.webp?fit=2000%2C2000&ssl=1\" \/>\n\t<meta property=\"og:image:width\" content=\"2000\" \/>\n\t<meta property=\"og:image:height\" content=\"2000\" \/>\n\t<meta property=\"og:image:type\" content=\"image\/webp\" \/>\n<meta name=\"twitter:card\" content=\"summary_large_image\" \/>\n<meta name=\"twitter:label1\" content=\"Ber\u00e4knad l\u00e4stid\" \/>\n\t<meta name=\"twitter:data1\" content=\"1 minut\" \/>\n<!-- \/ Yoast SEO plugin. -->","yoast_head_json":{"title":"TRUUSK 6-delad Rumsavdelare - Vikbar Insynsskydd - Insynsskyddsv\u00e4gg - F\u00f6r Vardagsrum, Sovrum, Hemmakontor - Svart - TRUUSK - Hem, Tr\u00e4dg\u00e5rd &amp; Fritid","robots":{"index":"index","follow":"follow","max-snippet":"max-snippet:-1","max-image-preview":"max-image-preview:large","max-video-preview":"max-video-preview:-1"},"canonical":"https:\/\/truusk.store\/sv\/produkt\/truusk-6-delad-rumsavdelare-vikbar-insynsskydd-insynsskyddsvagg-for-vardagsrum-sovrum-hemmakontor-svart\/","og_locale":"sv_SE","og_type":"article","og_title":"TRUUSK 6-delad Rumsavdelare - Vikbar Insynsskydd - Insynsskyddsv\u00e4gg - F\u00f6r Vardagsrum, Sovrum, Hemmakontor - Svart - TRUUSK - Hem, Tr\u00e4dg\u00e5rd &amp; Fritid","og_description":"Forma om dina utrymmen med rumsdelaren fr\u00e5n TRUUSK. Polypropylenmaterialet garanterar mer privatliv och h\u00e5llbarhet \u00e4n traditionella papperfibrer. Den mobila sk\u00e4rmv\u00e4ggen...","og_url":"https:\/\/truusk.store\/sv\/produkt\/truusk-6-delad-rumsavdelare-vikbar-insynsskydd-insynsskyddsvagg-for-vardagsrum-sovrum-hemmakontor-svart\/","og_site_name":"TRUUSK - Hem, Tr\u00e4dg\u00e5rd &amp; Fritid","article_modified_time":"2026-03-12T08:39:36+00:00","og_image":[{"width":2000,"height":2000,"url":"https:\/\/i0.wp.com\/truusk.se\/wp-content\/uploads\/2025\/07\/6-delad-rumsavdelare-vikbar-insynsskydd-insynsskyddsvagg-for-vardagsrum-sovrum-hemmakontor-svart-1.webp?fit=2000%2C2000&ssl=1","type":"image\/webp"}],"twitter_card":"summary_large_image","twitter_misc":{"Ber\u00e4knad l\u00e4stid":"1 minut"},"schema":{"@context":"https:\/\/schema.org","@graph":[{"@type":"WebPage","@id":"https:\/\/truusk.store\/sv\/produkt\/truusk-6-delad-rumsavdelare-vikbar-insynsskydd-insynsskyddsvagg-for-vardagsrum-sovrum-hemmakontor-svart\/","url":"https:\/\/truusk.store\/sv\/produkt\/truusk-6-delad-rumsavdelare-vikbar-insynsskydd-insynsskyddsvagg-for-vardagsrum-sovrum-hemmakontor-svart\/","name":"TRUUSK 6-delad Rumsavdelare - Vikbar Insynsskydd - Insynsskyddsv\u00e4gg - F\u00f6r Vardagsrum, Sovrum, Hemmakontor - Svart - TRUUSK - Hem, Tr\u00e4dg\u00e5rd &amp; Fritid","isPartOf":{"@id":"https:\/\/truusk.store\/sv\/#website"},"primaryImageOfPage":{"@id":"https:\/\/truusk.store\/sv\/produkt\/truusk-6-delad-rumsavdelare-vikbar-insynsskydd-insynsskyddsvagg-for-vardagsrum-sovrum-hemmakontor-svart\/#primaryimage"},"image":{"@id":"https:\/\/truusk.store\/sv\/produkt\/truusk-6-delad-rumsavdelare-vikbar-insynsskydd-insynsskyddsvagg-for-vardagsrum-sovrum-hemmakontor-svart\/#primaryimage"},"thumbnailUrl":"https:\/\/i0.wp.com\/truusk.store\/wp-content\/uploads\/2025\/07\/6-delad-rumsavdelare-vikbar-insynsskydd-insynsskyddsvagg-for-vardagsrum-sovrum-hemmakontor-svart-1.webp?fit=2000%2C2000&ssl=1","datePublished":"2025-07-08T03:36:35+00:00","dateModified":"2026-03-12T08:39:36+00:00","breadcrumb":{"@id":"https:\/\/truusk.store\/sv\/produkt\/truusk-6-delad-rumsavdelare-vikbar-insynsskydd-insynsskyddsvagg-for-vardagsrum-sovrum-hemmakontor-svart\/#breadcrumb"},"inLanguage":"sv-SE","potentialAction":[{"@type":"ReadAction","target":["https:\/\/truusk.store\/sv\/produkt\/truusk-6-delad-rumsavdelare-vikbar-insynsskydd-insynsskyddsvagg-for-vardagsrum-sovrum-hemmakontor-svart\/"]}]},{"@type":"ImageObject","inLanguage":"sv-SE","@id":"https:\/\/truusk.store\/sv\/produkt\/truusk-6-delad-rumsavdelare-vikbar-insynsskydd-insynsskyddsvagg-for-vardagsrum-sovrum-hemmakontor-svart\/#primaryimage","url":"https:\/\/i0.wp.com\/truusk.store\/wp-content\/uploads\/2025\/07\/6-delad-rumsavdelare-vikbar-insynsskydd-insynsskyddsvagg-for-vardagsrum-sovrum-hemmakontor-svart-1.webp?fit=2000%2C2000&ssl=1","contentUrl":"https:\/\/i0.wp.com\/truusk.store\/wp-content\/uploads\/2025\/07\/6-delad-rumsavdelare-vikbar-insynsskydd-insynsskyddsvagg-for-vardagsrum-sovrum-hemmakontor-svart-1.webp?fit=2000%2C2000&ssl=1","width":2000,"height":2000},{"@type":"BreadcrumbList","@id":"https:\/\/truusk.store\/sv\/produkt\/truusk-6-delad-rumsavdelare-vikbar-insynsskydd-insynsskyddsvagg-for-vardagsrum-sovrum-hemmakontor-svart\/#breadcrumb","itemListElement":[{"@type":"ListItem","position":1,"name":"Home","item":"https:\/\/truusk.store\/sv\/"},{"@type":"ListItem","position":2,"name":"Shop","item":"https:\/\/truusk.store\/shop\/"},{"@type":"ListItem","position":3,"name":"TRUUSK 6-delad Rumsavdelare &#8211; Vikbar Insynsskydd &#8211; Insynsskyddsv\u00e4gg &#8211; F\u00f6r Vardagsrum, Sovrum, Hemmakontor &#8211; Svart"}]},{"@type":"WebSite","@id":"https:\/\/truusk.store\/sv\/#website","url":"https:\/\/truusk.store\/sv\/","name":"TRUUSK - Hem, Tr\u00e4dg\u00e5rd & Fritid","description":"","publisher":{"@id":"https:\/\/truusk.store\/sv\/#organization"},"potentialAction":[{"@type":"SearchAction","target":{"@type":"EntryPoint","urlTemplate":"https:\/\/truusk.store\/sv\/?s={search_term_string}"},"query-input":{"@type":"PropertyValueSpecification","valueRequired":true,"valueName":"search_term_string"}}],"inLanguage":"sv-SE"},{"@type":"Organization","@id":"https:\/\/truusk.store\/sv\/#organization","name":"TRUUSK - Hem, Tr\u00e4dg\u00e5rd & Fritid","url":"https:\/\/truusk.store\/sv\/","logo":{"@type":"ImageObject","inLanguage":"sv-SE","@id":"https:\/\/truusk.store\/sv\/#\/schema\/logo\/image\/","url":"https:\/\/i0.wp.com\/truusk.store\/wp-content\/uploads\/2026\/03\/cropped-TRUUSK.png?fit=2032%2C917&ssl=1","contentUrl":"https:\/\/i0.wp.com\/truusk.store\/wp-content\/uploads\/2026\/03\/cropped-TRUUSK.png?fit=2032%2C917&ssl=1","width":2032,"height":917,"caption":"TRUUSK - Hem, Tr\u00e4dg\u00e5rd & Fritid"},"image":{"@id":"https:\/\/truusk.store\/sv\/#\/schema\/logo\/image\/"}}]}},"jetpack_sharing_enabled":true,"_links":{"self":[{"href":"https:\/\/truusk.store\/sv\/wp-json\/wp\/v2\/product\/81974","targetHints":{"allow":["GET"]}}],"collection":[{"href":"https:\/\/truusk.store\/sv\/wp-json\/wp\/v2\/product"}],"about":[{"href":"https:\/\/truusk.store\/sv\/wp-json\/wp\/v2\/types\/product"}],"wp:featuredmedia":[{"embeddable":true,"href":"https:\/\/truusk.store\/sv\/wp-json\/wp\/v2\/media\/81965"}],"wp:attachment":[{"href":"https:\/\/truusk.store\/sv\/wp-json\/wp\/v2\/media?parent=81974"}],"wp:term":[{"taxonomy":"product_brand","embeddable":true,"href":"https:\/\/truusk.store\/sv\/wp-json\/wp\/v2\/product_brand?post=81974"},{"taxonomy":"product_cat","embeddable":true,"href":"https:\/\/truusk.store\/sv\/wp-json\/wp\/v2\/product_cat?post=81974"},{"taxonomy":"product_tag","embeddable":true,"href":"https:\/\/truusk.store\/sv\/wp-json\/wp\/v2\/product_tag?post=81974"}],"curies":[{"name":"wp","href":"https:\/\/api.w.org\/{rel}","templated":true}]}}