{"id":8201,"date":"2024-02-13T09:11:53","date_gmt":"2024-02-13T08:11:53","guid":{"rendered":"https:\/\/truusk.store\/product\/verktygsbod-med-vaderbestandiga-hyllor-75-x-56-x-115cm-gra\/"},"modified":"2026-03-12T08:55:45","modified_gmt":"2026-03-12T07:55:45","slug":"truusk-verktygsbod-med-vaderbestandiga-hyllor-75-x-56-x-115cm-gra","status":"publish","type":"product","link":"https:\/\/truusk.store\/sv\/produkt\/truusk-verktygsbod-med-vaderbestandiga-hyllor-75-x-56-x-115cm-gra\/","title":{"rendered":"TRUUSK Verktygsbod med V\u00e4derbest\u00e4ndiga Hyllor &#8211; 75 x 56 x 115cm &#8211; Gr\u00e5"},"content":{"rendered":"<p>Skapa en paradisisk ordning i din tr\u00e4dg\u00e5rd med hj\u00e4lp av denna kompakta och praktiska redskapsbod! Trots sin kompakta design erbjuder den gott om plats f\u00f6r en m\u00e4ngd olika enheter och verktyg. Byggt s\u00e4rskilt robust och med en v\u00e4derbest\u00e4ndig finish, kommer detta tr\u00e4dg\u00e5rdssk\u00e5p att tj\u00e4na dig tillf\u00f6rlitligt under l\u00e5ng tid. Det sluttande taket l\u00e5ter regnvatten rinna fritt och den l\u00e5sbara d\u00f6rren hindrar djur fr\u00e5n att komma in.<\/p>\n<h3>Beskrivning:<\/h3>\n<ul>\n<li>Kompakt design, v\u00e4l l\u00e4mpad f\u00f6r mindre utomhusytor<\/li>\n<li>Best\u00e5r av en robust tr\u00e4konstruktion med v\u00e4derbest\u00e4ndig finish<\/li>\n<li>Tv\u00e5 hyllor och ett \u00f6ppet fack ger gott om plats f\u00f6r tr\u00e4dg\u00e5rdsredskap<\/li>\n<li>Med ett ytterd\u00f6rrl\u00e5s f\u00f6r extra s\u00e4kerhet<\/li>\n<li>Lutande tak f\u00f6r att f\u00f6rhindra vattenansamling<\/li>\n<li>Enkel konstruktion<\/li>\n<\/ul>\n<h3>Teknisk data:<\/h3>\n<ul>\n<li>F\u00e4rg: Svart+Gr\u00e5+Vit<\/li>\n<li>Material: gran<\/li>\n<li>Totala m\u00e5tt: 75L x 56W x115H cm<\/li>\n<li>Innerm\u00e5tt: 68L x 50W x 112H cm<\/li>\n<li>M\u00e5tt p\u00e5 v\u00e4nster hylla: 34L x 46,5W cm<\/li>\n<li>Lastkapacitet: 6 kg\/hylla<\/li>\n<\/ul>\n<h3>Leveransens omfattning:<\/h3>\n<ul>\n<li>1 x Tr\u00e4dg\u00e5rdsbod<\/li>\n<li>1 x Instruktioner<\/li>\n<\/ul>\n","protected":false},"excerpt":{"rendered":"<p>Skapa en paradisisk ordning i din tr\u00e4dg\u00e5rd med hj\u00e4lp av denna kompakta och praktiska redskapsbod! Trots sin kompakta design erbjuder&#8230;<\/p>\n","protected":false},"featured_media":8202,"template":"","meta":[],"product_brand":[],"product_cat":[436,435,437],"product_tag":[],"class_list":{"0":"post-8201","1":"product","2":"type-product","3":"status-publish","4":"has-post-thumbnail","6":"product_cat-bestall-i-tradgarden","7":"product_cat-tradgard-och-terrass","8":"product_cat-tradgardsskap","10":"first","11":"instock","12":"sale","13":"taxable","14":"shipping-taxable","15":"purchasable","16":"product-type-simple"},"yoast_head":"<!-- This site is optimized with the Yoast SEO plugin v25.4 - https:\/\/yoast.com\/wordpress\/plugins\/seo\/ -->\n<title>TRUUSK Verktygsbod med V\u00e4derbest\u00e4ndiga Hyllor - 75 x 56 x 115cm - Gr\u00e5 - TRUUSK - Hem, Tr\u00e4dg\u00e5rd &amp; Fritid<\/title>\n<meta name=\"robots\" content=\"index, follow, max-snippet:-1, max-image-preview:large, max-video-preview:-1\" \/>\n<link rel=\"canonical\" href=\"https:\/\/truusk.store\/sv\/produkt\/truusk-verktygsbod-med-vaderbestandiga-hyllor-75-x-56-x-115cm-gra\/\" \/>\n<meta property=\"og:locale\" content=\"sv_SE\" \/>\n<meta property=\"og:type\" content=\"article\" \/>\n<meta property=\"og:title\" content=\"TRUUSK Verktygsbod med V\u00e4derbest\u00e4ndiga Hyllor - 75 x 56 x 115cm - Gr\u00e5 - TRUUSK - Hem, Tr\u00e4dg\u00e5rd &amp; Fritid\" \/>\n<meta property=\"og:description\" content=\"Skapa en paradisisk ordning i din tr\u00e4dg\u00e5rd med hj\u00e4lp av denna kompakta och praktiska redskapsbod! Trots sin kompakta design erbjuder...\" \/>\n<meta property=\"og:url\" content=\"https:\/\/truusk.store\/sv\/produkt\/truusk-verktygsbod-med-vaderbestandiga-hyllor-75-x-56-x-115cm-gra\/\" \/>\n<meta property=\"og:site_name\" content=\"TRUUSK - Hem, Tr\u00e4dg\u00e5rd &amp; Fritid\" \/>\n<meta property=\"article:modified_time\" content=\"2026-03-12T07:55:45+00:00\" \/>\n<meta property=\"og:image\" content=\"https:\/\/i0.wp.com\/truusk.se\/wp-content\/uploads\/2024\/02\/verktygsbod-med-vaderbestandiga-hyllor-75-x-56-x-115cm-gra.webp?fit=800%2C800&ssl=1\" \/>\n\t<meta property=\"og:image:width\" content=\"800\" \/>\n\t<meta property=\"og:image:height\" content=\"800\" \/>\n\t<meta property=\"og:image:type\" content=\"image\/webp\" \/>\n<meta name=\"twitter:card\" content=\"summary_large_image\" \/>\n<meta name=\"twitter:label1\" content=\"Ber\u00e4knad l\u00e4stid\" \/>\n\t<meta name=\"twitter:data1\" content=\"1 minut\" \/>\n<!-- \/ Yoast SEO plugin. -->","yoast_head_json":{"title":"TRUUSK Verktygsbod med V\u00e4derbest\u00e4ndiga Hyllor - 75 x 56 x 115cm - Gr\u00e5 - TRUUSK - Hem, Tr\u00e4dg\u00e5rd &amp; Fritid","robots":{"index":"index","follow":"follow","max-snippet":"max-snippet:-1","max-image-preview":"max-image-preview:large","max-video-preview":"max-video-preview:-1"},"canonical":"https:\/\/truusk.store\/sv\/produkt\/truusk-verktygsbod-med-vaderbestandiga-hyllor-75-x-56-x-115cm-gra\/","og_locale":"sv_SE","og_type":"article","og_title":"TRUUSK Verktygsbod med V\u00e4derbest\u00e4ndiga Hyllor - 75 x 56 x 115cm - Gr\u00e5 - TRUUSK - Hem, Tr\u00e4dg\u00e5rd &amp; Fritid","og_description":"Skapa en paradisisk ordning i din tr\u00e4dg\u00e5rd med hj\u00e4lp av denna kompakta och praktiska redskapsbod! Trots sin kompakta design erbjuder...","og_url":"https:\/\/truusk.store\/sv\/produkt\/truusk-verktygsbod-med-vaderbestandiga-hyllor-75-x-56-x-115cm-gra\/","og_site_name":"TRUUSK - Hem, Tr\u00e4dg\u00e5rd &amp; Fritid","article_modified_time":"2026-03-12T07:55:45+00:00","og_image":[{"width":800,"height":800,"url":"https:\/\/i0.wp.com\/truusk.se\/wp-content\/uploads\/2024\/02\/verktygsbod-med-vaderbestandiga-hyllor-75-x-56-x-115cm-gra.webp?fit=800%2C800&ssl=1","type":"image\/webp"}],"twitter_card":"summary_large_image","twitter_misc":{"Ber\u00e4knad l\u00e4stid":"1 minut"},"schema":{"@context":"https:\/\/schema.org","@graph":[{"@type":"WebPage","@id":"https:\/\/truusk.store\/sv\/produkt\/truusk-verktygsbod-med-vaderbestandiga-hyllor-75-x-56-x-115cm-gra\/","url":"https:\/\/truusk.store\/sv\/produkt\/truusk-verktygsbod-med-vaderbestandiga-hyllor-75-x-56-x-115cm-gra\/","name":"TRUUSK Verktygsbod med V\u00e4derbest\u00e4ndiga Hyllor - 75 x 56 x 115cm - Gr\u00e5 - TRUUSK - Hem, Tr\u00e4dg\u00e5rd &amp; Fritid","isPartOf":{"@id":"https:\/\/truusk.store\/sv\/#website"},"primaryImageOfPage":{"@id":"https:\/\/truusk.store\/sv\/produkt\/truusk-verktygsbod-med-vaderbestandiga-hyllor-75-x-56-x-115cm-gra\/#primaryimage"},"image":{"@id":"https:\/\/truusk.store\/sv\/produkt\/truusk-verktygsbod-med-vaderbestandiga-hyllor-75-x-56-x-115cm-gra\/#primaryimage"},"thumbnailUrl":"https:\/\/i0.wp.com\/truusk.store\/wp-content\/uploads\/2024\/02\/verktygsbod-med-vaderbestandiga-hyllor-75-x-56-x-115cm-gra.webp?fit=800%2C800&ssl=1","datePublished":"2024-02-13T08:11:53+00:00","dateModified":"2026-03-12T07:55:45+00:00","breadcrumb":{"@id":"https:\/\/truusk.store\/sv\/produkt\/truusk-verktygsbod-med-vaderbestandiga-hyllor-75-x-56-x-115cm-gra\/#breadcrumb"},"inLanguage":"sv-SE","potentialAction":[{"@type":"ReadAction","target":["https:\/\/truusk.store\/sv\/produkt\/truusk-verktygsbod-med-vaderbestandiga-hyllor-75-x-56-x-115cm-gra\/"]}]},{"@type":"ImageObject","inLanguage":"sv-SE","@id":"https:\/\/truusk.store\/sv\/produkt\/truusk-verktygsbod-med-vaderbestandiga-hyllor-75-x-56-x-115cm-gra\/#primaryimage","url":"https:\/\/i0.wp.com\/truusk.store\/wp-content\/uploads\/2024\/02\/verktygsbod-med-vaderbestandiga-hyllor-75-x-56-x-115cm-gra.webp?fit=800%2C800&ssl=1","contentUrl":"https:\/\/i0.wp.com\/truusk.store\/wp-content\/uploads\/2024\/02\/verktygsbod-med-vaderbestandiga-hyllor-75-x-56-x-115cm-gra.webp?fit=800%2C800&ssl=1","width":800,"height":800,"caption":"Verktygsbod Med V\u00e4derbest\u00e4ndiga Hyllor 75 X 56 X 115cm Gr\u00e5 1"},{"@type":"BreadcrumbList","@id":"https:\/\/truusk.store\/sv\/produkt\/truusk-verktygsbod-med-vaderbestandiga-hyllor-75-x-56-x-115cm-gra\/#breadcrumb","itemListElement":[{"@type":"ListItem","position":1,"name":"Home","item":"https:\/\/truusk.store\/sv\/"},{"@type":"ListItem","position":2,"name":"Shop","item":"https:\/\/truusk.store\/shop\/"},{"@type":"ListItem","position":3,"name":"TRUUSK Verktygsbod med V\u00e4derbest\u00e4ndiga Hyllor &#8211; 75 x 56 x 115cm &#8211; Gr\u00e5"}]},{"@type":"WebSite","@id":"https:\/\/truusk.store\/sv\/#website","url":"https:\/\/truusk.store\/sv\/","name":"TRUUSK - Hem, Tr\u00e4dg\u00e5rd & Fritid","description":"","publisher":{"@id":"https:\/\/truusk.store\/sv\/#organization"},"potentialAction":[{"@type":"SearchAction","target":{"@type":"EntryPoint","urlTemplate":"https:\/\/truusk.store\/sv\/?s={search_term_string}"},"query-input":{"@type":"PropertyValueSpecification","valueRequired":true,"valueName":"search_term_string"}}],"inLanguage":"sv-SE"},{"@type":"Organization","@id":"https:\/\/truusk.store\/sv\/#organization","name":"TRUUSK - Hem, Tr\u00e4dg\u00e5rd & Fritid","url":"https:\/\/truusk.store\/sv\/","logo":{"@type":"ImageObject","inLanguage":"sv-SE","@id":"https:\/\/truusk.store\/sv\/#\/schema\/logo\/image\/","url":"https:\/\/i0.wp.com\/truusk.store\/wp-content\/uploads\/2026\/03\/cropped-TRUUSK.png?fit=2032%2C917&ssl=1","contentUrl":"https:\/\/i0.wp.com\/truusk.store\/wp-content\/uploads\/2026\/03\/cropped-TRUUSK.png?fit=2032%2C917&ssl=1","width":2032,"height":917,"caption":"TRUUSK - Hem, Tr\u00e4dg\u00e5rd & Fritid"},"image":{"@id":"https:\/\/truusk.store\/sv\/#\/schema\/logo\/image\/"}}]}},"jetpack_sharing_enabled":true,"_links":{"self":[{"href":"https:\/\/truusk.store\/sv\/wp-json\/wp\/v2\/product\/8201","targetHints":{"allow":["GET"]}}],"collection":[{"href":"https:\/\/truusk.store\/sv\/wp-json\/wp\/v2\/product"}],"about":[{"href":"https:\/\/truusk.store\/sv\/wp-json\/wp\/v2\/types\/product"}],"wp:featuredmedia":[{"embeddable":true,"href":"https:\/\/truusk.store\/sv\/wp-json\/wp\/v2\/media\/8202"}],"wp:attachment":[{"href":"https:\/\/truusk.store\/sv\/wp-json\/wp\/v2\/media?parent=8201"}],"wp:term":[{"taxonomy":"product_brand","embeddable":true,"href":"https:\/\/truusk.store\/sv\/wp-json\/wp\/v2\/product_brand?post=8201"},{"taxonomy":"product_cat","embeddable":true,"href":"https:\/\/truusk.store\/sv\/wp-json\/wp\/v2\/product_cat?post=8201"},{"taxonomy":"product_tag","embeddable":true,"href":"https:\/\/truusk.store\/sv\/wp-json\/wp\/v2\/product_tag?post=8201"}],"curies":[{"name":"wp","href":"https:\/\/api.w.org\/{rel}","templated":true}]}}