{"id":82014,"date":"2025-07-08T04:45:06","date_gmt":"2025-07-08T03:45:06","guid":{"rendered":"https:\/\/truusk.store\/product\/tradgardsstol-4-pack-vaderbestandiga-tradgardsstolar-i-plast-stapelstol-med-armstod-ryggstod-upp-till-120-kg-belastning\/"},"modified":"2026-03-12T08:42:34","modified_gmt":"2026-03-12T07:42:34","slug":"truusk-4-pack-tradgardsstolar-vaderbestandiga-stapelbara-med-armstod-upp-till-120-kg-plast","status":"publish","type":"product","link":"https:\/\/truusk.store\/sv\/produkt\/truusk-4-pack-tradgardsstolar-vaderbestandiga-stapelbara-med-armstod-upp-till-120-kg-plast\/","title":{"rendered":"TRUUSK 4-pack Tr\u00e4dg\u00e5rdsstolar &#8211; V\u00e4derbest\u00e4ndiga &#8211; Stapelbara &#8211; Med Armst\u00f6d &#8211; Upp Till 120 Kg &#8211; Plast"},"content":{"rendered":"<p>Upplev f\u00f6rstklassig utomhusmatning med dessa l\u00e4tta men stabila stapelbara balkongstolar. Detta utomhus tr\u00e4dg\u00e5rdsstolset \u00e4r idealiskt f\u00f6r inomhus och utomhus och erbjuder komfort och praktikalitet. Perfekt f\u00f6r grillfester, avslappnade morgonkaffet eller f\u00f6r att f\u00f6rsk\u00f6na din uteplats &#8211; dessa UV- och vattenresistenta balkongstolar kr\u00e4ver lite underh\u00e5ll. Fokusera p\u00e5 det v\u00e4sentliga: of\u00f6rgl\u00f6mliga stunder i ditt tr\u00e4dg\u00e5rdsparadis.<\/p>\n<p>Beskrivning:<\/p>\n<ul>\n<li> Det fyrdelade utomhus tr\u00e4dg\u00e5rdsstolsetet m\u00f6jligg\u00f6r en m\u00e5ngsidig arrangemang i tr\u00e4dg\u00e5rdsomr\u00e5den<\/li>\n<li> Stapelbar design av balkongstolarna sparar utrymme n\u00e4r de inte anv\u00e4nds<\/li>\n<li> Tillverkad av plast, vilket garanterar h\u00e5llbarhet och robusthet<\/li>\n<li> UV- och vattenresistent, d\u00e4rf\u00f6r l\u00e4mplig f\u00f6r alla v\u00e4der<\/li>\n<li> Armst\u00f6d och ryggst\u00f6d p\u00e5 balkongstolarna st\u00f6der en bekv\u00e4m sittupplevelse<\/li>\n<li> Sitsdjup p\u00e5 46 cm, st\u00f6der bekv\u00e4mt sittande<\/li>\n<li> L\u00e4tt att reng\u00f6ra, m\u00f6jligg\u00f6r enkel underh\u00e5ll<\/li>\n<li> Underh\u00e5llsfri och ingen montering kr\u00e4vs<\/li>\n<\/ul>\n<p> Tekniska data:<\/p>\n<ul>\n<li> F\u00e4rg: Vit<\/li>\n<li> Material: Plast<\/li>\n<li> Totala dimensioner: 60L x 56B x 75H cm<\/li>\n<li> Sitsstorlek: 40B x 46T x 45,5H cm<\/li>\n<li> Armst\u00f6d: 2B x 25T cm<\/li>\n<li> Ryggst\u00f6d: 30L x 51B cm<\/li>\n<li> Maximal belastning: 120 kg<\/li>\n<\/ul>\n<p> Leveransinneh\u00e5ll:<\/p>\n<ul>\n<li> 4 x stolar;<\/li>\n<\/ul>\n","protected":false},"excerpt":{"rendered":"<p>Upplev f\u00f6rstklassig utomhusmatning med dessa l\u00e4tta men stabila stapelbara balkongstolar. Detta utomhus tr\u00e4dg\u00e5rdsstolset \u00e4r idealiskt f\u00f6r inomhus och utomhus och&#8230;<\/p>\n","protected":false},"featured_media":82005,"template":"","meta":[],"product_brand":[],"product_cat":[858,450,452],"product_tag":[],"class_list":{"0":"post-82014","1":"product","2":"type-product","3":"status-publish","4":"has-post-thumbnail","6":"product_cat-tradgard-terrass","7":"product_cat-tradgardsmobler","8":"product_cat-tradgardsstolar","10":"first","11":"instock","12":"sale","13":"taxable","14":"shipping-taxable","15":"purchasable","16":"product-type-simple"},"yoast_head":"<!-- This site is optimized with the Yoast SEO plugin v25.4 - https:\/\/yoast.com\/wordpress\/plugins\/seo\/ -->\n<title>TRUUSK 4-pack Tr\u00e4dg\u00e5rdsstolar - V\u00e4derbest\u00e4ndiga - Stapelbara - Med Armst\u00f6d - Upp Till 120 Kg - Plast - TRUUSK - Hem, Tr\u00e4dg\u00e5rd &amp; Fritid<\/title>\n<meta name=\"robots\" content=\"index, follow, max-snippet:-1, max-image-preview:large, max-video-preview:-1\" \/>\n<link rel=\"canonical\" href=\"https:\/\/truusk.store\/sv\/produkt\/truusk-4-pack-tradgardsstolar-vaderbestandiga-stapelbara-med-armstod-upp-till-120-kg-plast\/\" \/>\n<meta property=\"og:locale\" content=\"sv_SE\" \/>\n<meta property=\"og:type\" content=\"article\" \/>\n<meta property=\"og:title\" content=\"TRUUSK 4-pack Tr\u00e4dg\u00e5rdsstolar - V\u00e4derbest\u00e4ndiga - Stapelbara - Med Armst\u00f6d - Upp Till 120 Kg - Plast - TRUUSK - Hem, Tr\u00e4dg\u00e5rd &amp; Fritid\" \/>\n<meta property=\"og:description\" content=\"Upplev f\u00f6rstklassig utomhusmatning med dessa l\u00e4tta men stabila stapelbara balkongstolar. Detta utomhus tr\u00e4dg\u00e5rdsstolset \u00e4r idealiskt f\u00f6r inomhus och utomhus och...\" \/>\n<meta property=\"og:url\" content=\"https:\/\/truusk.store\/sv\/produkt\/truusk-4-pack-tradgardsstolar-vaderbestandiga-stapelbara-med-armstod-upp-till-120-kg-plast\/\" \/>\n<meta property=\"og:site_name\" content=\"TRUUSK - Hem, Tr\u00e4dg\u00e5rd &amp; Fritid\" \/>\n<meta property=\"article:modified_time\" content=\"2026-03-12T07:42:34+00:00\" \/>\n<meta property=\"og:image\" content=\"https:\/\/i0.wp.com\/truusk.se\/wp-content\/uploads\/2025\/07\/tradgardsstol-4-pack-vaderbestandiga-tradgardsstolar-i-plast-stapelstol-med-armstod-ryggstod-upp-till-120-kg-belastning-1.webp?fit=2000%2C2000&ssl=1\" \/>\n\t<meta property=\"og:image:width\" content=\"2000\" \/>\n\t<meta property=\"og:image:height\" content=\"2000\" \/>\n\t<meta property=\"og:image:type\" content=\"image\/webp\" \/>\n<meta name=\"twitter:card\" content=\"summary_large_image\" \/>\n<meta name=\"twitter:label1\" content=\"Ber\u00e4knad l\u00e4stid\" \/>\n\t<meta name=\"twitter:data1\" content=\"1 minut\" \/>\n<!-- \/ Yoast SEO plugin. -->","yoast_head_json":{"title":"TRUUSK 4-pack Tr\u00e4dg\u00e5rdsstolar - V\u00e4derbest\u00e4ndiga - Stapelbara - Med Armst\u00f6d - Upp Till 120 Kg - Plast - TRUUSK - Hem, Tr\u00e4dg\u00e5rd &amp; Fritid","robots":{"index":"index","follow":"follow","max-snippet":"max-snippet:-1","max-image-preview":"max-image-preview:large","max-video-preview":"max-video-preview:-1"},"canonical":"https:\/\/truusk.store\/sv\/produkt\/truusk-4-pack-tradgardsstolar-vaderbestandiga-stapelbara-med-armstod-upp-till-120-kg-plast\/","og_locale":"sv_SE","og_type":"article","og_title":"TRUUSK 4-pack Tr\u00e4dg\u00e5rdsstolar - V\u00e4derbest\u00e4ndiga - Stapelbara - Med Armst\u00f6d - Upp Till 120 Kg - Plast - TRUUSK - Hem, Tr\u00e4dg\u00e5rd &amp; Fritid","og_description":"Upplev f\u00f6rstklassig utomhusmatning med dessa l\u00e4tta men stabila stapelbara balkongstolar. Detta utomhus tr\u00e4dg\u00e5rdsstolset \u00e4r idealiskt f\u00f6r inomhus och utomhus och...","og_url":"https:\/\/truusk.store\/sv\/produkt\/truusk-4-pack-tradgardsstolar-vaderbestandiga-stapelbara-med-armstod-upp-till-120-kg-plast\/","og_site_name":"TRUUSK - Hem, Tr\u00e4dg\u00e5rd &amp; Fritid","article_modified_time":"2026-03-12T07:42:34+00:00","og_image":[{"width":2000,"height":2000,"url":"https:\/\/i0.wp.com\/truusk.se\/wp-content\/uploads\/2025\/07\/tradgardsstol-4-pack-vaderbestandiga-tradgardsstolar-i-plast-stapelstol-med-armstod-ryggstod-upp-till-120-kg-belastning-1.webp?fit=2000%2C2000&ssl=1","type":"image\/webp"}],"twitter_card":"summary_large_image","twitter_misc":{"Ber\u00e4knad l\u00e4stid":"1 minut"},"schema":{"@context":"https:\/\/schema.org","@graph":[{"@type":"WebPage","@id":"https:\/\/truusk.store\/sv\/produkt\/truusk-4-pack-tradgardsstolar-vaderbestandiga-stapelbara-med-armstod-upp-till-120-kg-plast\/","url":"https:\/\/truusk.store\/sv\/produkt\/truusk-4-pack-tradgardsstolar-vaderbestandiga-stapelbara-med-armstod-upp-till-120-kg-plast\/","name":"TRUUSK 4-pack Tr\u00e4dg\u00e5rdsstolar - V\u00e4derbest\u00e4ndiga - Stapelbara - Med Armst\u00f6d - Upp Till 120 Kg - Plast - TRUUSK - Hem, Tr\u00e4dg\u00e5rd &amp; Fritid","isPartOf":{"@id":"https:\/\/truusk.store\/sv\/#website"},"primaryImageOfPage":{"@id":"https:\/\/truusk.store\/sv\/produkt\/truusk-4-pack-tradgardsstolar-vaderbestandiga-stapelbara-med-armstod-upp-till-120-kg-plast\/#primaryimage"},"image":{"@id":"https:\/\/truusk.store\/sv\/produkt\/truusk-4-pack-tradgardsstolar-vaderbestandiga-stapelbara-med-armstod-upp-till-120-kg-plast\/#primaryimage"},"thumbnailUrl":"https:\/\/i0.wp.com\/truusk.store\/wp-content\/uploads\/2025\/07\/tradgardsstol-4-pack-vaderbestandiga-tradgardsstolar-i-plast-stapelstol-med-armstod-ryggstod-upp-till-120-kg-belastning-1.webp?fit=2000%2C2000&ssl=1","datePublished":"2025-07-08T03:45:06+00:00","dateModified":"2026-03-12T07:42:34+00:00","breadcrumb":{"@id":"https:\/\/truusk.store\/sv\/produkt\/truusk-4-pack-tradgardsstolar-vaderbestandiga-stapelbara-med-armstod-upp-till-120-kg-plast\/#breadcrumb"},"inLanguage":"sv-SE","potentialAction":[{"@type":"ReadAction","target":["https:\/\/truusk.store\/sv\/produkt\/truusk-4-pack-tradgardsstolar-vaderbestandiga-stapelbara-med-armstod-upp-till-120-kg-plast\/"]}]},{"@type":"ImageObject","inLanguage":"sv-SE","@id":"https:\/\/truusk.store\/sv\/produkt\/truusk-4-pack-tradgardsstolar-vaderbestandiga-stapelbara-med-armstod-upp-till-120-kg-plast\/#primaryimage","url":"https:\/\/i0.wp.com\/truusk.store\/wp-content\/uploads\/2025\/07\/tradgardsstol-4-pack-vaderbestandiga-tradgardsstolar-i-plast-stapelstol-med-armstod-ryggstod-upp-till-120-kg-belastning-1.webp?fit=2000%2C2000&ssl=1","contentUrl":"https:\/\/i0.wp.com\/truusk.store\/wp-content\/uploads\/2025\/07\/tradgardsstol-4-pack-vaderbestandiga-tradgardsstolar-i-plast-stapelstol-med-armstod-ryggstod-upp-till-120-kg-belastning-1.webp?fit=2000%2C2000&ssl=1","width":2000,"height":2000},{"@type":"BreadcrumbList","@id":"https:\/\/truusk.store\/sv\/produkt\/truusk-4-pack-tradgardsstolar-vaderbestandiga-stapelbara-med-armstod-upp-till-120-kg-plast\/#breadcrumb","itemListElement":[{"@type":"ListItem","position":1,"name":"Home","item":"https:\/\/truusk.store\/sv\/"},{"@type":"ListItem","position":2,"name":"Shop","item":"https:\/\/truusk.store\/shop\/"},{"@type":"ListItem","position":3,"name":"TRUUSK 4-pack Tr\u00e4dg\u00e5rdsstolar &#8211; V\u00e4derbest\u00e4ndiga &#8211; Stapelbara &#8211; Med Armst\u00f6d &#8211; Upp Till 120 Kg &#8211; Plast"}]},{"@type":"WebSite","@id":"https:\/\/truusk.store\/sv\/#website","url":"https:\/\/truusk.store\/sv\/","name":"TRUUSK - Hem, Tr\u00e4dg\u00e5rd & Fritid","description":"","publisher":{"@id":"https:\/\/truusk.store\/sv\/#organization"},"potentialAction":[{"@type":"SearchAction","target":{"@type":"EntryPoint","urlTemplate":"https:\/\/truusk.store\/sv\/?s={search_term_string}"},"query-input":{"@type":"PropertyValueSpecification","valueRequired":true,"valueName":"search_term_string"}}],"inLanguage":"sv-SE"},{"@type":"Organization","@id":"https:\/\/truusk.store\/sv\/#organization","name":"TRUUSK - Hem, Tr\u00e4dg\u00e5rd & Fritid","url":"https:\/\/truusk.store\/sv\/","logo":{"@type":"ImageObject","inLanguage":"sv-SE","@id":"https:\/\/truusk.store\/sv\/#\/schema\/logo\/image\/","url":"https:\/\/i0.wp.com\/truusk.store\/wp-content\/uploads\/2026\/03\/cropped-TRUUSK.png?fit=2032%2C917&ssl=1","contentUrl":"https:\/\/i0.wp.com\/truusk.store\/wp-content\/uploads\/2026\/03\/cropped-TRUUSK.png?fit=2032%2C917&ssl=1","width":2032,"height":917,"caption":"TRUUSK - Hem, Tr\u00e4dg\u00e5rd & Fritid"},"image":{"@id":"https:\/\/truusk.store\/sv\/#\/schema\/logo\/image\/"}}]}},"jetpack_sharing_enabled":true,"_links":{"self":[{"href":"https:\/\/truusk.store\/sv\/wp-json\/wp\/v2\/product\/82014","targetHints":{"allow":["GET"]}}],"collection":[{"href":"https:\/\/truusk.store\/sv\/wp-json\/wp\/v2\/product"}],"about":[{"href":"https:\/\/truusk.store\/sv\/wp-json\/wp\/v2\/types\/product"}],"wp:featuredmedia":[{"embeddable":true,"href":"https:\/\/truusk.store\/sv\/wp-json\/wp\/v2\/media\/82005"}],"wp:attachment":[{"href":"https:\/\/truusk.store\/sv\/wp-json\/wp\/v2\/media?parent=82014"}],"wp:term":[{"taxonomy":"product_brand","embeddable":true,"href":"https:\/\/truusk.store\/sv\/wp-json\/wp\/v2\/product_brand?post=82014"},{"taxonomy":"product_cat","embeddable":true,"href":"https:\/\/truusk.store\/sv\/wp-json\/wp\/v2\/product_cat?post=82014"},{"taxonomy":"product_tag","embeddable":true,"href":"https:\/\/truusk.store\/sv\/wp-json\/wp\/v2\/product_tag?post=82014"}],"curies":[{"name":"wp","href":"https:\/\/api.w.org\/{rel}","templated":true}]}}