{"id":82031,"date":"2025-07-08T04:47:18","date_gmt":"2025-07-08T03:47:18","guid":{"rendered":"https:\/\/truusk.store\/product\/4-stapelbara-pallar-med-filt-fotdynor-lackerad-bjorkplywood-fargglad\/"},"modified":"2026-03-12T08:44:09","modified_gmt":"2026-03-12T07:44:09","slug":"truusk-4-stapelbara-pallar-med-filt-fotdynor-lackerad-bjorkplywood-fargglad","status":"publish","type":"product","link":"https:\/\/truusk.store\/sv\/produkt\/truusk-4-stapelbara-pallar-med-filt-fotdynor-lackerad-bjorkplywood-fargglad\/","title":{"rendered":"TRUUSK 4 Stapelbara Pallar Med Filt Fotdynor &#8211; Lackerad Bj\u00f6rkplywood &#8211; F\u00e4rgglad"},"content":{"rendered":"<p>F\u00f6rest\u00e4ll dig en livlig familjetr\u00e4ff d\u00e4r det saknas plats. TRUUSK stapelbara pallar av bj\u00f6rkplywood \u00e4r den idealiska l\u00f6sningen. N\u00e4r skratten fyller rummet, erbjuder dessa k\u00f6kspallar bekv\u00e4ma sittplatser och garanterar att alla hittar en plats. Efter festen kan de enkelt staplas och g\u00f6r ditt hem till en snygg oas av lugn. Upplev komforten och mysigheten som dessa m\u00e5ngsidiga tr\u00e4pallar erbjuder varje dag.<\/p>\n<p>Beskrivning:<\/p>\n<ul>\n<li> Tillverkad av lackerad bj\u00f6rkplywood f\u00f6r p\u00e5litligt sittande<\/li>\n<li> Stapelbar design av pallarna hj\u00e4lper till att undvika oordning och spara utrymme<\/li>\n<li> F\u00f6rst\u00e4rkta skruvar och filt fotdynor garanterar stabilitet och s\u00e4kerhet<\/li>\n<li> Ljusa f\u00e4rger ger liv och framkallar leenden<\/li>\n<li> Enkel montering kr\u00e4vs f\u00f6r snabb uppbyggnad<\/li>\n<\/ul>\n<p> Tekniska data:<\/p>\n<ul>\n<li> F\u00e4rg: Bl\u00e5+Gul+R\u00f6d+Gr\u00f6n<\/li>\n<li> Material: Bj\u00f6rkplywood<\/li>\n<li> Totala dimensioner: 36B x 36T x 30H cm<\/li>\n<li> Sitsdiameter: 26 cm<\/li>\n<li> Maximal belastning: 120 kg<\/li>\n<\/ul>\n<p>Leveransinneh\u00e5ll:<\/p>\n<ul>\n<li> 4 x Stapelbara pallar<\/li>\n<li> 1 x Bruksanvisning<\/li>\n<\/ul>\n","protected":false},"excerpt":{"rendered":"<p>F\u00f6rest\u00e4ll dig en livlig familjetr\u00e4ff d\u00e4r det saknas plats. TRUUSK stapelbara pallar av bj\u00f6rkplywood \u00e4r den idealiska l\u00f6sningen. N\u00e4r skratten&#8230;<\/p>\n","protected":false},"featured_media":82022,"template":"","meta":[],"product_brand":[],"product_cat":[643,871,889],"product_tag":[],"class_list":{"0":"post-82031","1":"product","2":"type-product","3":"status-publish","4":"has-post-thumbnail","6":"product_cat-barnstolar","7":"product_cat-hus-hem","8":"product_cat-kok-matsal","10":"first","11":"instock","12":"sale","13":"taxable","14":"shipping-taxable","15":"purchasable","16":"product-type-simple"},"yoast_head":"<!-- This site is optimized with the Yoast SEO plugin v25.4 - https:\/\/yoast.com\/wordpress\/plugins\/seo\/ -->\n<title>TRUUSK 4 Stapelbara Pallar Med Filt Fotdynor - Lackerad Bj\u00f6rkplywood - F\u00e4rgglad - TRUUSK - Hem, Tr\u00e4dg\u00e5rd &amp; Fritid<\/title>\n<meta name=\"robots\" content=\"index, follow, max-snippet:-1, max-image-preview:large, max-video-preview:-1\" \/>\n<link rel=\"canonical\" href=\"https:\/\/truusk.store\/sv\/produkt\/truusk-4-stapelbara-pallar-med-filt-fotdynor-lackerad-bjorkplywood-fargglad\/\" \/>\n<meta property=\"og:locale\" content=\"sv_SE\" \/>\n<meta property=\"og:type\" content=\"article\" \/>\n<meta property=\"og:title\" content=\"TRUUSK 4 Stapelbara Pallar Med Filt Fotdynor - Lackerad Bj\u00f6rkplywood - F\u00e4rgglad - TRUUSK - Hem, Tr\u00e4dg\u00e5rd &amp; Fritid\" \/>\n<meta property=\"og:description\" content=\"F\u00f6rest\u00e4ll dig en livlig familjetr\u00e4ff d\u00e4r det saknas plats. TRUUSK stapelbara pallar av bj\u00f6rkplywood \u00e4r den idealiska l\u00f6sningen. N\u00e4r skratten...\" \/>\n<meta property=\"og:url\" content=\"https:\/\/truusk.store\/sv\/produkt\/truusk-4-stapelbara-pallar-med-filt-fotdynor-lackerad-bjorkplywood-fargglad\/\" \/>\n<meta property=\"og:site_name\" content=\"TRUUSK - Hem, Tr\u00e4dg\u00e5rd &amp; Fritid\" \/>\n<meta property=\"article:modified_time\" content=\"2026-03-12T07:44:09+00:00\" \/>\n<meta property=\"og:image\" content=\"https:\/\/i0.wp.com\/truusk.se\/wp-content\/uploads\/2025\/07\/4-stapelbara-pallar-med-filt-fotdynor-lackerad-bjorkplywood-fargglad-1.webp?fit=2000%2C2000&ssl=1\" \/>\n\t<meta property=\"og:image:width\" content=\"2000\" \/>\n\t<meta property=\"og:image:height\" content=\"2000\" \/>\n\t<meta property=\"og:image:type\" content=\"image\/webp\" \/>\n<meta name=\"twitter:card\" content=\"summary_large_image\" \/>\n<meta name=\"twitter:label1\" content=\"Ber\u00e4knad l\u00e4stid\" \/>\n\t<meta name=\"twitter:data1\" content=\"1 minut\" \/>\n<!-- \/ Yoast SEO plugin. -->","yoast_head_json":{"title":"TRUUSK 4 Stapelbara Pallar Med Filt Fotdynor - Lackerad Bj\u00f6rkplywood - F\u00e4rgglad - TRUUSK - Hem, Tr\u00e4dg\u00e5rd &amp; Fritid","robots":{"index":"index","follow":"follow","max-snippet":"max-snippet:-1","max-image-preview":"max-image-preview:large","max-video-preview":"max-video-preview:-1"},"canonical":"https:\/\/truusk.store\/sv\/produkt\/truusk-4-stapelbara-pallar-med-filt-fotdynor-lackerad-bjorkplywood-fargglad\/","og_locale":"sv_SE","og_type":"article","og_title":"TRUUSK 4 Stapelbara Pallar Med Filt Fotdynor - Lackerad Bj\u00f6rkplywood - F\u00e4rgglad - TRUUSK - Hem, Tr\u00e4dg\u00e5rd &amp; Fritid","og_description":"F\u00f6rest\u00e4ll dig en livlig familjetr\u00e4ff d\u00e4r det saknas plats. TRUUSK stapelbara pallar av bj\u00f6rkplywood \u00e4r den idealiska l\u00f6sningen. N\u00e4r skratten...","og_url":"https:\/\/truusk.store\/sv\/produkt\/truusk-4-stapelbara-pallar-med-filt-fotdynor-lackerad-bjorkplywood-fargglad\/","og_site_name":"TRUUSK - Hem, Tr\u00e4dg\u00e5rd &amp; Fritid","article_modified_time":"2026-03-12T07:44:09+00:00","og_image":[{"width":2000,"height":2000,"url":"https:\/\/i0.wp.com\/truusk.se\/wp-content\/uploads\/2025\/07\/4-stapelbara-pallar-med-filt-fotdynor-lackerad-bjorkplywood-fargglad-1.webp?fit=2000%2C2000&ssl=1","type":"image\/webp"}],"twitter_card":"summary_large_image","twitter_misc":{"Ber\u00e4knad l\u00e4stid":"1 minut"},"schema":{"@context":"https:\/\/schema.org","@graph":[{"@type":"WebPage","@id":"https:\/\/truusk.store\/sv\/produkt\/truusk-4-stapelbara-pallar-med-filt-fotdynor-lackerad-bjorkplywood-fargglad\/","url":"https:\/\/truusk.store\/sv\/produkt\/truusk-4-stapelbara-pallar-med-filt-fotdynor-lackerad-bjorkplywood-fargglad\/","name":"TRUUSK 4 Stapelbara Pallar Med Filt Fotdynor - Lackerad Bj\u00f6rkplywood - F\u00e4rgglad - TRUUSK - Hem, Tr\u00e4dg\u00e5rd &amp; Fritid","isPartOf":{"@id":"https:\/\/truusk.store\/sv\/#website"},"primaryImageOfPage":{"@id":"https:\/\/truusk.store\/sv\/produkt\/truusk-4-stapelbara-pallar-med-filt-fotdynor-lackerad-bjorkplywood-fargglad\/#primaryimage"},"image":{"@id":"https:\/\/truusk.store\/sv\/produkt\/truusk-4-stapelbara-pallar-med-filt-fotdynor-lackerad-bjorkplywood-fargglad\/#primaryimage"},"thumbnailUrl":"https:\/\/i0.wp.com\/truusk.store\/wp-content\/uploads\/2025\/07\/4-stapelbara-pallar-med-filt-fotdynor-lackerad-bjorkplywood-fargglad-1.webp?fit=2000%2C2000&ssl=1","datePublished":"2025-07-08T03:47:18+00:00","dateModified":"2026-03-12T07:44:09+00:00","breadcrumb":{"@id":"https:\/\/truusk.store\/sv\/produkt\/truusk-4-stapelbara-pallar-med-filt-fotdynor-lackerad-bjorkplywood-fargglad\/#breadcrumb"},"inLanguage":"sv-SE","potentialAction":[{"@type":"ReadAction","target":["https:\/\/truusk.store\/sv\/produkt\/truusk-4-stapelbara-pallar-med-filt-fotdynor-lackerad-bjorkplywood-fargglad\/"]}]},{"@type":"ImageObject","inLanguage":"sv-SE","@id":"https:\/\/truusk.store\/sv\/produkt\/truusk-4-stapelbara-pallar-med-filt-fotdynor-lackerad-bjorkplywood-fargglad\/#primaryimage","url":"https:\/\/i0.wp.com\/truusk.store\/wp-content\/uploads\/2025\/07\/4-stapelbara-pallar-med-filt-fotdynor-lackerad-bjorkplywood-fargglad-1.webp?fit=2000%2C2000&ssl=1","contentUrl":"https:\/\/i0.wp.com\/truusk.store\/wp-content\/uploads\/2025\/07\/4-stapelbara-pallar-med-filt-fotdynor-lackerad-bjorkplywood-fargglad-1.webp?fit=2000%2C2000&ssl=1","width":2000,"height":2000},{"@type":"BreadcrumbList","@id":"https:\/\/truusk.store\/sv\/produkt\/truusk-4-stapelbara-pallar-med-filt-fotdynor-lackerad-bjorkplywood-fargglad\/#breadcrumb","itemListElement":[{"@type":"ListItem","position":1,"name":"Home","item":"https:\/\/truusk.store\/sv\/"},{"@type":"ListItem","position":2,"name":"Shop","item":"https:\/\/truusk.store\/shop\/"},{"@type":"ListItem","position":3,"name":"TRUUSK 4 Stapelbara Pallar Med Filt Fotdynor &#8211; Lackerad Bj\u00f6rkplywood &#8211; F\u00e4rgglad"}]},{"@type":"WebSite","@id":"https:\/\/truusk.store\/sv\/#website","url":"https:\/\/truusk.store\/sv\/","name":"TRUUSK - Hem, Tr\u00e4dg\u00e5rd & Fritid","description":"","publisher":{"@id":"https:\/\/truusk.store\/sv\/#organization"},"potentialAction":[{"@type":"SearchAction","target":{"@type":"EntryPoint","urlTemplate":"https:\/\/truusk.store\/sv\/?s={search_term_string}"},"query-input":{"@type":"PropertyValueSpecification","valueRequired":true,"valueName":"search_term_string"}}],"inLanguage":"sv-SE"},{"@type":"Organization","@id":"https:\/\/truusk.store\/sv\/#organization","name":"TRUUSK - Hem, Tr\u00e4dg\u00e5rd & Fritid","url":"https:\/\/truusk.store\/sv\/","logo":{"@type":"ImageObject","inLanguage":"sv-SE","@id":"https:\/\/truusk.store\/sv\/#\/schema\/logo\/image\/","url":"https:\/\/i0.wp.com\/truusk.store\/wp-content\/uploads\/2026\/03\/cropped-TRUUSK.png?fit=2032%2C917&ssl=1","contentUrl":"https:\/\/i0.wp.com\/truusk.store\/wp-content\/uploads\/2026\/03\/cropped-TRUUSK.png?fit=2032%2C917&ssl=1","width":2032,"height":917,"caption":"TRUUSK - Hem, Tr\u00e4dg\u00e5rd & Fritid"},"image":{"@id":"https:\/\/truusk.store\/sv\/#\/schema\/logo\/image\/"}}]}},"jetpack_sharing_enabled":true,"_links":{"self":[{"href":"https:\/\/truusk.store\/sv\/wp-json\/wp\/v2\/product\/82031","targetHints":{"allow":["GET"]}}],"collection":[{"href":"https:\/\/truusk.store\/sv\/wp-json\/wp\/v2\/product"}],"about":[{"href":"https:\/\/truusk.store\/sv\/wp-json\/wp\/v2\/types\/product"}],"wp:featuredmedia":[{"embeddable":true,"href":"https:\/\/truusk.store\/sv\/wp-json\/wp\/v2\/media\/82022"}],"wp:attachment":[{"href":"https:\/\/truusk.store\/sv\/wp-json\/wp\/v2\/media?parent=82031"}],"wp:term":[{"taxonomy":"product_brand","embeddable":true,"href":"https:\/\/truusk.store\/sv\/wp-json\/wp\/v2\/product_brand?post=82031"},{"taxonomy":"product_cat","embeddable":true,"href":"https:\/\/truusk.store\/sv\/wp-json\/wp\/v2\/product_cat?post=82031"},{"taxonomy":"product_tag","embeddable":true,"href":"https:\/\/truusk.store\/sv\/wp-json\/wp\/v2\/product_tag?post=82031"}],"curies":[{"name":"wp","href":"https:\/\/api.w.org\/{rel}","templated":true}]}}