{"id":82041,"date":"2025-07-08T04:48:08","date_gmt":"2025-07-08T03:48:08","guid":{"rendered":"https:\/\/truusk.store\/product\/kompakt-sminkbord-med-spegel-och-led-belysning-vikbar-bordsskiva-oppna-hyllor-lada-mdf-vit\/"},"modified":"2026-03-12T08:44:26","modified_gmt":"2026-03-12T07:44:26","slug":"truusk-sminkbord-med-spegel-och-led-belysning-vikbar-bordsskiva-oppna-hyllor-lada-mdf-vit","status":"publish","type":"product","link":"https:\/\/truusk.store\/sv\/produkt\/truusk-sminkbord-med-spegel-och-led-belysning-vikbar-bordsskiva-oppna-hyllor-lada-mdf-vit\/","title":{"rendered":"TRUUSK Sminkbord med Spegel och LED-belysning &#8211; Vikbar Bordsskiva &#8211; \u00d6ppna Hyllor &#8211; L\u00e5da &#8211; MDF &#8211; Vit"},"content":{"rendered":"<p>Stilfull och bekv\u00e4m f\u00f6rberedelse f\u00f6r att g\u00e5 ut med den kompakta TRUUSK sminkbordet med spegel &#8211; perfekt f\u00f6r sm\u00e5 rum eller l\u00e4genheter. LED-spegellampan med tre justerbara f\u00e4rgl\u00e4gen (naturlig, varm, kall) anpassar sig efter dina behov. Ett utf\u00e4llbart sidopanel av sminkbordet erbjuder mer utrymme och med hyllor samt en l\u00e5da f\u00f6rblir allt \u00f6versk\u00e5dligt. En underbar uppgradering f\u00f6r dina dagliga rutiner.<\/p>\n<p>Beskrivning:<\/p>\n<ul>\n<li> Justerbara LED-lampor med tre f\u00e4rger, styrs av en touchbrytare<\/li>\n<li> Sidoflipptoppen av sminkbordet ut\u00f6kar arbetsomr\u00e5det och kan f\u00e4llas ner f\u00f6r att spara utrymme<\/li>\n<li> Tv\u00e5 \u00f6vre hyllor och en l\u00e5da h\u00e5ller sk\u00f6nhetsprodukter organiserade<\/li>\n<li> Kompakt storlek passar i sm\u00e5 sovrum eller l\u00e4genheter<\/li>\n<li> Tillverkad av p\u00e5litlig MDF och sp\u00e5nskiva, f\u00f6r l\u00e5ngvarig anv\u00e4ndning<\/li>\n<li> Melaminbel\u00e4ggningen p\u00e5 sminkbordet \u00e4r rept\u00e5lig och l\u00e4tt att reng\u00f6ra<\/li>\n<li> Kippf\u00e4sten h\u00e5ller sminkbordet stabilt<\/li>\n<li> Montering kr\u00e4vs<\/li>\n<\/ul>\n<p> Tekniska data:<\/p>\n<ul>\n<li> F\u00e4rg: Vit<\/li>\n<li> Material: Sp\u00e5nskiva, MDF, Glas<\/li>\n<li> Totala dimensioner: 45B x 45T x 152H cm<\/li>\n<li> Glasstorlek: 40B x 0,3T x 46,4H cm<\/li>\n<li> Storlek p\u00e5 bordsskivan: 45\/74,3B x 43,5T x 78,3H cm (vikt\/utf\u00e4lld)<\/li>\n<li> Storlek p\u00e5 f\u00e4llblad: 29B x 45T cm<\/li>\n<li> Storlek p\u00e5 \u00f6vre hylla: 41,8B x 13T x 6H cm, 41,8B x 12T x 15H cm<\/li>\n<li> B\u00e4rkapacitet: 40 kg (totalt), 30 kg (bordsskiva), 5 kg (l\u00e5da\/hylla)<\/li>\n<li> Ing\u00e5ng: 110V-240 V<\/li>\n<li> Utg\u00e5ng: DC 12V, 1A<\/li>\n<li> Kabell\u00e4ngd: 1,5 m<\/li>\n<li> F\u00e4rgtemperatur: 3000K, 4000K, 6500K<\/li>\n<li> Lumen: 1000 lm<\/li>\n<\/ul>\n<p>Leveransinneh\u00e5ll:<\/p>\n<ul>\n<li> 1 x Sminkbord<\/li>\n<li> 1 x Bruksanvisning<\/li>\n<\/ul>\n","protected":false},"excerpt":{"rendered":"<p>Stilfull och bekv\u00e4m f\u00f6rberedelse f\u00f6r att g\u00e5 ut med den kompakta TRUUSK sminkbordet med spegel &#8211; perfekt f\u00f6r sm\u00e5 rum&#8230;<\/p>\n","protected":false},"featured_media":82032,"template":"","meta":[],"product_brand":[],"product_cat":[871,504,897],"product_tag":[],"class_list":{"0":"post-82041","1":"product","2":"type-product","3":"status-publish","4":"has-post-thumbnail","6":"product_cat-hus-hem","7":"product_cat-sminkbord-speglar","8":"product_cat-sovrum","10":"first","11":"instock","12":"sale","13":"taxable","14":"shipping-taxable","15":"purchasable","16":"product-type-simple"},"yoast_head":"<!-- This site is optimized with the Yoast SEO plugin v25.4 - https:\/\/yoast.com\/wordpress\/plugins\/seo\/ -->\n<title>TRUUSK Sminkbord med Spegel och LED-belysning - Vikbar Bordsskiva - \u00d6ppna Hyllor - L\u00e5da - MDF - Vit - TRUUSK - Hem, Tr\u00e4dg\u00e5rd &amp; Fritid<\/title>\n<meta name=\"robots\" content=\"index, follow, max-snippet:-1, max-image-preview:large, max-video-preview:-1\" \/>\n<link rel=\"canonical\" href=\"https:\/\/truusk.store\/sv\/produkt\/truusk-sminkbord-med-spegel-och-led-belysning-vikbar-bordsskiva-oppna-hyllor-lada-mdf-vit\/\" \/>\n<meta property=\"og:locale\" content=\"sv_SE\" \/>\n<meta property=\"og:type\" content=\"article\" \/>\n<meta property=\"og:title\" content=\"TRUUSK Sminkbord med Spegel och LED-belysning - Vikbar Bordsskiva - \u00d6ppna Hyllor - L\u00e5da - MDF - Vit - TRUUSK - Hem, Tr\u00e4dg\u00e5rd &amp; Fritid\" \/>\n<meta property=\"og:description\" content=\"Stilfull och bekv\u00e4m f\u00f6rberedelse f\u00f6r att g\u00e5 ut med den kompakta TRUUSK sminkbordet med spegel &#8211; perfekt f\u00f6r sm\u00e5 rum...\" \/>\n<meta property=\"og:url\" content=\"https:\/\/truusk.store\/sv\/produkt\/truusk-sminkbord-med-spegel-och-led-belysning-vikbar-bordsskiva-oppna-hyllor-lada-mdf-vit\/\" \/>\n<meta property=\"og:site_name\" content=\"TRUUSK - Hem, Tr\u00e4dg\u00e5rd &amp; Fritid\" \/>\n<meta property=\"article:modified_time\" content=\"2026-03-12T07:44:26+00:00\" \/>\n<meta property=\"og:image\" content=\"https:\/\/i0.wp.com\/truusk.se\/wp-content\/uploads\/2025\/07\/kompakt-sminkbord-med-spegel-och-led-belysning-vikbar-bordsskiva-oppna-hyllor-lada-mdf-vit-1.webp?fit=2000%2C2000&ssl=1\" \/>\n\t<meta property=\"og:image:width\" content=\"2000\" \/>\n\t<meta property=\"og:image:height\" content=\"2000\" \/>\n\t<meta property=\"og:image:type\" content=\"image\/webp\" \/>\n<meta name=\"twitter:card\" content=\"summary_large_image\" \/>\n<meta name=\"twitter:label1\" content=\"Ber\u00e4knad l\u00e4stid\" \/>\n\t<meta name=\"twitter:data1\" content=\"1 minut\" \/>\n<!-- \/ Yoast SEO plugin. -->","yoast_head_json":{"title":"TRUUSK Sminkbord med Spegel och LED-belysning - Vikbar Bordsskiva - \u00d6ppna Hyllor - L\u00e5da - MDF - Vit - TRUUSK - Hem, Tr\u00e4dg\u00e5rd &amp; Fritid","robots":{"index":"index","follow":"follow","max-snippet":"max-snippet:-1","max-image-preview":"max-image-preview:large","max-video-preview":"max-video-preview:-1"},"canonical":"https:\/\/truusk.store\/sv\/produkt\/truusk-sminkbord-med-spegel-och-led-belysning-vikbar-bordsskiva-oppna-hyllor-lada-mdf-vit\/","og_locale":"sv_SE","og_type":"article","og_title":"TRUUSK Sminkbord med Spegel och LED-belysning - Vikbar Bordsskiva - \u00d6ppna Hyllor - L\u00e5da - MDF - Vit - TRUUSK - Hem, Tr\u00e4dg\u00e5rd &amp; Fritid","og_description":"Stilfull och bekv\u00e4m f\u00f6rberedelse f\u00f6r att g\u00e5 ut med den kompakta TRUUSK sminkbordet med spegel &#8211; perfekt f\u00f6r sm\u00e5 rum...","og_url":"https:\/\/truusk.store\/sv\/produkt\/truusk-sminkbord-med-spegel-och-led-belysning-vikbar-bordsskiva-oppna-hyllor-lada-mdf-vit\/","og_site_name":"TRUUSK - Hem, Tr\u00e4dg\u00e5rd &amp; Fritid","article_modified_time":"2026-03-12T07:44:26+00:00","og_image":[{"width":2000,"height":2000,"url":"https:\/\/i0.wp.com\/truusk.se\/wp-content\/uploads\/2025\/07\/kompakt-sminkbord-med-spegel-och-led-belysning-vikbar-bordsskiva-oppna-hyllor-lada-mdf-vit-1.webp?fit=2000%2C2000&ssl=1","type":"image\/webp"}],"twitter_card":"summary_large_image","twitter_misc":{"Ber\u00e4knad l\u00e4stid":"1 minut"},"schema":{"@context":"https:\/\/schema.org","@graph":[{"@type":"WebPage","@id":"https:\/\/truusk.store\/sv\/produkt\/truusk-sminkbord-med-spegel-och-led-belysning-vikbar-bordsskiva-oppna-hyllor-lada-mdf-vit\/","url":"https:\/\/truusk.store\/sv\/produkt\/truusk-sminkbord-med-spegel-och-led-belysning-vikbar-bordsskiva-oppna-hyllor-lada-mdf-vit\/","name":"TRUUSK Sminkbord med Spegel och LED-belysning - Vikbar Bordsskiva - \u00d6ppna Hyllor - L\u00e5da - MDF - Vit - TRUUSK - Hem, Tr\u00e4dg\u00e5rd &amp; Fritid","isPartOf":{"@id":"https:\/\/truusk.store\/sv\/#website"},"primaryImageOfPage":{"@id":"https:\/\/truusk.store\/sv\/produkt\/truusk-sminkbord-med-spegel-och-led-belysning-vikbar-bordsskiva-oppna-hyllor-lada-mdf-vit\/#primaryimage"},"image":{"@id":"https:\/\/truusk.store\/sv\/produkt\/truusk-sminkbord-med-spegel-och-led-belysning-vikbar-bordsskiva-oppna-hyllor-lada-mdf-vit\/#primaryimage"},"thumbnailUrl":"https:\/\/i0.wp.com\/truusk.store\/wp-content\/uploads\/2025\/07\/kompakt-sminkbord-med-spegel-och-led-belysning-vikbar-bordsskiva-oppna-hyllor-lada-mdf-vit-1.webp?fit=2000%2C2000&ssl=1","datePublished":"2025-07-08T03:48:08+00:00","dateModified":"2026-03-12T07:44:26+00:00","breadcrumb":{"@id":"https:\/\/truusk.store\/sv\/produkt\/truusk-sminkbord-med-spegel-och-led-belysning-vikbar-bordsskiva-oppna-hyllor-lada-mdf-vit\/#breadcrumb"},"inLanguage":"sv-SE","potentialAction":[{"@type":"ReadAction","target":["https:\/\/truusk.store\/sv\/produkt\/truusk-sminkbord-med-spegel-och-led-belysning-vikbar-bordsskiva-oppna-hyllor-lada-mdf-vit\/"]}]},{"@type":"ImageObject","inLanguage":"sv-SE","@id":"https:\/\/truusk.store\/sv\/produkt\/truusk-sminkbord-med-spegel-och-led-belysning-vikbar-bordsskiva-oppna-hyllor-lada-mdf-vit\/#primaryimage","url":"https:\/\/i0.wp.com\/truusk.store\/wp-content\/uploads\/2025\/07\/kompakt-sminkbord-med-spegel-och-led-belysning-vikbar-bordsskiva-oppna-hyllor-lada-mdf-vit-1.webp?fit=2000%2C2000&ssl=1","contentUrl":"https:\/\/i0.wp.com\/truusk.store\/wp-content\/uploads\/2025\/07\/kompakt-sminkbord-med-spegel-och-led-belysning-vikbar-bordsskiva-oppna-hyllor-lada-mdf-vit-1.webp?fit=2000%2C2000&ssl=1","width":2000,"height":2000},{"@type":"BreadcrumbList","@id":"https:\/\/truusk.store\/sv\/produkt\/truusk-sminkbord-med-spegel-och-led-belysning-vikbar-bordsskiva-oppna-hyllor-lada-mdf-vit\/#breadcrumb","itemListElement":[{"@type":"ListItem","position":1,"name":"Home","item":"https:\/\/truusk.store\/sv\/"},{"@type":"ListItem","position":2,"name":"Shop","item":"https:\/\/truusk.store\/shop\/"},{"@type":"ListItem","position":3,"name":"TRUUSK Sminkbord med Spegel och LED-belysning &#8211; Vikbar Bordsskiva &#8211; \u00d6ppna Hyllor &#8211; L\u00e5da &#8211; MDF &#8211; Vit"}]},{"@type":"WebSite","@id":"https:\/\/truusk.store\/sv\/#website","url":"https:\/\/truusk.store\/sv\/","name":"TRUUSK - Hem, Tr\u00e4dg\u00e5rd & Fritid","description":"","publisher":{"@id":"https:\/\/truusk.store\/sv\/#organization"},"potentialAction":[{"@type":"SearchAction","target":{"@type":"EntryPoint","urlTemplate":"https:\/\/truusk.store\/sv\/?s={search_term_string}"},"query-input":{"@type":"PropertyValueSpecification","valueRequired":true,"valueName":"search_term_string"}}],"inLanguage":"sv-SE"},{"@type":"Organization","@id":"https:\/\/truusk.store\/sv\/#organization","name":"TRUUSK - Hem, Tr\u00e4dg\u00e5rd & Fritid","url":"https:\/\/truusk.store\/sv\/","logo":{"@type":"ImageObject","inLanguage":"sv-SE","@id":"https:\/\/truusk.store\/sv\/#\/schema\/logo\/image\/","url":"https:\/\/i0.wp.com\/truusk.store\/wp-content\/uploads\/2026\/03\/cropped-TRUUSK.png?fit=2032%2C917&ssl=1","contentUrl":"https:\/\/i0.wp.com\/truusk.store\/wp-content\/uploads\/2026\/03\/cropped-TRUUSK.png?fit=2032%2C917&ssl=1","width":2032,"height":917,"caption":"TRUUSK - Hem, Tr\u00e4dg\u00e5rd & Fritid"},"image":{"@id":"https:\/\/truusk.store\/sv\/#\/schema\/logo\/image\/"}}]}},"jetpack_sharing_enabled":true,"_links":{"self":[{"href":"https:\/\/truusk.store\/sv\/wp-json\/wp\/v2\/product\/82041","targetHints":{"allow":["GET"]}}],"collection":[{"href":"https:\/\/truusk.store\/sv\/wp-json\/wp\/v2\/product"}],"about":[{"href":"https:\/\/truusk.store\/sv\/wp-json\/wp\/v2\/types\/product"}],"wp:featuredmedia":[{"embeddable":true,"href":"https:\/\/truusk.store\/sv\/wp-json\/wp\/v2\/media\/82032"}],"wp:attachment":[{"href":"https:\/\/truusk.store\/sv\/wp-json\/wp\/v2\/media?parent=82041"}],"wp:term":[{"taxonomy":"product_brand","embeddable":true,"href":"https:\/\/truusk.store\/sv\/wp-json\/wp\/v2\/product_brand?post=82041"},{"taxonomy":"product_cat","embeddable":true,"href":"https:\/\/truusk.store\/sv\/wp-json\/wp\/v2\/product_cat?post=82041"},{"taxonomy":"product_tag","embeddable":true,"href":"https:\/\/truusk.store\/sv\/wp-json\/wp\/v2\/product_tag?post=82041"}],"curies":[{"name":"wp","href":"https:\/\/api.w.org\/{rel}","templated":true}]}}