{"id":82051,"date":"2025-07-08T04:49:00","date_gmt":"2025-07-08T03:49:00","guid":{"rendered":"https:\/\/truusk.store\/product\/matstol-ryggstod-i-rotting-sits-i-konstlader-gummitra-naturtra\/"},"modified":"2026-03-12T08:44:35","modified_gmt":"2026-03-12T07:44:35","slug":"truusk-matstol-ryggstod-i-rotting-sits-i-konstlader-gummitra-naturtra","status":"publish","type":"product","link":"https:\/\/truusk.store\/sv\/produkt\/truusk-matstol-ryggstod-i-rotting-sits-i-konstlader-gummitra-naturtra\/","title":{"rendered":"TRUUSK Matstol &#8211; Ryggst\u00f6d i rotting &#8211; Sits i konstl\u00e4der &#8211; Gummitr\u00e4 &#8211; Naturtr\u00e4"},"content":{"rendered":"<p>Upplev en middagsfest d\u00e4r komfort och elegans perfekt f\u00f6renas. TRUUSK matstolen med luftig rottingrygg och l\u00e4ttsk\u00f6tt konstl\u00e4dersits tar slut p\u00e5 bekymmer om fl\u00e4ckar. Tack vare den robusta ramen av gummitr\u00e4 st\u00e5r matstolen stabilt och s\u00e4kert, s\u00e5 att du kan njuta av bekymmersfria timmar med dina g\u00e4ster.<\/p>\n<p>Beskrivning:<\/p>\n<ul>\n<li> Andningsbart rottingrygg ger matstolen stil och komfort<\/li>\n<li> 100% konstl\u00e4dersits \u00e4r vatten- och fl\u00e4ckresistent, l\u00e4tt att reng\u00f6ra<\/li>\n<li> Vadderad sits f\u00f6r bekv\u00e4mt sittande vid matbordet<\/li>\n<li> Massiv ram av gummitr\u00e4 garanterar stabilitet, b\u00e4r upp till 120 kg<\/li>\n<li> Kompakt och armfri: kan l\u00e4tt skjutas under bordet<\/li>\n<li> Halkfria fotdynor skyddar golvet<\/li>\n<li> Enkel montering kr\u00e4vs<\/li>\n<\/ul>\n<p> Tekniska data:<\/p>\n<ul>\n<li> F\u00e4rg: Naturtr\u00e4+Cremevit<\/li>\n<li> Material: Konstl\u00e4der, skum, gummitr\u00e4<\/li>\n<li> Totala dimensioner: 46,5B x 53D x 85H cm<\/li>\n<li> Sitsstorlek: 46,5B x 43,5D x 45H cm<\/li>\n<li> Ryggst\u00f6dsdimension: 44B x 42H cm<\/li>\n<li> Maximal belastning: 120 kg<\/li>\n<\/ul>\n<p>Leveransinneh\u00e5ll:<\/p>\n<ul>\n<li> 1 x Matstol<\/li>\n<li> 1 x Bruksanvisning<\/li>\n<\/ul>\n","protected":false},"excerpt":{"rendered":"<p>Upplev en middagsfest d\u00e4r komfort och elegans perfekt f\u00f6renas. TRUUSK matstolen med luftig rottingrygg och l\u00e4ttsk\u00f6tt konstl\u00e4dersits tar slut p\u00e5&#8230;<\/p>\n","protected":false},"featured_media":82042,"template":"","meta":[],"product_brand":[],"product_cat":[871,889,518],"product_tag":[],"class_list":{"0":"post-82051","1":"product","2":"type-product","3":"status-publish","4":"has-post-thumbnail","6":"product_cat-hus-hem","7":"product_cat-kok-matsal","8":"product_cat-matsalsstolar","10":"first","11":"instock","12":"sale","13":"taxable","14":"shipping-taxable","15":"purchasable","16":"product-type-simple"},"yoast_head":"<!-- This site is optimized with the Yoast SEO plugin v25.4 - https:\/\/yoast.com\/wordpress\/plugins\/seo\/ -->\n<title>TRUUSK Matstol - Ryggst\u00f6d i rotting - Sits i konstl\u00e4der - Gummitr\u00e4 - Naturtr\u00e4 - TRUUSK - Hem, Tr\u00e4dg\u00e5rd &amp; Fritid<\/title>\n<meta name=\"robots\" content=\"index, follow, max-snippet:-1, max-image-preview:large, max-video-preview:-1\" \/>\n<link rel=\"canonical\" href=\"https:\/\/truusk.store\/sv\/produkt\/truusk-matstol-ryggstod-i-rotting-sits-i-konstlader-gummitra-naturtra\/\" \/>\n<meta property=\"og:locale\" content=\"sv_SE\" \/>\n<meta property=\"og:type\" content=\"article\" \/>\n<meta property=\"og:title\" content=\"TRUUSK Matstol - Ryggst\u00f6d i rotting - Sits i konstl\u00e4der - Gummitr\u00e4 - Naturtr\u00e4 - TRUUSK - Hem, Tr\u00e4dg\u00e5rd &amp; Fritid\" \/>\n<meta property=\"og:description\" content=\"Upplev en middagsfest d\u00e4r komfort och elegans perfekt f\u00f6renas. TRUUSK matstolen med luftig rottingrygg och l\u00e4ttsk\u00f6tt konstl\u00e4dersits tar slut p\u00e5...\" \/>\n<meta property=\"og:url\" content=\"https:\/\/truusk.store\/sv\/produkt\/truusk-matstol-ryggstod-i-rotting-sits-i-konstlader-gummitra-naturtra\/\" \/>\n<meta property=\"og:site_name\" content=\"TRUUSK - Hem, Tr\u00e4dg\u00e5rd &amp; Fritid\" \/>\n<meta property=\"article:modified_time\" content=\"2026-03-12T07:44:35+00:00\" \/>\n<meta property=\"og:image\" content=\"https:\/\/i0.wp.com\/truusk.se\/wp-content\/uploads\/2025\/07\/matstol-ryggstod-i-rotting-sits-i-konstlader-gummitra-naturtra-1.webp?fit=2000%2C2000&ssl=1\" \/>\n\t<meta property=\"og:image:width\" content=\"2000\" \/>\n\t<meta property=\"og:image:height\" content=\"2000\" \/>\n\t<meta property=\"og:image:type\" content=\"image\/webp\" \/>\n<meta name=\"twitter:card\" content=\"summary_large_image\" \/>\n<meta name=\"twitter:label1\" content=\"Ber\u00e4knad l\u00e4stid\" \/>\n\t<meta name=\"twitter:data1\" content=\"1 minut\" \/>\n<!-- \/ Yoast SEO plugin. -->","yoast_head_json":{"title":"TRUUSK Matstol - Ryggst\u00f6d i rotting - Sits i konstl\u00e4der - Gummitr\u00e4 - Naturtr\u00e4 - TRUUSK - Hem, Tr\u00e4dg\u00e5rd &amp; Fritid","robots":{"index":"index","follow":"follow","max-snippet":"max-snippet:-1","max-image-preview":"max-image-preview:large","max-video-preview":"max-video-preview:-1"},"canonical":"https:\/\/truusk.store\/sv\/produkt\/truusk-matstol-ryggstod-i-rotting-sits-i-konstlader-gummitra-naturtra\/","og_locale":"sv_SE","og_type":"article","og_title":"TRUUSK Matstol - Ryggst\u00f6d i rotting - Sits i konstl\u00e4der - Gummitr\u00e4 - Naturtr\u00e4 - TRUUSK - Hem, Tr\u00e4dg\u00e5rd &amp; Fritid","og_description":"Upplev en middagsfest d\u00e4r komfort och elegans perfekt f\u00f6renas. TRUUSK matstolen med luftig rottingrygg och l\u00e4ttsk\u00f6tt konstl\u00e4dersits tar slut p\u00e5...","og_url":"https:\/\/truusk.store\/sv\/produkt\/truusk-matstol-ryggstod-i-rotting-sits-i-konstlader-gummitra-naturtra\/","og_site_name":"TRUUSK - Hem, Tr\u00e4dg\u00e5rd &amp; Fritid","article_modified_time":"2026-03-12T07:44:35+00:00","og_image":[{"width":2000,"height":2000,"url":"https:\/\/i0.wp.com\/truusk.se\/wp-content\/uploads\/2025\/07\/matstol-ryggstod-i-rotting-sits-i-konstlader-gummitra-naturtra-1.webp?fit=2000%2C2000&ssl=1","type":"image\/webp"}],"twitter_card":"summary_large_image","twitter_misc":{"Ber\u00e4knad l\u00e4stid":"1 minut"},"schema":{"@context":"https:\/\/schema.org","@graph":[{"@type":"WebPage","@id":"https:\/\/truusk.store\/sv\/produkt\/truusk-matstol-ryggstod-i-rotting-sits-i-konstlader-gummitra-naturtra\/","url":"https:\/\/truusk.store\/sv\/produkt\/truusk-matstol-ryggstod-i-rotting-sits-i-konstlader-gummitra-naturtra\/","name":"TRUUSK Matstol - Ryggst\u00f6d i rotting - Sits i konstl\u00e4der - Gummitr\u00e4 - Naturtr\u00e4 - TRUUSK - Hem, Tr\u00e4dg\u00e5rd &amp; Fritid","isPartOf":{"@id":"https:\/\/truusk.store\/sv\/#website"},"primaryImageOfPage":{"@id":"https:\/\/truusk.store\/sv\/produkt\/truusk-matstol-ryggstod-i-rotting-sits-i-konstlader-gummitra-naturtra\/#primaryimage"},"image":{"@id":"https:\/\/truusk.store\/sv\/produkt\/truusk-matstol-ryggstod-i-rotting-sits-i-konstlader-gummitra-naturtra\/#primaryimage"},"thumbnailUrl":"https:\/\/i0.wp.com\/truusk.store\/wp-content\/uploads\/2025\/07\/matstol-ryggstod-i-rotting-sits-i-konstlader-gummitra-naturtra-1.webp?fit=2000%2C2000&ssl=1","datePublished":"2025-07-08T03:49:00+00:00","dateModified":"2026-03-12T07:44:35+00:00","breadcrumb":{"@id":"https:\/\/truusk.store\/sv\/produkt\/truusk-matstol-ryggstod-i-rotting-sits-i-konstlader-gummitra-naturtra\/#breadcrumb"},"inLanguage":"sv-SE","potentialAction":[{"@type":"ReadAction","target":["https:\/\/truusk.store\/sv\/produkt\/truusk-matstol-ryggstod-i-rotting-sits-i-konstlader-gummitra-naturtra\/"]}]},{"@type":"ImageObject","inLanguage":"sv-SE","@id":"https:\/\/truusk.store\/sv\/produkt\/truusk-matstol-ryggstod-i-rotting-sits-i-konstlader-gummitra-naturtra\/#primaryimage","url":"https:\/\/i0.wp.com\/truusk.store\/wp-content\/uploads\/2025\/07\/matstol-ryggstod-i-rotting-sits-i-konstlader-gummitra-naturtra-1.webp?fit=2000%2C2000&ssl=1","contentUrl":"https:\/\/i0.wp.com\/truusk.store\/wp-content\/uploads\/2025\/07\/matstol-ryggstod-i-rotting-sits-i-konstlader-gummitra-naturtra-1.webp?fit=2000%2C2000&ssl=1","width":2000,"height":2000},{"@type":"BreadcrumbList","@id":"https:\/\/truusk.store\/sv\/produkt\/truusk-matstol-ryggstod-i-rotting-sits-i-konstlader-gummitra-naturtra\/#breadcrumb","itemListElement":[{"@type":"ListItem","position":1,"name":"Home","item":"https:\/\/truusk.store\/sv\/"},{"@type":"ListItem","position":2,"name":"Shop","item":"https:\/\/truusk.store\/shop\/"},{"@type":"ListItem","position":3,"name":"TRUUSK Matstol &#8211; Ryggst\u00f6d i rotting &#8211; Sits i konstl\u00e4der &#8211; Gummitr\u00e4 &#8211; Naturtr\u00e4"}]},{"@type":"WebSite","@id":"https:\/\/truusk.store\/sv\/#website","url":"https:\/\/truusk.store\/sv\/","name":"TRUUSK - Hem, Tr\u00e4dg\u00e5rd & Fritid","description":"","publisher":{"@id":"https:\/\/truusk.store\/sv\/#organization"},"potentialAction":[{"@type":"SearchAction","target":{"@type":"EntryPoint","urlTemplate":"https:\/\/truusk.store\/sv\/?s={search_term_string}"},"query-input":{"@type":"PropertyValueSpecification","valueRequired":true,"valueName":"search_term_string"}}],"inLanguage":"sv-SE"},{"@type":"Organization","@id":"https:\/\/truusk.store\/sv\/#organization","name":"TRUUSK - Hem, Tr\u00e4dg\u00e5rd & Fritid","url":"https:\/\/truusk.store\/sv\/","logo":{"@type":"ImageObject","inLanguage":"sv-SE","@id":"https:\/\/truusk.store\/sv\/#\/schema\/logo\/image\/","url":"https:\/\/i0.wp.com\/truusk.store\/wp-content\/uploads\/2026\/03\/cropped-TRUUSK.png?fit=2032%2C917&ssl=1","contentUrl":"https:\/\/i0.wp.com\/truusk.store\/wp-content\/uploads\/2026\/03\/cropped-TRUUSK.png?fit=2032%2C917&ssl=1","width":2032,"height":917,"caption":"TRUUSK - Hem, Tr\u00e4dg\u00e5rd & Fritid"},"image":{"@id":"https:\/\/truusk.store\/sv\/#\/schema\/logo\/image\/"}}]}},"jetpack_sharing_enabled":true,"_links":{"self":[{"href":"https:\/\/truusk.store\/sv\/wp-json\/wp\/v2\/product\/82051","targetHints":{"allow":["GET"]}}],"collection":[{"href":"https:\/\/truusk.store\/sv\/wp-json\/wp\/v2\/product"}],"about":[{"href":"https:\/\/truusk.store\/sv\/wp-json\/wp\/v2\/types\/product"}],"wp:featuredmedia":[{"embeddable":true,"href":"https:\/\/truusk.store\/sv\/wp-json\/wp\/v2\/media\/82042"}],"wp:attachment":[{"href":"https:\/\/truusk.store\/sv\/wp-json\/wp\/v2\/media?parent=82051"}],"wp:term":[{"taxonomy":"product_brand","embeddable":true,"href":"https:\/\/truusk.store\/sv\/wp-json\/wp\/v2\/product_brand?post=82051"},{"taxonomy":"product_cat","embeddable":true,"href":"https:\/\/truusk.store\/sv\/wp-json\/wp\/v2\/product_cat?post=82051"},{"taxonomy":"product_tag","embeddable":true,"href":"https:\/\/truusk.store\/sv\/wp-json\/wp\/v2\/product_tag?post=82051"}],"curies":[{"name":"wp","href":"https:\/\/api.w.org\/{rel}","templated":true}]}}