{"id":82078,"date":"2025-07-08T04:51:27","date_gmt":"2025-07-08T03:51:27","guid":{"rendered":"https:\/\/truusk.store\/product\/kladselstol-med-baddfunktion-2-i-1-design-sovstol-gastsang-tygoverdrag-med-kudde-bla\/"},"modified":"2026-03-12T08:44:42","modified_gmt":"2026-03-12T07:44:42","slug":"truusk-kladselstol-med-baddfunktion-2-i-1-design-sovstol-gastsang-tygoverdrag-med-kudde-bla","status":"publish","type":"product","link":"https:\/\/truusk.store\/sv\/produkt\/truusk-kladselstol-med-baddfunktion-2-i-1-design-sovstol-gastsang-tygoverdrag-med-kudde-bla\/","title":{"rendered":"TRUUSK Kl\u00e4dselstol Med B\u00e4ddfunktion &#8211; 2-i-1 Design &#8211; Sovstol &#8211; G\u00e4sts\u00e4ng &#8211; Tyg\u00f6verdrag &#8211; Med Kudde &#8211; Bl\u00e5"},"content":{"rendered":"<p>En enkel klick-klack-mekanism f\u00f6rvandlar denna TRUUSK-stol med sovfunktion till en enkels\u00e4ng, perfekt f\u00f6r g\u00e4ster. Den femfaldigt justerbara sovstolen erbjuder upp till 180\u00b0 individuell komfort. Den tjocka, t\u00e4ta skummet och den andningsbara sammetsliknande kl\u00e4dseln p\u00e5 s\u00e4ngstolen ger avkoppling i alla l\u00e4gen. Tack vare den kompakta designen passar den \u00e4ven f\u00f6r sm\u00e5 rum!<\/p>\n<p>Beskrivning:<\/p>\n<ul>\n<li> Den dubbla designen p\u00e5 s\u00e4ngstolen kan enkelt omvandlas mellan s\u00e4ng och stol med klick-klack-mekanismen<\/li>\n<li> Femstegs justerbara rygginst\u00e4llningar upp till 180\u00b0, f\u00f6r individuell komfort<\/li>\n<li> 20 cm tjock sits med andningsbar, mjuk kl\u00e4dsel<\/li>\n<li> Ett tv\u00e4ttbart kudde p\u00e5 sovstolen \u00f6kar komforten vid l\u00e5ngvarig anv\u00e4ndning<\/li>\n<li> Robust metallram med justerbara f\u00f6tter p\u00e5 sovstolen garanterar stabilitet<\/li>\n<li> L\u00e4mplig f\u00f6r hemmakontoret, vardagsrummet eller g\u00e4strummet<\/li>\n<li> Montering kr\u00e4vs<\/li>\n<\/ul>\n<p> Tekniska data:<\/p>\n<ul>\n<li> F\u00e4rg: Bl\u00e5<\/li>\n<li> Material: Sammet (100 % polyester), skum, metall<\/li>\n<li> Stolens dimensioner: 80L x 75B x 83H cm<\/li>\n<li> S\u00e4ngens dimensioner: 190L x 80B x 28H cm<\/li>\n<li> Sitsstorlek: 80B x 60T cm<\/li>\n<li> Sitth\u00f6jd: 38 cm<\/li>\n<li> Tjocklek: 20 cm (sits), 9 cm (rygg)<\/li>\n<li> B\u00e4rkapacitet: 120 kg<\/li>\n<\/ul>\n<p>Leveransinneh\u00e5ll:<\/p>\n<ul>\n<li> 1 x viks\u00e4ng<\/li>\n<li> 1 x kudde<\/li>\n<li> 1 x bruksanvisning<\/li>\n<\/ul>\n","protected":false},"excerpt":{"rendered":"<p>En enkel klick-klack-mekanism f\u00f6rvandlar denna TRUUSK-stol med sovfunktion till en enkels\u00e4ng, perfekt f\u00f6r g\u00e4ster. Den femfaldigt justerbara sovstolen erbjuder upp&#8230;<\/p>\n","protected":false},"featured_media":82069,"template":"","meta":[],"product_brand":[],"product_cat":[521,871,951,910],"product_tag":[],"class_list":{"0":"post-82078","1":"product","2":"type-product","3":"status-publish","4":"has-post-thumbnail","6":"product_cat-fatolj","7":"product_cat-hus-hem","8":"product_cat-schlafsessel","9":"product_cat-vardagsrum","11":"first","12":"instock","13":"sale","14":"taxable","15":"shipping-taxable","16":"purchasable","17":"product-type-simple"},"yoast_head":"<!-- This site is optimized with the Yoast SEO plugin v25.4 - https:\/\/yoast.com\/wordpress\/plugins\/seo\/ -->\n<title>TRUUSK Kl\u00e4dselstol Med B\u00e4ddfunktion - 2-i-1 Design - Sovstol - G\u00e4sts\u00e4ng - Tyg\u00f6verdrag - Med Kudde - Bl\u00e5 - TRUUSK - Hem, Tr\u00e4dg\u00e5rd &amp; Fritid<\/title>\n<meta name=\"robots\" content=\"index, follow, max-snippet:-1, max-image-preview:large, max-video-preview:-1\" \/>\n<link rel=\"canonical\" href=\"https:\/\/truusk.store\/sv\/produkt\/truusk-kladselstol-med-baddfunktion-2-i-1-design-sovstol-gastsang-tygoverdrag-med-kudde-bla\/\" \/>\n<meta property=\"og:locale\" content=\"sv_SE\" \/>\n<meta property=\"og:type\" content=\"article\" \/>\n<meta property=\"og:title\" content=\"TRUUSK Kl\u00e4dselstol Med B\u00e4ddfunktion - 2-i-1 Design - Sovstol - G\u00e4sts\u00e4ng - Tyg\u00f6verdrag - Med Kudde - Bl\u00e5 - TRUUSK - Hem, Tr\u00e4dg\u00e5rd &amp; Fritid\" \/>\n<meta property=\"og:description\" content=\"En enkel klick-klack-mekanism f\u00f6rvandlar denna TRUUSK-stol med sovfunktion till en enkels\u00e4ng, perfekt f\u00f6r g\u00e4ster. Den femfaldigt justerbara sovstolen erbjuder upp...\" \/>\n<meta property=\"og:url\" content=\"https:\/\/truusk.store\/sv\/produkt\/truusk-kladselstol-med-baddfunktion-2-i-1-design-sovstol-gastsang-tygoverdrag-med-kudde-bla\/\" \/>\n<meta property=\"og:site_name\" content=\"TRUUSK - Hem, Tr\u00e4dg\u00e5rd &amp; Fritid\" \/>\n<meta property=\"article:modified_time\" content=\"2026-03-12T07:44:42+00:00\" \/>\n<meta property=\"og:image\" content=\"https:\/\/i0.wp.com\/truusk.se\/wp-content\/uploads\/2025\/07\/kladselstol-med-baddfunktion-2-i-1-design-sovstol-gastsang-tygoverdrag-med-kudde-bla-1.webp?fit=2000%2C2000&ssl=1\" \/>\n\t<meta property=\"og:image:width\" content=\"2000\" \/>\n\t<meta property=\"og:image:height\" content=\"2000\" \/>\n\t<meta property=\"og:image:type\" content=\"image\/webp\" \/>\n<meta name=\"twitter:card\" content=\"summary_large_image\" \/>\n<meta name=\"twitter:label1\" content=\"Ber\u00e4knad l\u00e4stid\" \/>\n\t<meta name=\"twitter:data1\" content=\"1 minut\" \/>\n<!-- \/ Yoast SEO plugin. -->","yoast_head_json":{"title":"TRUUSK Kl\u00e4dselstol Med B\u00e4ddfunktion - 2-i-1 Design - Sovstol - G\u00e4sts\u00e4ng - Tyg\u00f6verdrag - Med Kudde - Bl\u00e5 - TRUUSK - Hem, Tr\u00e4dg\u00e5rd &amp; Fritid","robots":{"index":"index","follow":"follow","max-snippet":"max-snippet:-1","max-image-preview":"max-image-preview:large","max-video-preview":"max-video-preview:-1"},"canonical":"https:\/\/truusk.store\/sv\/produkt\/truusk-kladselstol-med-baddfunktion-2-i-1-design-sovstol-gastsang-tygoverdrag-med-kudde-bla\/","og_locale":"sv_SE","og_type":"article","og_title":"TRUUSK Kl\u00e4dselstol Med B\u00e4ddfunktion - 2-i-1 Design - Sovstol - G\u00e4sts\u00e4ng - Tyg\u00f6verdrag - Med Kudde - Bl\u00e5 - TRUUSK - Hem, Tr\u00e4dg\u00e5rd &amp; Fritid","og_description":"En enkel klick-klack-mekanism f\u00f6rvandlar denna TRUUSK-stol med sovfunktion till en enkels\u00e4ng, perfekt f\u00f6r g\u00e4ster. Den femfaldigt justerbara sovstolen erbjuder upp...","og_url":"https:\/\/truusk.store\/sv\/produkt\/truusk-kladselstol-med-baddfunktion-2-i-1-design-sovstol-gastsang-tygoverdrag-med-kudde-bla\/","og_site_name":"TRUUSK - Hem, Tr\u00e4dg\u00e5rd &amp; Fritid","article_modified_time":"2026-03-12T07:44:42+00:00","og_image":[{"width":2000,"height":2000,"url":"https:\/\/i0.wp.com\/truusk.se\/wp-content\/uploads\/2025\/07\/kladselstol-med-baddfunktion-2-i-1-design-sovstol-gastsang-tygoverdrag-med-kudde-bla-1.webp?fit=2000%2C2000&ssl=1","type":"image\/webp"}],"twitter_card":"summary_large_image","twitter_misc":{"Ber\u00e4knad l\u00e4stid":"1 minut"},"schema":{"@context":"https:\/\/schema.org","@graph":[{"@type":"WebPage","@id":"https:\/\/truusk.store\/sv\/produkt\/truusk-kladselstol-med-baddfunktion-2-i-1-design-sovstol-gastsang-tygoverdrag-med-kudde-bla\/","url":"https:\/\/truusk.store\/sv\/produkt\/truusk-kladselstol-med-baddfunktion-2-i-1-design-sovstol-gastsang-tygoverdrag-med-kudde-bla\/","name":"TRUUSK Kl\u00e4dselstol Med B\u00e4ddfunktion - 2-i-1 Design - Sovstol - G\u00e4sts\u00e4ng - Tyg\u00f6verdrag - Med Kudde - Bl\u00e5 - TRUUSK - Hem, Tr\u00e4dg\u00e5rd &amp; Fritid","isPartOf":{"@id":"https:\/\/truusk.store\/sv\/#website"},"primaryImageOfPage":{"@id":"https:\/\/truusk.store\/sv\/produkt\/truusk-kladselstol-med-baddfunktion-2-i-1-design-sovstol-gastsang-tygoverdrag-med-kudde-bla\/#primaryimage"},"image":{"@id":"https:\/\/truusk.store\/sv\/produkt\/truusk-kladselstol-med-baddfunktion-2-i-1-design-sovstol-gastsang-tygoverdrag-med-kudde-bla\/#primaryimage"},"thumbnailUrl":"https:\/\/i0.wp.com\/truusk.store\/wp-content\/uploads\/2025\/07\/kladselstol-med-baddfunktion-2-i-1-design-sovstol-gastsang-tygoverdrag-med-kudde-bla-1.webp?fit=2000%2C2000&ssl=1","datePublished":"2025-07-08T03:51:27+00:00","dateModified":"2026-03-12T07:44:42+00:00","breadcrumb":{"@id":"https:\/\/truusk.store\/sv\/produkt\/truusk-kladselstol-med-baddfunktion-2-i-1-design-sovstol-gastsang-tygoverdrag-med-kudde-bla\/#breadcrumb"},"inLanguage":"sv-SE","potentialAction":[{"@type":"ReadAction","target":["https:\/\/truusk.store\/sv\/produkt\/truusk-kladselstol-med-baddfunktion-2-i-1-design-sovstol-gastsang-tygoverdrag-med-kudde-bla\/"]}]},{"@type":"ImageObject","inLanguage":"sv-SE","@id":"https:\/\/truusk.store\/sv\/produkt\/truusk-kladselstol-med-baddfunktion-2-i-1-design-sovstol-gastsang-tygoverdrag-med-kudde-bla\/#primaryimage","url":"https:\/\/i0.wp.com\/truusk.store\/wp-content\/uploads\/2025\/07\/kladselstol-med-baddfunktion-2-i-1-design-sovstol-gastsang-tygoverdrag-med-kudde-bla-1.webp?fit=2000%2C2000&ssl=1","contentUrl":"https:\/\/i0.wp.com\/truusk.store\/wp-content\/uploads\/2025\/07\/kladselstol-med-baddfunktion-2-i-1-design-sovstol-gastsang-tygoverdrag-med-kudde-bla-1.webp?fit=2000%2C2000&ssl=1","width":2000,"height":2000},{"@type":"BreadcrumbList","@id":"https:\/\/truusk.store\/sv\/produkt\/truusk-kladselstol-med-baddfunktion-2-i-1-design-sovstol-gastsang-tygoverdrag-med-kudde-bla\/#breadcrumb","itemListElement":[{"@type":"ListItem","position":1,"name":"Home","item":"https:\/\/truusk.store\/sv\/"},{"@type":"ListItem","position":2,"name":"Shop","item":"https:\/\/truusk.store\/shop\/"},{"@type":"ListItem","position":3,"name":"TRUUSK Kl\u00e4dselstol Med B\u00e4ddfunktion &#8211; 2-i-1 Design &#8211; Sovstol &#8211; G\u00e4sts\u00e4ng &#8211; Tyg\u00f6verdrag &#8211; Med Kudde &#8211; Bl\u00e5"}]},{"@type":"WebSite","@id":"https:\/\/truusk.store\/sv\/#website","url":"https:\/\/truusk.store\/sv\/","name":"TRUUSK - Hem, Tr\u00e4dg\u00e5rd & Fritid","description":"","publisher":{"@id":"https:\/\/truusk.store\/sv\/#organization"},"potentialAction":[{"@type":"SearchAction","target":{"@type":"EntryPoint","urlTemplate":"https:\/\/truusk.store\/sv\/?s={search_term_string}"},"query-input":{"@type":"PropertyValueSpecification","valueRequired":true,"valueName":"search_term_string"}}],"inLanguage":"sv-SE"},{"@type":"Organization","@id":"https:\/\/truusk.store\/sv\/#organization","name":"TRUUSK - Hem, Tr\u00e4dg\u00e5rd & Fritid","url":"https:\/\/truusk.store\/sv\/","logo":{"@type":"ImageObject","inLanguage":"sv-SE","@id":"https:\/\/truusk.store\/sv\/#\/schema\/logo\/image\/","url":"https:\/\/i0.wp.com\/truusk.store\/wp-content\/uploads\/2026\/03\/cropped-TRUUSK.png?fit=2032%2C917&ssl=1","contentUrl":"https:\/\/i0.wp.com\/truusk.store\/wp-content\/uploads\/2026\/03\/cropped-TRUUSK.png?fit=2032%2C917&ssl=1","width":2032,"height":917,"caption":"TRUUSK - Hem, Tr\u00e4dg\u00e5rd & Fritid"},"image":{"@id":"https:\/\/truusk.store\/sv\/#\/schema\/logo\/image\/"}}]}},"jetpack_sharing_enabled":true,"_links":{"self":[{"href":"https:\/\/truusk.store\/sv\/wp-json\/wp\/v2\/product\/82078","targetHints":{"allow":["GET"]}}],"collection":[{"href":"https:\/\/truusk.store\/sv\/wp-json\/wp\/v2\/product"}],"about":[{"href":"https:\/\/truusk.store\/sv\/wp-json\/wp\/v2\/types\/product"}],"wp:featuredmedia":[{"embeddable":true,"href":"https:\/\/truusk.store\/sv\/wp-json\/wp\/v2\/media\/82069"}],"wp:attachment":[{"href":"https:\/\/truusk.store\/sv\/wp-json\/wp\/v2\/media?parent=82078"}],"wp:term":[{"taxonomy":"product_brand","embeddable":true,"href":"https:\/\/truusk.store\/sv\/wp-json\/wp\/v2\/product_brand?post=82078"},{"taxonomy":"product_cat","embeddable":true,"href":"https:\/\/truusk.store\/sv\/wp-json\/wp\/v2\/product_cat?post=82078"},{"taxonomy":"product_tag","embeddable":true,"href":"https:\/\/truusk.store\/sv\/wp-json\/wp\/v2\/product_tag?post=82078"}],"curies":[{"name":"wp","href":"https:\/\/api.w.org\/{rel}","templated":true}]}}