{"id":82118,"date":"2025-07-08T04:55:26","date_gmt":"2025-07-08T03:55:26","guid":{"rendered":"https:\/\/truusk.store\/product\/konsolbord-sidobord-med-3-stegs-hylla-spanskiva-metall-ljusbrun\/"},"modified":"2026-03-12T08:44:46","modified_gmt":"2026-03-12T07:44:46","slug":"truusk-konsolbord-sidobord-med-3-stegs-hylla-ljusbrun-spanskiva-metall-stilrent-design-perfekt-for-hemmet","status":"publish","type":"product","link":"https:\/\/truusk.store\/sv\/produkt\/truusk-konsolbord-sidobord-med-3-stegs-hylla-ljusbrun-spanskiva-metall-stilrent-design-perfekt-for-hemmet\/","title":{"rendered":"TRUUSK Konsolbord &#8211; Sidobord med 3-stegs hylla &#8211; Ljusbrun &#8211; Sp\u00e5nskiva &#8211; Metall &#8211; Stilrent design &#8211; Perfekt f\u00f6r hemmet"},"content":{"rendered":"<p>Nycklar, brev och dagligt kaos vid din d\u00f6rr kan skapa oordning. TRUUSK konsolbordet skapar en lugnande atmosf\u00e4r med sin svarta industriella ram och rustika bruna paneler. Tre niv\u00e5er erbjuder gott om lagringsutrymme och underl\u00e4ttar organiseringen av hallen eller vardagsrummet. Den l\u00e4ttsk\u00f6tta konstruktionen av hallbordet i sp\u00e5nskiva och metall g\u00f6r detta hallbord till ett h\u00e5llbart och praktiskt val f\u00f6r aktiva hush\u00e5ll.<\/p>\n<p>Beskrivning:<\/p>\n<ul>\n<li> Det industriella designen av h\u00f6gbordet passar s\u00f6ml\u00f6st in i alla entr\u00e9er<\/li>\n<li> 3-stegs \u00f6ppen hylla h\u00e5ller b\u00f6cker, v\u00e4xter och dekorationer l\u00e4tt synliga och tillg\u00e4ngliga<\/li>\n<li> Justerbara f\u00f6tter p\u00e5 konsolbordet garanterar att ditt konsolbord st\u00e5r stabilt p\u00e5 oj\u00e4mna golv<\/li>\n<li> Tipp-skyddsremmar ger extra s\u00e4kerhet f\u00f6r familjer hemma<\/li>\n<li> Tillf\u00f6rlitlig sp\u00e5nskiva- och metallkonstruktion erbjuder l\u00e5ngvarig anv\u00e4ndning i vardagen<\/li>\n<li> L\u00e4tt att reng\u00f6ra ytor g\u00f6r detta hallbord idealiskt f\u00f6r en upptagen livsstil<\/li>\n<li> M\u00e5ngsidigt anv\u00e4ndbart f\u00f6r organisering av hall, sovrum eller vardagsrum<\/li>\n<li> Montering kr\u00e4vs<\/li>\n<\/ul>\n<p> Tekniska data:<\/p>\n<ul>\n<li> F\u00e4rg: Rustik brun+svart<\/li>\n<li> Material: Sp\u00e5nskiva, metall<\/li>\n<li> Totala dimensioner: 101B x 35T x 80H cm<\/li>\n<li> Hyllstorlek: 100B x 34T x 30,2H cm<\/li>\n<li> Golvh\u00f6jd fr\u00e5n golvet: 10,2 cm<\/li>\n<li> Maximal belastning: 5 kg (per niv\u00e5), 15 kg (totalt)<\/li>\n<\/ul>\n<p>Leveransinneh\u00e5ll:<\/p>\n<ul>\n<li> 1 x Konsolbord<\/li>\n<li> 1 x Bruksanvisning<\/li>\n<\/ul>\n","protected":false},"excerpt":{"rendered":"<p>Nycklar, brev och dagligt kaos vid din d\u00f6rr kan skapa oordning. TRUUSK konsolbordet skapar en lugnande atmosf\u00e4r med sin svarta&#8230;<\/p>\n","protected":false},"featured_media":82109,"template":"","meta":[],"product_brand":[],"product_cat":[986,871,514],"product_tag":[],"class_list":{"0":"post-82118","1":"product","2":"type-product","3":"status-publish","4":"has-post-thumbnail","6":"product_cat-garderob-korridor","7":"product_cat-hus-hem","8":"product_cat-konsolbord","10":"first","11":"instock","12":"sale","13":"taxable","14":"shipping-taxable","15":"purchasable","16":"product-type-simple"},"yoast_head":"<!-- This site is optimized with the Yoast SEO plugin v25.4 - https:\/\/yoast.com\/wordpress\/plugins\/seo\/ -->\n<title>TRUUSK Konsolbord - Sidobord med 3-stegs hylla - Ljusbrun - Sp\u00e5nskiva - Metall - Stilrent design - Perfekt f\u00f6r hemmet - TRUUSK - Hem, Tr\u00e4dg\u00e5rd &amp; Fritid<\/title>\n<meta name=\"robots\" content=\"index, follow, max-snippet:-1, max-image-preview:large, max-video-preview:-1\" \/>\n<link rel=\"canonical\" href=\"https:\/\/truusk.store\/sv\/produkt\/truusk-konsolbord-sidobord-med-3-stegs-hylla-ljusbrun-spanskiva-metall-stilrent-design-perfekt-for-hemmet\/\" \/>\n<meta property=\"og:locale\" content=\"sv_SE\" \/>\n<meta property=\"og:type\" content=\"article\" \/>\n<meta property=\"og:title\" content=\"TRUUSK Konsolbord - Sidobord med 3-stegs hylla - Ljusbrun - Sp\u00e5nskiva - Metall - Stilrent design - Perfekt f\u00f6r hemmet - TRUUSK - Hem, Tr\u00e4dg\u00e5rd &amp; Fritid\" \/>\n<meta property=\"og:description\" content=\"Nycklar, brev och dagligt kaos vid din d\u00f6rr kan skapa oordning. TRUUSK konsolbordet skapar en lugnande atmosf\u00e4r med sin svarta...\" \/>\n<meta property=\"og:url\" content=\"https:\/\/truusk.store\/sv\/produkt\/truusk-konsolbord-sidobord-med-3-stegs-hylla-ljusbrun-spanskiva-metall-stilrent-design-perfekt-for-hemmet\/\" \/>\n<meta property=\"og:site_name\" content=\"TRUUSK - Hem, Tr\u00e4dg\u00e5rd &amp; Fritid\" \/>\n<meta property=\"article:modified_time\" content=\"2026-03-12T07:44:46+00:00\" \/>\n<meta property=\"og:image\" content=\"https:\/\/i0.wp.com\/truusk.se\/wp-content\/uploads\/2025\/07\/konsolbord-sidobord-med-3-stegs-hylla-spanskiva-metall-ljusbrun-1.webp?fit=2000%2C2000&ssl=1\" \/>\n\t<meta property=\"og:image:width\" content=\"2000\" \/>\n\t<meta property=\"og:image:height\" content=\"2000\" \/>\n\t<meta property=\"og:image:type\" content=\"image\/webp\" \/>\n<meta name=\"twitter:card\" content=\"summary_large_image\" \/>\n<meta name=\"twitter:label1\" content=\"Ber\u00e4knad l\u00e4stid\" \/>\n\t<meta name=\"twitter:data1\" content=\"1 minut\" \/>\n<!-- \/ Yoast SEO plugin. -->","yoast_head_json":{"title":"TRUUSK Konsolbord - Sidobord med 3-stegs hylla - Ljusbrun - Sp\u00e5nskiva - Metall - Stilrent design - Perfekt f\u00f6r hemmet - TRUUSK - Hem, Tr\u00e4dg\u00e5rd &amp; Fritid","robots":{"index":"index","follow":"follow","max-snippet":"max-snippet:-1","max-image-preview":"max-image-preview:large","max-video-preview":"max-video-preview:-1"},"canonical":"https:\/\/truusk.store\/sv\/produkt\/truusk-konsolbord-sidobord-med-3-stegs-hylla-ljusbrun-spanskiva-metall-stilrent-design-perfekt-for-hemmet\/","og_locale":"sv_SE","og_type":"article","og_title":"TRUUSK Konsolbord - Sidobord med 3-stegs hylla - Ljusbrun - Sp\u00e5nskiva - Metall - Stilrent design - Perfekt f\u00f6r hemmet - TRUUSK - Hem, Tr\u00e4dg\u00e5rd &amp; Fritid","og_description":"Nycklar, brev och dagligt kaos vid din d\u00f6rr kan skapa oordning. TRUUSK konsolbordet skapar en lugnande atmosf\u00e4r med sin svarta...","og_url":"https:\/\/truusk.store\/sv\/produkt\/truusk-konsolbord-sidobord-med-3-stegs-hylla-ljusbrun-spanskiva-metall-stilrent-design-perfekt-for-hemmet\/","og_site_name":"TRUUSK - Hem, Tr\u00e4dg\u00e5rd &amp; Fritid","article_modified_time":"2026-03-12T07:44:46+00:00","og_image":[{"width":2000,"height":2000,"url":"https:\/\/i0.wp.com\/truusk.se\/wp-content\/uploads\/2025\/07\/konsolbord-sidobord-med-3-stegs-hylla-spanskiva-metall-ljusbrun-1.webp?fit=2000%2C2000&ssl=1","type":"image\/webp"}],"twitter_card":"summary_large_image","twitter_misc":{"Ber\u00e4knad l\u00e4stid":"1 minut"},"schema":{"@context":"https:\/\/schema.org","@graph":[{"@type":"WebPage","@id":"https:\/\/truusk.store\/sv\/produkt\/truusk-konsolbord-sidobord-med-3-stegs-hylla-ljusbrun-spanskiva-metall-stilrent-design-perfekt-for-hemmet\/","url":"https:\/\/truusk.store\/sv\/produkt\/truusk-konsolbord-sidobord-med-3-stegs-hylla-ljusbrun-spanskiva-metall-stilrent-design-perfekt-for-hemmet\/","name":"TRUUSK Konsolbord - Sidobord med 3-stegs hylla - Ljusbrun - Sp\u00e5nskiva - Metall - Stilrent design - Perfekt f\u00f6r hemmet - TRUUSK - Hem, Tr\u00e4dg\u00e5rd &amp; Fritid","isPartOf":{"@id":"https:\/\/truusk.store\/sv\/#website"},"primaryImageOfPage":{"@id":"https:\/\/truusk.store\/sv\/produkt\/truusk-konsolbord-sidobord-med-3-stegs-hylla-ljusbrun-spanskiva-metall-stilrent-design-perfekt-for-hemmet\/#primaryimage"},"image":{"@id":"https:\/\/truusk.store\/sv\/produkt\/truusk-konsolbord-sidobord-med-3-stegs-hylla-ljusbrun-spanskiva-metall-stilrent-design-perfekt-for-hemmet\/#primaryimage"},"thumbnailUrl":"https:\/\/i0.wp.com\/truusk.store\/wp-content\/uploads\/2025\/07\/konsolbord-sidobord-med-3-stegs-hylla-spanskiva-metall-ljusbrun-1.webp?fit=2000%2C2000&ssl=1","datePublished":"2025-07-08T03:55:26+00:00","dateModified":"2026-03-12T07:44:46+00:00","breadcrumb":{"@id":"https:\/\/truusk.store\/sv\/produkt\/truusk-konsolbord-sidobord-med-3-stegs-hylla-ljusbrun-spanskiva-metall-stilrent-design-perfekt-for-hemmet\/#breadcrumb"},"inLanguage":"sv-SE","potentialAction":[{"@type":"ReadAction","target":["https:\/\/truusk.store\/sv\/produkt\/truusk-konsolbord-sidobord-med-3-stegs-hylla-ljusbrun-spanskiva-metall-stilrent-design-perfekt-for-hemmet\/"]}]},{"@type":"ImageObject","inLanguage":"sv-SE","@id":"https:\/\/truusk.store\/sv\/produkt\/truusk-konsolbord-sidobord-med-3-stegs-hylla-ljusbrun-spanskiva-metall-stilrent-design-perfekt-for-hemmet\/#primaryimage","url":"https:\/\/i0.wp.com\/truusk.store\/wp-content\/uploads\/2025\/07\/konsolbord-sidobord-med-3-stegs-hylla-spanskiva-metall-ljusbrun-1.webp?fit=2000%2C2000&ssl=1","contentUrl":"https:\/\/i0.wp.com\/truusk.store\/wp-content\/uploads\/2025\/07\/konsolbord-sidobord-med-3-stegs-hylla-spanskiva-metall-ljusbrun-1.webp?fit=2000%2C2000&ssl=1","width":2000,"height":2000},{"@type":"BreadcrumbList","@id":"https:\/\/truusk.store\/sv\/produkt\/truusk-konsolbord-sidobord-med-3-stegs-hylla-ljusbrun-spanskiva-metall-stilrent-design-perfekt-for-hemmet\/#breadcrumb","itemListElement":[{"@type":"ListItem","position":1,"name":"Home","item":"https:\/\/truusk.store\/sv\/"},{"@type":"ListItem","position":2,"name":"Shop","item":"https:\/\/truusk.store\/shop\/"},{"@type":"ListItem","position":3,"name":"TRUUSK Konsolbord &#8211; Sidobord med 3-stegs hylla &#8211; Ljusbrun &#8211; Sp\u00e5nskiva &#8211; Metall &#8211; Stilrent design &#8211; Perfekt f\u00f6r hemmet"}]},{"@type":"WebSite","@id":"https:\/\/truusk.store\/sv\/#website","url":"https:\/\/truusk.store\/sv\/","name":"TRUUSK - Hem, Tr\u00e4dg\u00e5rd & Fritid","description":"","publisher":{"@id":"https:\/\/truusk.store\/sv\/#organization"},"potentialAction":[{"@type":"SearchAction","target":{"@type":"EntryPoint","urlTemplate":"https:\/\/truusk.store\/sv\/?s={search_term_string}"},"query-input":{"@type":"PropertyValueSpecification","valueRequired":true,"valueName":"search_term_string"}}],"inLanguage":"sv-SE"},{"@type":"Organization","@id":"https:\/\/truusk.store\/sv\/#organization","name":"TRUUSK - Hem, Tr\u00e4dg\u00e5rd & Fritid","url":"https:\/\/truusk.store\/sv\/","logo":{"@type":"ImageObject","inLanguage":"sv-SE","@id":"https:\/\/truusk.store\/sv\/#\/schema\/logo\/image\/","url":"https:\/\/i0.wp.com\/truusk.store\/wp-content\/uploads\/2026\/03\/cropped-TRUUSK.png?fit=2032%2C917&ssl=1","contentUrl":"https:\/\/i0.wp.com\/truusk.store\/wp-content\/uploads\/2026\/03\/cropped-TRUUSK.png?fit=2032%2C917&ssl=1","width":2032,"height":917,"caption":"TRUUSK - Hem, Tr\u00e4dg\u00e5rd & Fritid"},"image":{"@id":"https:\/\/truusk.store\/sv\/#\/schema\/logo\/image\/"}}]}},"jetpack_sharing_enabled":true,"_links":{"self":[{"href":"https:\/\/truusk.store\/sv\/wp-json\/wp\/v2\/product\/82118","targetHints":{"allow":["GET"]}}],"collection":[{"href":"https:\/\/truusk.store\/sv\/wp-json\/wp\/v2\/product"}],"about":[{"href":"https:\/\/truusk.store\/sv\/wp-json\/wp\/v2\/types\/product"}],"wp:featuredmedia":[{"embeddable":true,"href":"https:\/\/truusk.store\/sv\/wp-json\/wp\/v2\/media\/82109"}],"wp:attachment":[{"href":"https:\/\/truusk.store\/sv\/wp-json\/wp\/v2\/media?parent=82118"}],"wp:term":[{"taxonomy":"product_brand","embeddable":true,"href":"https:\/\/truusk.store\/sv\/wp-json\/wp\/v2\/product_brand?post=82118"},{"taxonomy":"product_cat","embeddable":true,"href":"https:\/\/truusk.store\/sv\/wp-json\/wp\/v2\/product_cat?post=82118"},{"taxonomy":"product_tag","embeddable":true,"href":"https:\/\/truusk.store\/sv\/wp-json\/wp\/v2\/product_tag?post=82118"}],"curies":[{"name":"wp","href":"https:\/\/api.w.org\/{rel}","templated":true}]}}