{"id":82138,"date":"2025-07-08T04:57:35","date_gmt":"2025-07-08T03:57:35","guid":{"rendered":"https:\/\/truusk.store\/product\/sidobord-med-oppet-fack-och-lada-nattduksbord-metallben-tra-brun\/"},"modified":"2026-03-12T08:44:54","modified_gmt":"2026-03-12T07:44:54","slug":"truusk-sidobord-med-oppet-fack-och-lada-nattduksbord-i-tra-och-metallben-brun","status":"publish","type":"product","link":"https:\/\/truusk.store\/sv\/produkt\/truusk-sidobord-med-oppet-fack-och-lada-nattduksbord-i-tra-och-metallben-brun\/","title":{"rendered":"TRUUSK Sidobord med \u00f6ppet fack och l\u00e5da &#8211; Nattduksbord i tr\u00e4 och metallben &#8211; Brun"},"content":{"rendered":"<p>Upplev den stilfulla smala sidobordet fr\u00e5n TRUUSK, som kombinerar praktisk design med modern charm. Den har en anv\u00e4ndbar l\u00e5da och ett \u00f6ppet fack, perfekt f\u00f6r att f\u00f6rvara vardagsf\u00f6rem\u00e5l. Rustika, bruna paneler p\u00e5 nattduksbordet i industriell stil och en chic svart ram ger en elegant touch till alla rum, oavsett om det \u00e4r som ett nattduksbord, sidobord eller bed\u00e5rande litet soffbord.<\/p>\n<p>Beskrivning:<\/p>\n<ul>\n<li> L\u00e5dan erbjuder st\u00e4ngd f\u00f6rvaring f\u00f6r fj\u00e4rrkontroller<\/li>\n<li> Det \u00f6ppna facket underl\u00e4ttar tillg\u00e5ngen till dina b\u00f6cker<\/li>\n<li> 25 cm smal design passar i sm\u00e5 utrymmen<\/li>\n<li> Industriell stil f\u00f6rb\u00e4ttrar heminredningen med rustik elegans<\/li>\n<li> Idealisk som sidobord eller nattduksbord<\/li>\n<li> Metallben med justerbara fotdynor garanterar stabilitet<\/li>\n<li> Anti-tip-remmen p\u00e5 soffbordet \u00f6kar s\u00e4kerheten i daglig anv\u00e4ndning<\/li>\n<li> Montering kr\u00e4vs<\/li>\n<\/ul>\n<p> Tekniska data:<\/p>\n<ul>\n<li> F\u00e4rg: Rustik Brun+ Svart<\/li>\n<li> Material: Sp\u00e5nskiva, Metall<\/li>\n<li> Totala dimensioner: 25B x 39,8T x 58,2H cm<\/li>\n<li> Inre storlek p\u00e5 l\u00e5dan: 13,1B x 28,8T x 10H cm<\/li>\n<li> Storlek p\u00e5 det \u00f6ppna facket: 20B x 38T x 31H cm<\/li>\n<li> Golvavst\u00e5nd fr\u00e5n golvet: 10 cm<\/li>\n<li> B\u00e4rkapacitet: 15 kg (totalt), 5 kg (\u00f6vre\/l\u00e5da\/fack)<\/li>\n<\/ul>\n<p>Leveransinneh\u00e5ll:<\/p>\n<ul>\n<li> 1 x Sidobord<\/li>\n<li> 1 x Bruksanvisning<\/li>\n<\/ul>\n","protected":false},"excerpt":{"rendered":"<p>Upplev den stilfulla smala sidobordet fr\u00e5n TRUUSK, som kombinerar praktisk design med modern charm. Den har en anv\u00e4ndbar l\u00e5da och&#8230;<\/p>\n","protected":false},"featured_media":82129,"template":"","meta":[],"product_brand":[],"product_cat":[871,506,897],"product_tag":[],"class_list":{"0":"post-82138","1":"product","2":"type-product","3":"status-publish","4":"has-post-thumbnail","6":"product_cat-hus-hem","7":"product_cat-nattduksbord","8":"product_cat-sovrum","10":"first","11":"instock","12":"sale","13":"taxable","14":"shipping-taxable","15":"purchasable","16":"product-type-simple"},"yoast_head":"<!-- This site is optimized with the Yoast SEO plugin v25.4 - https:\/\/yoast.com\/wordpress\/plugins\/seo\/ -->\n<title>TRUUSK Sidobord med \u00f6ppet fack och l\u00e5da - Nattduksbord i tr\u00e4 och metallben - Brun - TRUUSK - Hem, Tr\u00e4dg\u00e5rd &amp; Fritid<\/title>\n<meta name=\"robots\" content=\"index, follow, max-snippet:-1, max-image-preview:large, max-video-preview:-1\" \/>\n<link rel=\"canonical\" href=\"https:\/\/truusk.store\/sv\/produkt\/truusk-sidobord-med-oppet-fack-och-lada-nattduksbord-i-tra-och-metallben-brun\/\" \/>\n<meta property=\"og:locale\" content=\"sv_SE\" \/>\n<meta property=\"og:type\" content=\"article\" \/>\n<meta property=\"og:title\" content=\"TRUUSK Sidobord med \u00f6ppet fack och l\u00e5da - Nattduksbord i tr\u00e4 och metallben - Brun - TRUUSK - Hem, Tr\u00e4dg\u00e5rd &amp; Fritid\" \/>\n<meta property=\"og:description\" content=\"Upplev den stilfulla smala sidobordet fr\u00e5n TRUUSK, som kombinerar praktisk design med modern charm. Den har en anv\u00e4ndbar l\u00e5da och...\" \/>\n<meta property=\"og:url\" content=\"https:\/\/truusk.store\/sv\/produkt\/truusk-sidobord-med-oppet-fack-och-lada-nattduksbord-i-tra-och-metallben-brun\/\" \/>\n<meta property=\"og:site_name\" content=\"TRUUSK - Hem, Tr\u00e4dg\u00e5rd &amp; Fritid\" \/>\n<meta property=\"article:modified_time\" content=\"2026-03-12T07:44:54+00:00\" \/>\n<meta property=\"og:image\" content=\"https:\/\/i0.wp.com\/truusk.se\/wp-content\/uploads\/2025\/07\/sidobord-med-oppet-fack-och-lada-nattduksbord-metallben-tra-brun-1.webp?fit=2000%2C2000&ssl=1\" \/>\n\t<meta property=\"og:image:width\" content=\"2000\" \/>\n\t<meta property=\"og:image:height\" content=\"2000\" \/>\n\t<meta property=\"og:image:type\" content=\"image\/webp\" \/>\n<meta name=\"twitter:card\" content=\"summary_large_image\" \/>\n<meta name=\"twitter:label1\" content=\"Ber\u00e4knad l\u00e4stid\" \/>\n\t<meta name=\"twitter:data1\" content=\"1 minut\" \/>\n<!-- \/ Yoast SEO plugin. -->","yoast_head_json":{"title":"TRUUSK Sidobord med \u00f6ppet fack och l\u00e5da - Nattduksbord i tr\u00e4 och metallben - Brun - TRUUSK - Hem, Tr\u00e4dg\u00e5rd &amp; Fritid","robots":{"index":"index","follow":"follow","max-snippet":"max-snippet:-1","max-image-preview":"max-image-preview:large","max-video-preview":"max-video-preview:-1"},"canonical":"https:\/\/truusk.store\/sv\/produkt\/truusk-sidobord-med-oppet-fack-och-lada-nattduksbord-i-tra-och-metallben-brun\/","og_locale":"sv_SE","og_type":"article","og_title":"TRUUSK Sidobord med \u00f6ppet fack och l\u00e5da - Nattduksbord i tr\u00e4 och metallben - Brun - TRUUSK - Hem, Tr\u00e4dg\u00e5rd &amp; Fritid","og_description":"Upplev den stilfulla smala sidobordet fr\u00e5n TRUUSK, som kombinerar praktisk design med modern charm. Den har en anv\u00e4ndbar l\u00e5da och...","og_url":"https:\/\/truusk.store\/sv\/produkt\/truusk-sidobord-med-oppet-fack-och-lada-nattduksbord-i-tra-och-metallben-brun\/","og_site_name":"TRUUSK - Hem, Tr\u00e4dg\u00e5rd &amp; Fritid","article_modified_time":"2026-03-12T07:44:54+00:00","og_image":[{"width":2000,"height":2000,"url":"https:\/\/i0.wp.com\/truusk.se\/wp-content\/uploads\/2025\/07\/sidobord-med-oppet-fack-och-lada-nattduksbord-metallben-tra-brun-1.webp?fit=2000%2C2000&ssl=1","type":"image\/webp"}],"twitter_card":"summary_large_image","twitter_misc":{"Ber\u00e4knad l\u00e4stid":"1 minut"},"schema":{"@context":"https:\/\/schema.org","@graph":[{"@type":"WebPage","@id":"https:\/\/truusk.store\/sv\/produkt\/truusk-sidobord-med-oppet-fack-och-lada-nattduksbord-i-tra-och-metallben-brun\/","url":"https:\/\/truusk.store\/sv\/produkt\/truusk-sidobord-med-oppet-fack-och-lada-nattduksbord-i-tra-och-metallben-brun\/","name":"TRUUSK Sidobord med \u00f6ppet fack och l\u00e5da - Nattduksbord i tr\u00e4 och metallben - Brun - TRUUSK - Hem, Tr\u00e4dg\u00e5rd &amp; Fritid","isPartOf":{"@id":"https:\/\/truusk.store\/sv\/#website"},"primaryImageOfPage":{"@id":"https:\/\/truusk.store\/sv\/produkt\/truusk-sidobord-med-oppet-fack-och-lada-nattduksbord-i-tra-och-metallben-brun\/#primaryimage"},"image":{"@id":"https:\/\/truusk.store\/sv\/produkt\/truusk-sidobord-med-oppet-fack-och-lada-nattduksbord-i-tra-och-metallben-brun\/#primaryimage"},"thumbnailUrl":"https:\/\/i0.wp.com\/truusk.store\/wp-content\/uploads\/2025\/07\/sidobord-med-oppet-fack-och-lada-nattduksbord-metallben-tra-brun-1.webp?fit=2000%2C2000&ssl=1","datePublished":"2025-07-08T03:57:35+00:00","dateModified":"2026-03-12T07:44:54+00:00","breadcrumb":{"@id":"https:\/\/truusk.store\/sv\/produkt\/truusk-sidobord-med-oppet-fack-och-lada-nattduksbord-i-tra-och-metallben-brun\/#breadcrumb"},"inLanguage":"sv-SE","potentialAction":[{"@type":"ReadAction","target":["https:\/\/truusk.store\/sv\/produkt\/truusk-sidobord-med-oppet-fack-och-lada-nattduksbord-i-tra-och-metallben-brun\/"]}]},{"@type":"ImageObject","inLanguage":"sv-SE","@id":"https:\/\/truusk.store\/sv\/produkt\/truusk-sidobord-med-oppet-fack-och-lada-nattduksbord-i-tra-och-metallben-brun\/#primaryimage","url":"https:\/\/i0.wp.com\/truusk.store\/wp-content\/uploads\/2025\/07\/sidobord-med-oppet-fack-och-lada-nattduksbord-metallben-tra-brun-1.webp?fit=2000%2C2000&ssl=1","contentUrl":"https:\/\/i0.wp.com\/truusk.store\/wp-content\/uploads\/2025\/07\/sidobord-med-oppet-fack-och-lada-nattduksbord-metallben-tra-brun-1.webp?fit=2000%2C2000&ssl=1","width":2000,"height":2000},{"@type":"BreadcrumbList","@id":"https:\/\/truusk.store\/sv\/produkt\/truusk-sidobord-med-oppet-fack-och-lada-nattduksbord-i-tra-och-metallben-brun\/#breadcrumb","itemListElement":[{"@type":"ListItem","position":1,"name":"Home","item":"https:\/\/truusk.store\/sv\/"},{"@type":"ListItem","position":2,"name":"Shop","item":"https:\/\/truusk.store\/shop\/"},{"@type":"ListItem","position":3,"name":"TRUUSK Sidobord med \u00f6ppet fack och l\u00e5da &#8211; Nattduksbord i tr\u00e4 och metallben &#8211; Brun"}]},{"@type":"WebSite","@id":"https:\/\/truusk.store\/sv\/#website","url":"https:\/\/truusk.store\/sv\/","name":"TRUUSK - Hem, Tr\u00e4dg\u00e5rd & Fritid","description":"","publisher":{"@id":"https:\/\/truusk.store\/sv\/#organization"},"potentialAction":[{"@type":"SearchAction","target":{"@type":"EntryPoint","urlTemplate":"https:\/\/truusk.store\/sv\/?s={search_term_string}"},"query-input":{"@type":"PropertyValueSpecification","valueRequired":true,"valueName":"search_term_string"}}],"inLanguage":"sv-SE"},{"@type":"Organization","@id":"https:\/\/truusk.store\/sv\/#organization","name":"TRUUSK - Hem, Tr\u00e4dg\u00e5rd & Fritid","url":"https:\/\/truusk.store\/sv\/","logo":{"@type":"ImageObject","inLanguage":"sv-SE","@id":"https:\/\/truusk.store\/sv\/#\/schema\/logo\/image\/","url":"https:\/\/i0.wp.com\/truusk.store\/wp-content\/uploads\/2026\/03\/cropped-TRUUSK.png?fit=2032%2C917&ssl=1","contentUrl":"https:\/\/i0.wp.com\/truusk.store\/wp-content\/uploads\/2026\/03\/cropped-TRUUSK.png?fit=2032%2C917&ssl=1","width":2032,"height":917,"caption":"TRUUSK - Hem, Tr\u00e4dg\u00e5rd & Fritid"},"image":{"@id":"https:\/\/truusk.store\/sv\/#\/schema\/logo\/image\/"}}]}},"jetpack_sharing_enabled":true,"_links":{"self":[{"href":"https:\/\/truusk.store\/sv\/wp-json\/wp\/v2\/product\/82138","targetHints":{"allow":["GET"]}}],"collection":[{"href":"https:\/\/truusk.store\/sv\/wp-json\/wp\/v2\/product"}],"about":[{"href":"https:\/\/truusk.store\/sv\/wp-json\/wp\/v2\/types\/product"}],"wp:featuredmedia":[{"embeddable":true,"href":"https:\/\/truusk.store\/sv\/wp-json\/wp\/v2\/media\/82129"}],"wp:attachment":[{"href":"https:\/\/truusk.store\/sv\/wp-json\/wp\/v2\/media?parent=82138"}],"wp:term":[{"taxonomy":"product_brand","embeddable":true,"href":"https:\/\/truusk.store\/sv\/wp-json\/wp\/v2\/product_brand?post=82138"},{"taxonomy":"product_cat","embeddable":true,"href":"https:\/\/truusk.store\/sv\/wp-json\/wp\/v2\/product_cat?post=82138"},{"taxonomy":"product_tag","embeddable":true,"href":"https:\/\/truusk.store\/sv\/wp-json\/wp\/v2\/product_tag?post=82138"}],"curies":[{"name":"wp","href":"https:\/\/api.w.org\/{rel}","templated":true}]}}