{"id":82148,"date":"2025-07-08T04:58:29","date_gmt":"2025-07-08T03:58:29","guid":{"rendered":"https:\/\/truusk.store\/product\/5-stegs-koksvagn-trautseende-rullbar-metallram-4-lador-vit\/"},"modified":"2026-03-12T08:44:56","modified_gmt":"2026-03-12T07:44:56","slug":"truusk-koksvagn-i-trautseende-rullbar-design-med-metallram-5-stegs-4-lador-vit","status":"publish","type":"product","link":"https:\/\/truusk.store\/sv\/produkt\/truusk-koksvagn-i-trautseende-rullbar-design-med-metallram-5-stegs-4-lador-vit\/","title":{"rendered":"TRUUSK K\u00f6ksvagn i Tr\u00e4utseende &#8211; Rullbar design med Metallram &#8211; 5-stegs &#8211; 4 L\u00e5dor &#8211; Vit"},"content":{"rendered":"<p>Platsbesparande och \u00e4nd\u00e5 ett utrymmesunder? K\u00f6ksvagnen fr\u00e5n TRUUSK \u00e4r den perfekta l\u00f6sningen. Med en elegant yta i tr\u00e4look och fyra luftiga l\u00e5dor, skapar den ordning &#8211; fr\u00e5n gr\u00f6nsaker till reng\u00f6ringsmedel. Med bara 24 cm djup glider den enkelt in i smala nischer. De smidiga hjulen (tv\u00e5 med l\u00e5s) g\u00f6r den mobil. Tack vare den robusta metallramen \u00e4r TRUUSK hantverksvagnen idealisk f\u00f6r k\u00f6k, badrum eller f\u00f6rr\u00e5d.<\/p>\n<p>Beskrivning:<\/p>\n<ul>\n<li> 5-stegs design av serveringsvagnen med yta och fyra utdragbara l\u00e5dor f\u00f6r organiserat f\u00f6rvaringsutrymme<\/li>\n<li> Ih\u00e5liga l\u00e5dor botten till\u00e5ter luftcirkulation &#8211; idealiskt f\u00f6r frukt, gr\u00f6nsaker eller badrumsartiklar<\/li>\n<li> Slim profil med bara 24 cm djup f\u00f6r tr\u00e5nga utrymmen och smala luckor<\/li>\n<li> Ytan i tr\u00e4look ger varje rum en varm och stilfull touch<\/li>\n<li> Fyra smidiga hjul f\u00f6r enkel mobilitet i ditt hem<\/li>\n<li> Tv\u00e5 l\u00e5sbara hjul p\u00e5 k\u00f6ksvagnen h\u00e5ller vagnen s\u00e4kert p\u00e5 plats vid behov<\/li>\n<li> Robust, pulverlackerad metallram ger p\u00e5litligt st\u00f6d f\u00f6r daglig anv\u00e4ndning<\/li>\n<li> Montering kr\u00e4vs<\/li>\n<\/ul>\n<p> Tekniska data:<\/p>\n<ul>\n<li> F\u00e4rg: Vit+Eken<\/li>\n<li> Material: Metall, Plast, Sp\u00e5nskiva<\/li>\n<li> Totala dimensioner: 39,5B x 24T x 82H cm<\/li>\n<li> Varje l\u00e5dstorlek: 39,5B x 19,5T x 6,5H cm<\/li>\n<li> B\u00e4rkapacitet: 10 kg (totalt), 2 kg (\u00f6verst\/l\u00e5da)<\/li>\n<\/ul>\n<p>Leveransinneh\u00e5ll:<\/p>\n<ul>\n<li> 1 x F\u00f6rvaringsvagn<\/li>\n<li> 1 x Handbok<\/li>\n<\/ul>\n","protected":false},"excerpt":{"rendered":"<p>Platsbesparande och \u00e4nd\u00e5 ett utrymmesunder? K\u00f6ksvagnen fr\u00e5n TRUUSK \u00e4r den perfekta l\u00f6sningen. Med en elegant yta i tr\u00e4look och fyra&#8230;<\/p>\n","protected":false},"featured_media":82139,"template":"","meta":[],"product_brand":[],"product_cat":[871,889,503],"product_tag":[],"class_list":{"0":"post-82148","1":"product","2":"type-product","3":"status-publish","4":"has-post-thumbnail","6":"product_cat-hus-hem","7":"product_cat-kok-matsal","8":"product_cat-serveringsvagn","10":"first","11":"instock","12":"sale","13":"taxable","14":"shipping-taxable","15":"purchasable","16":"product-type-simple"},"yoast_head":"<!-- This site is optimized with the Yoast SEO plugin v25.4 - https:\/\/yoast.com\/wordpress\/plugins\/seo\/ -->\n<title>TRUUSK K\u00f6ksvagn i Tr\u00e4utseende - Rullbar design med Metallram - 5-stegs - 4 L\u00e5dor - Vit - TRUUSK - Hem, Tr\u00e4dg\u00e5rd &amp; Fritid<\/title>\n<meta name=\"robots\" content=\"index, follow, max-snippet:-1, max-image-preview:large, max-video-preview:-1\" \/>\n<link rel=\"canonical\" href=\"https:\/\/truusk.store\/sv\/produkt\/truusk-koksvagn-i-trautseende-rullbar-design-med-metallram-5-stegs-4-lador-vit\/\" \/>\n<meta property=\"og:locale\" content=\"sv_SE\" \/>\n<meta property=\"og:type\" content=\"article\" \/>\n<meta property=\"og:title\" content=\"TRUUSK K\u00f6ksvagn i Tr\u00e4utseende - Rullbar design med Metallram - 5-stegs - 4 L\u00e5dor - Vit - TRUUSK - Hem, Tr\u00e4dg\u00e5rd &amp; Fritid\" \/>\n<meta property=\"og:description\" content=\"Platsbesparande och \u00e4nd\u00e5 ett utrymmesunder? K\u00f6ksvagnen fr\u00e5n TRUUSK \u00e4r den perfekta l\u00f6sningen. Med en elegant yta i tr\u00e4look och fyra...\" \/>\n<meta property=\"og:url\" content=\"https:\/\/truusk.store\/sv\/produkt\/truusk-koksvagn-i-trautseende-rullbar-design-med-metallram-5-stegs-4-lador-vit\/\" \/>\n<meta property=\"og:site_name\" content=\"TRUUSK - Hem, Tr\u00e4dg\u00e5rd &amp; Fritid\" \/>\n<meta property=\"article:modified_time\" content=\"2026-03-12T07:44:56+00:00\" \/>\n<meta property=\"og:image\" content=\"https:\/\/i0.wp.com\/truusk.se\/wp-content\/uploads\/2025\/07\/5-stegs-koksvagn-trautseende-rullbar-metallram-4-lador-vit-1.webp?fit=2000%2C2000&ssl=1\" \/>\n\t<meta property=\"og:image:width\" content=\"2000\" \/>\n\t<meta property=\"og:image:height\" content=\"2000\" \/>\n\t<meta property=\"og:image:type\" content=\"image\/webp\" \/>\n<meta name=\"twitter:card\" content=\"summary_large_image\" \/>\n<meta name=\"twitter:label1\" content=\"Ber\u00e4knad l\u00e4stid\" \/>\n\t<meta name=\"twitter:data1\" content=\"1 minut\" \/>\n<!-- \/ Yoast SEO plugin. -->","yoast_head_json":{"title":"TRUUSK K\u00f6ksvagn i Tr\u00e4utseende - Rullbar design med Metallram - 5-stegs - 4 L\u00e5dor - Vit - TRUUSK - Hem, Tr\u00e4dg\u00e5rd &amp; Fritid","robots":{"index":"index","follow":"follow","max-snippet":"max-snippet:-1","max-image-preview":"max-image-preview:large","max-video-preview":"max-video-preview:-1"},"canonical":"https:\/\/truusk.store\/sv\/produkt\/truusk-koksvagn-i-trautseende-rullbar-design-med-metallram-5-stegs-4-lador-vit\/","og_locale":"sv_SE","og_type":"article","og_title":"TRUUSK K\u00f6ksvagn i Tr\u00e4utseende - Rullbar design med Metallram - 5-stegs - 4 L\u00e5dor - Vit - TRUUSK - Hem, Tr\u00e4dg\u00e5rd &amp; Fritid","og_description":"Platsbesparande och \u00e4nd\u00e5 ett utrymmesunder? K\u00f6ksvagnen fr\u00e5n TRUUSK \u00e4r den perfekta l\u00f6sningen. Med en elegant yta i tr\u00e4look och fyra...","og_url":"https:\/\/truusk.store\/sv\/produkt\/truusk-koksvagn-i-trautseende-rullbar-design-med-metallram-5-stegs-4-lador-vit\/","og_site_name":"TRUUSK - Hem, Tr\u00e4dg\u00e5rd &amp; Fritid","article_modified_time":"2026-03-12T07:44:56+00:00","og_image":[{"width":2000,"height":2000,"url":"https:\/\/i0.wp.com\/truusk.se\/wp-content\/uploads\/2025\/07\/5-stegs-koksvagn-trautseende-rullbar-metallram-4-lador-vit-1.webp?fit=2000%2C2000&ssl=1","type":"image\/webp"}],"twitter_card":"summary_large_image","twitter_misc":{"Ber\u00e4knad l\u00e4stid":"1 minut"},"schema":{"@context":"https:\/\/schema.org","@graph":[{"@type":"WebPage","@id":"https:\/\/truusk.store\/sv\/produkt\/truusk-koksvagn-i-trautseende-rullbar-design-med-metallram-5-stegs-4-lador-vit\/","url":"https:\/\/truusk.store\/sv\/produkt\/truusk-koksvagn-i-trautseende-rullbar-design-med-metallram-5-stegs-4-lador-vit\/","name":"TRUUSK K\u00f6ksvagn i Tr\u00e4utseende - Rullbar design med Metallram - 5-stegs - 4 L\u00e5dor - Vit - TRUUSK - Hem, Tr\u00e4dg\u00e5rd &amp; Fritid","isPartOf":{"@id":"https:\/\/truusk.store\/sv\/#website"},"primaryImageOfPage":{"@id":"https:\/\/truusk.store\/sv\/produkt\/truusk-koksvagn-i-trautseende-rullbar-design-med-metallram-5-stegs-4-lador-vit\/#primaryimage"},"image":{"@id":"https:\/\/truusk.store\/sv\/produkt\/truusk-koksvagn-i-trautseende-rullbar-design-med-metallram-5-stegs-4-lador-vit\/#primaryimage"},"thumbnailUrl":"https:\/\/i0.wp.com\/truusk.store\/wp-content\/uploads\/2025\/07\/5-stegs-koksvagn-trautseende-rullbar-metallram-4-lador-vit-1.webp?fit=2000%2C2000&ssl=1","datePublished":"2025-07-08T03:58:29+00:00","dateModified":"2026-03-12T07:44:56+00:00","breadcrumb":{"@id":"https:\/\/truusk.store\/sv\/produkt\/truusk-koksvagn-i-trautseende-rullbar-design-med-metallram-5-stegs-4-lador-vit\/#breadcrumb"},"inLanguage":"sv-SE","potentialAction":[{"@type":"ReadAction","target":["https:\/\/truusk.store\/sv\/produkt\/truusk-koksvagn-i-trautseende-rullbar-design-med-metallram-5-stegs-4-lador-vit\/"]}]},{"@type":"ImageObject","inLanguage":"sv-SE","@id":"https:\/\/truusk.store\/sv\/produkt\/truusk-koksvagn-i-trautseende-rullbar-design-med-metallram-5-stegs-4-lador-vit\/#primaryimage","url":"https:\/\/i0.wp.com\/truusk.store\/wp-content\/uploads\/2025\/07\/5-stegs-koksvagn-trautseende-rullbar-metallram-4-lador-vit-1.webp?fit=2000%2C2000&ssl=1","contentUrl":"https:\/\/i0.wp.com\/truusk.store\/wp-content\/uploads\/2025\/07\/5-stegs-koksvagn-trautseende-rullbar-metallram-4-lador-vit-1.webp?fit=2000%2C2000&ssl=1","width":2000,"height":2000},{"@type":"BreadcrumbList","@id":"https:\/\/truusk.store\/sv\/produkt\/truusk-koksvagn-i-trautseende-rullbar-design-med-metallram-5-stegs-4-lador-vit\/#breadcrumb","itemListElement":[{"@type":"ListItem","position":1,"name":"Home","item":"https:\/\/truusk.store\/sv\/"},{"@type":"ListItem","position":2,"name":"Shop","item":"https:\/\/truusk.store\/shop\/"},{"@type":"ListItem","position":3,"name":"TRUUSK K\u00f6ksvagn i Tr\u00e4utseende &#8211; Rullbar design med Metallram &#8211; 5-stegs &#8211; 4 L\u00e5dor &#8211; Vit"}]},{"@type":"WebSite","@id":"https:\/\/truusk.store\/sv\/#website","url":"https:\/\/truusk.store\/sv\/","name":"TRUUSK - Hem, Tr\u00e4dg\u00e5rd & Fritid","description":"","publisher":{"@id":"https:\/\/truusk.store\/sv\/#organization"},"potentialAction":[{"@type":"SearchAction","target":{"@type":"EntryPoint","urlTemplate":"https:\/\/truusk.store\/sv\/?s={search_term_string}"},"query-input":{"@type":"PropertyValueSpecification","valueRequired":true,"valueName":"search_term_string"}}],"inLanguage":"sv-SE"},{"@type":"Organization","@id":"https:\/\/truusk.store\/sv\/#organization","name":"TRUUSK - Hem, Tr\u00e4dg\u00e5rd & Fritid","url":"https:\/\/truusk.store\/sv\/","logo":{"@type":"ImageObject","inLanguage":"sv-SE","@id":"https:\/\/truusk.store\/sv\/#\/schema\/logo\/image\/","url":"https:\/\/i0.wp.com\/truusk.store\/wp-content\/uploads\/2026\/03\/cropped-TRUUSK.png?fit=2032%2C917&ssl=1","contentUrl":"https:\/\/i0.wp.com\/truusk.store\/wp-content\/uploads\/2026\/03\/cropped-TRUUSK.png?fit=2032%2C917&ssl=1","width":2032,"height":917,"caption":"TRUUSK - Hem, Tr\u00e4dg\u00e5rd & Fritid"},"image":{"@id":"https:\/\/truusk.store\/sv\/#\/schema\/logo\/image\/"}}]}},"jetpack_sharing_enabled":true,"_links":{"self":[{"href":"https:\/\/truusk.store\/sv\/wp-json\/wp\/v2\/product\/82148","targetHints":{"allow":["GET"]}}],"collection":[{"href":"https:\/\/truusk.store\/sv\/wp-json\/wp\/v2\/product"}],"about":[{"href":"https:\/\/truusk.store\/sv\/wp-json\/wp\/v2\/types\/product"}],"wp:featuredmedia":[{"embeddable":true,"href":"https:\/\/truusk.store\/sv\/wp-json\/wp\/v2\/media\/82139"}],"wp:attachment":[{"href":"https:\/\/truusk.store\/sv\/wp-json\/wp\/v2\/media?parent=82148"}],"wp:term":[{"taxonomy":"product_brand","embeddable":true,"href":"https:\/\/truusk.store\/sv\/wp-json\/wp\/v2\/product_brand?post=82148"},{"taxonomy":"product_cat","embeddable":true,"href":"https:\/\/truusk.store\/sv\/wp-json\/wp\/v2\/product_cat?post=82148"},{"taxonomy":"product_tag","embeddable":true,"href":"https:\/\/truusk.store\/sv\/wp-json\/wp\/v2\/product_tag?post=82148"}],"curies":[{"name":"wp","href":"https:\/\/api.w.org\/{rel}","templated":true}]}}