{"id":82158,"date":"2025-07-08T04:59:23","date_gmt":"2025-07-08T03:59:23","guid":{"rendered":"https:\/\/truusk.store\/product\/soffbord-i-2-pack-marmorutseende-spanskiva-metall-runda-kaffebord-for-vardagsrum-stapelbara-vit\/"},"modified":"2026-03-12T08:45:15","modified_gmt":"2026-03-12T07:45:15","slug":"truusk-soffbord-i-2-pack-marmorutseende-spanskiva-och-metall-runda-kaffebord-stapelbara-vit-for-vardagsrum","status":"publish","type":"product","link":"https:\/\/truusk.store\/sv\/produkt\/truusk-soffbord-i-2-pack-marmorutseende-spanskiva-och-metall-runda-kaffebord-stapelbara-vit-for-vardagsrum\/","title":{"rendered":"TRUUSK Soffbord i 2-pack &#8211; Marmorutseende &#8211; Sp\u00e5nskiva och Metall &#8211; Runda Kaffebord &#8211; Stapelbara &#8211; Vit &#8211; F\u00f6r Vardagsrum"},"content":{"rendered":"<p>Du kan stapla de runda borden i detta soffbordssats f\u00f6r att spara utrymme, eller sprida ut dem och anv\u00e4nda dem separat f\u00f6r att ut\u00f6ka deras funktion. Marmorytan p\u00e5 satsbordet ger elegans och stabilitet, s\u00e5 att ditt hem alltid \u00e4r inbjudande och redo f\u00f6r alla tillf\u00e4llen.<\/p>\n<p>Beskrivning:<\/p>\n<ul>\n<li> Designen p\u00e5 bordssatsen sparar utrymme och h\u00e5ller ditt vardagsrum prydligt<\/li>\n<li> Moderna marmorliknande ytor ger varje rum en stilfull touch<\/li>\n<li> Sp\u00e5nskiva och metallram garanterar p\u00e5litlig daglig anv\u00e4ndning<\/li>\n<li> Justerbara fotdynor h\u00e5ller de runda soffborden stabila p\u00e5 alla golv<\/li>\n<li> Kan anv\u00e4ndas som sammanl\u00e4nkade soffbord eller separat, f\u00f6r flexibel funktionalitet<\/li>\n<li> Melaminbelagd yta p\u00e5 vardagsrumsbordet \u00e4r rept\u00e5lig och l\u00e4tt att reng\u00f6ra<\/li>\n<li> Enkel montering med tydliga instruktioner<\/li>\n<\/ul>\n<p> Tekniska specifikationer:<\/p>\n<ul>\n<li> F\u00e4rg: Vit<\/li>\n<li> Material: Sp\u00e5nskiva, Metall<\/li>\n<li> Storlek p\u00e5 stort bord: \u00d870 x 46,5H cm<\/li>\n<li> Storlek p\u00e5 litet bord: \u00d844,5 x 39H cm<\/li>\n<li> Maximal belastning: 10 kg (stort bord), 10 kg (litet bord)<\/li>\n<\/ul>\n<p>Leverans inneh\u00e5ller:<\/p>\n<ul>\n<li> 2 x soffbord<\/li>\n<li> 1 x bruksanvisning<\/li>\n<\/ul>\n","protected":false},"excerpt":{"rendered":"<p>Du kan stapla de runda borden i detta soffbordssats f\u00f6r att spara utrymme, eller sprida ut dem och anv\u00e4nda dem&#8230;<\/p>\n","protected":false},"featured_media":82149,"template":"","meta":[],"product_brand":[],"product_cat":[871,957,910],"product_tag":[],"class_list":{"0":"post-82158","1":"product","2":"type-product","3":"status-publish","4":"has-post-thumbnail","6":"product_cat-hus-hem","7":"product_cat-sidobord","8":"product_cat-vardagsrum","10":"first","11":"instock","12":"sale","13":"taxable","14":"shipping-taxable","15":"purchasable","16":"product-type-simple"},"yoast_head":"<!-- This site is optimized with the Yoast SEO plugin v25.4 - https:\/\/yoast.com\/wordpress\/plugins\/seo\/ -->\n<title>TRUUSK Soffbord i 2-pack - Marmorutseende - Sp\u00e5nskiva och Metall - Runda Kaffebord - Stapelbara - Vit - F\u00f6r Vardagsrum - TRUUSK - Hem, Tr\u00e4dg\u00e5rd &amp; Fritid<\/title>\n<meta name=\"robots\" content=\"index, follow, max-snippet:-1, max-image-preview:large, max-video-preview:-1\" \/>\n<link rel=\"canonical\" href=\"https:\/\/truusk.store\/sv\/produkt\/truusk-soffbord-i-2-pack-marmorutseende-spanskiva-och-metall-runda-kaffebord-stapelbara-vit-for-vardagsrum\/\" \/>\n<meta property=\"og:locale\" content=\"sv_SE\" \/>\n<meta property=\"og:type\" content=\"article\" \/>\n<meta property=\"og:title\" content=\"TRUUSK Soffbord i 2-pack - Marmorutseende - Sp\u00e5nskiva och Metall - Runda Kaffebord - Stapelbara - Vit - F\u00f6r Vardagsrum - TRUUSK - Hem, Tr\u00e4dg\u00e5rd &amp; Fritid\" \/>\n<meta property=\"og:description\" content=\"Du kan stapla de runda borden i detta soffbordssats f\u00f6r att spara utrymme, eller sprida ut dem och anv\u00e4nda dem...\" \/>\n<meta property=\"og:url\" content=\"https:\/\/truusk.store\/sv\/produkt\/truusk-soffbord-i-2-pack-marmorutseende-spanskiva-och-metall-runda-kaffebord-stapelbara-vit-for-vardagsrum\/\" \/>\n<meta property=\"og:site_name\" content=\"TRUUSK - Hem, Tr\u00e4dg\u00e5rd &amp; Fritid\" \/>\n<meta property=\"article:modified_time\" content=\"2026-03-12T07:45:15+00:00\" \/>\n<meta property=\"og:image\" content=\"https:\/\/i0.wp.com\/truusk.se\/wp-content\/uploads\/2025\/07\/soffbord-i-2-pack-marmorutseende-spanskiva-metall-runda-kaffebord-for-vardagsrum-stapelbara-vit-1.webp?fit=2000%2C2000&ssl=1\" \/>\n\t<meta property=\"og:image:width\" content=\"2000\" \/>\n\t<meta property=\"og:image:height\" content=\"2000\" \/>\n\t<meta property=\"og:image:type\" content=\"image\/webp\" \/>\n<meta name=\"twitter:card\" content=\"summary_large_image\" \/>\n<meta name=\"twitter:label1\" content=\"Ber\u00e4knad l\u00e4stid\" \/>\n\t<meta name=\"twitter:data1\" content=\"1 minut\" \/>\n<!-- \/ Yoast SEO plugin. -->","yoast_head_json":{"title":"TRUUSK Soffbord i 2-pack - Marmorutseende - Sp\u00e5nskiva och Metall - Runda Kaffebord - Stapelbara - Vit - F\u00f6r Vardagsrum - TRUUSK - Hem, Tr\u00e4dg\u00e5rd &amp; Fritid","robots":{"index":"index","follow":"follow","max-snippet":"max-snippet:-1","max-image-preview":"max-image-preview:large","max-video-preview":"max-video-preview:-1"},"canonical":"https:\/\/truusk.store\/sv\/produkt\/truusk-soffbord-i-2-pack-marmorutseende-spanskiva-och-metall-runda-kaffebord-stapelbara-vit-for-vardagsrum\/","og_locale":"sv_SE","og_type":"article","og_title":"TRUUSK Soffbord i 2-pack - Marmorutseende - Sp\u00e5nskiva och Metall - Runda Kaffebord - Stapelbara - Vit - F\u00f6r Vardagsrum - TRUUSK - Hem, Tr\u00e4dg\u00e5rd &amp; Fritid","og_description":"Du kan stapla de runda borden i detta soffbordssats f\u00f6r att spara utrymme, eller sprida ut dem och anv\u00e4nda dem...","og_url":"https:\/\/truusk.store\/sv\/produkt\/truusk-soffbord-i-2-pack-marmorutseende-spanskiva-och-metall-runda-kaffebord-stapelbara-vit-for-vardagsrum\/","og_site_name":"TRUUSK - Hem, Tr\u00e4dg\u00e5rd &amp; Fritid","article_modified_time":"2026-03-12T07:45:15+00:00","og_image":[{"width":2000,"height":2000,"url":"https:\/\/i0.wp.com\/truusk.se\/wp-content\/uploads\/2025\/07\/soffbord-i-2-pack-marmorutseende-spanskiva-metall-runda-kaffebord-for-vardagsrum-stapelbara-vit-1.webp?fit=2000%2C2000&ssl=1","type":"image\/webp"}],"twitter_card":"summary_large_image","twitter_misc":{"Ber\u00e4knad l\u00e4stid":"1 minut"},"schema":{"@context":"https:\/\/schema.org","@graph":[{"@type":"WebPage","@id":"https:\/\/truusk.store\/sv\/produkt\/truusk-soffbord-i-2-pack-marmorutseende-spanskiva-och-metall-runda-kaffebord-stapelbara-vit-for-vardagsrum\/","url":"https:\/\/truusk.store\/sv\/produkt\/truusk-soffbord-i-2-pack-marmorutseende-spanskiva-och-metall-runda-kaffebord-stapelbara-vit-for-vardagsrum\/","name":"TRUUSK Soffbord i 2-pack - Marmorutseende - Sp\u00e5nskiva och Metall - Runda Kaffebord - Stapelbara - Vit - F\u00f6r Vardagsrum - TRUUSK - Hem, Tr\u00e4dg\u00e5rd &amp; Fritid","isPartOf":{"@id":"https:\/\/truusk.store\/sv\/#website"},"primaryImageOfPage":{"@id":"https:\/\/truusk.store\/sv\/produkt\/truusk-soffbord-i-2-pack-marmorutseende-spanskiva-och-metall-runda-kaffebord-stapelbara-vit-for-vardagsrum\/#primaryimage"},"image":{"@id":"https:\/\/truusk.store\/sv\/produkt\/truusk-soffbord-i-2-pack-marmorutseende-spanskiva-och-metall-runda-kaffebord-stapelbara-vit-for-vardagsrum\/#primaryimage"},"thumbnailUrl":"https:\/\/i0.wp.com\/truusk.store\/wp-content\/uploads\/2025\/07\/soffbord-i-2-pack-marmorutseende-spanskiva-metall-runda-kaffebord-for-vardagsrum-stapelbara-vit-1.webp?fit=2000%2C2000&ssl=1","datePublished":"2025-07-08T03:59:23+00:00","dateModified":"2026-03-12T07:45:15+00:00","breadcrumb":{"@id":"https:\/\/truusk.store\/sv\/produkt\/truusk-soffbord-i-2-pack-marmorutseende-spanskiva-och-metall-runda-kaffebord-stapelbara-vit-for-vardagsrum\/#breadcrumb"},"inLanguage":"sv-SE","potentialAction":[{"@type":"ReadAction","target":["https:\/\/truusk.store\/sv\/produkt\/truusk-soffbord-i-2-pack-marmorutseende-spanskiva-och-metall-runda-kaffebord-stapelbara-vit-for-vardagsrum\/"]}]},{"@type":"ImageObject","inLanguage":"sv-SE","@id":"https:\/\/truusk.store\/sv\/produkt\/truusk-soffbord-i-2-pack-marmorutseende-spanskiva-och-metall-runda-kaffebord-stapelbara-vit-for-vardagsrum\/#primaryimage","url":"https:\/\/i0.wp.com\/truusk.store\/wp-content\/uploads\/2025\/07\/soffbord-i-2-pack-marmorutseende-spanskiva-metall-runda-kaffebord-for-vardagsrum-stapelbara-vit-1.webp?fit=2000%2C2000&ssl=1","contentUrl":"https:\/\/i0.wp.com\/truusk.store\/wp-content\/uploads\/2025\/07\/soffbord-i-2-pack-marmorutseende-spanskiva-metall-runda-kaffebord-for-vardagsrum-stapelbara-vit-1.webp?fit=2000%2C2000&ssl=1","width":2000,"height":2000},{"@type":"BreadcrumbList","@id":"https:\/\/truusk.store\/sv\/produkt\/truusk-soffbord-i-2-pack-marmorutseende-spanskiva-och-metall-runda-kaffebord-stapelbara-vit-for-vardagsrum\/#breadcrumb","itemListElement":[{"@type":"ListItem","position":1,"name":"Home","item":"https:\/\/truusk.store\/sv\/"},{"@type":"ListItem","position":2,"name":"Shop","item":"https:\/\/truusk.store\/shop\/"},{"@type":"ListItem","position":3,"name":"TRUUSK Soffbord i 2-pack &#8211; Marmorutseende &#8211; Sp\u00e5nskiva och Metall &#8211; Runda Kaffebord &#8211; Stapelbara &#8211; Vit &#8211; F\u00f6r Vardagsrum"}]},{"@type":"WebSite","@id":"https:\/\/truusk.store\/sv\/#website","url":"https:\/\/truusk.store\/sv\/","name":"TRUUSK - Hem, Tr\u00e4dg\u00e5rd & Fritid","description":"","publisher":{"@id":"https:\/\/truusk.store\/sv\/#organization"},"potentialAction":[{"@type":"SearchAction","target":{"@type":"EntryPoint","urlTemplate":"https:\/\/truusk.store\/sv\/?s={search_term_string}"},"query-input":{"@type":"PropertyValueSpecification","valueRequired":true,"valueName":"search_term_string"}}],"inLanguage":"sv-SE"},{"@type":"Organization","@id":"https:\/\/truusk.store\/sv\/#organization","name":"TRUUSK - Hem, Tr\u00e4dg\u00e5rd & Fritid","url":"https:\/\/truusk.store\/sv\/","logo":{"@type":"ImageObject","inLanguage":"sv-SE","@id":"https:\/\/truusk.store\/sv\/#\/schema\/logo\/image\/","url":"https:\/\/i0.wp.com\/truusk.store\/wp-content\/uploads\/2026\/03\/cropped-TRUUSK.png?fit=2032%2C917&ssl=1","contentUrl":"https:\/\/i0.wp.com\/truusk.store\/wp-content\/uploads\/2026\/03\/cropped-TRUUSK.png?fit=2032%2C917&ssl=1","width":2032,"height":917,"caption":"TRUUSK - Hem, Tr\u00e4dg\u00e5rd & Fritid"},"image":{"@id":"https:\/\/truusk.store\/sv\/#\/schema\/logo\/image\/"}}]}},"jetpack_sharing_enabled":true,"_links":{"self":[{"href":"https:\/\/truusk.store\/sv\/wp-json\/wp\/v2\/product\/82158","targetHints":{"allow":["GET"]}}],"collection":[{"href":"https:\/\/truusk.store\/sv\/wp-json\/wp\/v2\/product"}],"about":[{"href":"https:\/\/truusk.store\/sv\/wp-json\/wp\/v2\/types\/product"}],"wp:featuredmedia":[{"embeddable":true,"href":"https:\/\/truusk.store\/sv\/wp-json\/wp\/v2\/media\/82149"}],"wp:attachment":[{"href":"https:\/\/truusk.store\/sv\/wp-json\/wp\/v2\/media?parent=82158"}],"wp:term":[{"taxonomy":"product_brand","embeddable":true,"href":"https:\/\/truusk.store\/sv\/wp-json\/wp\/v2\/product_brand?post=82158"},{"taxonomy":"product_cat","embeddable":true,"href":"https:\/\/truusk.store\/sv\/wp-json\/wp\/v2\/product_cat?post=82158"},{"taxonomy":"product_tag","embeddable":true,"href":"https:\/\/truusk.store\/sv\/wp-json\/wp\/v2\/product_tag?post=82158"}],"curies":[{"name":"wp","href":"https:\/\/api.w.org\/{rel}","templated":true}]}}